{"id":6853,"date":"2025-03-26T09:45:27","date_gmt":"2025-03-26T09:45:27","guid":{"rendered":"https:\/\/lottomat.net\/lotto-spielen\/deutsches-lotto-spielen\/"},"modified":"2025-04-07T07:28:23","modified_gmt":"2025-04-07T07:28:23","slug":"lotto-6aus49","status":"publish","type":"page","link":"https:\/\/lottomat.com\/de\/spielen\/lotto-6aus49\/","title":{"rendered":"Deutsches Lotto spielen"},"content":{"rendered":"\n\n<div class=\"kk-star-ratings kksr-auto kksr-align-left kksr-valign-top\"\n    data-payload='{&quot;align&quot;:&quot;left&quot;,&quot;id&quot;:&quot;6853&quot;,&quot;slug&quot;:&quot;default&quot;,&quot;valign&quot;:&quot;top&quot;,&quot;ignore&quot;:&quot;&quot;,&quot;reference&quot;:&quot;auto&quot;,&quot;class&quot;:&quot;&quot;,&quot;count&quot;:&quot;0&quot;,&quot;legendonly&quot;:&quot;&quot;,&quot;readonly&quot;:&quot;&quot;,&quot;score&quot;:&quot;0&quot;,&quot;starsonly&quot;:&quot;&quot;,&quot;best&quot;:&quot;5&quot;,&quot;gap&quot;:&quot;5&quot;,&quot;greet&quot;:&quot;Rate this page&quot;,&quot;legend&quot;:&quot;0\\\/5 - (0 votes)&quot;,&quot;size&quot;:&quot;30&quot;,&quot;title&quot;:&quot;Deutsches Lotto spielen&quot;,&quot;width&quot;:&quot;0&quot;,&quot;_legend&quot;:&quot;{score}\\\/{best} - ({count} {votes})&quot;,&quot;font_factor&quot;:&quot;1.25&quot;}'>\n            \n<div class=\"kksr-stars\">\n    \n<div class=\"kksr-stars-inactive\">\n            <div class=\"kksr-star\" data-star=\"1\" style=\"padding-right: 5px\">\n            \n\n<div class=\"kksr-icon\" style=\"width: 30px; height: 30px;\"><\/div>\n        <\/div>\n            <div class=\"kksr-star\" data-star=\"2\" style=\"padding-right: 5px\">\n            \n\n<div class=\"kksr-icon\" style=\"width: 30px; height: 30px;\"><\/div>\n        <\/div>\n            <div class=\"kksr-star\" data-star=\"3\" style=\"padding-right: 5px\">\n            \n\n<div class=\"kksr-icon\" style=\"width: 30px; height: 30px;\"><\/div>\n        <\/div>\n            <div class=\"kksr-star\" data-star=\"4\" style=\"padding-right: 5px\">\n            \n\n<div class=\"kksr-icon\" style=\"width: 30px; height: 30px;\"><\/div>\n        <\/div>\n            <div class=\"kksr-star\" data-star=\"5\" style=\"padding-right: 5px\">\n            \n\n<div class=\"kksr-icon\" style=\"width: 30px; height: 30px;\"><\/div>\n        <\/div>\n    <\/div>\n    \n<div class=\"kksr-stars-active\" style=\"width: 0px;\">\n            <div class=\"kksr-star\" style=\"padding-right: 5px\">\n            \n\n<div class=\"kksr-icon\" style=\"width: 30px; height: 30px;\"><\/div>\n        <\/div>\n            <div class=\"kksr-star\" style=\"padding-right: 5px\">\n            \n\n<div class=\"kksr-icon\" style=\"width: 30px; height: 30px;\"><\/div>\n        <\/div>\n            <div class=\"kksr-star\" style=\"padding-right: 5px\">\n            \n\n<div class=\"kksr-icon\" style=\"width: 30px; height: 30px;\"><\/div>\n        <\/div>\n            <div class=\"kksr-star\" style=\"padding-right: 5px\">\n            \n\n<div class=\"kksr-icon\" style=\"width: 30px; height: 30px;\"><\/div>\n        <\/div>\n            <div class=\"kksr-star\" style=\"padding-right: 5px\">\n            \n\n<div class=\"kksr-icon\" style=\"width: 30px; height: 30px;\"><\/div>\n        <\/div>\n    <\/div>\n<\/div>\n                \n\n<div class=\"kksr-legend\" style=\"font-size: 24px;\">\n            <span class=\"kksr-muted\">Rate this page<\/span>\n    <\/div>\n    <\/div>\n<h2>Wie spielt man Lotto 6aus49?<\/h2>\n<p>Diese deutsche Lotterie, Lotto 6aus49 online, ist nicht nur in Deutschland, sondern in ganz Europa \u00e4u\u00dferst beliebt, was zum Teil an den leicht verst\u00e4ndlichen Regeln und den g\u00fcnstigen Teilnahmekosten liegt. Wie der Name schon sagt, kann man 6aus49 gewinnen, indem man sechs Kugeln aus einem Topf von 1 bis 49 richtig ausw\u00e4hlt. Schlie\u00dflich bedeutet 6aus49 w\u00f6rtlich \u00fcbersetzt 6 aus 49. Das Besondere an Lotto 6aus49 ist die einzigartige Superzahl, das \u00c4quivalent zu einer Bonuskugel. Diese Kugel, die eine Zahl von 0 bis 9 hat, wird nicht von Ihnen ausgew\u00e4hlt, sondern wird Ihnen auf der Grundlage der letzten Ziffer Ihrer Losnummer zugeteilt. Um den vollen Jackpot der Lotterie zu gewinnen, m\u00fcssen Sie alle sechs Kugeln richtig ausw\u00e4hlen und eine passende Superzahl auf Ihrer Losnummer haben. Andernfalls, wenn Sie keine Superzahl haben, erhalten Sie die zweite Gewinnstufe, in der Regel etwa 600.000 \u20ac.<\/p>\n<h2>Wie kann ich Lotto 6aus49 online spielen?<\/h2>\n<p>Lotto 6aus49 online zu spielen ist unglaublich einfach, denn Spielscheine gibt es auf lottomat.com schon ab 2,50 \u20ac pro Spielteilnahme. Sie kaufen online einen Lottoschein, nachdem Sie Ihre sechs Kugeln von 49 ausgew\u00e4hlt haben. Ihre Superzahl wird automatisch zugewiesen, entweder v\u00f6llig zuf\u00e4llig oder basierend auf Ihrer Losnummer. Um die Zahlen vorhersagen zu k\u00f6nnen, k\u00f6nnen Sie entweder Ihre sechs Kugeln einzeln ausw\u00e4hlen oder unsere Quick Pick-Option nutzen, um die sechs Zahlen f\u00fcr jede Teilnahme zuf\u00e4llig auszuw\u00e4hlen. Nachdem Sie Ihre Teilnahme bezahlt haben, m\u00fcssen Sie nur noch bis zur n\u00e4chsten 6aus49-Ziehung warten. Diese finden zweimal w\u00f6chentlich statt, und zwar bei bo<\/p>\n","protected":false},"excerpt":{"rendered":"<p>Wie spielt man Lotto 6aus49? Diese deutsche Lotterie, Lotto 6aus49 online, ist nicht nur in Deutschland, sondern in ganz Europa \u00e4u\u00dferst beliebt, was zum Teil an den leicht verst\u00e4ndlichen Regeln und den g\u00fcnstigen Teilnahmekosten liegt. Wie der Name schon sagt, kann man 6aus49 gewinnen, indem man sechs Kugeln aus einem Topf von 1 bis 49 [&hellip;]<\/p>\n","protected":false},"author":1,"featured_media":0,"parent":6772,"menu_order":13,"comment_status":"closed","ping_status":"closed","template":"lotto-german.php","meta":{"_et_pb_use_builder":"","_et_pb_old_content":"","_et_gb_content_width":"","exclude_from_search":false,"footnotes":""},"class_list":["post-6853","page","type-page","status-publish","hentry"],"yoast_head":"<!-- This site is optimized with the Yoast SEO plugin v23.8 - https:\/\/yoast.com\/wordpress\/plugins\/seo\/ -->\n<title>Lotto 6aus49 online - Deutsches Lotto spielen - Lottoscheine online - LottoMat<\/title>\n<meta name=\"description\" content=\"Hier k\u00f6nnen Sie Lotto 6aus49 online kaufen und um au\u00dfergew\u00f6hnliche Gewinne spielen. Pr\u00fcfen Sie, wie einfach es ist. Kaufen Sie Lottoscheine sicher online.\" \/>\n<meta name=\"robots\" content=\"index, follow, max-snippet:-1, max-image-preview:large, max-video-preview:-1\" \/>\n<link rel=\"canonical\" href=\"https:\/\/lottomat.com\/de\/spielen\/lotto-6aus49\/\" \/>\n<meta property=\"og:locale\" content=\"de_DE\" \/>\n<meta property=\"og:type\" content=\"article\" \/>\n<meta property=\"og:title\" content=\"Lotto 6aus49 online - Deutsches Lotto spielen - Lottoscheine online - LottoMat\" \/>\n<meta property=\"og:description\" content=\"Hier k\u00f6nnen Sie Lotto 6aus49 online kaufen und um au\u00dfergew\u00f6hnliche Gewinne spielen. Pr\u00fcfen Sie, wie einfach es ist. Kaufen Sie Lottoscheine sicher online.\" \/>\n<meta property=\"og:url\" content=\"https:\/\/lottomat.com\/de\/spielen\/lotto-6aus49\/\" \/>\n<meta property=\"og:site_name\" content=\"Lottomat\" \/>\n<meta property=\"article:modified_time\" content=\"2025-04-07T07:28:23+00:00\" \/>\n<meta name=\"twitter:card\" content=\"summary_large_image\" \/>\n<meta name=\"twitter:label1\" content=\"Gesch\u00e4tzte Lesezeit\" \/>\n\t<meta name=\"twitter:data1\" content=\"1\u00a0Minute\" \/>\n<script type=\"application\/ld+json\" class=\"yoast-schema-graph\">{\"@context\":\"https:\/\/schema.org\",\"@graph\":[{\"@type\":\"WebPage\",\"@id\":\"https:\/\/lottomat.com\/de\/spielen\/lotto-6aus49\/\",\"url\":\"https:\/\/lottomat.com\/de\/spielen\/lotto-6aus49\/\",\"name\":\"Lotto 6aus49 online - Deutsches Lotto spielen - Lottoscheine online - LottoMat\",\"isPartOf\":{\"@id\":\"https:\/\/lottomat.com\/de\/#website\"},\"datePublished\":\"2025-03-26T09:45:27+00:00\",\"dateModified\":\"2025-04-07T07:28:23+00:00\",\"description\":\"Hier k\u00f6nnen Sie Lotto 6aus49 online kaufen und um au\u00dfergew\u00f6hnliche Gewinne spielen. Pr\u00fcfen Sie, wie einfach es ist. Kaufen Sie Lottoscheine sicher online.\",\"breadcrumb\":{\"@id\":\"https:\/\/lottomat.com\/de\/spielen\/lotto-6aus49\/#breadcrumb\"},\"inLanguage\":\"de\",\"potentialAction\":[{\"@type\":\"ReadAction\",\"target\":[\"https:\/\/lottomat.com\/de\/spielen\/lotto-6aus49\/\"]}]},{\"@type\":\"BreadcrumbList\",\"@id\":\"https:\/\/lottomat.com\/de\/spielen\/lotto-6aus49\/#breadcrumb\",\"itemListElement\":[{\"@type\":\"ListItem\",\"position\":1,\"name\":\"Home\",\"item\":\"https:\/\/lottomat.com\/de\/\"},{\"@type\":\"ListItem\",\"position\":2,\"name\":\"Lotto Online Spielen\",\"item\":\"https:\/\/lottomat.com\/de\/spielen\/\"},{\"@type\":\"ListItem\",\"position\":3,\"name\":\"Deutsches Lotto spielen\"}]},{\"@type\":\"WebSite\",\"@id\":\"https:\/\/lottomat.com\/de\/#website\",\"url\":\"https:\/\/lottomat.com\/de\/\",\"name\":\"Lottomat\",\"description\":\"\",\"potentialAction\":[{\"@type\":\"SearchAction\",\"target\":{\"@type\":\"EntryPoint\",\"urlTemplate\":\"https:\/\/lottomat.com\/de\/?s={search_term_string}\"},\"query-input\":{\"@type\":\"PropertyValueSpecification\",\"valueRequired\":true,\"valueName\":\"search_term_string\"}}],\"inLanguage\":\"de\"}]}<\/script>\n<!-- \/ Yoast SEO plugin. -->","yoast_head_json":{"title":"Lotto 6aus49 online - Deutsches Lotto spielen - Lottoscheine online - LottoMat","description":"Hier k\u00f6nnen Sie Lotto 6aus49 online kaufen und um au\u00dfergew\u00f6hnliche Gewinne spielen. Pr\u00fcfen Sie, wie einfach es ist. Kaufen Sie Lottoscheine sicher online.","robots":{"index":"index","follow":"follow","max-snippet":"max-snippet:-1","max-image-preview":"max-image-preview:large","max-video-preview":"max-video-preview:-1"},"canonical":"https:\/\/lottomat.com\/de\/spielen\/lotto-6aus49\/","og_locale":"de_DE","og_type":"article","og_title":"Lotto 6aus49 online - Deutsches Lotto spielen - Lottoscheine online - LottoMat","og_description":"Hier k\u00f6nnen Sie Lotto 6aus49 online kaufen und um au\u00dfergew\u00f6hnliche Gewinne spielen. Pr\u00fcfen Sie, wie einfach es ist. Kaufen Sie Lottoscheine sicher online.","og_url":"https:\/\/lottomat.com\/de\/spielen\/lotto-6aus49\/","og_site_name":"Lottomat","article_modified_time":"2025-04-07T07:28:23+00:00","twitter_card":"summary_large_image","twitter_misc":{"Gesch\u00e4tzte Lesezeit":"1\u00a0Minute"},"schema":{"@context":"https:\/\/schema.org","@graph":[{"@type":"WebPage","@id":"https:\/\/lottomat.com\/de\/spielen\/lotto-6aus49\/","url":"https:\/\/lottomat.com\/de\/spielen\/lotto-6aus49\/","name":"Lotto 6aus49 online - Deutsches Lotto spielen - Lottoscheine online - LottoMat","isPartOf":{"@id":"https:\/\/lottomat.com\/de\/#website"},"datePublished":"2025-03-26T09:45:27+00:00","dateModified":"2025-04-07T07:28:23+00:00","description":"Hier k\u00f6nnen Sie Lotto 6aus49 online kaufen und um au\u00dfergew\u00f6hnliche Gewinne spielen. Pr\u00fcfen Sie, wie einfach es ist. Kaufen Sie Lottoscheine sicher online.","breadcrumb":{"@id":"https:\/\/lottomat.com\/de\/spielen\/lotto-6aus49\/#breadcrumb"},"inLanguage":"de","potentialAction":[{"@type":"ReadAction","target":["https:\/\/lottomat.com\/de\/spielen\/lotto-6aus49\/"]}]},{"@type":"BreadcrumbList","@id":"https:\/\/lottomat.com\/de\/spielen\/lotto-6aus49\/#breadcrumb","itemListElement":[{"@type":"ListItem","position":1,"name":"Home","item":"https:\/\/lottomat.com\/de\/"},{"@type":"ListItem","position":2,"name":"Lotto Online Spielen","item":"https:\/\/lottomat.com\/de\/spielen\/"},{"@type":"ListItem","position":3,"name":"Deutsches Lotto spielen"}]},{"@type":"WebSite","@id":"https:\/\/lottomat.com\/de\/#website","url":"https:\/\/lottomat.com\/de\/","name":"Lottomat","description":"","potentialAction":[{"@type":"SearchAction","target":{"@type":"EntryPoint","urlTemplate":"https:\/\/lottomat.com\/de\/?s={search_term_string}"},"query-input":{"@type":"PropertyValueSpecification","valueRequired":true,"valueName":"search_term_string"}}],"inLanguage":"de"}]}},"_links":{"self":[{"href":"https:\/\/lottomat.com\/de\/wp-json\/wp\/v2\/pages\/6853","targetHints":{"allow":["GET"]}}],"collection":[{"href":"https:\/\/lottomat.com\/de\/wp-json\/wp\/v2\/pages"}],"about":[{"href":"https:\/\/lottomat.com\/de\/wp-json\/wp\/v2\/types\/page"}],"author":[{"embeddable":true,"href":"https:\/\/lottomat.com\/de\/wp-json\/wp\/v2\/users\/1"}],"replies":[{"embeddable":true,"href":"https:\/\/lottomat.com\/de\/wp-json\/wp\/v2\/comments?post=6853"}],"version-history":[{"count":0,"href":"https:\/\/lottomat.com\/de\/wp-json\/wp\/v2\/pages\/6853\/revisions"}],"up":[{"embeddable":true,"href":"https:\/\/lottomat.com\/de\/wp-json\/wp\/v2\/pages\/6772"}],"wp:attachment":[{"href":"https:\/\/lottomat.com\/de\/wp-json\/wp\/v2\/media?parent=6853"}],"curies":[{"name":"wp","href":"https:\/\/api.w.org\/{rel}","templated":true}]}}