{"id":6802,"date":"2025-03-26T13:38:15","date_gmt":"2025-03-26T13:38:15","guid":{"rendered":"https:\/\/lottomat.net\/?page_id=6802"},"modified":"2025-04-17T11:26:39","modified_gmt":"2025-04-17T11:26:39","slug":"uk-lotto","status":"publish","type":"page","link":"https:\/\/lottomat.com\/de\/lotterie\/uk-lotto\/","title":{"rendered":"Informationen zum UK Lotto"},"content":{"rendered":"\n\n<div class=\"kk-star-ratings kksr-auto kksr-align-left kksr-valign-top\"\n    data-payload='{&quot;align&quot;:&quot;left&quot;,&quot;id&quot;:&quot;6802&quot;,&quot;slug&quot;:&quot;default&quot;,&quot;valign&quot;:&quot;top&quot;,&quot;ignore&quot;:&quot;&quot;,&quot;reference&quot;:&quot;auto&quot;,&quot;class&quot;:&quot;&quot;,&quot;count&quot;:&quot;0&quot;,&quot;legendonly&quot;:&quot;&quot;,&quot;readonly&quot;:&quot;&quot;,&quot;score&quot;:&quot;0&quot;,&quot;starsonly&quot;:&quot;&quot;,&quot;best&quot;:&quot;5&quot;,&quot;gap&quot;:&quot;5&quot;,&quot;greet&quot;:&quot;Rate this page&quot;,&quot;legend&quot;:&quot;0\\\/5 - (0 votes)&quot;,&quot;size&quot;:&quot;30&quot;,&quot;title&quot;:&quot;Informationen zum UK Lotto&quot;,&quot;width&quot;:&quot;0&quot;,&quot;_legend&quot;:&quot;{score}\\\/{best} - ({count} {votes})&quot;,&quot;font_factor&quot;:&quot;1.25&quot;}'>\n            \n<div class=\"kksr-stars\">\n    \n<div class=\"kksr-stars-inactive\">\n            <div class=\"kksr-star\" data-star=\"1\" style=\"padding-right: 5px\">\n            \n\n<div class=\"kksr-icon\" style=\"width: 30px; height: 30px;\"><\/div>\n        <\/div>\n            <div class=\"kksr-star\" data-star=\"2\" style=\"padding-right: 5px\">\n            \n\n<div class=\"kksr-icon\" style=\"width: 30px; height: 30px;\"><\/div>\n        <\/div>\n            <div class=\"kksr-star\" data-star=\"3\" style=\"padding-right: 5px\">\n            \n\n<div class=\"kksr-icon\" style=\"width: 30px; height: 30px;\"><\/div>\n        <\/div>\n            <div class=\"kksr-star\" data-star=\"4\" style=\"padding-right: 5px\">\n            \n\n<div class=\"kksr-icon\" style=\"width: 30px; height: 30px;\"><\/div>\n        <\/div>\n            <div class=\"kksr-star\" data-star=\"5\" style=\"padding-right: 5px\">\n            \n\n<div class=\"kksr-icon\" style=\"width: 30px; height: 30px;\"><\/div>\n        <\/div>\n    <\/div>\n    \n<div class=\"kksr-stars-active\" style=\"width: 0px;\">\n            <div class=\"kksr-star\" style=\"padding-right: 5px\">\n            \n\n<div class=\"kksr-icon\" style=\"width: 30px; height: 30px;\"><\/div>\n        <\/div>\n            <div class=\"kksr-star\" style=\"padding-right: 5px\">\n            \n\n<div class=\"kksr-icon\" style=\"width: 30px; height: 30px;\"><\/div>\n        <\/div>\n            <div class=\"kksr-star\" style=\"padding-right: 5px\">\n            \n\n<div class=\"kksr-icon\" style=\"width: 30px; height: 30px;\"><\/div>\n        <\/div>\n            <div class=\"kksr-star\" style=\"padding-right: 5px\">\n            \n\n<div class=\"kksr-icon\" style=\"width: 30px; height: 30px;\"><\/div>\n        <\/div>\n            <div class=\"kksr-star\" style=\"padding-right: 5px\">\n            \n\n<div class=\"kksr-icon\" style=\"width: 30px; height: 30px;\"><\/div>\n        <\/div>\n    <\/div>\n<\/div>\n                \n\n<div class=\"kksr-legend\" style=\"font-size: 24px;\">\n            <span class=\"kksr-muted\">Rate this page<\/span>\n    <\/div>\n    <\/div>\n<h2 class=\"wp-block-heading\">M\u00f6chten Sie UK Lotto Preise gewinnen?<\/h2><p>Es handelt sich um ein sehr beliebtes britisches Zahlenlotto, das seit 1994 existiert. UK Lotto Lose sind an station\u00e4ren Ticketverkaufsstellen erh\u00e4ltlich. Einfache Regeln, hohe Gewinne, h\u00e4ufige Roll-Over-Jackpots und relativ hohe Gewinnchancen \u2013 das ist die k\u00fcrzeste Art, <a href=\"https:\/\/lottomat.com\/play\/lotto-uk\/\">UK Lotto online<\/a> zu beschreiben.<\/p><p>Urspr\u00fcnglich hie\u00df es The National Lottery, aber nach einiger Zeit wurde der Name in Lotto ge\u00e4ndert, und heute wird es \u00fcberall UK Lotto genannt.<\/p><p>Die Ziehungen im englischen Lotto finden zweimal pro Woche statt \u2013 am Samstag und Mittwoch.<\/p><h2 class=\"wp-block-heading\"><img loading=\"lazy\" decoding=\"async\" class=\"alignleft wp-image-74176\" src=\"https:\/\/lottomat.com\/wp-content\/uploads\/sites\/3\/rules-of-the-UK-Lotto-online.png\" alt=\"Regeln des UK Lotto online\" width=\"130\" height=\"130\" \/>Was sind die Regeln des UK Lotto?<\/h2><p>Das britische Lotto zeichnet sich durch einfache Regeln aus, was einer der Gr\u00fcnde f\u00fcr seine hohe Beliebtheit nicht nur auf den britischen Inseln, sondern auch in Europa ist. Was muss man tun, um teilzunehmen? Man muss sechs Zahlen aus dem Bereich 1 bis 59 ausw\u00e4hlen. Das ist alles. Um den Hauptgewinn zu erzielen, m\u00fcssen nat\u00fcrlich alle sechs Zahlen korrekt gew\u00e4hlt werden. Wenn man nicht alle sechs Zahlen richtig tippt, besteht die Chance, einen Gewinn in einer niedrigeren Gewinnstufe zu erhalten, da UK Lotto 6 Gewinnstufen hat.<\/p><h2 class=\"wp-block-heading\"><img loading=\"lazy\" decoding=\"async\" class=\"alignleft wp-image-74204\" src=\"https:\/\/lottomat.com\/wp-content\/uploads\/sites\/3\/UK-lotto-online.png\" alt=\"UK Lotto online\" width=\"130\" height=\"130\" \/>Wie hoch ist das Risiko?<\/h2><p>Die Gewinnchancen sind nicht die niedrigsten \u2013 sie betragen 1 zu 45 Millionen. Das ist keine \u00fcberw\u00e4ltigende Zahl, wenn man bedenkt, dass in amerikanischen Lotterien diese Zahlen in Hunderten liegen. Allerdings sollte man bedenken, dass die Gewinne deutlich niedriger ausfallen und in Zloty berechnet werden, nicht in Pfund. Betrachtet man all diese Daten zusammen, erweist sich UK Lotto als ein sehr profitables Spiel f\u00fcr den Spieler. Die Roll-Over-Jackpots dieses Lottos kennen keine Grenzen. Bis vor kurzem gab es ein Limit von vier Roll-Overs, aber diese Regel wurde ge\u00e4ndert, sodass die Spieler einen deutlich h\u00f6heren Jackpot gewinnen k\u00f6nnen.<\/p><h2 class=\"wp-block-heading\"><img loading=\"lazy\" decoding=\"async\" class=\"alignleft wp-image-74232\" src=\"https:\/\/lottomat.com\/wp-content\/uploads\/sites\/3\/most-popular-lotteries.png\" alt=\"die beliebtesten Lotterien\" width=\"130\" height=\"130\" \/>UK Lotto Preise: Wie viel kann man gewinnen?<\/h2><p>Der niedrigste garantierte Hauptgewinn betr\u00e4gt 2,5 Millionen Pfund. Wenn ein Roll-Over eintritt \u2013 was leider sehr selten passiert \u2013 k\u00f6nnen die Gewinne bis zu 60 Millionen Pfund erreichen. Solche Geldsummen ziehen Spieler aus der ganzen Welt an.<\/p><p>Der niedrigste Gewinn in der untersten Gewinnstufe betr\u00e4gt 25 Pfund. Angesichts des Wechselkurses ist dies eine ziemlich attraktive Option, insbesondere f\u00fcr polnische Spieler. Au\u00dferdem gewinnt jede hundertste Person 25 Pfund, was ziemlich h\u00e4ufig vorkommt. F\u00fcr solche Summen kann man unter anderem weitere Lottoscheine kaufen.<\/p><p>Es ist erw\u00e4hnenswert, dass UK Lotto seit kurzem sogenannte Sonderziehungen veranstaltet. Was bedeutet das f\u00fcr die Spieler? Eine Sonderziehung bietet die M\u00f6glichkeit, zus\u00e4tzlich 20.000 Pfund zu gewinnen. Dabei handelt es sich um mehrere Dutzend Spieler, die durch diesen Betrag reicher werden. Ein solcher Geldzufluss zwischen den regul\u00e4ren Ziehungen ist immer willkommen.<\/p><p>Das britische Lotto bietet seinen Fans auch etwas Besonderes: Superziehungen. Der Mindestgewinn bei diesen Ziehungen betr\u00e4gt 10 Millionen Pfund. Superziehungen finden mehrmals im Jahr statt, sodass sich die Chance, einen gro\u00dfen Geldbetrag zu gewinnen, erh\u00f6ht.<\/p><h2 class=\"wp-block-heading\"><img loading=\"lazy\" decoding=\"async\" class=\"alignleft wp-image-74260\" src=\"https:\/\/lottomat.com\/wp-content\/uploads\/sites\/3\/record-winning-in-the-British-lotto.png\" alt=\"Lotto-Rollovers\" width=\"130\" height=\"130\" \/>Wie sehen Rollovers aus?<\/h2><p>Das britische Lotto hat keine obere Grenze f\u00fcr Rollovers. Das bedeutet, dass der Gesamtbetrag der Gewinne mit jeder Ziehung steigt, wenn niemand alle sechs Zahlen richtig tippt. Mehrere solcher Ziehungen ohne Hauptgewinn k\u00f6nnen zu atemberaubenden Summen f\u00fchren. Es ist nicht verwunderlich, dass Spieler so eifrig UK Lotto in ihr System integrieren. Hohe Gewinnchancen und astronomisch hohe Gewinne \u2013 wer w\u00fcrde da nicht UK Lotto spielen wollen?<\/p><h2 class=\"wp-block-heading\"><img loading=\"lazy\" decoding=\"async\" class=\"alignleft wp-image-74288\" src=\"https:\/\/lottomat.com\/wp-content\/uploads\/sites\/3\/record-winning-in-the-British-lotto.png\" alt=\"Rekordgewinn im britischen Lotto\" width=\"130\" height=\"130\" \/>Was war der Rekordgewinn im britischen Lotto?<\/h2><p>Bisher betrug der h\u00f6chste Gewinn im UK Lotto 66 Millionen Pfund. Die <a href=\"https:\/\/lottomat.com\/results\/\">Gewinnzahlen von UK Lotto<\/a> wurden von zwei Spielern erraten, die den Preis teilen mussten.<\/p><h2 class=\"wp-block-heading\"><img loading=\"lazy\" decoding=\"async\" class=\"alignleft wp-image-74316\" src=\"https:\/\/lottomat.com\/wp-content\/uploads\/sites\/3\/Who-can-play-UK-Lotto-online.png\" alt=\"Wer kann UK Lotto online spielen\" width=\"130\" height=\"130\" \/>Wer kann UK Lotto online spielen und UK Lotto Preise gewinnen?<\/h2><p>Derzeit kann jeder, der zwei Bedingungen erf\u00fcllt, spielen: Er muss vollj\u00e4hrig sein und Zugang zum Internet haben. Sofern man sich nicht zuf\u00e4llig in England befindet, ist die zweite Bedingung irrelevant, da der Lottoschein an einem Lotterieb\u00fcro gekauft werden kann. Aber alle anderen Spieler, die nicht auf britischem Boden sind, k\u00f6nnen problemlos von zu Hause, vom Schreibtisch, Garten, Hinterhof oder der K\u00fcche aus spielen. <a href=\"https:\/\/lottomat.com\/play\/\">Online-Lotterien<\/a> sind heutzutage dank ihrer Bequemlichkeit und Verf\u00fcgbarkeit sehr beliebt.<\/p><h2 class=\"wp-block-heading\"><img loading=\"lazy\" decoding=\"async\" class=\"alignleft wp-image-74344\" src=\"https:\/\/lottomat.com\/wp-content\/uploads\/sites\/3\/How-to-play-UK-Lotto.png\" alt=\"Wie spielt man UK Lotto\" width=\"130\" height=\"130\" \/>Wie spielt man UK Lotto \u00fcber das Internet?<\/h2><p><a href=\"https:\/\/lottomat.com\/play\/lotto-uk\/\">UK Lotto online spielen<\/a> ist kinderleicht, und jeder Spieler wird damit sicherlich keine Probleme haben. Hier ist eine kurze Anleitung, wie man das britische Lotto online mit LottoMat spielt:<\/p><ol class=\"wp-block-list\">\r\n<li style=\"list-style-type: none;\">\r\n<ol>\r\n<li>Geben Sie www.lottomat.com oder eine andere Adresse einer Online-Spieleseite in die Adresszeile Ihres Browsers ein.<\/li>\r\n<\/ol>\r\n<\/li>\r\n<\/ol><ol>\r\n<li style=\"list-style-type: none;\">\r\n<ol>\r\n<li>Registrieren Sie sich auf der Website, indem Sie Ihre Daten angeben.<\/li>\r\n<\/ol>\r\n<\/li>\r\n<\/ol><ol>\r\n<li style=\"list-style-type: none;\">\r\n<ol>\r\n<li>Melden Sie sich auf der Website an und w\u00e4hlen Sie f\u00fcr jeden Schein 6 Zahlen aus. Sie k\u00f6nnen so viele Scheine absenden, wie Sie m\u00f6chten. Es gibt hier keine Einschr\u00e4nkungen. Sie k\u00f6nnen auch zuf\u00e4llig spielen oder das Systemspiel verwenden.<\/li>\r\n<\/ol>\r\n<\/li>\r\n<\/ol><ol>\r\n<li style=\"list-style-type: none;\">\r\n<ol>\r\n<li>Nach der Ziehung besuchen Sie erneut www.lottomat.com und <a href=\"https:\/\/lottomat.com\/results\/\">pr\u00fcfen Sie die Lotto-Ergebnisse<\/a>.<\/li>\r\n<\/ol>\r\n<\/li>\r\n<\/ol><h2 class=\"wp-block-heading\"><img loading=\"lazy\" decoding=\"async\" class=\"alignleft wp-image-74372\" src=\"https:\/\/lottomat.com\/wp-content\/uploads\/sites\/3\/When-UK-lotto-drawings-take-place.png\" alt=\"Wann finden die UK Lotto-Ziehungen statt?\" width=\"130\" height=\"130\" \/>Wann finden die UK Lotto-Ziehungen statt?<\/h2><p>Die Ziehungen von UK Lotto finden jeden Mittwoch und Samstag statt. Die Ergebnisse von UK Lotto k\u00f6nnen jederzeit auf unserer Website eingesehen werden. Wir ver\u00f6ffentlichen sie kurz nach der Ziehung. Spielen Sie das englische Lotto und gewinnen Sie die besten Preise und Jackpots von UK Lotto!<\/p><p><strong>UK Lotto lockt Spieler mit seinen klaren Regeln, hohen Preisen und h\u00e4ufigen Jackpots. Die gelegentlich stattfindenden Superziehungen heben die Stimmung zus\u00e4tzlich an. All das macht das britische Lotto zu einem wirklich attraktiven Bestandteil Ihrer Strategie.<\/strong><\/p><p>&nbsp;<\/p>","protected":false},"excerpt":{"rendered":"<p>M\u00f6chten Sie UK Lotto Preise gewinnen? Es handelt sich um ein sehr beliebtes britisches Zahlenlotto, das seit 1994 existiert. UK Lotto Lose sind an station\u00e4ren Ticketverkaufsstellen erh\u00e4ltlich. Einfache Regeln, hohe Gewinne, h\u00e4ufige Roll-Over-Jackpots und relativ hohe Gewinnchancen \u2013 das ist die k\u00fcrzeste Art, UK Lotto online zu beschreiben. Urspr\u00fcnglich hie\u00df es The National Lottery, aber [&hellip;]<\/p>\n","protected":false},"author":1,"featured_media":0,"parent":6865,"menu_order":9,"comment_status":"closed","ping_status":"closed","template":"lotto-uk-info.php","meta":{"_et_pb_use_builder":"","_et_pb_old_content":"","_et_gb_content_width":"","exclude_from_search":false,"footnotes":""},"class_list":["post-6802","page","type-page","status-publish","hentry"],"yoast_head":"<!-- This site is optimized with the Yoast SEO plugin v23.8 - https:\/\/yoast.com\/wordpress\/plugins\/seo\/ -->\n<title>Gewinne und Jackpots im UK Lotto \u2013 Gewinnchancen \u2013 LottoMat<\/title>\n<meta name=\"description\" content=\"Pr\u00fcfen Sie die Gewinne und Jackpots der UK Lotterie. Erfahren Sie mehr \u00fcber die Gewinnchancen beim UK Lotto. Hier finden Sie alle Informationen.\" \/>\n<meta name=\"robots\" content=\"index, follow, max-snippet:-1, max-image-preview:large, max-video-preview:-1\" \/>\n<link rel=\"canonical\" href=\"https:\/\/lottomat.com\/de\/lotterie\/uk-lotto\/\" \/>\n<meta property=\"og:locale\" content=\"de_DE\" \/>\n<meta property=\"og:type\" content=\"article\" \/>\n<meta property=\"og:title\" content=\"Gewinne und Jackpots im UK Lotto \u2013 Gewinnchancen \u2013 LottoMat\" \/>\n<meta property=\"og:description\" content=\"Pr\u00fcfen Sie die Gewinne und Jackpots der UK Lotterie. Erfahren Sie mehr \u00fcber die Gewinnchancen beim UK Lotto. Hier finden Sie alle Informationen.\" \/>\n<meta property=\"og:url\" content=\"https:\/\/lottomat.com\/de\/lotterie\/uk-lotto\/\" \/>\n<meta property=\"og:site_name\" content=\"Lottomat\" \/>\n<meta property=\"article:modified_time\" content=\"2025-04-17T11:26:39+00:00\" \/>\n<meta property=\"og:image\" content=\"https:\/\/lottomat.com\/wp-content\/uploads\/sites\/3\/rules-of-the-UK-Lotto-online.png\" \/>\n<meta name=\"twitter:card\" content=\"summary_large_image\" \/>\n<meta name=\"twitter:label1\" content=\"Gesch\u00e4tzte Lesezeit\" \/>\n\t<meta name=\"twitter:data1\" content=\"6\u00a0Minuten\" \/>\n<script type=\"application\/ld+json\" class=\"yoast-schema-graph\">{\"@context\":\"https:\/\/schema.org\",\"@graph\":[{\"@type\":\"WebPage\",\"@id\":\"https:\/\/lottomat.com\/de\/lotterie\/uk-lotto\/\",\"url\":\"https:\/\/lottomat.com\/de\/lotterie\/uk-lotto\/\",\"name\":\"Gewinne und Jackpots im UK Lotto \u2013 Gewinnchancen \u2013 LottoMat\",\"isPartOf\":{\"@id\":\"https:\/\/lottomat.com\/de\/#website\"},\"primaryImageOfPage\":{\"@id\":\"https:\/\/lottomat.com\/de\/lotterie\/uk-lotto\/#primaryimage\"},\"image\":{\"@id\":\"https:\/\/lottomat.com\/de\/lotterie\/uk-lotto\/#primaryimage\"},\"thumbnailUrl\":\"https:\/\/lottomat.com\/wp-content\/uploads\/sites\/3\/rules-of-the-UK-Lotto-online.png\",\"datePublished\":\"2025-03-26T13:38:15+00:00\",\"dateModified\":\"2025-04-17T11:26:39+00:00\",\"description\":\"Pr\u00fcfen Sie die Gewinne und Jackpots der UK Lotterie. Erfahren Sie mehr \u00fcber die Gewinnchancen beim UK Lotto. Hier finden Sie alle Informationen.\",\"breadcrumb\":{\"@id\":\"https:\/\/lottomat.com\/de\/lotterie\/uk-lotto\/#breadcrumb\"},\"inLanguage\":\"de\",\"potentialAction\":[{\"@type\":\"ReadAction\",\"target\":[\"https:\/\/lottomat.com\/de\/lotterie\/uk-lotto\/\"]}]},{\"@type\":\"ImageObject\",\"inLanguage\":\"de\",\"@id\":\"https:\/\/lottomat.com\/de\/lotterie\/uk-lotto\/#primaryimage\",\"url\":\"https:\/\/lottomat.com\/wp-content\/uploads\/sites\/3\/rules-of-the-UK-Lotto-online.png\",\"contentUrl\":\"https:\/\/lottomat.com\/wp-content\/uploads\/sites\/3\/rules-of-the-UK-Lotto-online.png\"},{\"@type\":\"BreadcrumbList\",\"@id\":\"https:\/\/lottomat.com\/de\/lotterie\/uk-lotto\/#breadcrumb\",\"itemListElement\":[{\"@type\":\"ListItem\",\"position\":1,\"name\":\"Home\",\"item\":\"https:\/\/lottomat.com\/de\/\"},{\"@type\":\"ListItem\",\"position\":2,\"name\":\"Lotterie-Regeln: Preise, Jackpot &#038; Gewinnchancen\",\"item\":\"https:\/\/lottomat.com\/de\/lotterie\/\"},{\"@type\":\"ListItem\",\"position\":3,\"name\":\"Informationen zum UK Lotto\"}]},{\"@type\":\"WebSite\",\"@id\":\"https:\/\/lottomat.com\/de\/#website\",\"url\":\"https:\/\/lottomat.com\/de\/\",\"name\":\"Lottomat\",\"description\":\"\",\"potentialAction\":[{\"@type\":\"SearchAction\",\"target\":{\"@type\":\"EntryPoint\",\"urlTemplate\":\"https:\/\/lottomat.com\/de\/?s={search_term_string}\"},\"query-input\":{\"@type\":\"PropertyValueSpecification\",\"valueRequired\":true,\"valueName\":\"search_term_string\"}}],\"inLanguage\":\"de\"}]}<\/script>\n<!-- \/ Yoast SEO plugin. -->","yoast_head_json":{"title":"Gewinne und Jackpots im UK Lotto \u2013 Gewinnchancen \u2013 LottoMat","description":"Pr\u00fcfen Sie die Gewinne und Jackpots der UK Lotterie. Erfahren Sie mehr \u00fcber die Gewinnchancen beim UK Lotto. Hier finden Sie alle Informationen.","robots":{"index":"index","follow":"follow","max-snippet":"max-snippet:-1","max-image-preview":"max-image-preview:large","max-video-preview":"max-video-preview:-1"},"canonical":"https:\/\/lottomat.com\/de\/lotterie\/uk-lotto\/","og_locale":"de_DE","og_type":"article","og_title":"Gewinne und Jackpots im UK Lotto \u2013 Gewinnchancen \u2013 LottoMat","og_description":"Pr\u00fcfen Sie die Gewinne und Jackpots der UK Lotterie. Erfahren Sie mehr \u00fcber die Gewinnchancen beim UK Lotto. Hier finden Sie alle Informationen.","og_url":"https:\/\/lottomat.com\/de\/lotterie\/uk-lotto\/","og_site_name":"Lottomat","article_modified_time":"2025-04-17T11:26:39+00:00","og_image":[{"url":"https:\/\/lottomat.com\/wp-content\/uploads\/sites\/3\/rules-of-the-UK-Lotto-online.png"}],"twitter_card":"summary_large_image","twitter_misc":{"Gesch\u00e4tzte Lesezeit":"6\u00a0Minuten"},"schema":{"@context":"https:\/\/schema.org","@graph":[{"@type":"WebPage","@id":"https:\/\/lottomat.com\/de\/lotterie\/uk-lotto\/","url":"https:\/\/lottomat.com\/de\/lotterie\/uk-lotto\/","name":"Gewinne und Jackpots im UK Lotto \u2013 Gewinnchancen \u2013 LottoMat","isPartOf":{"@id":"https:\/\/lottomat.com\/de\/#website"},"primaryImageOfPage":{"@id":"https:\/\/lottomat.com\/de\/lotterie\/uk-lotto\/#primaryimage"},"image":{"@id":"https:\/\/lottomat.com\/de\/lotterie\/uk-lotto\/#primaryimage"},"thumbnailUrl":"https:\/\/lottomat.com\/wp-content\/uploads\/sites\/3\/rules-of-the-UK-Lotto-online.png","datePublished":"2025-03-26T13:38:15+00:00","dateModified":"2025-04-17T11:26:39+00:00","description":"Pr\u00fcfen Sie die Gewinne und Jackpots der UK Lotterie. Erfahren Sie mehr \u00fcber die Gewinnchancen beim UK Lotto. Hier finden Sie alle Informationen.","breadcrumb":{"@id":"https:\/\/lottomat.com\/de\/lotterie\/uk-lotto\/#breadcrumb"},"inLanguage":"de","potentialAction":[{"@type":"ReadAction","target":["https:\/\/lottomat.com\/de\/lotterie\/uk-lotto\/"]}]},{"@type":"ImageObject","inLanguage":"de","@id":"https:\/\/lottomat.com\/de\/lotterie\/uk-lotto\/#primaryimage","url":"https:\/\/lottomat.com\/wp-content\/uploads\/sites\/3\/rules-of-the-UK-Lotto-online.png","contentUrl":"https:\/\/lottomat.com\/wp-content\/uploads\/sites\/3\/rules-of-the-UK-Lotto-online.png"},{"@type":"BreadcrumbList","@id":"https:\/\/lottomat.com\/de\/lotterie\/uk-lotto\/#breadcrumb","itemListElement":[{"@type":"ListItem","position":1,"name":"Home","item":"https:\/\/lottomat.com\/de\/"},{"@type":"ListItem","position":2,"name":"Lotterie-Regeln: Preise, Jackpot &#038; Gewinnchancen","item":"https:\/\/lottomat.com\/de\/lotterie\/"},{"@type":"ListItem","position":3,"name":"Informationen zum UK Lotto"}]},{"@type":"WebSite","@id":"https:\/\/lottomat.com\/de\/#website","url":"https:\/\/lottomat.com\/de\/","name":"Lottomat","description":"","potentialAction":[{"@type":"SearchAction","target":{"@type":"EntryPoint","urlTemplate":"https:\/\/lottomat.com\/de\/?s={search_term_string}"},"query-input":{"@type":"PropertyValueSpecification","valueRequired":true,"valueName":"search_term_string"}}],"inLanguage":"de"}]}},"_links":{"self":[{"href":"https:\/\/lottomat.com\/de\/wp-json\/wp\/v2\/pages\/6802","targetHints":{"allow":["GET"]}}],"collection":[{"href":"https:\/\/lottomat.com\/de\/wp-json\/wp\/v2\/pages"}],"about":[{"href":"https:\/\/lottomat.com\/de\/wp-json\/wp\/v2\/types\/page"}],"author":[{"embeddable":true,"href":"https:\/\/lottomat.com\/de\/wp-json\/wp\/v2\/users\/1"}],"replies":[{"embeddable":true,"href":"https:\/\/lottomat.com\/de\/wp-json\/wp\/v2\/comments?post=6802"}],"version-history":[{"count":0,"href":"https:\/\/lottomat.com\/de\/wp-json\/wp\/v2\/pages\/6802\/revisions"}],"up":[{"embeddable":true,"href":"https:\/\/lottomat.com\/de\/wp-json\/wp\/v2\/pages\/6865"}],"wp:attachment":[{"href":"https:\/\/lottomat.com\/de\/wp-json\/wp\/v2\/media?parent=6802"}],"curies":[{"name":"wp","href":"https:\/\/api.w.org\/{rel}","templated":true}]}}