{"id":6646,"date":"2025-03-26T09:17:42","date_gmt":"2025-03-26T09:17:42","guid":{"rendered":"https:\/\/lottomat.net\/?page_id=6646"},"modified":"2025-04-07T07:25:33","modified_gmt":"2025-04-07T07:25:33","slug":"la-primitiva","status":"publish","type":"page","link":"https:\/\/lottomat.com\/de\/spielen\/la-primitiva\/","title":{"rendered":"La Primitiva online spielen"},"content":{"rendered":"\n\n<div class=\"kk-star-ratings kksr-auto kksr-align-left kksr-valign-top\"\n    data-payload='{&quot;align&quot;:&quot;left&quot;,&quot;id&quot;:&quot;6646&quot;,&quot;slug&quot;:&quot;default&quot;,&quot;valign&quot;:&quot;top&quot;,&quot;ignore&quot;:&quot;&quot;,&quot;reference&quot;:&quot;auto&quot;,&quot;class&quot;:&quot;&quot;,&quot;count&quot;:&quot;0&quot;,&quot;legendonly&quot;:&quot;&quot;,&quot;readonly&quot;:&quot;&quot;,&quot;score&quot;:&quot;0&quot;,&quot;starsonly&quot;:&quot;&quot;,&quot;best&quot;:&quot;5&quot;,&quot;gap&quot;:&quot;5&quot;,&quot;greet&quot;:&quot;Rate this page&quot;,&quot;legend&quot;:&quot;0\\\/5 - (0 votes)&quot;,&quot;size&quot;:&quot;30&quot;,&quot;title&quot;:&quot;La Primitiva online spielen&quot;,&quot;width&quot;:&quot;0&quot;,&quot;_legend&quot;:&quot;{score}\\\/{best} - ({count} {votes})&quot;,&quot;font_factor&quot;:&quot;1.25&quot;}'>\n            \n<div class=\"kksr-stars\">\n    \n<div class=\"kksr-stars-inactive\">\n            <div class=\"kksr-star\" data-star=\"1\" style=\"padding-right: 5px\">\n            \n\n<div class=\"kksr-icon\" style=\"width: 30px; height: 30px;\"><\/div>\n        <\/div>\n            <div class=\"kksr-star\" data-star=\"2\" style=\"padding-right: 5px\">\n            \n\n<div class=\"kksr-icon\" style=\"width: 30px; height: 30px;\"><\/div>\n        <\/div>\n            <div class=\"kksr-star\" data-star=\"3\" style=\"padding-right: 5px\">\n            \n\n<div class=\"kksr-icon\" style=\"width: 30px; height: 30px;\"><\/div>\n        <\/div>\n            <div class=\"kksr-star\" data-star=\"4\" style=\"padding-right: 5px\">\n            \n\n<div class=\"kksr-icon\" style=\"width: 30px; height: 30px;\"><\/div>\n        <\/div>\n            <div class=\"kksr-star\" data-star=\"5\" style=\"padding-right: 5px\">\n            \n\n<div class=\"kksr-icon\" style=\"width: 30px; height: 30px;\"><\/div>\n        <\/div>\n    <\/div>\n    \n<div class=\"kksr-stars-active\" style=\"width: 0px;\">\n            <div class=\"kksr-star\" style=\"padding-right: 5px\">\n            \n\n<div class=\"kksr-icon\" style=\"width: 30px; height: 30px;\"><\/div>\n        <\/div>\n            <div class=\"kksr-star\" style=\"padding-right: 5px\">\n            \n\n<div class=\"kksr-icon\" style=\"width: 30px; height: 30px;\"><\/div>\n        <\/div>\n            <div class=\"kksr-star\" style=\"padding-right: 5px\">\n            \n\n<div class=\"kksr-icon\" style=\"width: 30px; height: 30px;\"><\/div>\n        <\/div>\n            <div class=\"kksr-star\" style=\"padding-right: 5px\">\n            \n\n<div class=\"kksr-icon\" style=\"width: 30px; height: 30px;\"><\/div>\n        <\/div>\n            <div class=\"kksr-star\" style=\"padding-right: 5px\">\n            \n\n<div class=\"kksr-icon\" style=\"width: 30px; height: 30px;\"><\/div>\n        <\/div>\n    <\/div>\n<\/div>\n                \n\n<div class=\"kksr-legend\" style=\"font-size: 24px;\">\n            <span class=\"kksr-muted\">Rate this page<\/span>\n    <\/div>\n    <\/div>\n<h2>La Primitiva \u2013 Ein Lottospiel \u00c4hnlich Unserem Loto 6<\/h2>\n<p>Vor kurzem haben wir in einem unserer Artikel das 6\/45 Lottospiel besprochen und die Ergebnisse aus dem Jahr 2021 \u00fcberpr\u00fcft. Kurz gesagt, Loto 6\/45 ist eines der beliebtesten Lottospiele, das von der Kroatischen Lotterie organisiert wird. Andererseits ist die La Primitiva-Lotterie eine faszinierende europ\u00e4ische Lotterie, die eine ausgezeichnete Alternative zu Loto 6 sein kann. Lesen Sie weiter, um zu erfahren, wie man La Primitiva spielt, die aufregende spanische Lotterie, und wie man die aktuellen Loto 6-Ergebnisse \u00fcberpr\u00fcft.<\/p>\n<h2>La Primitiva \u2013 Errate 6 Zahlen aus 49 und gewinne den Jackpot \u2013 Loto 6 Ergebnisse<\/h2>\n<p>Die \u00f6sterreichische Lotterie, die deutsche Lotterie und La Primitiva haben fast identische Regeln wie Loto 6\/45. Das Ziel von La Primitiva ist es, 6 Zahlen aus insgesamt 49 zu erraten. Neben den Hauptzahlen k\u00f6nnen Sie auch eine zus\u00e4tzliche \u201eWiederholungs\u201c-Zahl w\u00e4hlen, die einer Zusatz-Zahl entspricht. Sie k\u00f6nnen Ihre Wette auf der Lottomata-Website platzieren. Der Prozess ist schnell und einfach; Sie m\u00fcssen sich nur registrieren und Geld auf Ihr Konto einzahlen. Sobald Sie das getan haben, gehen Sie zu unserer Seite \u201eAlle Lotterien\u201c, finden Sie La Primitiva und erstellen Sie Ihre Kombination.<\/p>\n<p>Um zu spielen, ben\u00f6tigen Sie nur einen erwachsenen Einwohner Kroatiens und ein mobiles Ger\u00e4t oder einen Computer mit Internetzugang. Der gesamte Spielprozess erfolgt online.<\/p>\n<h2>La Primitiva Ziehungen und Gewinnzahlen \u2013 Loto 6 Ergebnisse<\/h2>\n<p>Die Ziehungen f\u00fcr dieses Spiel finden donnerstags und samstags statt, w\u00e4hrend die Loto 6\/45 Ergebnisse donnerstags und sonntags verf\u00fcgbar sind. Sie k\u00f6nnen die Gewinnzahlen f\u00fcr La Primitiva kurz nach der Ziehung finden, da wir die Ergebnisse direkt von den Lotterieorganisatoren erhalten. Um sich mit diesem Spiel vertraut zu machen, werfen Sie einen Blick auf die Zahlen, die in der letzten Runde gezogen wurden.<\/p>\n<p>Die letzte Runde brachte folgende Gewinnkombination: 4, 10, 14, 15, 22, 45 und die Jokerzahl 4. Die n\u00e4chste Ziehung wird die letzte f\u00fcr Dezember 2021 sein. Ziehungsergebnisse im Laufe der Jahre sowie vollst\u00e4ndige Statistiken finden Sie ebenfalls auf unserer Website unter den Rubriken \u201eLa Primitiva Ergebnisse\u201c oder \u201eLive Ergebnisse\u201c.<\/p>\n<h2>Gewinnchancen f\u00fcr den Jackpot \u2013 Loto 6 Ergebnisse<\/h2>\n<p>Der Hauptpreis in La Primitiva \u00fcbersteigt oft 7 oder 8 Millionen Euro. Umgerechnet in unsere W\u00e4hrung sind das mehr als 60 Millionen Kuna! Dies ist mehr als 20 Mal so gro\u00df wie der Preis in der kroatischen Lottogesellschaft Loto 6\/45. Die Gewinnchancen sind jedoch deutlich geringer.<\/p>\n<h2>Gewinnchancen nach Kategorie:<\/h2>\n<ul>\n<li>6 Zahlen + Wiederholungszahl \u2013 1 zu 139.838.160<\/li>\n<li>6 Zahlen ohne Wiederholungszahl \u2013 1 zu 13.983.816<\/li>\n<li>5 Zahlen + Wiederholung \u2013 1 zu 2.330.636<\/li>\n<li>5 Zahlen ohne Wiederholung \u2013 1 zu 53.201<\/li>\n<li>4 Zahlen \u2013 1 zu 1.032<\/li>\n<li>3 Zahlen \u2013 1 zu 57<\/li>\n<\/ul>\n<p>Sie k\u00f6nnen leicht \u00fcberpr\u00fcfen, wie viel Sie gewinnen k\u00f6nnen, indem Sie die neuesten Ergebnisse ansehen. Kein Ticket hatte die Kombination, um den Hauptpreis zu gewinnen. Ein Zweitpreis brachte einem gl\u00fccklichen Spieler einen Betrag von knapp unter 1,5 Millionen Euro. Der Preis f\u00fcr die sechste Stufe war 8 Euro. Diese Informationen sind ziemlich wichtig, da eine einzelne Kombination 2,50 Euro kostet. Wir glauben, dass Sie zustimmen werden, dass die Rendite sehr lohnenswert ist.<\/p>\n<h2>Warum La Primitiva w\u00e4hlen?<\/h2>\n<p>Die \u00fcberwiegende Mehrheit der Lotteriespiele zielt darauf ab, genau 6 Zahlen zu erraten. Die italienische Lotterie, die \u00f6sterreichische Lotterie, die deutsche Lotterie und unser nationales Loto 6\/45 sind nur einige der Spiele, die wir erw\u00e4hnen k\u00f6nnen. Sie fragen sich wahrscheinlich, warum Sie dann La Primitiva spielen sollten? Hier sind 5 wichtige Gr\u00fcnde, dieses Lottospiel \u00fcber Lottomat zu spielen.<\/p>\n<ol>\n<li>Ank\u00fcndigungen \u00b7 Lotterie \u00b7 Angebote \u2013 finden Sie alles, was Sie \u00fcber diese Lotterie wissen m\u00fcssen, an einem Ort. Nirgendwo anders finden Sie die Informationen, die wir anbieten. Supersport, Germania und andere Buchmacher haben kein Archiv von Ergebnissen wie wir.<\/li>\n<li>Die gezogenen Zahlen sind nur wenige Klicks entfernt und v\u00f6llig kostenlos. Sie k\u00f6nnen die Ergebnisse \u00fcberpr\u00fcfen, ohne ein Konto erstellen zu m\u00fcssen.<\/li>\n<li>La Primitiva bietet viel gr\u00f6\u00dfere Jackpotpreise als Loto 6 Ergebnisse. Zugegeben, die Gewinne sind nicht so hoch wie die der italienischen Loto 6\/90 Ergebnisse, aber das Spiel ist immer noch viel lohnender als heimische Lotterien.<\/li>\n<li>Lotteriespiele sollten nur mit vertrauensw\u00fcrdigen Organisatoren gespielt werden, und wir sind einer davon, da wir eine internationale Lizenz besitzen. Mit uns sind Sie sicher, von der ersten Einzahlung bis zur Auszahlung.<\/li>\n<li>Loto 6\/45 Ergebnisse haben in diesem Jahr nur zwei Hauptpreisgewinner hervorgebracht. Das ist ein klares Zeichen daf\u00fcr, dass es Zeit ist, auf ausl\u00e4ndische Lotterien umzusteigen. Schauen Sie sich einfach die Ergebnisse der letzten La Primitiva-Ziehung an und Sie werden sehen, dass die Gesamtzahlung pro Gewinner fast 6 Millionen Euro betr\u00e4gt! Das ist deutlich mehr, als wenn wir mehrere Loto 6\/45 Runden kombinieren w\u00fcrden.<\/li>\n<\/ol>\n<h2>Tipps f\u00fcr das Spielen von La Primitiva \u2013 Loto 6 Ergebnisse<\/h2>\n<p>Ehrlich gesagt, gibt es kein gro\u00dfes Geheimnis. Der Rat ist der gleiche wie f\u00fcr jedes andere Lotteriespiel in unserem Angebot. Seien Sie beharrlich und \u00fcberpr\u00fcfen Sie h\u00e4ufig die Lotterieergebnisse, auch wenn Sie kein Ticket f\u00fcr diese Runde abgegeben haben. Auf diese Weise wird es Ihnen leichter fallen, Muster in den Ziehungen zu erkennen und hei\u00dfe und kalte Zahlen zu identifizieren. Was die Beharrlichkeit betrifft, denken Sie daran, dass niemand \u00fcber Nacht reich wurde. Geben Sie nicht auf, wenn Sie den Hauptpreis nach 11 oder 12 Tickets noch nicht gewonnen haben. Ein greifbarer Gewinn wird irgendwann kommen. F\u00fcr mehr Statistiken \u00fcber La Primitiva k\u00f6nnen Sie mehr im Abschnitt \u201eLa Primitiva Ergebnisse\u201c lesen. Dort haben wir gen\u00fcgend Informationen f\u00fcr einen erfolgreichen Start in das Spielen dieses fantastischen Lottospiels bereitgestellt.<\/p>\n","protected":false},"excerpt":{"rendered":"<p>La Primitiva \u2013 Ein Lottospiel \u00c4hnlich Unserem Loto 6 Vor kurzem haben wir in einem unserer Artikel das 6\/45 Lottospiel besprochen und die Ergebnisse aus dem Jahr 2021 \u00fcberpr\u00fcft. Kurz gesagt, Loto 6\/45 ist eines der beliebtesten Lottospiele, das von der Kroatischen Lotterie organisiert wird. Andererseits ist die La Primitiva-Lotterie eine faszinierende europ\u00e4ische Lotterie, die [&hellip;]<\/p>\n","protected":false},"author":1,"featured_media":0,"parent":6772,"menu_order":7,"comment_status":"closed","ping_status":"closed","template":"la-primitiva.php","meta":{"_et_pb_use_builder":"","_et_pb_old_content":"","_et_gb_content_width":"","exclude_from_search":false,"footnotes":""},"class_list":["post-6646","page","type-page","status-publish","hentry"],"yoast_head":"<!-- This site is optimized with the Yoast SEO plugin v23.8 - https:\/\/yoast.com\/wordpress\/plugins\/seo\/ -->\n<title>La Primitiva online spielen, [6\/49] - LottoMat<\/title>\n<meta name=\"description\" content=\"La Primitiva ist eine fantastische Lotterie, die neue Spieler anzieht! Gewinnen Sie einen La Primitiva-Jackpot und werden Sie Million\u00e4r!\" \/>\n<meta name=\"robots\" content=\"index, follow, max-snippet:-1, max-image-preview:large, max-video-preview:-1\" \/>\n<link rel=\"canonical\" href=\"https:\/\/lottomat.com\/de\/spielen\/la-primitiva\/\" \/>\n<meta property=\"og:locale\" content=\"de_DE\" \/>\n<meta property=\"og:type\" content=\"article\" \/>\n<meta property=\"og:title\" content=\"La Primitiva online spielen, [6\/49] - LottoMat\" \/>\n<meta property=\"og:description\" content=\"La Primitiva ist eine fantastische Lotterie, die neue Spieler anzieht! Gewinnen Sie einen La Primitiva-Jackpot und werden Sie Million\u00e4r!\" \/>\n<meta property=\"og:url\" content=\"https:\/\/lottomat.com\/de\/spielen\/la-primitiva\/\" \/>\n<meta property=\"og:site_name\" content=\"Lottomat\" \/>\n<meta property=\"article:modified_time\" content=\"2025-04-07T07:25:33+00:00\" \/>\n<meta name=\"twitter:card\" content=\"summary_large_image\" \/>\n<meta name=\"twitter:label1\" content=\"Gesch\u00e4tzte Lesezeit\" \/>\n\t<meta name=\"twitter:data1\" content=\"4\u00a0Minuten\" \/>\n<script type=\"application\/ld+json\" class=\"yoast-schema-graph\">{\"@context\":\"https:\/\/schema.org\",\"@graph\":[{\"@type\":\"WebPage\",\"@id\":\"https:\/\/lottomat.com\/de\/spielen\/la-primitiva\/\",\"url\":\"https:\/\/lottomat.com\/de\/spielen\/la-primitiva\/\",\"name\":\"La Primitiva online spielen, [6\/49] - LottoMat\",\"isPartOf\":{\"@id\":\"https:\/\/lottomat.com\/de\/#website\"},\"datePublished\":\"2025-03-26T09:17:42+00:00\",\"dateModified\":\"2025-04-07T07:25:33+00:00\",\"description\":\"La Primitiva ist eine fantastische Lotterie, die neue Spieler anzieht! Gewinnen Sie einen La Primitiva-Jackpot und werden Sie Million\u00e4r!\",\"breadcrumb\":{\"@id\":\"https:\/\/lottomat.com\/de\/spielen\/la-primitiva\/#breadcrumb\"},\"inLanguage\":\"de\",\"potentialAction\":[{\"@type\":\"ReadAction\",\"target\":[\"https:\/\/lottomat.com\/de\/spielen\/la-primitiva\/\"]}]},{\"@type\":\"BreadcrumbList\",\"@id\":\"https:\/\/lottomat.com\/de\/spielen\/la-primitiva\/#breadcrumb\",\"itemListElement\":[{\"@type\":\"ListItem\",\"position\":1,\"name\":\"Home\",\"item\":\"https:\/\/lottomat.com\/de\/\"},{\"@type\":\"ListItem\",\"position\":2,\"name\":\"Lotto Online Spielen\",\"item\":\"https:\/\/lottomat.com\/de\/spielen\/\"},{\"@type\":\"ListItem\",\"position\":3,\"name\":\"La Primitiva online spielen\"}]},{\"@type\":\"WebSite\",\"@id\":\"https:\/\/lottomat.com\/de\/#website\",\"url\":\"https:\/\/lottomat.com\/de\/\",\"name\":\"Lottomat\",\"description\":\"\",\"potentialAction\":[{\"@type\":\"SearchAction\",\"target\":{\"@type\":\"EntryPoint\",\"urlTemplate\":\"https:\/\/lottomat.com\/de\/?s={search_term_string}\"},\"query-input\":{\"@type\":\"PropertyValueSpecification\",\"valueRequired\":true,\"valueName\":\"search_term_string\"}}],\"inLanguage\":\"de\"}]}<\/script>\n<!-- \/ Yoast SEO plugin. -->","yoast_head_json":{"title":"La Primitiva online spielen, [6\/49] - LottoMat","description":"La Primitiva ist eine fantastische Lotterie, die neue Spieler anzieht! Gewinnen Sie einen La Primitiva-Jackpot und werden Sie Million\u00e4r!","robots":{"index":"index","follow":"follow","max-snippet":"max-snippet:-1","max-image-preview":"max-image-preview:large","max-video-preview":"max-video-preview:-1"},"canonical":"https:\/\/lottomat.com\/de\/spielen\/la-primitiva\/","og_locale":"de_DE","og_type":"article","og_title":"La Primitiva online spielen, [6\/49] - LottoMat","og_description":"La Primitiva ist eine fantastische Lotterie, die neue Spieler anzieht! Gewinnen Sie einen La Primitiva-Jackpot und werden Sie Million\u00e4r!","og_url":"https:\/\/lottomat.com\/de\/spielen\/la-primitiva\/","og_site_name":"Lottomat","article_modified_time":"2025-04-07T07:25:33+00:00","twitter_card":"summary_large_image","twitter_misc":{"Gesch\u00e4tzte Lesezeit":"4\u00a0Minuten"},"schema":{"@context":"https:\/\/schema.org","@graph":[{"@type":"WebPage","@id":"https:\/\/lottomat.com\/de\/spielen\/la-primitiva\/","url":"https:\/\/lottomat.com\/de\/spielen\/la-primitiva\/","name":"La Primitiva online spielen, [6\/49] - LottoMat","isPartOf":{"@id":"https:\/\/lottomat.com\/de\/#website"},"datePublished":"2025-03-26T09:17:42+00:00","dateModified":"2025-04-07T07:25:33+00:00","description":"La Primitiva ist eine fantastische Lotterie, die neue Spieler anzieht! Gewinnen Sie einen La Primitiva-Jackpot und werden Sie Million\u00e4r!","breadcrumb":{"@id":"https:\/\/lottomat.com\/de\/spielen\/la-primitiva\/#breadcrumb"},"inLanguage":"de","potentialAction":[{"@type":"ReadAction","target":["https:\/\/lottomat.com\/de\/spielen\/la-primitiva\/"]}]},{"@type":"BreadcrumbList","@id":"https:\/\/lottomat.com\/de\/spielen\/la-primitiva\/#breadcrumb","itemListElement":[{"@type":"ListItem","position":1,"name":"Home","item":"https:\/\/lottomat.com\/de\/"},{"@type":"ListItem","position":2,"name":"Lotto Online Spielen","item":"https:\/\/lottomat.com\/de\/spielen\/"},{"@type":"ListItem","position":3,"name":"La Primitiva online spielen"}]},{"@type":"WebSite","@id":"https:\/\/lottomat.com\/de\/#website","url":"https:\/\/lottomat.com\/de\/","name":"Lottomat","description":"","potentialAction":[{"@type":"SearchAction","target":{"@type":"EntryPoint","urlTemplate":"https:\/\/lottomat.com\/de\/?s={search_term_string}"},"query-input":{"@type":"PropertyValueSpecification","valueRequired":true,"valueName":"search_term_string"}}],"inLanguage":"de"}]}},"_links":{"self":[{"href":"https:\/\/lottomat.com\/de\/wp-json\/wp\/v2\/pages\/6646","targetHints":{"allow":["GET"]}}],"collection":[{"href":"https:\/\/lottomat.com\/de\/wp-json\/wp\/v2\/pages"}],"about":[{"href":"https:\/\/lottomat.com\/de\/wp-json\/wp\/v2\/types\/page"}],"author":[{"embeddable":true,"href":"https:\/\/lottomat.com\/de\/wp-json\/wp\/v2\/users\/1"}],"replies":[{"embeddable":true,"href":"https:\/\/lottomat.com\/de\/wp-json\/wp\/v2\/comments?post=6646"}],"version-history":[{"count":0,"href":"https:\/\/lottomat.com\/de\/wp-json\/wp\/v2\/pages\/6646\/revisions"}],"up":[{"embeddable":true,"href":"https:\/\/lottomat.com\/de\/wp-json\/wp\/v2\/pages\/6772"}],"wp:attachment":[{"href":"https:\/\/lottomat.com\/de\/wp-json\/wp\/v2\/media?parent=6646"}],"curies":[{"name":"wp","href":"https:\/\/api.w.org\/{rel}","templated":true}]}}