{"id":6549,"date":"2025-03-26T09:05:36","date_gmt":"2025-03-26T09:05:36","guid":{"rendered":"https:\/\/lottomat.net\/?page_id=6549"},"modified":"2025-04-07T07:24:54","modified_gmt":"2025-04-07T07:24:54","slug":"el-gordo-online-primitiva","status":"publish","type":"page","link":"https:\/\/lottomat.com\/de\/spielen\/el-gordo-online-primitiva\/","title":{"rendered":"El Gordo online spielen"},"content":{"rendered":"\n\n<div class=\"kk-star-ratings kksr-auto kksr-align-left kksr-valign-top\"\n    data-payload='{&quot;align&quot;:&quot;left&quot;,&quot;id&quot;:&quot;6549&quot;,&quot;slug&quot;:&quot;default&quot;,&quot;valign&quot;:&quot;top&quot;,&quot;ignore&quot;:&quot;&quot;,&quot;reference&quot;:&quot;auto&quot;,&quot;class&quot;:&quot;&quot;,&quot;count&quot;:&quot;0&quot;,&quot;legendonly&quot;:&quot;&quot;,&quot;readonly&quot;:&quot;&quot;,&quot;score&quot;:&quot;0&quot;,&quot;starsonly&quot;:&quot;&quot;,&quot;best&quot;:&quot;5&quot;,&quot;gap&quot;:&quot;5&quot;,&quot;greet&quot;:&quot;Rate this page&quot;,&quot;legend&quot;:&quot;0\\\/5 - (0 votes)&quot;,&quot;size&quot;:&quot;30&quot;,&quot;title&quot;:&quot;El Gordo online spielen&quot;,&quot;width&quot;:&quot;0&quot;,&quot;_legend&quot;:&quot;{score}\\\/{best} - ({count} {votes})&quot;,&quot;font_factor&quot;:&quot;1.25&quot;}'>\n            \n<div class=\"kksr-stars\">\n    \n<div class=\"kksr-stars-inactive\">\n            <div class=\"kksr-star\" data-star=\"1\" style=\"padding-right: 5px\">\n            \n\n<div class=\"kksr-icon\" style=\"width: 30px; height: 30px;\"><\/div>\n        <\/div>\n            <div class=\"kksr-star\" data-star=\"2\" style=\"padding-right: 5px\">\n            \n\n<div class=\"kksr-icon\" style=\"width: 30px; height: 30px;\"><\/div>\n        <\/div>\n            <div class=\"kksr-star\" data-star=\"3\" style=\"padding-right: 5px\">\n            \n\n<div class=\"kksr-icon\" style=\"width: 30px; height: 30px;\"><\/div>\n        <\/div>\n            <div class=\"kksr-star\" data-star=\"4\" style=\"padding-right: 5px\">\n            \n\n<div class=\"kksr-icon\" style=\"width: 30px; height: 30px;\"><\/div>\n        <\/div>\n            <div class=\"kksr-star\" data-star=\"5\" style=\"padding-right: 5px\">\n            \n\n<div class=\"kksr-icon\" style=\"width: 30px; height: 30px;\"><\/div>\n        <\/div>\n    <\/div>\n    \n<div class=\"kksr-stars-active\" style=\"width: 0px;\">\n            <div class=\"kksr-star\" style=\"padding-right: 5px\">\n            \n\n<div class=\"kksr-icon\" style=\"width: 30px; height: 30px;\"><\/div>\n        <\/div>\n            <div class=\"kksr-star\" style=\"padding-right: 5px\">\n            \n\n<div class=\"kksr-icon\" style=\"width: 30px; height: 30px;\"><\/div>\n        <\/div>\n            <div class=\"kksr-star\" style=\"padding-right: 5px\">\n            \n\n<div class=\"kksr-icon\" style=\"width: 30px; height: 30px;\"><\/div>\n        <\/div>\n            <div class=\"kksr-star\" style=\"padding-right: 5px\">\n            \n\n<div class=\"kksr-icon\" style=\"width: 30px; height: 30px;\"><\/div>\n        <\/div>\n            <div class=\"kksr-star\" style=\"padding-right: 5px\">\n            \n\n<div class=\"kksr-icon\" style=\"width: 30px; height: 30px;\"><\/div>\n        <\/div>\n    <\/div>\n<\/div>\n                \n\n<div class=\"kksr-legend\" style=\"font-size: 24px;\">\n            <span class=\"kksr-muted\">Rate this page<\/span>\n    <\/div>\n    <\/div>\n<h2><img loading=\"lazy\" decoding=\"async\" class=\"alignleft wp-image-3416\" src=\"https:\/\/lottomat.com\/wp-content\/uploads\/2025\/03\/El-Gordo-Registration-300x300.png\" alt=\"El Gordo - Registrierung\" width=\"100\" height=\"100\" srcset=\"https:\/\/lottomat.com\/wp-content\/uploads\/2025\/03\/El-Gordo-Registration-300x300.png 300w, https:\/\/lottomat.com\/wp-content\/uploads\/2025\/03\/El-Gordo-Registration-150x150.png 150w, https:\/\/lottomat.com\/wp-content\/uploads\/2025\/03\/El-Gordo-Registration-100x100.png 100w, https:\/\/lottomat.com\/wp-content\/uploads\/2025\/03\/El-Gordo-Registration.png 400w\" sizes=\"auto, (max-width: 100px) 100vw, 100px\" \/>El Gordo &#8211; Registrierung<\/h2>\n<div>El Gordo ist ein spanisches Lotteriespiel mit einfachen Regeln. La Primitiva und El Gordo geh\u00f6ren zu den beliebtesten Lotteriespielen in Spanien. La Primitiva \u00e4hnelt Lotto 6 sehr. Das zweite Spiel hat keine \u00c4hnlichkeiten mit Lotto 6 oder Lotto 7.<\/div>\n<div><\/div>\n<div>Lesen Sie weiter, um zu erfahren, wie Sie El Gordo online spielen, Live-Ergebnisse verfolgen, Ihre potenziellen Gewinne einfordern und weitere wichtige Details entdecken, die Ihnen helfen, dieses Spiel zu meistern.<\/div>\n<div><\/div>\n<div>Erstellen Sie zun\u00e4chst ein Benutzerkonto auf unserer Website. Dies kann jeder vollj\u00e4hrige B\u00fcrger weltweit tun. F\u00fcr die Kontoer\u00f6ffnung ben\u00f6tigen Sie grundlegende Informationen wie Vor- und Nachnamen und E-Mail-Adresse sowie eine Kreditkarte oder ein E-Wallet f\u00fcr Ein- und Auszahlungen.<\/div>\n<div>Und das war&#8217;s!<\/div>\n<div><\/div>\n<div>Sobald Sie Ihr Konto erstellt und verifiziert haben, melden Sie sich mit Ihren Benutzerdaten an und Ihr ultimatives Lotterie-Erlebnis kann beginnen.<\/div>\n<div><\/div>\n<h2><img loading=\"lazy\" decoding=\"async\" class=\"alignleft wp-image-3445\" src=\"https:\/\/lottomat.com\/wp-content\/uploads\/2025\/03\/How-to-Play-El-Gordo-300x300.png\" alt=\"Wie spielt man El Gordo?\" width=\"100\" height=\"100\" srcset=\"https:\/\/lottomat.com\/wp-content\/uploads\/2025\/03\/How-to-Play-El-Gordo-300x300.png 300w, https:\/\/lottomat.com\/wp-content\/uploads\/2025\/03\/How-to-Play-El-Gordo-150x150.png 150w, https:\/\/lottomat.com\/wp-content\/uploads\/2025\/03\/How-to-Play-El-Gordo-100x100.png 100w, https:\/\/lottomat.com\/wp-content\/uploads\/2025\/03\/How-to-Play-El-Gordo.png 400w\" sizes=\"auto, (max-width: 100px) 100vw, 100px\" \/>Wie spielt man El Gordo? Lotterie-Registrierung<\/h2>\n<div>Wenn Sie El Gordo in unserer gro\u00dfen Auswahl an Lotteriespielen finden, w\u00e4hlen Sie die Option \u201eJetzt spielen\u201c. Auf dem n\u00e4chsten Bildschirm w\u00e4hlen Sie Ihre Gl\u00fcckszahlen.<\/div>\n<div>Hier sind die Regeln, die jeder Spieler kennen sollte.<\/div>\n<ul>\n<li>Bei diesem Spiel werden nur f\u00fcnf von insgesamt 54 Zahlen gezogen. Es gibt keine zus\u00e4tzlichen oder einmaligen Zahlen. Sie k\u00f6nnen Ihre Kombination selbst w\u00e4hlen oder ein Los mit unserer \u201eAuto-Pick\u201c-Option spielen, die die Zahlen zuf\u00e4llig f\u00fcr Sie ausw\u00e4hlt.<\/li>\n<li>Der Preis f\u00fcr eine Kombination bei El Gordo betr\u00e4gt 2,80 \u20ac. Ein Los kann maximal f\u00fcnf Kombinationen enthalten. Eine weitere beliebte Option unserer Spieler ist die M\u00f6glichkeit, Lose f\u00fcr mehrere Ziehungen im Voraus zu kaufen.<\/li>\n<li>Wenn Sie mit Ihrer Zahlenauswahl und allen Optionen zufrieden sind, klicken Sie auf \u201eWeiter\u201c. Sie werden dann zur Zahlung weitergeleitet und nehmen an der n\u00e4chsten Ziehung teil.<\/li>\n<\/ul>\n<h2><img loading=\"lazy\" decoding=\"async\" class=\"alignleft wp-image-3474\" src=\"https:\/\/lottomat.com\/wp-content\/uploads\/2025\/03\/Where-and-How-to-Check-Winnings-300x300.png\" alt=\"Wo und wie man Gewinne abfragt\" width=\"100\" height=\"100\" srcset=\"https:\/\/lottomat.com\/wp-content\/uploads\/2025\/03\/Where-and-How-to-Check-Winnings-300x300.png 300w, https:\/\/lottomat.com\/wp-content\/uploads\/2025\/03\/Where-and-How-to-Check-Winnings-150x150.png 150w, https:\/\/lottomat.com\/wp-content\/uploads\/2025\/03\/Where-and-How-to-Check-Winnings-100x100.png 100w, https:\/\/lottomat.com\/wp-content\/uploads\/2025\/03\/Where-and-How-to-Check-Winnings.png 400w\" sizes=\"auto, (max-width: 100px) 100vw, 100px\" \/>Ziehungen und Ergebnisse \u2013 Wo und wie man Gewinne abfragt<\/h2>\n<div>Die Zahlenziehung findet jeden Sonntag um 22 Uhr statt und gibt den Gewinner bekannt. Im Gegensatz zu vielen anderen Lotterien wird bei El Gordo nur einmal pro Woche gezogen. Dies ist kein gro\u00dfes Problem, da Sie die ganze Woche \u00fcber viele verschiedene Spiele aus unserem Angebot spielen k\u00f6nnen.<\/div>\n<div><\/div>\n<div>Die Ergebnisse k\u00f6nnen Sie nur an einer Stelle abrufen. Cro Bet, Supersport, PSK und andere Anbieter von Live-Wetten bieten dieses Spiel nicht an und haben auch keine Ziehungsergebnisse.<\/div>\n<div><\/div>\n<div>Mit anderen Worten: Die Ergebnisse f\u00fcr El Gordo k\u00f6nnen Sie nur \u00fcber die Lottomat-Website abrufen. Die Abfrage der Ergebnisse f\u00fcr alle Spiele aus unserem Angebot ist einer unserer Services. Die Abfrage der Gewinne ist f\u00fcr alle kostenlos m\u00f6glich. Neben den neuesten Ergebnissen k\u00f6nnen Spieler auch archivierte Ergebnisse einsehen. Unser Archiv umfasst Ziehungen aus bis zu f\u00fcnf Jahren.<\/div>\n<h2><img loading=\"lazy\" decoding=\"async\" class=\"alignleft wp-image-3503\" src=\"https:\/\/lottomat.com\/wp-content\/uploads\/2025\/03\/Winnings-and-Chances-of-Winning-300x300.png\" alt=\"Gewinne und Gewinnchancen\" width=\"100\" height=\"100\" srcset=\"https:\/\/lottomat.com\/wp-content\/uploads\/2025\/03\/Winnings-and-Chances-of-Winning-300x300.png 300w, https:\/\/lottomat.com\/wp-content\/uploads\/2025\/03\/Winnings-and-Chances-of-Winning-150x150.png 150w, https:\/\/lottomat.com\/wp-content\/uploads\/2025\/03\/Winnings-and-Chances-of-Winning-100x100.png 100w, https:\/\/lottomat.com\/wp-content\/uploads\/2025\/03\/Winnings-and-Chances-of-Winning.png 400w\" sizes=\"auto, (max-width: 100px) 100vw, 100px\" \/>Gewinne und Gewinnchancen \u2013 Lotterieregistrierung<\/h2>\n<div>Die durchschnittlichen Gewinne bei El Gordo liegen zwischen 6 und 8 Millionen Euro. Der letzte Jackpot lag beispielsweise bei etwas \u00fcber 5.800.000 Euro, w\u00e4hrend die n\u00e4chste Ziehung 5.400.000 Euro betr\u00e4gt. Der Mindesteinsatz betr\u00e4gt 5.000.000 Euro.<\/div>\n<div>Ein weiterer Vorteil dieser Lotterie sind die acht Gewinnklassen, wodurch Ihre Chancen, mindestens einen Preis zu gewinnen, durchaus realistisch sind. Bitte \u00fcberpr\u00fcfen Sie die folgenden Informationen, um Ihre genauen Gewinnchancen zu erfahren:<\/div>\n<ul>\n<li>Erster Preis \u2013 1 zu 31.625.100<\/li>\n<li>Zweiter Preis \u2013 1 zu 3.513.900<\/li>\n<li>Dritter Preis \u2013 1 zu 129.082<\/li>\n<li>Vierter Preis \u2013 1 zu 14.342<\/li>\n<li>F\u00fcnfter Preis \u2013 1 zu 2.689<\/li>\n<li>Sechster Preis \u2013 1 zu 299<\/li>\n<li>Siebter Preis \u2013 1 zu 172<\/li>\n<li>Achter Preis \u2013 1 zu 19<\/li>\n<\/ul>\n<div>Der Gewinnbetrag h\u00e4ngt von der Anzahl der Spieler ab, die die Gewinnkombination f\u00fcr die jeweilige Gewinnstufe treffen. Wer beispielsweise die zweite Stufe erreicht und als Einziger die richtige Kombination hat, gewinnt \u00fcber 150.000 Euro. Bei drei Gewinnern hingegen erh\u00e4lt jeder rund 40.000 Euro.<\/div>\n<h2><img loading=\"lazy\" decoding=\"async\" class=\"alignleft wp-image-3532\" src=\"https:\/\/lottomat.com\/wp-content\/uploads\/2025\/03\/How-Can-I-Claim-My-Winnings-300x300.png\" alt=\"Wie kann ich meinen Gewinn einfordern?\" width=\"100\" height=\"100\" srcset=\"https:\/\/lottomat.com\/wp-content\/uploads\/2025\/03\/How-Can-I-Claim-My-Winnings-300x300.png 300w, https:\/\/lottomat.com\/wp-content\/uploads\/2025\/03\/How-Can-I-Claim-My-Winnings-150x150.png 150w, https:\/\/lottomat.com\/wp-content\/uploads\/2025\/03\/How-Can-I-Claim-My-Winnings-100x100.png 100w, https:\/\/lottomat.com\/wp-content\/uploads\/2025\/03\/How-Can-I-Claim-My-Winnings.png 400w\" sizes=\"auto, (max-width: 100px) 100vw, 100px\" \/>Wie kann ich meinen Gewinn einfordern?<\/h2>\n<div>Nach Abschluss der Ziehung und der \u00dcberpr\u00fcfung des Gewinns m\u00f6chte der Spieler nat\u00fcrlich wissen, wie er diesen einfordern kann.<\/div>\n<div>Wenn Sie Ihr Los bei Lottomat gekauft haben, k\u00f6nnen Sie Ihren Gewinn bei uns einfordern. Wir bieten alle Dienstleistungen rund ums Lotto an, einschlie\u00dflich Auszahlungen. So funktioniert der Vorgang:<\/div>\n<ul>\n<li>Schritt 1: \u00dcberpr\u00fcfen Sie Ihre Lose.<\/li>\n<li>Schritt 2: Wenn Ihr Los gewinnt und der Betrag weniger als 2.500 Euro betr\u00e4gt, wird der Gewinn automatisch ausgezahlt.<\/li>\n<li>Schritt 3: Wenn der Gewinn 2.500 \u20ac \u00fcbersteigt, wenden Sie sich bitte an einen unserer Kundenbetreuer.<\/li>\n<li>Schritt 4: Vereinbaren Sie die Abholung Ihres hohen Gewinns \u00fcber unsere Mitarbeiter.<\/li>\n<\/ul>\n<div>Lottomat veranstaltet Online-Lotteriespiele und verf\u00fcgt \u00fcber eine Lizenz f\u00fcr den Betrieb in Ihrem Land. Wir m\u00fcssen jedoch die lokalen Gesetze einhalten. Das bedeutet, dass wir die Steuern auf Gewinne nicht umgehen k\u00f6nnen. Sie m\u00fcssen unabh\u00e4ngig vom Gewinnbetrag Steuern zahlen.<\/div>\n<h2><img loading=\"lazy\" decoding=\"async\" class=\"alignleft wp-image-3561\" src=\"https:\/\/lottomat.com\/wp-content\/uploads\/2025\/03\/Tips-for-Success-in-El-Gordo-Draws-300x300.png\" alt=\"Tipps f\u00fcr den Erfolg bei El Gordo Ziehungen\" width=\"100\" height=\"100\" srcset=\"https:\/\/lottomat.com\/wp-content\/uploads\/2025\/03\/Tips-for-Success-in-El-Gordo-Draws-300x300.png 300w, https:\/\/lottomat.com\/wp-content\/uploads\/2025\/03\/Tips-for-Success-in-El-Gordo-Draws-150x150.png 150w, https:\/\/lottomat.com\/wp-content\/uploads\/2025\/03\/Tips-for-Success-in-El-Gordo-Draws-100x100.png 100w, https:\/\/lottomat.com\/wp-content\/uploads\/2025\/03\/Tips-for-Success-in-El-Gordo-Draws.png 400w\" sizes=\"auto, (max-width: 100px) 100vw, 100px\" \/>Tipps f\u00fcr den Erfolg bei El Gordo Ziehungen<\/h2>\n<div>Unsere Tipps sind auf jede Lotterie anwendbar.<\/div>\n<ul>\n<li>Spielen Sie regelm\u00e4\u00dfig: Nehmen Sie sich t\u00e4glich ein paar Minuten Zeit, um die beste Kombination f\u00fcr die n\u00e4chste Ziehung zu finden.<\/li>\n<li>Nicht aufgeben: Lassen Sie sich nicht entmutigen, wenn Ihre ersten paar Lose nicht gewinnen. Spielen Sie weiter, und die Ergebnisse werden kommen.<\/li>\n<li>Spielen Sie mit Familie und Freunden: Je mehr Spieler Sie haben, desto mehr Kombinationen k\u00f6nnen Sie eingeben. Das erh\u00f6ht Ihre Gewinnchancen. Wenn Sie gewinnen, teilen Sie Ihren Gewinn zu gleichen Teilen.<\/li>\n<\/ul>\n<div>Viel Gl\u00fcck und denken Sie daran, dass Lottomat immer mehr bietet!<\/div>\n","protected":false},"excerpt":{"rendered":"<p>El Gordo &#8211; Registrierung El Gordo ist ein spanisches Lotteriespiel mit einfachen Regeln. La Primitiva und El Gordo geh\u00f6ren zu den beliebtesten Lotteriespielen in Spanien. La Primitiva \u00e4hnelt Lotto 6 sehr. Das zweite Spiel hat keine \u00c4hnlichkeiten mit Lotto 6 oder Lotto 7. Lesen Sie weiter, um zu erfahren, wie Sie El Gordo online spielen, [&hellip;]<\/p>\n","protected":false},"author":1,"featured_media":0,"parent":6772,"menu_order":6,"comment_status":"closed","ping_status":"closed","template":"el-gordo.php","meta":{"_et_pb_use_builder":"","_et_pb_old_content":"","_et_gb_content_width":"","exclude_from_search":false,"footnotes":""},"class_list":["post-6549","page","type-page","status-publish","hentry"],"yoast_head":"<!-- This site is optimized with the Yoast SEO plugin v23.8 - https:\/\/yoast.com\/wordpress\/plugins\/seo\/ -->\n<title>El Gordo online spielen, El Gordo de la Primitiva, El Gordo spielen \u2013 LottoMat<\/title>\n<meta name=\"description\" content=\"El Gordo ist eine unglaubliche Lotterie, die neue Spieler anzieht! Nehmen Sie am El Gordo-Jackpot teil und werden Sie Million\u00e4r!\" \/>\n<meta name=\"robots\" content=\"index, follow, max-snippet:-1, max-image-preview:large, max-video-preview:-1\" \/>\n<link rel=\"canonical\" href=\"https:\/\/lottomat.com\/de\/spielen\/el-gordo-online-primitiva\/\" \/>\n<meta property=\"og:locale\" content=\"de_DE\" \/>\n<meta property=\"og:type\" content=\"article\" \/>\n<meta property=\"og:title\" content=\"El Gordo online spielen, El Gordo de la Primitiva, El Gordo spielen \u2013 LottoMat\" \/>\n<meta property=\"og:description\" content=\"El Gordo ist eine unglaubliche Lotterie, die neue Spieler anzieht! Nehmen Sie am El Gordo-Jackpot teil und werden Sie Million\u00e4r!\" \/>\n<meta property=\"og:url\" content=\"https:\/\/lottomat.com\/de\/spielen\/el-gordo-online-primitiva\/\" \/>\n<meta property=\"og:site_name\" content=\"Lottomat\" \/>\n<meta property=\"article:modified_time\" content=\"2025-04-07T07:24:54+00:00\" \/>\n<meta property=\"og:image\" content=\"https:\/\/lottomat.com\/wp-content\/uploads\/2025\/03\/El-Gordo-Registration-300x300.png\" \/>\n<meta name=\"twitter:card\" content=\"summary_large_image\" \/>\n<script type=\"application\/ld+json\" class=\"yoast-schema-graph\">{\"@context\":\"https:\/\/schema.org\",\"@graph\":[{\"@type\":\"WebPage\",\"@id\":\"https:\/\/lottomat.com\/de\/spielen\/el-gordo-online-primitiva\/\",\"url\":\"https:\/\/lottomat.com\/de\/spielen\/el-gordo-online-primitiva\/\",\"name\":\"El Gordo online spielen, El Gordo de la Primitiva, El Gordo spielen \u2013 LottoMat\",\"isPartOf\":{\"@id\":\"https:\/\/lottomat.com\/de\/#website\"},\"primaryImageOfPage\":{\"@id\":\"https:\/\/lottomat.com\/de\/spielen\/el-gordo-online-primitiva\/#primaryimage\"},\"image\":{\"@id\":\"https:\/\/lottomat.com\/de\/spielen\/el-gordo-online-primitiva\/#primaryimage\"},\"thumbnailUrl\":\"https:\/\/lottomat.com\/wp-content\/uploads\/2025\/03\/El-Gordo-Registration-300x300.png\",\"datePublished\":\"2025-03-26T09:05:36+00:00\",\"dateModified\":\"2025-04-07T07:24:54+00:00\",\"description\":\"El Gordo ist eine unglaubliche Lotterie, die neue Spieler anzieht! Nehmen Sie am El Gordo-Jackpot teil und werden Sie Million\u00e4r!\",\"breadcrumb\":{\"@id\":\"https:\/\/lottomat.com\/de\/spielen\/el-gordo-online-primitiva\/#breadcrumb\"},\"inLanguage\":\"de\",\"potentialAction\":[{\"@type\":\"ReadAction\",\"target\":[\"https:\/\/lottomat.com\/de\/spielen\/el-gordo-online-primitiva\/\"]}]},{\"@type\":\"ImageObject\",\"inLanguage\":\"de\",\"@id\":\"https:\/\/lottomat.com\/de\/spielen\/el-gordo-online-primitiva\/#primaryimage\",\"url\":\"https:\/\/lottomat.com\/wp-content\/uploads\/2025\/03\/El-Gordo-Registration-300x300.png\",\"contentUrl\":\"https:\/\/lottomat.com\/wp-content\/uploads\/2025\/03\/El-Gordo-Registration-300x300.png\"},{\"@type\":\"BreadcrumbList\",\"@id\":\"https:\/\/lottomat.com\/de\/spielen\/el-gordo-online-primitiva\/#breadcrumb\",\"itemListElement\":[{\"@type\":\"ListItem\",\"position\":1,\"name\":\"Home\",\"item\":\"https:\/\/lottomat.com\/de\/\"},{\"@type\":\"ListItem\",\"position\":2,\"name\":\"Lotto Online Spielen\",\"item\":\"https:\/\/lottomat.com\/de\/spielen\/\"},{\"@type\":\"ListItem\",\"position\":3,\"name\":\"El Gordo online spielen\"}]},{\"@type\":\"WebSite\",\"@id\":\"https:\/\/lottomat.com\/de\/#website\",\"url\":\"https:\/\/lottomat.com\/de\/\",\"name\":\"Lottomat\",\"description\":\"\",\"potentialAction\":[{\"@type\":\"SearchAction\",\"target\":{\"@type\":\"EntryPoint\",\"urlTemplate\":\"https:\/\/lottomat.com\/de\/?s={search_term_string}\"},\"query-input\":{\"@type\":\"PropertyValueSpecification\",\"valueRequired\":true,\"valueName\":\"search_term_string\"}}],\"inLanguage\":\"de\"}]}<\/script>\n<!-- \/ Yoast SEO plugin. -->","yoast_head_json":{"title":"El Gordo online spielen, El Gordo de la Primitiva, El Gordo spielen \u2013 LottoMat","description":"El Gordo ist eine unglaubliche Lotterie, die neue Spieler anzieht! Nehmen Sie am El Gordo-Jackpot teil und werden Sie Million\u00e4r!","robots":{"index":"index","follow":"follow","max-snippet":"max-snippet:-1","max-image-preview":"max-image-preview:large","max-video-preview":"max-video-preview:-1"},"canonical":"https:\/\/lottomat.com\/de\/spielen\/el-gordo-online-primitiva\/","og_locale":"de_DE","og_type":"article","og_title":"El Gordo online spielen, El Gordo de la Primitiva, El Gordo spielen \u2013 LottoMat","og_description":"El Gordo ist eine unglaubliche Lotterie, die neue Spieler anzieht! Nehmen Sie am El Gordo-Jackpot teil und werden Sie Million\u00e4r!","og_url":"https:\/\/lottomat.com\/de\/spielen\/el-gordo-online-primitiva\/","og_site_name":"Lottomat","article_modified_time":"2025-04-07T07:24:54+00:00","og_image":[{"url":"https:\/\/lottomat.com\/wp-content\/uploads\/2025\/03\/El-Gordo-Registration-300x300.png"}],"twitter_card":"summary_large_image","schema":{"@context":"https:\/\/schema.org","@graph":[{"@type":"WebPage","@id":"https:\/\/lottomat.com\/de\/spielen\/el-gordo-online-primitiva\/","url":"https:\/\/lottomat.com\/de\/spielen\/el-gordo-online-primitiva\/","name":"El Gordo online spielen, El Gordo de la Primitiva, El Gordo spielen \u2013 LottoMat","isPartOf":{"@id":"https:\/\/lottomat.com\/de\/#website"},"primaryImageOfPage":{"@id":"https:\/\/lottomat.com\/de\/spielen\/el-gordo-online-primitiva\/#primaryimage"},"image":{"@id":"https:\/\/lottomat.com\/de\/spielen\/el-gordo-online-primitiva\/#primaryimage"},"thumbnailUrl":"https:\/\/lottomat.com\/wp-content\/uploads\/2025\/03\/El-Gordo-Registration-300x300.png","datePublished":"2025-03-26T09:05:36+00:00","dateModified":"2025-04-07T07:24:54+00:00","description":"El Gordo ist eine unglaubliche Lotterie, die neue Spieler anzieht! Nehmen Sie am El Gordo-Jackpot teil und werden Sie Million\u00e4r!","breadcrumb":{"@id":"https:\/\/lottomat.com\/de\/spielen\/el-gordo-online-primitiva\/#breadcrumb"},"inLanguage":"de","potentialAction":[{"@type":"ReadAction","target":["https:\/\/lottomat.com\/de\/spielen\/el-gordo-online-primitiva\/"]}]},{"@type":"ImageObject","inLanguage":"de","@id":"https:\/\/lottomat.com\/de\/spielen\/el-gordo-online-primitiva\/#primaryimage","url":"https:\/\/lottomat.com\/wp-content\/uploads\/2025\/03\/El-Gordo-Registration-300x300.png","contentUrl":"https:\/\/lottomat.com\/wp-content\/uploads\/2025\/03\/El-Gordo-Registration-300x300.png"},{"@type":"BreadcrumbList","@id":"https:\/\/lottomat.com\/de\/spielen\/el-gordo-online-primitiva\/#breadcrumb","itemListElement":[{"@type":"ListItem","position":1,"name":"Home","item":"https:\/\/lottomat.com\/de\/"},{"@type":"ListItem","position":2,"name":"Lotto Online Spielen","item":"https:\/\/lottomat.com\/de\/spielen\/"},{"@type":"ListItem","position":3,"name":"El Gordo online spielen"}]},{"@type":"WebSite","@id":"https:\/\/lottomat.com\/de\/#website","url":"https:\/\/lottomat.com\/de\/","name":"Lottomat","description":"","potentialAction":[{"@type":"SearchAction","target":{"@type":"EntryPoint","urlTemplate":"https:\/\/lottomat.com\/de\/?s={search_term_string}"},"query-input":{"@type":"PropertyValueSpecification","valueRequired":true,"valueName":"search_term_string"}}],"inLanguage":"de"}]}},"_links":{"self":[{"href":"https:\/\/lottomat.com\/de\/wp-json\/wp\/v2\/pages\/6549","targetHints":{"allow":["GET"]}}],"collection":[{"href":"https:\/\/lottomat.com\/de\/wp-json\/wp\/v2\/pages"}],"about":[{"href":"https:\/\/lottomat.com\/de\/wp-json\/wp\/v2\/types\/page"}],"author":[{"embeddable":true,"href":"https:\/\/lottomat.com\/de\/wp-json\/wp\/v2\/users\/1"}],"replies":[{"embeddable":true,"href":"https:\/\/lottomat.com\/de\/wp-json\/wp\/v2\/comments?post=6549"}],"version-history":[{"count":0,"href":"https:\/\/lottomat.com\/de\/wp-json\/wp\/v2\/pages\/6549\/revisions"}],"up":[{"embeddable":true,"href":"https:\/\/lottomat.com\/de\/wp-json\/wp\/v2\/pages\/6772"}],"wp:attachment":[{"href":"https:\/\/lottomat.com\/de\/wp-json\/wp\/v2\/media?parent=6549"}],"curies":[{"name":"wp","href":"https:\/\/api.w.org\/{rel}","templated":true}]}}