{"id":6393,"date":"2025-03-26T07:12:15","date_gmt":"2025-03-26T07:12:15","guid":{"rendered":"https:\/\/lottomat.net\/home-die-groessten-lotterien-der-welt-an-einem-ort\/"},"modified":"2026-02-13T11:54:52","modified_gmt":"2026-02-13T11:54:52","slug":"home-die-groessten-lotterien-der-welt-an-einem-ort","status":"publish","type":"page","link":"https:\/\/lottomat.com\/de\/","title":{"rendered":"Lottomat &#8211; die gr\u00f6\u00dften Lotterien der Welt an einem Ort"},"content":{"rendered":"\n\n<div class=\"kk-star-ratings kksr-auto kksr-align-left kksr-valign-top\"\n    data-payload='{&quot;align&quot;:&quot;left&quot;,&quot;id&quot;:&quot;6393&quot;,&quot;slug&quot;:&quot;default&quot;,&quot;valign&quot;:&quot;top&quot;,&quot;ignore&quot;:&quot;&quot;,&quot;reference&quot;:&quot;auto&quot;,&quot;class&quot;:&quot;&quot;,&quot;count&quot;:&quot;0&quot;,&quot;legendonly&quot;:&quot;&quot;,&quot;readonly&quot;:&quot;&quot;,&quot;score&quot;:&quot;0&quot;,&quot;starsonly&quot;:&quot;&quot;,&quot;best&quot;:&quot;5&quot;,&quot;gap&quot;:&quot;5&quot;,&quot;greet&quot;:&quot;Rate this page&quot;,&quot;legend&quot;:&quot;0\\\/5 - (0 votes)&quot;,&quot;size&quot;:&quot;30&quot;,&quot;title&quot;:&quot;Lottomat - die gr\u00f6\u00dften Lotterien der Welt an einem Ort&quot;,&quot;width&quot;:&quot;0&quot;,&quot;_legend&quot;:&quot;{score}\\\/{best} - ({count} {votes})&quot;,&quot;font_factor&quot;:&quot;1.25&quot;}'>\n            \n<div class=\"kksr-stars\">\n    \n<div class=\"kksr-stars-inactive\">\n            <div class=\"kksr-star\" data-star=\"1\" style=\"padding-right: 5px\">\n            \n\n<div class=\"kksr-icon\" style=\"width: 30px; height: 30px;\"><\/div>\n        <\/div>\n            <div class=\"kksr-star\" data-star=\"2\" style=\"padding-right: 5px\">\n            \n\n<div class=\"kksr-icon\" style=\"width: 30px; height: 30px;\"><\/div>\n        <\/div>\n            <div class=\"kksr-star\" data-star=\"3\" style=\"padding-right: 5px\">\n            \n\n<div class=\"kksr-icon\" style=\"width: 30px; height: 30px;\"><\/div>\n        <\/div>\n            <div class=\"kksr-star\" data-star=\"4\" style=\"padding-right: 5px\">\n            \n\n<div class=\"kksr-icon\" style=\"width: 30px; height: 30px;\"><\/div>\n        <\/div>\n            <div class=\"kksr-star\" data-star=\"5\" style=\"padding-right: 5px\">\n            \n\n<div class=\"kksr-icon\" style=\"width: 30px; height: 30px;\"><\/div>\n        <\/div>\n    <\/div>\n    \n<div class=\"kksr-stars-active\" style=\"width: 0px;\">\n            <div class=\"kksr-star\" style=\"padding-right: 5px\">\n            \n\n<div class=\"kksr-icon\" style=\"width: 30px; height: 30px;\"><\/div>\n        <\/div>\n            <div class=\"kksr-star\" style=\"padding-right: 5px\">\n            \n\n<div class=\"kksr-icon\" style=\"width: 30px; height: 30px;\"><\/div>\n        <\/div>\n            <div class=\"kksr-star\" style=\"padding-right: 5px\">\n            \n\n<div class=\"kksr-icon\" style=\"width: 30px; height: 30px;\"><\/div>\n        <\/div>\n            <div class=\"kksr-star\" style=\"padding-right: 5px\">\n            \n\n<div class=\"kksr-icon\" style=\"width: 30px; height: 30px;\"><\/div>\n        <\/div>\n            <div class=\"kksr-star\" style=\"padding-right: 5px\">\n            \n\n<div class=\"kksr-icon\" style=\"width: 30px; height: 30px;\"><\/div>\n        <\/div>\n    <\/div>\n<\/div>\n                \n\n<div class=\"kksr-legend\" style=\"font-size: 24px;\">\n            <span class=\"kksr-muted\">Rate this page<\/span>\n    <\/div>\n    <\/div>\n<h2 style=\"text-align: left;\"><img loading=\"lazy\" decoding=\"async\" class=\"alignleft wp-image-1091\" src=\"https:\/\/lottomat.com\/wp-content\/uploads\/2025\/03\/play-lotteries-available-in-other-countries-300x300.png\" alt=\"Lotterien spielen, die in anderen L\u00e4ndern verf\u00fcgbar sind\" width=\"130\" height=\"130\" srcset=\"https:\/\/lottomat.com\/wp-content\/uploads\/2025\/03\/play-lotteries-available-in-other-countries-300x300.png 300w, https:\/\/lottomat.com\/wp-content\/uploads\/2025\/03\/play-lotteries-available-in-other-countries-150x150.png 150w, https:\/\/lottomat.com\/wp-content\/uploads\/2025\/03\/play-lotteries-available-in-other-countries-100x100.png 100w, https:\/\/lottomat.com\/wp-content\/uploads\/2025\/03\/play-lotteries-available-in-other-countries.png 400w\" sizes=\"auto, (max-width: 130px) 100vw, 130px\" \/>Kann ich Lotterien spielen, die in anderen L\u00e4ndern verf\u00fcgbar sind?<\/h2>\n<p>Ja, Ja, Ja! Die Antwort auf die am h\u00e4ufigsten gestellte Frage unserer Spieler lautet ja &#8211; Sie k\u00f6nnen die gr\u00f6\u00dften Lotterien der Welt spielen, unabh\u00e4ngig von Ihrem Wohnsitzland. Auf der Lottomat-Website stehen Ihnen die gr\u00f6\u00dften Lotterien zur Verf\u00fcgung, ohne dass Sie eine Lottoannahmestelle besuchen m\u00fcssen, auch nicht die n\u00e4chstgelegene in Ihrem Wohnsitzland. Bei Lottomat finden Sie Lotterien, die die gr\u00f6\u00dften Gewinne garantieren, darunter SuperEnalotto, bei der Sie 6 Zahlen aus 90 richtig tippen m\u00fcssen, um den Hauptgewinn zu erzielen. Es gibt auch Eurojackpot und EuroMillions, die bedeutendsten europ\u00e4ischen Lotterien; um zu gewinnen, m\u00fcssen Sie nur f\u00fcnf Zahlen aus 50 ausw\u00e4hlen. Bei uns k\u00f6nnen Sie auch French Lotto, UK Lotto oder zwei fantastische spanische Lotterien, El Gordo und La Primitiva, spielen, die eine hohe Gewinnchance bieten. In unserem Portfolio finden Sie auch die gr\u00f6\u00dften amerikanischen Lotterien, darunter Powerball, Mega Millions und viele weitere attraktive Optionen, die Ihnen die M\u00f6glichkeit bieten, Ihre Gewinnchancen zu erh\u00f6hen.<\/p>\n<hr \/>\n<h2><img loading=\"lazy\" decoding=\"async\" class=\"alignleft wp-image-21538 lazy loaded\" src=\"https:\/\/lottomat.net\/wp-content\/uploads\/2020\/06\/euro-jackpot-2.png\" alt=\"Euro Jackpot\" width=\"130\" height=\"130\" data-src=\"https:\/\/lottomat.net\/wp-content\/uploads\/2020\/06\/euro-jackpot-2.png\" data-was-processed=\"true\" srcset=\"https:\/\/lottomat.com\/wp-content\/uploads\/2020\/06\/euro-jackpot-2.png 400w, https:\/\/lottomat.com\/wp-content\/uploads\/2020\/06\/euro-jackpot-2-300x300.png 300w, https:\/\/lottomat.com\/wp-content\/uploads\/2020\/06\/euro-jackpot-2-150x150.png 150w, https:\/\/lottomat.com\/wp-content\/uploads\/2020\/06\/euro-jackpot-2-100x100.png 100w\" sizes=\"auto, (max-width: 130px) 100vw, 130px\" \/>Wie kann ich die Lose kaufen?<\/h2>\n<p>Lotto-Lose online zu kaufen ist \u00e4u\u00dferst einfach, schnell und vor allem sicher. Sie m\u00fcssen lediglich eine Lotterie ausw\u00e4hlen, die Zahlen w\u00e4hlen, eine einfache Registrierung abschlie\u00dfen, den Schein bezahlen und nach der Ziehung \u00fcberpr\u00fcfen, ob Sie richtig getippt haben.<\/p>\n<hr \/>\n<h2><img loading=\"lazy\" decoding=\"async\" class=\"alignleft wp-image-21566 lazy loaded\" src=\"https:\/\/lottomat.net\/wp-content\/uploads\/2020\/06\/Euro-Million.png\" alt=\"Euro Million\" width=\"130\" height=\"130\" data-src=\"https:\/\/lottomat.net\/wp-content\/uploads\/2020\/06\/Euro-Million.png\" data-was-processed=\"true\" srcset=\"https:\/\/lottomat.com\/wp-content\/uploads\/2020\/06\/Euro-Million.png 400w, https:\/\/lottomat.com\/wp-content\/uploads\/2020\/06\/Euro-Million-300x300.png 300w, https:\/\/lottomat.com\/wp-content\/uploads\/2020\/06\/Euro-Million-150x150.png 150w, https:\/\/lottomat.com\/wp-content\/uploads\/2020\/06\/Euro-Million-100x100.png 100w\" sizes=\"auto, (max-width: 130px) 100vw, 130px\" \/>Was passiert, nachdem ich den Schein online bestellt habe?<\/h2>\n<p>Einer unserer Mitarbeiter wird in Ihrem Auftrag einen offiziellen Schein entsprechend den von Ihnen gew\u00e4hlten Zahlen kaufen. Ihr Schein wird bis zur Ziehung im Tresor aufbewahrt, und die von Ihnen ausgew\u00e4hlten Zahlen werden in Ihrem Benutzerkonto auf unserer Website hinterlegt. Dar\u00fcber hinaus benachrichtigt Lottomat Sie beim Kauf auch per E-Mail \u00fcber den f\u00fcr den Loskauf ausgegebenen Betrag, die Zahlungsmethode und die von Ihnen gew\u00e4hlten Zahlen. Zus\u00e4tzlich wird ein Scan des gekauften Scheins in Ihrem Konto hinterlegt.<\/p>\n<hr \/>\n<h2><img loading=\"lazy\" decoding=\"async\" class=\"alignleft wp-image-21594 lazy loaded\" src=\"https:\/\/lottomat.net\/wp-content\/uploads\/2020\/06\/Euro-Millions.png\" alt=\"Euro Millions\" width=\"122\" height=\"122\" data-src=\"https:\/\/lottomat.net\/wp-content\/uploads\/2020\/06\/Euro-Millions.png\" data-was-processed=\"true\" srcset=\"https:\/\/lottomat.com\/wp-content\/uploads\/2020\/06\/Euro-Millions.png 400w, https:\/\/lottomat.com\/wp-content\/uploads\/2020\/06\/Euro-Millions-300x300.png 300w, https:\/\/lottomat.com\/wp-content\/uploads\/2020\/06\/Euro-Millions-150x150.png 150w, https:\/\/lottomat.com\/wp-content\/uploads\/2020\/06\/Euro-Millions-100x100.png 100w\" sizes=\"auto, (max-width: 122px) 100vw, 122px\" \/>Wie verpasse ich keine Jackpots?<\/h2>\n<p>Lottomat h\u00e4lt Sie \u00fcber bevorstehende Jackpots auf dem Laufenden. Sie erhalten im Voraus eine E-Mail, die Sie an die bevorstehende Ziehung erinnert, und Sie k\u00f6nnen Ihren Spielplan mithilfe der Abonnement-Option planen.<\/p>\n<p>&nbsp;<\/p>\n<hr \/>\n<h2><img loading=\"lazy\" decoding=\"async\" class=\"alignleft wp-image-21622 lazy loaded\" src=\"https:\/\/lottomat.net\/wp-content\/uploads\/2020\/06\/mega-millions.png\" alt=\"Mega Millions\" width=\"130\" height=\"130\" data-src=\"https:\/\/lottomat.net\/wp-content\/uploads\/2020\/06\/mega-millions.png\" data-was-processed=\"true\" srcset=\"https:\/\/lottomat.com\/wp-content\/uploads\/2020\/06\/mega-millions.png 400w, https:\/\/lottomat.com\/wp-content\/uploads\/2020\/06\/mega-millions-300x300.png 300w, https:\/\/lottomat.com\/wp-content\/uploads\/2020\/06\/mega-millions-150x150.png 150w, https:\/\/lottomat.com\/wp-content\/uploads\/2020\/06\/mega-millions-100x100.png 100w\" sizes=\"auto, (max-width: 130px) 100vw, 130px\" \/>Was ist, wenn ich gewinne?<\/h2>\n<p>Auch in diesem Moment macht es Ihnen Lottomat leichter, Ihre Gewinne einzuziehen. Alle Ihre Gewinne bis zu 2.500 EUR werden unmittelbar nach der Ziehung automatisch Ihrem Konto in unserem System gutgeschrieben und k\u00f6nnen f\u00fcr Ihre weiteren K\u00e4ufe verwendet oder als Auszahlung von Ihrem Konto angefordert werden. All dies erledigen Sie online &#8211; bequem und sicher. Im Falle gr\u00f6\u00dferer Gewinne wird Ihnen Lottomat bei der Auswahl der bequemsten Form der Gewinnauszahlung behilflich sein. Gro\u00dfe Gewinne werden in der Regel auf das von Ihnen angegebene Bankkonto \u00fcberwiesen und k\u00f6nnen in einigen F\u00e4llen Ihre pers\u00f6nliche Anwesenheit erfordern, um den Gewinn einzufordern. Auch dies werden wir so organisieren, dass Sie Ihren Gewinn in vollen Z\u00fcgen genie\u00dfen k\u00f6nnen, wie es bereits viele unserer bisherigen Gewinner getan haben.<\/p>\n<hr \/>\n<h2><img loading=\"lazy\" decoding=\"async\" class=\"alignleft wp-image-21650 lazy loaded\" src=\"https:\/\/lottomat.net\/wp-content\/uploads\/2020\/06\/online-lotto.png\" alt=\"Online-Lotto\" width=\"130\" height=\"130\" data-src=\"https:\/\/lottomat.net\/wp-content\/uploads\/2020\/06\/online-lotto.png\" data-was-processed=\"true\" srcset=\"https:\/\/lottomat.com\/wp-content\/uploads\/2020\/06\/online-lotto.png 400w, https:\/\/lottomat.com\/wp-content\/uploads\/2020\/06\/online-lotto-300x300.png 300w, https:\/\/lottomat.com\/wp-content\/uploads\/2020\/06\/online-lotto-150x150.png 150w, https:\/\/lottomat.com\/wp-content\/uploads\/2020\/06\/online-lotto-100x100.png 100w\" sizes=\"auto, (max-width: 130px) 100vw, 130px\" \/>Gibt es Methoden zum Gewinnen?<\/h2>\n<p>Wir m\u00f6chten Ihnen versichern, dass uns solche Methoden nicht bekannt sind. Lotterien basieren wie die meisten Zahlenspiele auf dem Zufallsprinzip. Sie haben wahrscheinlich schon geh\u00f6rt, dass jemand ein System f\u00fcr Lotto oder ein anderes Gl\u00fccksspiel entdeckt hat. Trotz Hinweisen darauf, dass bestimmte Zahlen h\u00e4ufiger gezogen werden als andere, sind sich Experten einig, dass es kein bew\u00e4hrtes System gibt. Das ist das Lotto-Paradoxon. Hier hat jeder die gleichen Chancen, also vielleicht gewinnt gerade heute Ihr Zahlensatz. Spielen wir also systematisch, denn das Gl\u00fcck kann jederzeit zuschlagen. Unsere bisherigen Gewinner meinen, dass Regelm\u00e4\u00dfigkeit und best\u00e4ndiges Spielen die Schl\u00fcssel zum Gewinn sind.<\/p>\n<hr \/>\n<h2 style=\"text-align: center;\"><span style=\"color: #00b3ff;\">Bei uns k\u00f6nnen Sie 24\/7, 365 Tage im Jahr spielen.<\/span><\/h2>\n","protected":false},"excerpt":{"rendered":"<p>Kann ich Lotterien spielen, die in anderen L\u00e4ndern verf\u00fcgbar sind? Ja, Ja, Ja! Die Antwort auf die am h\u00e4ufigsten gestellte Frage unserer Spieler lautet ja &#8211; Sie k\u00f6nnen die gr\u00f6\u00dften Lotterien der Welt spielen, unabh\u00e4ngig von Ihrem Wohnsitzland. Auf der Lottomat-Website stehen Ihnen die gr\u00f6\u00dften Lotterien zur Verf\u00fcgung, ohne dass Sie eine Lottoannahmestelle besuchen m\u00fcssen, [&hellip;]<\/p>\n","protected":false},"author":1,"featured_media":0,"parent":0,"menu_order":1,"comment_status":"closed","ping_status":"closed","template":"lotto.php","meta":{"_et_pb_use_builder":"","_et_pb_old_content":"","_et_gb_content_width":"","exclude_from_search":false,"footnotes":""},"class_list":["post-6393","page","type-page","status-publish","hentry"],"yoast_head":"<!-- This site is optimized with the Yoast SEO plugin v23.8 - https:\/\/yoast.com\/wordpress\/plugins\/seo\/ -->\n<title>Lotto online - Lottoscheine online kaufen - Lottomat.com<\/title>\n<meta name=\"description\" content=\"Lottomat bietet die gr\u00f6\u00dften Lotterien der Welt mit den besten Jackpots. Spielen Sie online und gewinnen Sie gro\u00df! Kaufen Sie die Scheine und \u00fcberpr\u00fcfen Sie die Ergebnisse.\" \/>\n<meta name=\"robots\" content=\"index, follow, max-snippet:-1, max-image-preview:large, max-video-preview:-1\" \/>\n<link rel=\"canonical\" href=\"https:\/\/lottomat.com\/de\/\" \/>\n<meta property=\"og:locale\" content=\"de_DE\" \/>\n<meta property=\"og:type\" content=\"article\" \/>\n<meta property=\"og:title\" content=\"Lotto online - Lottoscheine online kaufen - Lottomat.com\" \/>\n<meta property=\"og:description\" content=\"Lottomat bietet die gr\u00f6\u00dften Lotterien der Welt mit den besten Jackpots. Spielen Sie online und gewinnen Sie gro\u00df! Kaufen Sie die Scheine und \u00fcberpr\u00fcfen Sie die Ergebnisse.\" \/>\n<meta property=\"og:url\" content=\"https:\/\/lottomat.com\/de\/\" \/>\n<meta property=\"og:site_name\" content=\"Lottomat\" \/>\n<meta property=\"article:modified_time\" content=\"2026-02-13T11:54:52+00:00\" \/>\n<meta property=\"og:image\" content=\"https:\/\/lottomat.com\/wp-content\/uploads\/2025\/03\/play-lotteries-available-in-other-countries-300x300.png\" \/>\n<meta name=\"twitter:card\" content=\"summary_large_image\" \/>\n<meta name=\"twitter:label1\" content=\"Gesch\u00e4tzte Lesezeit\" \/>\n\t<meta name=\"twitter:data1\" content=\"4\u00a0Minuten\" \/>\n<script type=\"application\/ld+json\" class=\"yoast-schema-graph\">{\"@context\":\"https:\/\/schema.org\",\"@graph\":[{\"@type\":\"WebPage\",\"@id\":\"https:\/\/lottomat.com\/de\/\",\"url\":\"https:\/\/lottomat.com\/de\/\",\"name\":\"Lotto online - Lottoscheine online kaufen - Lottomat.com\",\"isPartOf\":{\"@id\":\"https:\/\/lottomat.com\/de\/#website\"},\"primaryImageOfPage\":{\"@id\":\"https:\/\/lottomat.com\/de\/#primaryimage\"},\"image\":{\"@id\":\"https:\/\/lottomat.com\/de\/#primaryimage\"},\"thumbnailUrl\":\"https:\/\/lottomat.com\/wp-content\/uploads\/2025\/03\/play-lotteries-available-in-other-countries-300x300.png\",\"datePublished\":\"2025-03-26T07:12:15+00:00\",\"dateModified\":\"2026-02-13T11:54:52+00:00\",\"description\":\"Lottomat bietet die gr\u00f6\u00dften Lotterien der Welt mit den besten Jackpots. Spielen Sie online und gewinnen Sie gro\u00df! Kaufen Sie die Scheine und \u00fcberpr\u00fcfen Sie die Ergebnisse.\",\"breadcrumb\":{\"@id\":\"https:\/\/lottomat.com\/de\/#breadcrumb\"},\"inLanguage\":\"de\",\"potentialAction\":[{\"@type\":\"ReadAction\",\"target\":[\"https:\/\/lottomat.com\/de\/\"]}]},{\"@type\":\"ImageObject\",\"inLanguage\":\"de\",\"@id\":\"https:\/\/lottomat.com\/de\/#primaryimage\",\"url\":\"https:\/\/lottomat.com\/wp-content\/uploads\/2025\/03\/play-lotteries-available-in-other-countries-300x300.png\",\"contentUrl\":\"https:\/\/lottomat.com\/wp-content\/uploads\/2025\/03\/play-lotteries-available-in-other-countries-300x300.png\"},{\"@type\":\"BreadcrumbList\",\"@id\":\"https:\/\/lottomat.com\/de\/#breadcrumb\",\"itemListElement\":[{\"@type\":\"ListItem\",\"position\":1,\"name\":\"Home\",\"item\":\"https:\/\/lottomat.com\/de\/\"},{\"@type\":\"ListItem\",\"position\":2,\"name\":\"Lottomat &#8211; die gr\u00f6\u00dften Lotterien der Welt an einem Ort\"}]},{\"@type\":\"WebSite\",\"@id\":\"https:\/\/lottomat.com\/de\/#website\",\"url\":\"https:\/\/lottomat.com\/de\/\",\"name\":\"Lottomat\",\"description\":\"\",\"potentialAction\":[{\"@type\":\"SearchAction\",\"target\":{\"@type\":\"EntryPoint\",\"urlTemplate\":\"https:\/\/lottomat.com\/de\/?s={search_term_string}\"},\"query-input\":{\"@type\":\"PropertyValueSpecification\",\"valueRequired\":true,\"valueName\":\"search_term_string\"}}],\"inLanguage\":\"de\"}]}<\/script>\n<!-- \/ Yoast SEO plugin. -->","yoast_head_json":{"title":"Lotto online - Lottoscheine online kaufen - Lottomat.com","description":"Lottomat bietet die gr\u00f6\u00dften Lotterien der Welt mit den besten Jackpots. Spielen Sie online und gewinnen Sie gro\u00df! Kaufen Sie die Scheine und \u00fcberpr\u00fcfen Sie die Ergebnisse.","robots":{"index":"index","follow":"follow","max-snippet":"max-snippet:-1","max-image-preview":"max-image-preview:large","max-video-preview":"max-video-preview:-1"},"canonical":"https:\/\/lottomat.com\/de\/","og_locale":"de_DE","og_type":"article","og_title":"Lotto online - Lottoscheine online kaufen - Lottomat.com","og_description":"Lottomat bietet die gr\u00f6\u00dften Lotterien der Welt mit den besten Jackpots. Spielen Sie online und gewinnen Sie gro\u00df! Kaufen Sie die Scheine und \u00fcberpr\u00fcfen Sie die Ergebnisse.","og_url":"https:\/\/lottomat.com\/de\/","og_site_name":"Lottomat","article_modified_time":"2026-02-13T11:54:52+00:00","og_image":[{"url":"https:\/\/lottomat.com\/wp-content\/uploads\/2025\/03\/play-lotteries-available-in-other-countries-300x300.png"}],"twitter_card":"summary_large_image","twitter_misc":{"Gesch\u00e4tzte Lesezeit":"4\u00a0Minuten"},"schema":{"@context":"https:\/\/schema.org","@graph":[{"@type":"WebPage","@id":"https:\/\/lottomat.com\/de\/","url":"https:\/\/lottomat.com\/de\/","name":"Lotto online - Lottoscheine online kaufen - Lottomat.com","isPartOf":{"@id":"https:\/\/lottomat.com\/de\/#website"},"primaryImageOfPage":{"@id":"https:\/\/lottomat.com\/de\/#primaryimage"},"image":{"@id":"https:\/\/lottomat.com\/de\/#primaryimage"},"thumbnailUrl":"https:\/\/lottomat.com\/wp-content\/uploads\/2025\/03\/play-lotteries-available-in-other-countries-300x300.png","datePublished":"2025-03-26T07:12:15+00:00","dateModified":"2026-02-13T11:54:52+00:00","description":"Lottomat bietet die gr\u00f6\u00dften Lotterien der Welt mit den besten Jackpots. Spielen Sie online und gewinnen Sie gro\u00df! Kaufen Sie die Scheine und \u00fcberpr\u00fcfen Sie die Ergebnisse.","breadcrumb":{"@id":"https:\/\/lottomat.com\/de\/#breadcrumb"},"inLanguage":"de","potentialAction":[{"@type":"ReadAction","target":["https:\/\/lottomat.com\/de\/"]}]},{"@type":"ImageObject","inLanguage":"de","@id":"https:\/\/lottomat.com\/de\/#primaryimage","url":"https:\/\/lottomat.com\/wp-content\/uploads\/2025\/03\/play-lotteries-available-in-other-countries-300x300.png","contentUrl":"https:\/\/lottomat.com\/wp-content\/uploads\/2025\/03\/play-lotteries-available-in-other-countries-300x300.png"},{"@type":"BreadcrumbList","@id":"https:\/\/lottomat.com\/de\/#breadcrumb","itemListElement":[{"@type":"ListItem","position":1,"name":"Home","item":"https:\/\/lottomat.com\/de\/"},{"@type":"ListItem","position":2,"name":"Lottomat &#8211; die gr\u00f6\u00dften Lotterien der Welt an einem Ort"}]},{"@type":"WebSite","@id":"https:\/\/lottomat.com\/de\/#website","url":"https:\/\/lottomat.com\/de\/","name":"Lottomat","description":"","potentialAction":[{"@type":"SearchAction","target":{"@type":"EntryPoint","urlTemplate":"https:\/\/lottomat.com\/de\/?s={search_term_string}"},"query-input":{"@type":"PropertyValueSpecification","valueRequired":true,"valueName":"search_term_string"}}],"inLanguage":"de"}]}},"_links":{"self":[{"href":"https:\/\/lottomat.com\/de\/wp-json\/wp\/v2\/pages\/6393","targetHints":{"allow":["GET"]}}],"collection":[{"href":"https:\/\/lottomat.com\/de\/wp-json\/wp\/v2\/pages"}],"about":[{"href":"https:\/\/lottomat.com\/de\/wp-json\/wp\/v2\/types\/page"}],"author":[{"embeddable":true,"href":"https:\/\/lottomat.com\/de\/wp-json\/wp\/v2\/users\/1"}],"replies":[{"embeddable":true,"href":"https:\/\/lottomat.com\/de\/wp-json\/wp\/v2\/comments?post=6393"}],"version-history":[{"count":1,"href":"https:\/\/lottomat.com\/de\/wp-json\/wp\/v2\/pages\/6393\/revisions"}],"predecessor-version":[{"id":270994,"href":"https:\/\/lottomat.com\/de\/wp-json\/wp\/v2\/pages\/6393\/revisions\/270994"}],"wp:attachment":[{"href":"https:\/\/lottomat.com\/de\/wp-json\/wp\/v2\/media?parent=6393"}],"curies":[{"name":"wp","href":"https:\/\/api.w.org\/{rel}","templated":true}]}}