{"id":277196,"date":"2025-05-18T16:33:53","date_gmt":"2025-05-18T16:33:53","guid":{"rendered":"https:\/\/lottomat.com\/?page_id=277196"},"modified":"2026-04-24T14:44:06","modified_gmt":"2026-04-24T14:44:06","slug":"euromillions-austria-regeln-preise-jackpot","status":"publish","type":"page","link":"https:\/\/lottomat.com\/de\/lotterie\/euromillions-austria-regeln-preise-jackpot\/","title":{"rendered":"Euromillions Austria Regeln: Preise &#038; Jackpot"},"content":{"rendered":"\n\n<div class=\"kk-star-ratings kksr-auto kksr-align-left kksr-valign-top\"\n    data-payload='{&quot;align&quot;:&quot;left&quot;,&quot;id&quot;:&quot;277196&quot;,&quot;slug&quot;:&quot;default&quot;,&quot;valign&quot;:&quot;top&quot;,&quot;ignore&quot;:&quot;&quot;,&quot;reference&quot;:&quot;auto&quot;,&quot;class&quot;:&quot;&quot;,&quot;count&quot;:&quot;0&quot;,&quot;legendonly&quot;:&quot;&quot;,&quot;readonly&quot;:&quot;&quot;,&quot;score&quot;:&quot;0&quot;,&quot;starsonly&quot;:&quot;&quot;,&quot;best&quot;:&quot;5&quot;,&quot;gap&quot;:&quot;5&quot;,&quot;greet&quot;:&quot;Rate this page&quot;,&quot;legend&quot;:&quot;0\\\/5 - (0 votes)&quot;,&quot;size&quot;:&quot;30&quot;,&quot;title&quot;:&quot;Euromillions Austria Regeln: Preise \\u0026amp; Jackpot&quot;,&quot;width&quot;:&quot;0&quot;,&quot;_legend&quot;:&quot;{score}\\\/{best} - ({count} {votes})&quot;,&quot;font_factor&quot;:&quot;1.25&quot;}'>\n            \n<div class=\"kksr-stars\">\n    \n<div class=\"kksr-stars-inactive\">\n            <div class=\"kksr-star\" data-star=\"1\" style=\"padding-right: 5px\">\n            \n\n<div class=\"kksr-icon\" style=\"width: 30px; height: 30px;\"><\/div>\n        <\/div>\n            <div class=\"kksr-star\" data-star=\"2\" style=\"padding-right: 5px\">\n            \n\n<div class=\"kksr-icon\" style=\"width: 30px; height: 30px;\"><\/div>\n        <\/div>\n            <div class=\"kksr-star\" data-star=\"3\" style=\"padding-right: 5px\">\n            \n\n<div class=\"kksr-icon\" style=\"width: 30px; height: 30px;\"><\/div>\n        <\/div>\n            <div class=\"kksr-star\" data-star=\"4\" style=\"padding-right: 5px\">\n            \n\n<div class=\"kksr-icon\" style=\"width: 30px; height: 30px;\"><\/div>\n        <\/div>\n            <div class=\"kksr-star\" data-star=\"5\" style=\"padding-right: 5px\">\n            \n\n<div class=\"kksr-icon\" style=\"width: 30px; height: 30px;\"><\/div>\n        <\/div>\n    <\/div>\n    \n<div class=\"kksr-stars-active\" style=\"width: 0px;\">\n            <div class=\"kksr-star\" style=\"padding-right: 5px\">\n            \n\n<div class=\"kksr-icon\" style=\"width: 30px; height: 30px;\"><\/div>\n        <\/div>\n            <div class=\"kksr-star\" style=\"padding-right: 5px\">\n            \n\n<div class=\"kksr-icon\" style=\"width: 30px; height: 30px;\"><\/div>\n        <\/div>\n            <div class=\"kksr-star\" style=\"padding-right: 5px\">\n            \n\n<div class=\"kksr-icon\" style=\"width: 30px; height: 30px;\"><\/div>\n        <\/div>\n            <div class=\"kksr-star\" style=\"padding-right: 5px\">\n            \n\n<div class=\"kksr-icon\" style=\"width: 30px; height: 30px;\"><\/div>\n        <\/div>\n            <div class=\"kksr-star\" style=\"padding-right: 5px\">\n            \n\n<div class=\"kksr-icon\" style=\"width: 30px; height: 30px;\"><\/div>\n        <\/div>\n    <\/div>\n<\/div>\n                \n\n<div class=\"kksr-legend\" style=\"font-size: 24px;\">\n            <span class=\"kksr-muted\">Rate this page<\/span>\n    <\/div>\n    <\/div>\n<h2>Entdecken Sie den Nervenkitzel von EuroMillions Austria \u2013 Ihr Tor zu lebensver\u00e4ndernden Gewinnen!<\/h2>\n<p><img loading=\"lazy\" decoding=\"async\" class=\"alignleft wp-image-268187\" src=\"https:\/\/lottomat.com\/wp-content\/uploads\/2026\/01\/Austrian-EuroMillions-prizes.webp\" alt=\"\u00d6sterreichische EuroMillions Preise\" width=\"200\" height=\"200\" srcset=\"https:\/\/lottomat.com\/wp-content\/uploads\/2026\/01\/Austrian-EuroMillions-prizes.webp 400w, https:\/\/lottomat.com\/wp-content\/uploads\/2026\/01\/Austrian-EuroMillions-prizes-300x300.webp 300w, https:\/\/lottomat.com\/wp-content\/uploads\/2026\/01\/Austrian-EuroMillions-prizes-150x150.webp 150w, https:\/\/lottomat.com\/wp-content\/uploads\/2026\/01\/Austrian-EuroMillions-prizes-100x100.webp 100w\" sizes=\"auto, (max-width: 200px) 100vw, 200px\" \/>Stellen Sie sich vor, Sie wachen morgen auf und erkennen, dass Ihre Tr\u00e4ume endlich wahr werden k\u00f6nnen \u2013 ein luxuri\u00f6ses Haus, exotische Urlaube, finanzielle Sicherheit f\u00fcr Ihre Liebsten und die Freiheit, das Leben nach Ihren eigenen Vorstellungen zu gestalten. Mit EuroMillions Austria, offiziell bekannt als EuroMillions EU, k\u00f6nnte dieser Traum zu Ihrer Wirklichkeit werden! Als eine der beliebtesten und aufregendsten Lotterien Europas bietet Ihnen EuroMillions Austria die einzigartige Chance, atemberaubende Jackpots zu gewinnen und Teil eines mitrei\u00dfenden, lebensver\u00e4ndernden Erlebnisses zu sein. Lassen Sie uns alles erkunden, was Sie \u00fcber diese au\u00dfergew\u00f6hnliche Lotterie wissen m\u00fcssen, und was sie von ihrer britischen Entsprechung unterscheidet. Erfahren Sie mehr \u00fcber die EuroMillions Austria Regeln, und dann&#8230; <a href=\"https:\/\/lottomat.com\/de\/spielen\/euromillions-eu-online-euromillions-oesterreich-tickets\/\">spielen Sie EuroMillions Austria online<\/a> bei Lottomat!<\/p>\n<h2>Was ist EuroMillions Austria (EuroMillions EU)?<\/h2>\n<p>EuroMillions Austria ist die \u00f6sterreichische Beteiligung an der ber\u00fchmten EuroMillions-Lotterie, einer transnationalen europ\u00e4ischen Lotterie, die Spieler aus \u00d6sterreich, Spanien, Frankreich, Belgien, Irland, Luxemburg, Portugal und der Schweiz zusammenbringt. Im Jahr 2004 ins Leben gerufen, wurde EuroMillions dank seiner enormen Jackpots und des einfachen, fesselnden Spielprinzips schnell zur Sensation auf dem gesamten Kontinent.<\/p>\n<p>Um EuroMillions Austria zu spielen, w\u00e4hlen die Teilnehmer f\u00fcnf Hauptzahlen von 1 bis 50 sowie zwei Lucky-Star-Zahlen von 1 bis 12. Die Ziehungen finden jeden Dienstag und Freitagabend in Paris statt, und die Spannung ist greifbar, w\u00e4hrend Millionen von Europ\u00e4ern den Atem anhalten und hoffen, ihre Zahlen zu sehen!<\/p>\n<h2>Wie funktioniert EuroMillions Austria? EuroMillions Austria Regeln<img loading=\"lazy\" decoding=\"async\" class=\"alignright wp-image-268217\" src=\"https:\/\/lottomat.com\/wp-content\/uploads\/2026\/01\/Austrian-EuroMillions-rules.webp\" alt=\"\u00d6sterreichische EuroMillions Regeln\" width=\"200\" height=\"200\" srcset=\"https:\/\/lottomat.com\/wp-content\/uploads\/2026\/01\/Austrian-EuroMillions-rules.webp 400w, https:\/\/lottomat.com\/wp-content\/uploads\/2026\/01\/Austrian-EuroMillions-rules-300x300.webp 300w, https:\/\/lottomat.com\/wp-content\/uploads\/2026\/01\/Austrian-EuroMillions-rules-150x150.webp 150w, https:\/\/lottomat.com\/wp-content\/uploads\/2026\/01\/Austrian-EuroMillions-rules-100x100.webp 100w\" sizes=\"auto, (max-width: 200px) 100vw, 200px\" \/><\/h2>\n<p>Der Einstieg ist einfach und f\u00fcr jeden zug\u00e4nglich. <a href=\"https:\/\/lottomat.com\/de\/spielen\/\">Sie k\u00f6nnen Ihre Lotterie-Tickets<\/a> an autorisierten Annahmestellen in ganz \u00d6sterreich kaufen oder bequem von zu Hause aus online spielen. Der Mindestjackpot beginnt bei stolzen 17 Millionen Euro, kann aber durch Rollovers auf atemberaubende 240 Millionen Euro ansteigen! Es gibt 13 verschiedene Gewinnklassen, was bedeutet, dass Sie mehrere Chancen haben zu gewinnen, auch wenn Sie den Jackpot nicht treffen.<\/p>\n<p>Wenn Sie EuroMillions Austria spielen, treten Sie nicht nur einer Lotterie bei \u2013 Sie werden Teil einer Gemeinschaft von Tr\u00e4umern, die alle auf diesen magischen Moment hoffen, in dem ihr Leben f\u00fcr immer ver\u00e4ndert wird. Ob Sie einen kleineren Preis gewinnen oder den rekordverd\u00e4chtigen Jackpot knacken \u2013 jedes Ticket tr\u00e4gt das Versprechen einer strahlenden Zukunft in sich.<\/p>\n<h2>EuroMillions Austria vs. EuroMillions UK \u2013 Die wichtigsten Unterschiede<\/h2>\n<p><img loading=\"lazy\" decoding=\"async\" class=\"alignleft wp-image-268247\" src=\"https:\/\/lottomat.com\/wp-content\/uploads\/2026\/01\/EuroMillions-Austria-jackpot.webp\" alt=\"EuroMillions Austria Jackpot\" width=\"200\" height=\"200\" srcset=\"https:\/\/lottomat.com\/wp-content\/uploads\/2026\/01\/EuroMillions-Austria-jackpot.webp 400w, https:\/\/lottomat.com\/wp-content\/uploads\/2026\/01\/EuroMillions-Austria-jackpot-300x300.webp 300w, https:\/\/lottomat.com\/wp-content\/uploads\/2026\/01\/EuroMillions-Austria-jackpot-150x150.webp 150w, https:\/\/lottomat.com\/wp-content\/uploads\/2026\/01\/EuroMillions-Austria-jackpot-100x100.webp 100w\" sizes=\"auto, (max-width: 200px) 100vw, 200px\" \/>Obwohl sowohl \u00d6sterreich als auch das Vereinigte K\u00f6nigreich an EuroMillions teilnehmen, gibt es einige wichtige Unterschiede zu beachten:<\/p>\n<ol>\n<li><strong>Ticketpreis<\/strong>: In \u00d6sterreich wird ein einzelnes <a href=\"https:\/\/lottomat.com\/de\/spielen\/euromillions-eu-online-euromillions-oesterreich-tickets\/\">EuroMillions Austria Ticket<\/a> in Euro berechnet. Im Vereinigten K\u00f6nigreich wird der Ticketpreis in Pfund Sterling angegeben und ist etwas h\u00f6her als in \u00d6sterreich, da er die Teilnahme am UK Millionaire Maker-Spiel einschlie\u00dft, das in jeder Ziehung mindestens einen britischen Million\u00e4r garantiert.<\/li>\n<li><strong>W\u00e4hrung und Preise<\/strong>: EuroMillions Austria Gewinne werden in Euro ausgezahlt, w\u00e4hrend britische Spieler ihre Gewinne in Pfund Sterling erhalten. Der Wert der Nebenpreise kann aufgrund von Wechselkursschwankungen leicht variieren.<\/li>\n<li><strong>Zusatzspiele<\/strong>: \u00d6sterreichische Spieler k\u00f6nnen am \u201e\u00d6sterreich Bonus&#8220; teilnehmen \u2013 einer exklusiven Zusatzziehung, die Ihnen noch mehr Gewinnchancen bietet. Das britische Pendant ist der Millionaire Maker, der automatisch in jedem Ticket enthalten ist.<\/li>\n<li><strong>Besteuerung<\/strong>: In \u00d6sterreich sind Lotteriegewinne steuerfrei, sodass Sie jeden Cent Ihres Gewinns behalten d\u00fcrfen! Im Vereinigten K\u00f6nigreich sind Lotteriegewinne derzeit ebenfalls steuerfrei, doch sollten Sie stets die aktuellen Vorschriften pr\u00fcfen.<\/li>\n<\/ol>\n<h2>Warum EuroMillions Austria spielen? Die Magie lebensver\u00e4ndernder Gewinne<\/h2>\n<p>EuroMillions Austria ist nicht nur eine Frage des gro\u00dfen Geldes \u2013 es geht um Hoffnung, Aufregung und den Nervenkitzel der M\u00f6glichkeiten. Jede Ziehung ist eine neue Gelegenheit, das eigene Leben zu wenden, der Familie etwas Besonderes zu g\u00f6nnen, wohlt\u00e4tige Zwecke zu unterst\u00fctzen oder die gro\u00dfen Abenteuer anzugehen, von denen Sie schon immer getr\u00e4umt haben. Die Geschichten gew\u00f6hnlicher Menschen, die \u00fcber Nacht zu Million\u00e4ren wurden, sind real und inspirierend \u2013 Sie k\u00f6nnten der N\u00e4chste sein!<img loading=\"lazy\" decoding=\"async\" class=\"alignright wp-image-268278\" src=\"https:\/\/lottomat.com\/wp-content\/uploads\/2026\/01\/EuroMillions-Austria-rules.webp\" alt=\"EuroMillions Austria Regeln\" width=\"200\" height=\"200\" srcset=\"https:\/\/lottomat.com\/wp-content\/uploads\/2026\/01\/EuroMillions-Austria-rules.webp 400w, https:\/\/lottomat.com\/wp-content\/uploads\/2026\/01\/EuroMillions-Austria-rules-300x300.webp 300w, https:\/\/lottomat.com\/wp-content\/uploads\/2026\/01\/EuroMillions-Austria-rules-150x150.webp 150w, https:\/\/lottomat.com\/wp-content\/uploads\/2026\/01\/EuroMillions-Austria-rules-100x100.webp 100w\" sizes=\"auto, (max-width: 200px) 100vw, 200px\" \/><\/p>\n<p>Worauf warten Sie noch? Die n\u00e4chste EuroMillions Austria Ziehung k\u00f6nnte Ihr Ticket in eine Zukunft voller Freude, Luxus und grenzenloser M\u00f6glichkeiten sein. Kaufen Sie Ihr Ticket, tr\u00e4umen Sie gro\u00df und lassen Sie sich von der Begeisterung mitrei\u00dfen \u2013 denn bei EuroMillions Austria ist alles m\u00f6glich!<\/p>\n<p><strong>Steigen Sie noch heute ein \u2013 und lassen Sie Ihre Tr\u00e4ume mit EuroMillions Austria abheben! Pr\u00fcfen Sie die <a href=\"https:\/\/lottomat.com\/de\/ergebnisse\/euromillions-austria-ergebnisse-gewinnzahlen\/\">Gewinnzahlen von EuroMillions Austria<\/a>.<\/strong><\/p>\n","protected":false},"excerpt":{"rendered":"<p>Entdecken Sie den Nervenkitzel von EuroMillions Austria \u2013 Ihr Tor zu lebensver\u00e4ndernden Gewinnen! Stellen Sie sich vor, Sie wachen morgen auf und erkennen, dass Ihre Tr\u00e4ume endlich wahr werden k\u00f6nnen \u2013 ein luxuri\u00f6ses Haus, exotische Urlaube, finanzielle Sicherheit f\u00fcr Ihre Liebsten und die Freiheit, das Leben nach Ihren eigenen Vorstellungen zu gestalten. Mit EuroMillions Austria, [&hellip;]<\/p>\n","protected":false},"author":2,"featured_media":0,"parent":6865,"menu_order":0,"comment_status":"closed","ping_status":"closed","template":"euromillions-at-info.php","meta":{"_et_pb_use_builder":"","_et_pb_old_content":"","_et_gb_content_width":"","exclude_from_search":false,"footnotes":""},"class_list":["post-277196","page","type-page","status-publish","hentry"],"yoast_head":"<!-- This site is optimized with the Yoast SEO plugin v23.8 - https:\/\/yoast.com\/wordpress\/plugins\/seo\/ -->\n<title>Euromillions Austria Regeln: Preise &amp; Jackpot \u2013 Lottomat<\/title>\n<meta name=\"description\" content=\"Erfahren Sie mehr \u00fcber die Spielregeln von EuroMillions Austria. Hier k\u00f6nnen Sie die EuroMillions Austria Preise und den Jackpot einsehen.\" \/>\n<meta name=\"robots\" content=\"index, follow, max-snippet:-1, max-image-preview:large, max-video-preview:-1\" \/>\n<link rel=\"canonical\" href=\"https:\/\/lottomat.com\/de\/lotterie\/euromillions-austria-regeln-preise-jackpot\/\" \/>\n<meta property=\"og:locale\" content=\"de_DE\" \/>\n<meta property=\"og:type\" content=\"article\" \/>\n<meta property=\"og:title\" content=\"Euromillions Austria Regeln: Preise &amp; Jackpot \u2013 Lottomat\" \/>\n<meta property=\"og:description\" content=\"Erfahren Sie mehr \u00fcber die Spielregeln von EuroMillions Austria. Hier k\u00f6nnen Sie die EuroMillions Austria Preise und den Jackpot einsehen.\" \/>\n<meta property=\"og:url\" content=\"https:\/\/lottomat.com\/de\/lotterie\/euromillions-austria-regeln-preise-jackpot\/\" \/>\n<meta property=\"og:site_name\" content=\"Lottomat\" \/>\n<meta property=\"article:modified_time\" content=\"2026-04-24T14:44:06+00:00\" \/>\n<meta property=\"og:image\" content=\"https:\/\/lottomat.com\/wp-content\/uploads\/2026\/01\/Austrian-EuroMillions-prizes.webp\" \/>\n\t<meta property=\"og:image:width\" content=\"400\" \/>\n\t<meta property=\"og:image:height\" content=\"400\" \/>\n\t<meta property=\"og:image:type\" content=\"image\/webp\" \/>\n<meta name=\"twitter:card\" content=\"summary_large_image\" \/>\n<meta name=\"twitter:label1\" content=\"Gesch\u00e4tzte Lesezeit\" \/>\n\t<meta name=\"twitter:data1\" content=\"4\u00a0Minuten\" \/>\n<script type=\"application\/ld+json\" class=\"yoast-schema-graph\">{\"@context\":\"https:\/\/schema.org\",\"@graph\":[{\"@type\":\"WebPage\",\"@id\":\"https:\/\/lottomat.com\/de\/lotterie\/euromillions-austria-regeln-preise-jackpot\/\",\"url\":\"https:\/\/lottomat.com\/de\/lotterie\/euromillions-austria-regeln-preise-jackpot\/\",\"name\":\"Euromillions Austria Regeln: Preise & Jackpot \u2013 Lottomat\",\"isPartOf\":{\"@id\":\"https:\/\/lottomat.com\/de\/#website\"},\"primaryImageOfPage\":{\"@id\":\"https:\/\/lottomat.com\/de\/lotterie\/euromillions-austria-regeln-preise-jackpot\/#primaryimage\"},\"image\":{\"@id\":\"https:\/\/lottomat.com\/de\/lotterie\/euromillions-austria-regeln-preise-jackpot\/#primaryimage\"},\"thumbnailUrl\":\"https:\/\/lottomat.com\/wp-content\/uploads\/2026\/01\/Austrian-EuroMillions-prizes.webp\",\"datePublished\":\"2025-05-18T16:33:53+00:00\",\"dateModified\":\"2026-04-24T14:44:06+00:00\",\"description\":\"Erfahren Sie mehr \u00fcber die Spielregeln von EuroMillions Austria. Hier k\u00f6nnen Sie die EuroMillions Austria Preise und den Jackpot einsehen.\",\"breadcrumb\":{\"@id\":\"https:\/\/lottomat.com\/de\/lotterie\/euromillions-austria-regeln-preise-jackpot\/#breadcrumb\"},\"inLanguage\":\"de\",\"potentialAction\":[{\"@type\":\"ReadAction\",\"target\":[\"https:\/\/lottomat.com\/de\/lotterie\/euromillions-austria-regeln-preise-jackpot\/\"]}]},{\"@type\":\"ImageObject\",\"inLanguage\":\"de\",\"@id\":\"https:\/\/lottomat.com\/de\/lotterie\/euromillions-austria-regeln-preise-jackpot\/#primaryimage\",\"url\":\"https:\/\/lottomat.com\/wp-content\/uploads\/2026\/01\/Austrian-EuroMillions-prizes.webp\",\"contentUrl\":\"https:\/\/lottomat.com\/wp-content\/uploads\/2026\/01\/Austrian-EuroMillions-prizes.webp\"},{\"@type\":\"BreadcrumbList\",\"@id\":\"https:\/\/lottomat.com\/de\/lotterie\/euromillions-austria-regeln-preise-jackpot\/#breadcrumb\",\"itemListElement\":[{\"@type\":\"ListItem\",\"position\":1,\"name\":\"Home\",\"item\":\"https:\/\/lottomat.com\/de\/\"},{\"@type\":\"ListItem\",\"position\":2,\"name\":\"Lotterie-Regeln: Preise, Jackpot &#038; Gewinnchancen\",\"item\":\"https:\/\/lottomat.com\/de\/lotterie\/\"},{\"@type\":\"ListItem\",\"position\":3,\"name\":\"Euromillions Austria Regeln: Preise &#038; Jackpot\"}]},{\"@type\":\"WebSite\",\"@id\":\"https:\/\/lottomat.com\/de\/#website\",\"url\":\"https:\/\/lottomat.com\/de\/\",\"name\":\"Lottomat\",\"description\":\"\",\"potentialAction\":[{\"@type\":\"SearchAction\",\"target\":{\"@type\":\"EntryPoint\",\"urlTemplate\":\"https:\/\/lottomat.com\/de\/?s={search_term_string}\"},\"query-input\":{\"@type\":\"PropertyValueSpecification\",\"valueRequired\":true,\"valueName\":\"search_term_string\"}}],\"inLanguage\":\"de\"}]}<\/script>\n<!-- \/ Yoast SEO plugin. -->","yoast_head_json":{"title":"Euromillions Austria Regeln: Preise & Jackpot \u2013 Lottomat","description":"Erfahren Sie mehr \u00fcber die Spielregeln von EuroMillions Austria. Hier k\u00f6nnen Sie die EuroMillions Austria Preise und den Jackpot einsehen.","robots":{"index":"index","follow":"follow","max-snippet":"max-snippet:-1","max-image-preview":"max-image-preview:large","max-video-preview":"max-video-preview:-1"},"canonical":"https:\/\/lottomat.com\/de\/lotterie\/euromillions-austria-regeln-preise-jackpot\/","og_locale":"de_DE","og_type":"article","og_title":"Euromillions Austria Regeln: Preise & Jackpot \u2013 Lottomat","og_description":"Erfahren Sie mehr \u00fcber die Spielregeln von EuroMillions Austria. Hier k\u00f6nnen Sie die EuroMillions Austria Preise und den Jackpot einsehen.","og_url":"https:\/\/lottomat.com\/de\/lotterie\/euromillions-austria-regeln-preise-jackpot\/","og_site_name":"Lottomat","article_modified_time":"2026-04-24T14:44:06+00:00","og_image":[{"width":400,"height":400,"url":"https:\/\/lottomat.com\/wp-content\/uploads\/2026\/01\/Austrian-EuroMillions-prizes.webp","type":"image\/webp"}],"twitter_card":"summary_large_image","twitter_misc":{"Gesch\u00e4tzte Lesezeit":"4\u00a0Minuten"},"schema":{"@context":"https:\/\/schema.org","@graph":[{"@type":"WebPage","@id":"https:\/\/lottomat.com\/de\/lotterie\/euromillions-austria-regeln-preise-jackpot\/","url":"https:\/\/lottomat.com\/de\/lotterie\/euromillions-austria-regeln-preise-jackpot\/","name":"Euromillions Austria Regeln: Preise & Jackpot \u2013 Lottomat","isPartOf":{"@id":"https:\/\/lottomat.com\/de\/#website"},"primaryImageOfPage":{"@id":"https:\/\/lottomat.com\/de\/lotterie\/euromillions-austria-regeln-preise-jackpot\/#primaryimage"},"image":{"@id":"https:\/\/lottomat.com\/de\/lotterie\/euromillions-austria-regeln-preise-jackpot\/#primaryimage"},"thumbnailUrl":"https:\/\/lottomat.com\/wp-content\/uploads\/2026\/01\/Austrian-EuroMillions-prizes.webp","datePublished":"2025-05-18T16:33:53+00:00","dateModified":"2026-04-24T14:44:06+00:00","description":"Erfahren Sie mehr \u00fcber die Spielregeln von EuroMillions Austria. Hier k\u00f6nnen Sie die EuroMillions Austria Preise und den Jackpot einsehen.","breadcrumb":{"@id":"https:\/\/lottomat.com\/de\/lotterie\/euromillions-austria-regeln-preise-jackpot\/#breadcrumb"},"inLanguage":"de","potentialAction":[{"@type":"ReadAction","target":["https:\/\/lottomat.com\/de\/lotterie\/euromillions-austria-regeln-preise-jackpot\/"]}]},{"@type":"ImageObject","inLanguage":"de","@id":"https:\/\/lottomat.com\/de\/lotterie\/euromillions-austria-regeln-preise-jackpot\/#primaryimage","url":"https:\/\/lottomat.com\/wp-content\/uploads\/2026\/01\/Austrian-EuroMillions-prizes.webp","contentUrl":"https:\/\/lottomat.com\/wp-content\/uploads\/2026\/01\/Austrian-EuroMillions-prizes.webp"},{"@type":"BreadcrumbList","@id":"https:\/\/lottomat.com\/de\/lotterie\/euromillions-austria-regeln-preise-jackpot\/#breadcrumb","itemListElement":[{"@type":"ListItem","position":1,"name":"Home","item":"https:\/\/lottomat.com\/de\/"},{"@type":"ListItem","position":2,"name":"Lotterie-Regeln: Preise, Jackpot &#038; Gewinnchancen","item":"https:\/\/lottomat.com\/de\/lotterie\/"},{"@type":"ListItem","position":3,"name":"Euromillions Austria Regeln: Preise &#038; Jackpot"}]},{"@type":"WebSite","@id":"https:\/\/lottomat.com\/de\/#website","url":"https:\/\/lottomat.com\/de\/","name":"Lottomat","description":"","potentialAction":[{"@type":"SearchAction","target":{"@type":"EntryPoint","urlTemplate":"https:\/\/lottomat.com\/de\/?s={search_term_string}"},"query-input":{"@type":"PropertyValueSpecification","valueRequired":true,"valueName":"search_term_string"}}],"inLanguage":"de"}]}},"_links":{"self":[{"href":"https:\/\/lottomat.com\/de\/wp-json\/wp\/v2\/pages\/277196","targetHints":{"allow":["GET"]}}],"collection":[{"href":"https:\/\/lottomat.com\/de\/wp-json\/wp\/v2\/pages"}],"about":[{"href":"https:\/\/lottomat.com\/de\/wp-json\/wp\/v2\/types\/page"}],"author":[{"embeddable":true,"href":"https:\/\/lottomat.com\/de\/wp-json\/wp\/v2\/users\/2"}],"replies":[{"embeddable":true,"href":"https:\/\/lottomat.com\/de\/wp-json\/wp\/v2\/comments?post=277196"}],"version-history":[{"count":2,"href":"https:\/\/lottomat.com\/de\/wp-json\/wp\/v2\/pages\/277196\/revisions"}],"predecessor-version":[{"id":277198,"href":"https:\/\/lottomat.com\/de\/wp-json\/wp\/v2\/pages\/277196\/revisions\/277198"}],"up":[{"embeddable":true,"href":"https:\/\/lottomat.com\/de\/wp-json\/wp\/v2\/pages\/6865"}],"wp:attachment":[{"href":"https:\/\/lottomat.com\/de\/wp-json\/wp\/v2\/media?parent=277196"}],"curies":[{"name":"wp","href":"https:\/\/api.w.org\/{rel}","templated":true}]}}