{"id":277193,"date":"2025-05-18T16:34:38","date_gmt":"2025-05-18T16:34:38","guid":{"rendered":"https:\/\/lottomat.com\/?page_id=277193"},"modified":"2026-04-24T14:40:40","modified_gmt":"2026-04-24T14:40:40","slug":"euromillions-austria-ergebnisse-gewinnzahlen","status":"publish","type":"page","link":"https:\/\/lottomat.com\/de\/ergebnisse\/euromillions-austria-ergebnisse-gewinnzahlen\/","title":{"rendered":"EuroMillions Austria Ergebnisse &#038; Gewinnzahlen"},"content":{"rendered":"\n\n<div class=\"kk-star-ratings kksr-auto kksr-align-left kksr-valign-top\"\n    data-payload='{&quot;align&quot;:&quot;left&quot;,&quot;id&quot;:&quot;277193&quot;,&quot;slug&quot;:&quot;default&quot;,&quot;valign&quot;:&quot;top&quot;,&quot;ignore&quot;:&quot;&quot;,&quot;reference&quot;:&quot;auto&quot;,&quot;class&quot;:&quot;&quot;,&quot;count&quot;:&quot;0&quot;,&quot;legendonly&quot;:&quot;&quot;,&quot;readonly&quot;:&quot;&quot;,&quot;score&quot;:&quot;0&quot;,&quot;starsonly&quot;:&quot;&quot;,&quot;best&quot;:&quot;5&quot;,&quot;gap&quot;:&quot;5&quot;,&quot;greet&quot;:&quot;Rate this page&quot;,&quot;legend&quot;:&quot;0\\\/5 - (0 votes)&quot;,&quot;size&quot;:&quot;30&quot;,&quot;title&quot;:&quot;EuroMillions Austria Ergebnisse \\u0026amp; Gewinnzahlen&quot;,&quot;width&quot;:&quot;0&quot;,&quot;_legend&quot;:&quot;{score}\\\/{best} - ({count} {votes})&quot;,&quot;font_factor&quot;:&quot;1.25&quot;}'>\n            \n<div class=\"kksr-stars\">\n    \n<div class=\"kksr-stars-inactive\">\n            <div class=\"kksr-star\" data-star=\"1\" style=\"padding-right: 5px\">\n            \n\n<div class=\"kksr-icon\" style=\"width: 30px; height: 30px;\"><\/div>\n        <\/div>\n            <div class=\"kksr-star\" data-star=\"2\" style=\"padding-right: 5px\">\n            \n\n<div class=\"kksr-icon\" style=\"width: 30px; height: 30px;\"><\/div>\n        <\/div>\n            <div class=\"kksr-star\" data-star=\"3\" style=\"padding-right: 5px\">\n            \n\n<div class=\"kksr-icon\" style=\"width: 30px; height: 30px;\"><\/div>\n        <\/div>\n            <div class=\"kksr-star\" data-star=\"4\" style=\"padding-right: 5px\">\n            \n\n<div class=\"kksr-icon\" style=\"width: 30px; height: 30px;\"><\/div>\n        <\/div>\n            <div class=\"kksr-star\" data-star=\"5\" style=\"padding-right: 5px\">\n            \n\n<div class=\"kksr-icon\" style=\"width: 30px; height: 30px;\"><\/div>\n        <\/div>\n    <\/div>\n    \n<div class=\"kksr-stars-active\" style=\"width: 0px;\">\n            <div class=\"kksr-star\" style=\"padding-right: 5px\">\n            \n\n<div class=\"kksr-icon\" style=\"width: 30px; height: 30px;\"><\/div>\n        <\/div>\n            <div class=\"kksr-star\" style=\"padding-right: 5px\">\n            \n\n<div class=\"kksr-icon\" style=\"width: 30px; height: 30px;\"><\/div>\n        <\/div>\n            <div class=\"kksr-star\" style=\"padding-right: 5px\">\n            \n\n<div class=\"kksr-icon\" style=\"width: 30px; height: 30px;\"><\/div>\n        <\/div>\n            <div class=\"kksr-star\" style=\"padding-right: 5px\">\n            \n\n<div class=\"kksr-icon\" style=\"width: 30px; height: 30px;\"><\/div>\n        <\/div>\n            <div class=\"kksr-star\" style=\"padding-right: 5px\">\n            \n\n<div class=\"kksr-icon\" style=\"width: 30px; height: 30px;\"><\/div>\n        <\/div>\n    <\/div>\n<\/div>\n                \n\n<div class=\"kksr-legend\" style=\"font-size: 24px;\">\n            <span class=\"kksr-muted\">Rate this page<\/span>\n    <\/div>\n    <\/div>\n<h2>Entdecken Sie die Spannung der EuroMillions Austria Ergebnisse<img loading=\"lazy\" decoding=\"async\" class=\"alignright wp-image-268309\" src=\"https:\/\/lottomat.com\/wp-content\/uploads\/2026\/01\/Austrian-EuroMillions-draw.webp\" alt=\"\u00d6sterreichische EuroMillions Ziehung\" width=\"200\" height=\"200\" srcset=\"https:\/\/lottomat.com\/wp-content\/uploads\/2026\/01\/Austrian-EuroMillions-draw.webp 400w, https:\/\/lottomat.com\/wp-content\/uploads\/2026\/01\/Austrian-EuroMillions-draw-300x300.webp 300w, https:\/\/lottomat.com\/wp-content\/uploads\/2026\/01\/Austrian-EuroMillions-draw-150x150.webp 150w, https:\/\/lottomat.com\/wp-content\/uploads\/2026\/01\/Austrian-EuroMillions-draw-100x100.webp 100w\" sizes=\"auto, (max-width: 200px) 100vw, 200px\" \/><\/h2>\n<p>Wenn Sie jemals davon getr\u00e4umt haben, Ihr Leben \u00fcber Nacht zu ver\u00e4ndern, ist EuroMillions Austria die Lotterie, die Tr\u00e4ume in die Wirklichkeit verwandelt. Mit seinen mitrei\u00dfenden Ziehungen, lebensver\u00e4ndernden Jackpots und Geschichten unglaublicher Gewinner befl\u00fcgelt EuroMillions Austria jede Woche die Fantasie von Millionen Menschen in ganz Europa. Ob Sie ein erfahrener Spieler sind oder gerade erst \u00fcberlegen, Ihr erstes Ticket zu kaufen \u2013 die Besch\u00e4ftigung mit den Ergebnissen und den damit verbundenen M\u00f6glichkeiten weckt ein Gef\u00fchl von Aufregung und Hoffnung. Tauchen Sie mit uns in die Welt der EuroMillions Austria Ergebnisse ein, erkunden Sie die gr\u00f6\u00dften Gewinne und sehen Sie, wie oft das Gl\u00fcck seinen Auserw\u00e4hlten hold ist!<\/p>\n<h2>Rekordgewinne: Die gr\u00f6\u00dften EuroMillions Austria Gewinner<\/h2>\n<p>Wenn es um atemberaubende Jackpots geht, hat EuroMillions Austria ohne Zweifel Geschichte geschrieben. Die Lotterie, als Teil des gr\u00f6\u00dferen EuroMillions-Verbunds, bietet regelm\u00e4\u00dfig Preise, die au\u00dfergew\u00f6hnliche Summen erreichen k\u00f6nnen \u2013 mitunter \u00fcber 100 Millionen Euro. Im Laufe der Jahre haben in \u00d6sterreich einige bemerkenswerte Gewinne stattgefunden, die das Leben der gl\u00fccklichen Ticketinhaber f\u00fcr immer ver\u00e4ndert haben.<img loading=\"lazy\" decoding=\"async\" class=\"alignleft wp-image-268340\" src=\"https:\/\/lottomat.com\/wp-content\/uploads\/2026\/01\/Austrian-EuroMillions-numbers.webp\" alt=\"\u00d6sterreichische EuroMillions Zahlen\" width=\"200\" height=\"200\" srcset=\"https:\/\/lottomat.com\/wp-content\/uploads\/2026\/01\/Austrian-EuroMillions-numbers.webp 400w, https:\/\/lottomat.com\/wp-content\/uploads\/2026\/01\/Austrian-EuroMillions-numbers-300x300.webp 300w, https:\/\/lottomat.com\/wp-content\/uploads\/2026\/01\/Austrian-EuroMillions-numbers-150x150.webp 150w, https:\/\/lottomat.com\/wp-content\/uploads\/2026\/01\/Austrian-EuroMillions-numbers-100x100.webp 100w\" sizes=\"auto, (max-width: 200px) 100vw, 200px\" \/><\/p>\n<p>Einer der ber\u00fchmtesten Gewinne in \u00d6sterreich ereignete sich im August 2020, als eine Gruppe von Arbeitskollegen aus Wien unglaubliche 45 Millionen Euro abstaubte. Ihre Geschichte wurde zu einer Sensation im ganzen Land \u2013 Freunde und Familie feierten ausgelassen, und die Gewinner konnten ihr Gl\u00fcck kaum fassen. Das war kein Gewinn f\u00fcr eine einzelne Person, sondern f\u00fcr ein Team, dessen Leben sich gemeinsam von Grund auf ver\u00e4nderte.<\/p>\n<p>Ein weiterer unvergesslicher Moment kam im Jahr 2018, als ein Spieler aus Salzburg alle f\u00fcnf Hauptzahlen und beide Lucky Stars traf und sich einen Jackpot von 30 Millionen Euro sicherte. Der Gewinner entschied sich, anonym zu bleiben, doch lokale Medien berichteten von einer Welle der Begeisterung in Salzburg, als die Stadt voller Spekulationen und Freude \u00fcber die Neuigkeit war.<\/p>\n<p>Diese Geschichten geh\u00f6ren zwar zu den gr\u00f6\u00dften, sind aber bei Weitem nicht die einzigen Gl\u00fccksgeschichten. Quer durch \u00d6sterreich \u2013 von Graz bis Innsbruck \u2013 hat EuroMillions neue Million\u00e4re geschaffen, jeder mit seiner ganz eigenen Geschichte, wie ein einziges Ticket alles ver\u00e4ndert hat.<\/p>\n<h2>Wie oft gibt es EuroMillions Austria Gewinne?<\/h2>\n<p>Einer der aufregendsten Aspekte von EuroMillions Austria ist die H\u00e4ufigkeit, mit der <a href=\"https:\/\/lottomat.com\/de\/lotterie\/euromillions\/\">lebensver\u00e4ndernde EuroMillions Austria Preise<\/a> gewonnen werden. Mit zwei Ziehungen pro Woche \u2013 dienstags und freitags \u2013 sind die Gewinnm\u00f6glichkeiten reichlich vorhanden. Statistiken zeigen tats\u00e4chlich, dass \u00f6sterreichische Spieler regelm\u00e4\u00dfig bedeutende Preise erringen \u2013 sowohl auf Jackpot-Ebene als auch in den unteren Gewinnklassen.<\/p>\n<p>Die Chancen, bei EuroMillions irgendeinen Preis zu gewinnen, stehen ermutigende 1 zu 13, was bedeutet, dass fast jede Ziehung eine neue Welle von Gewinnern hervorbringt. In \u00d6sterreich erhalten jedes Jahr Hunderttausende von Spielern Preise \u2013 von kleineren Geldbetr\u00e4gen bis hin zu Jackpots in Millionenh\u00f6he.<img loading=\"lazy\" decoding=\"async\" class=\"alignright wp-image-268370\" src=\"https:\/\/lottomat.com\/wp-content\/uploads\/2026\/01\/EuroMillions-Austria-draw.webp\" alt=\"EuroMillions Austria Ziehung\" width=\"200\" height=\"200\" srcset=\"https:\/\/lottomat.com\/wp-content\/uploads\/2026\/01\/EuroMillions-Austria-draw.webp 400w, https:\/\/lottomat.com\/wp-content\/uploads\/2026\/01\/EuroMillions-Austria-draw-300x300.webp 300w, https:\/\/lottomat.com\/wp-content\/uploads\/2026\/01\/EuroMillions-Austria-draw-150x150.webp 150w, https:\/\/lottomat.com\/wp-content\/uploads\/2026\/01\/EuroMillions-Austria-draw-100x100.webp 100w\" sizes=\"auto, (max-width: 200px) 100vw, 200px\" \/><\/p>\n<p>Noch aufregender ist, dass der EuroMillions Austria Jackpot h\u00e4ufig weiterrolt und sich mit jeder Ziehung erh\u00f6ht, bis jemand alle Zahlen trifft. Das kann zu einem deutlichen Anstieg der Ticketverk\u00e4ufe und einer sp\u00fcrbaren Aufbruchsstimmung im ganzen Land f\u00fchren, w\u00e4hrend der Jackpot immer weiter klettert.<\/p>\n<p>Nicht nur Einzelpersonen gewinnen \u00fcbrigens. Syndikate \u2013 Gruppen von Freunden, Familien oder Kollegen \u2013 schlie\u00dfen sich regelm\u00e4\u00dfig zusammen, um gemeinsam EuroMillions Austria Tickets zu kaufen, ihre Gewinnchancen zu erh\u00f6hen und im Erfolgsfall die Freude \u00fcber einen gro\u00dfen Gewinn miteinander zu teilen.<\/p>\n<h2>Die Freude und die M\u00f6glichkeiten eines EuroMillions-Gewinns<\/h2>\n<p>Stellen Sie sich vor, Sie wachen auf und stellen fest, dass Sie \u00d6sterreichs neuester Million\u00e4r sind. Die M\u00f6glichkeiten sind grenzenlos: die Welt bereisen, Ihr Traumhaus kaufen, Ihre Liebsten unterst\u00fctzen oder in ein Herzensprojekt investieren, von dem Sie schon immer getr\u00e4umt haben. F\u00fcr viele EuroMillions Austria Gewinner ist die Realit\u00e4t eines gro\u00dfen Gewinns sogar noch besser als erwartet.<\/p>\n<p>Es gibt zahllose Geschichten von Gewinnern, die ihr neu gewonnenes Verm\u00f6gen genutzt haben, um etwas zu bewegen \u2013 nicht nur im eigenen Leben, sondern auch in ihrer Gemeinschaft. Manche haben an lokale Wohlt\u00e4tigkeitsorganisationen gespendet, Unternehmen gegr\u00fcndet, die Arbeitspl\u00e4tze schufen, oder lang gehegte Tr\u00e4ume verwirklicht. Ob spontanes Abenteuer oder sorgf\u00e4ltig geplanter Ruhestand \u2013 die Freiheit, die ein EuroMillions-Gewinn mit sich bringt, ist schlicht und ergreifend bemerkenswert.<\/p>\n<p>Jeden Dienstag und Freitag, wenn die Ergebnisse bekannt gegeben werden, erleben Tausende von \u00d6sterreichern einen Moment der Hochspannung. Die eigenen Zahlen zu \u00fcberpr\u00fcfen, sich vorzustellen, was man mit einem Gewinn anfangen w\u00fcrde, und die Aufregung mit Freunden und Familie zu teilen \u2013 das alles geh\u00f6rt zur Magie, die EuroMillions Austria so besonders macht.<\/p>\n<h2>EuroMillions Austria Ergebnisse pr\u00fcfen: Ihr erster Schritt in ein neues Leben<\/h2>\n<p><img loading=\"lazy\" decoding=\"async\" class=\"alignleft wp-image-268401\" src=\"https:\/\/lottomat.com\/wp-content\/uploads\/2026\/01\/EuroMillions-Austria-results.webp\" alt=\"EuroMillions Austria Ergebnisse\" width=\"200\" height=\"200\" srcset=\"https:\/\/lottomat.com\/wp-content\/uploads\/2026\/01\/EuroMillions-Austria-results.webp 400w, https:\/\/lottomat.com\/wp-content\/uploads\/2026\/01\/EuroMillions-Austria-results-300x300.webp 300w, https:\/\/lottomat.com\/wp-content\/uploads\/2026\/01\/EuroMillions-Austria-results-150x150.webp 150w, https:\/\/lottomat.com\/wp-content\/uploads\/2026\/01\/EuroMillions-Austria-results-100x100.webp 100w\" sizes=\"auto, (max-width: 200px) 100vw, 200px\" \/>Stets \u00fcber die aktuellen EuroMillions Austria Ergebnisse informiert zu bleiben, ist f\u00fcr jeden Spieler unerl\u00e4sslich. <a href=\"https:\/\/lottomat.com\/de\/ergebnisse\/\">Die offiziellen Lotterieergebnisse<\/a> werden kurz nach jeder Ziehung ver\u00f6ffentlicht, und deren \u00dcberpr\u00fcfung war noch nie so einfach \u2013 ob online, \u00fcber offizielle Apps oder bei Ihrer lokalen Lotterieannahmestelle. Wenn die Gewinnzahlen bekannt gegeben werden, schl\u00e4gt das Herz schneller und die Hoffnungen steigen, w\u00e4hrend Spieler in ganz \u00d6sterreich gespannt warten, ob sie der n\u00e4chste Gl\u00fcckliche sind.<\/p>\n<p>Wenn Sie sich im Besitz eines Gewinnertickets befinden, ist das weitere Vorgehen unkompliziert. Gr\u00f6\u00dfere Gewinne k\u00f6nnen bei der Zentrale der \u00d6sterreichischen Lotterien eingel\u00f6st werden, mit umfassender Unterst\u00fctzung, die Sie durch jeden Schritt begleitet. Auch bei einem kleineren Gewinn k\u00f6nnen Sie Ihre Gewinne bei autorisierten Annahmestellen einl\u00f6sen, was jeden Gewinn zug\u00e4nglich und sicher macht.<\/p>\n<p>Denken Sie daran: Jede EuroMillions Austria Ziehung bringt neue M\u00f6glichkeiten. Selbst wenn Sie den Jackpot nicht knacken, gibt es zw\u00f6lf verschiedene Gewinnklassen, sodass jede Woche Tausende von \u00d6sterreichern Gewinne \u2013 gro\u00dfe wie kleine \u2013 erzielen.<\/p>\n<hr \/>\n<p>EuroMillions Austria ist mehr als nur ein Spiel \u2013 es ist ein Tor zu Tr\u00e4umen, Aufregung und der Chance, das Leben aus einer v\u00f6llig neuen Perspektive zu erleben. Mit jeder Ziehung werden neue Geschichten geschrieben und neue Gewinner treten ins Rampenlicht. Werden Sie der N\u00e4chste sein, der in ihre Fu\u00dfstapfen tritt? <a href=\"https:\/\/lottomat.com\/de\/spielen\/euromillions-eu-online-euromillions-oesterreich-tickets\/\">Spielen Sie EuroMillions Austria online<\/a>, \u00fcberpr\u00fcfen Sie die aktuellen EuroMillions Austria Ergebnisse und trauen Sie sich, gro\u00df zu tr\u00e4umen!<\/p>\n","protected":false},"excerpt":{"rendered":"<p>Entdecken Sie die Spannung der EuroMillions Austria Ergebnisse Wenn Sie jemals davon getr\u00e4umt haben, Ihr Leben \u00fcber Nacht zu ver\u00e4ndern, ist EuroMillions Austria die Lotterie, die Tr\u00e4ume in die Wirklichkeit verwandelt. Mit seinen mitrei\u00dfenden Ziehungen, lebensver\u00e4ndernden Jackpots und Geschichten unglaublicher Gewinner befl\u00fcgelt EuroMillions Austria jede Woche die Fantasie von Millionen Menschen in ganz Europa. Ob [&hellip;]<\/p>\n","protected":false},"author":2,"featured_media":0,"parent":7413,"menu_order":0,"comment_status":"closed","ping_status":"closed","template":"euromillions-results.php","meta":{"_et_pb_use_builder":"","_et_pb_old_content":"","_et_gb_content_width":"","exclude_from_search":false,"footnotes":""},"class_list":["post-277193","page","type-page","status-publish","hentry"],"yoast_head":"<!-- This site is optimized with the Yoast SEO plugin v23.8 - https:\/\/yoast.com\/wordpress\/plugins\/seo\/ -->\n<title>EuroMillions Austria Ergebnisse &amp; Gewinnzahlen \u2013 Lottomat<\/title>\n<meta name=\"description\" content=\"\u00dcberpr\u00fcfen Sie die aktuellen EuroMillions Austria Ergebnisse und Gewinnzahlen. Erfahren Sie mehr \u00fcber die offiziellen Ziehungsergebnisse.\" \/>\n<meta name=\"robots\" content=\"index, follow, max-snippet:-1, max-image-preview:large, max-video-preview:-1\" \/>\n<link rel=\"canonical\" href=\"https:\/\/lottomat.com\/de\/ergebnisse\/euromillions-austria-ergebnisse-gewinnzahlen\/\" \/>\n<meta property=\"og:locale\" content=\"de_DE\" \/>\n<meta property=\"og:type\" content=\"article\" \/>\n<meta property=\"og:title\" content=\"EuroMillions Austria Ergebnisse &amp; Gewinnzahlen \u2013 Lottomat\" \/>\n<meta property=\"og:description\" content=\"\u00dcberpr\u00fcfen Sie die aktuellen EuroMillions Austria Ergebnisse und Gewinnzahlen. Erfahren Sie mehr \u00fcber die offiziellen Ziehungsergebnisse.\" \/>\n<meta property=\"og:url\" content=\"https:\/\/lottomat.com\/de\/ergebnisse\/euromillions-austria-ergebnisse-gewinnzahlen\/\" \/>\n<meta property=\"og:site_name\" content=\"Lottomat\" \/>\n<meta property=\"article:modified_time\" content=\"2026-04-24T14:40:40+00:00\" \/>\n<meta property=\"og:image\" content=\"https:\/\/lottomat.com\/wp-content\/uploads\/2026\/01\/Austrian-EuroMillions-draw.webp\" \/>\n\t<meta property=\"og:image:width\" content=\"400\" \/>\n\t<meta property=\"og:image:height\" content=\"400\" \/>\n\t<meta property=\"og:image:type\" content=\"image\/webp\" \/>\n<meta name=\"twitter:card\" content=\"summary_large_image\" \/>\n<meta name=\"twitter:label1\" content=\"Gesch\u00e4tzte Lesezeit\" \/>\n\t<meta name=\"twitter:data1\" content=\"5\u00a0Minuten\" \/>\n<script type=\"application\/ld+json\" class=\"yoast-schema-graph\">{\"@context\":\"https:\/\/schema.org\",\"@graph\":[{\"@type\":\"WebPage\",\"@id\":\"https:\/\/lottomat.com\/de\/ergebnisse\/euromillions-austria-ergebnisse-gewinnzahlen\/\",\"url\":\"https:\/\/lottomat.com\/de\/ergebnisse\/euromillions-austria-ergebnisse-gewinnzahlen\/\",\"name\":\"EuroMillions Austria Ergebnisse & Gewinnzahlen \u2013 Lottomat\",\"isPartOf\":{\"@id\":\"https:\/\/lottomat.com\/de\/#website\"},\"primaryImageOfPage\":{\"@id\":\"https:\/\/lottomat.com\/de\/ergebnisse\/euromillions-austria-ergebnisse-gewinnzahlen\/#primaryimage\"},\"image\":{\"@id\":\"https:\/\/lottomat.com\/de\/ergebnisse\/euromillions-austria-ergebnisse-gewinnzahlen\/#primaryimage\"},\"thumbnailUrl\":\"https:\/\/lottomat.com\/wp-content\/uploads\/2026\/01\/Austrian-EuroMillions-draw.webp\",\"datePublished\":\"2025-05-18T16:34:38+00:00\",\"dateModified\":\"2026-04-24T14:40:40+00:00\",\"description\":\"\u00dcberpr\u00fcfen Sie die aktuellen EuroMillions Austria Ergebnisse und Gewinnzahlen. Erfahren Sie mehr \u00fcber die offiziellen Ziehungsergebnisse.\",\"breadcrumb\":{\"@id\":\"https:\/\/lottomat.com\/de\/ergebnisse\/euromillions-austria-ergebnisse-gewinnzahlen\/#breadcrumb\"},\"inLanguage\":\"de\",\"potentialAction\":[{\"@type\":\"ReadAction\",\"target\":[\"https:\/\/lottomat.com\/de\/ergebnisse\/euromillions-austria-ergebnisse-gewinnzahlen\/\"]}]},{\"@type\":\"ImageObject\",\"inLanguage\":\"de\",\"@id\":\"https:\/\/lottomat.com\/de\/ergebnisse\/euromillions-austria-ergebnisse-gewinnzahlen\/#primaryimage\",\"url\":\"https:\/\/lottomat.com\/wp-content\/uploads\/2026\/01\/Austrian-EuroMillions-draw.webp\",\"contentUrl\":\"https:\/\/lottomat.com\/wp-content\/uploads\/2026\/01\/Austrian-EuroMillions-draw.webp\"},{\"@type\":\"BreadcrumbList\",\"@id\":\"https:\/\/lottomat.com\/de\/ergebnisse\/euromillions-austria-ergebnisse-gewinnzahlen\/#breadcrumb\",\"itemListElement\":[{\"@type\":\"ListItem\",\"position\":1,\"name\":\"Home\",\"item\":\"https:\/\/lottomat.com\/de\/\"},{\"@type\":\"ListItem\",\"position\":2,\"name\":\"Die Neuesten Lotterie-Ergebnisse &#038; Gewinnzahlen\",\"item\":\"https:\/\/lottomat.com\/de\/ergebnisse\/\"},{\"@type\":\"ListItem\",\"position\":3,\"name\":\"EuroMillions Austria Ergebnisse &#038; Gewinnzahlen\"}]},{\"@type\":\"WebSite\",\"@id\":\"https:\/\/lottomat.com\/de\/#website\",\"url\":\"https:\/\/lottomat.com\/de\/\",\"name\":\"Lottomat\",\"description\":\"\",\"potentialAction\":[{\"@type\":\"SearchAction\",\"target\":{\"@type\":\"EntryPoint\",\"urlTemplate\":\"https:\/\/lottomat.com\/de\/?s={search_term_string}\"},\"query-input\":{\"@type\":\"PropertyValueSpecification\",\"valueRequired\":true,\"valueName\":\"search_term_string\"}}],\"inLanguage\":\"de\"}]}<\/script>\n<!-- \/ Yoast SEO plugin. -->","yoast_head_json":{"title":"EuroMillions Austria Ergebnisse & Gewinnzahlen \u2013 Lottomat","description":"\u00dcberpr\u00fcfen Sie die aktuellen EuroMillions Austria Ergebnisse und Gewinnzahlen. Erfahren Sie mehr \u00fcber die offiziellen Ziehungsergebnisse.","robots":{"index":"index","follow":"follow","max-snippet":"max-snippet:-1","max-image-preview":"max-image-preview:large","max-video-preview":"max-video-preview:-1"},"canonical":"https:\/\/lottomat.com\/de\/ergebnisse\/euromillions-austria-ergebnisse-gewinnzahlen\/","og_locale":"de_DE","og_type":"article","og_title":"EuroMillions Austria Ergebnisse & Gewinnzahlen \u2013 Lottomat","og_description":"\u00dcberpr\u00fcfen Sie die aktuellen EuroMillions Austria Ergebnisse und Gewinnzahlen. Erfahren Sie mehr \u00fcber die offiziellen Ziehungsergebnisse.","og_url":"https:\/\/lottomat.com\/de\/ergebnisse\/euromillions-austria-ergebnisse-gewinnzahlen\/","og_site_name":"Lottomat","article_modified_time":"2026-04-24T14:40:40+00:00","og_image":[{"width":400,"height":400,"url":"https:\/\/lottomat.com\/wp-content\/uploads\/2026\/01\/Austrian-EuroMillions-draw.webp","type":"image\/webp"}],"twitter_card":"summary_large_image","twitter_misc":{"Gesch\u00e4tzte Lesezeit":"5\u00a0Minuten"},"schema":{"@context":"https:\/\/schema.org","@graph":[{"@type":"WebPage","@id":"https:\/\/lottomat.com\/de\/ergebnisse\/euromillions-austria-ergebnisse-gewinnzahlen\/","url":"https:\/\/lottomat.com\/de\/ergebnisse\/euromillions-austria-ergebnisse-gewinnzahlen\/","name":"EuroMillions Austria Ergebnisse & Gewinnzahlen \u2013 Lottomat","isPartOf":{"@id":"https:\/\/lottomat.com\/de\/#website"},"primaryImageOfPage":{"@id":"https:\/\/lottomat.com\/de\/ergebnisse\/euromillions-austria-ergebnisse-gewinnzahlen\/#primaryimage"},"image":{"@id":"https:\/\/lottomat.com\/de\/ergebnisse\/euromillions-austria-ergebnisse-gewinnzahlen\/#primaryimage"},"thumbnailUrl":"https:\/\/lottomat.com\/wp-content\/uploads\/2026\/01\/Austrian-EuroMillions-draw.webp","datePublished":"2025-05-18T16:34:38+00:00","dateModified":"2026-04-24T14:40:40+00:00","description":"\u00dcberpr\u00fcfen Sie die aktuellen EuroMillions Austria Ergebnisse und Gewinnzahlen. Erfahren Sie mehr \u00fcber die offiziellen Ziehungsergebnisse.","breadcrumb":{"@id":"https:\/\/lottomat.com\/de\/ergebnisse\/euromillions-austria-ergebnisse-gewinnzahlen\/#breadcrumb"},"inLanguage":"de","potentialAction":[{"@type":"ReadAction","target":["https:\/\/lottomat.com\/de\/ergebnisse\/euromillions-austria-ergebnisse-gewinnzahlen\/"]}]},{"@type":"ImageObject","inLanguage":"de","@id":"https:\/\/lottomat.com\/de\/ergebnisse\/euromillions-austria-ergebnisse-gewinnzahlen\/#primaryimage","url":"https:\/\/lottomat.com\/wp-content\/uploads\/2026\/01\/Austrian-EuroMillions-draw.webp","contentUrl":"https:\/\/lottomat.com\/wp-content\/uploads\/2026\/01\/Austrian-EuroMillions-draw.webp"},{"@type":"BreadcrumbList","@id":"https:\/\/lottomat.com\/de\/ergebnisse\/euromillions-austria-ergebnisse-gewinnzahlen\/#breadcrumb","itemListElement":[{"@type":"ListItem","position":1,"name":"Home","item":"https:\/\/lottomat.com\/de\/"},{"@type":"ListItem","position":2,"name":"Die Neuesten Lotterie-Ergebnisse &#038; Gewinnzahlen","item":"https:\/\/lottomat.com\/de\/ergebnisse\/"},{"@type":"ListItem","position":3,"name":"EuroMillions Austria Ergebnisse &#038; Gewinnzahlen"}]},{"@type":"WebSite","@id":"https:\/\/lottomat.com\/de\/#website","url":"https:\/\/lottomat.com\/de\/","name":"Lottomat","description":"","potentialAction":[{"@type":"SearchAction","target":{"@type":"EntryPoint","urlTemplate":"https:\/\/lottomat.com\/de\/?s={search_term_string}"},"query-input":{"@type":"PropertyValueSpecification","valueRequired":true,"valueName":"search_term_string"}}],"inLanguage":"de"}]}},"_links":{"self":[{"href":"https:\/\/lottomat.com\/de\/wp-json\/wp\/v2\/pages\/277193","targetHints":{"allow":["GET"]}}],"collection":[{"href":"https:\/\/lottomat.com\/de\/wp-json\/wp\/v2\/pages"}],"about":[{"href":"https:\/\/lottomat.com\/de\/wp-json\/wp\/v2\/types\/page"}],"author":[{"embeddable":true,"href":"https:\/\/lottomat.com\/de\/wp-json\/wp\/v2\/users\/2"}],"replies":[{"embeddable":true,"href":"https:\/\/lottomat.com\/de\/wp-json\/wp\/v2\/comments?post=277193"}],"version-history":[{"count":2,"href":"https:\/\/lottomat.com\/de\/wp-json\/wp\/v2\/pages\/277193\/revisions"}],"predecessor-version":[{"id":277195,"href":"https:\/\/lottomat.com\/de\/wp-json\/wp\/v2\/pages\/277193\/revisions\/277195"}],"up":[{"embeddable":true,"href":"https:\/\/lottomat.com\/de\/wp-json\/wp\/v2\/pages\/7413"}],"wp:attachment":[{"href":"https:\/\/lottomat.com\/de\/wp-json\/wp\/v2\/media?parent=277193"}],"curies":[{"name":"wp","href":"https:\/\/api.w.org\/{rel}","templated":true}]}}