{"id":277189,"date":"2025-05-18T16:39:08","date_gmt":"2025-05-18T16:39:08","guid":{"rendered":"https:\/\/lottomat.com\/?page_id=277189"},"modified":"2026-04-24T14:36:58","modified_gmt":"2026-04-24T14:36:58","slug":"euromillions-eu-online-euromillions-oesterreich-tickets","status":"publish","type":"page","link":"https:\/\/lottomat.com\/de\/spielen\/euromillions-eu-online-euromillions-oesterreich-tickets\/","title":{"rendered":"EuroMillions EU online \u2013 Euromillions Austria-Tickets"},"content":{"rendered":"\n\n<div class=\"kk-star-ratings kksr-auto kksr-align-left kksr-valign-top\"\n    data-payload='{&quot;align&quot;:&quot;left&quot;,&quot;id&quot;:&quot;277189&quot;,&quot;slug&quot;:&quot;default&quot;,&quot;valign&quot;:&quot;top&quot;,&quot;ignore&quot;:&quot;&quot;,&quot;reference&quot;:&quot;auto&quot;,&quot;class&quot;:&quot;&quot;,&quot;count&quot;:&quot;0&quot;,&quot;legendonly&quot;:&quot;&quot;,&quot;readonly&quot;:&quot;&quot;,&quot;score&quot;:&quot;0&quot;,&quot;starsonly&quot;:&quot;&quot;,&quot;best&quot;:&quot;5&quot;,&quot;gap&quot;:&quot;5&quot;,&quot;greet&quot;:&quot;Rate this page&quot;,&quot;legend&quot;:&quot;0\\\/5 - (0 votes)&quot;,&quot;size&quot;:&quot;30&quot;,&quot;title&quot;:&quot;EuroMillions EU online \u2013 Euromillions Austria-Tickets&quot;,&quot;width&quot;:&quot;0&quot;,&quot;_legend&quot;:&quot;{score}\\\/{best} - ({count} {votes})&quot;,&quot;font_factor&quot;:&quot;1.25&quot;}'>\n            \n<div class=\"kksr-stars\">\n    \n<div class=\"kksr-stars-inactive\">\n            <div class=\"kksr-star\" data-star=\"1\" style=\"padding-right: 5px\">\n            \n\n<div class=\"kksr-icon\" style=\"width: 30px; height: 30px;\"><\/div>\n        <\/div>\n            <div class=\"kksr-star\" data-star=\"2\" style=\"padding-right: 5px\">\n            \n\n<div class=\"kksr-icon\" style=\"width: 30px; height: 30px;\"><\/div>\n        <\/div>\n            <div class=\"kksr-star\" data-star=\"3\" style=\"padding-right: 5px\">\n            \n\n<div class=\"kksr-icon\" style=\"width: 30px; height: 30px;\"><\/div>\n        <\/div>\n            <div class=\"kksr-star\" data-star=\"4\" style=\"padding-right: 5px\">\n            \n\n<div class=\"kksr-icon\" style=\"width: 30px; height: 30px;\"><\/div>\n        <\/div>\n            <div class=\"kksr-star\" data-star=\"5\" style=\"padding-right: 5px\">\n            \n\n<div class=\"kksr-icon\" style=\"width: 30px; height: 30px;\"><\/div>\n        <\/div>\n    <\/div>\n    \n<div class=\"kksr-stars-active\" style=\"width: 0px;\">\n            <div class=\"kksr-star\" style=\"padding-right: 5px\">\n            \n\n<div class=\"kksr-icon\" style=\"width: 30px; height: 30px;\"><\/div>\n        <\/div>\n            <div class=\"kksr-star\" style=\"padding-right: 5px\">\n            \n\n<div class=\"kksr-icon\" style=\"width: 30px; height: 30px;\"><\/div>\n        <\/div>\n            <div class=\"kksr-star\" style=\"padding-right: 5px\">\n            \n\n<div class=\"kksr-icon\" style=\"width: 30px; height: 30px;\"><\/div>\n        <\/div>\n            <div class=\"kksr-star\" style=\"padding-right: 5px\">\n            \n\n<div class=\"kksr-icon\" style=\"width: 30px; height: 30px;\"><\/div>\n        <\/div>\n            <div class=\"kksr-star\" style=\"padding-right: 5px\">\n            \n\n<div class=\"kksr-icon\" style=\"width: 30px; height: 30px;\"><\/div>\n        <\/div>\n    <\/div>\n<\/div>\n                \n\n<div class=\"kksr-legend\" style=\"font-size: 24px;\">\n            <span class=\"kksr-muted\">Rate this page<\/span>\n    <\/div>\n    <\/div>\n<h2>Entdecken Sie den Nervenkitzel von Euromillions EU \u2013 Der \u00f6sterreichische Weg zu gro\u00dfen Gewinnen<\/h2>\n<p><img loading=\"lazy\" decoding=\"async\" class=\"alignright wp-image-268063\" src=\"https:\/\/lottomat.com\/wp-content\/uploads\/2026\/01\/Austrian-EuroMillions.webp\" alt=\"\u00d6sterreichische EuroMillions\" width=\"200\" height=\"200\" srcset=\"https:\/\/lottomat.com\/wp-content\/uploads\/2026\/01\/Austrian-EuroMillions.webp 400w, https:\/\/lottomat.com\/wp-content\/uploads\/2026\/01\/Austrian-EuroMillions-300x300.webp 300w, https:\/\/lottomat.com\/wp-content\/uploads\/2026\/01\/Austrian-EuroMillions-150x150.webp 150w, https:\/\/lottomat.com\/wp-content\/uploads\/2026\/01\/Austrian-EuroMillions-100x100.webp 100w\" sizes=\"auto, (max-width: 200px) 100vw, 200px\" \/><\/p>\n<p>Stellen Sie sich vor, Sie wachen in einem Leben auf, in dem alle Ihre Tr\u00e4ume zum Greifen nah sind \u2013 wo die Zahlen, die Sie gestern Abend gew\u00e4hlt haben, Ihre Zukunft f\u00fcr immer ver\u00e4ndert haben. Das ist der Nervenkitzel, der jeden Teilnehmer bei <strong>Euromillions EU<\/strong>, auch bekannt als <strong>Euromillions Austria<\/strong>, erwartet. Mit Jackpots, die die Fantasie befl\u00fcgeln, und der Begeisterung von Millionen ist diese Lotterie Ihr Ticket in eine Welt voller M\u00f6glichkeiten.<\/p>\n<p>Euromillions EU ist nicht nur eine weitere Lotterie \u2013 es ist ein Erlebnis, das Spieler aus dem ganzen Kontinent in der gemeinsamen Hoffnung vereint, das gro\u00dfe Los zu ziehen. Die Vorfreude, der Trubel am Ziehungsabend und die Chance, in die Riege Europas gr\u00f6\u00dfter Gewinner aufzusteigen \u2013 alles beginnt mit einem einzigen Ticket.<\/p>\n<h2>Was macht Euromillions Austria einzigartig?<\/h2>\n<p>Wenn Sie mit dem weltweiten Ph\u00e4nomen Euromillions vertraut sind, fragen Sie sich vielleicht, was die EU-Version \u2013 und insbesondere Euromillions Austria \u2013 von ihrer britischen Entsprechung unterscheidet. Die Antwort liegt im Detail, und f\u00fcr Lotterie-Enthusiasten z\u00e4hlt genau das.<\/p>\n<p><img loading=\"lazy\" decoding=\"async\" class=\"alignleft wp-image-268094\" src=\"https:\/\/lottomat.com\/wp-content\/uploads\/2026\/01\/EuroMillions-Austria-online.webp\" alt=\"EuroMillions Austria online\" width=\"200\" height=\"200\" srcset=\"https:\/\/lottomat.com\/wp-content\/uploads\/2026\/01\/EuroMillions-Austria-online.webp 400w, https:\/\/lottomat.com\/wp-content\/uploads\/2026\/01\/EuroMillions-Austria-online-300x300.webp 300w, https:\/\/lottomat.com\/wp-content\/uploads\/2026\/01\/EuroMillions-Austria-online-150x150.webp 150w, https:\/\/lottomat.com\/wp-content\/uploads\/2026\/01\/EuroMillions-Austria-online-100x100.webp 100w\" sizes=\"auto, (max-width: 200px) 100vw, 200px\" \/>Euromillions EU folgt dem <a href=\"https:\/\/lottomat.com\/de\/lotterie\/euromillions\/\">klassischen Euromillions-Format<\/a>, jedoch werden die Tickets nach \u00f6sterreichischen Regeln und Steuergesetzen gekauft und die Gewinne ausgezahlt. Das bedeutet oft andere Auszahlungsstrukturen und mitunter g\u00fcnstigere Steuerbedingungen f\u00fcr Gewinner, abh\u00e4ngig von Ihrem Wohnsitzland. Anders als bei der britischen Version, wo Tickets in Pfund gekauft und britischen Lotterievorschriften unterworfen werden, operiert Euromillions Austria in Euro und folgt dem \u00f6sterreichischen Gl\u00fccksspielrecht. Das kann nicht nur die Art des Spielens beeinflussen, sondern auch den Betrag, den Sie am Ende mit nach Hause nehmen, falls Sie gewinnen.<\/p>\n<p>Ein weiterer wesentlicher Unterschied liegt in der Bandbreite an Zusatzspielen und Verlosungen, die mitunter den britischen Euromillions-Ziehungen beigef\u00fcgt sind, wie etwa der UK Millionaire Maker. Diese sind zwar ausschlie\u00dflich britischen Teilnehmern vorbehalten, doch wer \u00fcber Euromillions EU spielt, wird Teil eines wahrhaft gesamteurop\u00e4ischen Lotterieerlebnisses und teilt die Begeisterung mit Spielern aus \u00d6sterreich, Spanien, Frankreich, Portugal, Belgien, Irland, Luxemburg und der Schweiz. Das Gemeinschaftsgef\u00fchl und der Umfang des Spiels machen jede Ziehung zu einem wahrlich internationalen Ereignis.<\/p>\n<h2>Der Rhythmus der Spannung \u2013 Wann finden die Ziehungen statt?<\/h2>\n<p>Euromillions EU h\u00e4lt die Spannung mit zwei Ziehungen pro Woche aufrecht, die jeden Dienstag und Freitagabend stattfinden. Dieser regelm\u00e4\u00dfige Rhythmus bedeutet, dass die Chance, das Leben zu ver\u00e4ndern, nie weit entfernt ist \u2013 nur wenige Tage trennen jede Gelegenheit, Europas n\u00e4chster gro\u00dfer Gewinner zu werden. Die Vorfreude steigt im Laufe der Woche, und jede Ziehung ist ein Neuanfang, eine frische Chance auf das Gl\u00fcck, das vielleicht schon um die Ecke wartet.<\/p>\n<p>Es hat seinen ganz eigenen Zauber zu wissen, dass zweimal pro Woche irgendwo in Europa jemand seine Zahlen aufgerufen sieht. Warum sollten Sie das nicht sein? Mit so h\u00e4ufigen Ziehungen bietet Euromillions EU reichlich Gelegenheiten zum Spielen, Tr\u00e4umen und Gewinnen.<\/p>\n<h2>Warum Euromillions Austria spielen? Die Freude am Verfolgen gro\u00dfer Tr\u00e4ume<\/h2>\n<p>Der eigentliche Reiz von Euromillions EU liegt in den lebensver\u00e4ndernden M\u00f6glichkeiten, die es bietet. Die Jackpots erreichen regelm\u00e4\u00dfig schwindelerregende H\u00f6hen und klettern manchmal auf \u00fcber 200 Millionen Euro. Stellen Sie sich vor, was Sie mit einem solchen Gewinn anfangen k\u00f6nnten \u2013 ob es darum geht, die Welt zu bereisen, Ihr Traumhaus zu kaufen, die Zukunft Ihrer Familie zu sichern oder die Anliegen zu unterst\u00fctzen, die Ihnen am meisten am Herzen liegen. Der Horizont weitet sich, und die einzige Grenze ist Ihre Vorstellungskraft.<\/p>\n<p>Doch jenseits der enormen Auszahlungen gibt es etwas tief Befriedigendes daran, Teil einer so legend\u00e4ren Lotterie zu sein. Jedes Ticket ist ein Versprechen der Hoffnung, eine kleine Investition in die \u00dcberzeugung, dass das Gl\u00fcck als N\u00e4chstes Ihnen l\u00e4cheln k\u00f6nnte. Die pure Vorfreude auf die Ziehung, der Moment, in dem Ihre Zahlen fallen, und der darauffolgende Adrenalinsto\u00df \u2013 das ist ein Erlebnis, das dem Alltag einen besonderen Puls verleiht.<img loading=\"lazy\" decoding=\"async\" class=\"alignright wp-image-268125\" src=\"https:\/\/lottomat.com\/wp-content\/uploads\/2026\/01\/EuroMillions-Austria-tickets.webp\" alt=\"EuroMillions Austria Tickets\" width=\"200\" height=\"200\" srcset=\"https:\/\/lottomat.com\/wp-content\/uploads\/2026\/01\/EuroMillions-Austria-tickets.webp 400w, https:\/\/lottomat.com\/wp-content\/uploads\/2026\/01\/EuroMillions-Austria-tickets-300x300.webp 300w, https:\/\/lottomat.com\/wp-content\/uploads\/2026\/01\/EuroMillions-Austria-tickets-150x150.webp 150w, https:\/\/lottomat.com\/wp-content\/uploads\/2026\/01\/EuroMillions-Austria-tickets-100x100.webp 100w\" sizes=\"auto, (max-width: 200px) 100vw, 200px\" \/><\/p>\n<p>Um den Lotterie-Lifestyle wirklich zu leben, ist Konsequenz das A und O. Die erfolgreichsten Lotterie-Spieler wissen, dass regelm\u00e4\u00dfiges Spielen das Geheimnis zur Erh\u00f6hung der eigenen Gewinnchancen ist. Jede Ziehung, die Sie verpassen, ist eine verlorene Gelegenheit \u2013 machen Sie es also zur Gewohnheit: Kaufen Sie Ihre Tickets, w\u00e4hlen Sie Ihre Zahlen, warten Sie auf <a href=\"https:\/\/lottomat.com\/de\/spielen\/euromillions\/\">die offiziellen EuroMillions Austria Ergebnisse<\/a>, und bleiben Sie im Spiel. Schlie\u00dflich gilt: Wer nicht spielt, kann nicht gewinnen, und Sie wissen nie, wann Ihr Gl\u00fcckstag kommt.<\/p>\n<h2>Mehr als nur Euromillions \u2013 Die Welt wartet bei Lottomat<\/h2>\n<p>W\u00e4hrend Euromillions EU und seine britische Entsprechung zu <a href=\"https:\/\/lottomat.com\/de\/spielen\/\">den beliebtesten Lotterien in Europa<\/a> z\u00e4hlen, sind sie nur der Anfang dessen, was bei Lottomat m\u00f6glich ist. Unsere Plattform bringt die gesamte Welt der Lotterie an Ihre Fingerspitzen \u2013 vom m\u00e4chtigen Powerball und <a href=\"https:\/\/lottomat.com\/de\/spielen\/mega-millions\/\">Mega Millions<\/a> in den Vereinigten Staaten bis hin zu Italiens <a href=\"https:\/\/lottomat.com\/de\/spielen\/superenalotto\/\">SuperEnalotto<\/a>, Spaniens El Gordo und vielen anderen. Jede Lotterie bietet ihren eigenen einzigartigen Charakter, eigene Gewinnchancen und Jackpot-Gr\u00f6\u00dfen \u2013 und gibt Ihnen damit unz\u00e4hlige M\u00f6glichkeiten zu spielen und zu gewinnen.<\/p>\n<p>Das Spielen mehrerer Lotterien ist eine Strategie, die viele erfahrene Spieler verfolgen. Indem Sie Ihre Eins\u00e4tze auf verschiedene Spiele verteilen, erweitern Sie nicht nur Ihren Horizont, sondern erh\u00f6hen auch erheblich Ihre Chancen, einen gro\u00dfen Gewinn zu erzielen. Jedes Ticket ist eine neue Chance, jede Ziehung ein neues Abenteuer. Bei Lottomat haben Sie die Freiheit, zu erkunden, auszuprobieren und die Spiele zu finden, die Ihren Spieltrieb wirklich ansprechen.<\/p>\n<p>Die Welt der Lotterien steckt voller Geschichten \u2013 von gew\u00f6hnlichen Menschen, deren Leben sich von einem Moment auf den anderen ver\u00e4ndert hat, von erf\u00fcllten Tr\u00e4umen und neu geschriebenen Schicksalen. Mit jedem Ticket, das Sie kaufen, werden Sie Teil dieser weltweiten Gemeinschaft aus Tr\u00e4umern und Gewinnern. Die n\u00e4chste Geschichte k\u00f6nnte Ihre sein.<\/p>\n<h2>Ihre Reise zum Gl\u00fcck beginnt hier<\/h2>\n<p><img loading=\"lazy\" decoding=\"async\" class=\"alignleft wp-image-268155\" src=\"https:\/\/lottomat.com\/wp-content\/uploads\/2026\/01\/play-EuroMillions-Austria.webp\" alt=\"EuroMillions Austria spielen\" width=\"200\" height=\"200\" srcset=\"https:\/\/lottomat.com\/wp-content\/uploads\/2026\/01\/play-EuroMillions-Austria.webp 400w, https:\/\/lottomat.com\/wp-content\/uploads\/2026\/01\/play-EuroMillions-Austria-300x300.webp 300w, https:\/\/lottomat.com\/wp-content\/uploads\/2026\/01\/play-EuroMillions-Austria-150x150.webp 150w, https:\/\/lottomat.com\/wp-content\/uploads\/2026\/01\/play-EuroMillions-Austria-100x100.webp 100w\" sizes=\"auto, (max-width: 200px) 100vw, 200px\" \/>Euromillions EU ist mehr als nur ein Spiel \u2013 es ist ein Tor zu einer strahlenden Zukunft. Der Nervenkitzel der Vorfreude, die Freude an den M\u00f6glichkeiten und die Chance, einer von Europas gr\u00f6\u00dften Gewinnern zu werden, liegen alle in Ihrer Reichweite. Ob Sie zum ersten Mal spielen oder ein erfahrener Lotterie-Fan sind \u2013 es gibt keinen besseren Zeitpunkt, um einzusteigen.<\/p>\n<p>Denken Sie daran: Der Schl\u00fcssel zum Gewinn ist die Teilnahme. Je \u00f6fter Sie spielen, desto gr\u00f6\u00dfer sind Ihre Chancen, in die Riege der Gl\u00fccklichen aufzusteigen, deren Leben durch ein einziges Ticket ver\u00e4ndert wurde. Lassen Sie keine weitere Ziehung an sich vorbeiziehen \u2013 ergreifen Sie Ihre Chance, nehmen Sie die Begeisterung an, und lassen Sie Euromillions EU die T\u00fcren zu dem Leben \u00f6ffnen, von dem Sie immer getr\u00e4umt haben.<\/p>\n<p>Und wenn Sie Ihre Chancen noch weiter steigern m\u00f6chten, entdecken Sie die reichhaltige Auswahl internationaler Lotterien bei Lottomat. Jedes Spiel ist eine neue M\u00f6glichkeit, ein neuer Horizont und ein neuer Grund zu glauben, dass das Gl\u00fcck den Mutigen hold ist. Ihr Abenteuer beginnt jetzt \u2013 sind Sie bereit zu spielen?<\/p>\n","protected":false},"excerpt":{"rendered":"<p>Entdecken Sie den Nervenkitzel von Euromillions EU \u2013 Der \u00f6sterreichische Weg zu gro\u00dfen Gewinnen Stellen Sie sich vor, Sie wachen in einem Leben auf, in dem alle Ihre Tr\u00e4ume zum Greifen nah sind \u2013 wo die Zahlen, die Sie gestern Abend gew\u00e4hlt haben, Ihre Zukunft f\u00fcr immer ver\u00e4ndert haben. Das ist der Nervenkitzel, der jeden [&hellip;]<\/p>\n","protected":false},"author":2,"featured_media":0,"parent":6772,"menu_order":0,"comment_status":"closed","ping_status":"closed","template":"euromillions-at.php","meta":{"_et_pb_use_builder":"","_et_pb_old_content":"","_et_gb_content_width":"","exclude_from_search":false,"footnotes":""},"class_list":["post-277189","page","type-page","status-publish","hentry"],"yoast_head":"<!-- This site is optimized with the Yoast SEO plugin v23.8 - https:\/\/yoast.com\/wordpress\/plugins\/seo\/ -->\n<title>Euromillions Austria online \u2013 Tickets kaufen \u2013 Lottomat<\/title>\n<meta name=\"description\" content=\"Spielen Sie EuroMillions Austria online bei Lottomat. Hier k\u00f6nnen Sie EuroMillions Austria Tickets online f\u00fcr die n\u00e4chste Ziehung kaufen.\" \/>\n<meta name=\"robots\" content=\"index, follow, max-snippet:-1, max-image-preview:large, max-video-preview:-1\" \/>\n<link rel=\"canonical\" href=\"https:\/\/lottomat.com\/de\/spielen\/euromillions-eu-online-euromillions-oesterreich-tickets\/\" \/>\n<meta property=\"og:locale\" content=\"de_DE\" \/>\n<meta property=\"og:type\" content=\"article\" \/>\n<meta property=\"og:title\" content=\"Euromillions Austria online \u2013 Tickets kaufen \u2013 Lottomat\" \/>\n<meta property=\"og:description\" content=\"Spielen Sie EuroMillions Austria online bei Lottomat. Hier k\u00f6nnen Sie EuroMillions Austria Tickets online f\u00fcr die n\u00e4chste Ziehung kaufen.\" \/>\n<meta property=\"og:url\" content=\"https:\/\/lottomat.com\/de\/spielen\/euromillions-eu-online-euromillions-oesterreich-tickets\/\" \/>\n<meta property=\"og:site_name\" content=\"Lottomat\" \/>\n<meta property=\"article:modified_time\" content=\"2026-04-24T14:36:58+00:00\" \/>\n<meta property=\"og:image\" content=\"https:\/\/lottomat.com\/wp-content\/uploads\/2026\/01\/Austrian-EuroMillions.webp\" \/>\n\t<meta property=\"og:image:width\" content=\"400\" \/>\n\t<meta property=\"og:image:height\" content=\"400\" \/>\n\t<meta property=\"og:image:type\" content=\"image\/webp\" \/>\n<meta name=\"twitter:card\" content=\"summary_large_image\" \/>\n<meta name=\"twitter:label1\" content=\"Gesch\u00e4tzte Lesezeit\" \/>\n\t<meta name=\"twitter:data1\" content=\"6\u00a0Minuten\" \/>\n<script type=\"application\/ld+json\" class=\"yoast-schema-graph\">{\"@context\":\"https:\/\/schema.org\",\"@graph\":[{\"@type\":\"WebPage\",\"@id\":\"https:\/\/lottomat.com\/de\/spielen\/euromillions-eu-online-euromillions-oesterreich-tickets\/\",\"url\":\"https:\/\/lottomat.com\/de\/spielen\/euromillions-eu-online-euromillions-oesterreich-tickets\/\",\"name\":\"Euromillions Austria online \u2013 Tickets kaufen \u2013 Lottomat\",\"isPartOf\":{\"@id\":\"https:\/\/lottomat.com\/de\/#website\"},\"primaryImageOfPage\":{\"@id\":\"https:\/\/lottomat.com\/de\/spielen\/euromillions-eu-online-euromillions-oesterreich-tickets\/#primaryimage\"},\"image\":{\"@id\":\"https:\/\/lottomat.com\/de\/spielen\/euromillions-eu-online-euromillions-oesterreich-tickets\/#primaryimage\"},\"thumbnailUrl\":\"https:\/\/lottomat.com\/wp-content\/uploads\/2026\/01\/Austrian-EuroMillions.webp\",\"datePublished\":\"2025-05-18T16:39:08+00:00\",\"dateModified\":\"2026-04-24T14:36:58+00:00\",\"description\":\"Spielen Sie EuroMillions Austria online bei Lottomat. Hier k\u00f6nnen Sie EuroMillions Austria Tickets online f\u00fcr die n\u00e4chste Ziehung kaufen.\",\"breadcrumb\":{\"@id\":\"https:\/\/lottomat.com\/de\/spielen\/euromillions-eu-online-euromillions-oesterreich-tickets\/#breadcrumb\"},\"inLanguage\":\"de\",\"potentialAction\":[{\"@type\":\"ReadAction\",\"target\":[\"https:\/\/lottomat.com\/de\/spielen\/euromillions-eu-online-euromillions-oesterreich-tickets\/\"]}]},{\"@type\":\"ImageObject\",\"inLanguage\":\"de\",\"@id\":\"https:\/\/lottomat.com\/de\/spielen\/euromillions-eu-online-euromillions-oesterreich-tickets\/#primaryimage\",\"url\":\"https:\/\/lottomat.com\/wp-content\/uploads\/2026\/01\/Austrian-EuroMillions.webp\",\"contentUrl\":\"https:\/\/lottomat.com\/wp-content\/uploads\/2026\/01\/Austrian-EuroMillions.webp\"},{\"@type\":\"BreadcrumbList\",\"@id\":\"https:\/\/lottomat.com\/de\/spielen\/euromillions-eu-online-euromillions-oesterreich-tickets\/#breadcrumb\",\"itemListElement\":[{\"@type\":\"ListItem\",\"position\":1,\"name\":\"Home\",\"item\":\"https:\/\/lottomat.com\/de\/\"},{\"@type\":\"ListItem\",\"position\":2,\"name\":\"Lotto Online Spielen\",\"item\":\"https:\/\/lottomat.com\/de\/spielen\/\"},{\"@type\":\"ListItem\",\"position\":3,\"name\":\"EuroMillions EU online \u2013 Euromillions Austria-Tickets\"}]},{\"@type\":\"WebSite\",\"@id\":\"https:\/\/lottomat.com\/de\/#website\",\"url\":\"https:\/\/lottomat.com\/de\/\",\"name\":\"Lottomat\",\"description\":\"\",\"potentialAction\":[{\"@type\":\"SearchAction\",\"target\":{\"@type\":\"EntryPoint\",\"urlTemplate\":\"https:\/\/lottomat.com\/de\/?s={search_term_string}\"},\"query-input\":{\"@type\":\"PropertyValueSpecification\",\"valueRequired\":true,\"valueName\":\"search_term_string\"}}],\"inLanguage\":\"de\"}]}<\/script>\n<!-- \/ Yoast SEO plugin. -->","yoast_head_json":{"title":"Euromillions Austria online \u2013 Tickets kaufen \u2013 Lottomat","description":"Spielen Sie EuroMillions Austria online bei Lottomat. Hier k\u00f6nnen Sie EuroMillions Austria Tickets online f\u00fcr die n\u00e4chste Ziehung kaufen.","robots":{"index":"index","follow":"follow","max-snippet":"max-snippet:-1","max-image-preview":"max-image-preview:large","max-video-preview":"max-video-preview:-1"},"canonical":"https:\/\/lottomat.com\/de\/spielen\/euromillions-eu-online-euromillions-oesterreich-tickets\/","og_locale":"de_DE","og_type":"article","og_title":"Euromillions Austria online \u2013 Tickets kaufen \u2013 Lottomat","og_description":"Spielen Sie EuroMillions Austria online bei Lottomat. Hier k\u00f6nnen Sie EuroMillions Austria Tickets online f\u00fcr die n\u00e4chste Ziehung kaufen.","og_url":"https:\/\/lottomat.com\/de\/spielen\/euromillions-eu-online-euromillions-oesterreich-tickets\/","og_site_name":"Lottomat","article_modified_time":"2026-04-24T14:36:58+00:00","og_image":[{"width":400,"height":400,"url":"https:\/\/lottomat.com\/wp-content\/uploads\/2026\/01\/Austrian-EuroMillions.webp","type":"image\/webp"}],"twitter_card":"summary_large_image","twitter_misc":{"Gesch\u00e4tzte Lesezeit":"6\u00a0Minuten"},"schema":{"@context":"https:\/\/schema.org","@graph":[{"@type":"WebPage","@id":"https:\/\/lottomat.com\/de\/spielen\/euromillions-eu-online-euromillions-oesterreich-tickets\/","url":"https:\/\/lottomat.com\/de\/spielen\/euromillions-eu-online-euromillions-oesterreich-tickets\/","name":"Euromillions Austria online \u2013 Tickets kaufen \u2013 Lottomat","isPartOf":{"@id":"https:\/\/lottomat.com\/de\/#website"},"primaryImageOfPage":{"@id":"https:\/\/lottomat.com\/de\/spielen\/euromillions-eu-online-euromillions-oesterreich-tickets\/#primaryimage"},"image":{"@id":"https:\/\/lottomat.com\/de\/spielen\/euromillions-eu-online-euromillions-oesterreich-tickets\/#primaryimage"},"thumbnailUrl":"https:\/\/lottomat.com\/wp-content\/uploads\/2026\/01\/Austrian-EuroMillions.webp","datePublished":"2025-05-18T16:39:08+00:00","dateModified":"2026-04-24T14:36:58+00:00","description":"Spielen Sie EuroMillions Austria online bei Lottomat. Hier k\u00f6nnen Sie EuroMillions Austria Tickets online f\u00fcr die n\u00e4chste Ziehung kaufen.","breadcrumb":{"@id":"https:\/\/lottomat.com\/de\/spielen\/euromillions-eu-online-euromillions-oesterreich-tickets\/#breadcrumb"},"inLanguage":"de","potentialAction":[{"@type":"ReadAction","target":["https:\/\/lottomat.com\/de\/spielen\/euromillions-eu-online-euromillions-oesterreich-tickets\/"]}]},{"@type":"ImageObject","inLanguage":"de","@id":"https:\/\/lottomat.com\/de\/spielen\/euromillions-eu-online-euromillions-oesterreich-tickets\/#primaryimage","url":"https:\/\/lottomat.com\/wp-content\/uploads\/2026\/01\/Austrian-EuroMillions.webp","contentUrl":"https:\/\/lottomat.com\/wp-content\/uploads\/2026\/01\/Austrian-EuroMillions.webp"},{"@type":"BreadcrumbList","@id":"https:\/\/lottomat.com\/de\/spielen\/euromillions-eu-online-euromillions-oesterreich-tickets\/#breadcrumb","itemListElement":[{"@type":"ListItem","position":1,"name":"Home","item":"https:\/\/lottomat.com\/de\/"},{"@type":"ListItem","position":2,"name":"Lotto Online Spielen","item":"https:\/\/lottomat.com\/de\/spielen\/"},{"@type":"ListItem","position":3,"name":"EuroMillions EU online \u2013 Euromillions Austria-Tickets"}]},{"@type":"WebSite","@id":"https:\/\/lottomat.com\/de\/#website","url":"https:\/\/lottomat.com\/de\/","name":"Lottomat","description":"","potentialAction":[{"@type":"SearchAction","target":{"@type":"EntryPoint","urlTemplate":"https:\/\/lottomat.com\/de\/?s={search_term_string}"},"query-input":{"@type":"PropertyValueSpecification","valueRequired":true,"valueName":"search_term_string"}}],"inLanguage":"de"}]}},"_links":{"self":[{"href":"https:\/\/lottomat.com\/de\/wp-json\/wp\/v2\/pages\/277189","targetHints":{"allow":["GET"]}}],"collection":[{"href":"https:\/\/lottomat.com\/de\/wp-json\/wp\/v2\/pages"}],"about":[{"href":"https:\/\/lottomat.com\/de\/wp-json\/wp\/v2\/types\/page"}],"author":[{"embeddable":true,"href":"https:\/\/lottomat.com\/de\/wp-json\/wp\/v2\/users\/2"}],"replies":[{"embeddable":true,"href":"https:\/\/lottomat.com\/de\/wp-json\/wp\/v2\/comments?post=277189"}],"version-history":[{"count":3,"href":"https:\/\/lottomat.com\/de\/wp-json\/wp\/v2\/pages\/277189\/revisions"}],"predecessor-version":[{"id":277192,"href":"https:\/\/lottomat.com\/de\/wp-json\/wp\/v2\/pages\/277189\/revisions\/277192"}],"up":[{"embeddable":true,"href":"https:\/\/lottomat.com\/de\/wp-json\/wp\/v2\/pages\/6772"}],"wp:attachment":[{"href":"https:\/\/lottomat.com\/de\/wp-json\/wp\/v2\/media?parent=277189"}],"curies":[{"name":"wp","href":"https:\/\/api.w.org\/{rel}","templated":true}]}}