{"id":238104,"date":"2025-04-07T19:25:51","date_gmt":"2025-04-07T19:25:51","guid":{"rendered":"https:\/\/lottomat.net\/ergebnisse\/superenalotto-ergebnisse\/"},"modified":"2026-04-21T12:02:59","modified_gmt":"2026-04-21T12:02:59","slug":"superenalotto","status":"publish","type":"page","link":"https:\/\/lottomat.com\/de\/ergebnisse\/superenalotto\/","title":{"rendered":"SuperEnalotto Ergebnisse &#038; Gewinnzahlen"},"content":{"rendered":"\n\n<div class=\"kk-star-ratings kksr-auto kksr-align-left kksr-valign-top\"\n    data-payload='{&quot;align&quot;:&quot;left&quot;,&quot;id&quot;:&quot;238104&quot;,&quot;slug&quot;:&quot;default&quot;,&quot;valign&quot;:&quot;top&quot;,&quot;ignore&quot;:&quot;&quot;,&quot;reference&quot;:&quot;auto&quot;,&quot;class&quot;:&quot;&quot;,&quot;count&quot;:&quot;0&quot;,&quot;legendonly&quot;:&quot;&quot;,&quot;readonly&quot;:&quot;&quot;,&quot;score&quot;:&quot;0&quot;,&quot;starsonly&quot;:&quot;&quot;,&quot;best&quot;:&quot;5&quot;,&quot;gap&quot;:&quot;5&quot;,&quot;greet&quot;:&quot;Rate this page&quot;,&quot;legend&quot;:&quot;0\\\/5 - (0 votes)&quot;,&quot;size&quot;:&quot;30&quot;,&quot;title&quot;:&quot;SuperEnalotto Ergebnisse \\u0026amp; Gewinnzahlen&quot;,&quot;width&quot;:&quot;0&quot;,&quot;_legend&quot;:&quot;{score}\\\/{best} - ({count} {votes})&quot;,&quot;font_factor&quot;:&quot;1.25&quot;}'>\n            \n<div class=\"kksr-stars\">\n    \n<div class=\"kksr-stars-inactive\">\n            <div class=\"kksr-star\" data-star=\"1\" style=\"padding-right: 5px\">\n            \n\n<div class=\"kksr-icon\" style=\"width: 30px; height: 30px;\"><\/div>\n        <\/div>\n            <div class=\"kksr-star\" data-star=\"2\" style=\"padding-right: 5px\">\n            \n\n<div class=\"kksr-icon\" style=\"width: 30px; height: 30px;\"><\/div>\n        <\/div>\n            <div class=\"kksr-star\" data-star=\"3\" style=\"padding-right: 5px\">\n            \n\n<div class=\"kksr-icon\" style=\"width: 30px; height: 30px;\"><\/div>\n        <\/div>\n            <div class=\"kksr-star\" data-star=\"4\" style=\"padding-right: 5px\">\n            \n\n<div class=\"kksr-icon\" style=\"width: 30px; height: 30px;\"><\/div>\n        <\/div>\n            <div class=\"kksr-star\" data-star=\"5\" style=\"padding-right: 5px\">\n            \n\n<div class=\"kksr-icon\" style=\"width: 30px; height: 30px;\"><\/div>\n        <\/div>\n    <\/div>\n    \n<div class=\"kksr-stars-active\" style=\"width: 0px;\">\n            <div class=\"kksr-star\" style=\"padding-right: 5px\">\n            \n\n<div class=\"kksr-icon\" style=\"width: 30px; height: 30px;\"><\/div>\n        <\/div>\n            <div class=\"kksr-star\" style=\"padding-right: 5px\">\n            \n\n<div class=\"kksr-icon\" style=\"width: 30px; height: 30px;\"><\/div>\n        <\/div>\n            <div class=\"kksr-star\" style=\"padding-right: 5px\">\n            \n\n<div class=\"kksr-icon\" style=\"width: 30px; height: 30px;\"><\/div>\n        <\/div>\n            <div class=\"kksr-star\" style=\"padding-right: 5px\">\n            \n\n<div class=\"kksr-icon\" style=\"width: 30px; height: 30px;\"><\/div>\n        <\/div>\n            <div class=\"kksr-star\" style=\"padding-right: 5px\">\n            \n\n<div class=\"kksr-icon\" style=\"width: 30px; height: 30px;\"><\/div>\n        <\/div>\n    <\/div>\n<\/div>\n                \n\n<div class=\"kksr-legend\" style=\"font-size: 24px;\">\n            <span class=\"kksr-muted\">Rate this page<\/span>\n    <\/div>\n    <\/div>\n<p>Die SuperEnalotto Ergebnisse jeder Ziehung, an der Ihre Lose teilnehmen, nachzuschlagen macht sicherlich gro\u00dfen Spa\u00df \u2013 besonders dann, wenn sich herausstellt, dass Sie die Gl\u00fcckszahlen getippt haben. Pr\u00fcfen Sie schnell und unkompliziert auf der <a href=\"https:\/\/lottomat.com\/de\/\">LottoMat-Website<\/a>, ob Sie es in die Riege der Million\u00e4re geschafft haben, denn wir ver\u00f6ffentlichen die Ergebnisse direkt nach der Ziehung \u2013 und diese stammen aus der offiziellen Mitteilung des SuperEnalotto-Veranstalters. Man k\u00f6nnte sagen, <a href=\"https:\/\/lottomat.com\/de\/ergebnisse\/\">unsere Lotterieergebnisse<\/a> sind stets druckfrisch.<\/p>\n<h2><img loading=\"lazy\" decoding=\"async\" class=\"wp-image-252676 alignleft\" src=\"https:\/\/lottomat.com\/wp-content\/uploads\/2025\/10\/Italian-lottery-numbers-300x300.webp\" alt=\"Italienische Lotteriezahlen\" width=\"200\" height=\"200\" srcset=\"https:\/\/lottomat.com\/wp-content\/uploads\/2025\/10\/Italian-lottery-numbers-300x300.webp 300w, https:\/\/lottomat.com\/wp-content\/uploads\/2025\/10\/Italian-lottery-numbers-150x150.webp 150w, https:\/\/lottomat.com\/wp-content\/uploads\/2025\/10\/Italian-lottery-numbers-100x100.webp 100w, https:\/\/lottomat.com\/wp-content\/uploads\/2025\/10\/Italian-lottery-numbers.webp 400w\" sizes=\"auto, (max-width: 200px) 100vw, 200px\" \/>Wie pr\u00fcft man die aktuellen SuperEnalotto Ergebnisse?<\/h2>\n<p>Das ist wirklich kinderleicht und unglaublich schnell. <strong>Die Ergebnisse der letzten Ziehung befinden sich stets oben auf der Seite.<\/strong> Vielleicht wundern Sie sich \u00fcber die Bonuszahl \u2013 den sogenannten Jolly \u2013 in den Ergebnissen, doch wir erhalten die Ergebnisse direkt vom Veranstalter, unmittelbar nach der Ziehung. Daher ist diese kleine Zusatzzahl, die ausschlie\u00dflich von Italienern in Lotteriegesch\u00e4ften ihres Landes gew\u00e4hlt werden kann, ebenfalls aufgef\u00fchrt. Das bedeutet, dass Sie sich nur auf die Ergebnisse der Hauptzahlenziehung konzentrieren m\u00fcssen, da Sie nicht an der Jolly-Ziehung teilnehmen. <strong>Die Ergebnisse auf der LottoMat-Website werden in einer benutzerfreundlichen Tabelle angezeigt, die sehr einfach zu lesen ist.<\/strong><\/p>\n<h2>Wie pr\u00fcft man die archivierten SuperEnalotto Ergebnisse?<\/h2>\n<p>Auf der LottoMat-Website erm\u00f6glichen wir es Ihnen, \u00e4ltere Ergebnisse zu durchsuchen. Direkt neben den zuletzt gezogenen Zahlen befindet sich das Datum der letzten Ziehung. <strong>Wenn Sie auf dieses Datum klicken, \u00f6ffnet sich ein Kalender mit archivierten Ziehungen.<\/strong> Sie m\u00fcssen lediglich das gew\u00fcnschte Datum ausw\u00e4hlen und die fr\u00fcheren SuperEnalotto-Ziehungsergebnisse nachschlagen. Wir erfassen die Daten der letzten 12 Monate, und Sie k\u00f6nnen darauf vertrauen, dass diese zuverl\u00e4ssig gepflegt und vor allem korrekt sind.<\/p>\n<h2>Wie nutzt man archivierte SuperEnalotto Gewinnzahlen?<img loading=\"lazy\" decoding=\"async\" class=\"wp-image-252707 alignright\" src=\"https:\/\/lottomat.com\/wp-content\/uploads\/2025\/10\/Italian-lottery-results-300x300.webp\" alt=\"Italienische Lotterieresultate\" width=\"200\" height=\"200\" srcset=\"https:\/\/lottomat.com\/wp-content\/uploads\/2025\/10\/Italian-lottery-results-300x300.webp 300w, https:\/\/lottomat.com\/wp-content\/uploads\/2025\/10\/Italian-lottery-results-150x150.webp 150w, https:\/\/lottomat.com\/wp-content\/uploads\/2025\/10\/Italian-lottery-results-100x100.webp 100w, https:\/\/lottomat.com\/wp-content\/uploads\/2025\/10\/Italian-lottery-results.webp 400w\" sizes=\"auto, (max-width: 200px) 100vw, 200px\" \/><\/h2>\n<p>Wissen Sie, warum archivierte Ziehungen n\u00fctzlich sind? Es gibt daf\u00fcr eigentlich drei Hauptgr\u00fcnde. <strong>In erster Linie erm\u00f6glichen sie es Ihnen, Ihre eigene, einzigartige Strategie zu entwickeln,<\/strong> bei der Sie die zuletzt gezogenen Zahlen pr\u00fcfen und die Gewinnchancen bei der Ziehung einsch\u00e4tzen. Zweitens k\u00f6nnen Sie nachsehen, ob es bereits einen Sechser in der Lotterie gab, ob ein Jackpot ausgesch\u00fcttet wird, und dar\u00fcber hinaus, was zuletzt der h\u00f6chste Preis war, sodass Sie den potenziellen Gewinn aus einer gewonnenen Lotterie berechnen k\u00f6nnen. Drittens k\u00f6nnen Sie sehen, wie viele Gewinner SuperEnalotto hat und welche Preise sie gewinnen \u2013 selbst wenn sie nicht alle gezogenen Zahlen richtig haben \u2013 und es sind stets Hunderttausende von Gewinnern! Alles, was Sie noch tun m\u00fcssen, ist Lose zu kaufen und Ihr Leben von Grund auf zu ver\u00e4ndern! Und denken Sie daran: Jedes Los bringt Sie dem Gewinn bei <a href=\"https:\/\/lottomat.com\/de\/spielen\/superenalotto\/\">SuperEnalotto online<\/a> einen Schritt n\u00e4her.<\/p>\n<h2>Welche Zahlen werden bei SuperEnalotto am h\u00e4ufigsten gezogen?<\/h2>\n<p>Laut statistischer Analyse der SuperEnalotto-Ziehungen seit 1997 <strong>geh\u00f6ren die 10 am h\u00e4ufigsten gezogenen Zahlen zu: 90, 85, 77, 86, 82, 55, 88, 80, 87 und 79.<\/strong> Diese Zahlen werden in Lotteriekreisen oft als \u201ehei\u00dfe Zahlen&#8220; bezeichnet, da sie besonders h\u00e4ufig in Gewinnkombinationen auftauchen. Die Zahl 90 belegt den Spitzenplatz und wurde im Laufe der Spielgeschichte hunderte Male gezogen. Spieler nutzen diese statistischen Daten h\u00e4ufig, um ihre Zahlenwahl-Strategie zu untermauern \u2013 auch wenn es wichtig ist, daran zu denken, dass jede Ziehung unabh\u00e4ngig ist und vergangene Ergebnisse keinen Einfluss auf zuk\u00fcnftige haben.<\/p>\n<h2><img loading=\"lazy\" decoding=\"async\" class=\"wp-image-252737 alignleft\" src=\"https:\/\/lottomat.com\/wp-content\/uploads\/2025\/10\/SuperEnalotto-results-300x300.webp\" alt=\"SuperEnalotto Ergebnisse\" width=\"200\" height=\"200\" srcset=\"https:\/\/lottomat.com\/wp-content\/uploads\/2025\/10\/SuperEnalotto-results-300x300.webp 300w, https:\/\/lottomat.com\/wp-content\/uploads\/2025\/10\/SuperEnalotto-results-150x150.webp 150w, https:\/\/lottomat.com\/wp-content\/uploads\/2025\/10\/SuperEnalotto-results-100x100.webp 100w, https:\/\/lottomat.com\/wp-content\/uploads\/2025\/10\/SuperEnalotto-results.webp 400w\" sizes=\"auto, (max-width: 200px) 100vw, 200px\" \/>Welche Zahlen werden bei SuperEnalotto am seltensten gezogen?<\/h2>\n<p>Am anderen Ende des Spektrums gibt es beim SuperEnalotto mehrere \u201ekalte Zahlen&#8220;, die seltener in Ziehungen erscheinen. <strong>Die 10 am seltensten gezogenen Zahlen umfassen typischerweise niedrigere Zahlen wie 1, 2, 3, 4, 5, 6, 7, 8, 9 und 10<\/strong>, obwohl dies je nach analysiertem Zeitraum variieren kann. Diese kalten Zahlen sind im Vergleich zu ihren hei\u00dfen Gegenst\u00fccken seltener in Gewinnkombinationen aufgetaucht. Manche Lotterie-Enthusiasten glauben, dass kalte Zahlen \u201e\u00fcberf\u00e4llig&#8220; sind, gezogen zu werden, w\u00e4hrend andere lieber bei hei\u00dfen Zahlen bleiben, die ihre H\u00e4ufigkeit bereits bewiesen haben. Das Verst\u00e4ndnis sowohl hei\u00dfer als auch kalter Zahlenmuster kann Spielern helfen, ihre pers\u00f6nliche Lotterietaktik zu entwickeln.<\/p>\n<h2>K\u00f6nnen SuperEnalotto Ergebnisse vorhergesagt werden?<\/h2>\n<p>Trotz der umfangreichen statistischen Analysen, die f\u00fcr SuperEnalotto verf\u00fcgbar sind, ist es entscheidend zu verstehen, dass <strong>Lotteriegewinne nicht zuverl\u00e4ssig vorhergesagt werden k\u00f6nnen.<\/strong> Jede SuperEnalotto-Ziehung ist v\u00f6llig zuf\u00e4llig und unabh\u00e4ngig von vorherigen Ergebnissen. Auch wenn das Studium hei\u00dfer und kalter Zahlen, H\u00e4ufigkeitstabellen und historischer Muster interessant sein und Ihre Zahlenwahl-Strategie beeinflussen kann, garantieren diese Statistiken keinen zuk\u00fcnftigen Erfolg. Die Lotterie verwendet ausgefeilte Zufallszahlengeneratoren, die sicherstellen, dass jede Zahl von 1 bis 90 bei jeder einzelnen Ziehung die gleiche Chance hat, gezogen zu werden. Die mathematische Wahrscheinlichkeit bleibt unabh\u00e4ngig von vergangenen Ergebnissen konstant \u2013 man spricht vom \u201eSpielerfehlschluss&#8220;, wenn Menschen f\u00e4lschlicherweise glauben, dass vergangene Ergebnisse zuk\u00fcnftige beeinflussen. Professionelle Mathematiker und Statistiker betonen stets, dass Lotteriespiele wie SuperEnalotto reine Gl\u00fccksspiele sind. <strong>Der beste Ansatz ist es, verantwortungsvoll zu spielen, im Rahmen seiner M\u00f6glichkeiten und zur Unterhaltung \u2013 nicht als Anlagestrategie.<\/strong><\/p>\n<h2>Wie pr\u00fcft man die gestrigen SuperEnalotto Ziehungsergebnisse?<img loading=\"lazy\" decoding=\"async\" class=\"wp-image-252767 alignright\" src=\"https:\/\/lottomat.com\/wp-content\/uploads\/2025\/10\/SuperEnalotto-winning-numbers-300x300.webp\" alt=\"SuperEnalotto Gewinnzahlen\" width=\"200\" height=\"200\" srcset=\"https:\/\/lottomat.com\/wp-content\/uploads\/2025\/10\/SuperEnalotto-winning-numbers-300x300.webp 300w, https:\/\/lottomat.com\/wp-content\/uploads\/2025\/10\/SuperEnalotto-winning-numbers-150x150.webp 150w, https:\/\/lottomat.com\/wp-content\/uploads\/2025\/10\/SuperEnalotto-winning-numbers-100x100.webp 100w, https:\/\/lottomat.com\/wp-content\/uploads\/2025\/10\/SuperEnalotto-winning-numbers.webp 400w\" sizes=\"auto, (max-width: 200px) 100vw, 200px\" \/><\/h2>\n<p>Die gestrigen SuperEnalotto Ergebnisse auf der LottoMat-Website zu pr\u00fcfen ist unkompliziert und bequem. Unsere Plattform pflegt umfangreiche Archive aller aktuellen Lotterieziehungen, sodass der Zugriff auf Ergebnisse von gestern, letzter Woche oder sogar letztem Monat ganz einfach ist. <strong>Ob Sie die neuesten Ergebnisse von heute suchen oder Zahlen aus fr\u00fcheren Ziehungen \u00fcberpr\u00fcfen m\u00f6chten \u2013 LottoMat liefert zuverl\u00e4ssige und genaue Informationen zur italienischen Lotterie.<\/strong> Navigieren Sie einfach zu unserem Ergebnisbereich, wo Sie eine chronologische Auflistung aller aktuellen SuperEnalotto-Ziehungen finden. Jeder Ergebniseintrag enth\u00e4lt die sechs Hauptgewinnzahlen, die Jolly-Zahl und gegebenenfalls die SuperStar-Zahl. Sie k\u00f6nnen auf ein beliebiges Datum klicken, um detaillierte Informationen zu dieser bestimmten Ziehung anzuzeigen, einschlie\u00dflich Gewinnstufen und Gewinnerstatistiken. Denken Sie daran, dass es auf LottoMat <strong>keine Rolle spielt, ob Sie nach den heutigen Ergebnissen, den gestrigen Zahlen oder Ergebnissen von vor Wochen suchen \u2013 Sie finden stets authentische Ergebnisse der italienischen Lotterie<\/strong>, denen Sie vollst\u00e4ndig vertrauen k\u00f6nnen.<\/p>\n<h2>Wie viele Menschen haben bei der letzten SuperEnalotto Ziehung gewonnen?<\/h2>\n<p>Jede SuperEnalotto-Ziehung bringt mehrere Gewinner in verschiedenen <a href=\"https:\/\/lottomat.com\/de\/lotterie\/superenalotto\/\">SuperEnalotto Gewinnklassen<\/a> hervor \u2013 nicht nur den Jackpot-Gewinner. <strong>Unsere umfassende Gewinnstufen-Tabelle liefert detaillierte Informationen \u00fcber die Anzahl der Gewinner auf jeder Gewinnstufe und die entsprechenden Preissummen, die sie erhalten haben.<\/strong> Diese wertvollen Daten helfen Spielern zu verstehen, wie man beim SuperEnalotto \u00fcber das blo\u00dfe Treffen aller sechs Zahlen hinaus gewinnen kann. Typischerweise <strong>gewinnen Tausende von Spielern bei jeder SuperEnalotto-Ziehung \u00fcber alle Gewinnklassen hinweg<\/strong> Preise, wobei die Mehrheit kleinere Betr\u00e4ge f\u00fcr das Treffen von 2\u20133 Zahlen erh\u00e4lt. Diese Informationen werden unmittelbar nach jeder Ziehung aktualisiert und sorgen f\u00fcr Transparenz bei der Gewinnaussch\u00fcttung der Lotterie, sodass Spieler ihre potenziellen Gewinne auf verschiedenen Trefferebenen besser einsch\u00e4tzen k\u00f6nnen.<\/p>\n","protected":false},"excerpt":{"rendered":"<p>Die SuperEnalotto Ergebnisse jeder Ziehung, an der Ihre Lose teilnehmen, nachzuschlagen macht sicherlich gro\u00dfen Spa\u00df \u2013 besonders dann, wenn sich herausstellt, dass Sie die Gl\u00fcckszahlen getippt haben. Pr\u00fcfen Sie schnell und unkompliziert auf der LottoMat-Website, ob Sie es in die Riege der Million\u00e4re geschafft haben, denn wir ver\u00f6ffentlichen die Ergebnisse direkt nach der Ziehung \u2013 [&hellip;]<\/p>\n","protected":false},"author":1,"featured_media":0,"parent":7413,"menu_order":5,"comment_status":"closed","ping_status":"closed","template":"superenalotto-results.php","meta":{"_et_pb_use_builder":"","_et_pb_old_content":"","_et_gb_content_width":"","exclude_from_search":false,"footnotes":""},"class_list":["post-238104","page","type-page","status-publish","hentry"],"yoast_head":"<!-- This site is optimized with the Yoast SEO plugin v23.8 - https:\/\/yoast.com\/wordpress\/plugins\/seo\/ -->\n<title>SuperEnalotto Ergebnisse &amp; Gewinnzahlen - Lottomat<\/title>\n<meta name=\"description\" content=\"Schauen Sie sich jetzt die neuesten SuperEnalotto Ergebnisse an! Sehen Sie die heutigen Gewinnzahlen und finden Sie heraus, ob Sie bei der italienischen Lotterie gewonnen haben.\" \/>\n<meta name=\"robots\" content=\"index, follow, max-snippet:-1, max-image-preview:large, max-video-preview:-1\" \/>\n<link rel=\"canonical\" href=\"https:\/\/lottomat.com\/de\/ergebnisse\/superenalotto\/\" \/>\n<meta property=\"og:locale\" content=\"de_DE\" \/>\n<meta property=\"og:type\" content=\"article\" \/>\n<meta property=\"og:title\" content=\"SuperEnalotto Ergebnisse &amp; Gewinnzahlen - Lottomat\" \/>\n<meta property=\"og:description\" content=\"Schauen Sie sich jetzt die neuesten SuperEnalotto Ergebnisse an! Sehen Sie die heutigen Gewinnzahlen und finden Sie heraus, ob Sie bei der italienischen Lotterie gewonnen haben.\" \/>\n<meta property=\"og:url\" content=\"https:\/\/lottomat.com\/de\/ergebnisse\/superenalotto\/\" \/>\n<meta property=\"og:site_name\" content=\"Lottomat\" \/>\n<meta property=\"article:modified_time\" content=\"2026-04-21T12:02:59+00:00\" \/>\n<meta property=\"og:image\" content=\"https:\/\/lottomat.com\/wp-content\/uploads\/2025\/10\/Italian-lottery-numbers.webp\" \/>\n\t<meta property=\"og:image:width\" content=\"400\" \/>\n\t<meta property=\"og:image:height\" content=\"400\" \/>\n\t<meta property=\"og:image:type\" content=\"image\/webp\" \/>\n<meta name=\"twitter:card\" content=\"summary_large_image\" \/>\n<meta name=\"twitter:label1\" content=\"Gesch\u00e4tzte Lesezeit\" \/>\n\t<meta name=\"twitter:data1\" content=\"6\u00a0Minuten\" \/>\n<script type=\"application\/ld+json\" class=\"yoast-schema-graph\">{\"@context\":\"https:\/\/schema.org\",\"@graph\":[{\"@type\":\"WebPage\",\"@id\":\"https:\/\/lottomat.com\/de\/ergebnisse\/superenalotto\/\",\"url\":\"https:\/\/lottomat.com\/de\/ergebnisse\/superenalotto\/\",\"name\":\"SuperEnalotto Ergebnisse & Gewinnzahlen - Lottomat\",\"isPartOf\":{\"@id\":\"https:\/\/lottomat.com\/de\/#website\"},\"primaryImageOfPage\":{\"@id\":\"https:\/\/lottomat.com\/de\/ergebnisse\/superenalotto\/#primaryimage\"},\"image\":{\"@id\":\"https:\/\/lottomat.com\/de\/ergebnisse\/superenalotto\/#primaryimage\"},\"thumbnailUrl\":\"https:\/\/lottomat.com\/wp-content\/uploads\/2025\/10\/Italian-lottery-numbers-300x300.webp\",\"datePublished\":\"2025-04-07T19:25:51+00:00\",\"dateModified\":\"2026-04-21T12:02:59+00:00\",\"description\":\"Schauen Sie sich jetzt die neuesten SuperEnalotto Ergebnisse an! Sehen Sie die heutigen Gewinnzahlen und finden Sie heraus, ob Sie bei der italienischen Lotterie gewonnen haben.\",\"breadcrumb\":{\"@id\":\"https:\/\/lottomat.com\/de\/ergebnisse\/superenalotto\/#breadcrumb\"},\"inLanguage\":\"de\",\"potentialAction\":[{\"@type\":\"ReadAction\",\"target\":[\"https:\/\/lottomat.com\/de\/ergebnisse\/superenalotto\/\"]}]},{\"@type\":\"ImageObject\",\"inLanguage\":\"de\",\"@id\":\"https:\/\/lottomat.com\/de\/ergebnisse\/superenalotto\/#primaryimage\",\"url\":\"https:\/\/lottomat.com\/wp-content\/uploads\/2025\/10\/Italian-lottery-numbers-300x300.webp\",\"contentUrl\":\"https:\/\/lottomat.com\/wp-content\/uploads\/2025\/10\/Italian-lottery-numbers-300x300.webp\"},{\"@type\":\"BreadcrumbList\",\"@id\":\"https:\/\/lottomat.com\/de\/ergebnisse\/superenalotto\/#breadcrumb\",\"itemListElement\":[{\"@type\":\"ListItem\",\"position\":1,\"name\":\"Home\",\"item\":\"https:\/\/lottomat.com\/de\/\"},{\"@type\":\"ListItem\",\"position\":2,\"name\":\"Die Neuesten Lotterie-Ergebnisse &#038; Gewinnzahlen\",\"item\":\"https:\/\/lottomat.com\/de\/ergebnisse\/\"},{\"@type\":\"ListItem\",\"position\":3,\"name\":\"SuperEnalotto Ergebnisse &#038; Gewinnzahlen\"}]},{\"@type\":\"WebSite\",\"@id\":\"https:\/\/lottomat.com\/de\/#website\",\"url\":\"https:\/\/lottomat.com\/de\/\",\"name\":\"Lottomat\",\"description\":\"\",\"potentialAction\":[{\"@type\":\"SearchAction\",\"target\":{\"@type\":\"EntryPoint\",\"urlTemplate\":\"https:\/\/lottomat.com\/de\/?s={search_term_string}\"},\"query-input\":{\"@type\":\"PropertyValueSpecification\",\"valueRequired\":true,\"valueName\":\"search_term_string\"}}],\"inLanguage\":\"de\"}]}<\/script>\n<!-- \/ Yoast SEO plugin. -->","yoast_head_json":{"title":"SuperEnalotto Ergebnisse & Gewinnzahlen - Lottomat","description":"Schauen Sie sich jetzt die neuesten SuperEnalotto Ergebnisse an! Sehen Sie die heutigen Gewinnzahlen und finden Sie heraus, ob Sie bei der italienischen Lotterie gewonnen haben.","robots":{"index":"index","follow":"follow","max-snippet":"max-snippet:-1","max-image-preview":"max-image-preview:large","max-video-preview":"max-video-preview:-1"},"canonical":"https:\/\/lottomat.com\/de\/ergebnisse\/superenalotto\/","og_locale":"de_DE","og_type":"article","og_title":"SuperEnalotto Ergebnisse & Gewinnzahlen - Lottomat","og_description":"Schauen Sie sich jetzt die neuesten SuperEnalotto Ergebnisse an! Sehen Sie die heutigen Gewinnzahlen und finden Sie heraus, ob Sie bei der italienischen Lotterie gewonnen haben.","og_url":"https:\/\/lottomat.com\/de\/ergebnisse\/superenalotto\/","og_site_name":"Lottomat","article_modified_time":"2026-04-21T12:02:59+00:00","og_image":[{"width":400,"height":400,"url":"https:\/\/lottomat.com\/wp-content\/uploads\/2025\/10\/Italian-lottery-numbers.webp","type":"image\/webp"}],"twitter_card":"summary_large_image","twitter_misc":{"Gesch\u00e4tzte Lesezeit":"6\u00a0Minuten"},"schema":{"@context":"https:\/\/schema.org","@graph":[{"@type":"WebPage","@id":"https:\/\/lottomat.com\/de\/ergebnisse\/superenalotto\/","url":"https:\/\/lottomat.com\/de\/ergebnisse\/superenalotto\/","name":"SuperEnalotto Ergebnisse & Gewinnzahlen - Lottomat","isPartOf":{"@id":"https:\/\/lottomat.com\/de\/#website"},"primaryImageOfPage":{"@id":"https:\/\/lottomat.com\/de\/ergebnisse\/superenalotto\/#primaryimage"},"image":{"@id":"https:\/\/lottomat.com\/de\/ergebnisse\/superenalotto\/#primaryimage"},"thumbnailUrl":"https:\/\/lottomat.com\/wp-content\/uploads\/2025\/10\/Italian-lottery-numbers-300x300.webp","datePublished":"2025-04-07T19:25:51+00:00","dateModified":"2026-04-21T12:02:59+00:00","description":"Schauen Sie sich jetzt die neuesten SuperEnalotto Ergebnisse an! Sehen Sie die heutigen Gewinnzahlen und finden Sie heraus, ob Sie bei der italienischen Lotterie gewonnen haben.","breadcrumb":{"@id":"https:\/\/lottomat.com\/de\/ergebnisse\/superenalotto\/#breadcrumb"},"inLanguage":"de","potentialAction":[{"@type":"ReadAction","target":["https:\/\/lottomat.com\/de\/ergebnisse\/superenalotto\/"]}]},{"@type":"ImageObject","inLanguage":"de","@id":"https:\/\/lottomat.com\/de\/ergebnisse\/superenalotto\/#primaryimage","url":"https:\/\/lottomat.com\/wp-content\/uploads\/2025\/10\/Italian-lottery-numbers-300x300.webp","contentUrl":"https:\/\/lottomat.com\/wp-content\/uploads\/2025\/10\/Italian-lottery-numbers-300x300.webp"},{"@type":"BreadcrumbList","@id":"https:\/\/lottomat.com\/de\/ergebnisse\/superenalotto\/#breadcrumb","itemListElement":[{"@type":"ListItem","position":1,"name":"Home","item":"https:\/\/lottomat.com\/de\/"},{"@type":"ListItem","position":2,"name":"Die Neuesten Lotterie-Ergebnisse &#038; Gewinnzahlen","item":"https:\/\/lottomat.com\/de\/ergebnisse\/"},{"@type":"ListItem","position":3,"name":"SuperEnalotto Ergebnisse &#038; Gewinnzahlen"}]},{"@type":"WebSite","@id":"https:\/\/lottomat.com\/de\/#website","url":"https:\/\/lottomat.com\/de\/","name":"Lottomat","description":"","potentialAction":[{"@type":"SearchAction","target":{"@type":"EntryPoint","urlTemplate":"https:\/\/lottomat.com\/de\/?s={search_term_string}"},"query-input":{"@type":"PropertyValueSpecification","valueRequired":true,"valueName":"search_term_string"}}],"inLanguage":"de"}]}},"_links":{"self":[{"href":"https:\/\/lottomat.com\/de\/wp-json\/wp\/v2\/pages\/238104","targetHints":{"allow":["GET"]}}],"collection":[{"href":"https:\/\/lottomat.com\/de\/wp-json\/wp\/v2\/pages"}],"about":[{"href":"https:\/\/lottomat.com\/de\/wp-json\/wp\/v2\/types\/page"}],"author":[{"embeddable":true,"href":"https:\/\/lottomat.com\/de\/wp-json\/wp\/v2\/users\/1"}],"replies":[{"embeddable":true,"href":"https:\/\/lottomat.com\/de\/wp-json\/wp\/v2\/comments?post=238104"}],"version-history":[{"count":3,"href":"https:\/\/lottomat.com\/de\/wp-json\/wp\/v2\/pages\/238104\/revisions"}],"predecessor-version":[{"id":277066,"href":"https:\/\/lottomat.com\/de\/wp-json\/wp\/v2\/pages\/238104\/revisions\/277066"}],"up":[{"embeddable":true,"href":"https:\/\/lottomat.com\/de\/wp-json\/wp\/v2\/pages\/7413"}],"wp:attachment":[{"href":"https:\/\/lottomat.com\/de\/wp-json\/wp\/v2\/media?parent=238104"}],"curies":[{"name":"wp","href":"https:\/\/api.w.org\/{rel}","templated":true}]}}