{"id":237801,"date":"2025-04-07T19:24:29","date_gmt":"2025-04-07T19:24:29","guid":{"rendered":"https:\/\/lottomat.net\/lotterieergebnisse\/mega-millions-ergebnisse\/"},"modified":"2026-02-01T14:43:58","modified_gmt":"2026-02-01T14:43:58","slug":"mega-millions","status":"publish","type":"page","link":"https:\/\/lottomat.com\/de\/ergebnisse\/mega-millions\/","title":{"rendered":"Mega Millions-Ergebnisse &#038; Gewinnzahlen"},"content":{"rendered":"\n\n<div class=\"kk-star-ratings kksr-auto kksr-align-left kksr-valign-top\"\n    data-payload='{&quot;align&quot;:&quot;left&quot;,&quot;id&quot;:&quot;237801&quot;,&quot;slug&quot;:&quot;default&quot;,&quot;valign&quot;:&quot;top&quot;,&quot;ignore&quot;:&quot;&quot;,&quot;reference&quot;:&quot;auto&quot;,&quot;class&quot;:&quot;&quot;,&quot;count&quot;:&quot;0&quot;,&quot;legendonly&quot;:&quot;&quot;,&quot;readonly&quot;:&quot;&quot;,&quot;score&quot;:&quot;0&quot;,&quot;starsonly&quot;:&quot;&quot;,&quot;best&quot;:&quot;5&quot;,&quot;gap&quot;:&quot;5&quot;,&quot;greet&quot;:&quot;Rate this page&quot;,&quot;legend&quot;:&quot;0\\\/5 - (0 votes)&quot;,&quot;size&quot;:&quot;30&quot;,&quot;title&quot;:&quot;Mega Millions-Ergebnisse \\u0026amp; Gewinnzahlen&quot;,&quot;width&quot;:&quot;0&quot;,&quot;_legend&quot;:&quot;{score}\\\/{best} - ({count} {votes})&quot;,&quot;font_factor&quot;:&quot;1.25&quot;}'>\n            \n<div class=\"kksr-stars\">\n    \n<div class=\"kksr-stars-inactive\">\n            <div class=\"kksr-star\" data-star=\"1\" style=\"padding-right: 5px\">\n            \n\n<div class=\"kksr-icon\" style=\"width: 30px; height: 30px;\"><\/div>\n        <\/div>\n            <div class=\"kksr-star\" data-star=\"2\" style=\"padding-right: 5px\">\n            \n\n<div class=\"kksr-icon\" style=\"width: 30px; height: 30px;\"><\/div>\n        <\/div>\n            <div class=\"kksr-star\" data-star=\"3\" style=\"padding-right: 5px\">\n            \n\n<div class=\"kksr-icon\" style=\"width: 30px; height: 30px;\"><\/div>\n        <\/div>\n            <div class=\"kksr-star\" data-star=\"4\" style=\"padding-right: 5px\">\n            \n\n<div class=\"kksr-icon\" style=\"width: 30px; height: 30px;\"><\/div>\n        <\/div>\n            <div class=\"kksr-star\" data-star=\"5\" style=\"padding-right: 5px\">\n            \n\n<div class=\"kksr-icon\" style=\"width: 30px; height: 30px;\"><\/div>\n        <\/div>\n    <\/div>\n    \n<div class=\"kksr-stars-active\" style=\"width: 0px;\">\n            <div class=\"kksr-star\" style=\"padding-right: 5px\">\n            \n\n<div class=\"kksr-icon\" style=\"width: 30px; height: 30px;\"><\/div>\n        <\/div>\n            <div class=\"kksr-star\" style=\"padding-right: 5px\">\n            \n\n<div class=\"kksr-icon\" style=\"width: 30px; height: 30px;\"><\/div>\n        <\/div>\n            <div class=\"kksr-star\" style=\"padding-right: 5px\">\n            \n\n<div class=\"kksr-icon\" style=\"width: 30px; height: 30px;\"><\/div>\n        <\/div>\n            <div class=\"kksr-star\" style=\"padding-right: 5px\">\n            \n\n<div class=\"kksr-icon\" style=\"width: 30px; height: 30px;\"><\/div>\n        <\/div>\n            <div class=\"kksr-star\" style=\"padding-right: 5px\">\n            \n\n<div class=\"kksr-icon\" style=\"width: 30px; height: 30px;\"><\/div>\n        <\/div>\n    <\/div>\n<\/div>\n                \n\n<div class=\"kksr-legend\" style=\"font-size: 24px;\">\n            <span class=\"kksr-muted\">Rate this page<\/span>\n    <\/div>\n    <\/div>\n<p>Mega Millions-Lotteriescheine werden gekauft, die Mega Millions-Gewinnzahlen werden ausgew\u00e4hlt, und Sie konzentrieren sich einfach auf gl\u00fcckselige Pl\u00e4ne und Tr\u00e4ume, die wahr werden, wenn Sie nur der Gruppe der Million\u00e4re beitreten. Daran ist nichts Falsches, wir alle haben unsere Tr\u00e4ume. Es ist wahrscheinlich, dass sich die Gedanken jedes Spielers um das Gewinnen drehen, bevor er die Ziehungs-Mega Millions-Ergebnisse erf\u00e4hrt, und <strong>Mega Millions ist ein Spiel, das wirklich viel geben kann<\/strong>.<\/p>\n<h2>Ist das Gewinnen mit Mega Millions-Zahlen M\u00f6glich?<img loading=\"lazy\" decoding=\"async\" class=\"alignright wp-image-251955\" src=\"https:\/\/lottomat.com\/wp-content\/uploads\/2025\/10\/Mega-Millions-winning-numbers.webp\" alt=\"Mega Millions-Gewinnzahlen\" width=\"200\" height=\"200\" srcset=\"https:\/\/lottomat.com\/wp-content\/uploads\/2025\/10\/Mega-Millions-winning-numbers.webp 400w, https:\/\/lottomat.com\/wp-content\/uploads\/2025\/10\/Mega-Millions-winning-numbers-300x300.webp 300w, https:\/\/lottomat.com\/wp-content\/uploads\/2025\/10\/Mega-Millions-winning-numbers-150x150.webp 150w, https:\/\/lottomat.com\/wp-content\/uploads\/2025\/10\/Mega-Millions-winning-numbers-100x100.webp 100w\" sizes=\"auto, (max-width: 200px) 100vw, 200px\" \/><\/h2>\n<p>Bis Sie <a href=\"https:\/\/lottomat.com\/de\/ergebnisse\/\">die aktuellen Lottoziehungsergebnisse \u00fcberpr\u00fcfen<\/a>, k\u00f6nnen Sie tr\u00e4umen, aber nur die Ziehung der Zahlen, die Sie gew\u00e4hlt haben, kann diesen sch\u00f6nen Traum wahr werden lassen, weshalb es keinen Sinn hat zu warten \u2013 spielen Sie einfach und \u00fcberpr\u00fcfen Sie. Alles, was Sie nach der Ziehung tun m\u00fcssen, ist <a href=\"https:\/\/lottomat.com\/de\/\">die LottoMat-Website<\/a> Ergebnisseite f\u00fcr Mega Millions zu besuchen und zu sehen, welche Zahlen bei dieser bestimmten Ziehung gewonnen haben. Wenn sie mit Ihrem Schein \u00fcbereinstimmen, bedeutet das, dass Sie zu den Gewinnern der <a href=\"https:\/\/lottomat.com\/de\/lotterie\/mega-millions\/\">Mega Millions-Preise und des Jackpots<\/a> geh\u00f6ren. <strong>Die Mega Millions-Lottoziehung findet regelm\u00e4\u00dfig zweimal pro Woche statt, jeden Mittwoch und Samstag um 03:00 UTC<\/strong>. Wir ver\u00f6ffentlichen die aktuellen Mega Millions-Ergebnisse online direkt nach Ende der Ziehung, und sie stammen aus den offiziellen Informationen des Lotterie-Veranstalters, was sie zu 100% getestet und zuverl\u00e4ssig macht. Das Einzige, was Sie beachten m\u00fcssen, ist die Zeitzone auf Ihre lokale Zeitzone umzustellen.<\/p>\n<h2>Wie \u00dcberpr\u00fcft Man die Heutigen Mega Millions-Ergebnisse?<\/h2>\n<p><strong>Aktuelle Mega Millions-Ergebnisse sind auf der LottoMat-Website unmittelbar nach Abschluss jeder Ziehung verf\u00fcgbar<\/strong>. Alle ver\u00f6ffentlichten Ergebnisse stammen direkt aus offiziellen Lotterie-Quellen und gew\u00e4hrleisten vollst\u00e4ndige Genauigkeit und Zuverl\u00e4ssigkeit. Sie k\u00f6nnen auf die neuesten Gewinnzahlen zugreifen, indem Sie unsere dedizierte Mega Millions-Ergebnisseite besuchen. Die Ergebnisse werden in Echtzeit nach jeder Ziehung aktualisiert, sodass Sie immer Zugang zu den aktuellsten Informationen haben. Navigieren Sie einfach zu unserem Ergebnisbereich, um zu entdecken, ob Ihre Zahlen Sie zum n\u00e4chsten Mega Millions-Gewinner gemacht haben.<\/p>\n<h2><img loading=\"lazy\" decoding=\"async\" class=\"alignleft wp-image-251985\" src=\"https:\/\/lottomat.com\/wp-content\/uploads\/2025\/10\/Mega-Millions-results.webp\" alt=\"Mega Millions-Ergebnisse\" width=\"200\" height=\"200\" srcset=\"https:\/\/lottomat.com\/wp-content\/uploads\/2025\/10\/Mega-Millions-results.webp 400w, https:\/\/lottomat.com\/wp-content\/uploads\/2025\/10\/Mega-Millions-results-300x300.webp 300w, https:\/\/lottomat.com\/wp-content\/uploads\/2025\/10\/Mega-Millions-results-150x150.webp 150w, https:\/\/lottomat.com\/wp-content\/uploads\/2025\/10\/Mega-Millions-results-100x100.webp 100w\" sizes=\"auto, (max-width: 200px) 100vw, 200px\" \/>Wie \u00dcberpr\u00fcft Man Historische Mega Millions-Ergebnisse und Gewinnzahlen?<\/h2>\n<p>Wir wissen, wie wichtig archivierte Lotto-Ergebnisse f\u00fcr viele von uns sind, da einige von Ihnen ihre Strategie f\u00fcr nachfolgende Ziehungen darauf aufbauen. Alles, was Sie tun m\u00fcssen, um sie zu nutzen, ist zu unserem Ergebniskalender zu gehen. Er ist auf der rechten Seite oben verf\u00fcgbar. Nach dem Anklicken eines Datums k\u00f6nnen Sie frei zu anderen Zeitr\u00e4umen wechseln. <strong>Sie k\u00f6nnen dort die in den letzten Wochen gezogenen Mega Millions-Gewinnzahlen \u00fcberpr\u00fcfen und sehen, wie wichtig die vielf\u00e4ltige Auswahl von Zahlen auf Scheinen ist<\/strong>.<\/p>\n<h2>Wie Nutzt Man das Mega Millions-Gewinnzahlen-Archiv?<\/h2>\n<p>Das historische Archiv der Mega Millions-Ergebnisse dient als wertvolles Werkzeug f\u00fcr Spieler, die Muster analysieren und ihre Spielstrategien entwickeln m\u00f6chten. Durch die Untersuchung vergangener Ziehungen k\u00f6nnen Sie Trends in der Zahlenh\u00e4ufigkeit identifizieren und fundiertere Entscheidungen \u00fcber Ihre Zahlenauswahl treffen. <strong>Das Archiv erm\u00f6glicht es Ihnen zu verfolgen, welche Zahlen h\u00e4ufig zusammen erschienen sind, und hilft Ihnen, die Muster des Spiels im Laufe der Zeit zu verstehen<\/strong>. Viele erfolgreiche Spieler verwenden diese historischen Daten, um systematische Ans\u00e4tze f\u00fcr ihre Zahlenauswahl zu erstellen, obwohl es wichtig ist zu bedenken, dass jede Ziehung unabh\u00e4ngig und zuf\u00e4llig ist. Das Archiv bietet Einblicke in Zahlenkombinationen, die mehrmals gezogen wurden, und gibt Ihnen eine Grundlage f\u00fcr die Erstellung Ihrer eigenen Auswahlmethodik. Allerdings garantiert die vergangene Leistung keine zuk\u00fcnftigen Ergebnisse bei Lotteriespielen.<\/p>\n<h2>Was Sind die Am H\u00e4ufigsten Gezogenen Zahlen bei Mega Millions?<img loading=\"lazy\" decoding=\"async\" class=\"alignright wp-image-252015\" src=\"https:\/\/lottomat.com\/wp-content\/uploads\/2025\/10\/drawing-results.webp\" alt=\"Ziehungsergebnisse\" width=\"200\" height=\"200\" srcset=\"https:\/\/lottomat.com\/wp-content\/uploads\/2025\/10\/drawing-results.webp 400w, https:\/\/lottomat.com\/wp-content\/uploads\/2025\/10\/drawing-results-300x300.webp 300w, https:\/\/lottomat.com\/wp-content\/uploads\/2025\/10\/drawing-results-150x150.webp 150w, https:\/\/lottomat.com\/wp-content\/uploads\/2025\/10\/drawing-results-100x100.webp 100w\" sizes=\"auto, (max-width: 200px) 100vw, 200px\" \/><\/h2>\n<p>Wir haben bereits die Vorbereitung einer guten Strategie unter Verwendung zuvor gezogener Zahlen erw\u00e4hnt, aber es gibt eine ebenso gute Unterst\u00fctzung in Form von Statistiken f\u00fcr die Ziehung bestimmter Zahlen. Es stellt sich heraus, dass es Zahlen gibt, die viel h\u00e4ufiger gezogen werden als andere. Auf der LottoMat-Website finden Sie alle diese Informationen f\u00fcr jede Lotterie. <strong>Die am h\u00e4ufigsten gezogenen Zahlen f\u00fcr Mega Millions sind: 29, 4, 48 und 36<\/strong>. Die Zahl 48 wurde seit 2005 bereits 80 Mal gezogen. <strong>Was den Mega Ball betrifft, sind die am h\u00e4ufigsten gezogenen Zahlen 35, 9, 36 und 7<\/strong>. Wir w\u00fcnschen Ihnen nichts als die profitabelsten Mega Millions-Ergebnisse!<\/p>\n<h2>Was Sind die Am Seltensten Gezogenen Zahlen bei Mega Millions?<\/h2>\n<p>W\u00e4hrend einige Zahlen h\u00e4ufig bei Mega Millions-Ziehungen erscheinen, scheinen andere seltener gezogen zu werden, wodurch das entsteht, was Spieler &#8222;kalte&#8220; Zahlen nennen. <strong>Diese weniger h\u00e4ufig gezogenen Zahlen k\u00f6nnen genauso wertvoll sein, um eine ausgewogene Lotterie-Strategie zu erstellen<\/strong>. Einige Spieler ziehen es vor, diese selten gezogenen Zahlen in ihre Auswahl aufzunehmen, in der \u00dcberzeugung, dass sie &#8222;f\u00e4llig&#8220; sind zu erscheinen. <strong>Die am seltensten gezogenen Hauptzahlen in der Mega Millions-Geschichte umfassen 50, 51, 65, 66 und 67<\/strong>. Diese Zahlen wurden deutlich seltener gezogen im Vergleich zu den h\u00e4ufigsten Zahlen, wobei einige nur 66-84 Mal in der gesamten Geschichte des Spiels erschienen sind. Unter den Mega Ball-Zahlen erscheinen bestimmte Zahlen wie 15 und h\u00f6her nummerierte Kugeln in den letzten Ziehungen tendenziell weniger h\u00e4ufig. Die am seltensten gezogenen Hauptzahlen in der Geschichte umfassen mehrere h\u00f6here Zahlen aus dem verf\u00fcgbaren Bereich, obwohl sich die spezifischen Zahlen im Laufe der Zeit \u00e4ndern, wenn mehr Ziehungen stattfinden. <strong>Die Zahl 50 sticht als eine der k\u00e4ltesten Zahlen hervor, da sie seit Beginn des Spiels nur 66 Mal gezogen wurde<\/strong>. Es ist erw\u00e4hnenswert, dass in einem wirklich zuf\u00e4lligen System alle Zahlen die gleiche Wahrscheinlichkeit haben, bei jeder gegebenen Ziehung gezogen zu werden, unabh\u00e4ngig von ihrer historischen H\u00e4ufigkeit.<\/p>\n<h2><img loading=\"lazy\" decoding=\"async\" class=\"alignleft wp-image-252045\" src=\"https:\/\/lottomat.com\/wp-content\/uploads\/2025\/10\/Mega-Millions-draw.webp\" alt=\"Mega Millions-Ziehung\" width=\"200\" height=\"200\" srcset=\"https:\/\/lottomat.com\/wp-content\/uploads\/2025\/10\/Mega-Millions-draw.webp 400w, https:\/\/lottomat.com\/wp-content\/uploads\/2025\/10\/Mega-Millions-draw-300x300.webp 300w, https:\/\/lottomat.com\/wp-content\/uploads\/2025\/10\/Mega-Millions-draw-150x150.webp 150w, https:\/\/lottomat.com\/wp-content\/uploads\/2025\/10\/Mega-Millions-draw-100x100.webp 100w\" sizes=\"auto, (max-width: 200px) 100vw, 200px\" \/>K\u00f6nnen Mega Millions-Ergebnisse Vorhergesagt Werden?<\/h2>\n<p>Die Frage, ob Lotterie-Ergebnisse vorhergesagt werden k\u00f6nnen, hat Spieler seit Generationen fasziniert. <strong>Mega Millions-Ziehungen werden mit zertifizierten Zufallszahlengenerierungsmethoden durchgef\u00fchrt, was echte Vorhersagen mathematisch unm\u00f6g<\/p>\n","protected":false},"excerpt":{"rendered":"<p>Mega Millions-Lotteriescheine werden gekauft, die Mega Millions-Gewinnzahlen werden ausgew\u00e4hlt, und Sie konzentrieren sich einfach auf gl\u00fcckselige Pl\u00e4ne und Tr\u00e4ume, die wahr werden, wenn Sie nur der Gruppe der Million\u00e4re beitreten. Daran ist nichts Falsches, wir alle haben unsere Tr\u00e4ume. Es ist wahrscheinlich, dass sich die Gedanken jedes Spielers um das Gewinnen drehen, bevor er die [&hellip;]<\/p>\n","protected":false},"author":1,"featured_media":0,"parent":7413,"menu_order":2,"comment_status":"closed","ping_status":"closed","template":"megamillion-results.php","meta":{"_et_pb_use_builder":"","_et_pb_old_content":"","_et_gb_content_width":"","exclude_from_search":false,"footnotes":""},"class_list":["post-237801","page","type-page","status-publish","hentry"],"yoast_head":"<!-- This site is optimized with the Yoast SEO plugin v23.8 - https:\/\/yoast.com\/wordpress\/plugins\/seo\/ -->\n<title>Mega Millions-Ergebnisse &amp; Gewinnzahlen - LottoMat<\/title>\n<meta name=\"description\" content=\"\u00dcberpr\u00fcfen Sie hier die neuesten Mega Millions-Ergebnisse und Gewinnzahlen. Verifizieren Sie, welche Zahlen bei der aktuellen Mega Millions-Lottoziehung gezogen wurden.\" \/>\n<meta name=\"robots\" content=\"index, follow, max-snippet:-1, max-image-preview:large, max-video-preview:-1\" \/>\n<link rel=\"canonical\" href=\"https:\/\/lottomat.com\/de\/ergebnisse\/mega-millions\/\" \/>\n<meta property=\"og:locale\" content=\"de_DE\" \/>\n<meta property=\"og:type\" content=\"article\" \/>\n<meta property=\"og:title\" content=\"Mega Millions-Ergebnisse &amp; Gewinnzahlen - LottoMat\" \/>\n<meta property=\"og:description\" content=\"\u00dcberpr\u00fcfen Sie hier die neuesten Mega Millions-Ergebnisse und Gewinnzahlen. Verifizieren Sie, welche Zahlen bei der aktuellen Mega Millions-Lottoziehung gezogen wurden.\" \/>\n<meta property=\"og:url\" content=\"https:\/\/lottomat.com\/de\/ergebnisse\/mega-millions\/\" \/>\n<meta property=\"og:site_name\" content=\"Lottomat\" \/>\n<meta property=\"article:modified_time\" content=\"2026-02-01T14:43:58+00:00\" \/>\n<meta property=\"og:image\" content=\"https:\/\/lottomat.com\/wp-content\/uploads\/2025\/10\/Mega-Millions-winning-numbers.webp\" \/>\n<meta name=\"twitter:card\" content=\"summary_large_image\" \/>\n<meta name=\"twitter:label1\" content=\"Gesch\u00e4tzte Lesezeit\" \/>\n\t<meta name=\"twitter:data1\" content=\"7\u00a0Minuten\" \/>\n<script type=\"application\/ld+json\" class=\"yoast-schema-graph\">{\"@context\":\"https:\/\/schema.org\",\"@graph\":[{\"@type\":\"WebPage\",\"@id\":\"https:\/\/lottomat.com\/de\/ergebnisse\/mega-millions\/\",\"url\":\"https:\/\/lottomat.com\/de\/ergebnisse\/mega-millions\/\",\"name\":\"Mega Millions-Ergebnisse & Gewinnzahlen - LottoMat\",\"isPartOf\":{\"@id\":\"https:\/\/lottomat.com\/de\/#website\"},\"primaryImageOfPage\":{\"@id\":\"https:\/\/lottomat.com\/de\/ergebnisse\/mega-millions\/#primaryimage\"},\"image\":{\"@id\":\"https:\/\/lottomat.com\/de\/ergebnisse\/mega-millions\/#primaryimage\"},\"thumbnailUrl\":\"https:\/\/lottomat.com\/wp-content\/uploads\/2025\/10\/Mega-Millions-winning-numbers.webp\",\"datePublished\":\"2025-04-07T19:24:29+00:00\",\"dateModified\":\"2026-02-01T14:43:58+00:00\",\"description\":\"\u00dcberpr\u00fcfen Sie hier die neuesten Mega Millions-Ergebnisse und Gewinnzahlen. Verifizieren Sie, welche Zahlen bei der aktuellen Mega Millions-Lottoziehung gezogen wurden.\",\"breadcrumb\":{\"@id\":\"https:\/\/lottomat.com\/de\/ergebnisse\/mega-millions\/#breadcrumb\"},\"inLanguage\":\"de\",\"potentialAction\":[{\"@type\":\"ReadAction\",\"target\":[\"https:\/\/lottomat.com\/de\/ergebnisse\/mega-millions\/\"]}]},{\"@type\":\"ImageObject\",\"inLanguage\":\"de\",\"@id\":\"https:\/\/lottomat.com\/de\/ergebnisse\/mega-millions\/#primaryimage\",\"url\":\"https:\/\/lottomat.com\/wp-content\/uploads\/2025\/10\/Mega-Millions-winning-numbers.webp\",\"contentUrl\":\"https:\/\/lottomat.com\/wp-content\/uploads\/2025\/10\/Mega-Millions-winning-numbers.webp\"},{\"@type\":\"BreadcrumbList\",\"@id\":\"https:\/\/lottomat.com\/de\/ergebnisse\/mega-millions\/#breadcrumb\",\"itemListElement\":[{\"@type\":\"ListItem\",\"position\":1,\"name\":\"Home\",\"item\":\"https:\/\/lottomat.com\/de\/\"},{\"@type\":\"ListItem\",\"position\":2,\"name\":\"Die Neuesten Lotterie-Ergebnisse &#038; Gewinnzahlen\",\"item\":\"https:\/\/lottomat.com\/de\/ergebnisse\/\"},{\"@type\":\"ListItem\",\"position\":3,\"name\":\"Mega Millions-Ergebnisse &#038; Gewinnzahlen\"}]},{\"@type\":\"WebSite\",\"@id\":\"https:\/\/lottomat.com\/de\/#website\",\"url\":\"https:\/\/lottomat.com\/de\/\",\"name\":\"Lottomat\",\"description\":\"\",\"potentialAction\":[{\"@type\":\"SearchAction\",\"target\":{\"@type\":\"EntryPoint\",\"urlTemplate\":\"https:\/\/lottomat.com\/de\/?s={search_term_string}\"},\"query-input\":{\"@type\":\"PropertyValueSpecification\",\"valueRequired\":true,\"valueName\":\"search_term_string\"}}],\"inLanguage\":\"de\"}]}<\/script>\n<!-- \/ Yoast SEO plugin. -->","yoast_head_json":{"title":"Mega Millions-Ergebnisse & Gewinnzahlen - LottoMat","description":"\u00dcberpr\u00fcfen Sie hier die neuesten Mega Millions-Ergebnisse und Gewinnzahlen. Verifizieren Sie, welche Zahlen bei der aktuellen Mega Millions-Lottoziehung gezogen wurden.","robots":{"index":"index","follow":"follow","max-snippet":"max-snippet:-1","max-image-preview":"max-image-preview:large","max-video-preview":"max-video-preview:-1"},"canonical":"https:\/\/lottomat.com\/de\/ergebnisse\/mega-millions\/","og_locale":"de_DE","og_type":"article","og_title":"Mega Millions-Ergebnisse & Gewinnzahlen - LottoMat","og_description":"\u00dcberpr\u00fcfen Sie hier die neuesten Mega Millions-Ergebnisse und Gewinnzahlen. Verifizieren Sie, welche Zahlen bei der aktuellen Mega Millions-Lottoziehung gezogen wurden.","og_url":"https:\/\/lottomat.com\/de\/ergebnisse\/mega-millions\/","og_site_name":"Lottomat","article_modified_time":"2026-02-01T14:43:58+00:00","og_image":[{"url":"https:\/\/lottomat.com\/wp-content\/uploads\/2025\/10\/Mega-Millions-winning-numbers.webp"}],"twitter_card":"summary_large_image","twitter_misc":{"Gesch\u00e4tzte Lesezeit":"7\u00a0Minuten"},"schema":{"@context":"https:\/\/schema.org","@graph":[{"@type":"WebPage","@id":"https:\/\/lottomat.com\/de\/ergebnisse\/mega-millions\/","url":"https:\/\/lottomat.com\/de\/ergebnisse\/mega-millions\/","name":"Mega Millions-Ergebnisse & Gewinnzahlen - LottoMat","isPartOf":{"@id":"https:\/\/lottomat.com\/de\/#website"},"primaryImageOfPage":{"@id":"https:\/\/lottomat.com\/de\/ergebnisse\/mega-millions\/#primaryimage"},"image":{"@id":"https:\/\/lottomat.com\/de\/ergebnisse\/mega-millions\/#primaryimage"},"thumbnailUrl":"https:\/\/lottomat.com\/wp-content\/uploads\/2025\/10\/Mega-Millions-winning-numbers.webp","datePublished":"2025-04-07T19:24:29+00:00","dateModified":"2026-02-01T14:43:58+00:00","description":"\u00dcberpr\u00fcfen Sie hier die neuesten Mega Millions-Ergebnisse und Gewinnzahlen. Verifizieren Sie, welche Zahlen bei der aktuellen Mega Millions-Lottoziehung gezogen wurden.","breadcrumb":{"@id":"https:\/\/lottomat.com\/de\/ergebnisse\/mega-millions\/#breadcrumb"},"inLanguage":"de","potentialAction":[{"@type":"ReadAction","target":["https:\/\/lottomat.com\/de\/ergebnisse\/mega-millions\/"]}]},{"@type":"ImageObject","inLanguage":"de","@id":"https:\/\/lottomat.com\/de\/ergebnisse\/mega-millions\/#primaryimage","url":"https:\/\/lottomat.com\/wp-content\/uploads\/2025\/10\/Mega-Millions-winning-numbers.webp","contentUrl":"https:\/\/lottomat.com\/wp-content\/uploads\/2025\/10\/Mega-Millions-winning-numbers.webp"},{"@type":"BreadcrumbList","@id":"https:\/\/lottomat.com\/de\/ergebnisse\/mega-millions\/#breadcrumb","itemListElement":[{"@type":"ListItem","position":1,"name":"Home","item":"https:\/\/lottomat.com\/de\/"},{"@type":"ListItem","position":2,"name":"Die Neuesten Lotterie-Ergebnisse &#038; Gewinnzahlen","item":"https:\/\/lottomat.com\/de\/ergebnisse\/"},{"@type":"ListItem","position":3,"name":"Mega Millions-Ergebnisse &#038; Gewinnzahlen"}]},{"@type":"WebSite","@id":"https:\/\/lottomat.com\/de\/#website","url":"https:\/\/lottomat.com\/de\/","name":"Lottomat","description":"","potentialAction":[{"@type":"SearchAction","target":{"@type":"EntryPoint","urlTemplate":"https:\/\/lottomat.com\/de\/?s={search_term_string}"},"query-input":{"@type":"PropertyValueSpecification","valueRequired":true,"valueName":"search_term_string"}}],"inLanguage":"de"}]}},"_links":{"self":[{"href":"https:\/\/lottomat.com\/de\/wp-json\/wp\/v2\/pages\/237801","targetHints":{"allow":["GET"]}}],"collection":[{"href":"https:\/\/lottomat.com\/de\/wp-json\/wp\/v2\/pages"}],"about":[{"href":"https:\/\/lottomat.com\/de\/wp-json\/wp\/v2\/types\/page"}],"author":[{"embeddable":true,"href":"https:\/\/lottomat.com\/de\/wp-json\/wp\/v2\/users\/1"}],"replies":[{"embeddable":true,"href":"https:\/\/lottomat.com\/de\/wp-json\/wp\/v2\/comments?post=237801"}],"version-history":[{"count":1,"href":"https:\/\/lottomat.com\/de\/wp-json\/wp\/v2\/pages\/237801\/revisions"}],"predecessor-version":[{"id":270008,"href":"https:\/\/lottomat.com\/de\/wp-json\/wp\/v2\/pages\/237801\/revisions\/270008"}],"up":[{"embeddable":true,"href":"https:\/\/lottomat.com\/de\/wp-json\/wp\/v2\/pages\/7413"}],"wp:attachment":[{"href":"https:\/\/lottomat.com\/de\/wp-json\/wp\/v2\/media?parent=237801"}],"curies":[{"name":"wp","href":"https:\/\/api.w.org\/{rel}","templated":true}]}}