{"id":237770,"date":"2025-04-07T19:23:03","date_gmt":"2025-04-07T19:23:03","guid":{"rendered":"https:\/\/lottomat.net\/lotterieergebnisse\/powerball-ergebnisse\/"},"modified":"2026-02-01T15:01:17","modified_gmt":"2026-02-01T15:01:17","slug":"powerball","status":"publish","type":"page","link":"https:\/\/lottomat.com\/de\/ergebnisse\/powerball\/","title":{"rendered":"Powerball-Ergebnisse &#038; Gewinnzahlen"},"content":{"rendered":"\n\n<div class=\"kk-star-ratings kksr-auto kksr-align-left kksr-valign-top\"\n    data-payload='{&quot;align&quot;:&quot;left&quot;,&quot;id&quot;:&quot;237770&quot;,&quot;slug&quot;:&quot;default&quot;,&quot;valign&quot;:&quot;top&quot;,&quot;ignore&quot;:&quot;&quot;,&quot;reference&quot;:&quot;auto&quot;,&quot;class&quot;:&quot;&quot;,&quot;count&quot;:&quot;0&quot;,&quot;legendonly&quot;:&quot;&quot;,&quot;readonly&quot;:&quot;&quot;,&quot;score&quot;:&quot;0&quot;,&quot;starsonly&quot;:&quot;&quot;,&quot;best&quot;:&quot;5&quot;,&quot;gap&quot;:&quot;5&quot;,&quot;greet&quot;:&quot;Rate this page&quot;,&quot;legend&quot;:&quot;0\\\/5 - (0 votes)&quot;,&quot;size&quot;:&quot;30&quot;,&quot;title&quot;:&quot;Powerball-Ergebnisse \\u0026amp; Gewinnzahlen&quot;,&quot;width&quot;:&quot;0&quot;,&quot;_legend&quot;:&quot;{score}\\\/{best} - ({count} {votes})&quot;,&quot;font_factor&quot;:&quot;1.25&quot;}'>\n            \n<div class=\"kksr-stars\">\n    \n<div class=\"kksr-stars-inactive\">\n            <div class=\"kksr-star\" data-star=\"1\" style=\"padding-right: 5px\">\n            \n\n<div class=\"kksr-icon\" style=\"width: 30px; height: 30px;\"><\/div>\n        <\/div>\n            <div class=\"kksr-star\" data-star=\"2\" style=\"padding-right: 5px\">\n            \n\n<div class=\"kksr-icon\" style=\"width: 30px; height: 30px;\"><\/div>\n        <\/div>\n            <div class=\"kksr-star\" data-star=\"3\" style=\"padding-right: 5px\">\n            \n\n<div class=\"kksr-icon\" style=\"width: 30px; height: 30px;\"><\/div>\n        <\/div>\n            <div class=\"kksr-star\" data-star=\"4\" style=\"padding-right: 5px\">\n            \n\n<div class=\"kksr-icon\" style=\"width: 30px; height: 30px;\"><\/div>\n        <\/div>\n            <div class=\"kksr-star\" data-star=\"5\" style=\"padding-right: 5px\">\n            \n\n<div class=\"kksr-icon\" style=\"width: 30px; height: 30px;\"><\/div>\n        <\/div>\n    <\/div>\n    \n<div class=\"kksr-stars-active\" style=\"width: 0px;\">\n            <div class=\"kksr-star\" style=\"padding-right: 5px\">\n            \n\n<div class=\"kksr-icon\" style=\"width: 30px; height: 30px;\"><\/div>\n        <\/div>\n            <div class=\"kksr-star\" style=\"padding-right: 5px\">\n            \n\n<div class=\"kksr-icon\" style=\"width: 30px; height: 30px;\"><\/div>\n        <\/div>\n            <div class=\"kksr-star\" style=\"padding-right: 5px\">\n            \n\n<div class=\"kksr-icon\" style=\"width: 30px; height: 30px;\"><\/div>\n        <\/div>\n            <div class=\"kksr-star\" style=\"padding-right: 5px\">\n            \n\n<div class=\"kksr-icon\" style=\"width: 30px; height: 30px;\"><\/div>\n        <\/div>\n            <div class=\"kksr-star\" style=\"padding-right: 5px\">\n            \n\n<div class=\"kksr-icon\" style=\"width: 30px; height: 30px;\"><\/div>\n        <\/div>\n    <\/div>\n<\/div>\n                \n\n<div class=\"kksr-legend\" style=\"font-size: 24px;\">\n            <span class=\"kksr-muted\">Rate this page<\/span>\n    <\/div>\n    <\/div>\n<p>Nach dem Kauf der Scheine und der Auswahl der f\u00fcnf Hauptzahlen und einer Bonus-Powerball-Zahl auf ihnen bleibt Ihnen nur noch, geduldig auf die Ziehungsergebnisse zu warten, die blitzschnell auf der <a href=\"https:\/\/lottomat.com\/de\/\"><strong>LottoMat-Website<\/strong><\/a> erscheinen werden. Jede Information, die wir \u00fcber die gezogenen Zahlen ver\u00f6ffentlichen, stammt direkt vom Ziehungsveranstalter, sodass Sie sicher sein k\u00f6nnen, dass die <strong>Powerball-Ergebnisse zu 100% mit der Ziehung \u00fcbereinstimmen<\/strong>.<img loading=\"lazy\" decoding=\"async\" class=\"alignleft wp-image-252294\" src=\"https:\/\/lottomat.com\/wp-content\/uploads\/2025\/10\/jackpot-and-prizes-300x300.webp\" alt=\"Jackpot und Preise\" width=\"200\" height=\"200\" srcset=\"https:\/\/lottomat.com\/wp-content\/uploads\/2025\/10\/jackpot-and-prizes-300x300.webp 300w, https:\/\/lottomat.com\/wp-content\/uploads\/2025\/10\/jackpot-and-prizes-150x150.webp 150w, https:\/\/lottomat.com\/wp-content\/uploads\/2025\/10\/jackpot-and-prizes-100x100.webp 100w, https:\/\/lottomat.com\/wp-content\/uploads\/2025\/10\/jackpot-and-prizes.webp 400w\" sizes=\"auto, (max-width: 200px) 100vw, 200px\" \/><\/p>\n<h2>Wie \u00dcberpr\u00fcft Man die Aktuellen Powerball-Ergebnisse?<\/h2>\n<p>Auf der LottoMat-Website finden Sie immer die <strong>neuesten Ergebnisse der Powerball-Lotterie<\/strong>, noch hei\u00df. Wir aktualisieren die Powerball-Ergebnisse direkt nach der Ziehung, sie stammen aus offiziellen Quellen, die der Lotterie-Veranstalter ist, und sind <strong>hundertprozentig zuverl\u00e4ssig<\/strong>. Nach dem Aufrufen der Powerball-Lotterie-Ergebnisseite m\u00fcssen Sie die Zahlen auf dem Schein mit den Zahlen in der Ergebnistabelle vergleichen. Wenn Ihr Schein sechs gezogene Zahlen hat, dann herzlichen Gl\u00fcckwunsch, <strong>Sie sind gerade Million\u00e4r geworden!<\/strong> Wenn nicht, haben Sie nichts zu bef\u00fcrchten, da Powerball ganze <strong>neun Stufen mit garantierten Gewinnen<\/strong> hat. Das bedeutet, dass Sie keinen vollen &#8222;Sechser&#8220; treffen m\u00fcssen, um einen Geldpreis zu gewinnen, aber Sie m\u00fcssen <a href=\"https:\/\/lottomat.com\/de\/spielen\/powerball\/\">einen Powerball-Schein online kaufen<\/a>!<\/p>\n<h2>Wie \u00dcberpr\u00fcft Man die Gestrigen Powe<img loading=\"lazy\" decoding=\"async\" class=\"wp-image-252354 alignright\" src=\"https:\/\/lottomat.com\/wp-content\/uploads\/2025\/10\/Powerball-Numbers-300x300.webp\" alt=\"Powerball-Zahlen\" width=\"200\" height=\"200\" srcset=\"https:\/\/lottomat.com\/wp-content\/uploads\/2025\/10\/Powerball-Numbers-300x300.webp 300w, https:\/\/lottomat.com\/wp-content\/uploads\/2025\/10\/Powerball-Numbers-150x150.webp 150w, https:\/\/lottomat.com\/wp-content\/uploads\/2025\/10\/Powerball-Numbers-100x100.webp 100w, https:\/\/lottomat.com\/wp-content\/uploads\/2025\/10\/Powerball-Numbers.webp 400w\" sizes=\"auto, (max-width: 200px) 100vw, 200px\" \/>rball-Ergebnisse?<\/h2>\n<p>Ob Sie nach den heutigen Ergebnissen, gestrigen Zahlen oder Ziehungen von letzter Woche suchen, Sie k\u00f6nnen <strong>alle Powerball-Ergebnisse einfach auf LottoMat finden<\/strong>. Unsere umfassende Ergebnisdatenbank erm\u00f6glicht es Ihnen, auf jede Ziehungsinformation schnell und effizient zuzugreifen. Navigieren Sie einfach zum Ergebnisbereich und w\u00e4hlen Sie das spezifische Datum aus, das Sie \u00fcberpr\u00fcfen m\u00f6chten. Diese bequeme Funktion stellt sicher, dass <strong>Sie nie vergessen, Ihre Scheine zu \u00fcberpr\u00fcfen<\/strong>, unabh\u00e4ngig davon, wann die Ziehung stattgefunden hat.<\/p>\n<h2>Wie Nutzt Man Archivierte Powerball-Ziehungsergebnisse?<\/h2>\n<p>Die LottoMat-Website bietet Ihnen auch <strong>archivierte Powerball-Ziehungsergebnisse<\/strong>. Wenn Sie diese nachschlagen m\u00f6chten, m\u00fcssen Sie nur unseren Ergebniskalender verwenden. Sie finden ihn auf der rechten Seite der aktuell gezogenen Zahlen. Nach dem Erweitern der Liste k\u00f6nnen Sie fr\u00fchere Ziehungen nachschlagen, die bis zu <strong>zw\u00f6lf Monate<\/strong> zur\u00fcckreichen.<\/p>\n<h3><img loading=\"lazy\" decoding=\"async\" class=\"alignleft wp-image-252324\" src=\"https:\/\/lottomat.com\/wp-content\/uploads\/2025\/10\/Powerball-Draw-300x300.webp\" alt=\"Powerball-Ziehung\" width=\"200\" height=\"200\" srcset=\"https:\/\/lottomat.com\/wp-content\/uploads\/2025\/10\/Powerball-Draw-300x300.webp 300w, https:\/\/lottomat.com\/wp-content\/uploads\/2025\/10\/Powerball-Draw-150x150.webp 150w, https:\/\/lottomat.com\/wp-content\/uploads\/2025\/10\/Powerball-Draw-100x100.webp 100w, https:\/\/lottomat.com\/wp-content\/uploads\/2025\/10\/Powerball-Draw.webp 400w\" sizes=\"auto, (max-width: 200px) 100vw, 200px\" \/>Was Sind die Vorteile der Nutzung Archivierter Powerball-Ergebnisse?<\/h3>\n<p>Wof\u00fcr brauchen Sie die archivierten Lottoziehungsergebnisse? F\u00fcr einige Dinge, tats\u00e4chlich. Zum einen k\u00f6nnen sie Ihnen helfen, <strong>Ihre eigene Strategie f\u00fcr die Auswahl von Zahlen zu erstellen<\/strong>, wenn Sie erneut Scheine ausf\u00fcllen, sodass Ihre sp\u00e4teren Spiele sehr erfolgreich sein k\u00f6nnen. Sie k\u00f6nnen auch <a href=\"https:\/\/lottomat.com\/de\/ergebnisse\/\">archivierte Lotterie-Ergebnisse verwenden<\/a>, um nachzuschlagen, welche Zahlen k\u00fcrzlich am h\u00e4ufigsten gezogen wurden, welche seit Wochen nicht aufgetaucht sind, und Sie werden sehen, wie wichtig es ist, vielf\u00e4ltige Zahlen aus verschiedenen Bereichen zu w\u00e4hlen. Es ist seit langem bekannt, dass man sich beim Ausf\u00fcllen von Scheinen in keiner Weise beschr\u00e4nken sollte. Jede Zahl im verf\u00fcgbaren Pool ist wichtig, dennoch definieren viele Spieler f\u00fcr sich selbst einen festen Satz von Zahlen basierend auf Geburtstagen, wie dem Monat oder Tag der Geburt, was den verwendeten Pool wirklich einschr\u00e4nkt und gleichzeitig die Gewinnchancen bei der Powerball-Lotterie senkt. Archivierte Ziehungsergebnisse enthalten auch Informationen \u00fcber die neuesten \u00dcbertragsjackpots, den Wert der Preise und die Anzahl der Gewinner, die den Powerball-Jackpot geknackt haben.<\/p>\n<h2>Was Sind die Am H\u00e4ufigsten Gezogenen Zahlen bei Powerball?<\/h2>\n<p>Auf der LottoMat-Website finden Sie alle wichtigen Informationen zu Lotterien. Es sind nicht nur die Ergebnisse, sondern auch eine Liste der Powerball-Regeln und interessante Informationen, Nutzungsbedingungen und eine gro\u00dfe Portion Tipps, die es einfacher machen, bei Lotterien zu gewinnen. Wir haben einen <strong>gro\u00dfen und interessanten Spickzettel<\/strong> f\u00fcr Sie vorbereitet, in dem wir angeben, welche Zahlen bei Powerball am h\u00e4ufigsten gezogen wurden und welche am seltensten. Es wird Ihnen helfen, die Auswahl der Zahlen auf neuen Scheinen zu planen, denn Statistiken zeigen deutlich, welche Zahlen tendenziell h\u00e4ufiger als andere gezogen werden. Nutzen Sie sie und denken Sie daran, die Powerball-Zahl wird aus einem separaten Zahlenbereich gezogen, sodass dieselbe Zahl sowohl unter den Hauptzahlen als auch auf dem Bonus-Powerball gezogen werden kann. Sie m\u00fcssen nicht mehr nach alten Ergebnissen suchen und sie aufschreiben, Sie haben alles auf dem Silbertablett serviert. Die <strong>am h\u00e4ufigsten gezogenen Zahlen in der Powerball-Lotterie sind: 8, 26, 22, 23 und 36<\/strong>. Erstellen Sie Ihre eigene Strategie, indem Sie die Zahlen w\u00e4hlen, die Sie ansprechen, aber nutzen Sie auch die, die wir vorschlagen, denn <strong>Statistiken l\u00fcgen nie<\/strong>.<\/p>\n<h2>Was Sind die Am Seltensten Gezogenen Powerball-Gewinnzahlen?<img loading=\"lazy\" decoding=\"async\" class=\"alignright wp-image-252384\" src=\"https:\/\/lottomat.com\/wp-content\/uploads\/2025\/10\/Powerball-Results-300x300.webp\" alt=\"Powerball-Ergebnisse\" width=\"200\" height=\"200\" srcset=\"https:\/\/lottomat.com\/wp-content\/uploads\/2025\/10\/Powerball-Results-300x300.webp 300w, https:\/\/lottomat.com\/wp-content\/uploads\/2025\/10\/Powerball-Results-150x150.webp 150w, https:\/\/lottomat.com\/wp-content\/uploads\/2025\/10\/Powerball-Results-100x100.webp 100w, https:\/\/lottomat.com\/wp-content\/uploads\/2025\/10\/Powerball-Results.webp 400w\" sizes=\"auto, (max-width: 200px) 100vw, 200px\" \/><\/h2>\n<p>Zu verstehen, welche Zahlen bei Powerball-Ziehungen seltener erscheinen, kann genauso wertvoll sein wie die am h\u00e4ufigsten gezogenen zu kennen. Statistische Analysen zeigen, dass bestimmte Zahlen in vergangenen Ziehungen <strong>durchweg unterrepr\u00e4sentiert waren<\/strong>. Die am seltensten gezogenen Zahlen umfassen 15, 51, 37, 47, 12, 4 und 24. Einige Spieler glauben, dass diese &#8222;kalten&#8220; Zahlen f\u00fcr ein Comeback f\u00e4llig sind und integrieren sie in ihre Zahlenauswahlstrategie. W\u00e4hrend vergangene Ergebnisse keine zuk\u00fcnftigen Ergebnisse garantieren, kann die Analyse dieser Muster Ihnen helfen, fundiertere Entscheidungen zu treffen, wenn Sie Ihre Powerball-Zahlen f\u00fcr bevorstehende Ziehungen w\u00e4hlen.<\/p>\n<h2>Wie Viele Spieler Haben Gewonnen und Wie Viel bei der Letzten Powerball-Ziehung?<\/h2>\n<p>Jede Powerball-Ziehung schafft <strong>Tausende von Gewinnern \u00fcber alle Preisstufen hinweg<\/strong>, was sie zu einer der lohnendsten Lotterien weltweit macht. Die Preisverteilung umfasst typischerweise einen Jackpot-Gewinner oder mehrere Gewinner, die den Hauptpreis teilen, mehrere Million\u00e4re, die f\u00fcnf Hauptzahlen getroffen haben, und Hunderttausende von kleineren Preisgewinnern. Preisbetr\u00e4ge variieren je nach Anzahl der Gewinner in jeder Kategorie und den gesamten Scheinverk\u00e4ufen f\u00fcr diese Ziehung. Sie k\u00f6nnen <strong>detaillierte Aufschl\u00fcsselungen der Gewinnerzahlen und Preisbetr\u00e4ge<\/strong> f\u00fcr jede Stufe unmittelbar nach jeder Ziehung auf der LottoMat-Website finden. Diese Informationen helfen Ihnen, die Gewinnchancen und potenziellen Ertr\u00e4ge f\u00fcr verschiedene Gewinnkombinationen zu verstehen. Wenn Sie mehr \u00fcber die Preise f\u00fcr die bevorstehende Ziehung wissen m\u00f6chten, <a href=\"https:\/\/lottomat.com\/de\/lotterie\/powerball\/\">lesen Sie \u00fcber Powerball-Preise und Jackpot<\/a>.<\/p>\n<h2><img loading=\"lazy\" decoding=\"async\" class=\"alignleft wp-image-252414\" src=\"https:\/\/lottomat.com\/wp-content\/uploads\/2025\/10\/Powerball-Winning-Numbers-300x300.webp\" alt=\"Powerball-Gewinnzahlen\" width=\"200\" height=\"200\" srcset=\"https:\/\/lottomat.com\/wp-content\/uploads\/2025\/10\/Powerball-Winning-Numbers-300x300.webp 300w, https:\/\/lottomat.com\/wp-content\/uploads\/2025\/10\/Powerball-Winning-Numbers-150x150.webp 150w, https:\/\/lottomat.com\/wp-content\/uploads\/2025\/10\/Powerball-Winning-Numbers-100x100.webp 100w, https:\/\/lottomat.com\/wp-content\/uploads\/2025\/10\/Powerball-Winning-Numbers.webp 400w\" sizes=\"auto, (max-width: 200px) 100vw, 200px\" \/><\/h2>\n<h2>Wie Sagt Man Powerball-Ergebnisse und Gewinnzahlen Vorher?<\/h2>\n<p>W\u00e4hrend Powerball ein Gl\u00fccksspiel ist und <strong>keine Methode gewinnende Zahlen garantieren kann<\/strong>, verwenden viele Spieler verschiedene Strategien, um ihren Auswahlprozess zu verbessern. Einige analysieren H\u00e4ufigkeitsdiagramme, um hei\u00dfe und kalte Zahlen zu identifizieren, w\u00e4hrend andere mathematische Systeme wie Wheeling oder Delta-Zahlen-Analyse verwenden. Zufallszahlengeneratoren k\u00f6nnen helfen, menschliche Voreingenommenheit bei der Zahlenauswahl zu eliminieren. Denken Sie daran, dass jede Ziehung unabh\u00e4ngig ist und jede Zahlenkombination die gleiche Chance hat, gezogen zu werden. Der Schl\u00fcssel ist, <strong>konsequent mit Zahlen zu spielen, bei denen Sie sich sicher f\u00fchlen<\/strong>, ob sie auf statistischer Analyse, pers\u00f6nlicher Bedeutung oder reiner Intuition basieren. Am wichtigsten ist, spielen Sie immer verantwortungsvoll innerhalb Ihrer Budgetgrenzen. Jetzt wissen Sie, ob es m\u00f6glich ist, Powerball-Ergebnisse vorherzusagen. Eins ist sicher &#8211; um zu gewinnen, m\u00fcssen Sie spielen. Also <a href=\"https:\/\/lottomat.com\/de\/spielen\/\">kaufen Sie einen Schein f\u00fcr eine beliebige Lotterie<\/a> und warten Sie auf die Ergebnisse, die Sie gl\u00fccklich machen werden.<\/p>\n","protected":false},"excerpt":{"rendered":"<p>Nach dem Kauf der Scheine und der Auswahl der f\u00fcnf Hauptzahlen und einer Bonus-Powerball-Zahl auf ihnen bleibt Ihnen nur noch, geduldig auf die Ziehungsergebnisse zu warten, die blitzschnell auf der LottoMat-Website erscheinen werden. Jede Information, die wir \u00fcber die gezogenen Zahlen ver\u00f6ffentlichen, stammt direkt vom Ziehungsveranstalter, sodass Sie sicher sein k\u00f6nnen, dass die Powerball-Ergebnisse zu [&hellip;]<\/p>\n","protected":false},"author":1,"featured_media":0,"parent":7413,"menu_order":1,"comment_status":"closed","ping_status":"closed","template":"powerball-usa-results.php","meta":{"_et_pb_use_builder":"","_et_pb_old_content":"","_et_gb_content_width":"","exclude_from_search":false,"footnotes":""},"class_list":["post-237770","page","type-page","status-publish","hentry"],"yoast_head":"<!-- This site is optimized with the Yoast SEO plugin v23.8 - https:\/\/yoast.com\/wordpress\/plugins\/seo\/ -->\n<title>Powerball-Ergebnisse &amp; Gewinnzahlen \u2013 LottoMat<\/title>\n<meta name=\"description\" content=\"\u00dcberpr\u00fcfen Sie die neuesten Powerball-Ergebnisse und Gewinnzahlen bei LottoMat. Vergleichen Sie Ihre Zahlen mit den offiziellen Ziehungsergebnissen, um zu sehen, ob Sie gewonnen haben!\" \/>\n<meta name=\"robots\" content=\"index, follow, max-snippet:-1, max-image-preview:large, max-video-preview:-1\" \/>\n<link rel=\"canonical\" href=\"https:\/\/lottomat.com\/de\/ergebnisse\/powerball\/\" \/>\n<meta property=\"og:locale\" content=\"de_DE\" \/>\n<meta property=\"og:type\" content=\"article\" \/>\n<meta property=\"og:title\" content=\"Powerball-Ergebnisse &amp; Gewinnzahlen \u2013 LottoMat\" \/>\n<meta property=\"og:description\" content=\"\u00dcberpr\u00fcfen Sie die neuesten Powerball-Ergebnisse und Gewinnzahlen bei LottoMat. Vergleichen Sie Ihre Zahlen mit den offiziellen Ziehungsergebnissen, um zu sehen, ob Sie gewonnen haben!\" \/>\n<meta property=\"og:url\" content=\"https:\/\/lottomat.com\/de\/ergebnisse\/powerball\/\" \/>\n<meta property=\"og:site_name\" content=\"Lottomat\" \/>\n<meta property=\"article:modified_time\" content=\"2026-02-01T15:01:17+00:00\" \/>\n<meta property=\"og:image\" content=\"https:\/\/lottomat.com\/wp-content\/uploads\/2025\/10\/jackpot-and-prizes-300x300.webp\" \/>\n<meta name=\"twitter:card\" content=\"summary_large_image\" \/>\n<script type=\"application\/ld+json\" class=\"yoast-schema-graph\">{\"@context\":\"https:\/\/schema.org\",\"@graph\":[{\"@type\":\"WebPage\",\"@id\":\"https:\/\/lottomat.com\/de\/ergebnisse\/powerball\/\",\"url\":\"https:\/\/lottomat.com\/de\/ergebnisse\/powerball\/\",\"name\":\"Powerball-Ergebnisse & Gewinnzahlen \u2013 LottoMat\",\"isPartOf\":{\"@id\":\"https:\/\/lottomat.com\/de\/#website\"},\"primaryImageOfPage\":{\"@id\":\"https:\/\/lottomat.com\/de\/ergebnisse\/powerball\/#primaryimage\"},\"image\":{\"@id\":\"https:\/\/lottomat.com\/de\/ergebnisse\/powerball\/#primaryimage\"},\"thumbnailUrl\":\"https:\/\/lottomat.com\/wp-content\/uploads\/2025\/10\/jackpot-and-prizes-300x300.webp\",\"datePublished\":\"2025-04-07T19:23:03+00:00\",\"dateModified\":\"2026-02-01T15:01:17+00:00\",\"description\":\"\u00dcberpr\u00fcfen Sie die neuesten Powerball-Ergebnisse und Gewinnzahlen bei LottoMat. Vergleichen Sie Ihre Zahlen mit den offiziellen Ziehungsergebnissen, um zu sehen, ob Sie gewonnen haben!\",\"breadcrumb\":{\"@id\":\"https:\/\/lottomat.com\/de\/ergebnisse\/powerball\/#breadcrumb\"},\"inLanguage\":\"de\",\"potentialAction\":[{\"@type\":\"ReadAction\",\"target\":[\"https:\/\/lottomat.com\/de\/ergebnisse\/powerball\/\"]}]},{\"@type\":\"ImageObject\",\"inLanguage\":\"de\",\"@id\":\"https:\/\/lottomat.com\/de\/ergebnisse\/powerball\/#primaryimage\",\"url\":\"https:\/\/lottomat.com\/wp-content\/uploads\/2025\/10\/jackpot-and-prizes-300x300.webp\",\"contentUrl\":\"https:\/\/lottomat.com\/wp-content\/uploads\/2025\/10\/jackpot-and-prizes-300x300.webp\"},{\"@type\":\"BreadcrumbList\",\"@id\":\"https:\/\/lottomat.com\/de\/ergebnisse\/powerball\/#breadcrumb\",\"itemListElement\":[{\"@type\":\"ListItem\",\"position\":1,\"name\":\"Home\",\"item\":\"https:\/\/lottomat.com\/de\/\"},{\"@type\":\"ListItem\",\"position\":2,\"name\":\"Die Neuesten Lotterie-Ergebnisse &#038; Gewinnzahlen\",\"item\":\"https:\/\/lottomat.com\/de\/ergebnisse\/\"},{\"@type\":\"ListItem\",\"position\":3,\"name\":\"Powerball-Ergebnisse &#038; Gewinnzahlen\"}]},{\"@type\":\"WebSite\",\"@id\":\"https:\/\/lottomat.com\/de\/#website\",\"url\":\"https:\/\/lottomat.com\/de\/\",\"name\":\"Lottomat\",\"description\":\"\",\"potentialAction\":[{\"@type\":\"SearchAction\",\"target\":{\"@type\":\"EntryPoint\",\"urlTemplate\":\"https:\/\/lottomat.com\/de\/?s={search_term_string}\"},\"query-input\":{\"@type\":\"PropertyValueSpecification\",\"valueRequired\":true,\"valueName\":\"search_term_string\"}}],\"inLanguage\":\"de\"}]}<\/script>\n<!-- \/ Yoast SEO plugin. -->","yoast_head_json":{"title":"Powerball-Ergebnisse & Gewinnzahlen \u2013 LottoMat","description":"\u00dcberpr\u00fcfen Sie die neuesten Powerball-Ergebnisse und Gewinnzahlen bei LottoMat. Vergleichen Sie Ihre Zahlen mit den offiziellen Ziehungsergebnissen, um zu sehen, ob Sie gewonnen haben!","robots":{"index":"index","follow":"follow","max-snippet":"max-snippet:-1","max-image-preview":"max-image-preview:large","max-video-preview":"max-video-preview:-1"},"canonical":"https:\/\/lottomat.com\/de\/ergebnisse\/powerball\/","og_locale":"de_DE","og_type":"article","og_title":"Powerball-Ergebnisse & Gewinnzahlen \u2013 LottoMat","og_description":"\u00dcberpr\u00fcfen Sie die neuesten Powerball-Ergebnisse und Gewinnzahlen bei LottoMat. Vergleichen Sie Ihre Zahlen mit den offiziellen Ziehungsergebnissen, um zu sehen, ob Sie gewonnen haben!","og_url":"https:\/\/lottomat.com\/de\/ergebnisse\/powerball\/","og_site_name":"Lottomat","article_modified_time":"2026-02-01T15:01:17+00:00","og_image":[{"url":"https:\/\/lottomat.com\/wp-content\/uploads\/2025\/10\/jackpot-and-prizes-300x300.webp"}],"twitter_card":"summary_large_image","schema":{"@context":"https:\/\/schema.org","@graph":[{"@type":"WebPage","@id":"https:\/\/lottomat.com\/de\/ergebnisse\/powerball\/","url":"https:\/\/lottomat.com\/de\/ergebnisse\/powerball\/","name":"Powerball-Ergebnisse & Gewinnzahlen \u2013 LottoMat","isPartOf":{"@id":"https:\/\/lottomat.com\/de\/#website"},"primaryImageOfPage":{"@id":"https:\/\/lottomat.com\/de\/ergebnisse\/powerball\/#primaryimage"},"image":{"@id":"https:\/\/lottomat.com\/de\/ergebnisse\/powerball\/#primaryimage"},"thumbnailUrl":"https:\/\/lottomat.com\/wp-content\/uploads\/2025\/10\/jackpot-and-prizes-300x300.webp","datePublished":"2025-04-07T19:23:03+00:00","dateModified":"2026-02-01T15:01:17+00:00","description":"\u00dcberpr\u00fcfen Sie die neuesten Powerball-Ergebnisse und Gewinnzahlen bei LottoMat. Vergleichen Sie Ihre Zahlen mit den offiziellen Ziehungsergebnissen, um zu sehen, ob Sie gewonnen haben!","breadcrumb":{"@id":"https:\/\/lottomat.com\/de\/ergebnisse\/powerball\/#breadcrumb"},"inLanguage":"de","potentialAction":[{"@type":"ReadAction","target":["https:\/\/lottomat.com\/de\/ergebnisse\/powerball\/"]}]},{"@type":"ImageObject","inLanguage":"de","@id":"https:\/\/lottomat.com\/de\/ergebnisse\/powerball\/#primaryimage","url":"https:\/\/lottomat.com\/wp-content\/uploads\/2025\/10\/jackpot-and-prizes-300x300.webp","contentUrl":"https:\/\/lottomat.com\/wp-content\/uploads\/2025\/10\/jackpot-and-prizes-300x300.webp"},{"@type":"BreadcrumbList","@id":"https:\/\/lottomat.com\/de\/ergebnisse\/powerball\/#breadcrumb","itemListElement":[{"@type":"ListItem","position":1,"name":"Home","item":"https:\/\/lottomat.com\/de\/"},{"@type":"ListItem","position":2,"name":"Die Neuesten Lotterie-Ergebnisse &#038; Gewinnzahlen","item":"https:\/\/lottomat.com\/de\/ergebnisse\/"},{"@type":"ListItem","position":3,"name":"Powerball-Ergebnisse &#038; Gewinnzahlen"}]},{"@type":"WebSite","@id":"https:\/\/lottomat.com\/de\/#website","url":"https:\/\/lottomat.com\/de\/","name":"Lottomat","description":"","potentialAction":[{"@type":"SearchAction","target":{"@type":"EntryPoint","urlTemplate":"https:\/\/lottomat.com\/de\/?s={search_term_string}"},"query-input":{"@type":"PropertyValueSpecification","valueRequired":true,"valueName":"search_term_string"}}],"inLanguage":"de"}]}},"_links":{"self":[{"href":"https:\/\/lottomat.com\/de\/wp-json\/wp\/v2\/pages\/237770","targetHints":{"allow":["GET"]}}],"collection":[{"href":"https:\/\/lottomat.com\/de\/wp-json\/wp\/v2\/pages"}],"about":[{"href":"https:\/\/lottomat.com\/de\/wp-json\/wp\/v2\/types\/page"}],"author":[{"embeddable":true,"href":"https:\/\/lottomat.com\/de\/wp-json\/wp\/v2\/users\/1"}],"replies":[{"embeddable":true,"href":"https:\/\/lottomat.com\/de\/wp-json\/wp\/v2\/comments?post=237770"}],"version-history":[{"count":2,"href":"https:\/\/lottomat.com\/de\/wp-json\/wp\/v2\/pages\/237770\/revisions"}],"predecessor-version":[{"id":270015,"href":"https:\/\/lottomat.com\/de\/wp-json\/wp\/v2\/pages\/237770\/revisions\/270015"}],"up":[{"embeddable":true,"href":"https:\/\/lottomat.com\/de\/wp-json\/wp\/v2\/pages\/7413"}],"wp:attachment":[{"href":"https:\/\/lottomat.com\/de\/wp-json\/wp\/v2\/media?parent=237770"}],"curies":[{"name":"wp","href":"https:\/\/api.w.org\/{rel}","templated":true}]}}