{"id":236833,"date":"2025-04-07T13:15:40","date_gmt":"2025-04-07T13:15:40","guid":{"rendered":"https:\/\/lottomat.net\/superenalotto-informationen\/"},"modified":"2025-04-13T10:25:50","modified_gmt":"2025-04-13T10:25:50","slug":"superenalotto","status":"publish","type":"page","link":"https:\/\/lottomat.com\/de\/lotterie\/superenalotto\/","title":{"rendered":"SuperEnalotto-Informationen"},"content":{"rendered":"\n\n<div class=\"kk-star-ratings kksr-auto kksr-align-left kksr-valign-top\"\n    data-payload='{&quot;align&quot;:&quot;left&quot;,&quot;id&quot;:&quot;236833&quot;,&quot;slug&quot;:&quot;default&quot;,&quot;valign&quot;:&quot;top&quot;,&quot;ignore&quot;:&quot;&quot;,&quot;reference&quot;:&quot;auto&quot;,&quot;class&quot;:&quot;&quot;,&quot;count&quot;:&quot;0&quot;,&quot;legendonly&quot;:&quot;&quot;,&quot;readonly&quot;:&quot;&quot;,&quot;score&quot;:&quot;0&quot;,&quot;starsonly&quot;:&quot;&quot;,&quot;best&quot;:&quot;5&quot;,&quot;gap&quot;:&quot;5&quot;,&quot;greet&quot;:&quot;Rate this page&quot;,&quot;legend&quot;:&quot;0\\\/5 - (0 votes)&quot;,&quot;size&quot;:&quot;30&quot;,&quot;title&quot;:&quot;SuperEnalotto-Informationen&quot;,&quot;width&quot;:&quot;0&quot;,&quot;_legend&quot;:&quot;{score}\\\/{best} - ({count} {votes})&quot;,&quot;font_factor&quot;:&quot;1.25&quot;}'>\n            \n<div class=\"kksr-stars\">\n    \n<div class=\"kksr-stars-inactive\">\n            <div class=\"kksr-star\" data-star=\"1\" style=\"padding-right: 5px\">\n            \n\n<div class=\"kksr-icon\" style=\"width: 30px; height: 30px;\"><\/div>\n        <\/div>\n            <div class=\"kksr-star\" data-star=\"2\" style=\"padding-right: 5px\">\n            \n\n<div class=\"kksr-icon\" style=\"width: 30px; height: 30px;\"><\/div>\n        <\/div>\n            <div class=\"kksr-star\" data-star=\"3\" style=\"padding-right: 5px\">\n            \n\n<div class=\"kksr-icon\" style=\"width: 30px; height: 30px;\"><\/div>\n        <\/div>\n            <div class=\"kksr-star\" data-star=\"4\" style=\"padding-right: 5px\">\n            \n\n<div class=\"kksr-icon\" style=\"width: 30px; height: 30px;\"><\/div>\n        <\/div>\n            <div class=\"kksr-star\" data-star=\"5\" style=\"padding-right: 5px\">\n            \n\n<div class=\"kksr-icon\" style=\"width: 30px; height: 30px;\"><\/div>\n        <\/div>\n    <\/div>\n    \n<div class=\"kksr-stars-active\" style=\"width: 0px;\">\n            <div class=\"kksr-star\" style=\"padding-right: 5px\">\n            \n\n<div class=\"kksr-icon\" style=\"width: 30px; height: 30px;\"><\/div>\n        <\/div>\n            <div class=\"kksr-star\" style=\"padding-right: 5px\">\n            \n\n<div class=\"kksr-icon\" style=\"width: 30px; height: 30px;\"><\/div>\n        <\/div>\n            <div class=\"kksr-star\" style=\"padding-right: 5px\">\n            \n\n<div class=\"kksr-icon\" style=\"width: 30px; height: 30px;\"><\/div>\n        <\/div>\n            <div class=\"kksr-star\" style=\"padding-right: 5px\">\n            \n\n<div class=\"kksr-icon\" style=\"width: 30px; height: 30px;\"><\/div>\n        <\/div>\n            <div class=\"kksr-star\" style=\"padding-right: 5px\">\n            \n\n<div class=\"kksr-icon\" style=\"width: 30px; height: 30px;\"><\/div>\n        <\/div>\n    <\/div>\n<\/div>\n                \n\n<div class=\"kksr-legend\" style=\"font-size: 24px;\">\n            <span class=\"kksr-muted\">Rate this page<\/span>\n    <\/div>\n    <\/div>\n<h2 data-pm-slice=\"0 0 []\"><img loading=\"lazy\" decoding=\"async\" class=\"alignleft wp-image-73465\" src=\"https:\/\/lottomat.com\/wp-content\/uploads\/sites\/3\/All-you-need-to-know-about-Superenalotto.png\" alt=\"Alles, was Sie \u00fcber Superenalotto wissen m\u00fcssen\" width=\"130\" height=\"130\">M\u00f6chten Sie bei SuperEnalotto gewinnen?<\/h2>\n<p>SuperEnalotto ist eine sehr beliebte italienische Zahlenlotterie, die bereits in den 1950er Jahren auf der italienischen Halbinsel ins Leben gerufen wurde. Zun\u00e4chst hie\u00df sie Enalotto. Der aktuelle Name wird seit 1997 verwendet. SuperEnalotto hat nicht nur die Italiener, sondern ganz Europa in seinen Bann gezogen, und das liegt an den wirklich beeindruckenden Gewinnsummen, die es zu gewinnen gibt. Ganz zu schweigen davon, dass SuperEnalotto die h\u00f6chsten Rollover-Jackpots der Welt vorweisen kann.    <\/p>\n<p>Die italienischen Lottoziehungen finden dreimal pro Woche statt, dienstags, donnerstags und samstags um 20:00 Uhr Ortszeit. Die Ergebnisse der SuperEnalotto-Ziehungen und die Gewinnzahlen finden Sie direkt nach der Ziehung auf unserer Website, und sie stammen nat\u00fcrlich aus einer zuverl\u00e4ssigen Quelle; wir erhalten sie direkt vom Veranstalter. <\/p>\n<p>Einfache Regeln, die M\u00f6glichkeit, SuperEnalotto dank der LottoMat-Website im Internet zu spielen, und hohe SuperEnalotto-Geldpreise \u2013 all das macht SuperEnalotto bei den Spielern so beliebt.<\/p>\n<p>Nachfolgend finden Sie eine kurze Anleitung zu SuperEnalotto und seinem Ph\u00e4nomen, das nicht nur bei italienischen Spielern beliebt ist.<\/p>\n<h2><img loading=\"lazy\" decoding=\"async\" class=\"alignleft wp-image-73521\" src=\"https:\/\/lottomat.com\/wp-content\/uploads\/sites\/3\/rules-of-SuperEnalotto.png\" alt=\"Regeln von SuperEnalotto\" width=\"130\" height=\"130\">Welche Regeln gelten bei SuperEnalotto? Wie funktioniert SuperEnalotto? <\/h2>\n<p>Wie bereits erw\u00e4hnt, handelt es sich um eine Zahlenlotterie, und die Regeln von SuperEnalotto sind leicht zu verstehen.<\/p>\n<p>Die Aufgabe jedes Spielers besteht darin, sechs Zahlen aus einem Pool von 1 bis 90 und eine einzelne Zahl aus dem Bereich von 1 bis 20 auszuw\u00e4hlen. Das bedeutet, dass man f\u00fcr den Gewinn des Hauptpreises sieben Zahlen richtig w\u00e4hlen muss, und dann geh\u00f6rt der Gewinn uns. <\/p>\n<p>Bei SuperEnalotto kann man gegen Aufpreis auch den sogenannten SuperStar spielen, bei dem ebenfalls Zahlen aus einem Pool von 1 bis 90 ausgew\u00e4hlt werden. Wenn man die SuperStar-Zahl trifft, erh\u00f6ht sich der Wert des Gewinns, der sogar hundertmal h\u00f6her ausfallen kann! <\/p>\n<p>Bei der italienischen Lotterie wird auch eine Zahl namens Jolly gezogen, aber diese Option steht nur Spielern in Italien zur Verf\u00fcgung.<\/p>\n<h2><img loading=\"lazy\" decoding=\"async\" class=\"alignleft wp-image-73577\" src=\"https:\/\/lottomat.com\/wp-content\/uploads\/sites\/3\/How-much-can-be-won.png\" alt=\"Wie viel kann man gewinnen?\" width=\"130\" height=\"130\">Wie hoch ist das Risiko?<\/h2>\n<p>Die Gewinnchancen liegen bei 1:20, was sie wirklich hoch macht. Die niedrigsten Betr\u00e4ge f\u00fcr das Erraten von vier Zahlen liegen bei etwa 25 Euro. Zumindest ist es gut, dass der Preis des Loses zur\u00fcckerstattet wird und noch etwas Geld \u00fcbrig bleibt, um auf ein weiteres oder sogar ein paar weitere zu setzen.  <\/p>\n<p>Aber was uns nat\u00fcrlich interessiert, ist die Wahrscheinlichkeit, den Hauptpreis zu gewinnen, die bei 1:600 Millionen liegt. Man kann nicht leugnen, dass das Risiko hoch ist, oder vielleicht w\u00e4re \u201eenorm\u201c ein besseres Wort. Warum geben die Spieler nicht auf, wenn die Chancen so gering sind? Der Grund ist einfach. Die Rollover-Jackpots bei SuperEnalotto erreichen, obwohl sie selten sind, so schockierende Summen, dass sich das Spiel jedes Risiko lohnt, selbst dieses gro\u00dfe. Vor allem h\u00e4ngt hier viel von der Taktik und dem Temperament jedes Spielers ab. Es gibt diejenigen, die auf Nummer sicher gehen und Spiele mit einer h\u00f6heren Gewinnwahrscheinlichkeit, aber niedrigeren Gewinnen w\u00e4hlen, wie zum Beispiel das polnische Lotto. Andere Spieler glauben an das Motto \u201eWenn du schon stehlen musst, dann stiehl Millionen\u201c und w\u00e4hlen nur Zahlen bei Lotterien, die ihnen viele Millionen einbringen k\u00f6nnten. Es h\u00e4ngt alles von der gew\u00e4hlten Taktik und der Spielfreude ab.        <\/p>\n<h2><img loading=\"lazy\" decoding=\"async\" class=\"alignleft wp-image-73605\" src=\"https:\/\/lottomat.com\/wp-content\/uploads\/sites\/3\/Rollovers-in-SuperEnalotto.png\" alt=\"Rollover bei SuperEnalotto\" width=\"130\" height=\"130\">SuperEnalotto-Gewinne: Wie viel kann man gewinnen?<\/h2>\n<p>Der garantierte Pool der Gewinne der ersten Stufe betr\u00e4gt ganze 1.300.000 Euro; wenn der Spieler auch die SuperStar-Option gew\u00e4hlt und die richtigen Zahlen getippt hat, erh\u00f6ht sich der Gewinn um 2.000.000 Euro.<\/p>\n<h2><img loading=\"lazy\" decoding=\"async\" class=\"alignleft wp-image-73633\" src=\"https:\/\/lottomat.com\/wp-content\/uploads\/sites\/3\/record-winning.png\" alt=\"Rekordgewinne\" width=\"130\" height=\"130\">Wie sehen Rollovers aus?<\/h2>\n<p>Rollovers bei SuperEnalotto sind leider selten, aber zumindest gibt es keine Obergrenze. Was bedeutet das? Wenn mehrmals hintereinander niemand den Jackpot gewinnt, erh\u00f6ht sich der Preispool sukzessive und der Jackpotbetrag w\u00e4chst buchst\u00e4blich vor Ihren Augen! Je l\u00e4nger es kein Gewinnlos gibt, desto gr\u00f6\u00dfer ist die Spannung und die Emotionen unter den Spielern. Bei solch hohen Rollover-Jackpots spielt nicht nur die Mehrheit der Italiener mit, sondern die halbe Welt. Selbst diejenigen, die Gl\u00fccksspielen normalerweise skeptisch gegen\u00fcberstehen, senden Tickets, wenn es einen Rollover-Jackpot gibt. Schlie\u00dflich sind mehrere hundert Millionen Euro eine Menge Geld, und um sie zu gewinnen, braucht man nur ein einziges 3-Euro-Ticket \u2013 man wei\u00df ja nie.      <\/p>\n<h2>Was war der Rekordgewinn bei SuperEnalotto?<\/h2>\n<p>Der h\u00f6chste SuperEnalotto-Jackpot war eine unvorstellbare Summe \u2013 ganze 170 Millionen Euro! Wer war der Gl\u00fcckliche? Ganze 70 Personen, die zusammengearbeitet haben. Sie haben eine gro\u00dfe Anzahl von Losen zusammengelegt und es geschafft, den Hauptpreis zu gewinnen. Nat\u00fcrlich klingen \u00fcber 2 Millionen Euro pro Person nicht ganz so beeindruckend, aber wenn es diese Gruppe nicht gegeben h\u00e4tte, w\u00e4re vielleicht gar nichts gewonnen worden. Was sich definitiv gelohnt hat. Auf der LottoMat-Website finden Sie verschiedene n\u00fctzliche Informationen zu den Gewinnen und k\u00f6nnen die archivierten SuperEnalotto-Lottoergebnisse und Gewinnzahlen abrufen.      <\/p>\n<h2><img loading=\"lazy\" decoding=\"async\" class=\"alignleft wp-image-73689\" src=\"https:\/\/lottomat.com\/wp-content\/uploads\/sites\/3\/How-to-play-SuperEnalotto.png\" alt=\"Wie man SuperEnalotto spielt\" width=\"130\" height=\"130\">Wer kann SuperEnalotto spielen und SuperEnalotto-Preise gewinnen?<\/h2>\n<p>Heutzutage kann jeder Erwachsene spielen. Bis vor kurzem war dies nur f\u00fcr diejenigen m\u00f6glich, die sich in Italien aufhielten und station\u00e4re Lotterieb\u00fcros besuchen konnten. Gl\u00fccklicherweise kann heute dank des Internets und der Lottomat-Website jeder das italienische Lotto spielen, unabh\u00e4ngig vom Wohnort oder der Staatsb\u00fcrgerschaft. Sie k\u00f6nnen dies zu jeder Tages- und Nachtzeit, von jedem Ort der Welt aus und ohne in der Schlange zu stehen.   <\/p>\n<h2><img loading=\"lazy\" decoding=\"async\" class=\"alignleft wp-image-73745\" src=\"https:\/\/lottomat.com\/wp-content\/uploads\/sites\/3\/SuperEnalotto-drawings.png\" alt=\"SuperEnalotto-Ziehungen\" width=\"130\" height=\"130\">Wie spielt man SuperEnalotto im Internet?<\/h2>\n<p>Sie m\u00fcssen sich auf unserer Website registrieren, um ein Spielerkonto zu er\u00f6ffnen. Und das gen\u00fcgt, um mit dem Spielen zu beginnen. Sie k\u00f6nnen Lottoscheine auf verschiedene Arten online ausf\u00fcllen:  <\/p>\n<ul class=\"custom-disc\">\n<li>zuf\u00e4llig<\/li>\n<\/ul>\n<ul class=\"custom-disc\">\n<li>pers\u00f6nlich ausf\u00fcllen,<\/li>\n<\/ul>\n<ul class=\"custom-disc\">\n<li>Das Systemspiel, bei dem mehr als 6 Zahlen ausgew\u00e4hlt werden, und dann generiert das System alle verf\u00fcgbaren Kombinationen.<\/li>\n<\/ul>\n<h2>Wann finden die SuperEnalotto-Ziehungen statt?<\/h2>\n<p>Sie haben jede Woche drei einzigartige Gelegenheiten, Million\u00e4r oder sogar Multimillion\u00e4r zu werden. SuperEnalotto-Ziehungen finden dienstags, donnerstags und samstags statt. SuperEnalotto bedeutet viel Risiko, unbeschreibliche Emotionen und wirklich viel Geld zu gewinnen.  <\/p>\n<p><strong>Lohnt es sich? Wir w\u00fcrden sagen \u2013 nat\u00fcrlich. Es ist eines der interessanteren Zahlenspiele, das unvergessliche Emotionen bietet.  <\/strong><\/p>\n<h2>SuperEnalotto-Preise und Gewinnchancen<\/h2>\n","protected":false},"excerpt":{"rendered":"<p>M\u00f6chten Sie bei SuperEnalotto gewinnen? SuperEnalotto ist eine sehr beliebte italienische Zahlenlotterie, die bereits in den 1950er Jahren auf der italienischen Halbinsel ins Leben gerufen wurde. Zun\u00e4chst hie\u00df sie Enalotto. Der aktuelle Name wird seit 1997 verwendet. SuperEnalotto hat nicht nur die Italiener, sondern ganz Europa in seinen Bann gezogen, und das liegt an den [&hellip;]<\/p>\n","protected":false},"author":1,"featured_media":0,"parent":6865,"menu_order":5,"comment_status":"closed","ping_status":"closed","template":"superenalotto-info.php","meta":{"_et_pb_use_builder":"","_et_pb_old_content":"","_et_gb_content_width":"","exclude_from_search":false,"footnotes":""},"class_list":["post-236833","page","type-page","status-publish","hentry"],"yoast_head":"<!-- This site is optimized with the Yoast SEO plugin v23.8 - https:\/\/yoast.com\/wordpress\/plugins\/seo\/ -->\n<title>SuperEnalotto-Preise, Regeln und Jackpot \u2013 Lottomat<\/title>\n<meta name=\"description\" content=\"Hier finden Sie alle Informationen zu den SuperEnalotto-Preisen, dem Jackpot und den Spielregeln. Erfahren Sie mehr \u00fcber Ihre Gewinnchancen.\" \/>\n<meta name=\"robots\" content=\"index, follow, max-snippet:-1, max-image-preview:large, max-video-preview:-1\" \/>\n<link rel=\"canonical\" href=\"https:\/\/lottomat.com\/de\/lotterie\/superenalotto\/\" \/>\n<meta property=\"og:locale\" content=\"de_DE\" \/>\n<meta property=\"og:type\" content=\"article\" \/>\n<meta property=\"og:title\" content=\"SuperEnalotto-Preise, Regeln und Jackpot \u2013 Lottomat\" \/>\n<meta property=\"og:description\" content=\"Hier finden Sie alle Informationen zu den SuperEnalotto-Preisen, dem Jackpot und den Spielregeln. Erfahren Sie mehr \u00fcber Ihre Gewinnchancen.\" \/>\n<meta property=\"og:url\" content=\"https:\/\/lottomat.com\/de\/lotterie\/superenalotto\/\" \/>\n<meta property=\"og:site_name\" content=\"Lottomat\" \/>\n<meta property=\"article:modified_time\" content=\"2025-04-13T10:25:50+00:00\" \/>\n<meta property=\"og:image\" content=\"https:\/\/lottomat.com\/wp-content\/uploads\/sites\/3\/All-you-need-to-know-about-Superenalotto.png\" \/>\n<meta name=\"twitter:card\" content=\"summary_large_image\" \/>\n<meta name=\"twitter:label1\" content=\"Gesch\u00e4tzte Lesezeit\" \/>\n\t<meta name=\"twitter:data1\" content=\"5\u00a0Minuten\" \/>\n<script type=\"application\/ld+json\" class=\"yoast-schema-graph\">{\"@context\":\"https:\/\/schema.org\",\"@graph\":[{\"@type\":\"WebPage\",\"@id\":\"https:\/\/lottomat.com\/de\/lotterie\/superenalotto\/\",\"url\":\"https:\/\/lottomat.com\/de\/lotterie\/superenalotto\/\",\"name\":\"SuperEnalotto-Preise, Regeln und Jackpot \u2013 Lottomat\",\"isPartOf\":{\"@id\":\"https:\/\/lottomat.com\/de\/#website\"},\"primaryImageOfPage\":{\"@id\":\"https:\/\/lottomat.com\/de\/lotterie\/superenalotto\/#primaryimage\"},\"image\":{\"@id\":\"https:\/\/lottomat.com\/de\/lotterie\/superenalotto\/#primaryimage\"},\"thumbnailUrl\":\"https:\/\/lottomat.com\/wp-content\/uploads\/sites\/3\/All-you-need-to-know-about-Superenalotto.png\",\"datePublished\":\"2025-04-07T13:15:40+00:00\",\"dateModified\":\"2025-04-13T10:25:50+00:00\",\"description\":\"Hier finden Sie alle Informationen zu den SuperEnalotto-Preisen, dem Jackpot und den Spielregeln. Erfahren Sie mehr \u00fcber Ihre Gewinnchancen.\",\"breadcrumb\":{\"@id\":\"https:\/\/lottomat.com\/de\/lotterie\/superenalotto\/#breadcrumb\"},\"inLanguage\":\"de\",\"potentialAction\":[{\"@type\":\"ReadAction\",\"target\":[\"https:\/\/lottomat.com\/de\/lotterie\/superenalotto\/\"]}]},{\"@type\":\"ImageObject\",\"inLanguage\":\"de\",\"@id\":\"https:\/\/lottomat.com\/de\/lotterie\/superenalotto\/#primaryimage\",\"url\":\"https:\/\/lottomat.com\/wp-content\/uploads\/sites\/3\/All-you-need-to-know-about-Superenalotto.png\",\"contentUrl\":\"https:\/\/lottomat.com\/wp-content\/uploads\/sites\/3\/All-you-need-to-know-about-Superenalotto.png\"},{\"@type\":\"BreadcrumbList\",\"@id\":\"https:\/\/lottomat.com\/de\/lotterie\/superenalotto\/#breadcrumb\",\"itemListElement\":[{\"@type\":\"ListItem\",\"position\":1,\"name\":\"Home\",\"item\":\"https:\/\/lottomat.com\/de\/\"},{\"@type\":\"ListItem\",\"position\":2,\"name\":\"Lotterie-Regeln: Preise, Jackpot &#038; Gewinnchancen\",\"item\":\"https:\/\/lottomat.com\/de\/lotterie\/\"},{\"@type\":\"ListItem\",\"position\":3,\"name\":\"SuperEnalotto-Informationen\"}]},{\"@type\":\"WebSite\",\"@id\":\"https:\/\/lottomat.com\/de\/#website\",\"url\":\"https:\/\/lottomat.com\/de\/\",\"name\":\"Lottomat\",\"description\":\"\",\"potentialAction\":[{\"@type\":\"SearchAction\",\"target\":{\"@type\":\"EntryPoint\",\"urlTemplate\":\"https:\/\/lottomat.com\/de\/?s={search_term_string}\"},\"query-input\":{\"@type\":\"PropertyValueSpecification\",\"valueRequired\":true,\"valueName\":\"search_term_string\"}}],\"inLanguage\":\"de\"}]}<\/script>\n<!-- \/ Yoast SEO plugin. -->","yoast_head_json":{"title":"SuperEnalotto-Preise, Regeln und Jackpot \u2013 Lottomat","description":"Hier finden Sie alle Informationen zu den SuperEnalotto-Preisen, dem Jackpot und den Spielregeln. Erfahren Sie mehr \u00fcber Ihre Gewinnchancen.","robots":{"index":"index","follow":"follow","max-snippet":"max-snippet:-1","max-image-preview":"max-image-preview:large","max-video-preview":"max-video-preview:-1"},"canonical":"https:\/\/lottomat.com\/de\/lotterie\/superenalotto\/","og_locale":"de_DE","og_type":"article","og_title":"SuperEnalotto-Preise, Regeln und Jackpot \u2013 Lottomat","og_description":"Hier finden Sie alle Informationen zu den SuperEnalotto-Preisen, dem Jackpot und den Spielregeln. Erfahren Sie mehr \u00fcber Ihre Gewinnchancen.","og_url":"https:\/\/lottomat.com\/de\/lotterie\/superenalotto\/","og_site_name":"Lottomat","article_modified_time":"2025-04-13T10:25:50+00:00","og_image":[{"url":"https:\/\/lottomat.com\/wp-content\/uploads\/sites\/3\/All-you-need-to-know-about-Superenalotto.png"}],"twitter_card":"summary_large_image","twitter_misc":{"Gesch\u00e4tzte Lesezeit":"5\u00a0Minuten"},"schema":{"@context":"https:\/\/schema.org","@graph":[{"@type":"WebPage","@id":"https:\/\/lottomat.com\/de\/lotterie\/superenalotto\/","url":"https:\/\/lottomat.com\/de\/lotterie\/superenalotto\/","name":"SuperEnalotto-Preise, Regeln und Jackpot \u2013 Lottomat","isPartOf":{"@id":"https:\/\/lottomat.com\/de\/#website"},"primaryImageOfPage":{"@id":"https:\/\/lottomat.com\/de\/lotterie\/superenalotto\/#primaryimage"},"image":{"@id":"https:\/\/lottomat.com\/de\/lotterie\/superenalotto\/#primaryimage"},"thumbnailUrl":"https:\/\/lottomat.com\/wp-content\/uploads\/sites\/3\/All-you-need-to-know-about-Superenalotto.png","datePublished":"2025-04-07T13:15:40+00:00","dateModified":"2025-04-13T10:25:50+00:00","description":"Hier finden Sie alle Informationen zu den SuperEnalotto-Preisen, dem Jackpot und den Spielregeln. Erfahren Sie mehr \u00fcber Ihre Gewinnchancen.","breadcrumb":{"@id":"https:\/\/lottomat.com\/de\/lotterie\/superenalotto\/#breadcrumb"},"inLanguage":"de","potentialAction":[{"@type":"ReadAction","target":["https:\/\/lottomat.com\/de\/lotterie\/superenalotto\/"]}]},{"@type":"ImageObject","inLanguage":"de","@id":"https:\/\/lottomat.com\/de\/lotterie\/superenalotto\/#primaryimage","url":"https:\/\/lottomat.com\/wp-content\/uploads\/sites\/3\/All-you-need-to-know-about-Superenalotto.png","contentUrl":"https:\/\/lottomat.com\/wp-content\/uploads\/sites\/3\/All-you-need-to-know-about-Superenalotto.png"},{"@type":"BreadcrumbList","@id":"https:\/\/lottomat.com\/de\/lotterie\/superenalotto\/#breadcrumb","itemListElement":[{"@type":"ListItem","position":1,"name":"Home","item":"https:\/\/lottomat.com\/de\/"},{"@type":"ListItem","position":2,"name":"Lotterie-Regeln: Preise, Jackpot &#038; Gewinnchancen","item":"https:\/\/lottomat.com\/de\/lotterie\/"},{"@type":"ListItem","position":3,"name":"SuperEnalotto-Informationen"}]},{"@type":"WebSite","@id":"https:\/\/lottomat.com\/de\/#website","url":"https:\/\/lottomat.com\/de\/","name":"Lottomat","description":"","potentialAction":[{"@type":"SearchAction","target":{"@type":"EntryPoint","urlTemplate":"https:\/\/lottomat.com\/de\/?s={search_term_string}"},"query-input":{"@type":"PropertyValueSpecification","valueRequired":true,"valueName":"search_term_string"}}],"inLanguage":"de"}]}},"_links":{"self":[{"href":"https:\/\/lottomat.com\/de\/wp-json\/wp\/v2\/pages\/236833","targetHints":{"allow":["GET"]}}],"collection":[{"href":"https:\/\/lottomat.com\/de\/wp-json\/wp\/v2\/pages"}],"about":[{"href":"https:\/\/lottomat.com\/de\/wp-json\/wp\/v2\/types\/page"}],"author":[{"embeddable":true,"href":"https:\/\/lottomat.com\/de\/wp-json\/wp\/v2\/users\/1"}],"replies":[{"embeddable":true,"href":"https:\/\/lottomat.com\/de\/wp-json\/wp\/v2\/comments?post=236833"}],"version-history":[{"count":0,"href":"https:\/\/lottomat.com\/de\/wp-json\/wp\/v2\/pages\/236833\/revisions"}],"up":[{"embeddable":true,"href":"https:\/\/lottomat.com\/de\/wp-json\/wp\/v2\/pages\/6865"}],"wp:attachment":[{"href":"https:\/\/lottomat.com\/de\/wp-json\/wp\/v2\/media?parent=236833"}],"curies":[{"name":"wp","href":"https:\/\/api.w.org\/{rel}","templated":true}]}}