{"id":235147,"date":"2025-04-07T12:13:53","date_gmt":"2025-04-07T12:13:53","guid":{"rendered":"https:\/\/lottomat.net\/euromillions-informationen\/"},"modified":"2025-04-10T06:50:12","modified_gmt":"2025-04-10T06:50:12","slug":"euromillions","status":"publish","type":"page","link":"https:\/\/lottomat.com\/de\/lotterie\/euromillions\/","title":{"rendered":"EuroMillions-Informationen"},"content":{"rendered":"\n\n<div class=\"kk-star-ratings kksr-auto kksr-align-left kksr-valign-top\"\n    data-payload='{&quot;align&quot;:&quot;left&quot;,&quot;id&quot;:&quot;235147&quot;,&quot;slug&quot;:&quot;default&quot;,&quot;valign&quot;:&quot;top&quot;,&quot;ignore&quot;:&quot;&quot;,&quot;reference&quot;:&quot;auto&quot;,&quot;class&quot;:&quot;&quot;,&quot;count&quot;:&quot;0&quot;,&quot;legendonly&quot;:&quot;&quot;,&quot;readonly&quot;:&quot;&quot;,&quot;score&quot;:&quot;0&quot;,&quot;starsonly&quot;:&quot;&quot;,&quot;best&quot;:&quot;5&quot;,&quot;gap&quot;:&quot;5&quot;,&quot;greet&quot;:&quot;Rate this page&quot;,&quot;legend&quot;:&quot;0\\\/5 - (0 votes)&quot;,&quot;size&quot;:&quot;30&quot;,&quot;title&quot;:&quot;EuroMillions-Informationen&quot;,&quot;width&quot;:&quot;0&quot;,&quot;_legend&quot;:&quot;{score}\\\/{best} - ({count} {votes})&quot;,&quot;font_factor&quot;:&quot;1.25&quot;}'>\n            \n<div class=\"kksr-stars\">\n    \n<div class=\"kksr-stars-inactive\">\n            <div class=\"kksr-star\" data-star=\"1\" style=\"padding-right: 5px\">\n            \n\n<div class=\"kksr-icon\" style=\"width: 30px; height: 30px;\"><\/div>\n        <\/div>\n            <div class=\"kksr-star\" data-star=\"2\" style=\"padding-right: 5px\">\n            \n\n<div class=\"kksr-icon\" style=\"width: 30px; height: 30px;\"><\/div>\n        <\/div>\n            <div class=\"kksr-star\" data-star=\"3\" style=\"padding-right: 5px\">\n            \n\n<div class=\"kksr-icon\" style=\"width: 30px; height: 30px;\"><\/div>\n        <\/div>\n            <div class=\"kksr-star\" data-star=\"4\" style=\"padding-right: 5px\">\n            \n\n<div class=\"kksr-icon\" style=\"width: 30px; height: 30px;\"><\/div>\n        <\/div>\n            <div class=\"kksr-star\" data-star=\"5\" style=\"padding-right: 5px\">\n            \n\n<div class=\"kksr-icon\" style=\"width: 30px; height: 30px;\"><\/div>\n        <\/div>\n    <\/div>\n    \n<div class=\"kksr-stars-active\" style=\"width: 0px;\">\n            <div class=\"kksr-star\" style=\"padding-right: 5px\">\n            \n\n<div class=\"kksr-icon\" style=\"width: 30px; height: 30px;\"><\/div>\n        <\/div>\n            <div class=\"kksr-star\" style=\"padding-right: 5px\">\n            \n\n<div class=\"kksr-icon\" style=\"width: 30px; height: 30px;\"><\/div>\n        <\/div>\n            <div class=\"kksr-star\" style=\"padding-right: 5px\">\n            \n\n<div class=\"kksr-icon\" style=\"width: 30px; height: 30px;\"><\/div>\n        <\/div>\n            <div class=\"kksr-star\" style=\"padding-right: 5px\">\n            \n\n<div class=\"kksr-icon\" style=\"width: 30px; height: 30px;\"><\/div>\n        <\/div>\n            <div class=\"kksr-star\" style=\"padding-right: 5px\">\n            \n\n<div class=\"kksr-icon\" style=\"width: 30px; height: 30px;\"><\/div>\n        <\/div>\n    <\/div>\n<\/div>\n                \n\n<div class=\"kksr-legend\" style=\"font-size: 24px;\">\n            <span class=\"kksr-muted\">Rate this page<\/span>\n    <\/div>\n    <\/div>\n<h2 data-pm-slice=\"0 0 []\">EuroMillions-Informationen<\/h2>\n<p>K\u00f6nnen Sie sich Palmen, einen Strand und k\u00f6stliche Drinks vorstellen? Oder vielleicht ein Traumhaus oder ein Traumauto? All das ist heute in greifbarer N\u00e4he, dank der M\u00f6glichkeiten, die Internet-Lotterien bieten. Gewinnen Sie EuroMillions-Preise oder sogar den Jackpot! Wie spielt man, um bei einer Lottoziehung zu gewinnen? Vor allem muss man wissen, was man spielt und wie man spielt, um seine Chancen auf einen Lottogewinn zu erh\u00f6hen. Es gibt wirklich eine Vielzahl von M\u00f6glichkeiten: EuroJackpot, italienisches SuperEnalotto, MegaMillions, der amerikanische Lotterie-Marktf\u00fchrer Powerball und nat\u00fcrlich EuroMillions online. In diesem Artikel konzentrieren wir uns auf die letzte, die EuroMillions-Lotterie. Im Folgenden erfahren Sie mehr \u00fcber die Regeln dieser Lotterie, ob es sich lohnt, daran teilzunehmen, wie viel Sie gewinnen k\u00f6nnen, wie hoch die Gewinnchancen sind und ob die Jackpots Ihre H\u00e4nde zum Zittern bringen. Erfahren wir mehr \u00fcber die EuroMillions-Gewinne!<br \/>\n<img loading=\"lazy\" decoding=\"async\" class=\"alignleft wp-image-43517\" src=\"https:\/\/lottomat.net\/wp-content\/uploads\/2020\/06\/Euro-Million-4.png\" alt=\"Euro Million\" width=\"130\" height=\"130\"><\/p>\n<h2>Was ist die EuroMillions-Lotterie?<\/h2>\n<p>EuroMillions online ist eine der beliebtesten und bekanntesten Lotterien in Europa. Sie existiert seit 2004 und erfreut sich bei den Spielern ungebrochener Beliebtheit. EuroMillions wurde von drei bekannten Gl\u00fccksspielunternehmen gegr\u00fcndet, darunter Fran\u00e7aise des Jeux, eine franz\u00f6sische Lotteriegesellschaft, die spanische nationale Lotterie Loter\u00edas y Apuestas del Estado und das britische Unternehmen Camelot. Urspr\u00fcnglich verkauften die Lotteriegesellschaften EuroMillions-Lottoscheine nur online in Frankreich, Spanien und Gro\u00dfbritannien. Derzeit k\u00f6nnen Lottoscheine f\u00fcr diese Lottoziehungen in einigen weiteren europ\u00e4ischen L\u00e4ndern erworben werden: \u00d6sterreich, Belgien, Frankreich, Irland, Liechtenstein, Luxemburg, Monaco, Portugal, Spanien, Schweiz, Gro\u00dfbritannien und Isle of Man. Wenn Sie sich derzeit nicht in einem dieser L\u00e4nder aufhalten, machen Sie sich keine Sorgen; Sie m\u00fcssen sich nicht extra ein Los in London oder Paris besorgen. Alles, was Sie tun m\u00fcssen, ist unsere Website \u2013 die LottoMat-Website \u2013 zu besuchen, auf der Sie einfach und ohne Einschr\u00e4nkungen online Lotto spielen k\u00f6nnen. Schneller, g\u00fcnstiger und bequemer, ganz zu schweigen davon, dass sie 24 Stunden am Tag und die ganze Woche \u00fcber ge\u00f6ffnet ist. Die EuroMillions-Ziehungen finden jeden Dienstag und Freitag um 20:45 Uhr Ortszeit in Paris statt. Die offiziellen Ziehungsergebnisse von EuroMillions werden direkt nach Bekanntgabe der Ergebnisse auf der LottoMat-Website ver\u00f6ffentlicht, sodass Sie nicht lange darauf warten m\u00fcssen. Dies sind die offiziellen Ergebnisse, die wir vom Veranstalter der EuroMillions-Lotterie erhalten. Sie k\u00f6nnen alle Details zu den EuroMillions-Preisen und dem Jackpot sofort nach der Ziehung \u00fcberpr\u00fcfen!<br \/>\n<img loading=\"lazy\" decoding=\"async\" class=\"alignleft wp-image-43573\" src=\"https:\/\/lottomat.com\/wp-content\/uploads\/sites\/3\/EuroMillions-drawings.png\" alt=\"EuroMillions-Ziehungen\" width=\"130\" height=\"130\"><\/p>\n<h2>Wie lauten die Spielregeln f\u00fcr EuroMillions?<\/h2>\n<p>EuroMillions online ist eine Lotterie mit bis zu 13 Gewinnstufen. Die Regeln dieses Lottos sind unglaublich einfach und bestehen darin, 5 Zahlen aus einem Pool von 50 und 2 Gl\u00fcckssterne aus einem Pool von 12 Zahlen auszuw\u00e4hlen. Um den Hauptpreis zu gewinnen, m\u00fcssen alle 7 Gewinnzahlen erraten werden. Je weniger Zahlen erraten werden, desto niedriger ist die Gewinnstufe, aber bei jeder Stufe gewinnt ein Spieler immer noch einen Geldpreis. Der Hauptpreis (EuroMillions-Jackpot) der Lotterie wird aus der H\u00e4lfte des verf\u00fcgbaren Geldpools finanziert. Wenn bei einer bestimmten Ziehung niemand alle sieben Gl\u00fcckszahlen richtig hat, wird der Hauptpreis \u00fcbertragen. Ein Lotto-Rollover w\u00e4chst so lange, bis jemand den Jackpot knackt, wodurch wirklich hohe Betr\u00e4ge erreicht werden k\u00f6nnen, jedoch nicht mehr als 230.000.000 Euro. Wenn ein Rollover diese Grenze \u00fcberschreitet, wird der \u00dcberschuss zur Erh\u00f6hung der EuroMillions-Preise auf den unteren Ebenen verwendet. Das bedeutet, dass ein Rollover von 230 Millionen Euro unter den Gewinnern auf den unteren Ebenen aufgeteilt wird. Das macht einen Rollover zum besten Zeitpunkt, um Lotto zu spielen. Bei der EuroMillions-Lotterie haben wir auch eine zus\u00e4tzliche Option, das sogenannte \u201ePlus\u201c; leider steht es nur Spielern in Irland zur Verf\u00fcgung und kostet 1 Euro.<br \/>\n<img loading=\"lazy\" decoding=\"async\" class=\"alignleft wp-image-43601\" src=\"https:\/\/lottomat.com\/wp-content\/uploads\/sites\/3\/EuroMillions-rollover.png\" alt=\"EuroMillions rollover\" width=\"130\" height=\"130\"><\/p>\n<h2>Was sind spezielle und gelegentliche EuroMillions-Ziehungen?<\/h2>\n<p>Bei beiden genannten Ziehungen handelt es sich um zus\u00e4tzliche Lotterieverlosungen, bei denen der garantierte Gewinn zwischen 100 und 130 Millionen Euro liegt. Der Unterschied zwischen diesen beiden Ziehungen besteht darin, dass bei der Sonderziehung der Hauptpreispool auf die nachfolgenden Ziehungen \u00fcbertragen wird, wenn niemand den Hauptpreis gewinnt, was bedeutet, dass es zu einem Rollover kommt. Bei der gelegentlichen Ziehung wird der Gewinnpool der ersten Stufe f\u00fcr die EuroMillions-Preise f\u00fcr die Gewinner auf den unteren Stufen des Spiels ausgegeben.  <\/p>\n<h2>Wie hoch ist das Risiko bei EuroMillions online?<\/h2>\n<p>Es ist tats\u00e4chlich schwierig, das Risiko hier zu bewerten; es kann weder als klein noch als gro\u00df angesehen werden. Die Wahrscheinlichkeit, den Hauptpreis zu gewinnen, liegt bei 1:140 Millionen. Das kann anfangs sicherlich be\u00e4ngstigend sein, insbesondere f\u00fcr neue Spieler. Erfahrene Lotterieveteranen wissen jedoch, dass ein hohes Risiko sehr profitabel sein kann und dass es ohne Risiko keinen Spa\u00df macht. Die Tatsache, dass die Chancen bei 1:140 Millionen liegen, schreckt Spieler aus aller Welt nicht ab. Man k\u00f6nnte sogar sagen, dass es genau das Gegenteil ist \u2013 es ist eine Einladung an Spieler, die gro\u00dfe Gewinne erwarten. F\u00fcr sie tr\u00e4gt das hohe Risiko nur zur Atmosph\u00e4re bei und macht das Spiel noch spannender. Wir haben erw\u00e4hnt, dass es bei EuroMillions 13 Gewinnstufen gibt. F\u00fcr die zweite Gewinnstufe von EuroMillions sind die Chancen tats\u00e4chlich viel realistischer, da sie bei 1 zu 7 Millionen liegen. Die Wahrheit ist, dass jeder die Chance hat, im Lotto zu gewinnen, weshalb es eine gute Idee ist, sich an diesem Spiel zu versuchen!         <\/p>\n<h2><img loading=\"lazy\" decoding=\"async\" class=\"alignleft wp-image-43629\" src=\"https:\/\/lottomat.com\/wp-content\/uploads\/sites\/3\/How-much-can-be-won-in-the-EuroMillions-lotto.png\" alt=\"Wie viel kann man beim EuroMillions-Lotto gewinnen?\" width=\"130\" height=\"130\">Wie viel kann man beim EuroMillions-Lotto gewinnen?<\/h2>\n<p>Es gibt ganze 17 Millionen Euro zu gewinnen \u2013 das ist der niedrigste garantierte Hauptpreis. Die durchschnittlichen Gewinne sind jedoch viel h\u00f6her und erreichen bis zu 47 Millionen Euro. Der Hauptpreis wird immer aus der H\u00e4lfte des verf\u00fcgbaren Geldpools finanziert. Wenn die verkauften Lose 230 Millionen Euro \u00fcbersteigen, wird der \u00dcberschuss f\u00fcr die Gewinne der unteren Gewinnklassen ausgegeben, also die der folgenden 12 Gewinnklassen. Der Hauptpreis wird aus der H\u00e4lfte des verf\u00fcgbaren Geldpools finanziert. Wenn man alle Spielstufen weltweit betrachtet, gewinnt eines von 13 eingereichten Losen, was eigentlich ziemlich verlockend ist.     <\/p>\n<h2>Wie funktioniert ein EuroMillions-Rollover?<\/h2>\n<p>Wie bereits erw\u00e4hnt, gibt es bei EuroMillions eine festgelegte Obergrenze f\u00fcr den Rollover. Das Geld, das gewonnen werden kann, ist jedoch nicht gering. Der zul\u00e4ssige Betrag, auf den die Gewinne \u00fcbertragen werden k\u00f6nnen, betr\u00e4gt 230 Millionen Euro, was ein ziemliches Verm\u00f6gen ist, mit dem wir all unsere Tr\u00e4ume wahr werden lassen k\u00f6nnten.  <\/p>\n<h2>Was war der EuroMillions-Rekordsieger aller Zeiten?<\/h2>\n<p>Die obere Rollover-Grenze, die bei 230 Millionen Euro liegt, wurde einmal im Jahr 2022 erreicht.<\/p>\n<h2>Wer kann EuroMillions online spielen?<\/h2>\n<p>Jeder Erwachsene mit Internetzugang. Nat\u00fcrlich ist auch das Spielen in einer Annahmestelle m\u00f6glich, aber nur in ausgew\u00e4hlten L\u00e4ndern. Beim Spielen \u00fcber das Internet gibt es hingegen keine Grenzen. Alles, was Sie tun m\u00fcssen, ist, die LottoMat-Website zu besuchen, ein oder sogar mehrere Lose zu kaufen und Ihre Zukunft innerhalb von Sekunden zu ver\u00e4ndern.   <\/p>\n<h2>Wie spiele ich EuroMillions \u00fcber die LottoMat-Website?<\/h2>\n<p>Das Ausf\u00fcllen von Spielscheinen im Internet ist kinderleicht. Der gesamte Vorgang wurde so gestaltet, dass das Ausf\u00fcllen der Spielscheine f\u00fcr die Spieler so einfach wie m\u00f6glich ist. Sie m\u00fcssen sich lediglich auf unserer Website registrieren. Dann erhalten Sie Ihre Anmeldeinformationen, die Sie verwenden, wann immer Sie spielen m\u00f6chten. Dann m\u00fcssen Sie nur noch die Gl\u00fcckszahlen auf dem Spielschein mit einer dieser Methoden ausw\u00e4hlen:    <\/p>\n<ul>\n<li>Zufallszahlen,<\/li>\n<li>pers\u00f6nliche Zahlenauswahl,<\/li>\n<li>Systemspiel.<\/li>\n<\/ul>\n<h2>Wann finden die EuroMillions-Ziehungen statt?<\/h2>\n<p>Die EuroMillions-Ziehungen finden jeden Dienstag und Freitag statt. Die Ergebnisse der EuroMillions-Ziehungen sind direkt nach Ende der Ziehung auf unserer Website verf\u00fcgbar. <\/p>\n<p>K\u00f6nnen wir EuroMillions empfehlen? Auf jeden Fall! Es ist eine Lotterie sowohl f\u00fcr eher konservativ agierende Spieler als auch f\u00fcr diejenigen, die etwas aggressiver sind. Die Gewinnchancen bei den niedrigeren EuroMillions-Preisen sind ziemlich hoch, was Spieler zufriedenstellen wird, die ein h\u00f6heres Risiko scheuen. Der Hauptpreis hingegen bietet, obwohl er mit einem viel h\u00f6heren Risiko verbunden ist, ein beeindruckendes Verm\u00f6gen.<\/p>\n","protected":false},"excerpt":{"rendered":"<p>EuroMillions-Informationen K\u00f6nnen Sie sich Palmen, einen Strand und k\u00f6stliche Drinks vorstellen? Oder vielleicht ein Traumhaus oder ein Traumauto? All das ist heute in greifbarer N\u00e4he, dank der M\u00f6glichkeiten, die Internet-Lotterien bieten. Gewinnen Sie EuroMillions-Preise oder sogar den Jackpot! Wie spielt man, um bei einer Lottoziehung zu gewinnen? Vor allem muss man wissen, was man spielt [&hellip;]<\/p>\n","protected":false},"author":1,"featured_media":0,"parent":6865,"menu_order":3,"comment_status":"closed","ping_status":"closed","template":"euromillions-info.php","meta":{"_et_pb_use_builder":"","_et_pb_old_content":"","_et_gb_content_width":"","exclude_from_search":false,"footnotes":""},"class_list":["post-235147","page","type-page","status-publish","hentry"],"yoast_head":"<!-- This site is optimized with the Yoast SEO plugin v23.8 - https:\/\/yoast.com\/wordpress\/plugins\/seo\/ -->\n<title>EuroMillionen Preise, Regeln und Jackpot [5\/50 + 2\/12] - LottoMat<\/title>\n<meta name=\"description\" content=\"EuroMillions-Gewinne pr\u00fcfen. Auf der LottoMat-Website finden Sie alles, was Sie \u00fcber die europ\u00e4ische Online-Lotterie EuroMillions wissen m\u00fcssen.\" \/>\n<meta name=\"robots\" content=\"index, follow, max-snippet:-1, max-image-preview:large, max-video-preview:-1\" \/>\n<link rel=\"canonical\" href=\"https:\/\/lottomat.com\/de\/lotterie\/euromillions\/\" \/>\n<meta property=\"og:locale\" content=\"de_DE\" \/>\n<meta property=\"og:type\" content=\"article\" \/>\n<meta property=\"og:title\" content=\"EuroMillionen Preise, Regeln und Jackpot [5\/50 + 2\/12] - LottoMat\" \/>\n<meta property=\"og:description\" content=\"EuroMillions-Gewinne pr\u00fcfen. Auf der LottoMat-Website finden Sie alles, was Sie \u00fcber die europ\u00e4ische Online-Lotterie EuroMillions wissen m\u00fcssen.\" \/>\n<meta property=\"og:url\" content=\"https:\/\/lottomat.com\/de\/lotterie\/euromillions\/\" \/>\n<meta property=\"og:site_name\" content=\"Lottomat\" \/>\n<meta property=\"article:modified_time\" content=\"2025-04-10T06:50:12+00:00\" \/>\n<meta property=\"og:image\" content=\"https:\/\/lottomat.net\/wp-content\/uploads\/2020\/06\/Euro-Million-4.png\" \/>\n<meta name=\"twitter:card\" content=\"summary_large_image\" \/>\n<meta name=\"twitter:label1\" content=\"Gesch\u00e4tzte Lesezeit\" \/>\n\t<meta name=\"twitter:data1\" content=\"6\u00a0Minuten\" \/>\n<script type=\"application\/ld+json\" class=\"yoast-schema-graph\">{\"@context\":\"https:\/\/schema.org\",\"@graph\":[{\"@type\":\"WebPage\",\"@id\":\"https:\/\/lottomat.com\/de\/lotterie\/euromillions\/\",\"url\":\"https:\/\/lottomat.com\/de\/lotterie\/euromillions\/\",\"name\":\"EuroMillionen Preise, Regeln und Jackpot [5\/50 + 2\/12] - LottoMat\",\"isPartOf\":{\"@id\":\"https:\/\/lottomat.com\/de\/#website\"},\"primaryImageOfPage\":{\"@id\":\"https:\/\/lottomat.com\/de\/lotterie\/euromillions\/#primaryimage\"},\"image\":{\"@id\":\"https:\/\/lottomat.com\/de\/lotterie\/euromillions\/#primaryimage\"},\"thumbnailUrl\":\"https:\/\/lottomat.net\/wp-content\/uploads\/2020\/06\/Euro-Million-4.png\",\"datePublished\":\"2025-04-07T12:13:53+00:00\",\"dateModified\":\"2025-04-10T06:50:12+00:00\",\"description\":\"EuroMillions-Gewinne pr\u00fcfen. Auf der LottoMat-Website finden Sie alles, was Sie \u00fcber die europ\u00e4ische Online-Lotterie EuroMillions wissen m\u00fcssen.\",\"breadcrumb\":{\"@id\":\"https:\/\/lottomat.com\/de\/lotterie\/euromillions\/#breadcrumb\"},\"inLanguage\":\"de\",\"potentialAction\":[{\"@type\":\"ReadAction\",\"target\":[\"https:\/\/lottomat.com\/de\/lotterie\/euromillions\/\"]}]},{\"@type\":\"ImageObject\",\"inLanguage\":\"de\",\"@id\":\"https:\/\/lottomat.com\/de\/lotterie\/euromillions\/#primaryimage\",\"url\":\"https:\/\/lottomat.net\/wp-content\/uploads\/2020\/06\/Euro-Million-4.png\",\"contentUrl\":\"https:\/\/lottomat.net\/wp-content\/uploads\/2020\/06\/Euro-Million-4.png\"},{\"@type\":\"BreadcrumbList\",\"@id\":\"https:\/\/lottomat.com\/de\/lotterie\/euromillions\/#breadcrumb\",\"itemListElement\":[{\"@type\":\"ListItem\",\"position\":1,\"name\":\"Home\",\"item\":\"https:\/\/lottomat.com\/de\/\"},{\"@type\":\"ListItem\",\"position\":2,\"name\":\"Lotterie-Regeln: Preise, Jackpot &#038; Gewinnchancen\",\"item\":\"https:\/\/lottomat.com\/de\/lotterie\/\"},{\"@type\":\"ListItem\",\"position\":3,\"name\":\"EuroMillions-Informationen\"}]},{\"@type\":\"WebSite\",\"@id\":\"https:\/\/lottomat.com\/de\/#website\",\"url\":\"https:\/\/lottomat.com\/de\/\",\"name\":\"Lottomat\",\"description\":\"\",\"potentialAction\":[{\"@type\":\"SearchAction\",\"target\":{\"@type\":\"EntryPoint\",\"urlTemplate\":\"https:\/\/lottomat.com\/de\/?s={search_term_string}\"},\"query-input\":{\"@type\":\"PropertyValueSpecification\",\"valueRequired\":true,\"valueName\":\"search_term_string\"}}],\"inLanguage\":\"de\"}]}<\/script>\n<!-- \/ Yoast SEO plugin. -->","yoast_head_json":{"title":"EuroMillionen Preise, Regeln und Jackpot [5\/50 + 2\/12] - LottoMat","description":"EuroMillions-Gewinne pr\u00fcfen. Auf der LottoMat-Website finden Sie alles, was Sie \u00fcber die europ\u00e4ische Online-Lotterie EuroMillions wissen m\u00fcssen.","robots":{"index":"index","follow":"follow","max-snippet":"max-snippet:-1","max-image-preview":"max-image-preview:large","max-video-preview":"max-video-preview:-1"},"canonical":"https:\/\/lottomat.com\/de\/lotterie\/euromillions\/","og_locale":"de_DE","og_type":"article","og_title":"EuroMillionen Preise, Regeln und Jackpot [5\/50 + 2\/12] - LottoMat","og_description":"EuroMillions-Gewinne pr\u00fcfen. Auf der LottoMat-Website finden Sie alles, was Sie \u00fcber die europ\u00e4ische Online-Lotterie EuroMillions wissen m\u00fcssen.","og_url":"https:\/\/lottomat.com\/de\/lotterie\/euromillions\/","og_site_name":"Lottomat","article_modified_time":"2025-04-10T06:50:12+00:00","og_image":[{"url":"https:\/\/lottomat.net\/wp-content\/uploads\/2020\/06\/Euro-Million-4.png"}],"twitter_card":"summary_large_image","twitter_misc":{"Gesch\u00e4tzte Lesezeit":"6\u00a0Minuten"},"schema":{"@context":"https:\/\/schema.org","@graph":[{"@type":"WebPage","@id":"https:\/\/lottomat.com\/de\/lotterie\/euromillions\/","url":"https:\/\/lottomat.com\/de\/lotterie\/euromillions\/","name":"EuroMillionen Preise, Regeln und Jackpot [5\/50 + 2\/12] - LottoMat","isPartOf":{"@id":"https:\/\/lottomat.com\/de\/#website"},"primaryImageOfPage":{"@id":"https:\/\/lottomat.com\/de\/lotterie\/euromillions\/#primaryimage"},"image":{"@id":"https:\/\/lottomat.com\/de\/lotterie\/euromillions\/#primaryimage"},"thumbnailUrl":"https:\/\/lottomat.net\/wp-content\/uploads\/2020\/06\/Euro-Million-4.png","datePublished":"2025-04-07T12:13:53+00:00","dateModified":"2025-04-10T06:50:12+00:00","description":"EuroMillions-Gewinne pr\u00fcfen. Auf der LottoMat-Website finden Sie alles, was Sie \u00fcber die europ\u00e4ische Online-Lotterie EuroMillions wissen m\u00fcssen.","breadcrumb":{"@id":"https:\/\/lottomat.com\/de\/lotterie\/euromillions\/#breadcrumb"},"inLanguage":"de","potentialAction":[{"@type":"ReadAction","target":["https:\/\/lottomat.com\/de\/lotterie\/euromillions\/"]}]},{"@type":"ImageObject","inLanguage":"de","@id":"https:\/\/lottomat.com\/de\/lotterie\/euromillions\/#primaryimage","url":"https:\/\/lottomat.net\/wp-content\/uploads\/2020\/06\/Euro-Million-4.png","contentUrl":"https:\/\/lottomat.net\/wp-content\/uploads\/2020\/06\/Euro-Million-4.png"},{"@type":"BreadcrumbList","@id":"https:\/\/lottomat.com\/de\/lotterie\/euromillions\/#breadcrumb","itemListElement":[{"@type":"ListItem","position":1,"name":"Home","item":"https:\/\/lottomat.com\/de\/"},{"@type":"ListItem","position":2,"name":"Lotterie-Regeln: Preise, Jackpot &#038; Gewinnchancen","item":"https:\/\/lottomat.com\/de\/lotterie\/"},{"@type":"ListItem","position":3,"name":"EuroMillions-Informationen"}]},{"@type":"WebSite","@id":"https:\/\/lottomat.com\/de\/#website","url":"https:\/\/lottomat.com\/de\/","name":"Lottomat","description":"","potentialAction":[{"@type":"SearchAction","target":{"@type":"EntryPoint","urlTemplate":"https:\/\/lottomat.com\/de\/?s={search_term_string}"},"query-input":{"@type":"PropertyValueSpecification","valueRequired":true,"valueName":"search_term_string"}}],"inLanguage":"de"}]}},"_links":{"self":[{"href":"https:\/\/lottomat.com\/de\/wp-json\/wp\/v2\/pages\/235147","targetHints":{"allow":["GET"]}}],"collection":[{"href":"https:\/\/lottomat.com\/de\/wp-json\/wp\/v2\/pages"}],"about":[{"href":"https:\/\/lottomat.com\/de\/wp-json\/wp\/v2\/types\/page"}],"author":[{"embeddable":true,"href":"https:\/\/lottomat.com\/de\/wp-json\/wp\/v2\/users\/1"}],"replies":[{"embeddable":true,"href":"https:\/\/lottomat.com\/de\/wp-json\/wp\/v2\/comments?post=235147"}],"version-history":[{"count":0,"href":"https:\/\/lottomat.com\/de\/wp-json\/wp\/v2\/pages\/235147\/revisions"}],"up":[{"embeddable":true,"href":"https:\/\/lottomat.com\/de\/wp-json\/wp\/v2\/pages\/6865"}],"wp:attachment":[{"href":"https:\/\/lottomat.com\/de\/wp-json\/wp\/v2\/media?parent=235147"}],"curies":[{"name":"wp","href":"https:\/\/api.w.org\/{rel}","templated":true}]}}