{"id":232610,"date":"2025-03-27T10:35:32","date_gmt":"2025-03-27T10:35:32","guid":{"rendered":"https:\/\/lottomat.net\/lotterieergebnisse\/eurojackpot-ergebnisse\/"},"modified":"2026-02-01T15:19:41","modified_gmt":"2026-02-01T15:19:41","slug":"eurojackpot","status":"publish","type":"page","link":"https:\/\/lottomat.com\/de\/ergebnisse\/eurojackpot\/","title":{"rendered":"Eurojackpot-Ergebnisse &#038; Gewinnzahlen"},"content":{"rendered":"\n\n<div class=\"kk-star-ratings kksr-auto kksr-align-left kksr-valign-top\"\n    data-payload='{&quot;align&quot;:&quot;left&quot;,&quot;id&quot;:&quot;232610&quot;,&quot;slug&quot;:&quot;default&quot;,&quot;valign&quot;:&quot;top&quot;,&quot;ignore&quot;:&quot;&quot;,&quot;reference&quot;:&quot;auto&quot;,&quot;class&quot;:&quot;&quot;,&quot;count&quot;:&quot;0&quot;,&quot;legendonly&quot;:&quot;&quot;,&quot;readonly&quot;:&quot;&quot;,&quot;score&quot;:&quot;0&quot;,&quot;starsonly&quot;:&quot;&quot;,&quot;best&quot;:&quot;5&quot;,&quot;gap&quot;:&quot;5&quot;,&quot;greet&quot;:&quot;Rate this page&quot;,&quot;legend&quot;:&quot;0\\\/5 - (0 votes)&quot;,&quot;size&quot;:&quot;30&quot;,&quot;title&quot;:&quot;Eurojackpot-Ergebnisse \\u0026amp; Gewinnzahlen&quot;,&quot;width&quot;:&quot;0&quot;,&quot;_legend&quot;:&quot;{score}\\\/{best} - ({count} {votes})&quot;,&quot;font_factor&quot;:&quot;1.25&quot;}'>\n            \n<div class=\"kksr-stars\">\n    \n<div class=\"kksr-stars-inactive\">\n            <div class=\"kksr-star\" data-star=\"1\" style=\"padding-right: 5px\">\n            \n\n<div class=\"kksr-icon\" style=\"width: 30px; height: 30px;\"><\/div>\n        <\/div>\n            <div class=\"kksr-star\" data-star=\"2\" style=\"padding-right: 5px\">\n            \n\n<div class=\"kksr-icon\" style=\"width: 30px; height: 30px;\"><\/div>\n        <\/div>\n            <div class=\"kksr-star\" data-star=\"3\" style=\"padding-right: 5px\">\n            \n\n<div class=\"kksr-icon\" style=\"width: 30px; height: 30px;\"><\/div>\n        <\/div>\n            <div class=\"kksr-star\" data-star=\"4\" style=\"padding-right: 5px\">\n            \n\n<div class=\"kksr-icon\" style=\"width: 30px; height: 30px;\"><\/div>\n        <\/div>\n            <div class=\"kksr-star\" data-star=\"5\" style=\"padding-right: 5px\">\n            \n\n<div class=\"kksr-icon\" style=\"width: 30px; height: 30px;\"><\/div>\n        <\/div>\n    <\/div>\n    \n<div class=\"kksr-stars-active\" style=\"width: 0px;\">\n            <div class=\"kksr-star\" style=\"padding-right: 5px\">\n            \n\n<div class=\"kksr-icon\" style=\"width: 30px; height: 30px;\"><\/div>\n        <\/div>\n            <div class=\"kksr-star\" style=\"padding-right: 5px\">\n            \n\n<div class=\"kksr-icon\" style=\"width: 30px; height: 30px;\"><\/div>\n        <\/div>\n            <div class=\"kksr-star\" style=\"padding-right: 5px\">\n            \n\n<div class=\"kksr-icon\" style=\"width: 30px; height: 30px;\"><\/div>\n        <\/div>\n            <div class=\"kksr-star\" style=\"padding-right: 5px\">\n            \n\n<div class=\"kksr-icon\" style=\"width: 30px; height: 30px;\"><\/div>\n        <\/div>\n            <div class=\"kksr-star\" style=\"padding-right: 5px\">\n            \n\n<div class=\"kksr-icon\" style=\"width: 30px; height: 30px;\"><\/div>\n        <\/div>\n    <\/div>\n<\/div>\n                \n\n<div class=\"kksr-legend\" style=\"font-size: 24px;\">\n            <span class=\"kksr-muted\">Rate this page<\/span>\n    <\/div>\n    <\/div>\n<p>Haben Sie Eurojackpot-Scheine gekauft und fragen sich, ob Sie gewonnen haben? Bis Sie die gezogenen Zahlen kennen, kann alles passieren, und Sie k\u00f6nnen die <a href=\"https:\/\/lottomat.com\/de\/ergebnisse\/\">Lotterie-Ergebnisse auf dieser Website<\/a> sehen. Wir ver\u00f6ffentlichen sie ultraschnell direkt nach Erhalt einer Nachricht von der Eurojackpot-Veranstalter-Website, sodass Sie garantiert haben, dass sie zuverl\u00e4ssig best\u00e4tigt und zu 100% echt sind. Analysieren Sie Eurojackpot-Ergebnisse und Gewinnzahlen jetzt!<\/p>\n<h2>Wie \u00dcberpr\u00fcft Man die Heutigen Eurojackpot-Ergebnisse?<img loading=\"lazy\" decoding=\"async\" class=\"alignright wp-image-257716\" src=\"https:\/\/lottomat.com\/wp-content\/uploads\/2025\/11\/Eurojackpot-online-1.webp\" alt=\"Eurojackpot online\" width=\"200\" height=\"200\" srcset=\"https:\/\/lottomat.com\/wp-content\/uploads\/2025\/11\/Eurojackpot-online-1.webp 400w, https:\/\/lottomat.com\/wp-content\/uploads\/2025\/11\/Eurojackpot-online-1-300x300.webp 300w, https:\/\/lottomat.com\/wp-content\/uploads\/2025\/11\/Eurojackpot-online-1-150x150.webp 150w, https:\/\/lottomat.com\/wp-content\/uploads\/2025\/11\/Eurojackpot-online-1-100x100.webp 100w\" sizes=\"auto, (max-width: 200px) 100vw, 200px\" \/><\/h2>\n<p>Der einfachste Weg, die neuesten Eurojackpot-Ergebnisse zu \u00fcberpr\u00fcfen, ist auf unserer Website. Wir bieten <strong>zu 100% zuverl\u00e4ssige Lottoziehungsergebnisse<\/strong>, denen Sie vollst\u00e4ndig vertrauen k\u00f6nnen. Unsere Plattform stellt sicher, dass alle Eurojackpot-Gewinnzahlen <strong>unmittelbar nach jeder offiziellen Ziehung aktualisiert werden<\/strong>. Ob Sie Gewinnkombinationen, Preisaufschl\u00fcsselungen oder Jackpot-Betr\u00e4ge \u00fcberpr\u00fcfen, Sie finden hier genaue und aktuelle Informationen. Wir verstehen, wie wichtig es f\u00fcr Lotterie-Spieler ist, verifizierte Ergebnisse schnell zu erhalten, weshalb wir <strong>Geschwindigkeit und Genauigkeit<\/strong> bei der Bereitstellung von Eurojackpot-Ergebnissen f\u00fcr unsere Nutzer priorisieren.<\/p>\n<h2>Wie \u00dcberpr\u00fcft Man die Gestrigen Eurojackpot-Ergebnisse?<\/h2>\n<p>Sie k\u00f6nnen auch die gestrigen Eurojackpot-Ergebnisse auf <a href=\"https:\/\/lottomat.com\/de\/\">unserer LottoMat-Website<\/a> \u00fcberpr\u00fcfen, da wir nicht nur aktuelle Ergebnisse, sondern auch <strong>historische Daten aus vergangenen Ziehungen<\/strong> pr\u00e4sentieren. Unsere umfassende Datenbank umfasst <strong>die heutigen Ergebnisse, gestrige Ziehungen und Ergebnisse von vor Wochen, Monaten oder sogar Jahren<\/strong>. Dieses umfangreiche Archiv erm\u00f6glicht es Ihnen, Muster zu verfolgen, Trends zu analysieren und jede Ziehung zu \u00fcberpr\u00fcfen, die Sie interessiert. Ob Sie gestern die \u00dcberpr\u00fcfung Ihrer Scheine verpasst haben oder vergangene Gewinnzahlen verifizieren m\u00f6chten, unsere Plattform bietet einfachen Zugang zu allen historischen Eurojackpot-Ergebnissen mit <strong>vollst\u00e4ndiger Genauigkeit und Zuverl\u00e4ssigkeit<\/strong>.<\/p>\n<h2>Wie \u00dcberpr\u00fcft Man Archivierte Eurojackpot-Ergebnisse?<\/h2>\n<p>Um die archivierten Eurojackpot-Ergebnisse zu sehen, m\u00fcssen Sie nur den Ergebniskalender auf der LottoMat-Website verwenden. Er befindet sich unter dem Datum der letzten Ziehung. Alles, was Sie tun m\u00fcssen, ist das Datum auszuw\u00e4hlen, das Sie am meisten interessiert, und die bisherigen Spielergebnisse zu sehen.<\/p>\n<h2><img loading=\"lazy\" decoding=\"async\" class=\"alignleft wp-image-257746\" src=\"https:\/\/lottomat.com\/wp-content\/uploads\/2025\/11\/Eurojackpot-tickets-1.webp\" alt=\"Eurojackpot-Scheine\" width=\"200\" height=\"200\" srcset=\"https:\/\/lottomat.com\/wp-content\/uploads\/2025\/11\/Eurojackpot-tickets-1.webp 400w, https:\/\/lottomat.com\/wp-content\/uploads\/2025\/11\/Eurojackpot-tickets-1-300x300.webp 300w, https:\/\/lottomat.com\/wp-content\/uploads\/2025\/11\/Eurojackpot-tickets-1-150x150.webp 150w, https:\/\/lottomat.com\/wp-content\/uploads\/2025\/11\/Eurojackpot-tickets-1-100x100.webp 100w\" sizes=\"auto, (max-width: 200px) 100vw, 200px\" \/>Wie Nutzt Man Archivierte Ziehungsergebnisse und Eurojackpot-Gewinnzahlen?<\/h2>\n<p>Die neuesten und archivierten Lotto-Ergebnisse erm\u00f6glichen es Ihnen zu \u00fcberpr\u00fcfen, welche Zahlen bei fr\u00fcheren Ziehungen gezogen wurden, wie hoch die \u00dcbertragungsh\u00e4ufigkeit bei einer bestimmten Lotterie ist, die Anzahl der Gewinner und die Rekordgewinne. All das dient dazu, dass Sie eine Strategie f\u00fcr das Spielen von Eurojackpot aufbauen und Ihre eigene Methode zur Auswahl von Zahlen entwickeln k\u00f6nnen. Wenn Sie andererseits Zahlen schneller ausw\u00e4hlen, aber dennoch Statistiken verwenden m\u00f6chten, k\u00f6nnen Sie gerne unsere Tipps zu den am h\u00e4ufigsten und am seltensten gezogenen Zahlen bei Eurojackpot-Lotterien nutzen. Alle notwendigen Daten und Informationen finden Sie auf der LottoMat-Website. Denken Sie daran, sich nicht auf Lotterien zu beschr\u00e4nken. Es ist daher eine gute Idee, beim Setzen aus dem gesamten Pool verf\u00fcgbarer Zahlen auszuw\u00e4hlen, da dies Ihre Gewinnchancen f\u00fcr den Hauptpreis erh\u00f6ht.<\/p>\n<h2>Welche Zahlen Werden am H\u00e4ufigsten bei Eurojackpot Gezogen?<\/h2>\n<p>Basierend auf statistischen Analysen von Eurojackpot-Ziehungen seit Beginn der Lotterie im Jahr 2012 umfassen die am h\u00e4ufigsten gezogenen Hauptzahlen <strong>14, 16, 18, 19, 25, 33 und 40<\/strong>. Diese hei\u00dfen Zahlen sind im Laufe der Geschichte der Lotterie h\u00e4ufiger als andere erschienen. Bei den Bonus-Euro-Zahlen wurden die Zahlen <strong>5 und 8 am h\u00e4ufigsten gezogen: jeweils 83 Mal<\/strong>. Viele Lotterie-Spieler verwenden diese Statistiken \u00fcber hei\u00dfe Zahlen, um ihre Zahlenauswahlstrategie zu informieren. W\u00e4hrend theoretisch jede Zahl die gleiche Chance hat, gezogen zu werden, ziehen es einige Spieler vor, aus diesen h\u00e4ufig erscheinenden Zahlen zu w\u00e4hlen, wenn sie ihre Eurojackpot-Auswahl treffen. Es ist erw\u00e4hnenswert, dass <strong>vergangene H\u00e4ufigkeit keine zuk\u00fcnftigen Ergebnisse garantiert<\/strong>, aber diese Statistiken k\u00f6nnen interessante Einblicke f\u00fcr Lotterie-Enthusiasten bieten.<\/p>\n<h2>Welche Zahlen Werden am Seltensten bei Eurojackpot Gezogen?<\/h2>\n<p>Am anderen Ende des Spektrums erscheinen bestimmte Zahlen seltener bei Eurojackpot-Ziehungen und verdienen sich die Bezeichnung &#8222;kalte Zahlen&#8220;. Die am seltensten gezogenen Eurojackpot-Zahlen sind: <strong>48, 2, 36, 50 und ein Gleichstand zwischen 24, 27 und 31<\/strong>. Die am seltensten gezogenen Euro-Zahlen sind <strong>9 und 10<\/strong>. Einige Lotterie-Spieler glauben, dass diese kalten Zahlen bald erscheinen &#8222;sollten&#8220;, obwohl es wichtig ist zu verstehen, dass <strong>jede Ziehung vollst\u00e4ndig zuf\u00e4llig und unabh\u00e4ngig ist<\/strong>. Obwohl dies nicht ist, wie Lottoziehungen funktionieren \u2013 jede Ziehung ist v\u00f6llig zuf\u00e4llig und unverbunden mit der vorherigen Ziehung \u2013 ist es dennoch unterhaltsam herauszufinden, welche Zahlen am seltensten erschienen sind. Ob Sie hei\u00dfe Zahlen, kalte Zahlen oder eine Mischung aus beidem w\u00e4hlen, denken Sie daran, dass <strong>Lotterie-Ergebnisse letztendlich auf Zufall basieren<\/strong>.<\/p>\n<h2>Wie Viele Personen Haben bei der Letzten Eurojackpot-Ziehung Gewonnen?<img loading=\"lazy\" decoding=\"async\" class=\"alignright wp-image-257777\" src=\"https:\/\/lottomat.com\/wp-content\/uploads\/2025\/11\/play-Eurojackpot-1.webp\" alt=\"Eurojackpot spielen\" width=\"200\" height=\"200\" srcset=\"https:\/\/lottomat.com\/wp-content\/uploads\/2025\/11\/play-Eurojackpot-1.webp 400w, https:\/\/lottomat.com\/wp-content\/uploads\/2025\/11\/play-Eurojackpot-1-300x300.webp 300w, https:\/\/lottomat.com\/wp-content\/uploads\/2025\/11\/play-Eurojackpot-1-150x150.webp 150w, https:\/\/lottomat.com\/wp-content\/uploads\/2025\/11\/play-Eurojackpot-1-100x100.webp 100w\" sizes=\"auto, (max-width: 200px) 100vw, 200px\" \/><\/h2>\n<p>Auf unserer Website finden Sie eine detaillierte Tabelle mit umfassenden Informationen \u00fcber die neuesten Eurojackpot-Ziehungsergebnisse, einschlie\u00dflich <strong>der Anzahl der Personen, die Preise in jeder Preisstufe gewonnen haben<\/strong> und <strong>des genauen Betrags, den jeder Preis in Euro wert war<\/strong>. Diese Aufschl\u00fcsselung zeigt Gewinner \u00fcber alle <strong>zw\u00f6lf Preiskategorien<\/strong> hinweg, vom Jackpot-Gewinner bis zu denen, die die minimale Gewinnkombination getroffen haben. Durch die \u00dcberpr\u00fcfung dieser Informationen k\u00f6nnen Sie sehen, dass <strong>Spieler wirklich regelm\u00e4\u00dfig bei Eurojackpot \u00fcber alle Preisstufen hinweg gewinnen<\/strong>. Die Preisaufschl\u00fcsselung demonstriert die Attraktivit\u00e4t der Lotterie mit <strong>mehreren Gewinnm\u00f6glichkeiten und erheblichen Preisen<\/strong> selbst f\u00fcr Treffer niedrigerer Stufen. Diese Transparenz hilft Spielern, ihre Chancen zu verstehen und die reale Auswirkung von Eurojackpot-Ziehungen auf Gewinner in teilnehmenden L\u00e4ndern zu sehen. Sind Sie bereit, am besten Spa\u00df teilzunehmen? <a href=\"https:\/\/lottomat.com\/de\/spielen\/eurojackpot\/\">Spielen Sie Eurojackpot online<\/a> bei LottoMat und gewinnen Sie gro\u00df.<\/p>\n<h2>Was Passiert, Wenn Kein Spieler den Jackpot Gewinnt?<\/h2>\n<p>Wenn kein Spieler alle f\u00fcnf Hauptzahlen plus beide Euro-Zahlen trifft, wird der Jackpot-Betrag <strong>zur n\u00e4chsten Ziehung \u00fcbertragen<\/strong>, wodurch das entsteht, was als \u00dcbertragung oder Akkumulation bekannt ist. Dieser Prozess bedeutet, dass <strong>der Gewinnpool kontinuierlich w\u00e4chst<\/strong>, bis jemand d<\/p>\n","protected":false},"excerpt":{"rendered":"<p>Haben Sie Eurojackpot-Scheine gekauft und fragen sich, ob Sie gewonnen haben? Bis Sie die gezogenen Zahlen kennen, kann alles passieren, und Sie k\u00f6nnen die Lotterie-Ergebnisse auf dieser Website sehen. Wir ver\u00f6ffentlichen sie ultraschnell direkt nach Erhalt einer Nachricht von der Eurojackpot-Veranstalter-Website, sodass Sie garantiert haben, dass sie zuverl\u00e4ssig best\u00e4tigt und zu 100% echt sind. Analysieren [&hellip;]<\/p>\n","protected":false},"author":1,"featured_media":0,"parent":7413,"menu_order":4,"comment_status":"closed","ping_status":"closed","template":"eurojackpot-results.php","meta":{"_et_pb_use_builder":"","_et_pb_old_content":"","_et_gb_content_width":"","exclude_from_search":false,"footnotes":""},"class_list":["post-232610","page","type-page","status-publish","hentry"],"yoast_head":"<!-- This site is optimized with the Yoast SEO plugin v23.8 - https:\/\/yoast.com\/wordpress\/plugins\/seo\/ -->\n<title>Eurojackpot-Ergebnisse - Eurojackpot-Gewinnzahlen - LottoMat<\/title>\n<meta name=\"description\" content=\"\u00dcberpr\u00fcfen Sie die neuesten Eurojackpot-Ergebnisse. Hier k\u00f6nnen Sie Ihre Zahlen mit den offiziellen Eurojackpot-Gewinnzahlen vergleichen. Verpassen Sie die Ziehung nicht!\" \/>\n<meta name=\"robots\" content=\"index, follow, max-snippet:-1, max-image-preview:large, max-video-preview:-1\" \/>\n<link rel=\"canonical\" href=\"https:\/\/lottomat.com\/de\/ergebnisse\/eurojackpot\/\" \/>\n<meta property=\"og:locale\" content=\"de_DE\" \/>\n<meta property=\"og:type\" content=\"article\" \/>\n<meta property=\"og:title\" content=\"Eurojackpot-Ergebnisse - Eurojackpot-Gewinnzahlen - LottoMat\" \/>\n<meta property=\"og:description\" content=\"\u00dcberpr\u00fcfen Sie die neuesten Eurojackpot-Ergebnisse. Hier k\u00f6nnen Sie Ihre Zahlen mit den offiziellen Eurojackpot-Gewinnzahlen vergleichen. Verpassen Sie die Ziehung nicht!\" \/>\n<meta property=\"og:url\" content=\"https:\/\/lottomat.com\/de\/ergebnisse\/eurojackpot\/\" \/>\n<meta property=\"og:site_name\" content=\"Lottomat\" \/>\n<meta property=\"article:modified_time\" content=\"2026-02-01T15:19:41+00:00\" \/>\n<meta property=\"og:image\" content=\"https:\/\/lottomat.com\/wp-content\/uploads\/2025\/11\/Eurojackpot-online-1.webp\" \/>\n<meta name=\"twitter:card\" content=\"summary_large_image\" \/>\n<meta name=\"twitter:label1\" content=\"Gesch\u00e4tzte Lesezeit\" \/>\n\t<meta name=\"twitter:data1\" content=\"9\u00a0Minuten\" \/>\n<script type=\"application\/ld+json\" class=\"yoast-schema-graph\">{\"@context\":\"https:\/\/schema.org\",\"@graph\":[{\"@type\":\"WebPage\",\"@id\":\"https:\/\/lottomat.com\/de\/ergebnisse\/eurojackpot\/\",\"url\":\"https:\/\/lottomat.com\/de\/ergebnisse\/eurojackpot\/\",\"name\":\"Eurojackpot-Ergebnisse - Eurojackpot-Gewinnzahlen - LottoMat\",\"isPartOf\":{\"@id\":\"https:\/\/lottomat.com\/de\/#website\"},\"primaryImageOfPage\":{\"@id\":\"https:\/\/lottomat.com\/de\/ergebnisse\/eurojackpot\/#primaryimage\"},\"image\":{\"@id\":\"https:\/\/lottomat.com\/de\/ergebnisse\/eurojackpot\/#primaryimage\"},\"thumbnailUrl\":\"https:\/\/lottomat.com\/wp-content\/uploads\/2025\/11\/Eurojackpot-online-1.webp\",\"datePublished\":\"2025-03-27T10:35:32+00:00\",\"dateModified\":\"2026-02-01T15:19:41+00:00\",\"description\":\"\u00dcberpr\u00fcfen Sie die neuesten Eurojackpot-Ergebnisse. Hier k\u00f6nnen Sie Ihre Zahlen mit den offiziellen Eurojackpot-Gewinnzahlen vergleichen. Verpassen Sie die Ziehung nicht!\",\"breadcrumb\":{\"@id\":\"https:\/\/lottomat.com\/de\/ergebnisse\/eurojackpot\/#breadcrumb\"},\"inLanguage\":\"de\",\"potentialAction\":[{\"@type\":\"ReadAction\",\"target\":[\"https:\/\/lottomat.com\/de\/ergebnisse\/eurojackpot\/\"]}]},{\"@type\":\"ImageObject\",\"inLanguage\":\"de\",\"@id\":\"https:\/\/lottomat.com\/de\/ergebnisse\/eurojackpot\/#primaryimage\",\"url\":\"https:\/\/lottomat.com\/wp-content\/uploads\/2025\/11\/Eurojackpot-online-1.webp\",\"contentUrl\":\"https:\/\/lottomat.com\/wp-content\/uploads\/2025\/11\/Eurojackpot-online-1.webp\"},{\"@type\":\"BreadcrumbList\",\"@id\":\"https:\/\/lottomat.com\/de\/ergebnisse\/eurojackpot\/#breadcrumb\",\"itemListElement\":[{\"@type\":\"ListItem\",\"position\":1,\"name\":\"Home\",\"item\":\"https:\/\/lottomat.com\/de\/\"},{\"@type\":\"ListItem\",\"position\":2,\"name\":\"Die Neuesten Lotterie-Ergebnisse &#038; Gewinnzahlen\",\"item\":\"https:\/\/lottomat.com\/de\/ergebnisse\/\"},{\"@type\":\"ListItem\",\"position\":3,\"name\":\"Eurojackpot-Ergebnisse &#038; Gewinnzahlen\"}]},{\"@type\":\"WebSite\",\"@id\":\"https:\/\/lottomat.com\/de\/#website\",\"url\":\"https:\/\/lottomat.com\/de\/\",\"name\":\"Lottomat\",\"description\":\"\",\"potentialAction\":[{\"@type\":\"SearchAction\",\"target\":{\"@type\":\"EntryPoint\",\"urlTemplate\":\"https:\/\/lottomat.com\/de\/?s={search_term_string}\"},\"query-input\":{\"@type\":\"PropertyValueSpecification\",\"valueRequired\":true,\"valueName\":\"search_term_string\"}}],\"inLanguage\":\"de\"}]}<\/script>\n<!-- \/ Yoast SEO plugin. -->","yoast_head_json":{"title":"Eurojackpot-Ergebnisse - Eurojackpot-Gewinnzahlen - LottoMat","description":"\u00dcberpr\u00fcfen Sie die neuesten Eurojackpot-Ergebnisse. Hier k\u00f6nnen Sie Ihre Zahlen mit den offiziellen Eurojackpot-Gewinnzahlen vergleichen. Verpassen Sie die Ziehung nicht!","robots":{"index":"index","follow":"follow","max-snippet":"max-snippet:-1","max-image-preview":"max-image-preview:large","max-video-preview":"max-video-preview:-1"},"canonical":"https:\/\/lottomat.com\/de\/ergebnisse\/eurojackpot\/","og_locale":"de_DE","og_type":"article","og_title":"Eurojackpot-Ergebnisse - Eurojackpot-Gewinnzahlen - LottoMat","og_description":"\u00dcberpr\u00fcfen Sie die neuesten Eurojackpot-Ergebnisse. Hier k\u00f6nnen Sie Ihre Zahlen mit den offiziellen Eurojackpot-Gewinnzahlen vergleichen. Verpassen Sie die Ziehung nicht!","og_url":"https:\/\/lottomat.com\/de\/ergebnisse\/eurojackpot\/","og_site_name":"Lottomat","article_modified_time":"2026-02-01T15:19:41+00:00","og_image":[{"url":"https:\/\/lottomat.com\/wp-content\/uploads\/2025\/11\/Eurojackpot-online-1.webp"}],"twitter_card":"summary_large_image","twitter_misc":{"Gesch\u00e4tzte Lesezeit":"9\u00a0Minuten"},"schema":{"@context":"https:\/\/schema.org","@graph":[{"@type":"WebPage","@id":"https:\/\/lottomat.com\/de\/ergebnisse\/eurojackpot\/","url":"https:\/\/lottomat.com\/de\/ergebnisse\/eurojackpot\/","name":"Eurojackpot-Ergebnisse - Eurojackpot-Gewinnzahlen - LottoMat","isPartOf":{"@id":"https:\/\/lottomat.com\/de\/#website"},"primaryImageOfPage":{"@id":"https:\/\/lottomat.com\/de\/ergebnisse\/eurojackpot\/#primaryimage"},"image":{"@id":"https:\/\/lottomat.com\/de\/ergebnisse\/eurojackpot\/#primaryimage"},"thumbnailUrl":"https:\/\/lottomat.com\/wp-content\/uploads\/2025\/11\/Eurojackpot-online-1.webp","datePublished":"2025-03-27T10:35:32+00:00","dateModified":"2026-02-01T15:19:41+00:00","description":"\u00dcberpr\u00fcfen Sie die neuesten Eurojackpot-Ergebnisse. Hier k\u00f6nnen Sie Ihre Zahlen mit den offiziellen Eurojackpot-Gewinnzahlen vergleichen. Verpassen Sie die Ziehung nicht!","breadcrumb":{"@id":"https:\/\/lottomat.com\/de\/ergebnisse\/eurojackpot\/#breadcrumb"},"inLanguage":"de","potentialAction":[{"@type":"ReadAction","target":["https:\/\/lottomat.com\/de\/ergebnisse\/eurojackpot\/"]}]},{"@type":"ImageObject","inLanguage":"de","@id":"https:\/\/lottomat.com\/de\/ergebnisse\/eurojackpot\/#primaryimage","url":"https:\/\/lottomat.com\/wp-content\/uploads\/2025\/11\/Eurojackpot-online-1.webp","contentUrl":"https:\/\/lottomat.com\/wp-content\/uploads\/2025\/11\/Eurojackpot-online-1.webp"},{"@type":"BreadcrumbList","@id":"https:\/\/lottomat.com\/de\/ergebnisse\/eurojackpot\/#breadcrumb","itemListElement":[{"@type":"ListItem","position":1,"name":"Home","item":"https:\/\/lottomat.com\/de\/"},{"@type":"ListItem","position":2,"name":"Die Neuesten Lotterie-Ergebnisse &#038; Gewinnzahlen","item":"https:\/\/lottomat.com\/de\/ergebnisse\/"},{"@type":"ListItem","position":3,"name":"Eurojackpot-Ergebnisse &#038; Gewinnzahlen"}]},{"@type":"WebSite","@id":"https:\/\/lottomat.com\/de\/#website","url":"https:\/\/lottomat.com\/de\/","name":"Lottomat","description":"","potentialAction":[{"@type":"SearchAction","target":{"@type":"EntryPoint","urlTemplate":"https:\/\/lottomat.com\/de\/?s={search_term_string}"},"query-input":{"@type":"PropertyValueSpecification","valueRequired":true,"valueName":"search_term_string"}}],"inLanguage":"de"}]}},"_links":{"self":[{"href":"https:\/\/lottomat.com\/de\/wp-json\/wp\/v2\/pages\/232610","targetHints":{"allow":["GET"]}}],"collection":[{"href":"https:\/\/lottomat.com\/de\/wp-json\/wp\/v2\/pages"}],"about":[{"href":"https:\/\/lottomat.com\/de\/wp-json\/wp\/v2\/types\/page"}],"author":[{"embeddable":true,"href":"https:\/\/lottomat.com\/de\/wp-json\/wp\/v2\/users\/1"}],"replies":[{"embeddable":true,"href":"https:\/\/lottomat.com\/de\/wp-json\/wp\/v2\/comments?post=232610"}],"version-history":[{"count":1,"href":"https:\/\/lottomat.com\/de\/wp-json\/wp\/v2\/pages\/232610\/revisions"}],"predecessor-version":[{"id":270053,"href":"https:\/\/lottomat.com\/de\/wp-json\/wp\/v2\/pages\/232610\/revisions\/270053"}],"up":[{"embeddable":true,"href":"https:\/\/lottomat.com\/de\/wp-json\/wp\/v2\/pages\/7413"}],"wp:attachment":[{"href":"https:\/\/lottomat.com\/de\/wp-json\/wp\/v2\/media?parent=232610"}],"curies":[{"name":"wp","href":"https:\/\/api.w.org\/{rel}","templated":true}]}}