{"id":10614,"date":"2025-03-26T10:16:37","date_gmt":"2025-03-26T10:16:37","guid":{"rendered":"https:\/\/lottomat.net\/informationen-zur-lotterie\/powerball-informationen\/"},"modified":"2026-02-01T15:09:07","modified_gmt":"2026-02-01T15:09:07","slug":"powerball","status":"publish","type":"page","link":"https:\/\/lottomat.com\/de\/lotterie\/powerball\/","title":{"rendered":"Powerball-Preise, Regeln &#038; Jackpot"},"content":{"rendered":"\n\n<div class=\"kk-star-ratings kksr-auto kksr-align-left kksr-valign-top\"\n    data-payload='{&quot;align&quot;:&quot;left&quot;,&quot;id&quot;:&quot;10614&quot;,&quot;slug&quot;:&quot;default&quot;,&quot;valign&quot;:&quot;top&quot;,&quot;ignore&quot;:&quot;&quot;,&quot;reference&quot;:&quot;auto&quot;,&quot;class&quot;:&quot;&quot;,&quot;count&quot;:&quot;0&quot;,&quot;legendonly&quot;:&quot;&quot;,&quot;readonly&quot;:&quot;&quot;,&quot;score&quot;:&quot;0&quot;,&quot;starsonly&quot;:&quot;&quot;,&quot;best&quot;:&quot;5&quot;,&quot;gap&quot;:&quot;5&quot;,&quot;greet&quot;:&quot;Rate this page&quot;,&quot;legend&quot;:&quot;0\\\/5 - (0 votes)&quot;,&quot;size&quot;:&quot;30&quot;,&quot;title&quot;:&quot;Powerball-Preise, Regeln \\u0026amp; Jackpot&quot;,&quot;width&quot;:&quot;0&quot;,&quot;_legend&quot;:&quot;{score}\\\/{best} - ({count} {votes})&quot;,&quot;font_factor&quot;:&quot;1.25&quot;}'>\n            \n<div class=\"kksr-stars\">\n    \n<div class=\"kksr-stars-inactive\">\n            <div class=\"kksr-star\" data-star=\"1\" style=\"padding-right: 5px\">\n            \n\n<div class=\"kksr-icon\" style=\"width: 30px; height: 30px;\"><\/div>\n        <\/div>\n            <div class=\"kksr-star\" data-star=\"2\" style=\"padding-right: 5px\">\n            \n\n<div class=\"kksr-icon\" style=\"width: 30px; height: 30px;\"><\/div>\n        <\/div>\n            <div class=\"kksr-star\" data-star=\"3\" style=\"padding-right: 5px\">\n            \n\n<div class=\"kksr-icon\" style=\"width: 30px; height: 30px;\"><\/div>\n        <\/div>\n            <div class=\"kksr-star\" data-star=\"4\" style=\"padding-right: 5px\">\n            \n\n<div class=\"kksr-icon\" style=\"width: 30px; height: 30px;\"><\/div>\n        <\/div>\n            <div class=\"kksr-star\" data-star=\"5\" style=\"padding-right: 5px\">\n            \n\n<div class=\"kksr-icon\" style=\"width: 30px; height: 30px;\"><\/div>\n        <\/div>\n    <\/div>\n    \n<div class=\"kksr-stars-active\" style=\"width: 0px;\">\n            <div class=\"kksr-star\" style=\"padding-right: 5px\">\n            \n\n<div class=\"kksr-icon\" style=\"width: 30px; height: 30px;\"><\/div>\n        <\/div>\n            <div class=\"kksr-star\" style=\"padding-right: 5px\">\n            \n\n<div class=\"kksr-icon\" style=\"width: 30px; height: 30px;\"><\/div>\n        <\/div>\n            <div class=\"kksr-star\" style=\"padding-right: 5px\">\n            \n\n<div class=\"kksr-icon\" style=\"width: 30px; height: 30px;\"><\/div>\n        <\/div>\n            <div class=\"kksr-star\" style=\"padding-right: 5px\">\n            \n\n<div class=\"kksr-icon\" style=\"width: 30px; height: 30px;\"><\/div>\n        <\/div>\n            <div class=\"kksr-star\" style=\"padding-right: 5px\">\n            \n\n<div class=\"kksr-icon\" style=\"width: 30px; height: 30px;\"><\/div>\n        <\/div>\n    <\/div>\n<\/div>\n                \n\n<div class=\"kksr-legend\" style=\"font-size: 24px;\">\n            <span class=\"kksr-muted\">Rate this page<\/span>\n    <\/div>\n    <\/div>\n<p>Erfahren Sie mehr \u00fcber die Powerball-Preise, den Jackpot und die Spielregeln. Powerball Lotto \u2013 Ein Gl\u00fccksspiel oder eine Lotterie ist eine der beliebtesten Formen der Gl\u00fccksspielunterhaltung weltweit. Die meisten von uns haben mindestens einmal an einer Lottoziehung teilgenommen. Lotterien sind sehr einfache und aufregende Spiele mit klaren Regeln. Es gibt absolut nichts Kompliziertes an ihnen, und jeder kann die Regeln jeder Lotterie sehr schnell lernen. Wenn Sie ein Enthusiast von Zahlenspielen sind und immer noch nach einer neuen und interessanten Lotterie zum Ausprobieren suchen, sollten Sie den Artikel weiterlesen. Wir erz\u00e4hlen Ihnen, was das weltber\u00fchmte Powerball Lotto ist, wie das Spiel funktioniert, die Chancen und Risiken und wie viel man gewinnen kann (Powerball-Preise und Jackpot).<\/p>\n<h2><img loading=\"lazy\" decoding=\"async\" class=\"alignleft wp-image-252449\" src=\"https:\/\/lottomat.com\/wp-content\/uploads\/2025\/10\/Powerball-jackpot-300x300.webp\" alt=\"Powerball-Jackpot\" width=\"200\" height=\"200\" srcset=\"https:\/\/lottomat.com\/wp-content\/uploads\/2025\/10\/Powerball-jackpot-300x300.webp 300w, https:\/\/lottomat.com\/wp-content\/uploads\/2025\/10\/Powerball-jackpot-150x150.webp 150w, https:\/\/lottomat.com\/wp-content\/uploads\/2025\/10\/Powerball-jackpot-100x100.webp 100w, https:\/\/lottomat.com\/wp-content\/uploads\/2025\/10\/Powerball-jackpot.webp 400w\" sizes=\"auto, (max-width: 200px) 100vw, 200px\" \/>Was Ist die Powerball Lotterie?<\/h2>\n<p>Powerball ist eine amerikanische Lotterie, die seit <strong>1988<\/strong> funktioniert. Sie war fr\u00fcher als Lotto America bekannt, aber <strong>1992<\/strong> wurde der Name in das heutige Powerball ge\u00e4ndert. American Powerball ist eine der <a href=\"https:\/\/lottomat.com\/de\/\">beliebtesten Lotterien der Welt<\/a>; sie hat Lotterie-B\u00fcros in den USA in ganzen <strong>45 Bundesstaaten<\/strong> sowie im District of Columbia, Puerto Rico und auf den Jungferninseln. Es ist erw\u00e4hnenswert, dass die Lotterie ein Vorreiter f\u00fcr die Ziehung aus zwei Trommeln war, was h\u00f6here Gewinne erm\u00f6glicht. Die Powerball-Lotto-Ziehungen finden jeden <strong>Montag, Mittwoch und Samstag um 22:59 Uhr EST<\/strong> statt. Das Florida Lottery Studio ist normalerweise der Ort der Ziehung. Wenn Sie nicht in den Vereinigten Staaten leben oder sich dort aufhalten und keine M\u00f6glichkeit haben, <a href=\"https:\/\/lottomat.com\/de\/spielen\/powerball\/\">einen Powerball-Lotto-Schein online zu kaufen<\/a>, dann m\u00fcssen Sie nur unsere <strong>LottoMat-Website<\/strong> nutzen. Hier k\u00f6nnen Sie Powerball Lotto \u00fcber das Internet spielen, interessante Artikel lesen und <a href=\"https:\/\/lottomat.com\/de\/ergebnisse\/powerball\/\">die neuesten Powerball-Ziehungsergebnisse \u00fcberpr\u00fcfen<\/a>.<\/p>\n<h2>Was Sind die Regeln f\u00fcr das Spielen der Powerball Lotterie?<\/h2>\n<p>Seit der Gr\u00fcndung der Lotterie haben sich die Regeln mehrmals ge\u00e4ndert; sie wurde normalerweise modernisiert, um den Spielern zu erm\u00f6glichen, hohe Geld-Powerball-Preise zu gewinnen. Anfangs musste man sieben aus einem Pool von 40 ausw\u00e4hlen. Dann wurde die Auswahl einer zweiten Bonuszahl aus einem kleineren Pool hinzugef\u00fcgt. Die Gr\u00f6\u00dfe des Pools \u00e4nderte sich mehrmals, bis man sich schlie\u00dflich darauf einigte, <strong>f\u00fcnf Zahlen aus 69 und eine aus 26<\/strong> sogenannten Powerballs auszuw\u00e4hlen. Diese Regeln funktionieren noch heute. Eine Zahl aus der Hauptziehung kann mit der zweiten identisch sein.<\/p>\n<h2>Was Sind die Risiken und die Gewinnchancen f\u00fcr Powerball-Preise?<\/h2>\n<p>In einem Wort, sie sind hoch. Die Wahrscheinlichkeit eines Gewinns der ersten Stufe ist <strong>1:292 Millionen<\/strong>. Die Chancen f\u00fcr einen Gewinn der zweiten Stufe sind nur <strong>1:11,5 Millionen<\/strong>, was eine enorme L\u00fccke ist, und die Chancen werden unglaublich h\u00f6her. Zum Vergleich: Die Gewinnchancen beim polnischen Lotto sind 1:14 Millionen f\u00fcr den Hauptpreis. Beim Powerball Lotto <strong>gewinnt 1 von je 25 gesendeten Scheinen<\/strong>. Das Risiko ist also nicht gering, aber die Gewinne auch nicht; tats\u00e4chlich sind sie eine der h\u00f6chsten der Welt. Deshalb sinkt trotz einer solch geringen Wahrscheinlichkeit nicht nur die Zahl der an Powerball interessierten Menschen nicht, sondern sie w\u00e4chst j\u00e4hrlich ununterbrochen weiter. Der Mindest-Powerball-Einsatz betr\u00e4gt <strong>5 Dollar<\/strong>, was f\u00fcr die meisten Spieler sehr attraktiv ist, besonders angesichts der hohen Gewinne.<\/p>\n<h2><img loading=\"lazy\" decoding=\"async\" class=\"wp-image-252479 alignright\" src=\"https:\/\/lottomat.com\/wp-content\/uploads\/2025\/10\/Powerball-prizes-300x300.webp\" alt=\"Powerball-Preise\" width=\"200\" height=\"200\" srcset=\"https:\/\/lottomat.com\/wp-content\/uploads\/2025\/10\/Powerball-prizes-300x300.webp 300w, https:\/\/lottomat.com\/wp-content\/uploads\/2025\/10\/Powerball-prizes-150x150.webp 150w, https:\/\/lottomat.com\/wp-content\/uploads\/2025\/10\/Powerball-prizes-100x100.webp 100w, https:\/\/lottomat.com\/wp-content\/uploads\/2025\/10\/Powerball-prizes.webp 400w\" sizes=\"auto, (max-width: 200px) 100vw, 200px\" \/><\/h2>\n<h2>Was Sind Powerball-Preise \u2013 Wie Viel Kann Man Gewinnen?<\/h2>\n<p>Zu sagen, dass Powerball sehr hohe Gewinne bietet, ist wie nichts zu sagen. Wir sprechen von enormen Betr\u00e4gen; es ist schwer vorstellbar, was man mit einem so riesigen Preis machen soll. Wenn Sie gewinnen, werden Ihre Kinder, Enkelkinder, Urenkel und Ururenkel nie wieder arbeiten m\u00fcssen. Der niedrigste garantierte Gewinn bei Powerball betr\u00e4gt <strong>20 Millionen Dollar<\/strong>. Ganz zu schweigen davon, dass die durchschnittlichen Gewinne bei etwa 110-120 Millionen Dollar liegen. Die Gewinne der zweiten Stufe sehen weniger ansprechend aus. Es ist eine &#8222;bescheidene&#8220; <strong>Million Dollar<\/strong>. Es reicht jedoch aus, f\u00fcnf richtige Zahlen auszuw\u00e4hlen, um ein gl\u00fccklicher Besitzer zu werden. Alles \u00e4ndert sich jedoch, wenn eine \u00dcbertragung stattfindet. Oh ja! Ein \u00dcbertragsjackpot bei Powerball ist purer und unverf\u00e4lschter Wahnsinn.<\/p>\n<h2>Wie Sind Powerball-\u00dcbertragungen?<\/h2>\n<p>Was Powerball haupts\u00e4chlich von zum Beispiel der polnischen Lotto-Lotterie unterscheidet, sind massive \u00dcbertragungen, die das Herz schneller schlagen lassen, und die Jackpots, die damit einhergehen, sind schockierend hoch. Wie sollen die Emotionen nicht in die H\u00f6he schie\u00dfen, wenn Powerball <strong>so etwas wie eine obere \u00dcbertragungsschwelle nicht kennt<\/strong>? Das bedeutet, wenn die Spieler Gl\u00fcck haben und es mehrmals vorkommt, dass niemand den Hauptpreis gewinnt, sammelt sich der Pool an, bis die richtigen Zahlen ausgew\u00e4hlt werden. Ein Lotto-\u00dcbertragsjackpot wird normalerweise unter mehreren Spielern aufgeteilt, was bedeutet, dass der Preis proportional unter ihnen aufgeteilt wird. Aber es ist mehr als einmal in der Geschichte von Powerball vorgekommen, dass nur eine einzige Person die gezogenen Zahlen ausgew\u00e4hlt und den gesamten Jackpot nur f\u00fcr sich gewonnen hat.<\/p>\n<h2>Was War der Rekordgewinn in der Powerball Lotterie?<img loading=\"lazy\" decoding=\"async\" class=\"wp-image-252509 alignleft\" src=\"https:\/\/lottomat.com\/wp-content\/uploads\/2025\/10\/Powerball-rules-300x300.webp\" alt=\"Powerball-Regeln\" width=\"200\" height=\"200\" srcset=\"https:\/\/lottomat.com\/wp-content\/uploads\/2025\/10\/Powerball-rules-300x300.webp 300w, https:\/\/lottomat.com\/wp-content\/uploads\/2025\/10\/Powerball-rules-150x150.webp 150w, https:\/\/lottomat.com\/wp-content\/uploads\/2025\/10\/Powerball-rules-100x100.webp 100w, https:\/\/lottomat.com\/wp-content\/uploads\/2025\/10\/Powerball-rules.webp 400w\" sizes=\"auto, (max-width: 200px) 100vw, 200px\" \/><\/h2>\n<p>Der Rekord-Jackpot in der Powerball-Geschichte wurde am <strong>7. November 2022<\/strong> gewonnen und erreichte unglaubliche <strong>2,04 Milliarden $<\/strong> mit einem Barwert von <strong>997,6 Millionen $<\/strong>. Dies bleibt der gr\u00f6\u00dfte jemals weltweit gewonnene Lotterie-Jackpot. Der gewinnende Schein wurde in Kalifornien verkauft und wurde von einem einzigen Gewinner beansprucht. Der zweitgr\u00f6\u00dfte Powerball-Jackpot betrug <strong>1,787 Milliarden $<\/strong>, gewonnen im September 2025 durch Scheine, die in Missouri und Texas verkauft wurden.<\/p>\n<h2>Wer Kann Powerball Spielen und Powerball-Preise Gewinnen?<\/h2>\n<p>Jeder bekommt eine Chance zu spielen, solange er erwachsen ist. Noch vor nicht allzu langer Zeit war Powerball nur f\u00fcr Amerikaner oder jeden auf dem Territorium der Vereinigten Staaten verf\u00fcgbar, der ein Lotterie-B\u00fcro nutzen konnte. Jetzt ist alles anders. Und das alles dank Internet-Lotterien und unserer <a href=\"https:\/\/lottomat.com\/de\/\"><strong>LottoMat-Website<\/strong><\/a>. Es spielt keine Rolle, ob Sie in Afrika, Asien oder Europa leben. Oder ob Sie am Schreibtisch sitzen, im Bett liegen, joggen oder sich im Hinterhof entspannen. Sie k\u00f6nnen Powerball spielen und den Powerball-Jackpot \u00fcberall gewinnen. Online-Lotterien sind unglaublich beliebt geworden; die meisten Spieler nutzen diese Art von L\u00f6sung, da sie bequem ist. Alles, was Sie brauchen, ist <strong>Internetzugang<\/strong>. Es gibt Spielern auf der ganzen Welt viel Freiheit.<\/p>\n<h2>Wie Spielt Man Powerball \u00dcber das Internet?<\/h2>\n<p>Alles, was Sie tun m\u00fcssen, ist sich auf der <strong>LottoMat-Website<\/strong> anzumelden und einen Schein mit Ihren Lieblingszahlen auszuf\u00fcllen. Das war&#8217;s. Dann warten Sie auf die Ziehung und \u00fcberpr\u00fcfen die Powerball-Ergebnisse. Diese sind auch einfach auf unserer Website nachzuschlagen. Powerball \u00fcber das Internet zu spielen ist unglaublich einfach und es gibt so viel Aufregung.<\/p>\n<h2>Wann Finden Powerball-Lotto-Ziehungen Statt?<\/h2>\n<p>Powerball-Ziehungen finden <strong>dreimal pro Woche statt \u2013 am Montag, Mittwoch und Samstag<\/strong>. Suchen Sie nach starken Emotionen und fantastischen Gewinnen? Spielen Sie Powerball Lotto online \u2013 schnell, bequem und ohne das Haus zu verlassen. Viel Gl\u00fcck!<\/p>\n<h2>Powerball-Preise und Gewinnchancen-Tabelle<\/h2>\n","protected":false},"excerpt":{"rendered":"<p>Erfahren Sie mehr \u00fcber die Powerball-Preise, den Jackpot und die Spielregeln. Powerball Lotto \u2013 Ein Gl\u00fccksspiel oder eine Lotterie ist eine der beliebtesten Formen der Gl\u00fccksspielunterhaltung weltweit. Die meisten von uns haben mindestens einmal an einer Lottoziehung teilgenommen. Lotterien sind sehr einfache und aufregende Spiele mit klaren Regeln. Es gibt absolut nichts Kompliziertes an ihnen, [&hellip;]<\/p>\n","protected":false},"author":1,"featured_media":0,"parent":6865,"menu_order":1,"comment_status":"closed","ping_status":"closed","template":"powerball-usa-info.php","meta":{"_et_pb_use_builder":"","_et_pb_old_content":"","_et_gb_content_width":"","exclude_from_search":false,"footnotes":""},"class_list":["post-10614","page","type-page","status-publish","hentry"],"yoast_head":"<!-- This site is optimized with the Yoast SEO plugin v23.8 - https:\/\/yoast.com\/wordpress\/plugins\/seo\/ -->\n<title>Powerball-Preise, Regeln &amp; Jackpot - LottoMat<\/title>\n<meta name=\"description\" content=\"\u00dcberpr\u00fcfen Sie die Powerball-Preise, den Jackpot und die Powerball-Spielregeln. Erfahren Sie mehr \u00fcber Ihre Gewinnchancen bei dieser amerikanischen Lotterie.\" \/>\n<meta name=\"robots\" content=\"index, follow, max-snippet:-1, max-image-preview:large, max-video-preview:-1\" \/>\n<link rel=\"canonical\" href=\"https:\/\/lottomat.com\/de\/lotterie\/powerball\/\" \/>\n<meta property=\"og:locale\" content=\"de_DE\" \/>\n<meta property=\"og:type\" content=\"article\" \/>\n<meta property=\"og:title\" content=\"Powerball-Preise, Regeln &amp; Jackpot - LottoMat\" \/>\n<meta property=\"og:description\" content=\"\u00dcberpr\u00fcfen Sie die Powerball-Preise, den Jackpot und die Powerball-Spielregeln. Erfahren Sie mehr \u00fcber Ihre Gewinnchancen bei dieser amerikanischen Lotterie.\" \/>\n<meta property=\"og:url\" content=\"https:\/\/lottomat.com\/de\/lotterie\/powerball\/\" \/>\n<meta property=\"og:site_name\" content=\"Lottomat\" \/>\n<meta property=\"article:modified_time\" content=\"2026-02-01T15:09:07+00:00\" \/>\n<meta property=\"og:image\" content=\"https:\/\/lottomat.com\/wp-content\/uploads\/2025\/10\/Powerball-jackpot-300x300.webp\" \/>\n<meta name=\"twitter:card\" content=\"summary_large_image\" \/>\n<meta name=\"twitter:label1\" content=\"Gesch\u00e4tzte Lesezeit\" \/>\n\t<meta name=\"twitter:data1\" content=\"6\u00a0Minuten\" \/>\n<script type=\"application\/ld+json\" class=\"yoast-schema-graph\">{\"@context\":\"https:\/\/schema.org\",\"@graph\":[{\"@type\":\"WebPage\",\"@id\":\"https:\/\/lottomat.com\/de\/lotterie\/powerball\/\",\"url\":\"https:\/\/lottomat.com\/de\/lotterie\/powerball\/\",\"name\":\"Powerball-Preise, Regeln & Jackpot - LottoMat\",\"isPartOf\":{\"@id\":\"https:\/\/lottomat.com\/de\/#website\"},\"primaryImageOfPage\":{\"@id\":\"https:\/\/lottomat.com\/de\/lotterie\/powerball\/#primaryimage\"},\"image\":{\"@id\":\"https:\/\/lottomat.com\/de\/lotterie\/powerball\/#primaryimage\"},\"thumbnailUrl\":\"https:\/\/lottomat.com\/wp-content\/uploads\/2025\/10\/Powerball-jackpot-300x300.webp\",\"datePublished\":\"2025-03-26T10:16:37+00:00\",\"dateModified\":\"2026-02-01T15:09:07+00:00\",\"description\":\"\u00dcberpr\u00fcfen Sie die Powerball-Preise, den Jackpot und die Powerball-Spielregeln. Erfahren Sie mehr \u00fcber Ihre Gewinnchancen bei dieser amerikanischen Lotterie.\",\"breadcrumb\":{\"@id\":\"https:\/\/lottomat.com\/de\/lotterie\/powerball\/#breadcrumb\"},\"inLanguage\":\"de\",\"potentialAction\":[{\"@type\":\"ReadAction\",\"target\":[\"https:\/\/lottomat.com\/de\/lotterie\/powerball\/\"]}]},{\"@type\":\"ImageObject\",\"inLanguage\":\"de\",\"@id\":\"https:\/\/lottomat.com\/de\/lotterie\/powerball\/#primaryimage\",\"url\":\"https:\/\/lottomat.com\/wp-content\/uploads\/2025\/10\/Powerball-jackpot-300x300.webp\",\"contentUrl\":\"https:\/\/lottomat.com\/wp-content\/uploads\/2025\/10\/Powerball-jackpot-300x300.webp\"},{\"@type\":\"BreadcrumbList\",\"@id\":\"https:\/\/lottomat.com\/de\/lotterie\/powerball\/#breadcrumb\",\"itemListElement\":[{\"@type\":\"ListItem\",\"position\":1,\"name\":\"Home\",\"item\":\"https:\/\/lottomat.com\/de\/\"},{\"@type\":\"ListItem\",\"position\":2,\"name\":\"Lotterie-Regeln: Preise, Jackpot &#038; Gewinnchancen\",\"item\":\"https:\/\/lottomat.com\/de\/lotterie\/\"},{\"@type\":\"ListItem\",\"position\":3,\"name\":\"Powerball-Preise, Regeln &#038; Jackpot\"}]},{\"@type\":\"WebSite\",\"@id\":\"https:\/\/lottomat.com\/de\/#website\",\"url\":\"https:\/\/lottomat.com\/de\/\",\"name\":\"Lottomat\",\"description\":\"\",\"potentialAction\":[{\"@type\":\"SearchAction\",\"target\":{\"@type\":\"EntryPoint\",\"urlTemplate\":\"https:\/\/lottomat.com\/de\/?s={search_term_string}\"},\"query-input\":{\"@type\":\"PropertyValueSpecification\",\"valueRequired\":true,\"valueName\":\"search_term_string\"}}],\"inLanguage\":\"de\"}]}<\/script>\n<!-- \/ Yoast SEO plugin. -->","yoast_head_json":{"title":"Powerball-Preise, Regeln & Jackpot - LottoMat","description":"\u00dcberpr\u00fcfen Sie die Powerball-Preise, den Jackpot und die Powerball-Spielregeln. Erfahren Sie mehr \u00fcber Ihre Gewinnchancen bei dieser amerikanischen Lotterie.","robots":{"index":"index","follow":"follow","max-snippet":"max-snippet:-1","max-image-preview":"max-image-preview:large","max-video-preview":"max-video-preview:-1"},"canonical":"https:\/\/lottomat.com\/de\/lotterie\/powerball\/","og_locale":"de_DE","og_type":"article","og_title":"Powerball-Preise, Regeln & Jackpot - LottoMat","og_description":"\u00dcberpr\u00fcfen Sie die Powerball-Preise, den Jackpot und die Powerball-Spielregeln. Erfahren Sie mehr \u00fcber Ihre Gewinnchancen bei dieser amerikanischen Lotterie.","og_url":"https:\/\/lottomat.com\/de\/lotterie\/powerball\/","og_site_name":"Lottomat","article_modified_time":"2026-02-01T15:09:07+00:00","og_image":[{"url":"https:\/\/lottomat.com\/wp-content\/uploads\/2025\/10\/Powerball-jackpot-300x300.webp"}],"twitter_card":"summary_large_image","twitter_misc":{"Gesch\u00e4tzte Lesezeit":"6\u00a0Minuten"},"schema":{"@context":"https:\/\/schema.org","@graph":[{"@type":"WebPage","@id":"https:\/\/lottomat.com\/de\/lotterie\/powerball\/","url":"https:\/\/lottomat.com\/de\/lotterie\/powerball\/","name":"Powerball-Preise, Regeln & Jackpot - LottoMat","isPartOf":{"@id":"https:\/\/lottomat.com\/de\/#website"},"primaryImageOfPage":{"@id":"https:\/\/lottomat.com\/de\/lotterie\/powerball\/#primaryimage"},"image":{"@id":"https:\/\/lottomat.com\/de\/lotterie\/powerball\/#primaryimage"},"thumbnailUrl":"https:\/\/lottomat.com\/wp-content\/uploads\/2025\/10\/Powerball-jackpot-300x300.webp","datePublished":"2025-03-26T10:16:37+00:00","dateModified":"2026-02-01T15:09:07+00:00","description":"\u00dcberpr\u00fcfen Sie die Powerball-Preise, den Jackpot und die Powerball-Spielregeln. Erfahren Sie mehr \u00fcber Ihre Gewinnchancen bei dieser amerikanischen Lotterie.","breadcrumb":{"@id":"https:\/\/lottomat.com\/de\/lotterie\/powerball\/#breadcrumb"},"inLanguage":"de","potentialAction":[{"@type":"ReadAction","target":["https:\/\/lottomat.com\/de\/lotterie\/powerball\/"]}]},{"@type":"ImageObject","inLanguage":"de","@id":"https:\/\/lottomat.com\/de\/lotterie\/powerball\/#primaryimage","url":"https:\/\/lottomat.com\/wp-content\/uploads\/2025\/10\/Powerball-jackpot-300x300.webp","contentUrl":"https:\/\/lottomat.com\/wp-content\/uploads\/2025\/10\/Powerball-jackpot-300x300.webp"},{"@type":"BreadcrumbList","@id":"https:\/\/lottomat.com\/de\/lotterie\/powerball\/#breadcrumb","itemListElement":[{"@type":"ListItem","position":1,"name":"Home","item":"https:\/\/lottomat.com\/de\/"},{"@type":"ListItem","position":2,"name":"Lotterie-Regeln: Preise, Jackpot &#038; Gewinnchancen","item":"https:\/\/lottomat.com\/de\/lotterie\/"},{"@type":"ListItem","position":3,"name":"Powerball-Preise, Regeln &#038; Jackpot"}]},{"@type":"WebSite","@id":"https:\/\/lottomat.com\/de\/#website","url":"https:\/\/lottomat.com\/de\/","name":"Lottomat","description":"","potentialAction":[{"@type":"SearchAction","target":{"@type":"EntryPoint","urlTemplate":"https:\/\/lottomat.com\/de\/?s={search_term_string}"},"query-input":{"@type":"PropertyValueSpecification","valueRequired":true,"valueName":"search_term_string"}}],"inLanguage":"de"}]}},"_links":{"self":[{"href":"https:\/\/lottomat.com\/de\/wp-json\/wp\/v2\/pages\/10614","targetHints":{"allow":["GET"]}}],"collection":[{"href":"https:\/\/lottomat.com\/de\/wp-json\/wp\/v2\/pages"}],"about":[{"href":"https:\/\/lottomat.com\/de\/wp-json\/wp\/v2\/types\/page"}],"author":[{"embeddable":true,"href":"https:\/\/lottomat.com\/de\/wp-json\/wp\/v2\/users\/1"}],"replies":[{"embeddable":true,"href":"https:\/\/lottomat.com\/de\/wp-json\/wp\/v2\/comments?post=10614"}],"version-history":[{"count":1,"href":"https:\/\/lottomat.com\/de\/wp-json\/wp\/v2\/pages\/10614\/revisions"}],"predecessor-version":[{"id":270048,"href":"https:\/\/lottomat.com\/de\/wp-json\/wp\/v2\/pages\/10614\/revisions\/270048"}],"up":[{"embeddable":true,"href":"https:\/\/lottomat.com\/de\/wp-json\/wp\/v2\/pages\/6865"}],"wp:attachment":[{"href":"https:\/\/lottomat.com\/de\/wp-json\/wp\/v2\/media?parent=10614"}],"curies":[{"name":"wp","href":"https:\/\/api.w.org\/{rel}","templated":true}]}}