{"id":10096,"date":"2025-03-26T13:41:46","date_gmt":"2025-03-26T13:41:46","guid":{"rendered":"https:\/\/lottomat.net\/informationen-zur-lotterie\/mega-millions-informationen\/"},"modified":"2026-02-26T20:32:26","modified_gmt":"2026-02-26T20:32:26","slug":"mega-millions","status":"publish","type":"page","link":"https:\/\/lottomat.com\/de\/lotterie\/mega-millions\/","title":{"rendered":"Mega Millions-Preise, Regeln &#038; Jackpot"},"content":{"rendered":"\n\n<div class=\"kk-star-ratings kksr-auto kksr-align-left kksr-valign-top\"\n    data-payload='{&quot;align&quot;:&quot;left&quot;,&quot;id&quot;:&quot;10096&quot;,&quot;slug&quot;:&quot;default&quot;,&quot;valign&quot;:&quot;top&quot;,&quot;ignore&quot;:&quot;&quot;,&quot;reference&quot;:&quot;auto&quot;,&quot;class&quot;:&quot;&quot;,&quot;count&quot;:&quot;0&quot;,&quot;legendonly&quot;:&quot;&quot;,&quot;readonly&quot;:&quot;&quot;,&quot;score&quot;:&quot;0&quot;,&quot;starsonly&quot;:&quot;&quot;,&quot;best&quot;:&quot;5&quot;,&quot;gap&quot;:&quot;5&quot;,&quot;greet&quot;:&quot;Rate this page&quot;,&quot;legend&quot;:&quot;0\\\/5 - (0 votes)&quot;,&quot;size&quot;:&quot;30&quot;,&quot;title&quot;:&quot;Mega Millions-Preise, Regeln \\u0026amp; Jackpot&quot;,&quot;width&quot;:&quot;0&quot;,&quot;_legend&quot;:&quot;{score}\\\/{best} - ({count} {votes})&quot;,&quot;font_factor&quot;:&quot;1.25&quot;}'>\n            \n<div class=\"kksr-stars\">\n    \n<div class=\"kksr-stars-inactive\">\n            <div class=\"kksr-star\" data-star=\"1\" style=\"padding-right: 5px\">\n            \n\n<div class=\"kksr-icon\" style=\"width: 30px; height: 30px;\"><\/div>\n        <\/div>\n            <div class=\"kksr-star\" data-star=\"2\" style=\"padding-right: 5px\">\n            \n\n<div class=\"kksr-icon\" style=\"width: 30px; height: 30px;\"><\/div>\n        <\/div>\n            <div class=\"kksr-star\" data-star=\"3\" style=\"padding-right: 5px\">\n            \n\n<div class=\"kksr-icon\" style=\"width: 30px; height: 30px;\"><\/div>\n        <\/div>\n            <div class=\"kksr-star\" data-star=\"4\" style=\"padding-right: 5px\">\n            \n\n<div class=\"kksr-icon\" style=\"width: 30px; height: 30px;\"><\/div>\n        <\/div>\n            <div class=\"kksr-star\" data-star=\"5\" style=\"padding-right: 5px\">\n            \n\n<div class=\"kksr-icon\" style=\"width: 30px; height: 30px;\"><\/div>\n        <\/div>\n    <\/div>\n    \n<div class=\"kksr-stars-active\" style=\"width: 0px;\">\n            <div class=\"kksr-star\" style=\"padding-right: 5px\">\n            \n\n<div class=\"kksr-icon\" style=\"width: 30px; height: 30px;\"><\/div>\n        <\/div>\n            <div class=\"kksr-star\" style=\"padding-right: 5px\">\n            \n\n<div class=\"kksr-icon\" style=\"width: 30px; height: 30px;\"><\/div>\n        <\/div>\n            <div class=\"kksr-star\" style=\"padding-right: 5px\">\n            \n\n<div class=\"kksr-icon\" style=\"width: 30px; height: 30px;\"><\/div>\n        <\/div>\n            <div class=\"kksr-star\" style=\"padding-right: 5px\">\n            \n\n<div class=\"kksr-icon\" style=\"width: 30px; height: 30px;\"><\/div>\n        <\/div>\n            <div class=\"kksr-star\" style=\"padding-right: 5px\">\n            \n\n<div class=\"kksr-icon\" style=\"width: 30px; height: 30px;\"><\/div>\n        <\/div>\n    <\/div>\n<\/div>\n                \n\n<div class=\"kksr-legend\" style=\"font-size: 24px;\">\n            <span class=\"kksr-muted\">Rate this page<\/span>\n    <\/div>\n    <\/div>\n<p><strong>M\u00f6chten Sie Mega Millions-Preise und Jackpots gewinnen?<\/strong> Spieler aus der ganzen Welt \u00fcberlegen kontinuierlich, wie sie das System bei Zahlenspielen knacken k\u00f6nnen, auf welche Lotterie sie setzen sollen, ob sie in Kombinationen spielen oder konsequent bei nur einem Spiel bleiben sollen. Leider gibt es auf diese Frage keine einheitliche Antwort. Jeder erfahrene Lotto-Spieler hat seine Theorien, \u00dcberzeugungen und Gewohnheiten. Was man tun kann, ist vor allem, viel \u00fcber die verschiedenen Online-Lotterien zu lernen, um eine informierte Entscheidung dar\u00fcber zu treffen, was man spielen m\u00f6chte. Alles, was Sie \u00fcber die besten und beliebtesten Online-Gl\u00fccksspiele wissen m\u00fcssen, finden Sie auf der LottoMat-Website. Dort k\u00f6nnen Sie auch Ihre bevorzugte Lotterie spielen oder <a href=\"https:\/\/lottomat.com\/de\/ergebnisse\/\">die neuesten Lottoziehungsergebnisse \u00fcberpr\u00fcfen<\/a>. Im folgenden Artikel konzentrieren wir uns auf die Mega Millions-Preise, Regeln und wesentliche Informationen.<\/p>\n<h2>Was ist die Mega Millions Lotterie?<img loading=\"lazy\" decoding=\"async\" class=\"alignright wp-image-253136\" src=\"https:\/\/lottomat.com\/wp-content\/uploads\/2025\/10\/prizes-and-jackpot.webp\" alt=\"Preise und Jackpot\" width=\"200\" height=\"200\" srcset=\"https:\/\/lottomat.com\/wp-content\/uploads\/2025\/10\/prizes-and-jackpot.webp 400w, https:\/\/lottomat.com\/wp-content\/uploads\/2025\/10\/prizes-and-jackpot-300x300.webp 300w, https:\/\/lottomat.com\/wp-content\/uploads\/2025\/10\/prizes-and-jackpot-150x150.webp 150w, https:\/\/lottomat.com\/wp-content\/uploads\/2025\/10\/prizes-and-jackpot-100x100.webp 100w\" sizes=\"auto, (max-width: 200px) 100vw, 200px\" \/><\/h2>\n<p>Mega Millions online ist zusammen mit dem Powerball-Spiel die beliebteste amerikanische Lotterie f\u00fcr die Zahlenauswahl. Sie erlangte ihre Beliebtheit durch ihre klaren, leicht zu spielenden Regeln und astronomische Gewinne, und vor allem durch ihre unglaublichen Gewinnchancen. Beispiellose Emotionen begleiten jede Ziehung, und wenn es einen Mega Millions-Jackpot gibt, werden nicht nur die Spieler verr\u00fcckt, sondern auch diejenigen, die nicht einmal am Spiel teilnehmen. Scheine f\u00fcr diese Lotterie werden von fast jedem Amerikaner gekauft, sogar von denen, die sich nicht prim\u00e4r f\u00fcr Gl\u00fccksspiele interessieren. Jackpots begeistern nicht nur Amerikaner, sondern das Spiel ist auch weltweit beliebt. Dank der M\u00f6glichkeit, <a href=\"https:\/\/lottomat.com\/de\/spielen\/mega-millions\/\">Mega Millions online zu spielen<\/a>, kann jeder Erwachsene von \u00fcberall auf der Welt an dieser unglaublichen Lotterie teilnehmen.<\/p>\n<h2>Was ist die Geschichte von Mega Millions?<\/h2>\n<p>Diese Lotterie wurde 1996 gegr\u00fcndet und hie\u00df urspr\u00fcnglich The Big Game, die sechs Jahre sp\u00e4ter in den heute bekannten Namen umbenannt wurde: Mega Millions. Anfangs war sie nur in sechs Bundesstaaten verf\u00fcgbar: Georgia, Maryland, Illinois, Massachusetts, Virginia und Michigan. Derzeit hat Mega Millions Lotterie-B\u00fcros in <strong>45 Bundesstaaten, im District of Columbia und auf den Amerikanischen Jungferninseln<\/strong>. Eine Mega Millions-Lottoziehung findet jeden <strong>Mittwoch- und Samstagabend um 03:00 UTC<\/strong> statt, einschlie\u00dflich der von der Georgia Lottery beobachteten Feiertage. Ziehungen der Mega Millions-Preise und des Hauptjackpots finden in Georgia statt, speziell in Atlanta.<\/p>\n<h2><img loading=\"lazy\" decoding=\"async\" class=\"alignleft wp-image-253166\" src=\"https:\/\/lottomat.com\/wp-content\/uploads\/2025\/10\/Mega-Millions-jackpot.webp\" alt=\"Mega Millions-Jackpot\" width=\"200\" height=\"200\" srcset=\"https:\/\/lottomat.com\/wp-content\/uploads\/2025\/10\/Mega-Millions-jackpot.webp 400w, https:\/\/lottomat.com\/wp-content\/uploads\/2025\/10\/Mega-Millions-jackpot-300x300.webp 300w, https:\/\/lottomat.com\/wp-content\/uploads\/2025\/10\/Mega-Millions-jackpot-150x150.webp 150w, https:\/\/lottomat.com\/wp-content\/uploads\/2025\/10\/Mega-Millions-jackpot-100x100.webp 100w\" sizes=\"auto, (max-width: 200px) 100vw, 200px\" \/>Was Sind die Regeln von Mega Millions?<\/h2>\n<p>Die aktuellen Mega Millions-Regeln sind unkompliziert, \u00e4hnlich wie die in anderen Lotterien. Um zu spielen, w\u00e4hlen Sie <strong>f\u00fcnf Zahlen aus einem Pool von 70 Zahlen<\/strong> und eine zus\u00e4tzliche Zahl (genannt Mega Ball) aus einem <strong>Pool von 24 goldenen Kugeln<\/strong>. Die zus\u00e4tzliche Zahl wird Mega Ball genannt und wird aus einem zweiten Zahlensatz gezogen, wodurch sie mit einer gezogenen Hauptzahl \u00fcbereinstimmen kann.<\/p>\n<h3>Wichtige \u00c4nderungen im Jahr 2025<\/h3>\n<ul class=\"list\">\n<li><strong>Scheinpreis:<\/strong> Kostet jetzt 5 $ pro Spiel (erh\u00f6ht von 2 $)<\/li>\n<li><strong>Eingebauter Multiplikator:<\/strong> Jeder Schein beinhaltet automatisch einen Multiplikator (2X, 3X, 4X, 5X oder 10X)<\/li>\n<li><strong>Startjackpot:<\/strong> Erh\u00f6ht von 20 Millionen auf 50 Millionen $<\/li>\n<li><strong>Bessere Gewinnchancen:<\/strong> Jackpot-Gewinnchancen verbessert von 1 zu 302.575.350 auf 1 zu 290.472.336<\/li>\n<li><strong>Mega Ball-Pool:<\/strong> Reduziert von 25 auf 24 Zahlen<\/li>\n<\/ul>\n<p><strong>Das richtige Erraten aller sechs Zahlen<\/strong> gewinnt Ihnen den Hauptpreis. <strong>Preise der zweiten Stufe reichen von 2 Millionen bis 10 Millionen $<\/strong> (abh\u00e4ngig vom Multiplikator), und Spieler k\u00f6nnen gewinnen, indem sie f\u00fcnf Basiszahlen aus dem gr\u00f6\u00dferen Pool erraten. <strong>Kolossale Unterschiede trennen<\/strong> die erste und zweite Stufe der Mega Millions-Preise! Wenn sich herausstellt, dass niemand nach einer Ziehung alle Lottozahlen erraten hat, findet eine \u00dcbertragung statt. Der Jackpot bei einer Mega Millions-\u00dcbertragung kann unglaublich hohe Betr\u00e4ge erreichen. Es ist haupts\u00e4chlich eine gute Idee, Mega Millions-Lotteriescheine online w\u00e4hrend einer \u00dcbertragung zu kaufen.<\/p>\n<h2>Was Sind die Gr\u00f6\u00dften Mega Millions-Jackpots in der Geschichte?<img loading=\"lazy\" decoding=\"async\" class=\"alignright wp-image-253196\" src=\"https:\/\/lottomat.com\/wp-content\/uploads\/2025\/10\/rules-of-playing.webp\" alt=\"Spielregeln\" width=\"200\" height=\"200\" srcset=\"https:\/\/lottomat.com\/wp-content\/uploads\/2025\/10\/rules-of-playing.webp 400w, https:\/\/lottomat.com\/wp-content\/uploads\/2025\/10\/rules-of-playing-300x300.webp 300w, https:\/\/lottomat.com\/wp-content\/uploads\/2025\/10\/rules-of-playing-150x150.webp 150w, https:\/\/lottomat.com\/wp-content\/uploads\/2025\/10\/rules-of-playing-100x100.webp 100w\" sizes=\"auto, (max-width: 200px) 100vw, 200px\" \/><\/h2>\n<p>Die f\u00fcnf gr\u00f6\u00dften jemals gewonnenen Mega Millions-Jackpots sind:<\/p>\n<ol class=\"list\">\n<li><strong>1,602 Milliarden $<\/strong> (8. August 2023) &#8211; Gewonnen in Florida<\/li>\n<li><strong>1,537 Milliarden $<\/strong> (23. Oktober 2018) &#8211; Gewonnen in South Carolina<\/li>\n<li><strong>1,35 Milliarden $<\/strong> (13. Januar 2023) &#8211; Gewonnen in Maine<\/li>\n<li><strong>1,337 Milliarden $<\/strong> (29. Juli 2022) &#8211; Gewonnen in Illinois<\/li>\n<li><strong>1,22 Milliarden $<\/strong> (27. Dezember 2024) &#8211; Gewonnen in Kalifornien<\/li>\n<\/ol>\n<p>Diese rekordverd\u00e4chtigen Jackpots demonstrieren das unglaubliche Potenzial von Mega Millions-\u00dcbertragungen und zeigen, wie das Spiel einige der gr\u00f6\u00dften Lotterie-Preise in der Weltgeschichte hervorgebracht hat.<\/p>\n<h2>Was ist das Risiko beim Spielen von Mega Millions?<\/h2>\n<p>Man sagt oft, dass es keinen Spa\u00df ohne Risiko gibt, und das stimmt. Wenn es um Mega Millions geht, bekommt diese Redewendung eine besondere Bedeutung. Und das Risiko ist leider riesig. Die Chancen, den Mega Millions-Jackpot zu gewinnen und alle sechs Zahlen zu erhalten, sind <strong>1 zu 290.472.336<\/strong> (Stand 2025). Eine solch geringe Wahrscheinlichkeit mag viele Spieler entmutigen, aber Mega Millions hat seine regelm\u00e4\u00dfigen Enthusiasten. Das Risiko ist zweifellos hoch, aber es einzugehen kann f\u00fcr Sie h\u00f6chst profitabel sein. Mega Millions ist ein Spiel f\u00fcr aggressive Spieler, die gerne entschieden spielen und um Millionen spielen. Spieler, die es vorziehen, auf Nummer sicher zu gehen und geringe Risiken einzugehen, werden sich wahrscheinlich nicht f\u00fcr Mega Millions interessieren. Gl\u00fccklicherweise kann auf der <a href=\"https:\/\/lottomat.com\/de\/\">LottoMat-Website<\/a> jeder eine Online-Lotterie finden, die am besten zu ihm passt.<\/p>\n<h2><img loading=\"lazy\" decoding=\"async\" class=\"alignleft wp-image-253226\" src=\"https:\/\/lottomat.com\/wp-content\/uploads\/2025\/10\/Mega-Millions-rules.webp\" alt=\"Mega Millions-Regeln\" width=\"200\" height=\"200\" srcset=\"https:\/\/lottomat.com\/wp-content\/uploads\/2025\/10\/Mega-Millions-rules.webp 400w, https:\/\/lottomat.com\/wp-content\/uploads\/2025\/10\/Mega-Millions-rules-300x300.webp 300w, https:\/\/lottomat.com\/wp-content\/uploads\/2025\/10\/Mega-Millions-rules-150x150.webp 150w, https:\/\/lottomat.com\/wp-content\/uploads\/2025\/10\/Mega-Millions-rules-100x100.webp 100w\" sizes=\"auto, (max-width: 200px) 100vw, 200px\" \/>Was Sind Mega Millions-Preise und Wie Viel K\u00f6nnen Sie Gewinnen?<\/h2>\n<p>Der garantierte Preiswert f\u00fcr die Gewinne der ersten Stufe betr\u00e4gt jetzt <strong>50 Millionen $<\/strong> als Startjackpot, deutlich erh\u00f6ht von den vorherigen 15 Millionen und sp\u00e4ter 20 Millionen Dollar Schwellenwerten. Diese \u00c4nderung hat das Spiel noch intensiver und attraktiver f\u00fcr Spieler gemacht. Mega Millions bietet neun verschiedene Gewinnstufen, vom Treffen nur des Mega Balls bis zum Knacken des vollen Jackpots. Das Format 2025 beinhaltet eine <strong>eingebaute Multiplikator-Funktion<\/strong>, die Nicht-Jackpot-Preise um das 2-, 3-, 4-, 5- oder 10-fache des Basisbetrags erh\u00f6hen kann. Das bedeutet, dass selbst kleinere Gewinne zu erheblichen Preisen werden k\u00f6nnen. Der Preis der zweiten Stufe (Treffen von f\u00fcnf Hauptzahlen ohne den Mega Ball) kann jetzt von <strong>2 Millionen bis 10 Millionen $<\/strong> reichen, abh\u00e4ngig vom gezogenen Multiplikator. Alle anderen Preisstufen profitieren ebenfalls von dieser automatischen Multiplikationsfunktion, was jeden Schein potenziell wertvoller macht als zuvor.<\/p>\n<h2>Wer Kann Mega Millions Spielen und Preise Gewinnen?<\/h2>\n<p>Wenn Sie in den Vereinigten Staaten sind, k\u00f6nnen Sie einen Schein in einem station\u00e4ren Lotterie-B\u00fcro kaufen. Wenn Sie sich jedoch au\u00dferhalb der USA befinden, k\u00f6nnen Sie die LottoMat-Website nutzen, die Scheink\u00e4ufe anbietet. Einfach ausgedr\u00fcckt kann Mega Millions von <strong>jedem mit Internetzugang gespielt werden, der erwachsen ist<\/strong>, was bedeutet, dass er \u00fcber achtzehn Jahre alt ist. Derzeit haben Spieler weltweit das Privileg, mit einem Klick einen Schein f\u00fcr jede Lotterie zu senden, so viele Scheine auszuf\u00fcllen, wie sie m\u00f6chten, und dies von \u00fcberall auf der Welt zu tun. Kein Anstehen, kein Suchen nach einem Lotterie-B\u00fcro, friedlich, ohne Stress und eilige Zahlenauswahl. Auf der LottoMat-Website haben Sie nicht nur die M\u00f6glichkeit, Mega Millions zu spielen, sondern auch mehr \u00fcber Lottoziehungen zu erfahren, wie man spielt, um zu gewinnen, und <a href=\"https:\/\/lottomat.com\/de\/ergebnisse\/mega-millions\/\">die neuesten Mega Millions-Lotto-Ergebnisse zu \u00fcberpr\u00fcfen<\/a>.<\/p>\n<h2>Was Sind Ihre Chancen, Mega Millions zu Gewinnen?<img loading=\"lazy\" decoding=\"async\" class=\"alignright wp-image-253256\" src=\"https:\/\/lottomat.com\/wp-content\/uploads\/2025\/10\/Mega-Millions-prizes.webp\" alt=\"Mega Millions-Preise\" width=\"200\" height=\"200\" srcset=\"https:\/\/lottomat.com\/wp-content\/uploads\/2025\/10\/Mega-Millions-prizes.webp 400w, https:\/\/lottomat.com\/wp-content\/uploads\/2025\/10\/Mega-Millions-prizes-300x300.webp 300w, https:\/\/lottomat.com\/wp-content\/uploads\/2025\/10\/Mega-Millions-prizes-150x150.webp 150w, https:\/\/lottomat.com\/wp-content\/uploads\/2025\/10\/Mega-Millions-prizes-100x100.webp 100w\" sizes=\"auto, (max-width: 200px) 100vw, 200px\" \/><\/h2>\n<p>Die Gesamtchancen, irgendeinen Preis bei Mega Millions zu gewinnen, sind <strong>1 zu 23<\/strong> (verbessert von 1 zu 24 im Jahr 2025). W\u00e4hrend die Jackpot-Gewinnchancen astronomisch sind, gibt es mehrere Gewinnstufen, die bessere Chancen bieten, kleinere Betr\u00e4ge zu gewinnen. <strong>Denken Sie daran:<\/strong> Jede Ziehung ist zuf\u00e4llig, und jede Zahlenkombination hat die gleiche Chance, ausgew\u00e4hlt zu werden wie jede andere. Die eingebaute Multiplikator-Funktion im Jahr 2025 stellt sicher, dass selbst Nicht-Jackpot-Preise erheblich sein k\u00f6nnen, mit dem Potenzial, bis zum <strong>10-fachen<\/strong> des Basispreisbetrags zu gewinnen. Mit Jackpots, die regelm\u00e4\u00dfig Hunderte von Millionen \u00fcberschreiten und gelegentlich die Milliarden-Dollar-Grenze durchbrechen, bietet Mega Millions weiterhin den Traum von sofortigem Reichtum f\u00fcr Spieler im ganzen Land und auf der ganzen Welt.<\/p>\n<h2>Mega Millions-Preise &amp; Gewinnchancen-Tabelle<\/h2>\n","protected":false},"excerpt":{"rendered":"<p>M\u00f6chten Sie Mega Millions-Preise und Jackpots gewinnen? Spieler aus der ganzen Welt \u00fcberlegen kontinuierlich, wie sie das System bei Zahlenspielen knacken k\u00f6nnen, auf welche Lotterie sie setzen sollen, ob sie in Kombinationen spielen oder konsequent bei nur einem Spiel bleiben sollen. Leider gibt es auf diese Frage keine einheitliche Antwort. Jeder erfahrene Lotto-Spieler hat seine [&hellip;]<\/p>\n","protected":false},"author":2,"featured_media":0,"parent":6865,"menu_order":2,"comment_status":"closed","ping_status":"closed","template":"megamillion-info.php","meta":{"_et_pb_use_builder":"","_et_pb_old_content":"","_et_gb_content_width":"","exclude_from_search":false,"footnotes":""},"class_list":["post-10096","page","type-page","status-publish","hentry"],"yoast_head":"<!-- This site is optimized with the Yoast SEO plugin v23.8 - https:\/\/yoast.com\/wordpress\/plugins\/seo\/ -->\n<title>Mega Millions-Preise, Regeln &amp; Jackpot - LottoMat<\/title>\n<meta name=\"description\" content=\"Sie haben die M\u00f6glichkeit, Mega Millions-Preise und den Jackpot zu gewinnen. Mega Millions ist eine unglaubliche Lotterie, bei der die Jackpots rasant wachsen.\" \/>\n<meta name=\"robots\" content=\"index, follow, max-snippet:-1, max-image-preview:large, max-video-preview:-1\" \/>\n<link rel=\"canonical\" href=\"https:\/\/lottomat.com\/de\/lotterie\/mega-millions\/\" \/>\n<meta property=\"og:locale\" content=\"de_DE\" \/>\n<meta property=\"og:type\" content=\"article\" \/>\n<meta property=\"og:title\" content=\"Mega Millions-Preise, Regeln &amp; Jackpot - LottoMat\" \/>\n<meta property=\"og:description\" content=\"Sie haben die M\u00f6glichkeit, Mega Millions-Preise und den Jackpot zu gewinnen. Mega Millions ist eine unglaubliche Lotterie, bei der die Jackpots rasant wachsen.\" \/>\n<meta property=\"og:url\" content=\"https:\/\/lottomat.com\/de\/lotterie\/mega-millions\/\" \/>\n<meta property=\"og:site_name\" content=\"Lottomat\" \/>\n<meta property=\"article:modified_time\" content=\"2026-02-26T20:32:26+00:00\" \/>\n<meta property=\"og:image\" content=\"https:\/\/lottomat.com\/wp-content\/uploads\/2025\/10\/prizes-and-jackpot.webp\" \/>\n\t<meta property=\"og:image:width\" content=\"400\" \/>\n\t<meta property=\"og:image:height\" content=\"400\" \/>\n\t<meta property=\"og:image:type\" content=\"image\/webp\" \/>\n<meta name=\"twitter:card\" content=\"summary_large_image\" \/>\n<meta name=\"twitter:label1\" content=\"Gesch\u00e4tzte Lesezeit\" \/>\n\t<meta name=\"twitter:data1\" content=\"7\u00a0Minuten\" \/>\n<script type=\"application\/ld+json\" class=\"yoast-schema-graph\">{\"@context\":\"https:\/\/schema.org\",\"@graph\":[{\"@type\":\"WebPage\",\"@id\":\"https:\/\/lottomat.com\/de\/lotterie\/mega-millions\/\",\"url\":\"https:\/\/lottomat.com\/de\/lotterie\/mega-millions\/\",\"name\":\"Mega Millions-Preise, Regeln & Jackpot - LottoMat\",\"isPartOf\":{\"@id\":\"https:\/\/lottomat.com\/de\/#website\"},\"primaryImageOfPage\":{\"@id\":\"https:\/\/lottomat.com\/de\/lotterie\/mega-millions\/#primaryimage\"},\"image\":{\"@id\":\"https:\/\/lottomat.com\/de\/lotterie\/mega-millions\/#primaryimage\"},\"thumbnailUrl\":\"https:\/\/lottomat.com\/wp-content\/uploads\/2025\/10\/prizes-and-jackpot.webp\",\"datePublished\":\"2025-03-26T13:41:46+00:00\",\"dateModified\":\"2026-02-26T20:32:26+00:00\",\"description\":\"Sie haben die M\u00f6glichkeit, Mega Millions-Preise und den Jackpot zu gewinnen. Mega Millions ist eine unglaubliche Lotterie, bei der die Jackpots rasant wachsen.\",\"breadcrumb\":{\"@id\":\"https:\/\/lottomat.com\/de\/lotterie\/mega-millions\/#breadcrumb\"},\"inLanguage\":\"de\",\"potentialAction\":[{\"@type\":\"ReadAction\",\"target\":[\"https:\/\/lottomat.com\/de\/lotterie\/mega-millions\/\"]}]},{\"@type\":\"ImageObject\",\"inLanguage\":\"de\",\"@id\":\"https:\/\/lottomat.com\/de\/lotterie\/mega-millions\/#primaryimage\",\"url\":\"https:\/\/lottomat.com\/wp-content\/uploads\/2025\/10\/prizes-and-jackpot.webp\",\"contentUrl\":\"https:\/\/lottomat.com\/wp-content\/uploads\/2025\/10\/prizes-and-jackpot.webp\"},{\"@type\":\"BreadcrumbList\",\"@id\":\"https:\/\/lottomat.com\/de\/lotterie\/mega-millions\/#breadcrumb\",\"itemListElement\":[{\"@type\":\"ListItem\",\"position\":1,\"name\":\"Home\",\"item\":\"https:\/\/lottomat.com\/de\/\"},{\"@type\":\"ListItem\",\"position\":2,\"name\":\"Lotterie-Regeln: Preise, Jackpot &#038; Gewinnchancen\",\"item\":\"https:\/\/lottomat.com\/de\/lotterie\/\"},{\"@type\":\"ListItem\",\"position\":3,\"name\":\"Mega Millions-Preise, Regeln &#038; Jackpot\"}]},{\"@type\":\"WebSite\",\"@id\":\"https:\/\/lottomat.com\/de\/#website\",\"url\":\"https:\/\/lottomat.com\/de\/\",\"name\":\"Lottomat\",\"description\":\"\",\"potentialAction\":[{\"@type\":\"SearchAction\",\"target\":{\"@type\":\"EntryPoint\",\"urlTemplate\":\"https:\/\/lottomat.com\/de\/?s={search_term_string}\"},\"query-input\":{\"@type\":\"PropertyValueSpecification\",\"valueRequired\":true,\"valueName\":\"search_term_string\"}}],\"inLanguage\":\"de\"}]}<\/script>\n<!-- \/ Yoast SEO plugin. -->","yoast_head_json":{"title":"Mega Millions-Preise, Regeln & Jackpot - LottoMat","description":"Sie haben die M\u00f6glichkeit, Mega Millions-Preise und den Jackpot zu gewinnen. Mega Millions ist eine unglaubliche Lotterie, bei der die Jackpots rasant wachsen.","robots":{"index":"index","follow":"follow","max-snippet":"max-snippet:-1","max-image-preview":"max-image-preview:large","max-video-preview":"max-video-preview:-1"},"canonical":"https:\/\/lottomat.com\/de\/lotterie\/mega-millions\/","og_locale":"de_DE","og_type":"article","og_title":"Mega Millions-Preise, Regeln & Jackpot - LottoMat","og_description":"Sie haben die M\u00f6glichkeit, Mega Millions-Preise und den Jackpot zu gewinnen. Mega Millions ist eine unglaubliche Lotterie, bei der die Jackpots rasant wachsen.","og_url":"https:\/\/lottomat.com\/de\/lotterie\/mega-millions\/","og_site_name":"Lottomat","article_modified_time":"2026-02-26T20:32:26+00:00","og_image":[{"width":400,"height":400,"url":"https:\/\/lottomat.com\/wp-content\/uploads\/2025\/10\/prizes-and-jackpot.webp","type":"image\/webp"}],"twitter_card":"summary_large_image","twitter_misc":{"Gesch\u00e4tzte Lesezeit":"7\u00a0Minuten"},"schema":{"@context":"https:\/\/schema.org","@graph":[{"@type":"WebPage","@id":"https:\/\/lottomat.com\/de\/lotterie\/mega-millions\/","url":"https:\/\/lottomat.com\/de\/lotterie\/mega-millions\/","name":"Mega Millions-Preise, Regeln & Jackpot - LottoMat","isPartOf":{"@id":"https:\/\/lottomat.com\/de\/#website"},"primaryImageOfPage":{"@id":"https:\/\/lottomat.com\/de\/lotterie\/mega-millions\/#primaryimage"},"image":{"@id":"https:\/\/lottomat.com\/de\/lotterie\/mega-millions\/#primaryimage"},"thumbnailUrl":"https:\/\/lottomat.com\/wp-content\/uploads\/2025\/10\/prizes-and-jackpot.webp","datePublished":"2025-03-26T13:41:46+00:00","dateModified":"2026-02-26T20:32:26+00:00","description":"Sie haben die M\u00f6glichkeit, Mega Millions-Preise und den Jackpot zu gewinnen. Mega Millions ist eine unglaubliche Lotterie, bei der die Jackpots rasant wachsen.","breadcrumb":{"@id":"https:\/\/lottomat.com\/de\/lotterie\/mega-millions\/#breadcrumb"},"inLanguage":"de","potentialAction":[{"@type":"ReadAction","target":["https:\/\/lottomat.com\/de\/lotterie\/mega-millions\/"]}]},{"@type":"ImageObject","inLanguage":"de","@id":"https:\/\/lottomat.com\/de\/lotterie\/mega-millions\/#primaryimage","url":"https:\/\/lottomat.com\/wp-content\/uploads\/2025\/10\/prizes-and-jackpot.webp","contentUrl":"https:\/\/lottomat.com\/wp-content\/uploads\/2025\/10\/prizes-and-jackpot.webp"},{"@type":"BreadcrumbList","@id":"https:\/\/lottomat.com\/de\/lotterie\/mega-millions\/#breadcrumb","itemListElement":[{"@type":"ListItem","position":1,"name":"Home","item":"https:\/\/lottomat.com\/de\/"},{"@type":"ListItem","position":2,"name":"Lotterie-Regeln: Preise, Jackpot &#038; Gewinnchancen","item":"https:\/\/lottomat.com\/de\/lotterie\/"},{"@type":"ListItem","position":3,"name":"Mega Millions-Preise, Regeln &#038; Jackpot"}]},{"@type":"WebSite","@id":"https:\/\/lottomat.com\/de\/#website","url":"https:\/\/lottomat.com\/de\/","name":"Lottomat","description":"","potentialAction":[{"@type":"SearchAction","target":{"@type":"EntryPoint","urlTemplate":"https:\/\/lottomat.com\/de\/?s={search_term_string}"},"query-input":{"@type":"PropertyValueSpecification","valueRequired":true,"valueName":"search_term_string"}}],"inLanguage":"de"}]}},"_links":{"self":[{"href":"https:\/\/lottomat.com\/de\/wp-json\/wp\/v2\/pages\/10096","targetHints":{"allow":["GET"]}}],"collection":[{"href":"https:\/\/lottomat.com\/de\/wp-json\/wp\/v2\/pages"}],"about":[{"href":"https:\/\/lottomat.com\/de\/wp-json\/wp\/v2\/types\/page"}],"author":[{"embeddable":true,"href":"https:\/\/lottomat.com\/de\/wp-json\/wp\/v2\/users\/2"}],"replies":[{"embeddable":true,"href":"https:\/\/lottomat.com\/de\/wp-json\/wp\/v2\/comments?post=10096"}],"version-history":[{"count":3,"href":"https:\/\/lottomat.com\/de\/wp-json\/wp\/v2\/pages\/10096\/revisions"}],"predecessor-version":[{"id":272047,"href":"https:\/\/lottomat.com\/de\/wp-json\/wp\/v2\/pages\/10096\/revisions\/272047"}],"up":[{"embeddable":true,"href":"https:\/\/lottomat.com\/de\/wp-json\/wp\/v2\/pages\/6865"}],"wp:attachment":[{"href":"https:\/\/lottomat.com\/de\/wp-json\/wp\/v2\/media?parent=10096"}],"curies":[{"name":"wp","href":"https:\/\/api.w.org\/{rel}","templated":true}]}}