{"id":10092,"date":"2025-03-27T11:41:52","date_gmt":"2025-03-27T11:41:52","guid":{"rendered":"https:\/\/lottomat.net\/lotterieergebnisse\/samstagslotto-ergebnisse\/"},"modified":"2025-04-08T09:30:28","modified_gmt":"2025-04-08T09:30:28","slug":"saturday-lotto-au","status":"publish","type":"page","link":"https:\/\/lottomat.com\/de\/ergebnisse\/saturday-lotto-au\/","title":{"rendered":"Samstagslotto-Ergebnisse"},"content":{"rendered":"\n\n<div class=\"kk-star-ratings kksr-auto kksr-align-left kksr-valign-top\"\n    data-payload='{&quot;align&quot;:&quot;left&quot;,&quot;id&quot;:&quot;10092&quot;,&quot;slug&quot;:&quot;default&quot;,&quot;valign&quot;:&quot;top&quot;,&quot;ignore&quot;:&quot;&quot;,&quot;reference&quot;:&quot;auto&quot;,&quot;class&quot;:&quot;&quot;,&quot;count&quot;:&quot;0&quot;,&quot;legendonly&quot;:&quot;&quot;,&quot;readonly&quot;:&quot;&quot;,&quot;score&quot;:&quot;0&quot;,&quot;starsonly&quot;:&quot;&quot;,&quot;best&quot;:&quot;5&quot;,&quot;gap&quot;:&quot;5&quot;,&quot;greet&quot;:&quot;Rate this page&quot;,&quot;legend&quot;:&quot;0\\\/5 - (0 votes)&quot;,&quot;size&quot;:&quot;30&quot;,&quot;title&quot;:&quot;Samstagslotto-Ergebnisse&quot;,&quot;width&quot;:&quot;0&quot;,&quot;_legend&quot;:&quot;{score}\\\/{best} - ({count} {votes})&quot;,&quot;font_factor&quot;:&quot;1.25&quot;}'>\n            \n<div class=\"kksr-stars\">\n    \n<div class=\"kksr-stars-inactive\">\n            <div class=\"kksr-star\" data-star=\"1\" style=\"padding-right: 5px\">\n            \n\n<div class=\"kksr-icon\" style=\"width: 30px; height: 30px;\"><\/div>\n        <\/div>\n            <div class=\"kksr-star\" data-star=\"2\" style=\"padding-right: 5px\">\n            \n\n<div class=\"kksr-icon\" style=\"width: 30px; height: 30px;\"><\/div>\n        <\/div>\n            <div class=\"kksr-star\" data-star=\"3\" style=\"padding-right: 5px\">\n            \n\n<div class=\"kksr-icon\" style=\"width: 30px; height: 30px;\"><\/div>\n        <\/div>\n            <div class=\"kksr-star\" data-star=\"4\" style=\"padding-right: 5px\">\n            \n\n<div class=\"kksr-icon\" style=\"width: 30px; height: 30px;\"><\/div>\n        <\/div>\n            <div class=\"kksr-star\" data-star=\"5\" style=\"padding-right: 5px\">\n            \n\n<div class=\"kksr-icon\" style=\"width: 30px; height: 30px;\"><\/div>\n        <\/div>\n    <\/div>\n    \n<div class=\"kksr-stars-active\" style=\"width: 0px;\">\n            <div class=\"kksr-star\" style=\"padding-right: 5px\">\n            \n\n<div class=\"kksr-icon\" style=\"width: 30px; height: 30px;\"><\/div>\n        <\/div>\n            <div class=\"kksr-star\" style=\"padding-right: 5px\">\n            \n\n<div class=\"kksr-icon\" style=\"width: 30px; height: 30px;\"><\/div>\n        <\/div>\n            <div class=\"kksr-star\" style=\"padding-right: 5px\">\n            \n\n<div class=\"kksr-icon\" style=\"width: 30px; height: 30px;\"><\/div>\n        <\/div>\n            <div class=\"kksr-star\" style=\"padding-right: 5px\">\n            \n\n<div class=\"kksr-icon\" style=\"width: 30px; height: 30px;\"><\/div>\n        <\/div>\n            <div class=\"kksr-star\" style=\"padding-right: 5px\">\n            \n\n<div class=\"kksr-icon\" style=\"width: 30px; height: 30px;\"><\/div>\n        <\/div>\n    <\/div>\n<\/div>\n                \n\n<div class=\"kksr-legend\" style=\"font-size: 24px;\">\n            <span class=\"kksr-muted\">Rate this page<\/span>\n    <\/div>\n    <\/div>\n<h2><img loading=\"lazy\" decoding=\"async\" class=\"alignleft wp-image-4892\" src=\"https:\/\/lottomat.com\/wp-content\/uploads\/2025\/03\/Saturday-Lotto-Results-300x300.png\" alt=\"Saturday Lotto Results\" width=\"100\" height=\"100\" srcset=\"https:\/\/lottomat.com\/wp-content\/uploads\/2025\/03\/Saturday-Lotto-Results-300x300.png 300w, https:\/\/lottomat.com\/wp-content\/uploads\/2025\/03\/Saturday-Lotto-Results-150x150.png 150w, https:\/\/lottomat.com\/wp-content\/uploads\/2025\/03\/Saturday-Lotto-Results-100x100.png 100w, https:\/\/lottomat.com\/wp-content\/uploads\/2025\/03\/Saturday-Lotto-Results.png 400w\" sizes=\"auto, (max-width: 100px) 100vw, 100px\" \/>Entdecken Sie die Saturday Lotto Ergebnisse<\/h2>\n<p>Jede Woche pr\u00fcfen Tausende hoffnungsvolle Teilnehmer gespannt ihre Lose, um zu sehen, ob sie beim spannenden australischen Saturday Lotto den Jackpot geknackt haben. Das Saturday Lotto ist f\u00fcr seine gro\u00dfz\u00fcgigen Auszahlungen und spannenden Ziehungen bekannt und f\u00fcr viele Lottofans ein fester Bestandteil. Dieses beliebte Spiel findet jeden Samstag statt und bietet Spielern die M\u00f6glichkeit, ihr Leben mit hohen Geldpreisen zu ver\u00e4ndern.<\/p>\n<h2><img loading=\"lazy\" decoding=\"async\" class=\"alignleft wp-image-4921\" src=\"https:\/\/lottomat.com\/wp-content\/uploads\/2025\/03\/Saturday-Lotto-Draws-300x300.png\" alt=\"Samstagslottoziehungen\" width=\"100\" height=\"100\" srcset=\"https:\/\/lottomat.com\/wp-content\/uploads\/2025\/03\/Saturday-Lotto-Draws-300x300.png 300w, https:\/\/lottomat.com\/wp-content\/uploads\/2025\/03\/Saturday-Lotto-Draws-150x150.png 150w, https:\/\/lottomat.com\/wp-content\/uploads\/2025\/03\/Saturday-Lotto-Draws-100x100.png 100w, https:\/\/lottomat.com\/wp-content\/uploads\/2025\/03\/Saturday-Lotto-Draws.png 400w\" sizes=\"auto, (max-width: 100px) 100vw, 100px\" \/>Die Magie der Samstagslottoziehungen<\/h2>\n<p>Die Spannung steigt, w\u00e4hrend die Uhr auf die w\u00f6chentliche Ziehung zusteuert. Samstagslotto ist f\u00fcr seinen regelm\u00e4\u00dfigen Spielplan bekannt und daher bei Lottofans sehr beliebt. Die Ziehung findet jeden Samstag um 20:30 Uhr AEST statt und bietet regelm\u00e4\u00dfig die Chance, gro\u00dfe Tr\u00e4ume zu haben und m\u00f6glicherweise lebensver\u00e4ndernde Geldsummen zu gewinnen. Bei einem Mindestgewinnpool von 4 Millionen AUD in der ersten Liga ist die Spannung sp\u00fcrbar.<\/p>\n<h2><img loading=\"lazy\" decoding=\"async\" class=\"alignleft wp-image-4950\" src=\"https:\/\/lottomat.com\/wp-content\/uploads\/2025\/03\/Unveiling-the-Most-Frequently-Drawn-Numbers-300x300.png\" alt=\"Die am h\u00e4ufigsten gezogenen Zahlen\" width=\"100\" height=\"100\" srcset=\"https:\/\/lottomat.com\/wp-content\/uploads\/2025\/03\/Unveiling-the-Most-Frequently-Drawn-Numbers-300x300.png 300w, https:\/\/lottomat.com\/wp-content\/uploads\/2025\/03\/Unveiling-the-Most-Frequently-Drawn-Numbers-150x150.png 150w, https:\/\/lottomat.com\/wp-content\/uploads\/2025\/03\/Unveiling-the-Most-Frequently-Drawn-Numbers-100x100.png 100w, https:\/\/lottomat.com\/wp-content\/uploads\/2025\/03\/Unveiling-the-Most-Frequently-Drawn-Numbers.png 400w\" sizes=\"auto, (max-width: 100px) 100vw, 100px\" \/>Die am h\u00e4ufigsten gezogenen Zahlen<\/h2>\n<p>F\u00fcr alle, die gerne Muster und Statistiken analysieren, kann die Kenntnis der am h\u00e4ufigsten gezogenen Zahlen eine zus\u00e4tzliche Strategieebene f\u00fcr das Spiel darstellen. Beim Samstagslotto kommen manche Zahlen h\u00e4ufiger vor als andere. Historisch gesehen wurden Zahlen wie 1, 11, 8, 40, 22 und 2 h\u00e4ufiger gezogen. Obwohl es keine Garantie daf\u00fcr gibt, w\u00e4hlen viele Spieler diese Zahlen gerne in ihren Tippschein ein, in der Hoffnung, dass sie Teil der n\u00e4chsten Gewinnkombination sind.<\/p>\n<h2><img loading=\"lazy\" decoding=\"async\" class=\"alignleft wp-image-4979\" src=\"https:\/\/lottomat.com\/wp-content\/uploads\/2025\/03\/stories-of-victory-300x300.png\" alt=\"stories of victory\" width=\"100\" height=\"100\" srcset=\"https:\/\/lottomat.com\/wp-content\/uploads\/2025\/03\/stories-of-victory-300x300.png 300w, https:\/\/lottomat.com\/wp-content\/uploads\/2025\/03\/stories-of-victory-150x150.png 150w, https:\/\/lottomat.com\/wp-content\/uploads\/2025\/03\/stories-of-victory-100x100.png 100w, https:\/\/lottomat.com\/wp-content\/uploads\/2025\/03\/stories-of-victory.png 400w\" sizes=\"auto, (max-width: 100px) 100vw, 100px\" \/>Rekordgewinne und ihre Entstehung<\/h2>\n<p>Der Reiz des Samstagslottos erstreckt sich nicht nur auf die regul\u00e4ren Ziehungen, sondern auch auf die spektakul\u00e4ren Gewinne der letzten Jahre. Einige der bemerkenswertesten Jackpots sorgten f\u00fcr Schlagzeilen, darunter der Gewinn von 33 Millionen AUD, den ein gl\u00fccklicher Losinhaber 2016 in Queensland gewann. Ein weiterer unvergesslicher Moment war der Gewinn von sage und schreibe 20 Millionen AUD an eine Tippgemeinschaft in Victoria \u2013 ein Beweis daf\u00fcr, dass Tr\u00e4ume wahr werden k\u00f6nnen.<\/p>\n<p>Diese unglaublichen Erfolgsgeschichten zeugen vom lebensver\u00e4ndernden Potenzial des Samstagslottos. Sie inspirieren unz\u00e4hlige Spieler, Woche f\u00fcr Woche ihr Gl\u00fcck zu versuchen, wohl wissend, dass sie der n\u00e4chste gro\u00dfe Gewinner sein k\u00f6nnten.<\/p>\n<p>Was macht Saturday Lotto so attraktiv? Neben dem offensichtlichen Reiz riesiger Jackpots bietet diese Lotterie ein einfaches und dennoch spannendes Spielerlebnis. Spieler w\u00e4hlen sechs Zahlen zwischen 1 und 45, und bei jeder Ziehung werden acht Zahlen gezogen. Die ersten sechs sind die Gewinnzahlen, die letzten beiden sind Zusatzzahlen und bieten zus\u00e4tzliche Gewinnchancen.<\/p>\n<p>Regelm\u00e4\u00dfiges Spielen erh\u00f6ht Ihre Gewinnchancen. Je mehr Sie spielen, desto vertrauter werden Sie mit dem Ablauf und desto gr\u00f6\u00dfer sind Ihre Gewinnchancen. Und denken Sie daran: Die Freude am Mitmachen ist eine Belohnung an sich \u2013 jedes Los ist eine neue Chance zum Tr\u00e4umen.<\/p>\n<h3>Erweitern Sie Ihren Horizont mit Lottomat<\/h3>\n<p>Samstagslotto ist zweifellos eine fantastische Gelegenheit, doch Lottomat bietet Ihnen noch mehr M\u00f6glichkeiten zum Spielen und Gewinnen. Mit Zugang zu einer gro\u00dfen Auswahl an internationalen Lotterien k\u00f6nnen Sie Ihr Gl\u00fcck mit Spielen aus aller Welt versuchen. Ob die riesigen Jackpots des US Powerball, der EuroMillionen oder einer anderen spannenden Ziehung \u2013 die Abwechslung in Ihrem Lotto-Erlebnis kann Ihre Gewinnchancen deutlich erh\u00f6hen.<\/p>\n<p>Das Spielen mehrerer Lotterien erweitert nicht nur Ihr Spielerlebnis, sondern h\u00e4lt auch die Spannung aufrecht. Mit jeder Ziehung betreten Sie eine Welt voller M\u00f6glichkeiten, in der der n\u00e4chste gro\u00dfe Gewinn gleich um die Ecke sein k\u00f6nnte.<\/p>\n<h2><img loading=\"lazy\" decoding=\"async\" class=\"alignleft wp-image-5037\" src=\"https:\/\/lottomat.com\/wp-content\/uploads\/2025\/03\/The-Thrill-of-Possibilities-300x300.png\" alt=\"Der Nervenkitzel der M\u00f6glichkeiten\" width=\"100\" height=\"100\" srcset=\"https:\/\/lottomat.com\/wp-content\/uploads\/2025\/03\/The-Thrill-of-Possibilities-300x300.png 300w, https:\/\/lottomat.com\/wp-content\/uploads\/2025\/03\/The-Thrill-of-Possibilities-150x150.png 150w, https:\/\/lottomat.com\/wp-content\/uploads\/2025\/03\/The-Thrill-of-Possibilities-100x100.png 100w, https:\/\/lottomat.com\/wp-content\/uploads\/2025\/03\/The-Thrill-of-Possibilities.png 400w\" sizes=\"auto, (max-width: 100px) 100vw, 100px\" \/>Der Nervenkitzel der M\u00f6glichkeiten<\/h2>\n<p>Stellen Sie sich vor, was Sie mit einem Lottogewinn alles erreichen k\u00f6nnten. Ob Sie Ihr Traumhaus kaufen, die Welt bereisen oder sich f\u00fcr ein Anliegen einsetzen m\u00f6chten \u2013 die M\u00f6glichkeiten sind endlos. Saturday Lotto und andere Lotterien von Lottomat bieten die Plattform, um diese Tr\u00e4ume wahr werden zu lassen.<\/p>\n<p>Kurz gesagt: Genie\u00dfen Sie die Spannung von Saturday Lotto und entdecken Sie andere internationaleAlle Lotterien von Lottomat er\u00f6ffnen Ihnen eine Welt voller M\u00f6glichkeiten. Mit regelm\u00e4\u00dfigen Ziehungen, verlockenden Jackpots und dem Nervenkitzel des Spiels ist jetzt der beste Zeitpunkt, mitzumachen. Denken Sie daran: Um gro\u00df zu gewinnen, m\u00fcssen Sie spielen \u2013 und zwar regelm\u00e4\u00dfig. Also schnappen Sie sich Ihr Los, tr\u00e4umen Sie gro\u00df, und wer wei\u00df? Vielleicht sind Sie der n\u00e4chste gro\u00dfe Gewinner!<\/p>\n","protected":false},"excerpt":{"rendered":"<p>Entdecken Sie die Saturday Lotto Ergebnisse Jede Woche pr\u00fcfen Tausende hoffnungsvolle Teilnehmer gespannt ihre Lose, um zu sehen, ob sie beim spannenden australischen Saturday Lotto den Jackpot geknackt haben. Das Saturday Lotto ist f\u00fcr seine gro\u00dfz\u00fcgigen Auszahlungen und spannenden Ziehungen bekannt und f\u00fcr viele Lottofans ein fester Bestandteil. Dieses beliebte Spiel findet jeden Samstag statt [&hellip;]<\/p>\n","protected":false},"author":1,"featured_media":0,"parent":7413,"menu_order":17,"comment_status":"closed","ping_status":"closed","template":"saturday-lotto-results.php","meta":{"_et_pb_use_builder":"","_et_pb_old_content":"","_et_gb_content_width":"","exclude_from_search":false,"footnotes":""},"class_list":["post-10092","page","type-page","status-publish","hentry"],"yoast_head":"<!-- This site is optimized with the Yoast SEO plugin v23.8 - https:\/\/yoast.com\/wordpress\/plugins\/seo\/ -->\n<title>Samstagslotto-Ergebnisse - [Die am h\u00e4ufigsten gezogene 6\/45] - Lottomat<\/title>\n<meta name=\"description\" content=\"Informieren Sie sich jetzt \u00fcber die aktuellen Ziehungsergebnisse der australischen Samstagslotterie! Die australische Lotterie bietet Ihnen die Chance auf tolle Gewinne.\" \/>\n<meta name=\"robots\" content=\"index, follow, max-snippet:-1, max-image-preview:large, max-video-preview:-1\" \/>\n<link rel=\"canonical\" href=\"https:\/\/lottomat.com\/de\/ergebnisse\/saturday-lotto-au\/\" \/>\n<meta property=\"og:locale\" content=\"de_DE\" \/>\n<meta property=\"og:type\" content=\"article\" \/>\n<meta property=\"og:title\" content=\"Samstagslotto-Ergebnisse - [Die am h\u00e4ufigsten gezogene 6\/45] - Lottomat\" \/>\n<meta property=\"og:description\" content=\"Informieren Sie sich jetzt \u00fcber die aktuellen Ziehungsergebnisse der australischen Samstagslotterie! Die australische Lotterie bietet Ihnen die Chance auf tolle Gewinne.\" \/>\n<meta property=\"og:url\" content=\"https:\/\/lottomat.com\/de\/ergebnisse\/saturday-lotto-au\/\" \/>\n<meta property=\"og:site_name\" content=\"Lottomat\" \/>\n<meta property=\"article:modified_time\" content=\"2025-04-08T09:30:28+00:00\" \/>\n<meta property=\"og:image\" content=\"https:\/\/lottomat.com\/wp-content\/uploads\/2025\/03\/Saturday-Lotto-Results-300x300.png\" \/>\n<meta name=\"twitter:card\" content=\"summary_large_image\" \/>\n<meta name=\"twitter:label1\" content=\"Gesch\u00e4tzte Lesezeit\" \/>\n\t<meta name=\"twitter:data1\" content=\"3\u00a0Minuten\" \/>\n<script type=\"application\/ld+json\" class=\"yoast-schema-graph\">{\"@context\":\"https:\/\/schema.org\",\"@graph\":[{\"@type\":\"WebPage\",\"@id\":\"https:\/\/lottomat.com\/de\/ergebnisse\/saturday-lotto-au\/\",\"url\":\"https:\/\/lottomat.com\/de\/ergebnisse\/saturday-lotto-au\/\",\"name\":\"Samstagslotto-Ergebnisse - [Die am h\u00e4ufigsten gezogene 6\/45] - Lottomat\",\"isPartOf\":{\"@id\":\"https:\/\/lottomat.com\/de\/#website\"},\"primaryImageOfPage\":{\"@id\":\"https:\/\/lottomat.com\/de\/ergebnisse\/saturday-lotto-au\/#primaryimage\"},\"image\":{\"@id\":\"https:\/\/lottomat.com\/de\/ergebnisse\/saturday-lotto-au\/#primaryimage\"},\"thumbnailUrl\":\"https:\/\/lottomat.com\/wp-content\/uploads\/2025\/03\/Saturday-Lotto-Results-300x300.png\",\"datePublished\":\"2025-03-27T11:41:52+00:00\",\"dateModified\":\"2025-04-08T09:30:28+00:00\",\"description\":\"Informieren Sie sich jetzt \u00fcber die aktuellen Ziehungsergebnisse der australischen Samstagslotterie! Die australische Lotterie bietet Ihnen die Chance auf tolle Gewinne.\",\"breadcrumb\":{\"@id\":\"https:\/\/lottomat.com\/de\/ergebnisse\/saturday-lotto-au\/#breadcrumb\"},\"inLanguage\":\"de\",\"potentialAction\":[{\"@type\":\"ReadAction\",\"target\":[\"https:\/\/lottomat.com\/de\/ergebnisse\/saturday-lotto-au\/\"]}]},{\"@type\":\"ImageObject\",\"inLanguage\":\"de\",\"@id\":\"https:\/\/lottomat.com\/de\/ergebnisse\/saturday-lotto-au\/#primaryimage\",\"url\":\"https:\/\/lottomat.com\/wp-content\/uploads\/2025\/03\/Saturday-Lotto-Results-300x300.png\",\"contentUrl\":\"https:\/\/lottomat.com\/wp-content\/uploads\/2025\/03\/Saturday-Lotto-Results-300x300.png\"},{\"@type\":\"BreadcrumbList\",\"@id\":\"https:\/\/lottomat.com\/de\/ergebnisse\/saturday-lotto-au\/#breadcrumb\",\"itemListElement\":[{\"@type\":\"ListItem\",\"position\":1,\"name\":\"Home\",\"item\":\"https:\/\/lottomat.com\/de\/\"},{\"@type\":\"ListItem\",\"position\":2,\"name\":\"Die Neuesten Lotterie-Ergebnisse &#038; Gewinnzahlen\",\"item\":\"https:\/\/lottomat.com\/de\/ergebnisse\/\"},{\"@type\":\"ListItem\",\"position\":3,\"name\":\"Samstagslotto-Ergebnisse\"}]},{\"@type\":\"WebSite\",\"@id\":\"https:\/\/lottomat.com\/de\/#website\",\"url\":\"https:\/\/lottomat.com\/de\/\",\"name\":\"Lottomat\",\"description\":\"\",\"potentialAction\":[{\"@type\":\"SearchAction\",\"target\":{\"@type\":\"EntryPoint\",\"urlTemplate\":\"https:\/\/lottomat.com\/de\/?s={search_term_string}\"},\"query-input\":{\"@type\":\"PropertyValueSpecification\",\"valueRequired\":true,\"valueName\":\"search_term_string\"}}],\"inLanguage\":\"de\"}]}<\/script>\n<!-- \/ Yoast SEO plugin. -->","yoast_head_json":{"title":"Samstagslotto-Ergebnisse - [Die am h\u00e4ufigsten gezogene 6\/45] - Lottomat","description":"Informieren Sie sich jetzt \u00fcber die aktuellen Ziehungsergebnisse der australischen Samstagslotterie! Die australische Lotterie bietet Ihnen die Chance auf tolle Gewinne.","robots":{"index":"index","follow":"follow","max-snippet":"max-snippet:-1","max-image-preview":"max-image-preview:large","max-video-preview":"max-video-preview:-1"},"canonical":"https:\/\/lottomat.com\/de\/ergebnisse\/saturday-lotto-au\/","og_locale":"de_DE","og_type":"article","og_title":"Samstagslotto-Ergebnisse - [Die am h\u00e4ufigsten gezogene 6\/45] - Lottomat","og_description":"Informieren Sie sich jetzt \u00fcber die aktuellen Ziehungsergebnisse der australischen Samstagslotterie! Die australische Lotterie bietet Ihnen die Chance auf tolle Gewinne.","og_url":"https:\/\/lottomat.com\/de\/ergebnisse\/saturday-lotto-au\/","og_site_name":"Lottomat","article_modified_time":"2025-04-08T09:30:28+00:00","og_image":[{"url":"https:\/\/lottomat.com\/wp-content\/uploads\/2025\/03\/Saturday-Lotto-Results-300x300.png"}],"twitter_card":"summary_large_image","twitter_misc":{"Gesch\u00e4tzte Lesezeit":"3\u00a0Minuten"},"schema":{"@context":"https:\/\/schema.org","@graph":[{"@type":"WebPage","@id":"https:\/\/lottomat.com\/de\/ergebnisse\/saturday-lotto-au\/","url":"https:\/\/lottomat.com\/de\/ergebnisse\/saturday-lotto-au\/","name":"Samstagslotto-Ergebnisse - [Die am h\u00e4ufigsten gezogene 6\/45] - Lottomat","isPartOf":{"@id":"https:\/\/lottomat.com\/de\/#website"},"primaryImageOfPage":{"@id":"https:\/\/lottomat.com\/de\/ergebnisse\/saturday-lotto-au\/#primaryimage"},"image":{"@id":"https:\/\/lottomat.com\/de\/ergebnisse\/saturday-lotto-au\/#primaryimage"},"thumbnailUrl":"https:\/\/lottomat.com\/wp-content\/uploads\/2025\/03\/Saturday-Lotto-Results-300x300.png","datePublished":"2025-03-27T11:41:52+00:00","dateModified":"2025-04-08T09:30:28+00:00","description":"Informieren Sie sich jetzt \u00fcber die aktuellen Ziehungsergebnisse der australischen Samstagslotterie! Die australische Lotterie bietet Ihnen die Chance auf tolle Gewinne.","breadcrumb":{"@id":"https:\/\/lottomat.com\/de\/ergebnisse\/saturday-lotto-au\/#breadcrumb"},"inLanguage":"de","potentialAction":[{"@type":"ReadAction","target":["https:\/\/lottomat.com\/de\/ergebnisse\/saturday-lotto-au\/"]}]},{"@type":"ImageObject","inLanguage":"de","@id":"https:\/\/lottomat.com\/de\/ergebnisse\/saturday-lotto-au\/#primaryimage","url":"https:\/\/lottomat.com\/wp-content\/uploads\/2025\/03\/Saturday-Lotto-Results-300x300.png","contentUrl":"https:\/\/lottomat.com\/wp-content\/uploads\/2025\/03\/Saturday-Lotto-Results-300x300.png"},{"@type":"BreadcrumbList","@id":"https:\/\/lottomat.com\/de\/ergebnisse\/saturday-lotto-au\/#breadcrumb","itemListElement":[{"@type":"ListItem","position":1,"name":"Home","item":"https:\/\/lottomat.com\/de\/"},{"@type":"ListItem","position":2,"name":"Die Neuesten Lotterie-Ergebnisse &#038; Gewinnzahlen","item":"https:\/\/lottomat.com\/de\/ergebnisse\/"},{"@type":"ListItem","position":3,"name":"Samstagslotto-Ergebnisse"}]},{"@type":"WebSite","@id":"https:\/\/lottomat.com\/de\/#website","url":"https:\/\/lottomat.com\/de\/","name":"Lottomat","description":"","potentialAction":[{"@type":"SearchAction","target":{"@type":"EntryPoint","urlTemplate":"https:\/\/lottomat.com\/de\/?s={search_term_string}"},"query-input":{"@type":"PropertyValueSpecification","valueRequired":true,"valueName":"search_term_string"}}],"inLanguage":"de"}]}},"_links":{"self":[{"href":"https:\/\/lottomat.com\/de\/wp-json\/wp\/v2\/pages\/10092","targetHints":{"allow":["GET"]}}],"collection":[{"href":"https:\/\/lottomat.com\/de\/wp-json\/wp\/v2\/pages"}],"about":[{"href":"https:\/\/lottomat.com\/de\/wp-json\/wp\/v2\/types\/page"}],"author":[{"embeddable":true,"href":"https:\/\/lottomat.com\/de\/wp-json\/wp\/v2\/users\/1"}],"replies":[{"embeddable":true,"href":"https:\/\/lottomat.com\/de\/wp-json\/wp\/v2\/comments?post=10092"}],"version-history":[{"count":0,"href":"https:\/\/lottomat.com\/de\/wp-json\/wp\/v2\/pages\/10092\/revisions"}],"up":[{"embeddable":true,"href":"https:\/\/lottomat.com\/de\/wp-json\/wp\/v2\/pages\/7413"}],"wp:attachment":[{"href":"https:\/\/lottomat.com\/de\/wp-json\/wp\/v2\/media?parent=10092"}],"curies":[{"name":"wp","href":"https:\/\/api.w.org\/{rel}","templated":true}]}}