{"id":10009,"date":"2025-03-27T11:40:09","date_gmt":"2025-03-27T11:40:09","guid":{"rendered":"https:\/\/lottomat.net\/lotterieergebnisse\/powerball-au-ergebnisse\/"},"modified":"2025-04-08T09:30:13","modified_gmt":"2025-04-08T09:30:13","slug":"powerball-au","status":"publish","type":"page","link":"https:\/\/lottomat.com\/de\/ergebnisse\/powerball-au\/","title":{"rendered":"Powerball AU-Ergebnisse"},"content":{"rendered":"\n\n<div class=\"kk-star-ratings kksr-auto kksr-align-left kksr-valign-top\"\n    data-payload='{&quot;align&quot;:&quot;left&quot;,&quot;id&quot;:&quot;10009&quot;,&quot;slug&quot;:&quot;default&quot;,&quot;valign&quot;:&quot;top&quot;,&quot;ignore&quot;:&quot;&quot;,&quot;reference&quot;:&quot;auto&quot;,&quot;class&quot;:&quot;&quot;,&quot;count&quot;:&quot;0&quot;,&quot;legendonly&quot;:&quot;&quot;,&quot;readonly&quot;:&quot;&quot;,&quot;score&quot;:&quot;0&quot;,&quot;starsonly&quot;:&quot;&quot;,&quot;best&quot;:&quot;5&quot;,&quot;gap&quot;:&quot;5&quot;,&quot;greet&quot;:&quot;Rate this page&quot;,&quot;legend&quot;:&quot;0\\\/5 - (0 votes)&quot;,&quot;size&quot;:&quot;30&quot;,&quot;title&quot;:&quot;Powerball AU-Ergebnisse&quot;,&quot;width&quot;:&quot;0&quot;,&quot;_legend&quot;:&quot;{score}\\\/{best} - ({count} {votes})&quot;,&quot;font_factor&quot;:&quot;1.25&quot;}'>\n            \n<div class=\"kksr-stars\">\n    \n<div class=\"kksr-stars-inactive\">\n            <div class=\"kksr-star\" data-star=\"1\" style=\"padding-right: 5px\">\n            \n\n<div class=\"kksr-icon\" style=\"width: 30px; height: 30px;\"><\/div>\n        <\/div>\n            <div class=\"kksr-star\" data-star=\"2\" style=\"padding-right: 5px\">\n            \n\n<div class=\"kksr-icon\" style=\"width: 30px; height: 30px;\"><\/div>\n        <\/div>\n            <div class=\"kksr-star\" data-star=\"3\" style=\"padding-right: 5px\">\n            \n\n<div class=\"kksr-icon\" style=\"width: 30px; height: 30px;\"><\/div>\n        <\/div>\n            <div class=\"kksr-star\" data-star=\"4\" style=\"padding-right: 5px\">\n            \n\n<div class=\"kksr-icon\" style=\"width: 30px; height: 30px;\"><\/div>\n        <\/div>\n            <div class=\"kksr-star\" data-star=\"5\" style=\"padding-right: 5px\">\n            \n\n<div class=\"kksr-icon\" style=\"width: 30px; height: 30px;\"><\/div>\n        <\/div>\n    <\/div>\n    \n<div class=\"kksr-stars-active\" style=\"width: 0px;\">\n            <div class=\"kksr-star\" style=\"padding-right: 5px\">\n            \n\n<div class=\"kksr-icon\" style=\"width: 30px; height: 30px;\"><\/div>\n        <\/div>\n            <div class=\"kksr-star\" style=\"padding-right: 5px\">\n            \n\n<div class=\"kksr-icon\" style=\"width: 30px; height: 30px;\"><\/div>\n        <\/div>\n            <div class=\"kksr-star\" style=\"padding-right: 5px\">\n            \n\n<div class=\"kksr-icon\" style=\"width: 30px; height: 30px;\"><\/div>\n        <\/div>\n            <div class=\"kksr-star\" style=\"padding-right: 5px\">\n            \n\n<div class=\"kksr-icon\" style=\"width: 30px; height: 30px;\"><\/div>\n        <\/div>\n            <div class=\"kksr-star\" style=\"padding-right: 5px\">\n            \n\n<div class=\"kksr-icon\" style=\"width: 30px; height: 30px;\"><\/div>\n        <\/div>\n    <\/div>\n<\/div>\n                \n\n<div class=\"kksr-legend\" style=\"font-size: 24px;\">\n            <span class=\"kksr-muted\">Rate this page<\/span>\n    <\/div>\n    <\/div>\n<h2><img loading=\"lazy\" decoding=\"async\" class=\"alignleft wp-image-4302\" src=\"https:\/\/lottomat.com\/wp-content\/uploads\/2025\/03\/Discover-the-Thrills-of-the-Australian-Powerball-Lottery-300x300.png\" alt=\"Entdecken Sie den Nervenkitzel der australischen Powerball-Lotterie\" width=\"100\" height=\"100\" srcset=\"https:\/\/lottomat.com\/wp-content\/uploads\/2025\/03\/Discover-the-Thrills-of-the-Australian-Powerball-Lottery-300x300.png 300w, https:\/\/lottomat.com\/wp-content\/uploads\/2025\/03\/Discover-the-Thrills-of-the-Australian-Powerball-Lottery-150x150.png 150w, https:\/\/lottomat.com\/wp-content\/uploads\/2025\/03\/Discover-the-Thrills-of-the-Australian-Powerball-Lottery-100x100.png 100w, https:\/\/lottomat.com\/wp-content\/uploads\/2025\/03\/Discover-the-Thrills-of-the-Australian-Powerball-Lottery.png 400w\" sizes=\"auto, (max-width: 100px) 100vw, 100px\" \/>Entdecken Sie den Nervenkitzel der australischen Powerball-Lotterie<\/h2>\n<p>Die australische Powerball-Lotterie er\u00f6ffnet Ihnen eine Welt voller Spannung und lebensver\u00e4ndernder M\u00f6glichkeiten. Mit jeder Ziehung erleben die Spieler die Vorfreude, m\u00f6glicherweise der n\u00e4chste gro\u00dfe Gewinner zu werden. Der Reiz des Powerballs liegt nicht nur in seinen riesigen Jackpots, sondern auch im Nervenkitzel des Spiels und den Tr\u00e4umen, die es weckt.<\/p>\n<h2><img loading=\"lazy\" decoding=\"async\" class=\"alignleft wp-image-4331\" src=\"https:\/\/lottomat.com\/wp-content\/uploads\/2025\/03\/powerball-AU-draws-300x300.png\" alt=\"powerball AU draws\" width=\"100\" height=\"100\" srcset=\"https:\/\/lottomat.com\/wp-content\/uploads\/2025\/03\/powerball-AU-draws-300x300.png 300w, https:\/\/lottomat.com\/wp-content\/uploads\/2025\/03\/powerball-AU-draws-150x150.png 150w, https:\/\/lottomat.com\/wp-content\/uploads\/2025\/03\/powerball-AU-draws-100x100.png 100w, https:\/\/lottomat.com\/wp-content\/uploads\/2025\/03\/powerball-AU-draws.png 400w\" sizes=\"auto, (max-width: 100px) 100vw, 100px\" \/>Die Spannung der regelm\u00e4\u00dfigen Ziehungen<\/h2>\n<p>Ein besonderes Merkmal des australischen Powerballs ist sein regelm\u00e4\u00dfiger Ziehungsplan. Die Ziehungen finden jeden Donnerstag statt und bieten den Spielern w\u00f6chentlich die M\u00f6glichkeit, die Spannung des Spiels zu erleben. Diese Regelm\u00e4\u00dfigkeit bedeutet, dass es immer wieder eine neue Chance gibt, sein Gl\u00fcck zu versuchen, und sorgt daf\u00fcr, dass die Spannung das ganze Jahr \u00fcber hoch bleibt.<\/p>\n<h2><img loading=\"lazy\" decoding=\"async\" class=\"alignleft wp-image-4360\" src=\"https:\/\/lottomat.com\/wp-content\/uploads\/2025\/03\/Record-Breaking-Wins-and-Lucky-Numbers-300x300.png\" alt=\"Rekordgewinne und Gl\u00fcckszahlen\" width=\"100\" height=\"100\" srcset=\"https:\/\/lottomat.com\/wp-content\/uploads\/2025\/03\/Record-Breaking-Wins-and-Lucky-Numbers-300x300.png 300w, https:\/\/lottomat.com\/wp-content\/uploads\/2025\/03\/Record-Breaking-Wins-and-Lucky-Numbers-150x150.png 150w, https:\/\/lottomat.com\/wp-content\/uploads\/2025\/03\/Record-Breaking-Wins-and-Lucky-Numbers-100x100.png 100w, https:\/\/lottomat.com\/wp-content\/uploads\/2025\/03\/Record-Breaking-Wins-and-Lucky-Numbers.png 400w\" sizes=\"auto, (max-width: 100px) 100vw, 100px\" \/>Rekordgewinne und Gl\u00fcckszahlen<\/h2>\n<p>Die Geschichte des australischen Powerballs ist gespickt mit bemerkenswerten Gewinnen, die Leben f\u00fcr immer ver\u00e4ndert haben. Einige der gr\u00f6\u00dften Gewinne wurden in verschiedenen Teilen des Landes gewonnen. So gewann beispielsweise im Januar 2019 ein einzelner Losinhaber aus Sydney einen Rekordjackpot von 107 Millionen AUD. Solche Geschichten befl\u00fcgeln die Tr\u00e4ume vieler und beweisen, dass jeder \u00fcber Nacht zum Multimillion\u00e4r werden kann.<\/p>\n<p>Bei der Wahl der Zahlen lassen sich viele Spieler von den am h\u00e4ufigsten gezogenen inspirieren. Im Laufe der Jahre geh\u00f6rten Zahlen wie 17, 9 und 2 zu den am h\u00e4ufigsten gezogenen Zahlen und boten damit eine zus\u00e4tzliche Strategieebene f\u00fcr alle, die an Muster und Wahrscheinlichkeiten glauben.<\/p>\n<h2><img loading=\"lazy\" decoding=\"async\" class=\"alignleft wp-image-4389\" src=\"https:\/\/lottomat.com\/wp-content\/uploads\/2025\/03\/Why-Play-the-Australian-Powerball-300x300.png\" alt=\"Warum australischen Powerball spielen?\" width=\"100\" height=\"100\" srcset=\"https:\/\/lottomat.com\/wp-content\/uploads\/2025\/03\/Why-Play-the-Australian-Powerball-300x300.png 300w, https:\/\/lottomat.com\/wp-content\/uploads\/2025\/03\/Why-Play-the-Australian-Powerball-150x150.png 150w, https:\/\/lottomat.com\/wp-content\/uploads\/2025\/03\/Why-Play-the-Australian-Powerball-100x100.png 100w, https:\/\/lottomat.com\/wp-content\/uploads\/2025\/03\/Why-Play-the-Australian-Powerball.png 400w\" sizes=\"auto, (max-width: 100px) 100vw, 100px\" \/>Warum australischen Powerball spielen?<\/h2>\n<p>Beim australischen Powerball geht es um mehr als nur die potenziellen finanziellen Gewinne. Es geht um den Nervenkitzel, an einem Spiel teilzunehmen, das Leben ver\u00e4ndern kann. Die Aufregung, die eigenen Zahlen mit den Ziehungsergebnissen abzugleichen, die Kameradschaft unter den Mitspielern und die Tr\u00e4ume von einem gro\u00dfen Gewinn geh\u00f6ren zum Erlebnis.<\/p>\n<p>Dar\u00fcber hinaus k\u00f6nnen die Vorteile des regelm\u00e4\u00dfigen Spielens nicht hoch genug eingesch\u00e4tzt werden. Regelm\u00e4\u00dfige Teilnahme erh\u00f6ht Ihre Gewinnchancen mit der Zeit. Jedes Los ist eine neue Chance, und viele Gewinner haben allein durch systematisches Spielen Erfolg gehabt. Entdecken Sie die Welt der Lotterien mit Lottomat \u2013 Der australische Powerball ist zwar ein Highlight, aber nicht das einzige Spiel auf der Welt. Lottomat bietet eine gro\u00dfe Auswahl an Lotterien aus aller Welt, darunter auch andere beliebte australische Lotterien wie das Samstagslotto. Indem Sie verschiedene Lotterien ausprobieren, erweitern Sie Ihre Spielstrategie und erh\u00f6hen Ihre Gewinnchancen.<\/p>\n<p>Das Spielen verschiedener Lotterien erh\u00f6ht nicht nur Ihre Gewinnchancen, sondern f\u00fchrt Sie auch in eine gro\u00dfe Auswahl an Spielen ein, jedes mit seinem eigenen Charme und seinen potenziellen Gewinnen. Von der Spannung europ\u00e4ischer Ziehungen bis zum Reiz amerikanischer Jackpots \u2013 die Welt der Lotterien ist riesig und aufregend.<\/p>\n<h2><img loading=\"lazy\" decoding=\"async\" class=\"alignleft wp-image-4418\" src=\"https:\/\/lottomat.com\/wp-content\/uploads\/2025\/03\/the-Australian-Powerball-lottery-300x300.png\" alt=\"the Australian Powerball lottery\" width=\"100\" height=\"100\" srcset=\"https:\/\/lottomat.com\/wp-content\/uploads\/2025\/03\/the-Australian-Powerball-lottery-300x300.png 300w, https:\/\/lottomat.com\/wp-content\/uploads\/2025\/03\/the-Australian-Powerball-lottery-150x150.png 150w, https:\/\/lottomat.com\/wp-content\/uploads\/2025\/03\/the-Australian-Powerball-lottery-100x100.png 100w, https:\/\/lottomat.com\/wp-content\/uploads\/2025\/03\/the-Australian-Powerball-lottery.png 400w\" sizes=\"auto, (max-width: 100px) 100vw, 100px\" \/>Die Freude am Gewinnen<\/h2>\n<p>Stellen Sie sich vor, was Sie mit einem Powerball-Jackpot alles machen k\u00f6nnten. Ob Sie die Welt bereisen, Ihr Traumhaus kaufen oder sich f\u00fcr ein Anliegen einsetzen \u2013 die M\u00f6glichkeiten sind endlos. Die Freude am Gewinnen geht \u00fcber den finanziellen Gewinn hinaus; es geht um die Freiheit und die M\u00f6glichkeiten, die finanzielle Sicherheit mit sich bringt.<\/p>\n<p>Jedes Los bringt Sie der Verwirklichung Ihrer Tr\u00e4ume einen Schritt n\u00e4her. Der australische Powerball bietet den Nervenkitzel der Jagd und die M\u00f6glichkeit eines Neuanfangs. Er l\u00e4dt dazu ein, gro\u00dfe Tr\u00e4ume zu haben und die Spannung des Unbekannten zu genie\u00dfen.<\/p>\n<p>Zusammenfassend l\u00e4sst sich sagen: Die australische Powerball-Lotterie ist mehr als nur ein Gl\u00fccksspiel. Es ist eine Reise voller Spannung, Tr\u00e4ume und der M\u00f6glichkeit, lebensver\u00e4ndernde Belohnungen zu erhalten. Mit regelm\u00e4\u00dfigen Ziehungen, einer Geschichte bedeutender Gewinne und der M\u00f6glichkeit, \u00fcber Lottomat eine Vielzahl von Lotterien zu entdecken, gab es nie einen besseren Zeitpunkt, mitzumachen. Denken Sie daran: Um gro\u00df zu gewinnen, m\u00fcssen Sie spielen. Warum also nicht noch heute Ihre Reise beginnen und sehen, wohin sie Sie f\u00fchrt?<\/p>\n","protected":false},"excerpt":{"rendered":"<p>Entdecken Sie den Nervenkitzel der australischen Powerball-Lotterie Die australische Powerball-Lotterie er\u00f6ffnet Ihnen eine Welt voller Spannung und lebensver\u00e4ndernder M\u00f6glichkeiten. Mit jeder Ziehung erleben die Spieler die Vorfreude, m\u00f6glicherweise der n\u00e4chste gro\u00dfe Gewinner zu werden. Der Reiz des Powerballs liegt nicht nur in seinen riesigen Jackpots, sondern auch im Nervenkitzel des Spiels und den Tr\u00e4umen, die [&hellip;]<\/p>\n","protected":false},"author":1,"featured_media":0,"parent":7413,"menu_order":16,"comment_status":"closed","ping_status":"closed","template":"powerball-au-results.php","meta":{"_et_pb_use_builder":"","_et_pb_old_content":"","_et_gb_content_width":"","exclude_from_search":false,"footnotes":""},"class_list":["post-10009","page","type-page","status-publish","hentry"],"yoast_head":"<!-- This site is optimized with the Yoast SEO plugin v23.8 - https:\/\/yoast.com\/wordpress\/plugins\/seo\/ -->\n<title>Powerball AU-Ergebnisse \u2013 (Tats\u00e4chlich 7\/35 + 1\/20) - Lottomat<\/title>\n<meta name=\"description\" content=\"Powerball AU Lotterieergebnisse: Vergleichen Sie Ihren Tippschein mit den Gewinnzahlen, den am h\u00e4ufigsten gezogenen Zahlen bei Powerball AU. Sehen Sie, wie einfach es ist.\" \/>\n<meta name=\"robots\" content=\"index, follow, max-snippet:-1, max-image-preview:large, max-video-preview:-1\" \/>\n<link rel=\"canonical\" href=\"https:\/\/lottomat.com\/de\/ergebnisse\/powerball-au\/\" \/>\n<meta property=\"og:locale\" content=\"de_DE\" \/>\n<meta property=\"og:type\" content=\"article\" \/>\n<meta property=\"og:title\" content=\"Powerball AU-Ergebnisse \u2013 (Tats\u00e4chlich 7\/35 + 1\/20) - Lottomat\" \/>\n<meta property=\"og:description\" content=\"Powerball AU Lotterieergebnisse: Vergleichen Sie Ihren Tippschein mit den Gewinnzahlen, den am h\u00e4ufigsten gezogenen Zahlen bei Powerball AU. Sehen Sie, wie einfach es ist.\" \/>\n<meta property=\"og:url\" content=\"https:\/\/lottomat.com\/de\/ergebnisse\/powerball-au\/\" \/>\n<meta property=\"og:site_name\" content=\"Lottomat\" \/>\n<meta property=\"article:modified_time\" content=\"2025-04-08T09:30:13+00:00\" \/>\n<meta property=\"og:image\" content=\"https:\/\/lottomat.com\/wp-content\/uploads\/2025\/03\/Discover-the-Thrills-of-the-Australian-Powerball-Lottery-300x300.png\" \/>\n<meta name=\"twitter:card\" content=\"summary_large_image\" \/>\n<meta name=\"twitter:label1\" content=\"Gesch\u00e4tzte Lesezeit\" \/>\n\t<meta name=\"twitter:data1\" content=\"3\u00a0Minuten\" \/>\n<script type=\"application\/ld+json\" class=\"yoast-schema-graph\">{\"@context\":\"https:\/\/schema.org\",\"@graph\":[{\"@type\":\"WebPage\",\"@id\":\"https:\/\/lottomat.com\/de\/ergebnisse\/powerball-au\/\",\"url\":\"https:\/\/lottomat.com\/de\/ergebnisse\/powerball-au\/\",\"name\":\"Powerball AU-Ergebnisse \u2013 (Tats\u00e4chlich 7\/35 + 1\/20) - Lottomat\",\"isPartOf\":{\"@id\":\"https:\/\/lottomat.com\/de\/#website\"},\"primaryImageOfPage\":{\"@id\":\"https:\/\/lottomat.com\/de\/ergebnisse\/powerball-au\/#primaryimage\"},\"image\":{\"@id\":\"https:\/\/lottomat.com\/de\/ergebnisse\/powerball-au\/#primaryimage\"},\"thumbnailUrl\":\"https:\/\/lottomat.com\/wp-content\/uploads\/2025\/03\/Discover-the-Thrills-of-the-Australian-Powerball-Lottery-300x300.png\",\"datePublished\":\"2025-03-27T11:40:09+00:00\",\"dateModified\":\"2025-04-08T09:30:13+00:00\",\"description\":\"Powerball AU Lotterieergebnisse: Vergleichen Sie Ihren Tippschein mit den Gewinnzahlen, den am h\u00e4ufigsten gezogenen Zahlen bei Powerball AU. Sehen Sie, wie einfach es ist.\",\"breadcrumb\":{\"@id\":\"https:\/\/lottomat.com\/de\/ergebnisse\/powerball-au\/#breadcrumb\"},\"inLanguage\":\"de\",\"potentialAction\":[{\"@type\":\"ReadAction\",\"target\":[\"https:\/\/lottomat.com\/de\/ergebnisse\/powerball-au\/\"]}]},{\"@type\":\"ImageObject\",\"inLanguage\":\"de\",\"@id\":\"https:\/\/lottomat.com\/de\/ergebnisse\/powerball-au\/#primaryimage\",\"url\":\"https:\/\/lottomat.com\/wp-content\/uploads\/2025\/03\/Discover-the-Thrills-of-the-Australian-Powerball-Lottery-300x300.png\",\"contentUrl\":\"https:\/\/lottomat.com\/wp-content\/uploads\/2025\/03\/Discover-the-Thrills-of-the-Australian-Powerball-Lottery-300x300.png\"},{\"@type\":\"BreadcrumbList\",\"@id\":\"https:\/\/lottomat.com\/de\/ergebnisse\/powerball-au\/#breadcrumb\",\"itemListElement\":[{\"@type\":\"ListItem\",\"position\":1,\"name\":\"Home\",\"item\":\"https:\/\/lottomat.com\/de\/\"},{\"@type\":\"ListItem\",\"position\":2,\"name\":\"Die Neuesten Lotterie-Ergebnisse &#038; Gewinnzahlen\",\"item\":\"https:\/\/lottomat.com\/de\/ergebnisse\/\"},{\"@type\":\"ListItem\",\"position\":3,\"name\":\"Powerball AU-Ergebnisse\"}]},{\"@type\":\"WebSite\",\"@id\":\"https:\/\/lottomat.com\/de\/#website\",\"url\":\"https:\/\/lottomat.com\/de\/\",\"name\":\"Lottomat\",\"description\":\"\",\"potentialAction\":[{\"@type\":\"SearchAction\",\"target\":{\"@type\":\"EntryPoint\",\"urlTemplate\":\"https:\/\/lottomat.com\/de\/?s={search_term_string}\"},\"query-input\":{\"@type\":\"PropertyValueSpecification\",\"valueRequired\":true,\"valueName\":\"search_term_string\"}}],\"inLanguage\":\"de\"}]}<\/script>\n<!-- \/ Yoast SEO plugin. -->","yoast_head_json":{"title":"Powerball AU-Ergebnisse \u2013 (Tats\u00e4chlich 7\/35 + 1\/20) - Lottomat","description":"Powerball AU Lotterieergebnisse: Vergleichen Sie Ihren Tippschein mit den Gewinnzahlen, den am h\u00e4ufigsten gezogenen Zahlen bei Powerball AU. Sehen Sie, wie einfach es ist.","robots":{"index":"index","follow":"follow","max-snippet":"max-snippet:-1","max-image-preview":"max-image-preview:large","max-video-preview":"max-video-preview:-1"},"canonical":"https:\/\/lottomat.com\/de\/ergebnisse\/powerball-au\/","og_locale":"de_DE","og_type":"article","og_title":"Powerball AU-Ergebnisse \u2013 (Tats\u00e4chlich 7\/35 + 1\/20) - Lottomat","og_description":"Powerball AU Lotterieergebnisse: Vergleichen Sie Ihren Tippschein mit den Gewinnzahlen, den am h\u00e4ufigsten gezogenen Zahlen bei Powerball AU. Sehen Sie, wie einfach es ist.","og_url":"https:\/\/lottomat.com\/de\/ergebnisse\/powerball-au\/","og_site_name":"Lottomat","article_modified_time":"2025-04-08T09:30:13+00:00","og_image":[{"url":"https:\/\/lottomat.com\/wp-content\/uploads\/2025\/03\/Discover-the-Thrills-of-the-Australian-Powerball-Lottery-300x300.png"}],"twitter_card":"summary_large_image","twitter_misc":{"Gesch\u00e4tzte Lesezeit":"3\u00a0Minuten"},"schema":{"@context":"https:\/\/schema.org","@graph":[{"@type":"WebPage","@id":"https:\/\/lottomat.com\/de\/ergebnisse\/powerball-au\/","url":"https:\/\/lottomat.com\/de\/ergebnisse\/powerball-au\/","name":"Powerball AU-Ergebnisse \u2013 (Tats\u00e4chlich 7\/35 + 1\/20) - Lottomat","isPartOf":{"@id":"https:\/\/lottomat.com\/de\/#website"},"primaryImageOfPage":{"@id":"https:\/\/lottomat.com\/de\/ergebnisse\/powerball-au\/#primaryimage"},"image":{"@id":"https:\/\/lottomat.com\/de\/ergebnisse\/powerball-au\/#primaryimage"},"thumbnailUrl":"https:\/\/lottomat.com\/wp-content\/uploads\/2025\/03\/Discover-the-Thrills-of-the-Australian-Powerball-Lottery-300x300.png","datePublished":"2025-03-27T11:40:09+00:00","dateModified":"2025-04-08T09:30:13+00:00","description":"Powerball AU Lotterieergebnisse: Vergleichen Sie Ihren Tippschein mit den Gewinnzahlen, den am h\u00e4ufigsten gezogenen Zahlen bei Powerball AU. Sehen Sie, wie einfach es ist.","breadcrumb":{"@id":"https:\/\/lottomat.com\/de\/ergebnisse\/powerball-au\/#breadcrumb"},"inLanguage":"de","potentialAction":[{"@type":"ReadAction","target":["https:\/\/lottomat.com\/de\/ergebnisse\/powerball-au\/"]}]},{"@type":"ImageObject","inLanguage":"de","@id":"https:\/\/lottomat.com\/de\/ergebnisse\/powerball-au\/#primaryimage","url":"https:\/\/lottomat.com\/wp-content\/uploads\/2025\/03\/Discover-the-Thrills-of-the-Australian-Powerball-Lottery-300x300.png","contentUrl":"https:\/\/lottomat.com\/wp-content\/uploads\/2025\/03\/Discover-the-Thrills-of-the-Australian-Powerball-Lottery-300x300.png"},{"@type":"BreadcrumbList","@id":"https:\/\/lottomat.com\/de\/ergebnisse\/powerball-au\/#breadcrumb","itemListElement":[{"@type":"ListItem","position":1,"name":"Home","item":"https:\/\/lottomat.com\/de\/"},{"@type":"ListItem","position":2,"name":"Die Neuesten Lotterie-Ergebnisse &#038; Gewinnzahlen","item":"https:\/\/lottomat.com\/de\/ergebnisse\/"},{"@type":"ListItem","position":3,"name":"Powerball AU-Ergebnisse"}]},{"@type":"WebSite","@id":"https:\/\/lottomat.com\/de\/#website","url":"https:\/\/lottomat.com\/de\/","name":"Lottomat","description":"","potentialAction":[{"@type":"SearchAction","target":{"@type":"EntryPoint","urlTemplate":"https:\/\/lottomat.com\/de\/?s={search_term_string}"},"query-input":{"@type":"PropertyValueSpecification","valueRequired":true,"valueName":"search_term_string"}}],"inLanguage":"de"}]}},"_links":{"self":[{"href":"https:\/\/lottomat.com\/de\/wp-json\/wp\/v2\/pages\/10009","targetHints":{"allow":["GET"]}}],"collection":[{"href":"https:\/\/lottomat.com\/de\/wp-json\/wp\/v2\/pages"}],"about":[{"href":"https:\/\/lottomat.com\/de\/wp-json\/wp\/v2\/types\/page"}],"author":[{"embeddable":true,"href":"https:\/\/lottomat.com\/de\/wp-json\/wp\/v2\/users\/1"}],"replies":[{"embeddable":true,"href":"https:\/\/lottomat.com\/de\/wp-json\/wp\/v2\/comments?post=10009"}],"version-history":[{"count":0,"href":"https:\/\/lottomat.com\/de\/wp-json\/wp\/v2\/pages\/10009\/revisions"}],"up":[{"embeddable":true,"href":"https:\/\/lottomat.com\/de\/wp-json\/wp\/v2\/pages\/7413"}],"wp:attachment":[{"href":"https:\/\/lottomat.com\/de\/wp-json\/wp\/v2\/media?parent=10009"}],"curies":[{"name":"wp","href":"https:\/\/api.w.org\/{rel}","templated":true}]}}