{"id":9920,"date":"2025-03-26T13:41:46","date_gmt":"2025-03-26T13:41:46","guid":{"rendered":"https:\/\/lottomat.net\/information-om-lotteri\/information-om-mega-millions\/"},"modified":"2026-02-26T20:31:06","modified_gmt":"2026-02-26T20:31:06","slug":"megamillions","status":"publish","type":"page","link":"https:\/\/lottomat.com\/da\/lotterier\/megamillions\/","title":{"rendered":"Mega Millions Pr\u00e6mier, Regler og Jackpot"},"content":{"rendered":"\n\n<div class=\"kk-star-ratings kksr-auto kksr-align-left kksr-valign-top\"\n    data-payload='{&quot;align&quot;:&quot;left&quot;,&quot;id&quot;:&quot;9920&quot;,&quot;slug&quot;:&quot;default&quot;,&quot;valign&quot;:&quot;top&quot;,&quot;ignore&quot;:&quot;&quot;,&quot;reference&quot;:&quot;auto&quot;,&quot;class&quot;:&quot;&quot;,&quot;count&quot;:&quot;0&quot;,&quot;legendonly&quot;:&quot;&quot;,&quot;readonly&quot;:&quot;&quot;,&quot;score&quot;:&quot;0&quot;,&quot;starsonly&quot;:&quot;&quot;,&quot;best&quot;:&quot;5&quot;,&quot;gap&quot;:&quot;5&quot;,&quot;greet&quot;:&quot;Rate this page&quot;,&quot;legend&quot;:&quot;0\\\/5 - (0 votes)&quot;,&quot;size&quot;:&quot;30&quot;,&quot;title&quot;:&quot;Mega Millions Pr\u00e6mier, Regler og Jackpot&quot;,&quot;width&quot;:&quot;0&quot;,&quot;_legend&quot;:&quot;{score}\\\/{best} - ({count} {votes})&quot;,&quot;font_factor&quot;:&quot;1.25&quot;}'>\n            \n<div class=\"kksr-stars\">\n    \n<div class=\"kksr-stars-inactive\">\n            <div class=\"kksr-star\" data-star=\"1\" style=\"padding-right: 5px\">\n            \n\n<div class=\"kksr-icon\" style=\"width: 30px; height: 30px;\"><\/div>\n        <\/div>\n            <div class=\"kksr-star\" data-star=\"2\" style=\"padding-right: 5px\">\n            \n\n<div class=\"kksr-icon\" style=\"width: 30px; height: 30px;\"><\/div>\n        <\/div>\n            <div class=\"kksr-star\" data-star=\"3\" style=\"padding-right: 5px\">\n            \n\n<div class=\"kksr-icon\" style=\"width: 30px; height: 30px;\"><\/div>\n        <\/div>\n            <div class=\"kksr-star\" data-star=\"4\" style=\"padding-right: 5px\">\n            \n\n<div class=\"kksr-icon\" style=\"width: 30px; height: 30px;\"><\/div>\n        <\/div>\n            <div class=\"kksr-star\" data-star=\"5\" style=\"padding-right: 5px\">\n            \n\n<div class=\"kksr-icon\" style=\"width: 30px; height: 30px;\"><\/div>\n        <\/div>\n    <\/div>\n    \n<div class=\"kksr-stars-active\" style=\"width: 0px;\">\n            <div class=\"kksr-star\" style=\"padding-right: 5px\">\n            \n\n<div class=\"kksr-icon\" style=\"width: 30px; height: 30px;\"><\/div>\n        <\/div>\n            <div class=\"kksr-star\" style=\"padding-right: 5px\">\n            \n\n<div class=\"kksr-icon\" style=\"width: 30px; height: 30px;\"><\/div>\n        <\/div>\n            <div class=\"kksr-star\" style=\"padding-right: 5px\">\n            \n\n<div class=\"kksr-icon\" style=\"width: 30px; height: 30px;\"><\/div>\n        <\/div>\n            <div class=\"kksr-star\" style=\"padding-right: 5px\">\n            \n\n<div class=\"kksr-icon\" style=\"width: 30px; height: 30px;\"><\/div>\n        <\/div>\n            <div class=\"kksr-star\" style=\"padding-right: 5px\">\n            \n\n<div class=\"kksr-icon\" style=\"width: 30px; height: 30px;\"><\/div>\n        <\/div>\n    <\/div>\n<\/div>\n                \n\n<div class=\"kksr-legend\" style=\"font-size: 24px;\">\n            <span class=\"kksr-muted\">Rate this page<\/span>\n    <\/div>\n    <\/div>\n<p><strong>Vil du vinde Mega Millions-pr\u00e6mier og jackpots?<\/strong> Spillere fra hele verden spekulerer konstant p\u00e5, hvordan man kn\u00e6kker systemet i talspil, hvilket lotteri man skal satse p\u00e5, om man skal spille kombinationer eller holde sig konsekvent til \u00e9t spil. Desv\u00e6rre findes der ikke \u00e9t entydigt svar p\u00e5 det sp\u00f8rgsm\u00e5l. Hver erfaren lottospiller har sine egne teorier, overbevisninger og vaner. Det, man f\u00f8rst og fremmest kan g\u00f8re, er at l\u00e6re s\u00e5 meget som muligt om de forskellige online-lotterier for at tr\u00e6ffe et velinformeret valg om, hvad man skal spille. Alt, hvad du beh\u00f8ver at vide om de bedste og mest popul\u00e6re online hasardspil, finder du p\u00e5 LottoMat-hjemmesiden. Det er ogs\u00e5 her, du kan spille dit foretrukne lotteri eller <a href=\"https:\/\/lottomat.com\/da\/resultater\/\">tjekke de seneste lodtr\u00e6kningsresultater<\/a>. I artiklen nedenfor fokuserer vi p\u00e5 Mega Millions-pr\u00e6mier, regler og vigtig information.<\/p>\n<h2>Hvad er Mega Millions-lotteriet?<img loading=\"lazy\" decoding=\"async\" class=\"alignright wp-image-253136\" src=\"https:\/\/lottomat.com\/wp-content\/uploads\/2025\/10\/prizes-and-jackpot.webp\" alt=\"pr\u00e6mier og jackpot\" width=\"200\" height=\"200\" srcset=\"https:\/\/lottomat.com\/wp-content\/uploads\/2025\/10\/prizes-and-jackpot.webp 400w, https:\/\/lottomat.com\/wp-content\/uploads\/2025\/10\/prizes-and-jackpot-300x300.webp 300w, https:\/\/lottomat.com\/wp-content\/uploads\/2025\/10\/prizes-and-jackpot-150x150.webp 150w, https:\/\/lottomat.com\/wp-content\/uploads\/2025\/10\/prizes-and-jackpot-100x100.webp 100w\" sizes=\"auto, (max-width: 200px) 100vw, 200px\" \/><\/h2>\n<p>Mega Millions online er sammen med Powerball det mest popul\u00e6re amerikanske tal-lotteri. Det har opn\u00e5et sin popularitet takket v\u00e6re enkle og letforst\u00e5elige regler, astronomiske gevinster og \u2013 vigtigst af alt \u2013 utrolige vinderchancer. Uovertrufne f\u00f8lelser ledsager hver lodtr\u00e6kning, og n\u00e5r der er en Mega Millions-jackpot, g\u00e5r ikke kun spillerne amok, men ogs\u00e5 dem, der slet ikke deltager i spillet. Billetter til dette lotteri k\u00f8bes af n\u00e6sten alle amerikanere, selv dem der normalt ikke interesserer sig for hasardspil. Jackpots begejstrer ikke kun amerikanere \u2013 spillet er popul\u00e6rt verden over. Takket v\u00e6re muligheden for at <a href=\"https:\/\/lottomat.com\/da\/spil\/mega-millions\/\">spille Mega Millions online<\/a> kan enhver voksen deltage i dette fantastiske lotteri fra hvor som helst i verden.<\/p>\n<h2>Hvad er historien bag Mega Millions?<\/h2>\n<p>Dette lotteri blev grundlagt i 1996 og hed oprindeligt The Big Game, et navn der seks \u00e5r senere blev \u00e6ndret til det, vi kender i dag: Mega Millions. I begyndelsen var det kun tilg\u00e6ngeligt i seks stater: Georgia, Maryland, Illinois, Massachusetts, Virginia og Michigan. I dag har Mega Millions lotterikontorer i <strong>45 stater, District of Columbia og De Amerikanske Jomfru\u00f8er<\/strong>. En Mega Millions-lodtr\u00e6kning finder sted hver <strong>onsdag og l\u00f8rdag aften kl. 03:00 UTC<\/strong>, inklusive helligdage, der anerkendes af Georgia Lottery. Lodtr\u00e6kningerne om Mega Millions-pr\u00e6mier og hovedjackpotten afholdes i Georgia, n\u00e6rmere bestemt i Atlanta.<\/p>\n<h2><img loading=\"lazy\" decoding=\"async\" class=\"alignleft wp-image-253166\" src=\"https:\/\/lottomat.com\/wp-content\/uploads\/2025\/10\/Mega-Millions-jackpot.webp\" alt=\"Mega Millions-jackpot\" width=\"200\" height=\"200\" srcset=\"https:\/\/lottomat.com\/wp-content\/uploads\/2025\/10\/Mega-Millions-jackpot.webp 400w, https:\/\/lottomat.com\/wp-content\/uploads\/2025\/10\/Mega-Millions-jackpot-300x300.webp 300w, https:\/\/lottomat.com\/wp-content\/uploads\/2025\/10\/Mega-Millions-jackpot-150x150.webp 150w, https:\/\/lottomat.com\/wp-content\/uploads\/2025\/10\/Mega-Millions-jackpot-100x100.webp 100w\" sizes=\"auto, (max-width: 200px) 100vw, 200px\" \/>Hvad er reglerne for Mega Millions?<\/h2>\n<p>De nuv\u00e6rende Mega Millions-regler er ligetil og minder om reglerne i andre lotterier. For at spille v\u00e6lger du <strong>fem tal fra en pulje p\u00e5 70<\/strong> samt \u00e9t ekstra tal (kaldet Mega Ball) fra en <strong>pulje p\u00e5 24 gyldne kugler<\/strong>. Det ekstra tal, Mega Ball, tr\u00e6kkes fra et separat s\u00e6t tal, hvilket betyder, at det kan matche et af hovedtallene.<\/p>\n<h3>Vigtige \u00e6ndringer i 2025<\/h3>\n<ul class=\"list\">\n<li><strong>Billetpris:<\/strong> Koster nu 5 USD pr. spil (forh\u00f8jet fra 2 USD)<\/li>\n<li><strong>Indbygget multiplikator:<\/strong> Hver billet indeholder automatisk en multiplikator (2X, 3X, 4X, 5X eller 10X)<\/li>\n<li><strong>Startjackpot:<\/strong> For\u00f8get fra 20 millioner USD til 50 millioner USD<\/li>\n<li><strong>Bedre odds:<\/strong> Jackpot-odds forbedret fra 1 ud af 302.575.350 til 1 ud af 290.472.336<\/li>\n<li><strong>Mega Ball-pulje:<\/strong> Reduceret fra 25 til 24 tal<\/li>\n<\/ul>\n<p><strong>At g\u00e6tte alle seks tal korrekt<\/strong> giver hovedgevinsten. <strong>Andenpr\u00e6mier sp\u00e6nder fra 2 til 10 millioner USD<\/strong> (afh\u00e6ngigt af multiplikatoren), og spillere kan vinde ved at g\u00e6tte fem hovedtal fra den st\u00f8rre pulje. <strong>Kolosale forskelle adskiller<\/strong> f\u00f8rste- og andenpr\u00e6mierne i Mega Millions! Hvis det viser sig, at ingen har g\u00e6ttet alle tallene efter en lodtr\u00e6kning, sker der en overf\u00f8rsel (rollover). Jackpotten i en Mega Millions-rollover kan n\u00e5 utroligt h\u00f8je bel\u00f8b. Det er derfor ofte en god id\u00e9 at k\u00f8be Mega Millions-billetter online under en rollover.<\/p>\n<h2>Hvad er de st\u00f8rste Mega Millions-jackpots i historien?<img loading=\"lazy\" decoding=\"async\" class=\"alignright wp-image-253196\" src=\"https:\/\/lottomat.com\/wp-content\/uploads\/2025\/10\/rules-of-playing.webp\" alt=\"spilleregler\" width=\"200\" height=\"200\" srcset=\"https:\/\/lottomat.com\/wp-content\/uploads\/2025\/10\/rules-of-playing.webp 400w, https:\/\/lottomat.com\/wp-content\/uploads\/2025\/10\/rules-of-playing-300x300.webp 300w, https:\/\/lottomat.com\/wp-content\/uploads\/2025\/10\/rules-of-playing-150x150.webp 150w, https:\/\/lottomat.com\/wp-content\/uploads\/2025\/10\/rules-of-playing-100x100.webp 100w\" sizes=\"auto, (max-width: 200px) 100vw, 200px\" \/><\/h2>\n<p>De fem st\u00f8rste Mega Millions-jackpots nogensinde er:<\/p>\n<ol class=\"list\">\n<li><strong>1,602 milliarder USD<\/strong> (8. august 2023) \u2013 vundet i Florida<\/li>\n<li><strong>1,537 milliarder USD<\/strong> (23. oktober 2018) \u2013 vundet i South Carolina<\/li>\n<li><strong>1,35 milliarder USD<\/strong> (13. januar 2023) \u2013 vundet i Maine<\/li>\n<li><strong>1,337 milliarder USD<\/strong> (29. juli 2022) \u2013 vundet i Illinois<\/li>\n<li><strong>1,22 milliarder USD<\/strong> (27. december 2024) \u2013 vundet i Californien<\/li>\n<\/ol>\n<p>Disse rekordbrydende jackpots demonstrerer det utrolige potentiale ved Mega Millions-rollovers og viser, hvordan spillet har skabt nogle af de st\u00f8rste lotterigevinster i verdenshistorien.<\/p>\n<h2>Hvad er risikoen ved at spille Mega Millions?<\/h2>\n<p>Man siger ofte, at der ikke er nogen forn\u00f8jelse uden risiko \u2013 og det er sandt. N\u00e5r det kommer til Mega Millions, f\u00e5r dette ordsprog en s\u00e6rlig betydning. Og risikoen er desv\u00e6rre enorm. Chancerne for at vinde Mega Millions-jackpotten og f\u00e5 alle seks tal er <strong>1 ud af 290.472.336<\/strong> (pr. 2025). En s\u00e5 lille sandsynlighed kan afskr\u00e6kke mange spillere, men Mega Millions har stadig sine trofaste entusiaster. Risikoen er uden tvivl h\u00f8j, men at tage den kan v\u00e6re yderst profitabelt. Mega Millions er et spil for modige spillere, der spiller m\u00e5lrettet og g\u00e5r efter milliongevinster. Spillere, der foretr\u00e6kker at spille sikkert og tage lave risici, vil sandsynligvis ikke finde Mega Millions interessant. Heldigvis kan alle p\u00e5 <a href=\"https:\/\/lottomat.com\/da\/\">LottoMat-hjemmesiden<\/a> finde et online-lotteri, der passer dem bedst.<\/p>\n<h2><img loading=\"lazy\" decoding=\"async\" class=\"alignleft wp-image-253226\" src=\"https:\/\/lottomat.com\/wp-content\/uploads\/2025\/10\/Mega-Millions-rules.webp\" alt=\"Mega Millions-regler\" width=\"200\" height=\"200\" srcset=\"https:\/\/lottomat.com\/wp-content\/uploads\/2025\/10\/Mega-Millions-rules.webp 400w, https:\/\/lottomat.com\/wp-content\/uploads\/2025\/10\/Mega-Millions-rules-300x300.webp 300w, https:\/\/lottomat.com\/wp-content\/uploads\/2025\/10\/Mega-Millions-rules-150x150.webp 150w, https:\/\/lottomat.com\/wp-content\/uploads\/2025\/10\/Mega-Millions-rules-100x100.webp 100w\" sizes=\"auto, (max-width: 200px) 100vw, 200px\" \/>Hvad er Mega Millions-pr\u00e6mier, og hvor meget kan du vinde?<\/h2>\n<p>Den garanterede pr\u00e6miev\u00e6rdi for f\u00f8rste niveau er nu <strong>50 millioner USD<\/strong> som startjackpot, markant forh\u00f8jet fra de tidligere gr\u00e6nser p\u00e5 15 millioner og senere 20 millioner USD. Denne \u00e6ndring har gjort spillet endnu mere intenst og attraktivt for spillerne. Mega Millions tilbyder ni forskellige pr\u00e6mieniveauer \u2013 fra kun at matche Mega Ball til at ramme hele jackpotten. 2025-formatet inkluderer en <strong>indbygget multiplikatorfunktion<\/strong>, der kan \u00f8ge ikke-jackpotpr\u00e6mier med 2, 3, 4, 5 eller 10 gange grundbel\u00f8bet. Det betyder, at selv mindre gevinster kan blive betydelige. Andenpr\u00e6mien (fem hovedtal uden Mega Ball) kan nu variere fra <strong>2 til 10 millioner USD<\/strong> afh\u00e6ngigt af den udtrukne multiplikator. Alle andre pr\u00e6mieniveauer drager ogs\u00e5 fordel af denne automatiske multiplikationsfunktion, hvilket g\u00f8r hver billet potentielt mere v\u00e6rdifuld end f\u00f8r.<\/p>\n<h2>Hvem kan spille Mega Millions og vinde pr\u00e6mier?<\/h2>\n<p>Hvis du befinder dig i USA, kan du k\u00f8be en billet hos et fysisk lotterisalg. Hvis du er uden for USA, kan du bruge LottoMat-hjemmesiden, som tilbyder billetk\u00f8b. Kort sagt kan Mega Millions spilles af <strong>enhver voksen med internetadgang<\/strong>, hvilket betyder personer over 18 \u00e5r. I dag har spillere verden over mulighed for at indsende billetter til ethvert lotteri med \u00e9t klik, udfylde s\u00e5 mange billetter, de \u00f8nsker, og g\u00f8re det fra hvor som helst i verden. Ingen k\u00f8er, ingen jagt p\u00e5 et lotterikontor \u2013 roligt, uden stress og uden forhastede talvalg. P\u00e5 LottoMat-hjemmesiden har du mulighed for ikke blot at spille Mega Millions, men ogs\u00e5 at l\u00e6re om lodtr\u00e6kninger, hvordan man spiller for at vinde, og <a href=\"https:\/\/lottomat.com\/da\/resultater\/megamillions\/\">tjekke de seneste Mega Millions-resultater<\/a>.<\/p>\n<h2>Hvad er dine chancer for at vinde Mega Millions?<img loading=\"lazy\" decoding=\"async\" class=\"alignright wp-image-253256\" src=\"https:\/\/lottomat.com\/wp-content\/uploads\/2025\/10\/Mega-Millions-prizes.webp\" alt=\"Mega Millions-pr\u00e6mier\" width=\"200\" height=\"200\" srcset=\"https:\/\/lottomat.com\/wp-content\/uploads\/2025\/10\/Mega-Millions-prizes.webp 400w, https:\/\/lottomat.com\/wp-content\/uploads\/2025\/10\/Mega-Millions-prizes-300x300.webp 300w, https:\/\/lottomat.com\/wp-content\/uploads\/2025\/10\/Mega-Millions-prizes-150x150.webp 150w, https:\/\/lottomat.com\/wp-content\/uploads\/2025\/10\/Mega-Millions-prizes-100x100.webp 100w\" sizes=\"auto, (max-width: 200px) 100vw, 200px\" \/><\/h2>\n<p>De samlede odds for at vinde en hvilken som helst pr\u00e6mie i Mega Millions er <strong>1 ud af 23<\/strong> (forbedret fra 1 ud af 24 i 2025). Selvom jackpot-oddsene er astronomiske, findes der flere pr\u00e6mieniveauer med bedre chancer for at vinde mindre bel\u00f8b. <strong>Husk:<\/strong> Hver lodtr\u00e6kning er tilf\u00e6ldig, og hver talkombination har samme chance for at blive udtrukket. Den indbyggede multiplikatorfunktion i 2025 sikrer, at selv ikke-jackpotpr\u00e6mier kan v\u00e6re betydelige, med mulighed for at vinde op til <strong>10 gange<\/strong> grundpr\u00e6mien. Med jackpots, der regelm\u00e6ssigt overstiger hundrede millioner og lejlighedsvis bryder milliardgr\u00e6nsen, forts\u00e6tter Mega Millions med at tilbyde dr\u00f8mmen om \u00f8jeblikkelig rigdom til spillere i hele verden.<\/p>\n<h2>Mega Millions Pr\u00e6mier &amp; Odds Tabel<\/h2>\n","protected":false},"excerpt":{"rendered":"<p>Vil du vinde Mega Millions-pr\u00e6mier og jackpots? Spillere fra hele verden spekulerer konstant p\u00e5, hvordan man kn\u00e6kker systemet i talspil, hvilket lotteri man skal satse p\u00e5, om man skal spille kombinationer eller holde sig konsekvent til \u00e9t spil. Desv\u00e6rre findes der ikke \u00e9t entydigt svar p\u00e5 det sp\u00f8rgsm\u00e5l. Hver erfaren lottospiller har sine egne teorier, [&hellip;]<\/p>\n","protected":false},"author":2,"featured_media":0,"parent":6859,"menu_order":2,"comment_status":"closed","ping_status":"closed","template":"megamillion-info.php","meta":{"_et_pb_use_builder":"","_et_pb_old_content":"","_et_gb_content_width":"","exclude_from_search":false,"footnotes":""},"class_list":["post-9920","page","type-page","status-publish","hentry"],"yoast_head":"<!-- This site is optimized with the Yoast SEO plugin v23.8 - https:\/\/yoast.com\/wordpress\/plugins\/seo\/ -->\n<title>Mega Millions Pr\u00e6mier, Regler og Jackpot - LottoMat<\/title>\n<meta name=\"description\" content=\"Du har mulighed for at vinde Mega Millions-pr\u00e6mier og jackpotten. Mega Millions er et utroligt lotteri, hvor jackpottene vokser helt vildt.\" \/>\n<meta name=\"robots\" content=\"index, follow, max-snippet:-1, max-image-preview:large, max-video-preview:-1\" \/>\n<link rel=\"canonical\" href=\"https:\/\/lottomat.com\/da\/lotterier\/megamillions\/\" \/>\n<meta property=\"og:locale\" content=\"da_DK\" \/>\n<meta property=\"og:type\" content=\"article\" \/>\n<meta property=\"og:title\" content=\"Mega Millions Pr\u00e6mier, Regler og Jackpot - LottoMat\" \/>\n<meta property=\"og:description\" content=\"Du har mulighed for at vinde Mega Millions-pr\u00e6mier og jackpotten. Mega Millions er et utroligt lotteri, hvor jackpottene vokser helt vildt.\" \/>\n<meta property=\"og:url\" content=\"https:\/\/lottomat.com\/da\/lotterier\/megamillions\/\" \/>\n<meta property=\"og:site_name\" content=\"Lottomat\" \/>\n<meta property=\"article:modified_time\" content=\"2026-02-26T20:31:06+00:00\" \/>\n<meta property=\"og:image\" content=\"https:\/\/lottomat.com\/wp-content\/uploads\/2025\/10\/prizes-and-jackpot.webp\" \/>\n\t<meta property=\"og:image:width\" content=\"400\" \/>\n\t<meta property=\"og:image:height\" content=\"400\" \/>\n\t<meta property=\"og:image:type\" content=\"image\/webp\" \/>\n<meta name=\"twitter:card\" content=\"summary_large_image\" \/>\n<meta name=\"twitter:label1\" content=\"Estimeret l\u00e6setid\" \/>\n\t<meta name=\"twitter:data1\" content=\"7 minutter\" \/>\n<script type=\"application\/ld+json\" class=\"yoast-schema-graph\">{\"@context\":\"https:\/\/schema.org\",\"@graph\":[{\"@type\":\"WebPage\",\"@id\":\"https:\/\/lottomat.com\/da\/lotterier\/megamillions\/\",\"url\":\"https:\/\/lottomat.com\/da\/lotterier\/megamillions\/\",\"name\":\"Mega Millions Pr\u00e6mier, Regler og Jackpot - LottoMat\",\"isPartOf\":{\"@id\":\"https:\/\/lottomat.com\/da\/#website\"},\"primaryImageOfPage\":{\"@id\":\"https:\/\/lottomat.com\/da\/lotterier\/megamillions\/#primaryimage\"},\"image\":{\"@id\":\"https:\/\/lottomat.com\/da\/lotterier\/megamillions\/#primaryimage\"},\"thumbnailUrl\":\"https:\/\/lottomat.com\/wp-content\/uploads\/2025\/10\/prizes-and-jackpot.webp\",\"datePublished\":\"2025-03-26T13:41:46+00:00\",\"dateModified\":\"2026-02-26T20:31:06+00:00\",\"description\":\"Du har mulighed for at vinde Mega Millions-pr\u00e6mier og jackpotten. Mega Millions er et utroligt lotteri, hvor jackpottene vokser helt vildt.\",\"breadcrumb\":{\"@id\":\"https:\/\/lottomat.com\/da\/lotterier\/megamillions\/#breadcrumb\"},\"inLanguage\":\"da-DK\",\"potentialAction\":[{\"@type\":\"ReadAction\",\"target\":[\"https:\/\/lottomat.com\/da\/lotterier\/megamillions\/\"]}]},{\"@type\":\"ImageObject\",\"inLanguage\":\"da-DK\",\"@id\":\"https:\/\/lottomat.com\/da\/lotterier\/megamillions\/#primaryimage\",\"url\":\"https:\/\/lottomat.com\/wp-content\/uploads\/2025\/10\/prizes-and-jackpot.webp\",\"contentUrl\":\"https:\/\/lottomat.com\/wp-content\/uploads\/2025\/10\/prizes-and-jackpot.webp\"},{\"@type\":\"BreadcrumbList\",\"@id\":\"https:\/\/lottomat.com\/da\/lotterier\/megamillions\/#breadcrumb\",\"itemListElement\":[{\"@type\":\"ListItem\",\"position\":1,\"name\":\"Home\",\"item\":\"https:\/\/lottomat.com\/da\/\"},{\"@type\":\"ListItem\",\"position\":2,\"name\":\"Lotteriregler: Pr\u00e6mier, Jackpot og Odds\",\"item\":\"https:\/\/lottomat.com\/da\/lotterier\/\"},{\"@type\":\"ListItem\",\"position\":3,\"name\":\"Mega Millions Pr\u00e6mier, Regler og Jackpot\"}]},{\"@type\":\"WebSite\",\"@id\":\"https:\/\/lottomat.com\/da\/#website\",\"url\":\"https:\/\/lottomat.com\/da\/\",\"name\":\"Lottomat\",\"description\":\"\",\"potentialAction\":[{\"@type\":\"SearchAction\",\"target\":{\"@type\":\"EntryPoint\",\"urlTemplate\":\"https:\/\/lottomat.com\/da\/?s={search_term_string}\"},\"query-input\":{\"@type\":\"PropertyValueSpecification\",\"valueRequired\":true,\"valueName\":\"search_term_string\"}}],\"inLanguage\":\"da-DK\"}]}<\/script>\n<!-- \/ Yoast SEO plugin. -->","yoast_head_json":{"title":"Mega Millions Pr\u00e6mier, Regler og Jackpot - LottoMat","description":"Du har mulighed for at vinde Mega Millions-pr\u00e6mier og jackpotten. Mega Millions er et utroligt lotteri, hvor jackpottene vokser helt vildt.","robots":{"index":"index","follow":"follow","max-snippet":"max-snippet:-1","max-image-preview":"max-image-preview:large","max-video-preview":"max-video-preview:-1"},"canonical":"https:\/\/lottomat.com\/da\/lotterier\/megamillions\/","og_locale":"da_DK","og_type":"article","og_title":"Mega Millions Pr\u00e6mier, Regler og Jackpot - LottoMat","og_description":"Du har mulighed for at vinde Mega Millions-pr\u00e6mier og jackpotten. Mega Millions er et utroligt lotteri, hvor jackpottene vokser helt vildt.","og_url":"https:\/\/lottomat.com\/da\/lotterier\/megamillions\/","og_site_name":"Lottomat","article_modified_time":"2026-02-26T20:31:06+00:00","og_image":[{"width":400,"height":400,"url":"https:\/\/lottomat.com\/wp-content\/uploads\/2025\/10\/prizes-and-jackpot.webp","type":"image\/webp"}],"twitter_card":"summary_large_image","twitter_misc":{"Estimeret l\u00e6setid":"7 minutter"},"schema":{"@context":"https:\/\/schema.org","@graph":[{"@type":"WebPage","@id":"https:\/\/lottomat.com\/da\/lotterier\/megamillions\/","url":"https:\/\/lottomat.com\/da\/lotterier\/megamillions\/","name":"Mega Millions Pr\u00e6mier, Regler og Jackpot - LottoMat","isPartOf":{"@id":"https:\/\/lottomat.com\/da\/#website"},"primaryImageOfPage":{"@id":"https:\/\/lottomat.com\/da\/lotterier\/megamillions\/#primaryimage"},"image":{"@id":"https:\/\/lottomat.com\/da\/lotterier\/megamillions\/#primaryimage"},"thumbnailUrl":"https:\/\/lottomat.com\/wp-content\/uploads\/2025\/10\/prizes-and-jackpot.webp","datePublished":"2025-03-26T13:41:46+00:00","dateModified":"2026-02-26T20:31:06+00:00","description":"Du har mulighed for at vinde Mega Millions-pr\u00e6mier og jackpotten. Mega Millions er et utroligt lotteri, hvor jackpottene vokser helt vildt.","breadcrumb":{"@id":"https:\/\/lottomat.com\/da\/lotterier\/megamillions\/#breadcrumb"},"inLanguage":"da-DK","potentialAction":[{"@type":"ReadAction","target":["https:\/\/lottomat.com\/da\/lotterier\/megamillions\/"]}]},{"@type":"ImageObject","inLanguage":"da-DK","@id":"https:\/\/lottomat.com\/da\/lotterier\/megamillions\/#primaryimage","url":"https:\/\/lottomat.com\/wp-content\/uploads\/2025\/10\/prizes-and-jackpot.webp","contentUrl":"https:\/\/lottomat.com\/wp-content\/uploads\/2025\/10\/prizes-and-jackpot.webp"},{"@type":"BreadcrumbList","@id":"https:\/\/lottomat.com\/da\/lotterier\/megamillions\/#breadcrumb","itemListElement":[{"@type":"ListItem","position":1,"name":"Home","item":"https:\/\/lottomat.com\/da\/"},{"@type":"ListItem","position":2,"name":"Lotteriregler: Pr\u00e6mier, Jackpot og Odds","item":"https:\/\/lottomat.com\/da\/lotterier\/"},{"@type":"ListItem","position":3,"name":"Mega Millions Pr\u00e6mier, Regler og Jackpot"}]},{"@type":"WebSite","@id":"https:\/\/lottomat.com\/da\/#website","url":"https:\/\/lottomat.com\/da\/","name":"Lottomat","description":"","potentialAction":[{"@type":"SearchAction","target":{"@type":"EntryPoint","urlTemplate":"https:\/\/lottomat.com\/da\/?s={search_term_string}"},"query-input":{"@type":"PropertyValueSpecification","valueRequired":true,"valueName":"search_term_string"}}],"inLanguage":"da-DK"}]}},"_links":{"self":[{"href":"https:\/\/lottomat.com\/da\/wp-json\/wp\/v2\/pages\/9920","targetHints":{"allow":["GET"]}}],"collection":[{"href":"https:\/\/lottomat.com\/da\/wp-json\/wp\/v2\/pages"}],"about":[{"href":"https:\/\/lottomat.com\/da\/wp-json\/wp\/v2\/types\/page"}],"author":[{"embeddable":true,"href":"https:\/\/lottomat.com\/da\/wp-json\/wp\/v2\/users\/2"}],"replies":[{"embeddable":true,"href":"https:\/\/lottomat.com\/da\/wp-json\/wp\/v2\/comments?post=9920"}],"version-history":[{"count":3,"href":"https:\/\/lottomat.com\/da\/wp-json\/wp\/v2\/pages\/9920\/revisions"}],"predecessor-version":[{"id":272046,"href":"https:\/\/lottomat.com\/da\/wp-json\/wp\/v2\/pages\/9920\/revisions\/272046"}],"up":[{"embeddable":true,"href":"https:\/\/lottomat.com\/da\/wp-json\/wp\/v2\/pages\/6859"}],"wp:attachment":[{"href":"https:\/\/lottomat.com\/da\/wp-json\/wp\/v2\/media?parent=9920"}],"curies":[{"name":"wp","href":"https:\/\/api.w.org\/{rel}","templated":true}]}}