{"id":9628,"date":"2025-03-27T11:28:23","date_gmt":"2025-03-27T11:28:23","guid":{"rendered":"https:\/\/lottomat.net\/lotteri-resultater\/mega-sena-resultater\/"},"modified":"2026-03-18T17:46:14","modified_gmt":"2026-03-18T17:46:14","slug":"megasena","status":"publish","type":"page","link":"https:\/\/lottomat.com\/da\/resultater\/megasena\/","title":{"rendered":"Mega Sena Resultater &#038; Vindende Tal"},"content":{"rendered":"\n\n<div class=\"kk-star-ratings kksr-auto kksr-align-left kksr-valign-top\"\n    data-payload='{&quot;align&quot;:&quot;left&quot;,&quot;id&quot;:&quot;9628&quot;,&quot;slug&quot;:&quot;default&quot;,&quot;valign&quot;:&quot;top&quot;,&quot;ignore&quot;:&quot;&quot;,&quot;reference&quot;:&quot;auto&quot;,&quot;class&quot;:&quot;&quot;,&quot;count&quot;:&quot;0&quot;,&quot;legendonly&quot;:&quot;&quot;,&quot;readonly&quot;:&quot;&quot;,&quot;score&quot;:&quot;0&quot;,&quot;starsonly&quot;:&quot;&quot;,&quot;best&quot;:&quot;5&quot;,&quot;gap&quot;:&quot;5&quot;,&quot;greet&quot;:&quot;Rate this page&quot;,&quot;legend&quot;:&quot;0\\\/5 - (0 votes)&quot;,&quot;size&quot;:&quot;30&quot;,&quot;title&quot;:&quot;Mega Sena Resultater \\u0026amp; Vindende Tal&quot;,&quot;width&quot;:&quot;0&quot;,&quot;_legend&quot;:&quot;{score}\\\/{best} - ({count} {votes})&quot;,&quot;font_factor&quot;:&quot;1.25&quot;}'>\n            \n<div class=\"kksr-stars\">\n    \n<div class=\"kksr-stars-inactive\">\n            <div class=\"kksr-star\" data-star=\"1\" style=\"padding-right: 5px\">\n            \n\n<div class=\"kksr-icon\" style=\"width: 30px; height: 30px;\"><\/div>\n        <\/div>\n            <div class=\"kksr-star\" data-star=\"2\" style=\"padding-right: 5px\">\n            \n\n<div class=\"kksr-icon\" style=\"width: 30px; height: 30px;\"><\/div>\n        <\/div>\n            <div class=\"kksr-star\" data-star=\"3\" style=\"padding-right: 5px\">\n            \n\n<div class=\"kksr-icon\" style=\"width: 30px; height: 30px;\"><\/div>\n        <\/div>\n            <div class=\"kksr-star\" data-star=\"4\" style=\"padding-right: 5px\">\n            \n\n<div class=\"kksr-icon\" style=\"width: 30px; height: 30px;\"><\/div>\n        <\/div>\n            <div class=\"kksr-star\" data-star=\"5\" style=\"padding-right: 5px\">\n            \n\n<div class=\"kksr-icon\" style=\"width: 30px; height: 30px;\"><\/div>\n        <\/div>\n    <\/div>\n    \n<div class=\"kksr-stars-active\" style=\"width: 0px;\">\n            <div class=\"kksr-star\" style=\"padding-right: 5px\">\n            \n\n<div class=\"kksr-icon\" style=\"width: 30px; height: 30px;\"><\/div>\n        <\/div>\n            <div class=\"kksr-star\" style=\"padding-right: 5px\">\n            \n\n<div class=\"kksr-icon\" style=\"width: 30px; height: 30px;\"><\/div>\n        <\/div>\n            <div class=\"kksr-star\" style=\"padding-right: 5px\">\n            \n\n<div class=\"kksr-icon\" style=\"width: 30px; height: 30px;\"><\/div>\n        <\/div>\n            <div class=\"kksr-star\" style=\"padding-right: 5px\">\n            \n\n<div class=\"kksr-icon\" style=\"width: 30px; height: 30px;\"><\/div>\n        <\/div>\n            <div class=\"kksr-star\" style=\"padding-right: 5px\">\n            \n\n<div class=\"kksr-icon\" style=\"width: 30px; height: 30px;\"><\/div>\n        <\/div>\n    <\/div>\n<\/div>\n                \n\n<div class=\"kksr-legend\" style=\"font-size: 24px;\">\n            <span class=\"kksr-muted\">Rate this page<\/span>\n    <\/div>\n    <\/div>\n<p>Du er begyndt at spille dette fantastiske lotteri, men du ved ikke, hvordan og hvor du kan tjekke <strong>Mega Sena resultater<\/strong> og <strong>Mega Sena vindende tal<\/strong>? Du er kommet til det rette sted! Mega Sena resultater hos Lottomat er <strong>p\u00e5lidelige, pr\u00e6cise og legitime<\/strong>. L\u00e6s resten af denne artikel, og du vil aldrig g\u00e5 glip af endnu et Mega Sena resultat.<\/p>\n<h2>Hvordan tjekker man dagens Mega Sena resultater i Brasilien?<img loading=\"lazy\" decoding=\"async\" class=\"alignright wp-image-260108\" src=\"https:\/\/lottomat.com\/wp-content\/uploads\/2025\/11\/Brazilian-lottery-draw.webp\" alt=\"brasiliansk lotteritr\u00e6kning\" width=\"200\" height=\"200\" srcset=\"https:\/\/lottomat.com\/wp-content\/uploads\/2025\/11\/Brazilian-lottery-draw.webp 400w, https:\/\/lottomat.com\/wp-content\/uploads\/2025\/11\/Brazilian-lottery-draw-300x300.webp 300w, https:\/\/lottomat.com\/wp-content\/uploads\/2025\/11\/Brazilian-lottery-draw-150x150.webp 150w, https:\/\/lottomat.com\/wp-content\/uploads\/2025\/11\/Brazilian-lottery-draw-100x100.webp 100w\" sizes=\"auto, (max-width: 200px) 100vw, 200px\" \/><\/h2>\n<p>Hvis du spiller Mega Sena i Brasilien, har du flere muligheder for at tjekke Mega Sena vindende tal. Selvf\u00f8lgelig er det f\u00f8rste, man t\u00e6nker p\u00e5, at g\u00e5 til en lokal forhandler, hvor tickets kan k\u00f8bes. Resultaterne offentligg\u00f8res p\u00e5 tavlen efter hver tr\u00e6kning. En anden l\u00f8sning til at tjekke Mega Sena resultater er at se live-tr\u00e6kninger p\u00e5 Caixa&#8217;s YouTube-kanal. Dette er dog ikke praktisk for alle, fordi tr\u00e6kningerne altid finder sted p\u00e5 samme tidspunkt og p\u00e5 de samme dage, og nogle spillere kan simpelthen ikke se med p\u00e5 det specifikke tidspunkt. At l\u00e6se lokale aviser er en anden m\u00e5de at tjekke Mega Sena resultatet fra den foreg\u00e5ende aften. Grundl\u00e6ggende vil avisen offentligg\u00f8re den vindende kombination og de pr\u00e6mier, der blev vundet, i udgaven, der udkommer dagen efter tr\u00e6kningen fandt sted.<\/p>\n<h2>Hvordan tjekker man dagens Mega Sena vindende tal hos Lottomat?<\/h2>\n<p>Det siger sig selv, at den mest p\u00e5lidelige l\u00f8sning til at tjekke dagens Mega Sena resultater er Lottomat-webstedet. P\u00e5 vores side kan du hurtigt sammenligne din kombination med de tal, der blev trukket. G\u00e5 blot til vores <a href=\"https:\/\/lottomat.com\/da\/resultater\/\">arkiv over lotteriresultater<\/a>, find Mega Sena og klik p\u00e5 Results-muligheden. Du vil se det nyeste Mega Sena resultat, men du har ogs\u00e5 mulighed for at se tallene for hver tr\u00e6kning, der har fundet sted i de sidste fem \u00e5r. Det bedste ved det hele er, at <strong>det er helt gratis<\/strong>!<\/p>\n<h2>Mega Sena vindende tal \u2013 Hvorn\u00e5r finder tr\u00e6kningerne sted?<\/h2>\n<p><img loading=\"lazy\" decoding=\"async\" class=\"alignleft wp-image-260139\" src=\"https:\/\/lottomat.com\/wp-content\/uploads\/2025\/11\/Brazilian-lottery-results.webp\" alt=\"brasilianske lotteriresultater\" width=\"200\" height=\"200\" srcset=\"https:\/\/lottomat.com\/wp-content\/uploads\/2025\/11\/Brazilian-lottery-results.webp 400w, https:\/\/lottomat.com\/wp-content\/uploads\/2025\/11\/Brazilian-lottery-results-300x300.webp 300w, https:\/\/lottomat.com\/wp-content\/uploads\/2025\/11\/Brazilian-lottery-results-150x150.webp 150w, https:\/\/lottomat.com\/wp-content\/uploads\/2025\/11\/Brazilian-lottery-results-100x100.webp 100w\" sizes=\"auto, (max-width: 200px) 100vw, 200px\" \/>Mega Sena resultater p\u00e5 vores websted offentligg\u00f8res, s\u00e5 snart tr\u00e6kningen er afsluttet, og den vindende kombination er bekr\u00e6ftet af lotterioperat\u00f8ren. Hvis du ikke vidste det, <strong>finder tr\u00e6kninger sted fire gange om ugen \u2013 hver tirsdag, onsdag, torsdag og l\u00f8rdag kl. 20:00 brasiliansk tid<\/strong> (Bras\u00edlia Standard Time). Der er ogs\u00e5 en s\u00e6rlig tr\u00e6kning, der afholdes nyt\u00e5rsaften kaldet <strong>Mega da Virada<\/strong>. Mega Sena vindende tal i den tr\u00e6kning er mere v\u00e6rdifulde end normalt, fordi jackpotten i denne runde bliver meget stor. Cirka fem procent af indt\u00e6gterne fra hver almindelig tr\u00e6kning i l\u00f8bet af \u00e5ret afs\u00e6ttes specifikt til denne spektakul\u00e6re begivenhed og n\u00e5r ofte over R$300 millioner. S\u00f8rg derfor for at tjekke vores websted hver tirsdag, onsdag, torsdag og l\u00f8rdag. Mega Sena resultater vil vente p\u00e5 dig, s\u00e5 snart vi modtager den vindende kombination fra arrang\u00f8ren.<\/p>\n<h2>Hvordan bruger man Mega Sena resultat- og vindende tal-arkivet?<\/h2>\n<p>Vi n\u00e6vnte tidligere et arkiv med resultater. Hvis dette fangede din interesse, kan du her se, hvordan du f\u00e5r adgang til det og bruger det.<\/p>\n<h3>Trin-for-trin guide til adgang til resultatarkivet<\/h3>\n<p>F\u00f8rst og fremmest kan arkivet bruges af alle, s\u00e5 g\u00e5 blot til vores websted i enhver moderne browser, du foretr\u00e6kker. N\u00e5r du er p\u00e5 forsiden, skal du klikke p\u00e5 Results i topmenuen. Nu vil du se en liste over alle de online lotterier, vi tilbyder. For at se Mega Sena resultater skal du finde spillet p\u00e5 listen og klikke p\u00e5 Results-muligheden igen. Nu vil du se Mega Sena vindende tal fra den seneste runde, og du vil ogs\u00e5 se en dato. Ved at klikke p\u00e5 denne dato \u00e5bnes kalenderen \u2013 blad gennem m\u00e5nederne og v\u00e6lg blot den dag, du vil se resultaterne for, og klik p\u00e5 den. Bingo! Nu kan du se Mega Sena resultatet for den valgte dato. Som tidligere n\u00e6vnt vil enhver tr\u00e6kning fra de sidste fem \u00e5r blive gemt her, og du vil kunne se den. Dette er <strong>ekstremt nyttigt, n\u00e5r det kommer til at skabe fremtidige kombinationer<\/strong>, ikke sandt?<\/p>\n<h2>Hvor mange spillere vandt og hvor meget i den seneste Mega Sena tr\u00e6kning?<\/h2>\n<p>Nysgerrig efter de seneste vindere og pr\u00e6miefordelingen? Vores resultatside viser omfattende information om hver Mega Sena tr\u00e6kning, inklusive antallet af vindere i hver pr\u00e6miekategori og de pr\u00e6cise bel\u00f8b, der blev udbetalt. Lotteriet tilbyder <strong>tre pr\u00e6mieniveauer \u2013 match af 6, 5 eller 4 tal<\/strong> \u2013 med betydelige bel\u00f8nninger selv for lavere niveauer. Vil du vide mere? <a href=\"https:\/\/lottomat.com\/da\/lotterier\/megasena\/\">Tjek Mega Sena pr\u00e6mierne<\/a>, jackpotten og chancerne for at vinde p\u00e5 vores dedikerede informationsside.<img loading=\"lazy\" decoding=\"async\" class=\"alignright wp-image-260169\" src=\"https:\/\/lottomat.com\/wp-content\/uploads\/2025\/11\/Mega-Sena-draw.webp\" alt=\"Mega Sena tr\u00e6kning\" width=\"200\" height=\"200\" srcset=\"https:\/\/lottomat.com\/wp-content\/uploads\/2025\/11\/Mega-Sena-draw.webp 400w, https:\/\/lottomat.com\/wp-content\/uploads\/2025\/11\/Mega-Sena-draw-300x300.webp 300w, https:\/\/lottomat.com\/wp-content\/uploads\/2025\/11\/Mega-Sena-draw-150x150.webp 150w, https:\/\/lottomat.com\/wp-content\/uploads\/2025\/11\/Mega-Sena-draw-100x100.webp 100w\" sizes=\"auto, (max-width: 200px) 100vw, 200px\" \/><\/p>\n<h2>Forst\u00e5 Mega Sena vindende tal<\/h2>\n<p>Ligesom i enhver anden lotteri er det afg\u00f8rende for din succes at v\u00e6lge de rigtige tal. En af de bedste m\u00e5der at v\u00e6lge potentielle Mega Sena vindende tal p\u00e5 er at lede efter bestemte m\u00f8nstre i tr\u00e6kningerne. For at bem\u00e6rke disse m\u00f8nstre skal du n\u00f8je unders\u00f8ge de tal, der tr\u00e6kkes i hver runde. S\u00e5 begynd fra dagens Mega Sena resultater og pr\u00f8v at f\u00f8re noter over hver tr\u00e6kning. F\u00f8r eller senere vil du begynde at bem\u00e6rke m\u00f8nstre, der kan forbedre dine kombinationer. Indtil da er du velkommen til at tjekke de mest og mindst hyppigt trukne tal i Mega Sena resultaterne.<\/p>\n<h2>Hvilke tal tr\u00e6kkes oftest i Mega Sena?<\/h2>\n<p>Dette er seks Mega Sena vindende tal, der er blevet trukket oftest. At inkludere et af dem i dine kombinationer er en popul\u00e6r strategi, fordi disse tal historisk er dukket op oftere. <strong>Tal 10<\/strong> \u2013 P\u00e5 f\u00f8rstepladsen er tallet 10. Det er blevet trukket i 302 runder, og sidste gang var for 42 dage siden. <strong>Tal 53<\/strong> \u2013 Tallet p\u00e5 andenpladsen er set i 301 Mega Sena resultater. Sidste gang var for 25 dage siden. <strong>Tal 5<\/strong> \u2013 Dette tal er set ved 289 forskellige lejligheder. Det seneste Mega Sena resultat inkluderer dette tal. <strong>Tal 37<\/strong> \u2013 Det fjerde tal p\u00e5 denne liste har v\u00e6ret en del af 283 kombinationer. Sidste gang vi s\u00e5 det var for 18 dage siden. <strong>Tal 33<\/strong> \u2013 Mega Sena resultater har haft dette tal i 281 forskellige runder. Af alle tallene p\u00e5 listen er dette det, der ikke er blevet trukket i l\u00e6ngst tid \u2013 der er g\u00e5et i alt 98 dage siden vi sidst s\u00e5 det i den vindende kombination. <strong>Tal 34<\/strong> \u2013 Det sidste tal p\u00e5 denne liste er blevet trukket 279 gange. Sidst for pr\u00e6cis to uger siden. Dagens Mega Sena resultater kan bringe dig masser af gl\u00e6de og lykke, s\u00e5 stud\u00e9r de trukne tal omhyggeligt, f\u00f8r du v\u00e6lger din kombination. Den rette forberedelse kan g\u00f8re hele forskellen.<\/p>\n<h2>Hvilke tal tr\u00e6kkes mindst i Mega Sena?<\/h2>\n<p><img loading=\"lazy\" decoding=\"async\" class=\"alignleft wp-image-260199\" src=\"https:\/\/lottomat.com\/wp-content\/uploads\/2025\/11\/Mega-Sena-numbers.webp\" alt=\"Mega Sena tal\" width=\"200\" height=\"200\" srcset=\"https:\/\/lottomat.com\/wp-content\/uploads\/2025\/11\/Mega-Sena-numbers.webp 400w, https:\/\/lottomat.com\/wp-content\/uploads\/2025\/11\/Mega-Sena-numbers-300x300.webp 300w, https:\/\/lottomat.com\/wp-content\/uploads\/2025\/11\/Mega-Sena-numbers-150x150.webp 150w, https:\/\/lottomat.com\/wp-content\/uploads\/2025\/11\/Mega-Sena-numbers-100x100.webp 100w\" sizes=\"auto, (max-width: 200px) 100vw, 200px\" \/>Mega Sena vindende tal nedenfor er dem, der er blevet trukket mindst hyppigt. Vi vil ikke afskr\u00e6kke dig fra at inkludere disse tal i dine kombinationer, men husk at lotteritr\u00e6kninger er tilf\u00e6ldige. Det betyder ikke, at de ikke kan v\u00e6re de vindende i det seneste Mega Sena resultat. Husk at <strong>det hele handler om held og omhyggelig udv\u00e6lgelse af tal<\/strong>. <strong>Tal 26<\/strong> \u2013 Dette er det sj\u00e6ldneste vindende tal. Det er kun blevet trukket 218 gange, og sidste gang skete det i den seneste Mega Sena runde. <strong>Tal 21<\/strong> \u2013 Andenpladsen holdes af dette tal, som vi har set i 220 runder. <strong>Tal 55<\/strong> \u2013 For to uger siden var sidste gang, vi s\u00e5 dette tal, som er kommet ud som vindende ved 222 forskellige lejligheder. <strong>Tal 15<\/strong> \u2013 Mega Sena resultatet har haft tallet 15 i kombinationen i 228 runder. Sidste gang skete det for 46 dage siden. <strong>Tal 22<\/strong> \u2013 Spillere har set dette tal i 235 forskellige tr\u00e6kninger. Det sidste Mega Sena resultat, der inkluderede dette tal, blev trukket for to runder siden. <strong>Tal 48<\/strong> \u2013 Endelig er det sidste tal i denne oversigt blevet trukket ved 240 forskellige lejligheder. Sidste gang var for 50 dage siden. Vil du spille? Klik og k\u00f8b Mega Sena tickets online p\u00e5 vores websted n\u00e5r som helst!<\/p>\n<h2>Hvordan forudsiger man Mega Sena vindende tal?<\/h2>\n<p>Selvom det er umuligt at forudsige lotteriresultater med sikkerhed, bruger mange spillere forskellige strategier til at v\u00e6lge deres tal. Nogle analyserer historiske data og frekvensm\u00f8nstre, mens andre foretr\u00e6kker den tilf\u00e6ldige Surpresinha-mulighed, der tilbydes af lotteriet. Statistisk analyse af tidligere tr\u00e6kninger kan v\u00e6re interessant og potentielt nyttig, men husk at hver tr\u00e6kning er en uafh\u00e6ngig begivenhed.<\/p>\n<h3>Forst\u00e5 dine spillemuligheder<\/h3>\n<p>Spillere kan v\u00e6lge mellem 6 og 15 tal fra en pulje p\u00e5 1 til 60. Jo flere tal du v\u00e6lger, desto bedre er dine odds for at matche den vindende kombination, selvom ticket-prisen stiger tilsvarende. Med tre pr\u00e6mieniveauer tilg\u00e6ngelige \u2013 match af 4, 5 eller 6 tal \u2013 kan selv delvise matches resultere i betydelige gevinster. Den minimale garanterede jackpot starter ved <strong>R$2 millioner og kan rulle videre p\u00e5 ubestemt tid<\/strong>, hvis der ikke er nogen vinder, hvilket skaber enorme pr\u00e6miepuljer. Oddsene for at vinde jackpotten er 1 ud af 50.063.860, men med tr\u00e6kninger tre gange om ugen har du masser af muligheder for at pr\u00f8ve lykken.<img loading=\"lazy\" decoding=\"async\" class=\"alignright wp-image-260229\" src=\"https:\/\/lottomat.com\/wp-content\/uploads\/2025\/11\/Mega-Sena-winning-numbers.webp\" alt=\"Mega Sena vindende tal\" width=\"200\" height=\"200\" srcset=\"https:\/\/lottomat.com\/wp-content\/uploads\/2025\/11\/Mega-Sena-winning-numbers.webp 400w, https:\/\/lottomat.com\/wp-content\/uploads\/2025\/11\/Mega-Sena-winning-numbers-300x300.webp 300w, https:\/\/lottomat.com\/wp-content\/uploads\/2025\/11\/Mega-Sena-winning-numbers-150x150.webp 150w, https:\/\/lottomat.com\/wp-content\/uploads\/2025\/11\/Mega-Sena-winning-numbers-100x100.webp 100w\" sizes=\"auto, (max-width: 200px) 100vw, 200px\" \/><\/p>\n<h2>Hvorfor v\u00e6lge Lottomat til Mega Sena tal?<\/h2>\n<p><a href=\"https:\/\/lottomat.com\/da\/\">Lottomat<\/a> leverer <strong>hurtige, n\u00f8jagtige og p\u00e5lidelige Mega Sena resultater<\/strong> umiddelbart efter hver tr\u00e6kning. Vores omfattende arkiv giver dig mulighed for at unders\u00f8ge tidligere tr\u00e6kninger, analysere talm\u00f8nstre og udvikle din spillestrategi. Uanset om du tjekker onsdagens resultater eller ser tilbage p\u00e5 historiske data fra flere \u00e5r siden, g\u00f8r vores platform det nemt at f\u00e5 adgang til alle de oplysninger, du har brug for. Hold dig opdateret med de nyeste Mega Sena vindende tal, tjek dine tickets med det samme, og g\u00e5 aldrig glip af en tr\u00e6kning med Lottomat \u2013 din p\u00e5lidelige kilde til Brasiliens st\u00f8rste lotterispil! Slut dig til os og <a href=\"https:\/\/lottomat.com\/da\/spil\/megasena\/\">spil Mega Sena online n\u00e5r som helst<\/a>!<\/p>\n","protected":false},"excerpt":{"rendered":"<p>Du er begyndt at spille dette fantastiske lotteri, men du ved ikke, hvordan og hvor du kan tjekke Mega Sena resultater og Mega Sena vindende tal? Du er kommet til det rette sted! Mega Sena resultater hos Lottomat er p\u00e5lidelige, pr\u00e6cise og legitime. L\u00e6s resten af denne artikel, og du vil aldrig g\u00e5 glip af [&hellip;]<\/p>\n","protected":false},"author":1,"featured_media":0,"parent":7401,"menu_order":13,"comment_status":"closed","ping_status":"closed","template":"megasena-results.php","meta":{"_et_pb_use_builder":"","_et_pb_old_content":"","_et_gb_content_width":"","exclude_from_search":false,"footnotes":""},"class_list":["post-9628","page","type-page","status-publish","hentry"],"yoast_head":"<!-- This site is optimized with the Yoast SEO plugin v23.8 - https:\/\/yoast.com\/wordpress\/plugins\/seo\/ -->\n<title>Mega Sena Resultater &amp; Vindende Tal - LottoMat Danmark<\/title>\n<meta name=\"description\" content=\"Tjek de seneste Mega Sena resultater hos Lottomat. Bekr\u00e6ft de nyeste vindende Mega Sena tal og sammenlign dem med dine tickets. Tjek det nu!\" \/>\n<meta name=\"robots\" content=\"index, follow, max-snippet:-1, max-image-preview:large, max-video-preview:-1\" \/>\n<link rel=\"canonical\" href=\"https:\/\/lottomat.com\/da\/resultater\/megasena\/\" \/>\n<meta property=\"og:locale\" content=\"da_DK\" \/>\n<meta property=\"og:type\" content=\"article\" \/>\n<meta property=\"og:title\" content=\"Mega Sena Resultater &amp; Vindende Tal - LottoMat Danmark\" \/>\n<meta property=\"og:description\" content=\"Tjek de seneste Mega Sena resultater hos Lottomat. Bekr\u00e6ft de nyeste vindende Mega Sena tal og sammenlign dem med dine tickets. Tjek det nu!\" \/>\n<meta property=\"og:url\" content=\"https:\/\/lottomat.com\/da\/resultater\/megasena\/\" \/>\n<meta property=\"og:site_name\" content=\"Lottomat\" \/>\n<meta property=\"article:modified_time\" content=\"2026-03-18T17:46:14+00:00\" \/>\n<meta property=\"og:image\" content=\"https:\/\/lottomat.com\/wp-content\/uploads\/2025\/11\/Brazilian-lottery-draw.webp\" \/>\n\t<meta property=\"og:image:width\" content=\"400\" \/>\n\t<meta property=\"og:image:height\" content=\"400\" \/>\n\t<meta property=\"og:image:type\" content=\"image\/webp\" \/>\n<meta name=\"twitter:card\" content=\"summary_large_image\" \/>\n<meta name=\"twitter:label1\" content=\"Estimeret l\u00e6setid\" \/>\n\t<meta name=\"twitter:data1\" content=\"8 minutter\" \/>\n<script type=\"application\/ld+json\" class=\"yoast-schema-graph\">{\"@context\":\"https:\/\/schema.org\",\"@graph\":[{\"@type\":\"WebPage\",\"@id\":\"https:\/\/lottomat.com\/da\/resultater\/megasena\/\",\"url\":\"https:\/\/lottomat.com\/da\/resultater\/megasena\/\",\"name\":\"Mega Sena Resultater & Vindende Tal - LottoMat Danmark\",\"isPartOf\":{\"@id\":\"https:\/\/lottomat.com\/da\/#website\"},\"primaryImageOfPage\":{\"@id\":\"https:\/\/lottomat.com\/da\/resultater\/megasena\/#primaryimage\"},\"image\":{\"@id\":\"https:\/\/lottomat.com\/da\/resultater\/megasena\/#primaryimage\"},\"thumbnailUrl\":\"https:\/\/lottomat.com\/wp-content\/uploads\/2025\/11\/Brazilian-lottery-draw.webp\",\"datePublished\":\"2025-03-27T11:28:23+00:00\",\"dateModified\":\"2026-03-18T17:46:14+00:00\",\"description\":\"Tjek de seneste Mega Sena resultater hos Lottomat. Bekr\u00e6ft de nyeste vindende Mega Sena tal og sammenlign dem med dine tickets. Tjek det nu!\",\"breadcrumb\":{\"@id\":\"https:\/\/lottomat.com\/da\/resultater\/megasena\/#breadcrumb\"},\"inLanguage\":\"da-DK\",\"potentialAction\":[{\"@type\":\"ReadAction\",\"target\":[\"https:\/\/lottomat.com\/da\/resultater\/megasena\/\"]}]},{\"@type\":\"ImageObject\",\"inLanguage\":\"da-DK\",\"@id\":\"https:\/\/lottomat.com\/da\/resultater\/megasena\/#primaryimage\",\"url\":\"https:\/\/lottomat.com\/wp-content\/uploads\/2025\/11\/Brazilian-lottery-draw.webp\",\"contentUrl\":\"https:\/\/lottomat.com\/wp-content\/uploads\/2025\/11\/Brazilian-lottery-draw.webp\"},{\"@type\":\"BreadcrumbList\",\"@id\":\"https:\/\/lottomat.com\/da\/resultater\/megasena\/#breadcrumb\",\"itemListElement\":[{\"@type\":\"ListItem\",\"position\":1,\"name\":\"Home\",\"item\":\"https:\/\/lottomat.com\/da\/\"},{\"@type\":\"ListItem\",\"position\":2,\"name\":\"De seneste lotteriresultater og vindertal\",\"item\":\"https:\/\/lottomat.com\/da\/resultater\/\"},{\"@type\":\"ListItem\",\"position\":3,\"name\":\"Mega Sena Resultater &#038; Vindende Tal\"}]},{\"@type\":\"WebSite\",\"@id\":\"https:\/\/lottomat.com\/da\/#website\",\"url\":\"https:\/\/lottomat.com\/da\/\",\"name\":\"Lottomat\",\"description\":\"\",\"potentialAction\":[{\"@type\":\"SearchAction\",\"target\":{\"@type\":\"EntryPoint\",\"urlTemplate\":\"https:\/\/lottomat.com\/da\/?s={search_term_string}\"},\"query-input\":{\"@type\":\"PropertyValueSpecification\",\"valueRequired\":true,\"valueName\":\"search_term_string\"}}],\"inLanguage\":\"da-DK\"}]}<\/script>\n<!-- \/ Yoast SEO plugin. -->","yoast_head_json":{"title":"Mega Sena Resultater & Vindende Tal - LottoMat Danmark","description":"Tjek de seneste Mega Sena resultater hos Lottomat. Bekr\u00e6ft de nyeste vindende Mega Sena tal og sammenlign dem med dine tickets. Tjek det nu!","robots":{"index":"index","follow":"follow","max-snippet":"max-snippet:-1","max-image-preview":"max-image-preview:large","max-video-preview":"max-video-preview:-1"},"canonical":"https:\/\/lottomat.com\/da\/resultater\/megasena\/","og_locale":"da_DK","og_type":"article","og_title":"Mega Sena Resultater & Vindende Tal - LottoMat Danmark","og_description":"Tjek de seneste Mega Sena resultater hos Lottomat. Bekr\u00e6ft de nyeste vindende Mega Sena tal og sammenlign dem med dine tickets. Tjek det nu!","og_url":"https:\/\/lottomat.com\/da\/resultater\/megasena\/","og_site_name":"Lottomat","article_modified_time":"2026-03-18T17:46:14+00:00","og_image":[{"width":400,"height":400,"url":"https:\/\/lottomat.com\/wp-content\/uploads\/2025\/11\/Brazilian-lottery-draw.webp","type":"image\/webp"}],"twitter_card":"summary_large_image","twitter_misc":{"Estimeret l\u00e6setid":"8 minutter"},"schema":{"@context":"https:\/\/schema.org","@graph":[{"@type":"WebPage","@id":"https:\/\/lottomat.com\/da\/resultater\/megasena\/","url":"https:\/\/lottomat.com\/da\/resultater\/megasena\/","name":"Mega Sena Resultater & Vindende Tal - LottoMat Danmark","isPartOf":{"@id":"https:\/\/lottomat.com\/da\/#website"},"primaryImageOfPage":{"@id":"https:\/\/lottomat.com\/da\/resultater\/megasena\/#primaryimage"},"image":{"@id":"https:\/\/lottomat.com\/da\/resultater\/megasena\/#primaryimage"},"thumbnailUrl":"https:\/\/lottomat.com\/wp-content\/uploads\/2025\/11\/Brazilian-lottery-draw.webp","datePublished":"2025-03-27T11:28:23+00:00","dateModified":"2026-03-18T17:46:14+00:00","description":"Tjek de seneste Mega Sena resultater hos Lottomat. Bekr\u00e6ft de nyeste vindende Mega Sena tal og sammenlign dem med dine tickets. Tjek det nu!","breadcrumb":{"@id":"https:\/\/lottomat.com\/da\/resultater\/megasena\/#breadcrumb"},"inLanguage":"da-DK","potentialAction":[{"@type":"ReadAction","target":["https:\/\/lottomat.com\/da\/resultater\/megasena\/"]}]},{"@type":"ImageObject","inLanguage":"da-DK","@id":"https:\/\/lottomat.com\/da\/resultater\/megasena\/#primaryimage","url":"https:\/\/lottomat.com\/wp-content\/uploads\/2025\/11\/Brazilian-lottery-draw.webp","contentUrl":"https:\/\/lottomat.com\/wp-content\/uploads\/2025\/11\/Brazilian-lottery-draw.webp"},{"@type":"BreadcrumbList","@id":"https:\/\/lottomat.com\/da\/resultater\/megasena\/#breadcrumb","itemListElement":[{"@type":"ListItem","position":1,"name":"Home","item":"https:\/\/lottomat.com\/da\/"},{"@type":"ListItem","position":2,"name":"De seneste lotteriresultater og vindertal","item":"https:\/\/lottomat.com\/da\/resultater\/"},{"@type":"ListItem","position":3,"name":"Mega Sena Resultater &#038; Vindende Tal"}]},{"@type":"WebSite","@id":"https:\/\/lottomat.com\/da\/#website","url":"https:\/\/lottomat.com\/da\/","name":"Lottomat","description":"","potentialAction":[{"@type":"SearchAction","target":{"@type":"EntryPoint","urlTemplate":"https:\/\/lottomat.com\/da\/?s={search_term_string}"},"query-input":{"@type":"PropertyValueSpecification","valueRequired":true,"valueName":"search_term_string"}}],"inLanguage":"da-DK"}]}},"_links":{"self":[{"href":"https:\/\/lottomat.com\/da\/wp-json\/wp\/v2\/pages\/9628","targetHints":{"allow":["GET"]}}],"collection":[{"href":"https:\/\/lottomat.com\/da\/wp-json\/wp\/v2\/pages"}],"about":[{"href":"https:\/\/lottomat.com\/da\/wp-json\/wp\/v2\/types\/page"}],"author":[{"embeddable":true,"href":"https:\/\/lottomat.com\/da\/wp-json\/wp\/v2\/users\/1"}],"replies":[{"embeddable":true,"href":"https:\/\/lottomat.com\/da\/wp-json\/wp\/v2\/comments?post=9628"}],"version-history":[{"count":2,"href":"https:\/\/lottomat.com\/da\/wp-json\/wp\/v2\/pages\/9628\/revisions"}],"predecessor-version":[{"id":274056,"href":"https:\/\/lottomat.com\/da\/wp-json\/wp\/v2\/pages\/9628\/revisions\/274056"}],"up":[{"embeddable":true,"href":"https:\/\/lottomat.com\/da\/wp-json\/wp\/v2\/pages\/7401"}],"wp:attachment":[{"href":"https:\/\/lottomat.com\/da\/wp-json\/wp\/v2\/media?parent=9628"}],"curies":[{"name":"wp","href":"https:\/\/api.w.org\/{rel}","templated":true}]}}