{"id":9451,"date":"2025-03-26T08:35:10","date_gmt":"2025-03-26T08:35:10","guid":{"rendered":"https:\/\/lottomat.net\/spil-lotteri\/spil-superenalotto-online\/"},"modified":"2026-02-15T04:18:34","modified_gmt":"2026-02-15T04:18:34","slug":"superenalotto","status":"publish","type":"page","link":"https:\/\/lottomat.com\/da\/spil\/superenalotto\/","title":{"rendered":"SuperEnalotto Online &#8211; SuperEnalotto Kuponer"},"content":{"rendered":"\n\n<div class=\"kk-star-ratings kksr-auto kksr-align-left kksr-valign-top\"\n    data-payload='{&quot;align&quot;:&quot;left&quot;,&quot;id&quot;:&quot;9451&quot;,&quot;slug&quot;:&quot;default&quot;,&quot;valign&quot;:&quot;top&quot;,&quot;ignore&quot;:&quot;&quot;,&quot;reference&quot;:&quot;auto&quot;,&quot;class&quot;:&quot;&quot;,&quot;count&quot;:&quot;0&quot;,&quot;legendonly&quot;:&quot;&quot;,&quot;readonly&quot;:&quot;&quot;,&quot;score&quot;:&quot;0&quot;,&quot;starsonly&quot;:&quot;&quot;,&quot;best&quot;:&quot;5&quot;,&quot;gap&quot;:&quot;5&quot;,&quot;greet&quot;:&quot;Rate this page&quot;,&quot;legend&quot;:&quot;0\\\/5 - (0 votes)&quot;,&quot;size&quot;:&quot;30&quot;,&quot;title&quot;:&quot;SuperEnalotto Online - SuperEnalotto Kuponer&quot;,&quot;width&quot;:&quot;0&quot;,&quot;_legend&quot;:&quot;{score}\\\/{best} - ({count} {votes})&quot;,&quot;font_factor&quot;:&quot;1.25&quot;}'>\n            \n<div class=\"kksr-stars\">\n    \n<div class=\"kksr-stars-inactive\">\n            <div class=\"kksr-star\" data-star=\"1\" style=\"padding-right: 5px\">\n            \n\n<div class=\"kksr-icon\" style=\"width: 30px; height: 30px;\"><\/div>\n        <\/div>\n            <div class=\"kksr-star\" data-star=\"2\" style=\"padding-right: 5px\">\n            \n\n<div class=\"kksr-icon\" style=\"width: 30px; height: 30px;\"><\/div>\n        <\/div>\n            <div class=\"kksr-star\" data-star=\"3\" style=\"padding-right: 5px\">\n            \n\n<div class=\"kksr-icon\" style=\"width: 30px; height: 30px;\"><\/div>\n        <\/div>\n            <div class=\"kksr-star\" data-star=\"4\" style=\"padding-right: 5px\">\n            \n\n<div class=\"kksr-icon\" style=\"width: 30px; height: 30px;\"><\/div>\n        <\/div>\n            <div class=\"kksr-star\" data-star=\"5\" style=\"padding-right: 5px\">\n            \n\n<div class=\"kksr-icon\" style=\"width: 30px; height: 30px;\"><\/div>\n        <\/div>\n    <\/div>\n    \n<div class=\"kksr-stars-active\" style=\"width: 0px;\">\n            <div class=\"kksr-star\" style=\"padding-right: 5px\">\n            \n\n<div class=\"kksr-icon\" style=\"width: 30px; height: 30px;\"><\/div>\n        <\/div>\n            <div class=\"kksr-star\" style=\"padding-right: 5px\">\n            \n\n<div class=\"kksr-icon\" style=\"width: 30px; height: 30px;\"><\/div>\n        <\/div>\n            <div class=\"kksr-star\" style=\"padding-right: 5px\">\n            \n\n<div class=\"kksr-icon\" style=\"width: 30px; height: 30px;\"><\/div>\n        <\/div>\n            <div class=\"kksr-star\" style=\"padding-right: 5px\">\n            \n\n<div class=\"kksr-icon\" style=\"width: 30px; height: 30px;\"><\/div>\n        <\/div>\n            <div class=\"kksr-star\" style=\"padding-right: 5px\">\n            \n\n<div class=\"kksr-icon\" style=\"width: 30px; height: 30px;\"><\/div>\n        <\/div>\n    <\/div>\n<\/div>\n                \n\n<div class=\"kksr-legend\" style=\"font-size: 24px;\">\n            <span class=\"kksr-muted\">Rate this page<\/span>\n    <\/div>\n    <\/div>\n<h2><img loading=\"lazy\" decoding=\"async\" class=\"alignleft wp-image-252554\" src=\"https:\/\/lottomat.com\/wp-content\/uploads\/2025\/10\/Italian-lottery-online-300x300.webp\" alt=\"Italiensk lotteri online\" width=\"200\" height=\"200\" srcset=\"https:\/\/lottomat.com\/wp-content\/uploads\/2025\/10\/Italian-lottery-online-300x300.webp 300w, https:\/\/lottomat.com\/wp-content\/uploads\/2025\/10\/Italian-lottery-online-150x150.webp 150w, https:\/\/lottomat.com\/wp-content\/uploads\/2025\/10\/Italian-lottery-online-100x100.webp 100w, https:\/\/lottomat.com\/wp-content\/uploads\/2025\/10\/Italian-lottery-online.webp 400w\" sizes=\"auto, (max-width: 200px) 100vw, 200px\" \/>Hvad er SuperEnalotto?<\/h2>\n<p><strong>SuperEnalotto er Italiens mest popul\u00e6re og prestigefyldte lotteri<\/strong>, kendt for at tilbyde nogle af de st\u00f8rste jackpots i Europas lotterihistorie. Dette ikoniske italienske lotteri har fascineret spillere siden 1997 med sit unikke format og enorme gevinstpotentiale. <strong>SuperEnalotto-tr\u00e6kninger finder sted tre gange om ugen<\/strong> \u2013 tirsdag, torsdag og l\u00f8rdag \u2013 hvilket giver spillerne flere chancer for at vinde bel\u00f8b, der kan \u00e6ndre livet. Det, der adskiller dette italienske lotteri fra andre, er manglen p\u00e5 et loft for jackpotten, hvilket betyder, at gevinsterne kan rulle over uden begr\u00e6nsning, indtil nogen vinder, og ofte n\u00e5r astronomiske bel\u00f8b, som v\u00e6kker international opm\u00e6rksomhed. Vil du spille SuperEnalotto online? Lad os se n\u00e6rmere p\u00e5 det!<\/p>\n<h2><img loading=\"lazy\" decoding=\"async\" class=\"alignright wp-image-252584\" src=\"https:\/\/lottomat.com\/wp-content\/uploads\/2025\/10\/play-SuperEnalotto-300x300.webp\" alt=\"spil SuperEnalotto\" width=\"200\" height=\"200\" srcset=\"https:\/\/lottomat.com\/wp-content\/uploads\/2025\/10\/play-SuperEnalotto-300x300.webp 300w, https:\/\/lottomat.com\/wp-content\/uploads\/2025\/10\/play-SuperEnalotto-150x150.webp 150w, https:\/\/lottomat.com\/wp-content\/uploads\/2025\/10\/play-SuperEnalotto-100x100.webp 100w, https:\/\/lottomat.com\/wp-content\/uploads\/2025\/10\/play-SuperEnalotto.webp 400w\" sizes=\"auto, (max-width: 200px) 100vw, 200px\" \/>Hvordan spiller man SuperEnalotto online?<\/h2>\n<p><strong>At spille SuperEnalotto online via LottoMat er utroligt nemt og tilg\u00e6ngeligt fra hvor som helst i verden, n\u00e5r som helst<\/strong>. Processen er enkel og brugervenlig \u2013 du skal blot registrere dig p\u00e5 <a href=\"https:\/\/lottomat.com\/da\/\">LottoMat\u2019s hjemmeside<\/a>, v\u00e6lge dine lykketal og k\u00f8be dine kuponer online uden at forlade hjemmet. <strong>Du kan v\u00e6lge dine tal manuelt baseret p\u00e5 din egen strategi eller bruge Quick Pick-funktionen til tilf\u00e6ldig udv\u00e6lgelse<\/strong>. Denne fleksibilitet g\u00f8r det muligt for b\u00e5de strategiske spillere og dem, der foretr\u00e6kker at overlade det hele til heldet, at nyde sp\u00e6ndingen ved Italiens f\u00f8rende lotteri. Online spil fjerner geografiske barrierer og g\u00f8r det muligt for internationale spillere at deltage i et af Europas mest sp\u00e6ndende lotterier.<\/p>\n<h2>Hvordan k\u00f8ber man SuperEnalotto-kuponer online?<\/h2>\n<p><strong>K\u00f8b af SuperEnalotto-kuponer online kr\u00e6ver, at du benytter din foretrukne betalingsmetode via den sikre LottoMat-platform<\/strong>. Alle kuponer er tilg\u00e6ngelige p\u00e5 LottoMat\u2019s hjemmeside, s\u00e5 du aldrig g\u00e5r glip af en tr\u00e6kning. <strong>Vi garanterer \u00e6gtheden af din deltagelse ved at scanne originale kuponer, som vores licenserede agenter k\u00f8ber direkte i Italien<\/strong>. Denne proces sikrer, at <a href=\"https:\/\/lottomat.com\/da\/spil\/\">dine online lotterikuponer<\/a> er underst\u00f8ttet af \u00e6gte, fysiske kuponer k\u00f8bt hos autoriserede italienske forhandlere. De digitale kopier af dine kuponer opbevares sikkert p\u00e5 din konto og giver fuld gennemsigtighed og sikkerhed for dine lotteriindsatser. Dette system kombinerer bekvemmeligheden ved online spil med p\u00e5lideligheden ved traditionelt kuponk\u00f8b.<\/p>\n<h2><img loading=\"lazy\" decoding=\"async\" class=\"wp-image-252614 alignleft\" src=\"https:\/\/lottomat.com\/wp-content\/uploads\/2025\/10\/SuperEnalotto-online-300x300.webp\" alt=\"SuperEnalotto online\" width=\"200\" height=\"200\" srcset=\"https:\/\/lottomat.com\/wp-content\/uploads\/2025\/10\/SuperEnalotto-online-300x300.webp 300w, https:\/\/lottomat.com\/wp-content\/uploads\/2025\/10\/SuperEnalotto-online-150x150.webp 150w, https:\/\/lottomat.com\/wp-content\/uploads\/2025\/10\/SuperEnalotto-online-100x100.webp 100w, https:\/\/lottomat.com\/wp-content\/uploads\/2025\/10\/SuperEnalotto-online.webp 400w\" sizes=\"auto, (max-width: 200px) 100vw, 200px\" \/>Kan man k\u00f8be flere SuperEnalotto-kuponer?<\/h2>\n<p><strong>Ja, du kan markant \u00f8ge dine vinderchancer ved at k\u00f8be flere SuperEnalotto-kuponer i \u00e9n enkelt transaktion<\/strong>. LottoMat tilbyder den praktiske mulighed \u201cflere linjer\u201d, som giver dig mulighed for at k\u00f8be op til 20 kuponer p\u00e5 \u00e9n gang. Denne funktion er ideel for spillere, der \u00f8nsker at maksimere deres vinderpotentiale, eller for lotterisyndikater, der \u00f8nsker at samle deres ressourcer. <strong>At k\u00f8be flere kuponer \u00f8ger ikke kun dine chancer, men g\u00f8r det ogs\u00e5 lettere at administrere dine deltagelser<\/strong> i \u00e9n enkel handling.<\/p>\n<h2>Kan man k\u00f8be SuperEnalotto-kuponer til flere tr\u00e6kninger?<\/h2>\n<p><strong>Helt sikkert! LottoMat giver dig mulighed for at k\u00f8be SuperEnalotto-kuponer til op til 8 p\u00e5 hinanden f\u00f8lgende tr\u00e6kninger<\/strong>, s\u00e5 du aldrig g\u00e5r glip af en chance for at vinde. Denne mulighed for forudk\u00f8b er ideel for travle spillere, der \u00f8nsker at deltage konsekvent uden at skulle huske at k\u00f8be kuponer f\u00f8r hver tr\u00e6kning. <strong>At spille flere tr\u00e6kninger med de samme tal kan v\u00e6re en del af en langsigtet strategi<\/strong>, og mange spillere foretr\u00e6kker denne tilgang for dens bekvemmelighed og kontinuitet.<\/p>\n<h2>Hvad koster SuperEnalotto-kuponer online?<img loading=\"lazy\" decoding=\"async\" class=\"alignright wp-image-252644\" src=\"https:\/\/lottomat.com\/wp-content\/uploads\/2025\/10\/SuperEnalotto-tickets-300x300.webp\" alt=\"SuperEnalotto kuponer\" width=\"200\" height=\"200\" srcset=\"https:\/\/lottomat.com\/wp-content\/uploads\/2025\/10\/SuperEnalotto-tickets-300x300.webp 300w, https:\/\/lottomat.com\/wp-content\/uploads\/2025\/10\/SuperEnalotto-tickets-150x150.webp 150w, https:\/\/lottomat.com\/wp-content\/uploads\/2025\/10\/SuperEnalotto-tickets-100x100.webp 100w, https:\/\/lottomat.com\/wp-content\/uploads\/2025\/10\/SuperEnalotto-tickets.webp 400w\" sizes=\"auto, (max-width: 200px) 100vw, 200px\" \/><\/h2>\n<p><strong>N\u00e5r du har valgt det \u00f8nskede antal linjer p\u00e5 LottoMat, beregner vores automatiske lommeregner straks den samlede pris p\u00e5 dine SuperEnalotto-kuponer<\/strong>. Priss\u00e6tningen er gennemsigtig og vises tydeligt, inden du gennemf\u00f8rer k\u00f8bet, s\u00e5 der ikke er nogen skjulte gebyrer eller overraskelser. <strong>Vores prissystem tager h\u00f8jde for antallet af linjer, tr\u00e6kninger og eventuelle ekstra muligheder, du har valgt<\/strong>, og giver dig et komplet overblik over din lotteriindsats. Denne automatiske beregning g\u00f8r budgetplanl\u00e6gningen enkel og overskuelig.<\/p>\n<h2>Hvad er de bedste tips til at spille SuperEnalotto online?<\/h2>\n<p><strong>Succesfuldt spil i SuperEnalotto kombinerer strategi med ansvarligt spil<\/strong>. Overvej at bruge en blanding af ofte trukne \u201cvarme\u201d tal og sj\u00e6ldnere \u201ckolde\u201d tal, men husk, at hver tr\u00e6kning er uafh\u00e6ngig og tilf\u00e6ldig. <strong>Systemspil kan \u00f8ge dine vinderchancer ved at d\u00e6kke flere talkombinationer<\/strong>, mens konsekvent spil med de samme tal tiltaler mange dedikerede spillere. S\u00e6t et komfortabelt budget og hold dig til det, og betragt lotteriet som underholdning snarere end en investeringsstrategi. <strong>Udnyt mulighederne for flere tr\u00e6kninger for at bevare kontinuiteten<\/strong>, og overvej at deltage i eller oprette et syndikat for at samle ressourcer og \u00f8ge de f\u00e6lles chancer. Mange succesfulde spillere f\u00f8lger <a href=\"https:\/\/lottomat.com\/da\/resultater\/superenalotto\/\">SuperEnalotto-tr\u00e6kningsresultater<\/a> og m\u00f8nstre, men det er vigtigt at huske, at lotterispil i sidste ende er baseret p\u00e5 held. <strong>N\u00f8glen er at spille ansvarligt og samtidig f\u00e5 mest muligt ud af sp\u00e6ndingen ved dette fantastiske italienske lotteri<\/strong>.<\/p>\n<h2>Kan det betale sig at spille SuperEnalotto online?<\/h2>\n<p><strong>At spille SuperEnalotto online giver enest\u00e5ende v\u00e6rdi for lotterientusiaster, der s\u00f8ger de st\u00f8rste jackpots i Europa<\/strong>. Bekvemmeligheden ved online spil kombineret med SuperEnalottos ubegr\u00e6nsede jackpotpotentiale g\u00f8r det til et attraktivt valg for seri\u00f8se spillere. <strong>Muligheden for at deltage fra hvor som helst i verden, n\u00e5r som helst, uden geografiske begr\u00e6nsninger, tilf\u00f8jer stor v\u00e6rdi<\/strong>. Med tre tr\u00e6kninger om ugen og nogle af de st\u00f8rste gevinster i lotterihistorien tilbyder SuperEnalotto flere muligheder og st\u00f8rre potentielle bel\u00f8nninger end mange andre europ\u00e6iske lotterier. <strong>Kombinationen af tilg\u00e6ngelighed, sikkerhed og enorme gevinstmuligheder g\u00f8r SuperEnalotto online til et valg, der er v\u00e6rd at overveje<\/strong>. L\u00e6s mere om <a href=\"https:\/\/lottomat.com\/da\/lotterier\/superenalotto\/\">SuperEnalotto-pr\u00e6mier og jackpots<\/a> p\u00e5 vores hjemmeside.<\/p>\n<h2>Er SuperEnalotto-kuponer k\u00f8bt online via LottoMat sikre?<\/h2>\n<p><strong>Ja, SuperEnalotto-kuponer k\u00f8bt via LottoMat er helt sikre<\/strong>. Vi garanterer sikker opbevaring og administration af alle dine kuponer gennem vores avancerede digitale system. <strong>Hver kupon scannes professionelt og gemmes p\u00e5 din personlige konto<\/strong>, hvilket giver dig permanent adgang til dine deltagelser og eliminerer risikoen for tab eller beskadigelse af fysiske kuponer. Vores licenserede agenter k\u00f8ber originale kuponer direkte fra autoriserede italienske forhandlere, hvilket sikrer fuld \u00e6gthed og lovlighed. <strong>LottoMat\u2019s sikkerhedsforanstaltninger omfatter krypterede transaktioner, sikker datalagring og fuld overholdelse af g\u00e6ldende regler<\/strong>, s\u00e5 du kan v\u00e6re tryg ved, at dine lotteriindsatser er beskyttet. Dine gevinster er garanterede og krediteres automatisk p\u00e5 din konto, hvilket g\u00f8r hele processen gennemsigtig og p\u00e5lidelig.<\/p>\n","protected":false},"excerpt":{"rendered":"<p>Hvad er SuperEnalotto? SuperEnalotto er Italiens mest popul\u00e6re og prestigefyldte lotteri, kendt for at tilbyde nogle af de st\u00f8rste jackpots i Europas lotterihistorie. Dette ikoniske italienske lotteri har fascineret spillere siden 1997 med sit unikke format og enorme gevinstpotentiale. SuperEnalotto-tr\u00e6kninger finder sted tre gange om ugen \u2013 tirsdag, torsdag og l\u00f8rdag \u2013 hvilket giver spillerne [&hellip;]<\/p>\n","protected":false},"author":1,"featured_media":0,"parent":6765,"menu_order":5,"comment_status":"closed","ping_status":"closed","template":"superenalotto.php","meta":{"_et_pb_use_builder":"","_et_pb_old_content":"","_et_gb_content_width":"","exclude_from_search":false,"footnotes":""},"class_list":["post-9451","page","type-page","status-publish","hentry"],"yoast_head":"<!-- This site is optimized with the Yoast SEO plugin v23.8 - https:\/\/yoast.com\/wordpress\/plugins\/seo\/ -->\n<title>SuperEnalotto Online - SuperEnalotto Kuponer - Lottomat<\/title>\n<meta name=\"description\" content=\"Spil det italienske SuperEnalotto online og vind en formue! K\u00f8b SuperEnalotto-kuponer hos Lottomat og deltag i den n\u00e6ste italienske lotteritr\u00e6kning.\" \/>\n<meta name=\"robots\" content=\"index, follow, max-snippet:-1, max-image-preview:large, max-video-preview:-1\" \/>\n<link rel=\"canonical\" href=\"https:\/\/lottomat.com\/da\/spil\/superenalotto\/\" \/>\n<meta property=\"og:locale\" content=\"da_DK\" \/>\n<meta property=\"og:type\" content=\"article\" \/>\n<meta property=\"og:title\" content=\"SuperEnalotto Online - SuperEnalotto Kuponer - Lottomat\" \/>\n<meta property=\"og:description\" content=\"Spil det italienske SuperEnalotto online og vind en formue! K\u00f8b SuperEnalotto-kuponer hos Lottomat og deltag i den n\u00e6ste italienske lotteritr\u00e6kning.\" \/>\n<meta property=\"og:url\" content=\"https:\/\/lottomat.com\/da\/spil\/superenalotto\/\" \/>\n<meta property=\"og:site_name\" content=\"Lottomat\" \/>\n<meta property=\"article:modified_time\" content=\"2026-02-15T04:18:34+00:00\" \/>\n<meta property=\"og:image\" content=\"https:\/\/lottomat.com\/wp-content\/uploads\/2025\/10\/Italian-lottery-online-300x300.webp\" \/>\n<meta name=\"twitter:card\" content=\"summary_large_image\" \/>\n<meta name=\"twitter:label1\" content=\"Estimeret l\u00e6setid\" \/>\n\t<meta name=\"twitter:data1\" content=\"5 minutter\" \/>\n<script type=\"application\/ld+json\" class=\"yoast-schema-graph\">{\"@context\":\"https:\/\/schema.org\",\"@graph\":[{\"@type\":\"WebPage\",\"@id\":\"https:\/\/lottomat.com\/da\/spil\/superenalotto\/\",\"url\":\"https:\/\/lottomat.com\/da\/spil\/superenalotto\/\",\"name\":\"SuperEnalotto Online - SuperEnalotto Kuponer - Lottomat\",\"isPartOf\":{\"@id\":\"https:\/\/lottomat.com\/da\/#website\"},\"primaryImageOfPage\":{\"@id\":\"https:\/\/lottomat.com\/da\/spil\/superenalotto\/#primaryimage\"},\"image\":{\"@id\":\"https:\/\/lottomat.com\/da\/spil\/superenalotto\/#primaryimage\"},\"thumbnailUrl\":\"https:\/\/lottomat.com\/wp-content\/uploads\/2025\/10\/Italian-lottery-online-300x300.webp\",\"datePublished\":\"2025-03-26T08:35:10+00:00\",\"dateModified\":\"2026-02-15T04:18:34+00:00\",\"description\":\"Spil det italienske SuperEnalotto online og vind en formue! K\u00f8b SuperEnalotto-kuponer hos Lottomat og deltag i den n\u00e6ste italienske lotteritr\u00e6kning.\",\"breadcrumb\":{\"@id\":\"https:\/\/lottomat.com\/da\/spil\/superenalotto\/#breadcrumb\"},\"inLanguage\":\"da-DK\",\"potentialAction\":[{\"@type\":\"ReadAction\",\"target\":[\"https:\/\/lottomat.com\/da\/spil\/superenalotto\/\"]}]},{\"@type\":\"ImageObject\",\"inLanguage\":\"da-DK\",\"@id\":\"https:\/\/lottomat.com\/da\/spil\/superenalotto\/#primaryimage\",\"url\":\"https:\/\/lottomat.com\/wp-content\/uploads\/2025\/10\/Italian-lottery-online-300x300.webp\",\"contentUrl\":\"https:\/\/lottomat.com\/wp-content\/uploads\/2025\/10\/Italian-lottery-online-300x300.webp\"},{\"@type\":\"BreadcrumbList\",\"@id\":\"https:\/\/lottomat.com\/da\/spil\/superenalotto\/#breadcrumb\",\"itemListElement\":[{\"@type\":\"ListItem\",\"position\":1,\"name\":\"Home\",\"item\":\"https:\/\/lottomat.com\/da\/\"},{\"@type\":\"ListItem\",\"position\":2,\"name\":\"Spil lotteri\",\"item\":\"https:\/\/lottomat.com\/da\/spil\/\"},{\"@type\":\"ListItem\",\"position\":3,\"name\":\"SuperEnalotto Online &#8211; SuperEnalotto Kuponer\"}]},{\"@type\":\"WebSite\",\"@id\":\"https:\/\/lottomat.com\/da\/#website\",\"url\":\"https:\/\/lottomat.com\/da\/\",\"name\":\"Lottomat\",\"description\":\"\",\"potentialAction\":[{\"@type\":\"SearchAction\",\"target\":{\"@type\":\"EntryPoint\",\"urlTemplate\":\"https:\/\/lottomat.com\/da\/?s={search_term_string}\"},\"query-input\":{\"@type\":\"PropertyValueSpecification\",\"valueRequired\":true,\"valueName\":\"search_term_string\"}}],\"inLanguage\":\"da-DK\"}]}<\/script>\n<!-- \/ Yoast SEO plugin. -->","yoast_head_json":{"title":"SuperEnalotto Online - SuperEnalotto Kuponer - Lottomat","description":"Spil det italienske SuperEnalotto online og vind en formue! K\u00f8b SuperEnalotto-kuponer hos Lottomat og deltag i den n\u00e6ste italienske lotteritr\u00e6kning.","robots":{"index":"index","follow":"follow","max-snippet":"max-snippet:-1","max-image-preview":"max-image-preview:large","max-video-preview":"max-video-preview:-1"},"canonical":"https:\/\/lottomat.com\/da\/spil\/superenalotto\/","og_locale":"da_DK","og_type":"article","og_title":"SuperEnalotto Online - SuperEnalotto Kuponer - Lottomat","og_description":"Spil det italienske SuperEnalotto online og vind en formue! K\u00f8b SuperEnalotto-kuponer hos Lottomat og deltag i den n\u00e6ste italienske lotteritr\u00e6kning.","og_url":"https:\/\/lottomat.com\/da\/spil\/superenalotto\/","og_site_name":"Lottomat","article_modified_time":"2026-02-15T04:18:34+00:00","og_image":[{"url":"https:\/\/lottomat.com\/wp-content\/uploads\/2025\/10\/Italian-lottery-online-300x300.webp"}],"twitter_card":"summary_large_image","twitter_misc":{"Estimeret l\u00e6setid":"5 minutter"},"schema":{"@context":"https:\/\/schema.org","@graph":[{"@type":"WebPage","@id":"https:\/\/lottomat.com\/da\/spil\/superenalotto\/","url":"https:\/\/lottomat.com\/da\/spil\/superenalotto\/","name":"SuperEnalotto Online - SuperEnalotto Kuponer - Lottomat","isPartOf":{"@id":"https:\/\/lottomat.com\/da\/#website"},"primaryImageOfPage":{"@id":"https:\/\/lottomat.com\/da\/spil\/superenalotto\/#primaryimage"},"image":{"@id":"https:\/\/lottomat.com\/da\/spil\/superenalotto\/#primaryimage"},"thumbnailUrl":"https:\/\/lottomat.com\/wp-content\/uploads\/2025\/10\/Italian-lottery-online-300x300.webp","datePublished":"2025-03-26T08:35:10+00:00","dateModified":"2026-02-15T04:18:34+00:00","description":"Spil det italienske SuperEnalotto online og vind en formue! K\u00f8b SuperEnalotto-kuponer hos Lottomat og deltag i den n\u00e6ste italienske lotteritr\u00e6kning.","breadcrumb":{"@id":"https:\/\/lottomat.com\/da\/spil\/superenalotto\/#breadcrumb"},"inLanguage":"da-DK","potentialAction":[{"@type":"ReadAction","target":["https:\/\/lottomat.com\/da\/spil\/superenalotto\/"]}]},{"@type":"ImageObject","inLanguage":"da-DK","@id":"https:\/\/lottomat.com\/da\/spil\/superenalotto\/#primaryimage","url":"https:\/\/lottomat.com\/wp-content\/uploads\/2025\/10\/Italian-lottery-online-300x300.webp","contentUrl":"https:\/\/lottomat.com\/wp-content\/uploads\/2025\/10\/Italian-lottery-online-300x300.webp"},{"@type":"BreadcrumbList","@id":"https:\/\/lottomat.com\/da\/spil\/superenalotto\/#breadcrumb","itemListElement":[{"@type":"ListItem","position":1,"name":"Home","item":"https:\/\/lottomat.com\/da\/"},{"@type":"ListItem","position":2,"name":"Spil lotteri","item":"https:\/\/lottomat.com\/da\/spil\/"},{"@type":"ListItem","position":3,"name":"SuperEnalotto Online &#8211; SuperEnalotto Kuponer"}]},{"@type":"WebSite","@id":"https:\/\/lottomat.com\/da\/#website","url":"https:\/\/lottomat.com\/da\/","name":"Lottomat","description":"","potentialAction":[{"@type":"SearchAction","target":{"@type":"EntryPoint","urlTemplate":"https:\/\/lottomat.com\/da\/?s={search_term_string}"},"query-input":{"@type":"PropertyValueSpecification","valueRequired":true,"valueName":"search_term_string"}}],"inLanguage":"da-DK"}]}},"_links":{"self":[{"href":"https:\/\/lottomat.com\/da\/wp-json\/wp\/v2\/pages\/9451","targetHints":{"allow":["GET"]}}],"collection":[{"href":"https:\/\/lottomat.com\/da\/wp-json\/wp\/v2\/pages"}],"about":[{"href":"https:\/\/lottomat.com\/da\/wp-json\/wp\/v2\/types\/page"}],"author":[{"embeddable":true,"href":"https:\/\/lottomat.com\/da\/wp-json\/wp\/v2\/users\/1"}],"replies":[{"embeddable":true,"href":"https:\/\/lottomat.com\/da\/wp-json\/wp\/v2\/comments?post=9451"}],"version-history":[{"count":2,"href":"https:\/\/lottomat.com\/da\/wp-json\/wp\/v2\/pages\/9451\/revisions"}],"predecessor-version":[{"id":271080,"href":"https:\/\/lottomat.com\/da\/wp-json\/wp\/v2\/pages\/9451\/revisions\/271080"}],"up":[{"embeddable":true,"href":"https:\/\/lottomat.com\/da\/wp-json\/wp\/v2\/pages\/6765"}],"wp:attachment":[{"href":"https:\/\/lottomat.com\/da\/wp-json\/wp\/v2\/media?parent=9451"}],"curies":[{"name":"wp","href":"https:\/\/api.w.org\/{rel}","templated":true}]}}