{"id":9039,"date":"2025-03-26T08:02:36","date_gmt":"2025-03-26T08:02:36","guid":{"rendered":"https:\/\/lottomat.net\/spil-lotteri\/spil-eurojackpot-online\/"},"modified":"2026-02-15T04:16:15","modified_gmt":"2026-02-15T04:16:15","slug":"eurojackpot","status":"publish","type":"page","link":"https:\/\/lottomat.com\/da\/spil\/eurojackpot\/","title":{"rendered":"Spil Eurojackpot online"},"content":{"rendered":"\n\n<div class=\"kk-star-ratings kksr-auto kksr-align-left kksr-valign-top\"\n    data-payload='{&quot;align&quot;:&quot;left&quot;,&quot;id&quot;:&quot;9039&quot;,&quot;slug&quot;:&quot;default&quot;,&quot;valign&quot;:&quot;top&quot;,&quot;ignore&quot;:&quot;&quot;,&quot;reference&quot;:&quot;auto&quot;,&quot;class&quot;:&quot;&quot;,&quot;count&quot;:&quot;0&quot;,&quot;legendonly&quot;:&quot;&quot;,&quot;readonly&quot;:&quot;&quot;,&quot;score&quot;:&quot;0&quot;,&quot;starsonly&quot;:&quot;&quot;,&quot;best&quot;:&quot;5&quot;,&quot;gap&quot;:&quot;5&quot;,&quot;greet&quot;:&quot;Rate this page&quot;,&quot;legend&quot;:&quot;0\\\/5 - (0 votes)&quot;,&quot;size&quot;:&quot;30&quot;,&quot;title&quot;:&quot;Spil Eurojackpot online&quot;,&quot;width&quot;:&quot;0&quot;,&quot;_legend&quot;:&quot;{score}\\\/{best} - ({count} {votes})&quot;,&quot;font_factor&quot;:&quot;1.25&quot;}'>\n            \n<div class=\"kksr-stars\">\n    \n<div class=\"kksr-stars-inactive\">\n            <div class=\"kksr-star\" data-star=\"1\" style=\"padding-right: 5px\">\n            \n\n<div class=\"kksr-icon\" style=\"width: 30px; height: 30px;\"><\/div>\n        <\/div>\n            <div class=\"kksr-star\" data-star=\"2\" style=\"padding-right: 5px\">\n            \n\n<div class=\"kksr-icon\" style=\"width: 30px; height: 30px;\"><\/div>\n        <\/div>\n            <div class=\"kksr-star\" data-star=\"3\" style=\"padding-right: 5px\">\n            \n\n<div class=\"kksr-icon\" style=\"width: 30px; height: 30px;\"><\/div>\n        <\/div>\n            <div class=\"kksr-star\" data-star=\"4\" style=\"padding-right: 5px\">\n            \n\n<div class=\"kksr-icon\" style=\"width: 30px; height: 30px;\"><\/div>\n        <\/div>\n            <div class=\"kksr-star\" data-star=\"5\" style=\"padding-right: 5px\">\n            \n\n<div class=\"kksr-icon\" style=\"width: 30px; height: 30px;\"><\/div>\n        <\/div>\n    <\/div>\n    \n<div class=\"kksr-stars-active\" style=\"width: 0px;\">\n            <div class=\"kksr-star\" style=\"padding-right: 5px\">\n            \n\n<div class=\"kksr-icon\" style=\"width: 30px; height: 30px;\"><\/div>\n        <\/div>\n            <div class=\"kksr-star\" style=\"padding-right: 5px\">\n            \n\n<div class=\"kksr-icon\" style=\"width: 30px; height: 30px;\"><\/div>\n        <\/div>\n            <div class=\"kksr-star\" style=\"padding-right: 5px\">\n            \n\n<div class=\"kksr-icon\" style=\"width: 30px; height: 30px;\"><\/div>\n        <\/div>\n            <div class=\"kksr-star\" style=\"padding-right: 5px\">\n            \n\n<div class=\"kksr-icon\" style=\"width: 30px; height: 30px;\"><\/div>\n        <\/div>\n            <div class=\"kksr-star\" style=\"padding-right: 5px\">\n            \n\n<div class=\"kksr-icon\" style=\"width: 30px; height: 30px;\"><\/div>\n        <\/div>\n    <\/div>\n<\/div>\n                \n\n<div class=\"kksr-legend\" style=\"font-size: 24px;\">\n            <span class=\"kksr-muted\">Rate this page<\/span>\n    <\/div>\n    <\/div>\n<h2>Hvad er Eurojackpot?<\/h2>\n<p>Eurojackpot online er et <strong>internationalt lotteri, der blev skabt i Europa<\/strong> og som i begyndelsen kun var popul\u00e6rt i vores del af verden. Man kan sige, at det ganske enkelt er en europ\u00e6isk version af lotto. Eurojackpot er et relativt ungt lotteri, <strong>oprettet i marts 2012<\/strong>, og har siden da nydt en vedvarende popularitet \u2013 ikke kun i Europa, men over hele verden. <strong>H\u00f8je gevinster, store chancer for at ramme de heldige tal og utrolige jackpots<\/strong> g\u00f8r, at Eurojackpot tiltr\u00e6kker et stadigt stigende antal nye spillere. Dette pengelotteri har allerede skabt adskillige dusin lotto-million\u00e6rer. Det hele startede med en plan om at skabe konkurrence til Euromillions-lotteriet, og Eurojackpot har allerede <strong>overg\u00e5et det og er blevet et af de hurtigst voksende og <a href=\"https:\/\/lottomat.com\/da\/spil\/\">mest popul\u00e6re online lottospil<\/a><\/strong>.<\/p>\n<h2><img loading=\"lazy\" decoding=\"async\" class=\"alignleft wp-image-257564\" src=\"https:\/\/lottomat.com\/wp-content\/uploads\/2025\/11\/Eurojackpot-online.webp\" alt=\"Eurojackpot online\" width=\"200\" height=\"200\" srcset=\"https:\/\/lottomat.com\/wp-content\/uploads\/2025\/11\/Eurojackpot-online.webp 400w, https:\/\/lottomat.com\/wp-content\/uploads\/2025\/11\/Eurojackpot-online-300x300.webp 300w, https:\/\/lottomat.com\/wp-content\/uploads\/2025\/11\/Eurojackpot-online-150x150.webp 150w, https:\/\/lottomat.com\/wp-content\/uploads\/2025\/11\/Eurojackpot-online-100x100.webp 100w\" sizes=\"auto, (max-width: 200px) 100vw, 200px\" \/>Hvordan k\u00f8ber man en Eurojackpot-lodsedel online?<\/h2>\n<p>LottoMat-hjemmesiden giver dig mulighed for at k\u00f8be lodsedler online, s\u00e5 du ikke beh\u00f8ver at lede efter et fysisk salgssted. Du har det hele samlet \u00e9t sted, <strong>24 timer i d\u00f8gnet, 7 dage om ugen<\/strong>. Endnu vigtigere \u2013 <strong>fra hvor som helst i verden<\/strong>, da et onlinek\u00f8b hos LottoMat behandles p\u00e5 samme m\u00e5de som et k\u00f8b i et land, der deltager i lodtr\u00e6kningerne. Det betyder, at <strong>uanset hvor du befinder dig, kan du spille Eurojackpot online!<\/strong> Efter du har afgivet din ordre, vil <strong>vores repr\u00e6sentant k\u00f8be en papirbaseret Eurojackpot-lodsedel p\u00e5 dine vegne<\/strong>, som vil v\u00e6re tilg\u00e6ngelig p\u00e5 din konto hos LottoMat.<\/p>\n<h2>Hvad koster en Eurojackpot-lodsedel?<\/h2>\n<p>F\u00f8rst skal du <strong>v\u00e6lge tallene p\u00e5 din Eurojackpot online-lodsedel \u2013 5 hovedtal og 2 ekstra tal<\/strong>. Prisen p\u00e5 lodsedlen vises nederst p\u00e5 listen. Vores beregner vurderer det skyldige bel\u00f8b afh\u00e6ngigt af, hvor mange lodsedler du udfylder. Nu skal du blot give dig selv en chance for at vinde \u2013 noget, der sker overraskende ofte i dette spil.<\/p>\n<h2>Kan du k\u00f8be flere Eurojackpot-lodsedler?<\/h2>\n<p>Ja, du kan <strong>k\u00f8be flere Eurojackpot-lodsedler<\/strong> ved at v\u00e6lge muligheden \u201cflere linjer\u201d og angive det antal linjer, du \u00f8nsker. Denne strategi giver dig mulighed for at <strong>spille forskellige talkombinationer i den samme lodtr\u00e6kning og dermed potentielt \u00f8ge dine vinderchancer<\/strong>. Hver ekstra linje giver dig endnu en mulighed for at matche de vindende tal, og du kan kombinere forskellige metoder til talvalg p\u00e5 dine lodsedler. Husk, at <strong>hver linje priss\u00e6ttes separat<\/strong>, s\u00e5 k\u00f8b af flere lodsedler vil forholdsm\u00e6ssigt \u00f8ge den samlede pris.<\/p>\n<h2>Kan du k\u00f8be Eurojackpot-lodsedler til flere lodtr\u00e6kninger?<\/h2>\n<h2><img loading=\"lazy\" decoding=\"async\" class=\"alignright wp-image-257594\" src=\"https:\/\/lottomat.com\/wp-content\/uploads\/2025\/11\/Eurojackpot-tickets.webp\" alt=\"Eurojackpot lodsedler\" width=\"200\" height=\"200\" srcset=\"https:\/\/lottomat.com\/wp-content\/uploads\/2025\/11\/Eurojackpot-tickets.webp 400w, https:\/\/lottomat.com\/wp-content\/uploads\/2025\/11\/Eurojackpot-tickets-300x300.webp 300w, https:\/\/lottomat.com\/wp-content\/uploads\/2025\/11\/Eurojackpot-tickets-150x150.webp 150w, https:\/\/lottomat.com\/wp-content\/uploads\/2025\/11\/Eurojackpot-tickets-100x100.webp 100w\" sizes=\"auto, (max-width: 200px) 100vw, 200px\" \/><\/h2>\n<p>Ja, hos LottoMat kan du <strong>k\u00f8be lodsedler til op til 8 p\u00e5 hinanden f\u00f8lgende lodtr\u00e6kninger p\u00e5 forh\u00e5nd<\/strong>. Denne multi-tr\u00e6kningsfunktion sikrer, at du aldrig g\u00e5r glip af en lodtr\u00e6kning, og er s\u00e6rligt praktisk for faste spillere, der foretr\u00e6kker at planl\u00e6gge fremad. Dine valgte tal deltager automatisk i hver planlagt lodtr\u00e6kning, og du vil blive informeret om resultaterne efter hver tr\u00e6kning. Denne mulighed er perfekt for spillere, der \u00f8nsker at deltage konsekvent uden at skulle huske at k\u00f8be lodsedler til hver enkelt lodtr\u00e6kning.<\/p>\n<h2>Hvordan spiller man Eurojackpot online: hvad skal man g\u00f8re for at vinde?<\/h2>\n<p>For at deltage i lodtr\u00e6kningerne skal du <strong>v\u00e6lge 5 tal fra intervallet 1 til 50 samt 2 ekstra tal (bonustal) fra intervallet 1 til 12<\/strong>. For et fuldst\u00e6ndigt tilf\u00e6ldigt valg kan du bruge den tilf\u00e6ldige mulighed, der er tilg\u00e6ngelig p\u00e5 platformen. <strong>For at vinde hovedpr\u00e6mien skal alle 7 tal v\u00e6lges korrekt<\/strong>. N\u00e5r det g\u00e6lder gevinster, findes der ikke \u00e9t entydigt svar p\u00e5 sp\u00f8rgsm\u00e5let om \u201chvordan man spiller Eurojackpot for at vinde\u201d. Hver spiller har sine egne metoder: nogle k\u00f8ber mange lodsedler, andre tjekker aktuelle og <a href=\"https:\/\/lottomat.com\/da\/resultater\/\">arkiverede resultater<\/a> fra lodtr\u00e6kninger, noterer hvilke tal der tr\u00e6kkes oftest og udvikler deres egne strategier til fremtidige spil \u2013 og s\u00e5 er der dem, der bare spiller. I dit spil kan du bruge de s\u00e5kaldte <strong>varme (oftest trukne) eller kolde (sj\u00e6ldnest trukne) tal<\/strong>, som du kan tjekke p\u00e5 LottoMat-hjemmesiden, hvor der er udarbejdet en lille oversigt til alle spillere. N\u00e5r du udfylder din Eurojackpot-lodsedel, skal du s\u00f8rge for at <strong>bruge forskellige talkombinationer og udnytte hele det tilg\u00e6ngelige talinterval<\/strong>.<\/p>\n<h2>Hvad er de bedste tips til at spille Eurojackpot online?<\/h2>\n<p>For at maksimere dine chancer i Eurojackpot online-lotteriet b\u00f8r du <strong>sprede dit talvalg over hele intervallet<\/strong> i stedet for at samle dem \u00e9t sted. Mange erfarne spillere anbefaler <strong>at analysere historiske lodtr\u00e6kningsdata for at identificere m\u00f8nstre<\/strong>, selvom det er vigtigt at huske, at hver lodtr\u00e6kning er uafh\u00e6ngig. Overvej <strong>at deltage i f\u00e6llesspil (lottery pools) for at \u00f8ge din k\u00f8bekraft ved at dele omkostningerne<\/strong>, og <strong>spil altid inden for dit budget<\/strong>. Endelig kan <strong>konsekvens v\u00e6re n\u00f8glen \u2013 regelm\u00e6ssig deltagelse i lodtr\u00e6kninger kan forbedre dine samlede chancer<\/strong> sammenlignet med sporadisk spil. Hvis du vil vide mere om dette lotteri \u2013 <a href=\"https:\/\/lottomat.com\/da\/lotterier\/eurojackpot\/\">se Eurojackpot-pr\u00e6mier, regler og jackpot<\/a> for den kommende lodtr\u00e6kning.<\/p>\n<h2><img loading=\"lazy\" decoding=\"async\" class=\"alignleft wp-image-257624\" src=\"https:\/\/lottomat.com\/wp-content\/uploads\/2025\/11\/play-Eurojackpot.webp\" alt=\"Spil Eurojackpot\" width=\"200\" height=\"200\" srcset=\"https:\/\/lottomat.com\/wp-content\/uploads\/2025\/11\/play-Eurojackpot.webp 400w, https:\/\/lottomat.com\/wp-content\/uploads\/2025\/11\/play-Eurojackpot-300x300.webp 300w, https:\/\/lottomat.com\/wp-content\/uploads\/2025\/11\/play-Eurojackpot-150x150.webp 150w, https:\/\/lottomat.com\/wp-content\/uploads\/2025\/11\/play-Eurojackpot-100x100.webp 100w\" sizes=\"auto, (max-width: 200px) 100vw, 200px\" \/>Hvem kan spille Eurojackpot online?<\/h2>\n<p>Blandt de lande, der deltager i Eurojackpot-lotteriet, er der hele <strong>18 lande (Kroatien, Tjekkiet, Danmark, Estland, Finland, Tyskland, Ungarn, Island, Italien, Letland, Litauen, Nederlandene, Norge, Polen, Slovakiet, Slovenien, Spanien og Sverige)<\/strong>. Det er vigtigt at n\u00e6vne dem alle i forhold til Eurojackpot-reglerne, da <strong>personer med andet statsborgerskab ogs\u00e5 kan deltage i lodtr\u00e6kningerne, s\u00e5 l\u00e6nge lodsedlen er k\u00f8bt i et af de n\u00e6vnte lande<\/strong>. Eurojackpot-lotteriet er hovedsageligt tilg\u00e6ngeligt online. LottoMat-hjemmesiden giver dig mulighed for at k\u00f8be Eurojackpot-lodsedler via internettet. Det er meget nemt \u2013 der skal bogstaveligt talt kun et par klik til \u2013 og efter k\u00f8bet kan du hurtigt og bekvemt <a href=\"https:\/\/lottomat.com\/da\/resultater\/eurojackpot\/\">tjekke de aktuelle Eurojackpot-resultater<\/a> p\u00e5 hjemmesiden.<\/p>\n<h2>Hvad g\u00f8r Eurojackpot anderledes end andre talspil?<\/h2>\n<p>De fleste hasardspil er designet p\u00e5 en m\u00e5de, der g\u00f8r meget h\u00f8je gevinster tilg\u00e6ngelige for kun et begr\u00e6nset antal spillere. <strong>Eurojackpot blev skabt med et langt st\u00f8rre antal vindere for \u00f8je, og gevinsterne l\u00f8ber op i tusindvis og millioner af euro<\/strong>. Kort sagt er det en lodtr\u00e6kning, der er udformet p\u00e5 en m\u00e5de, som <strong>giver spillerne bedre chancer for at vinde<\/strong>. Og selvom Euromillions-lotteriet for eksempel giver mulighed for st\u00f8rre gevinster, <strong>giver Eurojackpot langt bedre vinderchancer<\/strong> i en lodtr\u00e6kning og mulighed for at opn\u00e5 imponerende pr\u00e6mier. Det er v\u00e6rd at bem\u00e6rke, at Eurojackpot har <strong>dobbelt s\u00e5 mange gevinster som andre hasardspil<\/strong>, hvilket g\u00f8r store gevinster n\u00e6sten inden for r\u00e6kkevidde. Det er netop denne egenskab, der har l\u00f8ftet Eurojackpot til et h\u00f8jere niveau af popularitet i Europa. <strong>Et st\u00f8rre antal vindere betyder ogs\u00e5 st\u00f8rre chancer for dig<\/strong>.<\/p>\n<h2>Er det v\u00e6rd at spille Eurojackpot online?<img loading=\"lazy\" decoding=\"async\" class=\"alignright wp-image-257654\" src=\"https:\/\/lottomat.com\/wp-content\/uploads\/2025\/11\/buy-tickets-online.webp\" alt=\"K\u00f8b lodsedler online\" width=\"200\" height=\"200\" srcset=\"https:\/\/lottomat.com\/wp-content\/uploads\/2025\/11\/buy-tickets-online.webp 400w, https:\/\/lottomat.com\/wp-content\/uploads\/2025\/11\/buy-tickets-online-300x300.webp 300w, https:\/\/lottomat.com\/wp-content\/uploads\/2025\/11\/buy-tickets-online-150x150.webp 150w, https:\/\/lottomat.com\/wp-content\/uploads\/2025\/11\/buy-tickets-online-100x100.webp 100w\" sizes=\"auto, (max-width: 200px) 100vw, 200px\" \/><\/h2>\n<p>Sp\u00f8rgsm\u00e5let, du sandsynligvis stiller dig selv, er: er det virkelig det v\u00e6rd? Mange stiller det samme sp\u00f8rgsm\u00e5l, n\u00e5r de overvejer at k\u00f8be en lodsedel. Som med ethvert lotteri er der en risiko, hver gang du spiller, men <strong>resultaterne kan \u00e6ndre dit liv<\/strong>. T\u00e6nk over, hvad du kunne g\u00f8re, hvis du vandt jackpotten eller blot en mindre pr\u00e6mie. Nogle gange er det v\u00e6rd at tage en risiko for chancen for noget bedre. Sandheden er, at <strong>Eurojackpot generelt har langt bedre odds end sin hovedkonkurrent, EuroMillions<\/strong>. <strong>Du har langt st\u00f8rre sandsynlighed for at vinde hovedpr\u00e6mien i dette lotteri<\/strong> end i dets mere popul\u00e6re modstykke. Derfor bruger du de samme penge, men med en st\u00f8rre chance for at vinde. Den eneste ulempe er, at du m\u00e5ske ikke vinder, men forventningen er ofte halvdelen af forn\u00f8jelsen. At tabe er aldrig sjovt, is\u00e6r n\u00e5r du dr\u00f8mmer om, hvad du kunne g\u00f8re, hvis du vandt pengene. Men euforien, n\u00e5r og hvis du vinder, er det hele v\u00e6rd. S\u00e5 hvad venter du p\u00e5? Hvorfor ikke oprette din f\u00f8rste konto p\u00e5 <a href=\"https:\/\/lottomat.com\/da\/\">LottoMat-hjemmesiden<\/a> og se, hvad Eurojackpot egentlig handler om? Det bliver helt sikkert en sjov og sp\u00e6ndende oplevelse.<\/p>\n<h2>Hvor b\u00f8r du k\u00f8be din Eurojackpot-lodsedel: online eller offline?<\/h2>\n<p>N\u00e5r du k\u00f8ber Eurojackpot-lodsedler, kan du v\u00e6lge mellem online platforme som LottoMat eller fysiske salgssteder. <strong>Begge metoder tilbyder det samme gevinstpotentiale<\/strong>, men adskiller sig i bekvemmelighed og brugeroplevelse.<\/p>\n<h3>Den traditionelle oplevelse i butikken<\/h3>\n<p>K\u00f8b af lodsedler i butik indeb\u00e6rer, at man udfylder tal i h\u00e5nden eller beder om et tilf\u00e6ldigt valg ved skranken. Selvom nogle spillere nyder det sociale aspekt og har tillid til fysiske k\u00f8b, <strong>har b\u00e5de online og offline lodsedler samme chance for at vinde jackpotten<\/strong>. K\u00f8bsstedet p\u00e5virker ikke dine vinderchancer.<\/p>\n<h3><img loading=\"lazy\" decoding=\"async\" class=\"alignleft wp-image-257684\" src=\"https:\/\/lottomat.com\/wp-content\/uploads\/2025\/11\/play-online.webp\" alt=\"Spil online\" width=\"200\" height=\"200\" srcset=\"https:\/\/lottomat.com\/wp-content\/uploads\/2025\/11\/play-online.webp 400w, https:\/\/lottomat.com\/wp-content\/uploads\/2025\/11\/play-online-300x300.webp 300w, https:\/\/lottomat.com\/wp-content\/uploads\/2025\/11\/play-online-150x150.webp 150w, https:\/\/lottomat.com\/wp-content\/uploads\/2025\/11\/play-online-100x100.webp 100w\" sizes=\"auto, (max-width: 200px) 100vw, 200px\" \/>Bekvemmeligheden ved online-lodsedler<\/h3>\n<p><strong>K\u00f8b af lodsedler online eliminerer k\u00f8er og sparer tid<\/strong>. Du skal blot oprette en konto, v\u00e6lge dine tal eller bruge lucky dip, v\u00e6lge betalingsmetode \u2013 og s\u00e5 er du f\u00e6rdig. Du modtager e-mailnotifikationer om resultaterne. <strong>Den st\u00f8rste fordel ved online-lodsedler er, at de opbevares digitalt, s\u00e5 du ikke kan miste dem<\/strong>. Det fjerner stressen ved bortkomne lodsedler og er milj\u00f8venligt ved at reducere papirforbruget. Er du klar til at v\u00e6re med? V\u00e6lg dine tal og spil Eurojackpot online nu!<\/p>\n","protected":false},"excerpt":{"rendered":"<p>Hvad er Eurojackpot? Eurojackpot online er et internationalt lotteri, der blev skabt i Europa og som i begyndelsen kun var popul\u00e6rt i vores del af verden. Man kan sige, at det ganske enkelt er en europ\u00e6isk version af lotto. Eurojackpot er et relativt ungt lotteri, oprettet i marts 2012, og har siden da nydt en [&hellip;]<\/p>\n","protected":false},"author":1,"featured_media":0,"parent":6765,"menu_order":4,"comment_status":"closed","ping_status":"closed","template":"eurojackpot.php","meta":{"_et_pb_use_builder":"","_et_pb_old_content":"","_et_gb_content_width":"","exclude_from_search":false,"footnotes":""},"class_list":["post-9039","page","type-page","status-publish","hentry"],"yoast_head":"<!-- This site is optimized with the Yoast SEO plugin v23.8 - https:\/\/yoast.com\/wordpress\/plugins\/seo\/ -->\n<title>Eurojackpot Online - Eurojackpot Lodsedler - LottoMat<\/title>\n<meta name=\"description\" content=\"Spil Eurojackpot online og vind store pr\u00e6mier hos Lottomat! V\u00e6lg dine tal og k\u00f8b Eurojackpot-lodsedler online n\u00e5r som helst! Deltag i sp\u00e6ndingen allerede i dag!\" \/>\n<meta name=\"robots\" content=\"index, follow, max-snippet:-1, max-image-preview:large, max-video-preview:-1\" \/>\n<link rel=\"canonical\" href=\"https:\/\/lottomat.com\/da\/spil\/eurojackpot\/\" \/>\n<meta property=\"og:locale\" content=\"da_DK\" \/>\n<meta property=\"og:type\" content=\"article\" \/>\n<meta property=\"og:title\" content=\"Eurojackpot Online - Eurojackpot Lodsedler - LottoMat\" \/>\n<meta property=\"og:description\" content=\"Spil Eurojackpot online og vind store pr\u00e6mier hos Lottomat! V\u00e6lg dine tal og k\u00f8b Eurojackpot-lodsedler online n\u00e5r som helst! Deltag i sp\u00e6ndingen allerede i dag!\" \/>\n<meta property=\"og:url\" content=\"https:\/\/lottomat.com\/da\/spil\/eurojackpot\/\" \/>\n<meta property=\"og:site_name\" content=\"Lottomat\" \/>\n<meta property=\"article:modified_time\" content=\"2026-02-15T04:16:15+00:00\" \/>\n<meta property=\"og:image\" content=\"https:\/\/lottomat.com\/wp-content\/uploads\/2025\/11\/Eurojackpot-online.webp\" \/>\n<meta name=\"twitter:card\" content=\"summary_large_image\" \/>\n<meta name=\"twitter:label1\" content=\"Estimeret l\u00e6setid\" \/>\n\t<meta name=\"twitter:data1\" content=\"8 minutter\" \/>\n<script type=\"application\/ld+json\" class=\"yoast-schema-graph\">{\"@context\":\"https:\/\/schema.org\",\"@graph\":[{\"@type\":\"WebPage\",\"@id\":\"https:\/\/lottomat.com\/da\/spil\/eurojackpot\/\",\"url\":\"https:\/\/lottomat.com\/da\/spil\/eurojackpot\/\",\"name\":\"Eurojackpot Online - Eurojackpot Lodsedler - LottoMat\",\"isPartOf\":{\"@id\":\"https:\/\/lottomat.com\/da\/#website\"},\"primaryImageOfPage\":{\"@id\":\"https:\/\/lottomat.com\/da\/spil\/eurojackpot\/#primaryimage\"},\"image\":{\"@id\":\"https:\/\/lottomat.com\/da\/spil\/eurojackpot\/#primaryimage\"},\"thumbnailUrl\":\"https:\/\/lottomat.com\/wp-content\/uploads\/2025\/11\/Eurojackpot-online.webp\",\"datePublished\":\"2025-03-26T08:02:36+00:00\",\"dateModified\":\"2026-02-15T04:16:15+00:00\",\"description\":\"Spil Eurojackpot online og vind store pr\u00e6mier hos Lottomat! V\u00e6lg dine tal og k\u00f8b Eurojackpot-lodsedler online n\u00e5r som helst! Deltag i sp\u00e6ndingen allerede i dag!\",\"breadcrumb\":{\"@id\":\"https:\/\/lottomat.com\/da\/spil\/eurojackpot\/#breadcrumb\"},\"inLanguage\":\"da-DK\",\"potentialAction\":[{\"@type\":\"ReadAction\",\"target\":[\"https:\/\/lottomat.com\/da\/spil\/eurojackpot\/\"]}]},{\"@type\":\"ImageObject\",\"inLanguage\":\"da-DK\",\"@id\":\"https:\/\/lottomat.com\/da\/spil\/eurojackpot\/#primaryimage\",\"url\":\"https:\/\/lottomat.com\/wp-content\/uploads\/2025\/11\/Eurojackpot-online.webp\",\"contentUrl\":\"https:\/\/lottomat.com\/wp-content\/uploads\/2025\/11\/Eurojackpot-online.webp\"},{\"@type\":\"BreadcrumbList\",\"@id\":\"https:\/\/lottomat.com\/da\/spil\/eurojackpot\/#breadcrumb\",\"itemListElement\":[{\"@type\":\"ListItem\",\"position\":1,\"name\":\"Home\",\"item\":\"https:\/\/lottomat.com\/da\/\"},{\"@type\":\"ListItem\",\"position\":2,\"name\":\"Spil lotteri\",\"item\":\"https:\/\/lottomat.com\/da\/spil\/\"},{\"@type\":\"ListItem\",\"position\":3,\"name\":\"Spil Eurojackpot online\"}]},{\"@type\":\"WebSite\",\"@id\":\"https:\/\/lottomat.com\/da\/#website\",\"url\":\"https:\/\/lottomat.com\/da\/\",\"name\":\"Lottomat\",\"description\":\"\",\"potentialAction\":[{\"@type\":\"SearchAction\",\"target\":{\"@type\":\"EntryPoint\",\"urlTemplate\":\"https:\/\/lottomat.com\/da\/?s={search_term_string}\"},\"query-input\":{\"@type\":\"PropertyValueSpecification\",\"valueRequired\":true,\"valueName\":\"search_term_string\"}}],\"inLanguage\":\"da-DK\"}]}<\/script>\n<!-- \/ Yoast SEO plugin. -->","yoast_head_json":{"title":"Eurojackpot Online - Eurojackpot Lodsedler - LottoMat","description":"Spil Eurojackpot online og vind store pr\u00e6mier hos Lottomat! V\u00e6lg dine tal og k\u00f8b Eurojackpot-lodsedler online n\u00e5r som helst! Deltag i sp\u00e6ndingen allerede i dag!","robots":{"index":"index","follow":"follow","max-snippet":"max-snippet:-1","max-image-preview":"max-image-preview:large","max-video-preview":"max-video-preview:-1"},"canonical":"https:\/\/lottomat.com\/da\/spil\/eurojackpot\/","og_locale":"da_DK","og_type":"article","og_title":"Eurojackpot Online - Eurojackpot Lodsedler - LottoMat","og_description":"Spil Eurojackpot online og vind store pr\u00e6mier hos Lottomat! V\u00e6lg dine tal og k\u00f8b Eurojackpot-lodsedler online n\u00e5r som helst! Deltag i sp\u00e6ndingen allerede i dag!","og_url":"https:\/\/lottomat.com\/da\/spil\/eurojackpot\/","og_site_name":"Lottomat","article_modified_time":"2026-02-15T04:16:15+00:00","og_image":[{"url":"https:\/\/lottomat.com\/wp-content\/uploads\/2025\/11\/Eurojackpot-online.webp"}],"twitter_card":"summary_large_image","twitter_misc":{"Estimeret l\u00e6setid":"8 minutter"},"schema":{"@context":"https:\/\/schema.org","@graph":[{"@type":"WebPage","@id":"https:\/\/lottomat.com\/da\/spil\/eurojackpot\/","url":"https:\/\/lottomat.com\/da\/spil\/eurojackpot\/","name":"Eurojackpot Online - Eurojackpot Lodsedler - LottoMat","isPartOf":{"@id":"https:\/\/lottomat.com\/da\/#website"},"primaryImageOfPage":{"@id":"https:\/\/lottomat.com\/da\/spil\/eurojackpot\/#primaryimage"},"image":{"@id":"https:\/\/lottomat.com\/da\/spil\/eurojackpot\/#primaryimage"},"thumbnailUrl":"https:\/\/lottomat.com\/wp-content\/uploads\/2025\/11\/Eurojackpot-online.webp","datePublished":"2025-03-26T08:02:36+00:00","dateModified":"2026-02-15T04:16:15+00:00","description":"Spil Eurojackpot online og vind store pr\u00e6mier hos Lottomat! V\u00e6lg dine tal og k\u00f8b Eurojackpot-lodsedler online n\u00e5r som helst! Deltag i sp\u00e6ndingen allerede i dag!","breadcrumb":{"@id":"https:\/\/lottomat.com\/da\/spil\/eurojackpot\/#breadcrumb"},"inLanguage":"da-DK","potentialAction":[{"@type":"ReadAction","target":["https:\/\/lottomat.com\/da\/spil\/eurojackpot\/"]}]},{"@type":"ImageObject","inLanguage":"da-DK","@id":"https:\/\/lottomat.com\/da\/spil\/eurojackpot\/#primaryimage","url":"https:\/\/lottomat.com\/wp-content\/uploads\/2025\/11\/Eurojackpot-online.webp","contentUrl":"https:\/\/lottomat.com\/wp-content\/uploads\/2025\/11\/Eurojackpot-online.webp"},{"@type":"BreadcrumbList","@id":"https:\/\/lottomat.com\/da\/spil\/eurojackpot\/#breadcrumb","itemListElement":[{"@type":"ListItem","position":1,"name":"Home","item":"https:\/\/lottomat.com\/da\/"},{"@type":"ListItem","position":2,"name":"Spil lotteri","item":"https:\/\/lottomat.com\/da\/spil\/"},{"@type":"ListItem","position":3,"name":"Spil Eurojackpot online"}]},{"@type":"WebSite","@id":"https:\/\/lottomat.com\/da\/#website","url":"https:\/\/lottomat.com\/da\/","name":"Lottomat","description":"","potentialAction":[{"@type":"SearchAction","target":{"@type":"EntryPoint","urlTemplate":"https:\/\/lottomat.com\/da\/?s={search_term_string}"},"query-input":{"@type":"PropertyValueSpecification","valueRequired":true,"valueName":"search_term_string"}}],"inLanguage":"da-DK"}]}},"_links":{"self":[{"href":"https:\/\/lottomat.com\/da\/wp-json\/wp\/v2\/pages\/9039","targetHints":{"allow":["GET"]}}],"collection":[{"href":"https:\/\/lottomat.com\/da\/wp-json\/wp\/v2\/pages"}],"about":[{"href":"https:\/\/lottomat.com\/da\/wp-json\/wp\/v2\/types\/page"}],"author":[{"embeddable":true,"href":"https:\/\/lottomat.com\/da\/wp-json\/wp\/v2\/users\/1"}],"replies":[{"embeddable":true,"href":"https:\/\/lottomat.com\/da\/wp-json\/wp\/v2\/comments?post=9039"}],"version-history":[{"count":1,"href":"https:\/\/lottomat.com\/da\/wp-json\/wp\/v2\/pages\/9039\/revisions"}],"predecessor-version":[{"id":271075,"href":"https:\/\/lottomat.com\/da\/wp-json\/wp\/v2\/pages\/9039\/revisions\/271075"}],"up":[{"embeddable":true,"href":"https:\/\/lottomat.com\/da\/wp-json\/wp\/v2\/pages\/6765"}],"wp:attachment":[{"href":"https:\/\/lottomat.com\/da\/wp-json\/wp\/v2\/media?parent=9039"}],"curies":[{"name":"wp","href":"https:\/\/api.w.org\/{rel}","templated":true}]}}