{"id":8581,"date":"2025-03-26T07:54:05","date_gmt":"2025-03-26T07:54:05","guid":{"rendered":"https:\/\/lottomat.net\/spil-lotteri\/spil-mega-millions-online\/"},"modified":"2026-02-12T12:00:00","modified_gmt":"2026-02-12T12:00:00","slug":"mega-millions","status":"publish","type":"page","link":"https:\/\/lottomat.com\/da\/spil\/mega-millions\/","title":{"rendered":"Spil Mega Millions online \u2013 Mega Millions-kuponer"},"content":{"rendered":"\n\n<div class=\"kk-star-ratings kksr-auto kksr-align-left kksr-valign-top\"\n    data-payload='{&quot;align&quot;:&quot;left&quot;,&quot;id&quot;:&quot;8581&quot;,&quot;slug&quot;:&quot;default&quot;,&quot;valign&quot;:&quot;top&quot;,&quot;ignore&quot;:&quot;&quot;,&quot;reference&quot;:&quot;auto&quot;,&quot;class&quot;:&quot;&quot;,&quot;count&quot;:&quot;0&quot;,&quot;legendonly&quot;:&quot;&quot;,&quot;readonly&quot;:&quot;&quot;,&quot;score&quot;:&quot;0&quot;,&quot;starsonly&quot;:&quot;&quot;,&quot;best&quot;:&quot;5&quot;,&quot;gap&quot;:&quot;5&quot;,&quot;greet&quot;:&quot;Rate this page&quot;,&quot;legend&quot;:&quot;0\\\/5 - (0 votes)&quot;,&quot;size&quot;:&quot;30&quot;,&quot;title&quot;:&quot;Spil Mega Millions online \u2013 Mega Millions-kuponer&quot;,&quot;width&quot;:&quot;0&quot;,&quot;_legend&quot;:&quot;{score}\\\/{best} - ({count} {votes})&quot;,&quot;font_factor&quot;:&quot;1.25&quot;}'>\n            \n<div class=\"kksr-stars\">\n    \n<div class=\"kksr-stars-inactive\">\n            <div class=\"kksr-star\" data-star=\"1\" style=\"padding-right: 5px\">\n            \n\n<div class=\"kksr-icon\" style=\"width: 30px; height: 30px;\"><\/div>\n        <\/div>\n            <div class=\"kksr-star\" data-star=\"2\" style=\"padding-right: 5px\">\n            \n\n<div class=\"kksr-icon\" style=\"width: 30px; height: 30px;\"><\/div>\n        <\/div>\n            <div class=\"kksr-star\" data-star=\"3\" style=\"padding-right: 5px\">\n            \n\n<div class=\"kksr-icon\" style=\"width: 30px; height: 30px;\"><\/div>\n        <\/div>\n            <div class=\"kksr-star\" data-star=\"4\" style=\"padding-right: 5px\">\n            \n\n<div class=\"kksr-icon\" style=\"width: 30px; height: 30px;\"><\/div>\n        <\/div>\n            <div class=\"kksr-star\" data-star=\"5\" style=\"padding-right: 5px\">\n            \n\n<div class=\"kksr-icon\" style=\"width: 30px; height: 30px;\"><\/div>\n        <\/div>\n    <\/div>\n    \n<div class=\"kksr-stars-active\" style=\"width: 0px;\">\n            <div class=\"kksr-star\" style=\"padding-right: 5px\">\n            \n\n<div class=\"kksr-icon\" style=\"width: 30px; height: 30px;\"><\/div>\n        <\/div>\n            <div class=\"kksr-star\" style=\"padding-right: 5px\">\n            \n\n<div class=\"kksr-icon\" style=\"width: 30px; height: 30px;\"><\/div>\n        <\/div>\n            <div class=\"kksr-star\" style=\"padding-right: 5px\">\n            \n\n<div class=\"kksr-icon\" style=\"width: 30px; height: 30px;\"><\/div>\n        <\/div>\n            <div class=\"kksr-star\" style=\"padding-right: 5px\">\n            \n\n<div class=\"kksr-icon\" style=\"width: 30px; height: 30px;\"><\/div>\n        <\/div>\n            <div class=\"kksr-star\" style=\"padding-right: 5px\">\n            \n\n<div class=\"kksr-icon\" style=\"width: 30px; height: 30px;\"><\/div>\n        <\/div>\n    <\/div>\n<\/div>\n                \n\n<div class=\"kksr-legend\" style=\"font-size: 24px;\">\n            <span class=\"kksr-muted\">Rate this page<\/span>\n    <\/div>\n    <\/div>\n<h2>Hvordan fungerer Mega Millions-lotteriet?<\/h2>\n<p>Online-lotteriet Mega Millions er et enkelt talspil med lette regler, som er nemme at huske. Hver spillers opgave er at v\u00e6lge fem hovedtal i intervallet fra 1 til 70 samt Mega Ball, som er et unikt bonustal fra 1 til 24. Hovedgevinsten g\u00e5r til den spiller, hvis kupon indeholder alle seks udtrukne tal \u2013 fem hovedtal og \u00e9t bonustal. Det er v\u00e6rd at bem\u00e6rke, at <strong>Mega Millions er et lotteri med hele ni gevinstniveauer<\/strong>, hvor hver spiller kan modtage en pengepr\u00e6mie. Endnu vigtigere er det, at en Mega Millions-kupon, hvor kun Mega Ball er valgt korrekt, ogs\u00e5 vinder. Som beskrevet ovenfor giver Mega Millions reelle chancer for at vinde millioner af dollars. L\u00e6s <a href=\"https:\/\/lottomat.com\/da\/lotterier\/megamillions\/\">mere om Mega Millions-reglerne<\/a> p\u00e5 vores hjemmeside og f\u00e5 flere oplysninger.<\/p>\n<h2><img loading=\"lazy\" decoding=\"async\" class=\"alignleft wp-image-251833\" src=\"https:\/\/lottomat.com\/wp-content\/uploads\/2025\/10\/play-Mega-Millions.webp\" alt=\"spil Mega Millions\" width=\"200\" height=\"200\" srcset=\"https:\/\/lottomat.com\/wp-content\/uploads\/2025\/10\/play-Mega-Millions.webp 400w, https:\/\/lottomat.com\/wp-content\/uploads\/2025\/10\/play-Mega-Millions-300x300.webp 300w, https:\/\/lottomat.com\/wp-content\/uploads\/2025\/10\/play-Mega-Millions-150x150.webp 150w, https:\/\/lottomat.com\/wp-content\/uploads\/2025\/10\/play-Mega-Millions-100x100.webp 100w\" sizes=\"auto, (max-width: 200px) 100vw, 200px\" \/>Hvor meget kan du vinde med Mega Millions online?<\/h2>\n<p>Korrekt valg af alle de udtrukne tal garanterer hovedgevinsten eller en andel af den, hvis der er mere end \u00e9n vinder. Hvis flere spillere rammer alle de udtrukne tal, deles hovedpr\u00e6mien proportionalt mellem deltagerne. Hvis du rammer fem hovedtal, men ikke Mega Ball, modtager du en <strong>garanteret pr\u00e6mie p\u00e5 1.000.000 USD<\/strong> (ja, du ser rigtigt \u2013 \u00e9n million dollars for fem rigtige tal!). Mega Millions er et lotteri med hyppige jackpots, som kan vokse til ufattelige bel\u00f8b, og vindende kuponer kan derfor give meget betydelige gevinster. Mega Millions tilbyder ogs\u00e5 to ekstra muligheder. Desv\u00e6rre er disse tilvalg \u2013 herunder muligheden for at k\u00f8be en billigere kupon kun til jackpotten og at multiplicere gevinster fra de lavere niveauer \u2013 kun tilg\u00e6ngelige for borgere i visse amerikanske stater. Hovedgevinsten og de lavere gevinstniveauer er dog tilg\u00e6ngelige for alle andre spillere.<\/p>\n<h2>Hvad koster en Mega Millions online-kupon?<\/h2>\n<p>For at tjekke prisen p\u00e5 \u00e9n kupon eller flere, skal du bruge Lottomat-hjemmesiden og v\u00e6lge tal. Efter udfyldelse af kuponen vises prisen nedenfor. <strong>Beregneren udregner automatisk betalingsbel\u00f8bet<\/strong> baseret p\u00e5 antallet af valgte Mega Millions online-kuponer. Prisen inkluderer kuponens omkostning samt alle g\u00e6ldende gebyrer og er endelig. Du beh\u00f8ver ikke bekymre dig om andet \u2013 vent blot p\u00e5 <a href=\"https:\/\/lottomat.com\/da\/resultater\/megamillions\/\">de aktuelle Mega Millions-tr\u00e6kningsresultater<\/a>.<\/p>\n<h2>S\u00e5dan k\u00f8ber du en Mega Millions-kupon online<img loading=\"lazy\" decoding=\"async\" class=\"alignright wp-image-251863\" src=\"https:\/\/lottomat.com\/wp-content\/uploads\/2025\/10\/Mega-Millions-tickets.webp\" alt=\"Mega Millions-kuponer\" width=\"200\" height=\"200\" srcset=\"https:\/\/lottomat.com\/wp-content\/uploads\/2025\/10\/Mega-Millions-tickets.webp 400w, https:\/\/lottomat.com\/wp-content\/uploads\/2025\/10\/Mega-Millions-tickets-300x300.webp 300w, https:\/\/lottomat.com\/wp-content\/uploads\/2025\/10\/Mega-Millions-tickets-150x150.webp 150w, https:\/\/lottomat.com\/wp-content\/uploads\/2025\/10\/Mega-Millions-tickets-100x100.webp 100w\" sizes=\"auto, (max-width: 200px) 100vw, 200px\" \/><\/h2>\n<p>For at deltage i Mega Millions-tr\u00e6kninger er det ikke n\u00f8dvendigt at bo i USA, men <strong>den eneste mulighed er at k\u00f8be en Mega Millions-kupon online<\/strong>. Fysiske salgssteder findes kun i USA. Alt, hvad du skal g\u00f8re, er at udfylde en kupon p\u00e5 Lottomat-hjemmesiden og betale (der er flere foretrukne betalingsmetoder). Millioner af dollars er inden for r\u00e6kkevidde \u2013 uden at forlade hjemmet, 24 timer i d\u00f8gnet, 7 dage om ugen. I dag kan du spille Mega Millions online hjemme fra sofaen. Online-lotterier udg\u00f8r i dag grundlaget for denne branche.<\/p>\n<h3>Tr\u00e6kningsplan og resultater<\/h3>\n<p>Din kupon deltager i det amerikanske lotteri, og hvis du vinder, udbetales pr\u00e6mien enten p\u00e5 \u00e9n gang eller i rater, afh\u00e6ngigt af den valgte mulighed. <strong>Tr\u00e6kningerne finder sted onsdag og l\u00f8rdag<\/strong>, og <a href=\"https:\/\/lottomat.com\/da\/resultater\/\">de aktuelle lotteriresulater<\/a> kan ses p\u00e5 Lottomat-hjemmesiden. G\u00e5 ind under Spil og se, hvor nemt det er at k\u00f8be en lotterikupon online. Alt, hvad du beh\u00f8ver for at vinde, er held!<\/p>\n<h2>S\u00e5dan spiller du Mega Millions online<\/h2>\n<p>Takket v\u00e6re vores hjemmeside beh\u00f8ver du ikke rejse til USA for at k\u00f8be en Mega Millions-kupon. Du skal blot v\u00e6lge fem hovedtal mellem 1 og 70 samt et ekstra Mega Ball-tal mellem 1 og 24. Du kan ogs\u00e5 bruge den tilf\u00e6ldige valgmulighed (Quick Pick), hvor tallene v\u00e6lges automatisk. For at vinde hovedgevinsten skal alle tal rammes korrekt. Jo f\u00e6rre tal du rammer, desto lavere bliver gevinsten. <strong>V\u00e6lg fem hovedtal fra 1 til 70 og \u00e9t unikt tal kaldet Mega Ball fra 1 til 24.<\/strong> V\u00e6lg dine tal og spil om millioner i dag!<\/p>\n<h2><img loading=\"lazy\" decoding=\"async\" class=\"alignleft wp-image-251893\" src=\"https:\/\/lottomat.com\/wp-content\/uploads\/2025\/10\/buy-Mega-Millions-tickets.webp\" alt=\"k\u00f8b Mega Millions-kuponer\" width=\"200\" height=\"200\" srcset=\"https:\/\/lottomat.com\/wp-content\/uploads\/2025\/10\/buy-Mega-Millions-tickets.webp 400w, https:\/\/lottomat.com\/wp-content\/uploads\/2025\/10\/buy-Mega-Millions-tickets-300x300.webp 300w, https:\/\/lottomat.com\/wp-content\/uploads\/2025\/10\/buy-Mega-Millions-tickets-150x150.webp 150w, https:\/\/lottomat.com\/wp-content\/uploads\/2025\/10\/buy-Mega-Millions-tickets-100x100.webp 100w\" sizes=\"auto, (max-width: 200px) 100vw, 200px\" \/>De bedste tips til at spille Mega Millions online og vinde<\/h2>\n<p>At spille klogt er n\u00f8glen til at f\u00e5 mest muligt ud af din lotterioplevelse, samtidig med at du styrer dit budget effektivt. Her er nogle gennempr\u00f8vede strategier, der kan \u00f8ge dine vinderchancer.<\/p>\n<h3>Strategi for gruppespil<\/h3>\n<p>Hvordan undg\u00e5r man at bruge en formue og stadig deltage med mange kuponer? Det er enkelt \u2013 <strong>spil kun, n\u00e5r der er en rollover, og inviter venner eller familie til at spille med<\/strong>. Det er den bedste m\u00e5de at vinde p\u00e5 ved at dele omkostningerne til Mega Millions-kuponer mellem deltagerne. Husk, at vinderchancerne stiger med antallet af kuponer, du k\u00f8ber.<\/p>\n<h3>Metoder til valg af tal<\/h3>\n<p>M\u00e5den, du v\u00e6lger dine tal p\u00e5, afh\u00e6nger helt af dig. Du kan bruge den tilf\u00e6ldige valgmulighed (Quick Pick) til at udfylde din Mega Millions-kupon med tilf\u00e6ldige tal eller bruge dine lykketal. Hvis du \u00f8nsker det, kan du ogs\u00e5 gennemg\u00e5 tidligere tr\u00e6kningsresultater for at identificere de tal, der tr\u00e6kkes oftest og sj\u00e6ldnest, og udvikle din egen strategi. <a href=\"https:\/\/lottomat.com\/da\/spil\/\">k\u00f8b en lotterikupon<\/a>, og vi \u00f8nsker dig held og lykke!<\/p>\n<h2>Kan du k\u00f8be flere Mega Millions-kuponer online?<\/h2>\n<p>Ja, benyt <strong>&#8220;Flere linjer&#8221;<\/strong>-muligheden og v\u00e6lg s\u00e5 mange linjer, du \u00f8nsker. Denne funktion giver dig mulighed for at \u00f8ge dine vinderchancer ved at k\u00f8be flere kuponer i \u00e9n enkelt transaktion. Jo flere linjer du spiller, desto bedre er dine odds for at ramme den vindende kombination.<\/p>\n<h2>Kan du k\u00f8be Mega Millions-kuponer online til flere tr\u00e6kninger?<img loading=\"lazy\" decoding=\"async\" class=\"alignright wp-image-251923\" src=\"https:\/\/lottomat.com\/wp-content\/uploads\/2025\/10\/Mega-Millions-online.webp\" alt=\"Mega Millions online\" width=\"200\" height=\"200\" srcset=\"https:\/\/lottomat.com\/wp-content\/uploads\/2025\/10\/Mega-Millions-online.webp 400w, https:\/\/lottomat.com\/wp-content\/uploads\/2025\/10\/Mega-Millions-online-300x300.webp 300w, https:\/\/lottomat.com\/wp-content\/uploads\/2025\/10\/Mega-Millions-online-150x150.webp 150w, https:\/\/lottomat.com\/wp-content\/uploads\/2025\/10\/Mega-Millions-online-100x100.webp 100w\" sizes=\"auto, (max-width: 200px) 100vw, 200px\" \/><\/h2>\n<p>Ja, p\u00e5 Lottomat kan du <strong>k\u00f8be kuponer til op til 8 tr\u00e6kninger p\u00e5 forh\u00e5nd<\/strong>. Denne praktiske funktion betyder, at du ikke beh\u00f8ver at huske at k\u00f8be kuponer til hver enkelt tr\u00e6kning. Du kan indstille dine tal \u00e9n gang og lade dem deltage automatisk i de efterf\u00f8lgende tr\u00e6kninger. Denne forh\u00e5ndsk\u00f8bsfunktion er perfekt for spillere, der har deres favoritnumre og vil sikre sig, at de ikke g\u00e5r glip af en tr\u00e6kning.<\/p>\n<h2>Er det sikkert at spille Mega Millions online?<\/h2>\n<p>At spille p\u00e5 Lottomat-hjemmesiden er <strong>fuldst\u00e6ndig sikkert og trygt<\/strong>. Vi scanner alle kuponer og passer godt p\u00e5 vores kunder og sikrer, at dine personlige og \u00f8konomiske oplysninger er beskyttet med de h\u00f8jeste sikkerhedsstandarder. Vores platform anvender avanceret krypteringsteknologi til at beskytte alle transaktioner og k\u00f8b af kuponer. Det er dog vigtigt at huske, at <strong>spil i Mega Millions b\u00f8r betragtes som underholdning<\/strong>. Du b\u00f8r aldrig risikere penge, som du ikke har r\u00e5d til at tabe. Spil altid ansvarligt og inden for dine midler, og betragt lotterikuponer som underholdning \u2013 ikke som en investeringsstrategi.<\/p>\n","protected":false},"excerpt":{"rendered":"<p>Hvordan fungerer Mega Millions-lotteriet? Online-lotteriet Mega Millions er et enkelt talspil med lette regler, som er nemme at huske. Hver spillers opgave er at v\u00e6lge fem hovedtal i intervallet fra 1 til 70 samt Mega Ball, som er et unikt bonustal fra 1 til 24. Hovedgevinsten g\u00e5r til den spiller, hvis kupon indeholder alle seks [&hellip;]<\/p>\n","protected":false},"author":1,"featured_media":0,"parent":6765,"menu_order":2,"comment_status":"closed","ping_status":"closed","template":"megamillion.php","meta":{"_et_pb_use_builder":"","_et_pb_old_content":"","_et_gb_content_width":"","exclude_from_search":false,"footnotes":""},"class_list":["post-8581","page","type-page","status-publish","hentry"],"yoast_head":"<!-- This site is optimized with the Yoast SEO plugin v23.8 - https:\/\/yoast.com\/wordpress\/plugins\/seo\/ -->\n<title>Mega Millions-lotterikuponer - Spil Mega Millions online - Lottomat<\/title>\n<meta name=\"description\" content=\"Spil Mega Millions online-lotteri p\u00e5 Lottomat og vind en formue! K\u00f8b Mega Millions-kuponer online i dag \u2013 v\u00e6r med i sjovet! Ram jackpotten nu!\" \/>\n<meta name=\"robots\" content=\"index, follow, max-snippet:-1, max-image-preview:large, max-video-preview:-1\" \/>\n<link rel=\"canonical\" href=\"https:\/\/lottomat.com\/da\/spil\/mega-millions\/\" \/>\n<meta property=\"og:locale\" content=\"da_DK\" \/>\n<meta property=\"og:type\" content=\"article\" \/>\n<meta property=\"og:title\" content=\"Mega Millions-lotterikuponer - Spil Mega Millions online - Lottomat\" \/>\n<meta property=\"og:description\" content=\"Spil Mega Millions online-lotteri p\u00e5 Lottomat og vind en formue! K\u00f8b Mega Millions-kuponer online i dag \u2013 v\u00e6r med i sjovet! Ram jackpotten nu!\" \/>\n<meta property=\"og:url\" content=\"https:\/\/lottomat.com\/da\/spil\/mega-millions\/\" \/>\n<meta property=\"og:site_name\" content=\"Lottomat\" \/>\n<meta property=\"article:modified_time\" content=\"2026-02-12T12:00:00+00:00\" \/>\n<meta property=\"og:image\" content=\"https:\/\/lottomat.com\/wp-content\/uploads\/2025\/10\/play-Mega-Millions.webp\" \/>\n<meta name=\"twitter:card\" content=\"summary_large_image\" \/>\n<meta name=\"twitter:label1\" content=\"Estimeret l\u00e6setid\" \/>\n\t<meta name=\"twitter:data1\" content=\"6 minutter\" \/>\n<script type=\"application\/ld+json\" class=\"yoast-schema-graph\">{\"@context\":\"https:\/\/schema.org\",\"@graph\":[{\"@type\":\"WebPage\",\"@id\":\"https:\/\/lottomat.com\/da\/spil\/mega-millions\/\",\"url\":\"https:\/\/lottomat.com\/da\/spil\/mega-millions\/\",\"name\":\"Mega Millions-lotterikuponer - Spil Mega Millions online - Lottomat\",\"isPartOf\":{\"@id\":\"https:\/\/lottomat.com\/da\/#website\"},\"primaryImageOfPage\":{\"@id\":\"https:\/\/lottomat.com\/da\/spil\/mega-millions\/#primaryimage\"},\"image\":{\"@id\":\"https:\/\/lottomat.com\/da\/spil\/mega-millions\/#primaryimage\"},\"thumbnailUrl\":\"https:\/\/lottomat.com\/wp-content\/uploads\/2025\/10\/play-Mega-Millions.webp\",\"datePublished\":\"2025-03-26T07:54:05+00:00\",\"dateModified\":\"2026-02-12T12:00:00+00:00\",\"description\":\"Spil Mega Millions online-lotteri p\u00e5 Lottomat og vind en formue! K\u00f8b Mega Millions-kuponer online i dag \u2013 v\u00e6r med i sjovet! Ram jackpotten nu!\",\"breadcrumb\":{\"@id\":\"https:\/\/lottomat.com\/da\/spil\/mega-millions\/#breadcrumb\"},\"inLanguage\":\"da-DK\",\"potentialAction\":[{\"@type\":\"ReadAction\",\"target\":[\"https:\/\/lottomat.com\/da\/spil\/mega-millions\/\"]}]},{\"@type\":\"ImageObject\",\"inLanguage\":\"da-DK\",\"@id\":\"https:\/\/lottomat.com\/da\/spil\/mega-millions\/#primaryimage\",\"url\":\"https:\/\/lottomat.com\/wp-content\/uploads\/2025\/10\/play-Mega-Millions.webp\",\"contentUrl\":\"https:\/\/lottomat.com\/wp-content\/uploads\/2025\/10\/play-Mega-Millions.webp\"},{\"@type\":\"BreadcrumbList\",\"@id\":\"https:\/\/lottomat.com\/da\/spil\/mega-millions\/#breadcrumb\",\"itemListElement\":[{\"@type\":\"ListItem\",\"position\":1,\"name\":\"Home\",\"item\":\"https:\/\/lottomat.com\/da\/\"},{\"@type\":\"ListItem\",\"position\":2,\"name\":\"Spil lotteri\",\"item\":\"https:\/\/lottomat.com\/da\/spil\/\"},{\"@type\":\"ListItem\",\"position\":3,\"name\":\"Spil Mega Millions online \u2013 Mega Millions-kuponer\"}]},{\"@type\":\"WebSite\",\"@id\":\"https:\/\/lottomat.com\/da\/#website\",\"url\":\"https:\/\/lottomat.com\/da\/\",\"name\":\"Lottomat\",\"description\":\"\",\"potentialAction\":[{\"@type\":\"SearchAction\",\"target\":{\"@type\":\"EntryPoint\",\"urlTemplate\":\"https:\/\/lottomat.com\/da\/?s={search_term_string}\"},\"query-input\":{\"@type\":\"PropertyValueSpecification\",\"valueRequired\":true,\"valueName\":\"search_term_string\"}}],\"inLanguage\":\"da-DK\"}]}<\/script>\n<!-- \/ Yoast SEO plugin. -->","yoast_head_json":{"title":"Mega Millions-lotterikuponer - Spil Mega Millions online - Lottomat","description":"Spil Mega Millions online-lotteri p\u00e5 Lottomat og vind en formue! K\u00f8b Mega Millions-kuponer online i dag \u2013 v\u00e6r med i sjovet! Ram jackpotten nu!","robots":{"index":"index","follow":"follow","max-snippet":"max-snippet:-1","max-image-preview":"max-image-preview:large","max-video-preview":"max-video-preview:-1"},"canonical":"https:\/\/lottomat.com\/da\/spil\/mega-millions\/","og_locale":"da_DK","og_type":"article","og_title":"Mega Millions-lotterikuponer - Spil Mega Millions online - Lottomat","og_description":"Spil Mega Millions online-lotteri p\u00e5 Lottomat og vind en formue! K\u00f8b Mega Millions-kuponer online i dag \u2013 v\u00e6r med i sjovet! Ram jackpotten nu!","og_url":"https:\/\/lottomat.com\/da\/spil\/mega-millions\/","og_site_name":"Lottomat","article_modified_time":"2026-02-12T12:00:00+00:00","og_image":[{"url":"https:\/\/lottomat.com\/wp-content\/uploads\/2025\/10\/play-Mega-Millions.webp"}],"twitter_card":"summary_large_image","twitter_misc":{"Estimeret l\u00e6setid":"6 minutter"},"schema":{"@context":"https:\/\/schema.org","@graph":[{"@type":"WebPage","@id":"https:\/\/lottomat.com\/da\/spil\/mega-millions\/","url":"https:\/\/lottomat.com\/da\/spil\/mega-millions\/","name":"Mega Millions-lotterikuponer - Spil Mega Millions online - Lottomat","isPartOf":{"@id":"https:\/\/lottomat.com\/da\/#website"},"primaryImageOfPage":{"@id":"https:\/\/lottomat.com\/da\/spil\/mega-millions\/#primaryimage"},"image":{"@id":"https:\/\/lottomat.com\/da\/spil\/mega-millions\/#primaryimage"},"thumbnailUrl":"https:\/\/lottomat.com\/wp-content\/uploads\/2025\/10\/play-Mega-Millions.webp","datePublished":"2025-03-26T07:54:05+00:00","dateModified":"2026-02-12T12:00:00+00:00","description":"Spil Mega Millions online-lotteri p\u00e5 Lottomat og vind en formue! K\u00f8b Mega Millions-kuponer online i dag \u2013 v\u00e6r med i sjovet! Ram jackpotten nu!","breadcrumb":{"@id":"https:\/\/lottomat.com\/da\/spil\/mega-millions\/#breadcrumb"},"inLanguage":"da-DK","potentialAction":[{"@type":"ReadAction","target":["https:\/\/lottomat.com\/da\/spil\/mega-millions\/"]}]},{"@type":"ImageObject","inLanguage":"da-DK","@id":"https:\/\/lottomat.com\/da\/spil\/mega-millions\/#primaryimage","url":"https:\/\/lottomat.com\/wp-content\/uploads\/2025\/10\/play-Mega-Millions.webp","contentUrl":"https:\/\/lottomat.com\/wp-content\/uploads\/2025\/10\/play-Mega-Millions.webp"},{"@type":"BreadcrumbList","@id":"https:\/\/lottomat.com\/da\/spil\/mega-millions\/#breadcrumb","itemListElement":[{"@type":"ListItem","position":1,"name":"Home","item":"https:\/\/lottomat.com\/da\/"},{"@type":"ListItem","position":2,"name":"Spil lotteri","item":"https:\/\/lottomat.com\/da\/spil\/"},{"@type":"ListItem","position":3,"name":"Spil Mega Millions online \u2013 Mega Millions-kuponer"}]},{"@type":"WebSite","@id":"https:\/\/lottomat.com\/da\/#website","url":"https:\/\/lottomat.com\/da\/","name":"Lottomat","description":"","potentialAction":[{"@type":"SearchAction","target":{"@type":"EntryPoint","urlTemplate":"https:\/\/lottomat.com\/da\/?s={search_term_string}"},"query-input":{"@type":"PropertyValueSpecification","valueRequired":true,"valueName":"search_term_string"}}],"inLanguage":"da-DK"}]}},"_links":{"self":[{"href":"https:\/\/lottomat.com\/da\/wp-json\/wp\/v2\/pages\/8581","targetHints":{"allow":["GET"]}}],"collection":[{"href":"https:\/\/lottomat.com\/da\/wp-json\/wp\/v2\/pages"}],"about":[{"href":"https:\/\/lottomat.com\/da\/wp-json\/wp\/v2\/types\/page"}],"author":[{"embeddable":true,"href":"https:\/\/lottomat.com\/da\/wp-json\/wp\/v2\/users\/1"}],"replies":[{"embeddable":true,"href":"https:\/\/lottomat.com\/da\/wp-json\/wp\/v2\/comments?post=8581"}],"version-history":[{"count":3,"href":"https:\/\/lottomat.com\/da\/wp-json\/wp\/v2\/pages\/8581\/revisions"}],"predecessor-version":[{"id":270918,"href":"https:\/\/lottomat.com\/da\/wp-json\/wp\/v2\/pages\/8581\/revisions\/270918"}],"up":[{"embeddable":true,"href":"https:\/\/lottomat.com\/da\/wp-json\/wp\/v2\/pages\/6765"}],"wp:attachment":[{"href":"https:\/\/lottomat.com\/da\/wp-json\/wp\/v2\/media?parent=8581"}],"curies":[{"name":"wp","href":"https:\/\/api.w.org\/{rel}","templated":true}]}}