{"id":8431,"date":"2025-03-26T09:57:55","date_gmt":"2025-03-26T09:57:55","guid":{"rendered":"https:\/\/lottomat.net\/spil-lotteri\/spil-set-for-life-online\/"},"modified":"2026-03-18T22:26:59","modified_gmt":"2026-03-18T22:26:59","slug":"set-for-life","status":"publish","type":"page","link":"https:\/\/lottomat.com\/da\/spil\/set-for-life\/","title":{"rendered":"Spil Set for Life online \u2013 Set For Life UK billetter"},"content":{"rendered":"\n\n<div class=\"kk-star-ratings kksr-auto kksr-align-left kksr-valign-top\"\n    data-payload='{&quot;align&quot;:&quot;left&quot;,&quot;id&quot;:&quot;8431&quot;,&quot;slug&quot;:&quot;default&quot;,&quot;valign&quot;:&quot;top&quot;,&quot;ignore&quot;:&quot;&quot;,&quot;reference&quot;:&quot;auto&quot;,&quot;class&quot;:&quot;&quot;,&quot;count&quot;:&quot;0&quot;,&quot;legendonly&quot;:&quot;&quot;,&quot;readonly&quot;:&quot;&quot;,&quot;score&quot;:&quot;0&quot;,&quot;starsonly&quot;:&quot;&quot;,&quot;best&quot;:&quot;5&quot;,&quot;gap&quot;:&quot;5&quot;,&quot;greet&quot;:&quot;Rate this page&quot;,&quot;legend&quot;:&quot;0\\\/5 - (0 votes)&quot;,&quot;size&quot;:&quot;30&quot;,&quot;title&quot;:&quot;Spil Set for Life online \u2013 Set For Life UK billetter&quot;,&quot;width&quot;:&quot;0&quot;,&quot;_legend&quot;:&quot;{score}\\\/{best} - ({count} {votes})&quot;,&quot;font_factor&quot;:&quot;1.25&quot;}'>\n            \n<div class=\"kksr-stars\">\n    \n<div class=\"kksr-stars-inactive\">\n            <div class=\"kksr-star\" data-star=\"1\" style=\"padding-right: 5px\">\n            \n\n<div class=\"kksr-icon\" style=\"width: 30px; height: 30px;\"><\/div>\n        <\/div>\n            <div class=\"kksr-star\" data-star=\"2\" style=\"padding-right: 5px\">\n            \n\n<div class=\"kksr-icon\" style=\"width: 30px; height: 30px;\"><\/div>\n        <\/div>\n            <div class=\"kksr-star\" data-star=\"3\" style=\"padding-right: 5px\">\n            \n\n<div class=\"kksr-icon\" style=\"width: 30px; height: 30px;\"><\/div>\n        <\/div>\n            <div class=\"kksr-star\" data-star=\"4\" style=\"padding-right: 5px\">\n            \n\n<div class=\"kksr-icon\" style=\"width: 30px; height: 30px;\"><\/div>\n        <\/div>\n            <div class=\"kksr-star\" data-star=\"5\" style=\"padding-right: 5px\">\n            \n\n<div class=\"kksr-icon\" style=\"width: 30px; height: 30px;\"><\/div>\n        <\/div>\n    <\/div>\n    \n<div class=\"kksr-stars-active\" style=\"width: 0px;\">\n            <div class=\"kksr-star\" style=\"padding-right: 5px\">\n            \n\n<div class=\"kksr-icon\" style=\"width: 30px; height: 30px;\"><\/div>\n        <\/div>\n            <div class=\"kksr-star\" style=\"padding-right: 5px\">\n            \n\n<div class=\"kksr-icon\" style=\"width: 30px; height: 30px;\"><\/div>\n        <\/div>\n            <div class=\"kksr-star\" style=\"padding-right: 5px\">\n            \n\n<div class=\"kksr-icon\" style=\"width: 30px; height: 30px;\"><\/div>\n        <\/div>\n            <div class=\"kksr-star\" style=\"padding-right: 5px\">\n            \n\n<div class=\"kksr-icon\" style=\"width: 30px; height: 30px;\"><\/div>\n        <\/div>\n            <div class=\"kksr-star\" style=\"padding-right: 5px\">\n            \n\n<div class=\"kksr-icon\" style=\"width: 30px; height: 30px;\"><\/div>\n        <\/div>\n    <\/div>\n<\/div>\n                \n\n<div class=\"kksr-legend\" style=\"font-size: 24px;\">\n            <span class=\"kksr-muted\">Rate this page<\/span>\n    <\/div>\n    <\/div>\n<h2>Hvad er Set For Life UK?<\/h2>\n<p>Set For Life UK er et s\u00e6rligt lotterispil drevet af National Lottery, lanceret i marts 2019. I mods\u00e6tning til traditionelle lotterier, der tilbyder engangsudbetalinger, giver Set For Life garanterede m\u00e5nedlige udbetalinger over en l\u00e6ngere periode. Du kan spille Set For Life b\u00e5de online og offline.<img loading=\"lazy\" decoding=\"async\" class=\"alignright wp-image-265638\" src=\"https:\/\/lottomat.com\/wp-content\/uploads\/2026\/01\/buy-Set-For-Life-ticket.webp\" alt=\"k\u00f8b Set For Life billet\" width=\"200\" height=\"200\" srcset=\"https:\/\/lottomat.com\/wp-content\/uploads\/2026\/01\/buy-Set-For-Life-ticket.webp 400w, https:\/\/lottomat.com\/wp-content\/uploads\/2026\/01\/buy-Set-For-Life-ticket-300x300.webp 300w, https:\/\/lottomat.com\/wp-content\/uploads\/2026\/01\/buy-Set-For-Life-ticket-150x150.webp 150w, https:\/\/lottomat.com\/wp-content\/uploads\/2026\/01\/buy-Set-For-Life-ticket-100x100.webp 100w\" sizes=\"auto, (max-width: 200px) 100vw, 200px\" \/><\/p>\n<p>Spillere v\u00e6lger <strong>fem hovedtal fra 1 til 47<\/strong> samt <strong>\u00e9t Life Ball-tal fra 1 til 10<\/strong>. Tr\u00e6kninger finder sted to gange om ugen, mandag og torsdag aften omkring kl. 20:00. Hovedgevinsten giver <strong>\u00a310.000 hver m\u00e5ned i 30 \u00e5r<\/strong> \u2013 i alt \u00a33,6 millioner. Andenpr\u00e6mien tilbyder \u00a310.000 om m\u00e5neden i \u00e9t \u00e5r.<\/p>\n<p>Hovedgevinsten ruller ikke videre, hvis den ikke bliver vundet; den forbliver fast p\u00e5 \u00a310.000 om m\u00e5neden i 30 \u00e5r. Hvis flere spillere vinder jackpotten, modtager hver vinder individuelt den fulde m\u00e5nedlige betaling p\u00e5 \u00a310.000 \u2013 pr\u00e6mien deles ikke. Den samlede chance for at vinde en pr\u00e6mie er <strong>1 i 12,4<\/strong>. Samtidig er chancen for at vinde hovedgevinsten <strong>1 i 15.339.390<\/strong>.<\/p>\n<h2>Hvordan k\u00f8ber man Set For Life UK billetter?<\/h2>\n<p>For spillere i Storbritannien er det nemt at k\u00f8be Set For Life billetter hos cirka 45.000 autoriserede National Lottery-forhandlere. Hver linje koster <strong>\u00a31,50<\/strong>, og du kan spille op til syv linjer pr. spillekupon. Du kan v\u00e6lge dine egne tal eller v\u00e6lge Lucky Dip for tilf\u00e6ldige tal. Desuden skal billetter k\u00f8bes f\u00f8r kl. 19:30 p\u00e5 tr\u00e6kningsdage (mandag og torsdag). Du kan k\u00f8be billetter op til fire uger i forvejen.<\/p>\n<h2>Hvordan k\u00f8ber man Set For Life UK billetter online?<\/h2>\n<p>Internationale spillere og personer uden for Storbritannien kan deltage gennem licenserede lotterikur\u00e9rtjenester som <strong>Lottomat<\/strong>. Disse platforme bruger lokale agenter i Storbritannien, der fysisk bes\u00f8ger autoriserede forhandlere for at <a href=\"https:\/\/lottomat.com\/da\/spil\/\">k\u00f8be officielle lotteribilletter<\/a> p\u00e5 dine vegne.<\/p>\n<p><img loading=\"lazy\" decoding=\"async\" class=\"alignleft wp-image-265669\" src=\"https:\/\/lottomat.com\/wp-content\/uploads\/2026\/01\/play-Set-For-Life.webp\" alt=\"spil Set For Life\" width=\"200\" height=\"200\" srcset=\"https:\/\/lottomat.com\/wp-content\/uploads\/2026\/01\/play-Set-For-Life.webp 400w, https:\/\/lottomat.com\/wp-content\/uploads\/2026\/01\/play-Set-For-Life-300x300.webp 300w, https:\/\/lottomat.com\/wp-content\/uploads\/2026\/01\/play-Set-For-Life-150x150.webp 150w, https:\/\/lottomat.com\/wp-content\/uploads\/2026\/01\/play-Set-For-Life-100x100.webp 100w\" sizes=\"auto, (max-width: 200px) 100vw, 200px\" \/>N\u00e5r du afgiver en ordre gennem Lottomat, v\u00e6lger du dine fem hovedtal (1\u201347) og \u00e9t Life Ball (1\u201310), eller du v\u00e6lger Quick Pick. Efter en sikker betaling k\u00f8ber Lottomats agenter dine officielle billetter f\u00f8r tr\u00e6kningsfristen. Derefter scannes hver billet digitalt og uploades til din sikre konto, hvilket giver verificerbart bevis. De fysiske billetter opbevares sikkert og er beskyttet mod tab eller skade.<\/p>\n<p>Denne online adgang g\u00f8r det muligt for spillere fra Europa, Asien, Australien og andre steder at konkurrere om de samme livs\u00e6ndrende m\u00e5nedlige udbetalinger som beboere i Storbritannien.<\/p>\n<h2>Hvad koster en Set For Life UK billet?<\/h2>\n<p>Officielle Set For Life billetter koster \u00a31,50 pr. linje hos forhandlere i Storbritannien. N\u00e5r du spiller via <a href=\"https:\/\/lottomat.com\/da\/\">Lottomat-platformen<\/a>, inkluderer prisen den officielle billetpris plus servicegebyrer. Du skal blot <strong>tilf\u00f8je det antal linjer, du \u00f8nsker, til din kurv<\/strong>, og Lottomats bestillingsformular vil vise det samlede bel\u00f8b f\u00f8r k\u00f8b. Denne gennemsigtige pris inkluderer billetprisen, servicegebyrer, scanningstjenester, automatisk resultatkontrol og hj\u00e6lp til pr\u00e6mieudbetaling.<\/p>\n<h2>Hvordan spiller man Set For Life UK online?<\/h2>\n<p>Det er enkelt at spille via Lottomat. F\u00f8rst opretter du en konto med grundl\u00e6ggende oplysninger og aldersbekr\u00e6ftelse. Derefter g\u00e5r du til Set For Life UK-sektionen og v\u00e6lger dine fem hovedtal (1\u201347) og \u00e9t Life Ball (1\u201310), eller bruger Quick Pick til tilf\u00e6ldig udv\u00e6lgelse. Derefter angiver du, hvilke tr\u00e6kninger du vil deltage i \u2013 mandag, torsdag eller begge \u2013 og hvor mange uger i tr\u00e6k du vil spille.<\/p>\n<p>Efter bekr\u00e6ftelse af betaling k\u00f8ber Lottomats agenter dine officielle billetter f\u00f8r fristen. Derefter uploades de scannede billetter til din konto inden for f\u00e5 timer, hvilket giver digital dokumentation. Efter hver tr\u00e6kning kontrollerer Lottomat automatisk billetterne og informerer dig om eventuelle gevinster. Mindre gevinster krediteres din konto, mens st\u00f8rre gevinster f\u00e5r hj\u00e6lp til indl\u00f8sning.<\/p>\n<h2>Kan jeg k\u00f8be flere Set For Life UK billetter online?<\/h2>\n<p>Ja, Lottomat tillader k\u00f8b af <strong>op til 20 linjer i \u00e9n enkelt ordre<\/strong>. Dette passer til forskellige spillestile \u2013 afslappede spillere kan k\u00f8be en eller to linjer, mens mere seri\u00f8se spillere kan udnytte gr\u00e6nsen p\u00e5 20 linjer for 20 vinderchancer. Derudover g\u00f8r multi-linje-muligheden det muligt at teste forskellige strategier samtidig og er fordelagtig for lotterigrupper eller syndikater. At k\u00f8be flere linjer i \u00e9n ordre er mere effektivt med en samlet<img loading=\"lazy\" decoding=\"async\" class=\"alignright wp-image-265700\" src=\"https:\/\/lottomat.com\/wp-content\/uploads\/2026\/01\/Set-For-Life-online.webp\" alt=\"Set For Life online\" width=\"200\" height=\"200\" srcset=\"https:\/\/lottomat.com\/wp-content\/uploads\/2026\/01\/Set-For-Life-online.webp 400w, https:\/\/lottomat.com\/wp-content\/uploads\/2026\/01\/Set-For-Life-online-300x300.webp 300w, https:\/\/lottomat.com\/wp-content\/uploads\/2026\/01\/Set-For-Life-online-150x150.webp 150w, https:\/\/lottomat.com\/wp-content\/uploads\/2026\/01\/Set-For-Life-online-100x100.webp 100w\" sizes=\"auto, (max-width: 200px) 100vw, 200px\" \/> bekr\u00e6ftelse og alle billetter organiseret sammen.<\/p>\n<h2>Kan jeg k\u00f8be Set For Life UK billetter online til flere tr\u00e6kninger?<\/h2>\n<p>Absolut. Lottomat g\u00f8r det muligt at k\u00f8be billetter til <strong>op til otte p\u00e5 hinanden f\u00f8lgende tr\u00e6kninger<\/strong>. Med to tr\u00e6kninger om ugen d\u00e6kker otte p\u00e5 hinanden f\u00f8lgende tr\u00e6kninger fire hele uger. Dette er ideelt til travle tidsplaner eller kontinuerligt spil uden gentagne logins. For eksempel kan du k\u00f8be 20 linjer til otte p\u00e5 hinanden f\u00f8lgende tr\u00e6kninger i \u00e9n transaktion og dermed deltage i 16 tr\u00e6kninger i alt med 20 kombinationer i hver. Derudover fungerer dette forudk\u00f8b som et abonnement uden automatisk fornyelse \u2013 efter otte tr\u00e6kninger beslutter du selv, om du vil k\u00f8be igen.<\/p>\n<h2>Hvordan tjekker man Set For Life UK resultater online?<\/h2>\n<p><a href=\"https:\/\/lottomat.com\/da\/resultater\/\">Kontrol af lotteriresultater<\/a> via Lottomat er enkel med flere tilg\u00e6ngelige metoder. Det automatiske notifikationssystem sammenligner dine billetter med de officielle resultater efter hver tr\u00e6kning og sender e-mailbeskeder ved gevinster. Du kan ogs\u00e5 <a href=\"https:\/\/lottomat.com\/da\/resultater\/set-for-life\/\">tjekke Set For Life UK resultater<\/a> direkte p\u00e5 din Lottomat-konto, hvor billetstatus vises tydeligt. Platformen opretholder en omfattende historik over tr\u00e6kninger til gennemgang af tidligere resultater.<\/p>\n<p>Til realtidsverifikation offentligg\u00f8r National Lottery\u2019s hjemmeside de vindende tal kort efter hver tr\u00e6kning kl. 20:00, og tr\u00e6kningerne sendes live p\u00e5 National Lottery\u2019s hjemmeside og YouTube-kanal.<\/p>\n<h2>Scanner LottoMat Set For Life UK billetter online?<\/h2>\n<p><img loading=\"lazy\" decoding=\"async\" class=\"alignleft wp-image-265730\" src=\"https:\/\/lottomat.com\/wp-content\/uploads\/2026\/01\/Set-For-Life-tickets.webp\" alt=\"Set For Life billetter\" width=\"200\" height=\"200\" srcset=\"https:\/\/lottomat.com\/wp-content\/uploads\/2026\/01\/Set-For-Life-tickets.webp 400w, https:\/\/lottomat.com\/wp-content\/uploads\/2026\/01\/Set-For-Life-tickets-300x300.webp 300w, https:\/\/lottomat.com\/wp-content\/uploads\/2026\/01\/Set-For-Life-tickets-150x150.webp 150w, https:\/\/lottomat.com\/wp-content\/uploads\/2026\/01\/Set-For-Life-tickets-100x100.webp 100w\" sizes=\"auto, (max-width: 200px) 100vw, 200px\" \/>Ja, Lottomat scanner og gemmer digitalt hver officiel Set For Life UK billet. Kort efter at agenterne har k\u00f8bt dine billetter, scannes hver billet digitalt ved hj\u00e6lp af billedteknologi i h\u00f8j kvalitet, der registrerer alle vigtige oplysninger. Disse scanninger uploades til din sikre konto, normalt inden for f\u00e5 timer og altid f\u00f8r tr\u00e6kningen.<\/p>\n<p>Du kan se klare billeder af hver billet, hvilket giver verificerbart bevis. Specifikt giver de scannede billetter \u00f8jeblikkelig bekr\u00e6ftelse p\u00e5, at ordren er behandlet korrekt, fungerer som digital backup og g\u00f8r det muligt at verificere, at tallene er registreret korrekt. Samtidig opbevares de fysiske billetter sikkert og beskyttet mod tab eller skade. Ved pr\u00e6miekrav er b\u00e5de fysiske billetter og digitale scanninger meget v\u00e6rdifulde.<\/p>\n<h2>Hvad er de bedste Set For Life UK online tips?<\/h2>\n<p>At maksimere din Set For Life UK oplevelse indeb\u00e6rer smarte strategier:<\/p>\n<ul class=\"list\">\n<li><strong>Forst\u00e5 oddsene<\/strong>: Oddsene for hovedgevinsten er 1 i 15.339.390, mens de samlede odds for at vinde en pr\u00e6mie er 1 i 12,4. At forst\u00e5 disse odds hj\u00e6lper med at s\u00e6tte realistiske forventninger og planl\u00e6gge et ansvarligt budget.<\/li>\n<li><strong>Spil ansvarligt<\/strong>: Brug aldrig mere, end du har r\u00e5d til at tabe. S\u00e6t klare budgetgr\u00e6nser og betragt lotterispil som underholdning, ikke investering.<\/li>\n<li><strong>Brug forudg\u00e5ende spil<\/strong>: K\u00f8b billetter til op til otte p\u00e5 hinanden f\u00f8lgende tr\u00e6kninger for at sikre, at du aldrig g\u00e5r glip af en tr\u00e6kning. Konsekvent deltagelse betyder, at du altid er med i spillet.<\/li>\n<li><strong>Balanc\u00e9r manuel udv\u00e6lgelse og Quick Pick<\/strong>: Kombin\u00e9r dine egne lykketal med tilf\u00e6ldige Quick Pick-valg for variation i din strategi.<\/li>\n<li><strong>Overvej Life Ball<\/strong>: Trukket fra kun 10 tal (1\u201310), Life Ball er afg\u00f8rende for de to \u00f8verste pr\u00e6mier. Det kan v\u00e6re det samme som et hovedtal.<\/li>\n<li><strong>Udnyt flere linjer<\/strong>: At spille op til 20 linjer pr. tr\u00e6kning \u00f8ger proportionalt dine chancer. At have 20 forskellige kombinationer giver dig 20 muligheder for at matche de vindende tal.<\/li>\n<li><strong><img loading=\"lazy\" decoding=\"async\" class=\"alignright wp-image-265761\" style=\"font-weight: 500;\" src=\"https:\/\/lottomat.com\/wp-content\/uploads\/2026\/01\/Set-For-Life-UK-online.webp\" alt=\"Set For Life UK online\" width=\"200\" height=\"200\" srcset=\"https:\/\/lottomat.com\/wp-content\/uploads\/2026\/01\/Set-For-Life-UK-online.webp 400w, https:\/\/lottomat.com\/wp-content\/uploads\/2026\/01\/Set-For-Life-UK-online-300x300.webp 300w, https:\/\/lottomat.com\/wp-content\/uploads\/2026\/01\/Set-For-Life-UK-online-150x150.webp 150w, https:\/\/lottomat.com\/wp-content\/uploads\/2026\/01\/Set-For-Life-UK-online-100x100.webp 100w\" sizes=\"auto, (max-width: 200px) 100vw, 200px\" \/>Deltag i lotteripuljer<\/strong>: At spille som en del af et syndikat g\u00f8r det muligt at k\u00f8be flere linjer ved at dele omkostningerne, hvilket \u00f8ger gruppens chancer betydeligt, samtidig med at individuelle omkostninger holdes overkommelige.<\/li>\n<li><strong>Kontroll\u00e9r billetter straks<\/strong>: Gennemg\u00e5 scannede billetter, s\u00e5 snart de vises p\u00e5 din konto, for at bekr\u00e6fte, at tallene er registreret korrekt.<\/li>\n<li><strong>Forst\u00e5 annuitetsstrukturen<\/strong>: Jackpotten giver \u00a310.000 pr. m\u00e5ned i 30 \u00e5r (\u00a33,6 millioner i alt), mens andenpr\u00e6mien giver \u00a310.000 pr. m\u00e5ned i \u00e9t \u00e5r. Disse er \u00e6gte annuitetspr\u00e6mier med garanterede udbetalinger.<\/li>\n<li><strong>Hold dig informeret<\/strong>: Tr\u00e6kninger finder sted hver mandag og torsdag kl. 20:00, og salget lukker kl. 19:30. At forst\u00e5 tidsplanen hj\u00e6lper dig med at planl\u00e6gge din deltagelse.<\/li>\n<\/ul>\n<p>Ved at anvende disse strategier, mens du bruger Lottomats platform, optimerer du din Set For Life UK oplevelse. Selvom ingen strategi garanterer succes, \u00f8ger informeret spil forn\u00f8jelsen og hj\u00e6lper dig med at styre dit budget ansvarligt.<\/p>\n<p><strong>Er du klar til at spille Set For Life UK online? Deltag i sjovet nu!<\/strong><\/p>\n","protected":false},"excerpt":{"rendered":"<p>Hvad er Set For Life UK? Set For Life UK er et s\u00e6rligt lotterispil drevet af National Lottery, lanceret i marts 2019. I mods\u00e6tning til traditionelle lotterier, der tilbyder engangsudbetalinger, giver Set For Life garanterede m\u00e5nedlige udbetalinger over en l\u00e6ngere periode. Du kan spille Set For Life b\u00e5de online og offline. Spillere v\u00e6lger fem hovedtal [&hellip;]<\/p>\n","protected":false},"author":1,"featured_media":0,"parent":6765,"menu_order":15,"comment_status":"closed","ping_status":"closed","template":"set-for-life.php","meta":{"_et_pb_use_builder":"","_et_pb_old_content":"","_et_gb_content_width":"","exclude_from_search":false,"footnotes":""},"class_list":["post-8431","page","type-page","status-publish","hentry"],"yoast_head":"<!-- This site is optimized with the Yoast SEO plugin v23.8 - https:\/\/yoast.com\/wordpress\/plugins\/seo\/ -->\n<title>Set for Life online \u2013 K\u00f8b Set For Life UK billetter \u2013 LottoMat<\/title>\n<meta name=\"description\" content=\"Spil Set for Life online i dag og vind i morgen! Her kan du k\u00f8be Set For Life lotteribilletter online og spille om ekstraordin\u00e6re gevinster.\" \/>\n<meta name=\"robots\" content=\"index, follow, max-snippet:-1, max-image-preview:large, max-video-preview:-1\" \/>\n<link rel=\"canonical\" href=\"https:\/\/lottomat.com\/da\/spil\/set-for-life\/\" \/>\n<meta property=\"og:locale\" content=\"da_DK\" \/>\n<meta property=\"og:type\" content=\"article\" \/>\n<meta property=\"og:title\" content=\"Set for Life online \u2013 K\u00f8b Set For Life UK billetter \u2013 LottoMat\" \/>\n<meta property=\"og:description\" content=\"Spil Set for Life online i dag og vind i morgen! Her kan du k\u00f8be Set For Life lotteribilletter online og spille om ekstraordin\u00e6re gevinster.\" \/>\n<meta property=\"og:url\" content=\"https:\/\/lottomat.com\/da\/spil\/set-for-life\/\" \/>\n<meta property=\"og:site_name\" content=\"Lottomat\" \/>\n<meta property=\"article:modified_time\" content=\"2026-03-18T22:26:59+00:00\" \/>\n<meta property=\"og:image\" content=\"https:\/\/lottomat.com\/wp-content\/uploads\/2026\/01\/buy-Set-For-Life-ticket.webp\" \/>\n\t<meta property=\"og:image:width\" content=\"400\" \/>\n\t<meta property=\"og:image:height\" content=\"400\" \/>\n\t<meta property=\"og:image:type\" content=\"image\/webp\" \/>\n<meta name=\"twitter:card\" content=\"summary_large_image\" \/>\n<meta name=\"twitter:label1\" content=\"Estimeret l\u00e6setid\" \/>\n\t<meta name=\"twitter:data1\" content=\"2 minutter\" \/>\n<script type=\"application\/ld+json\" class=\"yoast-schema-graph\">{\"@context\":\"https:\/\/schema.org\",\"@graph\":[{\"@type\":\"WebPage\",\"@id\":\"https:\/\/lottomat.com\/da\/spil\/set-for-life\/\",\"url\":\"https:\/\/lottomat.com\/da\/spil\/set-for-life\/\",\"name\":\"Set for Life online \u2013 K\u00f8b Set For Life UK billetter \u2013 LottoMat\",\"isPartOf\":{\"@id\":\"https:\/\/lottomat.com\/da\/#website\"},\"primaryImageOfPage\":{\"@id\":\"https:\/\/lottomat.com\/da\/spil\/set-for-life\/#primaryimage\"},\"image\":{\"@id\":\"https:\/\/lottomat.com\/da\/spil\/set-for-life\/#primaryimage\"},\"thumbnailUrl\":\"https:\/\/lottomat.com\/wp-content\/uploads\/2026\/01\/buy-Set-For-Life-ticket.webp\",\"datePublished\":\"2025-03-26T09:57:55+00:00\",\"dateModified\":\"2026-03-18T22:26:59+00:00\",\"description\":\"Spil Set for Life online i dag og vind i morgen! Her kan du k\u00f8be Set For Life lotteribilletter online og spille om ekstraordin\u00e6re gevinster.\",\"breadcrumb\":{\"@id\":\"https:\/\/lottomat.com\/da\/spil\/set-for-life\/#breadcrumb\"},\"inLanguage\":\"da-DK\",\"potentialAction\":[{\"@type\":\"ReadAction\",\"target\":[\"https:\/\/lottomat.com\/da\/spil\/set-for-life\/\"]}]},{\"@type\":\"ImageObject\",\"inLanguage\":\"da-DK\",\"@id\":\"https:\/\/lottomat.com\/da\/spil\/set-for-life\/#primaryimage\",\"url\":\"https:\/\/lottomat.com\/wp-content\/uploads\/2026\/01\/buy-Set-For-Life-ticket.webp\",\"contentUrl\":\"https:\/\/lottomat.com\/wp-content\/uploads\/2026\/01\/buy-Set-For-Life-ticket.webp\"},{\"@type\":\"BreadcrumbList\",\"@id\":\"https:\/\/lottomat.com\/da\/spil\/set-for-life\/#breadcrumb\",\"itemListElement\":[{\"@type\":\"ListItem\",\"position\":1,\"name\":\"Home\",\"item\":\"https:\/\/lottomat.com\/da\/\"},{\"@type\":\"ListItem\",\"position\":2,\"name\":\"Spil lotteri\",\"item\":\"https:\/\/lottomat.com\/da\/spil\/\"},{\"@type\":\"ListItem\",\"position\":3,\"name\":\"Spil Set for Life online \u2013 Set For Life UK billetter\"}]},{\"@type\":\"WebSite\",\"@id\":\"https:\/\/lottomat.com\/da\/#website\",\"url\":\"https:\/\/lottomat.com\/da\/\",\"name\":\"Lottomat\",\"description\":\"\",\"potentialAction\":[{\"@type\":\"SearchAction\",\"target\":{\"@type\":\"EntryPoint\",\"urlTemplate\":\"https:\/\/lottomat.com\/da\/?s={search_term_string}\"},\"query-input\":{\"@type\":\"PropertyValueSpecification\",\"valueRequired\":true,\"valueName\":\"search_term_string\"}}],\"inLanguage\":\"da-DK\"}]}<\/script>\n<!-- \/ Yoast SEO plugin. -->","yoast_head_json":{"title":"Set for Life online \u2013 K\u00f8b Set For Life UK billetter \u2013 LottoMat","description":"Spil Set for Life online i dag og vind i morgen! Her kan du k\u00f8be Set For Life lotteribilletter online og spille om ekstraordin\u00e6re gevinster.","robots":{"index":"index","follow":"follow","max-snippet":"max-snippet:-1","max-image-preview":"max-image-preview:large","max-video-preview":"max-video-preview:-1"},"canonical":"https:\/\/lottomat.com\/da\/spil\/set-for-life\/","og_locale":"da_DK","og_type":"article","og_title":"Set for Life online \u2013 K\u00f8b Set For Life UK billetter \u2013 LottoMat","og_description":"Spil Set for Life online i dag og vind i morgen! Her kan du k\u00f8be Set For Life lotteribilletter online og spille om ekstraordin\u00e6re gevinster.","og_url":"https:\/\/lottomat.com\/da\/spil\/set-for-life\/","og_site_name":"Lottomat","article_modified_time":"2026-03-18T22:26:59+00:00","og_image":[{"width":400,"height":400,"url":"https:\/\/lottomat.com\/wp-content\/uploads\/2026\/01\/buy-Set-For-Life-ticket.webp","type":"image\/webp"}],"twitter_card":"summary_large_image","twitter_misc":{"Estimeret l\u00e6setid":"2 minutter"},"schema":{"@context":"https:\/\/schema.org","@graph":[{"@type":"WebPage","@id":"https:\/\/lottomat.com\/da\/spil\/set-for-life\/","url":"https:\/\/lottomat.com\/da\/spil\/set-for-life\/","name":"Set for Life online \u2013 K\u00f8b Set For Life UK billetter \u2013 LottoMat","isPartOf":{"@id":"https:\/\/lottomat.com\/da\/#website"},"primaryImageOfPage":{"@id":"https:\/\/lottomat.com\/da\/spil\/set-for-life\/#primaryimage"},"image":{"@id":"https:\/\/lottomat.com\/da\/spil\/set-for-life\/#primaryimage"},"thumbnailUrl":"https:\/\/lottomat.com\/wp-content\/uploads\/2026\/01\/buy-Set-For-Life-ticket.webp","datePublished":"2025-03-26T09:57:55+00:00","dateModified":"2026-03-18T22:26:59+00:00","description":"Spil Set for Life online i dag og vind i morgen! Her kan du k\u00f8be Set For Life lotteribilletter online og spille om ekstraordin\u00e6re gevinster.","breadcrumb":{"@id":"https:\/\/lottomat.com\/da\/spil\/set-for-life\/#breadcrumb"},"inLanguage":"da-DK","potentialAction":[{"@type":"ReadAction","target":["https:\/\/lottomat.com\/da\/spil\/set-for-life\/"]}]},{"@type":"ImageObject","inLanguage":"da-DK","@id":"https:\/\/lottomat.com\/da\/spil\/set-for-life\/#primaryimage","url":"https:\/\/lottomat.com\/wp-content\/uploads\/2026\/01\/buy-Set-For-Life-ticket.webp","contentUrl":"https:\/\/lottomat.com\/wp-content\/uploads\/2026\/01\/buy-Set-For-Life-ticket.webp"},{"@type":"BreadcrumbList","@id":"https:\/\/lottomat.com\/da\/spil\/set-for-life\/#breadcrumb","itemListElement":[{"@type":"ListItem","position":1,"name":"Home","item":"https:\/\/lottomat.com\/da\/"},{"@type":"ListItem","position":2,"name":"Spil lotteri","item":"https:\/\/lottomat.com\/da\/spil\/"},{"@type":"ListItem","position":3,"name":"Spil Set for Life online \u2013 Set For Life UK billetter"}]},{"@type":"WebSite","@id":"https:\/\/lottomat.com\/da\/#website","url":"https:\/\/lottomat.com\/da\/","name":"Lottomat","description":"","potentialAction":[{"@type":"SearchAction","target":{"@type":"EntryPoint","urlTemplate":"https:\/\/lottomat.com\/da\/?s={search_term_string}"},"query-input":{"@type":"PropertyValueSpecification","valueRequired":true,"valueName":"search_term_string"}}],"inLanguage":"da-DK"}]}},"_links":{"self":[{"href":"https:\/\/lottomat.com\/da\/wp-json\/wp\/v2\/pages\/8431","targetHints":{"allow":["GET"]}}],"collection":[{"href":"https:\/\/lottomat.com\/da\/wp-json\/wp\/v2\/pages"}],"about":[{"href":"https:\/\/lottomat.com\/da\/wp-json\/wp\/v2\/types\/page"}],"author":[{"embeddable":true,"href":"https:\/\/lottomat.com\/da\/wp-json\/wp\/v2\/users\/1"}],"replies":[{"embeddable":true,"href":"https:\/\/lottomat.com\/da\/wp-json\/wp\/v2\/comments?post=8431"}],"version-history":[{"count":1,"href":"https:\/\/lottomat.com\/da\/wp-json\/wp\/v2\/pages\/8431\/revisions"}],"predecessor-version":[{"id":274096,"href":"https:\/\/lottomat.com\/da\/wp-json\/wp\/v2\/pages\/8431\/revisions\/274096"}],"up":[{"embeddable":true,"href":"https:\/\/lottomat.com\/da\/wp-json\/wp\/v2\/pages\/6765"}],"wp:attachment":[{"href":"https:\/\/lottomat.com\/da\/wp-json\/wp\/v2\/media?parent=8431"}],"curies":[{"name":"wp","href":"https:\/\/api.w.org\/{rel}","templated":true}]}}