{"id":8381,"date":"2025-03-26T07:52:23","date_gmt":"2025-03-26T07:52:23","guid":{"rendered":"https:\/\/lottomat.net\/spil-lotteri\/spil-powerball-online\/"},"modified":"2026-02-12T12:21:02","modified_gmt":"2026-02-12T12:21:02","slug":"spil-powerball","status":"publish","type":"page","link":"https:\/\/lottomat.com\/da\/spil\/spil-powerball\/","title":{"rendered":"Spil Powerball Online &#8211; Powerball Billetter"},"content":{"rendered":"\n\n<div class=\"kk-star-ratings kksr-auto kksr-align-left kksr-valign-top\"\n    data-payload='{&quot;align&quot;:&quot;left&quot;,&quot;id&quot;:&quot;8381&quot;,&quot;slug&quot;:&quot;default&quot;,&quot;valign&quot;:&quot;top&quot;,&quot;ignore&quot;:&quot;&quot;,&quot;reference&quot;:&quot;auto&quot;,&quot;class&quot;:&quot;&quot;,&quot;count&quot;:&quot;0&quot;,&quot;legendonly&quot;:&quot;&quot;,&quot;readonly&quot;:&quot;&quot;,&quot;score&quot;:&quot;0&quot;,&quot;starsonly&quot;:&quot;&quot;,&quot;best&quot;:&quot;5&quot;,&quot;gap&quot;:&quot;5&quot;,&quot;greet&quot;:&quot;Rate this page&quot;,&quot;legend&quot;:&quot;0\\\/5 - (0 votes)&quot;,&quot;size&quot;:&quot;30&quot;,&quot;title&quot;:&quot;Spil Powerball Online - Powerball Billetter&quot;,&quot;width&quot;:&quot;0&quot;,&quot;_legend&quot;:&quot;{score}\\\/{best} - ({count} {votes})&quot;,&quot;font_factor&quot;:&quot;1.25&quot;}'>\n            \n<div class=\"kksr-stars\">\n    \n<div class=\"kksr-stars-inactive\">\n            <div class=\"kksr-star\" data-star=\"1\" style=\"padding-right: 5px\">\n            \n\n<div class=\"kksr-icon\" style=\"width: 30px; height: 30px;\"><\/div>\n        <\/div>\n            <div class=\"kksr-star\" data-star=\"2\" style=\"padding-right: 5px\">\n            \n\n<div class=\"kksr-icon\" style=\"width: 30px; height: 30px;\"><\/div>\n        <\/div>\n            <div class=\"kksr-star\" data-star=\"3\" style=\"padding-right: 5px\">\n            \n\n<div class=\"kksr-icon\" style=\"width: 30px; height: 30px;\"><\/div>\n        <\/div>\n            <div class=\"kksr-star\" data-star=\"4\" style=\"padding-right: 5px\">\n            \n\n<div class=\"kksr-icon\" style=\"width: 30px; height: 30px;\"><\/div>\n        <\/div>\n            <div class=\"kksr-star\" data-star=\"5\" style=\"padding-right: 5px\">\n            \n\n<div class=\"kksr-icon\" style=\"width: 30px; height: 30px;\"><\/div>\n        <\/div>\n    <\/div>\n    \n<div class=\"kksr-stars-active\" style=\"width: 0px;\">\n            <div class=\"kksr-star\" style=\"padding-right: 5px\">\n            \n\n<div class=\"kksr-icon\" style=\"width: 30px; height: 30px;\"><\/div>\n        <\/div>\n            <div class=\"kksr-star\" style=\"padding-right: 5px\">\n            \n\n<div class=\"kksr-icon\" style=\"width: 30px; height: 30px;\"><\/div>\n        <\/div>\n            <div class=\"kksr-star\" style=\"padding-right: 5px\">\n            \n\n<div class=\"kksr-icon\" style=\"width: 30px; height: 30px;\"><\/div>\n        <\/div>\n            <div class=\"kksr-star\" style=\"padding-right: 5px\">\n            \n\n<div class=\"kksr-icon\" style=\"width: 30px; height: 30px;\"><\/div>\n        <\/div>\n            <div class=\"kksr-star\" style=\"padding-right: 5px\">\n            \n\n<div class=\"kksr-icon\" style=\"width: 30px; height: 30px;\"><\/div>\n        <\/div>\n    <\/div>\n<\/div>\n                \n\n<div class=\"kksr-legend\" style=\"font-size: 24px;\">\n            <span class=\"kksr-muted\">Rate this page<\/span>\n    <\/div>\n    <\/div>\n<h2><img loading=\"lazy\" decoding=\"async\" class=\"alignleft wp-image-252142\" src=\"https:\/\/lottomat.com\/wp-content\/uploads\/2025\/10\/play-Powerball-150x150.webp\" alt=\"spil Powerball\" width=\"200\" height=\"200\" srcset=\"https:\/\/lottomat.com\/wp-content\/uploads\/2025\/10\/play-Powerball-150x150.webp 150w, https:\/\/lottomat.com\/wp-content\/uploads\/2025\/10\/play-Powerball-300x300.webp 300w, https:\/\/lottomat.com\/wp-content\/uploads\/2025\/10\/play-Powerball-100x100.webp 100w, https:\/\/lottomat.com\/wp-content\/uploads\/2025\/10\/play-Powerball.webp 400w\" sizes=\"auto, (max-width: 200px) 100vw, 200px\" \/>Hvad er Powerball-lotteriet?<\/h2>\n<p>Lad os begynde med reglerne for dette ber\u00f8mte lotteri, som er meget enkle, og du vil uden tvivl hurtigt l\u00e6re, hvordan du spiller Powerball online. Spillet g\u00e5r ud p\u00e5 at v\u00e6lge fem tal fra 1 til 69 samt \u00e9t ekstra tal, kaldet Power Ball, fra 1 til 26. Hvis alle de vindende tal rammes, vinder spilleren den garanterede hovedgevinst, men husk, at der findes <strong>9 gevinstniveauer<\/strong>. En pr\u00e6mie vindes ogs\u00e5 af en spiller, som kun rammer det ekstra Power Ball-tal, alts\u00e5 bonustallet. I Powerball-lotteriet online findes der ogs\u00e5 en interessant mulighed for spillere. Den kaldes <strong>Power Play<\/strong> og er en ekstra funktion, der giver mulighed for at gange gevinsterne uden for hovedpr\u00e6mien. Den er dog kun tilg\u00e6ngelig i USA, n\u00e5r en billet k\u00f8bes personligt p\u00e5 et Powerball-udsalgssted. En spiller, der rammer alle hovedtallene, men ikke det korrekte Powerball-bonustal, modtager den garanterede pr\u00e6mie p\u00e5 <strong>1.000.000 dollars<\/strong>. Med andre ord vinder man \u00e9n million dollars ved at ramme 5 hovedtal. Klik og l\u00e6s <a href=\"https:\/\/lottomat.com\/da\/lotterier\/powerball\/\">mere om Powerball-regler og pr\u00e6mier<\/a> p\u00e5 vores hjemmeside. Selvf\u00f8lgelig, ligesom i andre <a href=\"https:\/\/lottomat.com\/da\/\">verdens bedste lotterier<\/a>, er der rollover, hvis der ikke er nogen vinder, hvilket giver mulighed for at vinde enorme pengebel\u00f8b. Powerball er blevet ber\u00f8mt for vindende billetter, der er blevet til millioner af dollars. Den st\u00f8rste rollover-gevinst i det amerikanske lotteri fandt sted den <strong>7. november 2022<\/strong> og udgjorde <strong>2,04 milliarder dollars<\/strong> med en kontantv\u00e6rdi p\u00e5 <strong>997,6 millioner dollars<\/strong>.<\/p>\n<h2>Hvordan k\u00f8ber man Powerball-billetter?<img loading=\"lazy\" decoding=\"async\" class=\"alignright wp-image-252172\" src=\"https:\/\/lottomat.com\/wp-content\/uploads\/2025\/10\/Powerball-lottery-tickets-300x300.webp\" alt=\"Powerball-billetter\" width=\"200\" height=\"200\" srcset=\"https:\/\/lottomat.com\/wp-content\/uploads\/2025\/10\/Powerball-lottery-tickets-300x300.webp 300w, https:\/\/lottomat.com\/wp-content\/uploads\/2025\/10\/Powerball-lottery-tickets-150x150.webp 150w, https:\/\/lottomat.com\/wp-content\/uploads\/2025\/10\/Powerball-lottery-tickets-100x100.webp 100w, https:\/\/lottomat.com\/wp-content\/uploads\/2025\/10\/Powerball-lottery-tickets.webp 400w\" sizes=\"auto, (max-width: 200px) 100vw, 200px\" \/><\/h2>\n<p>Takket v\u00e6re \u00e6ndringer i Powerball-reglerne beh\u00f8ver du ikke at v\u00e6re amerikansk statsborger eller opholde dig i USA. Du kan deltage i <strong>Powerball-lotteriet online via LottoMat-hjemmesiden<\/strong>. Det er meget praktisk, og du kan k\u00f8be Powerball-billetter n\u00e5r som helst, dag og nat, syv dage om ugen. Alt, hvad du skal g\u00f8re, er at v\u00e6lge Spil-muligheden p\u00e5 LottoMat-hjemmesiden og udfylde det \u00f8nskede antal billetter. Derefter skal du blot v\u00e6re t\u00e5lmodig og vente p\u00e5 lodtr\u00e6kningen, som finder sted hver <strong>tirsdag, torsdag og s\u00f8ndag kl. 02:59 UTC<\/strong>. LottoMat-hjemmesiden garanterer, at lotteribilletten er gyldig og deltager i Powerball-pr\u00e6mietr\u00e6kningen. Du kan foretage k\u00f8bet via computer eller mobiltelefon <strong>fra hvor som helst i verden og p\u00e5 ethvert tidspunkt<\/strong>. Alt, hvad du skal g\u00f8re, er at oprette en sikker brugerkonto, k\u00f8be en billet og vente p\u00e5 gevinsten!<\/p>\n<h2>Hvad koster en Powerball-onlinebillet?<\/h2>\n<p>For at beregne prisen p\u00e5 en billet skal du blot udfylde \u00e9n eller flere billetter p\u00e5 LottoMat-hjemmesiden. Efter valg af tal vil <strong>prisen v\u00e6re synlig under alle billetter<\/strong>. N\u00e5r der udfyldes mere end \u00e9n billet, beregner systemet det samlede bel\u00f8b, som er den endelige pris. Den inkluderer prisen p\u00e5 alle Powerball-billetter samt kommissionsgebyrer.<\/p>\n<h2><img loading=\"lazy\" decoding=\"async\" class=\"alignleft wp-image-252202\" src=\"https:\/\/lottomat.com\/wp-content\/uploads\/2025\/10\/Powerball-online-tickets-300x300.webp\" alt=\"Powerball onlinebilletter\" width=\"200\" height=\"200\" srcset=\"https:\/\/lottomat.com\/wp-content\/uploads\/2025\/10\/Powerball-online-tickets-300x300.webp 300w, https:\/\/lottomat.com\/wp-content\/uploads\/2025\/10\/Powerball-online-tickets-150x150.webp 150w, https:\/\/lottomat.com\/wp-content\/uploads\/2025\/10\/Powerball-online-tickets-100x100.webp 100w, https:\/\/lottomat.com\/wp-content\/uploads\/2025\/10\/Powerball-online-tickets.webp 400w\" sizes=\"auto, (max-width: 200px) 100vw, 200px\" \/><\/h2>\n<h2>Hvordan spiller man Powerball online?<\/h2>\n<p>Takket v\u00e6re vores hjemmeside er verdens mest popul\u00e6re lotteri nu tilg\u00e6ngeligt uden at forlade hjemmet. For at spille Powerball online skal du v\u00e6lge <strong>fem hovedtal fra 1 til 69 samt et ekstra Power Ball-tal fra 1 til 26<\/strong>. Du kan v\u00e6lge tallene manuelt eller bruge <strong>Hurtigvalg<\/strong> til tilf\u00e6ldig udv\u00e6lgelse. S\u00e5 enkelt er det! At spille med LottoMat er fuldst\u00e6ndig sikkert. <strong>Vi scanner alle k\u00f8bte billetter for at sikre deres gyldighed og din tryghed.<\/strong> Med LottoMat kan du spille Powerball online fra hvor som helst i verden \u2013 alt, hvad du beh\u00f8ver, er <strong>internetadgang og mulighed for onlinebetaling.<\/strong> Denne globale tilg\u00e6ngelighed g\u00f8r det nemmere end nogensinde at deltage i et af verdens mest sp\u00e6ndende lotterier.<\/p>\n<h2>Kan jeg k\u00f8be flere Powerball-billetter online?<\/h2>\n<p><strong>Ja, du kan helt sikkert k\u00f8be flere Powerball-billetter online<\/strong> for at \u00f8ge dine vinderchancer. V\u00e6lg blot <strong>\u201cflere linjer\u201d-muligheden<\/strong>, n\u00e5r du spiller, og v\u00e6lg, hvor mange linjer du vil spille. Hver ekstra linje repr\u00e6senterer endnu en chance for at vinde jackpotten eller en af de sekund\u00e6re pr\u00e6mier. Jo flere billetter du k\u00f8ber, desto bedre bliver dine odds for at matche de vindende tal.<\/p>\n<h2>Kan jeg k\u00f8be Powerball-billetter online til flere lodtr\u00e6kninger?<\/h2>\n<h2><img loading=\"lazy\" decoding=\"async\" class=\"alignright wp-image-252232\" src=\"https:\/\/lottomat.com\/wp-content\/uploads\/2025\/10\/Powerball-online-300x300.webp\" alt=\"Powerball online\" width=\"200\" height=\"200\" srcset=\"https:\/\/lottomat.com\/wp-content\/uploads\/2025\/10\/Powerball-online-300x300.webp 300w, https:\/\/lottomat.com\/wp-content\/uploads\/2025\/10\/Powerball-online-150x150.webp 150w, https:\/\/lottomat.com\/wp-content\/uploads\/2025\/10\/Powerball-online-100x100.webp 100w, https:\/\/lottomat.com\/wp-content\/uploads\/2025\/10\/Powerball-online.webp 400w\" sizes=\"auto, (max-width: 200px) 100vw, 200px\" \/><\/h2>\n<p>Helt sikkert! P\u00e5 LottoMat kan du <strong>k\u00f8be Powerball-billetter p\u00e5 forh\u00e5nd til op til 8 p\u00e5 hinanden f\u00f8lgende lodtr\u00e6kninger<\/strong>. Denne praktiske funktion betyder, at du ikke beh\u00f8ver at huske at k\u00f8be billetter til hver enkelt lodtr\u00e6kning \u2013 dine tal vil automatisk blive tilmeldt flere fremtidige tr\u00e6kninger. Denne mulighed sikrer, at <strong>du aldrig g\u00e5r glip af en lodtr\u00e6kning<\/strong> og giver dig kontinuerlig deltagelse i lotteriet over flere uger.<\/p>\n<h2>Hvordan tjekker man Powerball-resultater online?<\/h2>\n<p>Du kan nemt tjekke b\u00e5de <a href=\"https:\/\/lottomat.com\/da\/resultater\/powerball\/\">de nyeste og arkiverede Powerball-resultater<\/a> direkte p\u00e5 LottoMat-hjemmesiden. Vores resultatside opdateres straks efter hver lodtr\u00e6kning og giver dig <strong>n\u00f8jagtige og opdaterede vindertal.<\/strong> Uanset om du vil tjekke de seneste tr\u00e6kninger eller se tidligere resultater, er alle oplysninger lige ved h\u00e5nden. Denne praktiske funktion g\u00f8r det muligt hurtigt at bekr\u00e6fte, om dine tal har vundet, uden at skulle s\u00f8ge flere steder.<\/p>\n<h2><img loading=\"lazy\" decoding=\"async\" class=\"alignleft wp-image-252262\" src=\"https:\/\/lottomat.com\/wp-content\/uploads\/2025\/10\/Powerball-tickets-300x300.webp\" alt=\"Powerball-billetter\" width=\"200\" height=\"200\" srcset=\"https:\/\/lottomat.com\/wp-content\/uploads\/2025\/10\/Powerball-tickets-300x300.webp 300w, https:\/\/lottomat.com\/wp-content\/uploads\/2025\/10\/Powerball-tickets-150x150.webp 150w, https:\/\/lottomat.com\/wp-content\/uploads\/2025\/10\/Powerball-tickets-100x100.webp 100w, https:\/\/lottomat.com\/wp-content\/uploads\/2025\/10\/Powerball-tickets.webp 400w\" sizes=\"auto, (max-width: 200px) 100vw, 200px\" \/>Scanner LottoMat Powerball-billetter online?<\/h2>\n<p><strong>Ja, helt bestemt!<\/strong> Vores autoriserede agenter k\u00f8ber fysisk Powerball-billetter p\u00e5 officielle, licenserede salgssteder p\u00e5 dine vegne. <strong>Vi scanner og opbevarer de originale billetter sikkert<\/strong> for at sikre fuld gennemsigtighed og sikkerhed for vores spillere. Det betyder, at du har bevis for dit billetk\u00f8b og kan v\u00e6re sikker p\u00e5, at din deltagelse er gyldig til den officielle Powerball-lodtr\u00e6kning. De originale billetter opbevares sikkert i vores beskyttede faciliteter, hvilket giver dig ro i sindet omkring din investering.<\/p>\n<h2>Hvad er de bedste Powerball online-tips?<\/h2>\n<p>Spil is\u00e6r, n\u00e5r der er rollover. <strong>Powerball har verdens st\u00f8rste rollovers,<\/strong> og selv med blot \u00e9n billet har du en chance for at vinde. Den st\u00f8rste jackpot n\u00e5ede hele <strong>2,04 milliarder dollars!<\/strong> Du kan ogs\u00e5 bruge de hyppigst udtrukne tal, som du finder p\u00e5 <a href=\"https:\/\/lottomat.com\/da\/resultater\/\">resultatsiden for lodtr\u00e6kninger<\/a>. Den indeholder b\u00e5de aktuelle og arkiverede resultater. Husk, at <strong>at spille Powerball online b\u00f8r v\u00e6re en form for underholdning,<\/strong> s\u00e5 det er vigtigt at spille ansvarligt og med omtanke. Fastl\u00e6g et budget for dig selv og hold dig til det, og betragt lotteribilletter som en sjov aktivitet frem for en investeringsstrategi.<\/p>\n<h3>Tips, der kan hj\u00e6lpe med at \u00f8ge dine vinderchancer<\/h3>\n<p>At k\u00f8be mere end \u00e9n Powerball-billet betyder, at hver ekstra billet giver st\u00f8rre chance for at ramme de udtrukne tal. S\u00f8rg for, at de tal, du v\u00e6lger, er varierede, da talpuljen er stor \u2013 begr\u00e6ns dig ikke til f\u00f8dselsdatoer, som indsn\u00e6vrer dit udvalg betydeligt. For at reducere omkostningerne ved <a href=\"https:\/\/lottomat.com\/da\/spil\/\">at k\u00f8be lotteribilletter online<\/a> kan du invitere dine n\u00e6rmeste til at spille med, hvilket \u00f8ger chancerne for gevinst. Billetomkostningerne kan deles mellem flere personer, hvilket g\u00f8r det mere overkommeligt for alle involverede. Spil, n\u00e5r der er <a href=\"https:\/\/lottomat.com\/da\/lotterier\/\">de st\u00f8rste rollovers<\/a>, for hele Powerball handler om chancen for at vinde! <strong>Du kan k\u00f8be en vindende billet n\u00e5r som helst og blive million\u00e6r!<\/strong><\/p>\n","protected":false},"excerpt":{"rendered":"<p>Hvad er Powerball-lotteriet? Lad os begynde med reglerne for dette ber\u00f8mte lotteri, som er meget enkle, og du vil uden tvivl hurtigt l\u00e6re, hvordan du spiller Powerball online. Spillet g\u00e5r ud p\u00e5 at v\u00e6lge fem tal fra 1 til 69 samt \u00e9t ekstra tal, kaldet Power Ball, fra 1 til 26. Hvis alle de vindende [&hellip;]<\/p>\n","protected":false},"author":1,"featured_media":0,"parent":6765,"menu_order":1,"comment_status":"closed","ping_status":"closed","template":"powerball-usa.php","meta":{"_et_pb_use_builder":"","_et_pb_old_content":"","_et_gb_content_width":"","exclude_from_search":false,"footnotes":""},"class_list":["post-8381","page","type-page","status-publish","hentry"],"yoast_head":"<!-- This site is optimized with the Yoast SEO plugin v23.8 - https:\/\/yoast.com\/wordpress\/plugins\/seo\/ -->\n<title>Spil Powerball Online - Powerball Billetter - Lottomat<\/title>\n<meta name=\"description\" content=\"Vil du spille Powerball-lotteriet online? L\u00e6r, hvordan du spiller Powerball, og bliv million\u00e6r! K\u00f8b Powerball-billetter online n\u00e5r som helst!\" \/>\n<meta name=\"robots\" content=\"index, follow, max-snippet:-1, max-image-preview:large, max-video-preview:-1\" \/>\n<link rel=\"canonical\" href=\"https:\/\/lottomat.com\/da\/spil\/spil-powerball\/\" \/>\n<meta property=\"og:locale\" content=\"da_DK\" \/>\n<meta property=\"og:type\" content=\"article\" \/>\n<meta property=\"og:title\" content=\"Spil Powerball Online - Powerball Billetter - Lottomat\" \/>\n<meta property=\"og:description\" content=\"Vil du spille Powerball-lotteriet online? L\u00e6r, hvordan du spiller Powerball, og bliv million\u00e6r! K\u00f8b Powerball-billetter online n\u00e5r som helst!\" \/>\n<meta property=\"og:url\" content=\"https:\/\/lottomat.com\/da\/spil\/spil-powerball\/\" \/>\n<meta property=\"og:site_name\" content=\"Lottomat\" \/>\n<meta property=\"article:modified_time\" content=\"2026-02-12T12:21:02+00:00\" \/>\n<meta property=\"og:image\" content=\"https:\/\/lottomat.com\/wp-content\/uploads\/2025\/10\/play-Powerball-150x150.webp\" \/>\n<meta name=\"twitter:card\" content=\"summary_large_image\" \/>\n<meta name=\"twitter:label1\" content=\"Estimeret l\u00e6setid\" \/>\n\t<meta name=\"twitter:data1\" content=\"6 minutter\" \/>\n<script type=\"application\/ld+json\" class=\"yoast-schema-graph\">{\"@context\":\"https:\/\/schema.org\",\"@graph\":[{\"@type\":\"WebPage\",\"@id\":\"https:\/\/lottomat.com\/da\/spil\/spil-powerball\/\",\"url\":\"https:\/\/lottomat.com\/da\/spil\/spil-powerball\/\",\"name\":\"Spil Powerball Online - Powerball Billetter - Lottomat\",\"isPartOf\":{\"@id\":\"https:\/\/lottomat.com\/da\/#website\"},\"primaryImageOfPage\":{\"@id\":\"https:\/\/lottomat.com\/da\/spil\/spil-powerball\/#primaryimage\"},\"image\":{\"@id\":\"https:\/\/lottomat.com\/da\/spil\/spil-powerball\/#primaryimage\"},\"thumbnailUrl\":\"https:\/\/lottomat.com\/wp-content\/uploads\/2025\/10\/play-Powerball-150x150.webp\",\"datePublished\":\"2025-03-26T07:52:23+00:00\",\"dateModified\":\"2026-02-12T12:21:02+00:00\",\"description\":\"Vil du spille Powerball-lotteriet online? L\u00e6r, hvordan du spiller Powerball, og bliv million\u00e6r! K\u00f8b Powerball-billetter online n\u00e5r som helst!\",\"breadcrumb\":{\"@id\":\"https:\/\/lottomat.com\/da\/spil\/spil-powerball\/#breadcrumb\"},\"inLanguage\":\"da-DK\",\"potentialAction\":[{\"@type\":\"ReadAction\",\"target\":[\"https:\/\/lottomat.com\/da\/spil\/spil-powerball\/\"]}]},{\"@type\":\"ImageObject\",\"inLanguage\":\"da-DK\",\"@id\":\"https:\/\/lottomat.com\/da\/spil\/spil-powerball\/#primaryimage\",\"url\":\"https:\/\/lottomat.com\/wp-content\/uploads\/2025\/10\/play-Powerball-150x150.webp\",\"contentUrl\":\"https:\/\/lottomat.com\/wp-content\/uploads\/2025\/10\/play-Powerball-150x150.webp\"},{\"@type\":\"BreadcrumbList\",\"@id\":\"https:\/\/lottomat.com\/da\/spil\/spil-powerball\/#breadcrumb\",\"itemListElement\":[{\"@type\":\"ListItem\",\"position\":1,\"name\":\"Home\",\"item\":\"https:\/\/lottomat.com\/da\/\"},{\"@type\":\"ListItem\",\"position\":2,\"name\":\"Spil lotteri\",\"item\":\"https:\/\/lottomat.com\/da\/spil\/\"},{\"@type\":\"ListItem\",\"position\":3,\"name\":\"Spil Powerball Online &#8211; Powerball Billetter\"}]},{\"@type\":\"WebSite\",\"@id\":\"https:\/\/lottomat.com\/da\/#website\",\"url\":\"https:\/\/lottomat.com\/da\/\",\"name\":\"Lottomat\",\"description\":\"\",\"potentialAction\":[{\"@type\":\"SearchAction\",\"target\":{\"@type\":\"EntryPoint\",\"urlTemplate\":\"https:\/\/lottomat.com\/da\/?s={search_term_string}\"},\"query-input\":{\"@type\":\"PropertyValueSpecification\",\"valueRequired\":true,\"valueName\":\"search_term_string\"}}],\"inLanguage\":\"da-DK\"}]}<\/script>\n<!-- \/ Yoast SEO plugin. -->","yoast_head_json":{"title":"Spil Powerball Online - Powerball Billetter - Lottomat","description":"Vil du spille Powerball-lotteriet online? L\u00e6r, hvordan du spiller Powerball, og bliv million\u00e6r! K\u00f8b Powerball-billetter online n\u00e5r som helst!","robots":{"index":"index","follow":"follow","max-snippet":"max-snippet:-1","max-image-preview":"max-image-preview:large","max-video-preview":"max-video-preview:-1"},"canonical":"https:\/\/lottomat.com\/da\/spil\/spil-powerball\/","og_locale":"da_DK","og_type":"article","og_title":"Spil Powerball Online - Powerball Billetter - Lottomat","og_description":"Vil du spille Powerball-lotteriet online? L\u00e6r, hvordan du spiller Powerball, og bliv million\u00e6r! K\u00f8b Powerball-billetter online n\u00e5r som helst!","og_url":"https:\/\/lottomat.com\/da\/spil\/spil-powerball\/","og_site_name":"Lottomat","article_modified_time":"2026-02-12T12:21:02+00:00","og_image":[{"url":"https:\/\/lottomat.com\/wp-content\/uploads\/2025\/10\/play-Powerball-150x150.webp"}],"twitter_card":"summary_large_image","twitter_misc":{"Estimeret l\u00e6setid":"6 minutter"},"schema":{"@context":"https:\/\/schema.org","@graph":[{"@type":"WebPage","@id":"https:\/\/lottomat.com\/da\/spil\/spil-powerball\/","url":"https:\/\/lottomat.com\/da\/spil\/spil-powerball\/","name":"Spil Powerball Online - Powerball Billetter - Lottomat","isPartOf":{"@id":"https:\/\/lottomat.com\/da\/#website"},"primaryImageOfPage":{"@id":"https:\/\/lottomat.com\/da\/spil\/spil-powerball\/#primaryimage"},"image":{"@id":"https:\/\/lottomat.com\/da\/spil\/spil-powerball\/#primaryimage"},"thumbnailUrl":"https:\/\/lottomat.com\/wp-content\/uploads\/2025\/10\/play-Powerball-150x150.webp","datePublished":"2025-03-26T07:52:23+00:00","dateModified":"2026-02-12T12:21:02+00:00","description":"Vil du spille Powerball-lotteriet online? L\u00e6r, hvordan du spiller Powerball, og bliv million\u00e6r! K\u00f8b Powerball-billetter online n\u00e5r som helst!","breadcrumb":{"@id":"https:\/\/lottomat.com\/da\/spil\/spil-powerball\/#breadcrumb"},"inLanguage":"da-DK","potentialAction":[{"@type":"ReadAction","target":["https:\/\/lottomat.com\/da\/spil\/spil-powerball\/"]}]},{"@type":"ImageObject","inLanguage":"da-DK","@id":"https:\/\/lottomat.com\/da\/spil\/spil-powerball\/#primaryimage","url":"https:\/\/lottomat.com\/wp-content\/uploads\/2025\/10\/play-Powerball-150x150.webp","contentUrl":"https:\/\/lottomat.com\/wp-content\/uploads\/2025\/10\/play-Powerball-150x150.webp"},{"@type":"BreadcrumbList","@id":"https:\/\/lottomat.com\/da\/spil\/spil-powerball\/#breadcrumb","itemListElement":[{"@type":"ListItem","position":1,"name":"Home","item":"https:\/\/lottomat.com\/da\/"},{"@type":"ListItem","position":2,"name":"Spil lotteri","item":"https:\/\/lottomat.com\/da\/spil\/"},{"@type":"ListItem","position":3,"name":"Spil Powerball Online &#8211; Powerball Billetter"}]},{"@type":"WebSite","@id":"https:\/\/lottomat.com\/da\/#website","url":"https:\/\/lottomat.com\/da\/","name":"Lottomat","description":"","potentialAction":[{"@type":"SearchAction","target":{"@type":"EntryPoint","urlTemplate":"https:\/\/lottomat.com\/da\/?s={search_term_string}"},"query-input":{"@type":"PropertyValueSpecification","valueRequired":true,"valueName":"search_term_string"}}],"inLanguage":"da-DK"}]}},"_links":{"self":[{"href":"https:\/\/lottomat.com\/da\/wp-json\/wp\/v2\/pages\/8381","targetHints":{"allow":["GET"]}}],"collection":[{"href":"https:\/\/lottomat.com\/da\/wp-json\/wp\/v2\/pages"}],"about":[{"href":"https:\/\/lottomat.com\/da\/wp-json\/wp\/v2\/types\/page"}],"author":[{"embeddable":true,"href":"https:\/\/lottomat.com\/da\/wp-json\/wp\/v2\/users\/1"}],"replies":[{"embeddable":true,"href":"https:\/\/lottomat.com\/da\/wp-json\/wp\/v2\/comments?post=8381"}],"version-history":[{"count":3,"href":"https:\/\/lottomat.com\/da\/wp-json\/wp\/v2\/pages\/8381\/revisions"}],"predecessor-version":[{"id":270924,"href":"https:\/\/lottomat.com\/da\/wp-json\/wp\/v2\/pages\/8381\/revisions\/270924"}],"up":[{"embeddable":true,"href":"https:\/\/lottomat.com\/da\/wp-json\/wp\/v2\/pages\/6765"}],"wp:attachment":[{"href":"https:\/\/lottomat.com\/da\/wp-json\/wp\/v2\/media?parent=8381"}],"curies":[{"name":"wp","href":"https:\/\/api.w.org\/{rel}","templated":true}]}}