{"id":7931,"date":"2025-03-26T09:33:19","date_gmt":"2025-03-26T09:33:19","guid":{"rendered":"https:\/\/lottomat.net\/?page_id=7931"},"modified":"2026-03-18T17:37:38","modified_gmt":"2026-03-18T17:37:38","slug":"lotto-america","status":"publish","type":"page","link":"https:\/\/lottomat.com\/da\/spil\/lotto-america\/","title":{"rendered":"Spil Lotto America online \u2013 Amerikanske lotterisedler"},"content":{"rendered":"\n\n<div class=\"kk-star-ratings kksr-auto kksr-align-left kksr-valign-top\"\n    data-payload='{&quot;align&quot;:&quot;left&quot;,&quot;id&quot;:&quot;7931&quot;,&quot;slug&quot;:&quot;default&quot;,&quot;valign&quot;:&quot;top&quot;,&quot;ignore&quot;:&quot;&quot;,&quot;reference&quot;:&quot;auto&quot;,&quot;class&quot;:&quot;&quot;,&quot;count&quot;:&quot;0&quot;,&quot;legendonly&quot;:&quot;&quot;,&quot;readonly&quot;:&quot;&quot;,&quot;score&quot;:&quot;0&quot;,&quot;starsonly&quot;:&quot;&quot;,&quot;best&quot;:&quot;5&quot;,&quot;gap&quot;:&quot;5&quot;,&quot;greet&quot;:&quot;Rate this page&quot;,&quot;legend&quot;:&quot;0\\\/5 - (0 votes)&quot;,&quot;size&quot;:&quot;30&quot;,&quot;title&quot;:&quot;Spil Lotto America online \u2013 Amerikanske lotterisedler&quot;,&quot;width&quot;:&quot;0&quot;,&quot;_legend&quot;:&quot;{score}\\\/{best} - ({count} {votes})&quot;,&quot;font_factor&quot;:&quot;1.25&quot;}'>\n            \n<div class=\"kksr-stars\">\n    \n<div class=\"kksr-stars-inactive\">\n            <div class=\"kksr-star\" data-star=\"1\" style=\"padding-right: 5px\">\n            \n\n<div class=\"kksr-icon\" style=\"width: 30px; height: 30px;\"><\/div>\n        <\/div>\n            <div class=\"kksr-star\" data-star=\"2\" style=\"padding-right: 5px\">\n            \n\n<div class=\"kksr-icon\" style=\"width: 30px; height: 30px;\"><\/div>\n        <\/div>\n            <div class=\"kksr-star\" data-star=\"3\" style=\"padding-right: 5px\">\n            \n\n<div class=\"kksr-icon\" style=\"width: 30px; height: 30px;\"><\/div>\n        <\/div>\n            <div class=\"kksr-star\" data-star=\"4\" style=\"padding-right: 5px\">\n            \n\n<div class=\"kksr-icon\" style=\"width: 30px; height: 30px;\"><\/div>\n        <\/div>\n            <div class=\"kksr-star\" data-star=\"5\" style=\"padding-right: 5px\">\n            \n\n<div class=\"kksr-icon\" style=\"width: 30px; height: 30px;\"><\/div>\n        <\/div>\n    <\/div>\n    \n<div class=\"kksr-stars-active\" style=\"width: 0px;\">\n            <div class=\"kksr-star\" style=\"padding-right: 5px\">\n            \n\n<div class=\"kksr-icon\" style=\"width: 30px; height: 30px;\"><\/div>\n        <\/div>\n            <div class=\"kksr-star\" style=\"padding-right: 5px\">\n            \n\n<div class=\"kksr-icon\" style=\"width: 30px; height: 30px;\"><\/div>\n        <\/div>\n            <div class=\"kksr-star\" style=\"padding-right: 5px\">\n            \n\n<div class=\"kksr-icon\" style=\"width: 30px; height: 30px;\"><\/div>\n        <\/div>\n            <div class=\"kksr-star\" style=\"padding-right: 5px\">\n            \n\n<div class=\"kksr-icon\" style=\"width: 30px; height: 30px;\"><\/div>\n        <\/div>\n            <div class=\"kksr-star\" style=\"padding-right: 5px\">\n            \n\n<div class=\"kksr-icon\" style=\"width: 30px; height: 30px;\"><\/div>\n        <\/div>\n    <\/div>\n<\/div>\n                \n\n<div class=\"kksr-legend\" style=\"font-size: 24px;\">\n            <span class=\"kksr-muted\">Rate this page<\/span>\n    <\/div>\n    <\/div>\n<h2>Hvad er Lotto America?<\/h2>\n<p>Lotto America er et <strong>lotterispil p\u00e5 tv\u00e6rs af flere stater<\/strong>, der giver spillere over hele USA mulighed for at vinde betydelige pr\u00e6mier med relativt gunstige odds sammenlignet med andre nationale lotterier. Spillet blev oprindeligt lanceret i 1988 og blev genintroduceret i 2017 med et forbedret format, der giver bedre vinderchancer og sp\u00e6ndende jackpots.<img loading=\"lazy\" decoding=\"async\" class=\"alignright wp-image-261508\" src=\"https:\/\/lottomat.com\/wp-content\/uploads\/2025\/12\/American-Lottery-online.webp\" alt=\"Amerikansk lotteri online\" width=\"200\" height=\"200\" srcset=\"https:\/\/lottomat.com\/wp-content\/uploads\/2025\/12\/American-Lottery-online.webp 400w, https:\/\/lottomat.com\/wp-content\/uploads\/2025\/12\/American-Lottery-online-300x300.webp 300w, https:\/\/lottomat.com\/wp-content\/uploads\/2025\/12\/American-Lottery-online-150x150.webp 150w, https:\/\/lottomat.com\/wp-content\/uploads\/2025\/12\/American-Lottery-online-100x100.webp 100w\" sizes=\"auto, (max-width: 200px) 100vw, 200px\" \/><\/p>\n<p><strong>Lotteriet opererer i 13 deltagende stater og territorier<\/strong>, herunder Delaware, Idaho, Iowa, Kansas, Maine, Minnesota, Montana, New Mexico, North Dakota, Oklahoma, South Dakota, Tennessee og West Virginia samt District of Columbia. Denne brede r\u00e6kkevidde g\u00f8r America Lotto tilg\u00e6ngeligt for millioner af spillere, samtidig med at oddsene forbliver mere konkurrencedygtige end i spil med mega-jackpots.<\/p>\n<h3>Tr\u00e6kningsplan og hyppighed<\/h3>\n<p>Lotto America-tr\u00e6kninger finder sted <strong>hver mandag, onsdag og l\u00f8rdag kl. 23:00 Eastern Time<\/strong>, hvilket giver spillere tre muligheder om ugen for at vinde pr\u00e6mier, der kan \u00e6ndre livet. Startjackpotten begynder ved 2 millioner dollars og vokser med hver tr\u00e6kning, indtil nogen vinder.<\/p>\n<p>Det, der adskiller dette lotteri, er dets enkle spilmekanik kombineret med flere pr\u00e6mieniveauer. Spillere skal matche fem hovedtal fra en pulje p\u00e5 1 til 52 samt \u00e9t Star Ball-tal fra en separat pulje p\u00e5 1 til 10. Denne struktur skaber ni forskellige m\u00e5der at vinde p\u00e5 \u2013 fra kun at matche Star Ball til at ramme jackpotten ved at matche alle seks tal. <strong>De samlede odds for at vinde en hvilken som helst pr\u00e6mie er cirka 1 ud af 9,6<\/strong>, hvilket g\u00f8r det til en af de mest spiller-venlige lotterimuligheder. Klik og l\u00e6r mere om <a href=\"https:\/\/lottomat.com\/da\/lotterier\/lotto-america\/\">Lotto America regler, pr\u00e6mier og jackpot<\/a> p\u00e5 vores hjemmeside.<\/p>\n<h2>Hvordan k\u00f8ber man Lotto America lotterisedler?<\/h2>\n<p>At k\u00f8be Lotto America lotterisedler har aldrig v\u00e6ret nemmere, is\u00e6r med online lotteritjenester som <a href=\"https:\/\/lottomat.com\/da\/\">LottoMat<\/a>, der bringer spillet direkte til spillere uanset deres placering. Uanset om du befinder dig i en af de deltagende stater eller et andet sted i verden, kan du nu deltage i dette sp\u00e6ndende lotteri uden at bes\u00f8ge en fysisk forhandler.<\/p>\n<p><img loading=\"lazy\" decoding=\"async\" class=\"alignleft wp-image-261539\" src=\"https:\/\/lottomat.com\/wp-content\/uploads\/2025\/12\/American-Lotto-online.webp\" alt=\"Amerikansk lotto online\" width=\"200\" height=\"200\" srcset=\"https:\/\/lottomat.com\/wp-content\/uploads\/2025\/12\/American-Lotto-online.webp 400w, https:\/\/lottomat.com\/wp-content\/uploads\/2025\/12\/American-Lotto-online-300x300.webp 300w, https:\/\/lottomat.com\/wp-content\/uploads\/2025\/12\/American-Lotto-online-150x150.webp 150w, https:\/\/lottomat.com\/wp-content\/uploads\/2025\/12\/American-Lotto-online-100x100.webp 100w\" sizes=\"auto, (max-width: 200px) 100vw, 200px\" \/>N\u00e5r du spiller gennem LottoMat, er processen enkel og brugervenlig. Platformen fungerer som din personlige lotteriassistent og <a href=\"https:\/\/lottomat.com\/da\/spil\/\">k\u00f8ber officielle lotterisedler<\/a> p\u00e5 dine vegne fra autoriserede forhandlere i de deltagende stater. <strong>Det betyder, at du spiller med \u00e6gte, fysiske sedler, som scannes og opbevares sikkert p\u00e5 din konto.<\/strong><\/p>\n<h3>Traditionel vs. online k\u00f8b<\/h3>\n<p>Den traditionelle metode til at k\u00f8be sedler indeb\u00e6rer at bes\u00f8ge en autoriseret lotteriforhandler i en af de deltagende stater. Denne mulighed er dog begr\u00e6nset til dem, der bor i eller kan rejse til disse steder. Onlineplatforme som LottoMat fjerner denne geografiske barriere og \u00e5bner spillet for et langt bredere publikum, samtidig med at legitimitet og sikkerhed opretholdes.<\/p>\n<p>Online k\u00f8b af lotterisedler giver flere fordele. Du beh\u00f8ver ikke bekymre dig om at miste en fysisk seddel, g\u00e5 glip af en tr\u00e6kning eller glemme at kontrollere dine tal. Alt h\u00e5ndteres digitalt med automatiske notifikationer, hvis du vinder, og \u00f8jeblikkelig adgang til dine scannede sedler via din konto.<\/p>\n<h2>Hvad koster en Lotto America online lotteriseddel?<\/h2>\n<p>Grundprisen for \u00e9n Lotto America lotteriseddel er <strong>1 dollar pr. linje<\/strong>, hvilket g\u00f8r det til en af de mest overkommelige muligheder blandt lotterier p\u00e5 tv\u00e6rs af flere stater. Den lave indgangspris g\u00f8r spillet tilg\u00e6ngeligt for spillere med forskellige budgetter, samtidig med at det stadig tilbyder et betydeligt pr\u00e6miepotentiale.<\/p>\n<p>N\u00e5r du spiller gennem LottoMat, er prisstrukturen gennemsigtig og enkel. Tilf\u00f8j blot det antal linjer, du vil spille, og bestillingsformularen viser det samlede bel\u00f8b, du skal betale.<\/p>\n<h2>Hvordan spiller man Lotto America online?<\/h2>\n<p>At spille Lotto America gennem LottoMat er en problemfri oplevelse designet med spillernes bekvemmelighed i tankerne. Platformen har optimeret hvert trin i processen, s\u00e5 selv f\u00f8rstegangsspillere kan deltage nemt og trygt.<\/p>\n<h3>Valg af tal<\/h3>\n<p>Spillet kr\u00e6ver, at du <strong>v\u00e6lger fem hovedtal fra 1 til 52 og \u00e9t Star Ball-tal fra 1 til 10<\/strong>. Du kan enten v\u00e6lge dine egne tal manuelt eller bruge en tilf\u00e6ldig talgenerator.<\/p>\n<h3>Hvordan LottoMat h\u00e5ndterer din deltagelse<img loading=\"lazy\" decoding=\"async\" class=\"alignright wp-image-261570\" src=\"https:\/\/lottomat.com\/wp-content\/uploads\/2025\/12\/American-Lotto-tickets.webp\" alt=\"Amerikanske lotto sedler\" width=\"200\" height=\"200\" srcset=\"https:\/\/lottomat.com\/wp-content\/uploads\/2025\/12\/American-Lotto-tickets.webp 400w, https:\/\/lottomat.com\/wp-content\/uploads\/2025\/12\/American-Lotto-tickets-300x300.webp 300w, https:\/\/lottomat.com\/wp-content\/uploads\/2025\/12\/American-Lotto-tickets-150x150.webp 150w, https:\/\/lottomat.com\/wp-content\/uploads\/2025\/12\/American-Lotto-tickets-100x100.webp 100w\" sizes=\"auto, (max-width: 200px) 100vw, 200px\" \/><\/h3>\n<p>Efter du har afgivet din bestilling, h\u00e5ndterer LottoMat al logistik. Platformen k\u00f8ber en officiel fysisk lotteriseddel fra en autoriseret forhandler i en af de deltagende stater p\u00e5 dine vegne. <strong>Det betyder, at du deltager i den officielle Lotto America-tr\u00e6kning med en \u00e6gte seddel.<\/strong><\/p>\n<p>Platformens bekvemmelighed g\u00e5r ud over blot k\u00f8b af sedler. Du kan administrere alle dine deltagelser fra \u00e9n online konto, f\u00e5 adgang til dine scannede sedler og modtage automatiske notifikationer om tr\u00e6kninger og eventuelle gevinster.<\/p>\n<h2>Kan jeg k\u00f8be flere Lotto America lotterisedler online?<\/h2>\n<p>Ja, LottoMat giver dig mulighed for at k\u00f8be flere Lotto America lotterisedler i \u00e9n transaktion med mulighed for <strong>at k\u00f8be op til 20 linjer pr. bestilling<\/strong>. Denne fleksibilitet er perfekt for spillere, der \u00f8nsker at \u00f8ge deres chancer ved at d\u00e6kke flere talkombinationer i hver tr\u00e6kning.<\/p>\n<p>At k\u00f8be flere linjer giver strategiske fordele. Selvom hver linje har den samme sandsynlighed for at vinde, \u00f8ger flere deltagelser dine samlede chancer for at sikre en pr\u00e6mie.<\/p>\n<h3>Fordele ved gruppespil<\/h3>\n<p>Muligheden for at k\u00f8be flere linjer er s\u00e6rligt attraktiv for lotterisyndikater eller vennegrupper, der samler deres ressourcer for at spille sammen. Med op til 20 linjer i \u00e9n bestilling kan grupper d\u00e6kke et bredt udvalg af talkombinationer, mens de deler omkostningerne.<\/p>\n<p><img loading=\"lazy\" decoding=\"async\" class=\"alignleft wp-image-261600\" src=\"https:\/\/lottomat.com\/wp-content\/uploads\/2025\/12\/Lotto-America-online.webp\" alt=\"Lotto America online\" width=\"200\" height=\"200\" srcset=\"https:\/\/lottomat.com\/wp-content\/uploads\/2025\/12\/Lotto-America-online.webp 400w, https:\/\/lottomat.com\/wp-content\/uploads\/2025\/12\/Lotto-America-online-300x300.webp 300w, https:\/\/lottomat.com\/wp-content\/uploads\/2025\/12\/Lotto-America-online-150x150.webp 150w, https:\/\/lottomat.com\/wp-content\/uploads\/2025\/12\/Lotto-America-online-100x100.webp 100w\" sizes=\"auto, (max-width: 200px) 100vw, 200px\" \/>N\u00e5r du bestiller flere linjer gennem LottoMat, har du fuld kontrol over, hvordan du v\u00e6lger tal for hver linje. Du kan v\u00e6lge manuelt, bruge tilf\u00e6ldig udv\u00e6lgelse for alle linjer eller kombinere begge metoder.<\/p>\n<h2>Kan jeg k\u00f8be Lotto America lotterisedler online til flere tr\u00e6kninger?<\/h2>\n<p>Ja! LottoMat tilbyder den praktiske mulighed for at k\u00f8be Lotto America lotterisedler til <strong>op til 8 p\u00e5 hinanden f\u00f8lgende tr\u00e6kninger p\u00e5 forh\u00e5nd<\/strong>. Denne funktion er ideel for regelm\u00e6ssige spillere, der vil sikre sig, at de ikke g\u00e5r glip af en tr\u00e6kning.<\/p>\n<p>Da Lotto America-tr\u00e6kninger afholdes tre gange om ugen \u2013 mandag, onsdag og l\u00f8rdag \u2013 betyder k\u00f8b af sedler til 8 tr\u00e6kninger, at du er d\u00e6kket i n\u00e6sten tre uger.<\/p>\n<h2>Hvordan tjekker man Lotto America resultater online?<\/h2>\n<p><a href=\"https:\/\/lottomat.com\/da\/resultater\/lotto-america\/\">Tjek af Lotto America-resultater<\/a> via LottoMat er meget enkelt og fuldt automatiseret. Efter hver Lotto America-tr\u00e6kning <strong>tjekker LottoMat automatisk alle sedler p\u00e5 din konto mod de officielle vindertal<\/strong>. Du beh\u00f8ver ikke g\u00f8re noget \u2013 bare vente p\u00e5 resultaterne. Hvis du har vundet en pr\u00e6mie, modtager du straks en e-mail med information om gevinsten.<\/p>\n<p>For spillere, der \u00f8nsker <a href=\"https:\/\/lottomat.com\/da\/resultater\/\">at kontrollere resultater manuelt<\/a> eller se vindertal fra nylige tr\u00e6kninger, giver LottoMat nem adgang til den komplette resultathistorik p\u00e5 Lotto America-siden. Her kan du se de fem hovedtal, Star Ball, jackpotst\u00f8rrelsen og om den blev vundet.<\/p>\n<p>Det automatiske kontrolsystem giver betydelige fordele i forhold til traditionelt spil. Der er ingen risiko for at l\u00e6se tal forkert, overse en vindende seddel eller g\u00e5 glip af fristen for at kr\u00e6ve gevinsten.<\/p>\n<h2>Scanner LottoMat Lotto America lotterisedler?<\/h2>\n<p>Ja, <strong>LottoMat scanner hver Lotto America lotteriseddel k\u00f8bt via platformen<\/strong> og g\u00f8r scanningerne tilg\u00e6ngelige i din konto.<img loading=\"lazy\" decoding=\"async\" class=\"alignright wp-image-261631\" src=\"https:\/\/lottomat.com\/wp-content\/uploads\/2025\/12\/Lotto-America-tickets.webp\" alt=\"Lotto America lotterisedler\" width=\"200\" height=\"200\" srcset=\"https:\/\/lottomat.com\/wp-content\/uploads\/2025\/12\/Lotto-America-tickets.webp 400w, https:\/\/lottomat.com\/wp-content\/uploads\/2025\/12\/Lotto-America-tickets-300x300.webp 300w, https:\/\/lottomat.com\/wp-content\/uploads\/2025\/12\/Lotto-America-tickets-150x150.webp 150w, https:\/\/lottomat.com\/wp-content\/uploads\/2025\/12\/Lotto-America-tickets-100x100.webp 100w\" sizes=\"auto, (max-width: 200px) 100vw, 200px\" \/><\/p>\n<p>N\u00e5r LottoMat k\u00f8ber dine fysiske sedler fra autoriserede forhandlere, bliver de straks scannet i h\u00f8j kvalitet. Disse scanninger uploades til din personlige konto, hvor du kan se dem n\u00e5r som helst. Hver scanning viser tydeligt dine valgte tal, tr\u00e6kningens dato, stregkoden og alle andre relevante detaljer pr\u00e6cis som p\u00e5 den fysiske seddel.<\/p>\n<h2>Hvad er de bedste Lotto America online tips?<\/h2>\n<p>For at f\u00e5 mest muligt ud af Lotto America kr\u00e6ves en kombination af smarte strategier, ansvarligt spil og forst\u00e5else for fordelene ved online lotteriplatforme som LottoMat.<\/p>\n<h3>Strategiske tilgange<\/h3>\n<ul class=\"list\">\n<li><strong>Spil konsekvent med flere tr\u00e6kninger:<\/strong> en af de mest effektive strategier er at bruge muligheden for flere tr\u00e6kninger i tr\u00e6k.<\/li>\n<li><strong>Balanc\u00e9r tilf\u00e6ldig og strategisk udv\u00e6lgelse:<\/strong> mange spillere kombinerer automatisk genererede tal med personligt udvalgte tal.<\/li>\n<li><strong>Deltag i et lotterisyndikat:<\/strong> med op til 20 linjer pr. k\u00f8b giver gruppespil mulighed for flere kombinationer til en lavere individuel pris.<\/li>\n<\/ul>\n<h3><img loading=\"lazy\" decoding=\"async\" class=\"alignleft wp-image-261661\" src=\"https:\/\/lottomat.com\/wp-content\/uploads\/2025\/12\/play-American-Lottery.webp\" alt=\"Spil amerikansk lotteri\" width=\"200\" height=\"200\" srcset=\"https:\/\/lottomat.com\/wp-content\/uploads\/2025\/12\/play-American-Lottery.webp 400w, https:\/\/lottomat.com\/wp-content\/uploads\/2025\/12\/play-American-Lottery-300x300.webp 300w, https:\/\/lottomat.com\/wp-content\/uploads\/2025\/12\/play-American-Lottery-150x150.webp 150w, https:\/\/lottomat.com\/wp-content\/uploads\/2025\/12\/play-American-Lottery-100x100.webp 100w\" sizes=\"auto, (max-width: 200px) 100vw, 200px\" \/>Ansvarligt spil og kontoadministration<\/h3>\n<ul class=\"list\">\n<li>America Lotto tilbyder nogle af de bedste odds blandt multistatslotterier \u2013 cirka 1 ud af 9,6 for at vinde en pr\u00e6mie.<\/li>\n<li><strong>Fastl\u00e6g et ansvarligt budget:<\/strong> s\u00e6t et fast budget til underholdning og hold dig til det.<\/li>\n<li><strong>Hold dine kontooplysninger opdaterede:<\/strong> s\u00f8rg for, at din e-mail og dine kontooplysninger hos LottoMat altid er opdaterede.<\/li>\n<\/ul>\n<p>At spille Lotto America gennem LottoMat kombinerer sp\u00e6ndingen ved lotteri med bekvemmeligheden, sikkerheden og gennemsigtigheden ved moderne onlinetjenester. Med overkommelige billetpriser, gode odds, flere ugentlige tr\u00e6kninger og platformens funktioner \u2013 herunder scanning af sedler og automatisk <a href=\"https:\/\/lottomat.com\/da\/resultater\/\">kontrol af resultater<\/a> \u2013 har du alt, hvad der beh\u00f8ves for en optimal lotterioplevelse.<\/p>\n","protected":false},"excerpt":{"rendered":"<p>Hvad er Lotto America? Lotto America er et lotterispil p\u00e5 tv\u00e6rs af flere stater, der giver spillere over hele USA mulighed for at vinde betydelige pr\u00e6mier med relativt gunstige odds sammenlignet med andre nationale lotterier. Spillet blev oprindeligt lanceret i 1988 og blev genintroduceret i 2017 med et forbedret format, der giver bedre vinderchancer og [&hellip;]<\/p>\n","protected":false},"author":1,"featured_media":0,"parent":6765,"menu_order":11,"comment_status":"closed","ping_status":"closed","template":"lotto-america.php","meta":{"_et_pb_use_builder":"","_et_pb_old_content":"","_et_gb_content_width":"","exclude_from_search":false,"footnotes":""},"class_list":["post-7931","page","type-page","status-publish","hentry"],"yoast_head":"<!-- This site is optimized with the Yoast SEO plugin v23.8 - https:\/\/yoast.com\/wordpress\/plugins\/seo\/ -->\n<title>Lotto America Online - K\u00f8b amerikanske lotterisedler - LottoMat Danmark<\/title>\n<meta name=\"description\" content=\"Her kan du k\u00f8be Lotto America lotterisedler online og spille om enest\u00e5ende gevinster. Spil Lotto America online i dag og vind i morgen!\" \/>\n<meta name=\"robots\" content=\"index, follow, max-snippet:-1, max-image-preview:large, max-video-preview:-1\" \/>\n<link rel=\"canonical\" href=\"https:\/\/lottomat.com\/da\/spil\/lotto-america\/\" \/>\n<meta property=\"og:locale\" content=\"da_DK\" \/>\n<meta property=\"og:type\" content=\"article\" \/>\n<meta property=\"og:title\" content=\"Lotto America Online - K\u00f8b amerikanske lotterisedler - LottoMat Danmark\" \/>\n<meta property=\"og:description\" content=\"Her kan du k\u00f8be Lotto America lotterisedler online og spille om enest\u00e5ende gevinster. Spil Lotto America online i dag og vind i morgen!\" \/>\n<meta property=\"og:url\" content=\"https:\/\/lottomat.com\/da\/spil\/lotto-america\/\" \/>\n<meta property=\"og:site_name\" content=\"Lottomat\" \/>\n<meta property=\"article:modified_time\" content=\"2026-03-18T17:37:38+00:00\" \/>\n<meta property=\"og:image\" content=\"https:\/\/lottomat.com\/wp-content\/uploads\/2025\/12\/American-Lottery-online.webp\" \/>\n\t<meta property=\"og:image:width\" content=\"400\" \/>\n\t<meta property=\"og:image:height\" content=\"400\" \/>\n\t<meta property=\"og:image:type\" content=\"image\/webp\" \/>\n<meta name=\"twitter:card\" content=\"summary_large_image\" \/>\n<meta name=\"twitter:label1\" content=\"Estimeret l\u00e6setid\" \/>\n\t<meta name=\"twitter:data1\" content=\"4 minutter\" \/>\n<script type=\"application\/ld+json\" class=\"yoast-schema-graph\">{\"@context\":\"https:\/\/schema.org\",\"@graph\":[{\"@type\":\"WebPage\",\"@id\":\"https:\/\/lottomat.com\/da\/spil\/lotto-america\/\",\"url\":\"https:\/\/lottomat.com\/da\/spil\/lotto-america\/\",\"name\":\"Lotto America Online - K\u00f8b amerikanske lotterisedler - LottoMat Danmark\",\"isPartOf\":{\"@id\":\"https:\/\/lottomat.com\/da\/#website\"},\"primaryImageOfPage\":{\"@id\":\"https:\/\/lottomat.com\/da\/spil\/lotto-america\/#primaryimage\"},\"image\":{\"@id\":\"https:\/\/lottomat.com\/da\/spil\/lotto-america\/#primaryimage\"},\"thumbnailUrl\":\"https:\/\/lottomat.com\/wp-content\/uploads\/2025\/12\/American-Lottery-online.webp\",\"datePublished\":\"2025-03-26T09:33:19+00:00\",\"dateModified\":\"2026-03-18T17:37:38+00:00\",\"description\":\"Her kan du k\u00f8be Lotto America lotterisedler online og spille om enest\u00e5ende gevinster. Spil Lotto America online i dag og vind i morgen!\",\"breadcrumb\":{\"@id\":\"https:\/\/lottomat.com\/da\/spil\/lotto-america\/#breadcrumb\"},\"inLanguage\":\"da-DK\",\"potentialAction\":[{\"@type\":\"ReadAction\",\"target\":[\"https:\/\/lottomat.com\/da\/spil\/lotto-america\/\"]}]},{\"@type\":\"ImageObject\",\"inLanguage\":\"da-DK\",\"@id\":\"https:\/\/lottomat.com\/da\/spil\/lotto-america\/#primaryimage\",\"url\":\"https:\/\/lottomat.com\/wp-content\/uploads\/2025\/12\/American-Lottery-online.webp\",\"contentUrl\":\"https:\/\/lottomat.com\/wp-content\/uploads\/2025\/12\/American-Lottery-online.webp\"},{\"@type\":\"BreadcrumbList\",\"@id\":\"https:\/\/lottomat.com\/da\/spil\/lotto-america\/#breadcrumb\",\"itemListElement\":[{\"@type\":\"ListItem\",\"position\":1,\"name\":\"Home\",\"item\":\"https:\/\/lottomat.com\/da\/\"},{\"@type\":\"ListItem\",\"position\":2,\"name\":\"Spil lotteri\",\"item\":\"https:\/\/lottomat.com\/da\/spil\/\"},{\"@type\":\"ListItem\",\"position\":3,\"name\":\"Spil Lotto America online \u2013 Amerikanske lotterisedler\"}]},{\"@type\":\"WebSite\",\"@id\":\"https:\/\/lottomat.com\/da\/#website\",\"url\":\"https:\/\/lottomat.com\/da\/\",\"name\":\"Lottomat\",\"description\":\"\",\"potentialAction\":[{\"@type\":\"SearchAction\",\"target\":{\"@type\":\"EntryPoint\",\"urlTemplate\":\"https:\/\/lottomat.com\/da\/?s={search_term_string}\"},\"query-input\":{\"@type\":\"PropertyValueSpecification\",\"valueRequired\":true,\"valueName\":\"search_term_string\"}}],\"inLanguage\":\"da-DK\"}]}<\/script>\n<!-- \/ Yoast SEO plugin. -->","yoast_head_json":{"title":"Lotto America Online - K\u00f8b amerikanske lotterisedler - LottoMat Danmark","description":"Her kan du k\u00f8be Lotto America lotterisedler online og spille om enest\u00e5ende gevinster. Spil Lotto America online i dag og vind i morgen!","robots":{"index":"index","follow":"follow","max-snippet":"max-snippet:-1","max-image-preview":"max-image-preview:large","max-video-preview":"max-video-preview:-1"},"canonical":"https:\/\/lottomat.com\/da\/spil\/lotto-america\/","og_locale":"da_DK","og_type":"article","og_title":"Lotto America Online - K\u00f8b amerikanske lotterisedler - LottoMat Danmark","og_description":"Her kan du k\u00f8be Lotto America lotterisedler online og spille om enest\u00e5ende gevinster. Spil Lotto America online i dag og vind i morgen!","og_url":"https:\/\/lottomat.com\/da\/spil\/lotto-america\/","og_site_name":"Lottomat","article_modified_time":"2026-03-18T17:37:38+00:00","og_image":[{"width":400,"height":400,"url":"https:\/\/lottomat.com\/wp-content\/uploads\/2025\/12\/American-Lottery-online.webp","type":"image\/webp"}],"twitter_card":"summary_large_image","twitter_misc":{"Estimeret l\u00e6setid":"4 minutter"},"schema":{"@context":"https:\/\/schema.org","@graph":[{"@type":"WebPage","@id":"https:\/\/lottomat.com\/da\/spil\/lotto-america\/","url":"https:\/\/lottomat.com\/da\/spil\/lotto-america\/","name":"Lotto America Online - K\u00f8b amerikanske lotterisedler - LottoMat Danmark","isPartOf":{"@id":"https:\/\/lottomat.com\/da\/#website"},"primaryImageOfPage":{"@id":"https:\/\/lottomat.com\/da\/spil\/lotto-america\/#primaryimage"},"image":{"@id":"https:\/\/lottomat.com\/da\/spil\/lotto-america\/#primaryimage"},"thumbnailUrl":"https:\/\/lottomat.com\/wp-content\/uploads\/2025\/12\/American-Lottery-online.webp","datePublished":"2025-03-26T09:33:19+00:00","dateModified":"2026-03-18T17:37:38+00:00","description":"Her kan du k\u00f8be Lotto America lotterisedler online og spille om enest\u00e5ende gevinster. Spil Lotto America online i dag og vind i morgen!","breadcrumb":{"@id":"https:\/\/lottomat.com\/da\/spil\/lotto-america\/#breadcrumb"},"inLanguage":"da-DK","potentialAction":[{"@type":"ReadAction","target":["https:\/\/lottomat.com\/da\/spil\/lotto-america\/"]}]},{"@type":"ImageObject","inLanguage":"da-DK","@id":"https:\/\/lottomat.com\/da\/spil\/lotto-america\/#primaryimage","url":"https:\/\/lottomat.com\/wp-content\/uploads\/2025\/12\/American-Lottery-online.webp","contentUrl":"https:\/\/lottomat.com\/wp-content\/uploads\/2025\/12\/American-Lottery-online.webp"},{"@type":"BreadcrumbList","@id":"https:\/\/lottomat.com\/da\/spil\/lotto-america\/#breadcrumb","itemListElement":[{"@type":"ListItem","position":1,"name":"Home","item":"https:\/\/lottomat.com\/da\/"},{"@type":"ListItem","position":2,"name":"Spil lotteri","item":"https:\/\/lottomat.com\/da\/spil\/"},{"@type":"ListItem","position":3,"name":"Spil Lotto America online \u2013 Amerikanske lotterisedler"}]},{"@type":"WebSite","@id":"https:\/\/lottomat.com\/da\/#website","url":"https:\/\/lottomat.com\/da\/","name":"Lottomat","description":"","potentialAction":[{"@type":"SearchAction","target":{"@type":"EntryPoint","urlTemplate":"https:\/\/lottomat.com\/da\/?s={search_term_string}"},"query-input":{"@type":"PropertyValueSpecification","valueRequired":true,"valueName":"search_term_string"}}],"inLanguage":"da-DK"}]}},"_links":{"self":[{"href":"https:\/\/lottomat.com\/da\/wp-json\/wp\/v2\/pages\/7931","targetHints":{"allow":["GET"]}}],"collection":[{"href":"https:\/\/lottomat.com\/da\/wp-json\/wp\/v2\/pages"}],"about":[{"href":"https:\/\/lottomat.com\/da\/wp-json\/wp\/v2\/types\/page"}],"author":[{"embeddable":true,"href":"https:\/\/lottomat.com\/da\/wp-json\/wp\/v2\/users\/1"}],"replies":[{"embeddable":true,"href":"https:\/\/lottomat.com\/da\/wp-json\/wp\/v2\/comments?post=7931"}],"version-history":[{"count":2,"href":"https:\/\/lottomat.com\/da\/wp-json\/wp\/v2\/pages\/7931\/revisions"}],"predecessor-version":[{"id":274045,"href":"https:\/\/lottomat.com\/da\/wp-json\/wp\/v2\/pages\/7931\/revisions\/274045"}],"up":[{"embeddable":true,"href":"https:\/\/lottomat.com\/da\/wp-json\/wp\/v2\/pages\/6765"}],"wp:attachment":[{"href":"https:\/\/lottomat.com\/da\/wp-json\/wp\/v2\/media?parent=7931"}],"curies":[{"name":"wp","href":"https:\/\/api.w.org\/{rel}","templated":true}]}}