{"id":6390,"date":"2025-03-26T07:12:15","date_gmt":"2025-03-26T07:12:15","guid":{"rendered":"https:\/\/lottomat.net\/hjem-verdens-stoerste-lotterier-paa-et-sted\/"},"modified":"2026-02-13T11:41:54","modified_gmt":"2026-02-13T11:41:54","slug":"hjem-verdens-stoerste-lotterier-paa-et-sted","status":"publish","type":"page","link":"https:\/\/lottomat.com\/da\/","title":{"rendered":"Lottomat &#8211; verdens st\u00f8rste lotterier p\u00e5 \u00e9t sted"},"content":{"rendered":"\n\n<div class=\"kk-star-ratings kksr-auto kksr-align-left kksr-valign-top\"\n    data-payload='{&quot;align&quot;:&quot;left&quot;,&quot;id&quot;:&quot;6390&quot;,&quot;slug&quot;:&quot;default&quot;,&quot;valign&quot;:&quot;top&quot;,&quot;ignore&quot;:&quot;&quot;,&quot;reference&quot;:&quot;auto&quot;,&quot;class&quot;:&quot;&quot;,&quot;count&quot;:&quot;0&quot;,&quot;legendonly&quot;:&quot;&quot;,&quot;readonly&quot;:&quot;&quot;,&quot;score&quot;:&quot;0&quot;,&quot;starsonly&quot;:&quot;&quot;,&quot;best&quot;:&quot;5&quot;,&quot;gap&quot;:&quot;5&quot;,&quot;greet&quot;:&quot;Rate this page&quot;,&quot;legend&quot;:&quot;0\\\/5 - (0 votes)&quot;,&quot;size&quot;:&quot;30&quot;,&quot;title&quot;:&quot;Lottomat - verdens st\u00f8rste lotterier p\u00e5 \u00e9t sted&quot;,&quot;width&quot;:&quot;0&quot;,&quot;_legend&quot;:&quot;{score}\\\/{best} - ({count} {votes})&quot;,&quot;font_factor&quot;:&quot;1.25&quot;}'>\n            \n<div class=\"kksr-stars\">\n    \n<div class=\"kksr-stars-inactive\">\n            <div class=\"kksr-star\" data-star=\"1\" style=\"padding-right: 5px\">\n            \n\n<div class=\"kksr-icon\" style=\"width: 30px; height: 30px;\"><\/div>\n        <\/div>\n            <div class=\"kksr-star\" data-star=\"2\" style=\"padding-right: 5px\">\n            \n\n<div class=\"kksr-icon\" style=\"width: 30px; height: 30px;\"><\/div>\n        <\/div>\n            <div class=\"kksr-star\" data-star=\"3\" style=\"padding-right: 5px\">\n            \n\n<div class=\"kksr-icon\" style=\"width: 30px; height: 30px;\"><\/div>\n        <\/div>\n            <div class=\"kksr-star\" data-star=\"4\" style=\"padding-right: 5px\">\n            \n\n<div class=\"kksr-icon\" style=\"width: 30px; height: 30px;\"><\/div>\n        <\/div>\n            <div class=\"kksr-star\" data-star=\"5\" style=\"padding-right: 5px\">\n            \n\n<div class=\"kksr-icon\" style=\"width: 30px; height: 30px;\"><\/div>\n        <\/div>\n    <\/div>\n    \n<div class=\"kksr-stars-active\" style=\"width: 0px;\">\n            <div class=\"kksr-star\" style=\"padding-right: 5px\">\n            \n\n<div class=\"kksr-icon\" style=\"width: 30px; height: 30px;\"><\/div>\n        <\/div>\n            <div class=\"kksr-star\" style=\"padding-right: 5px\">\n            \n\n<div class=\"kksr-icon\" style=\"width: 30px; height: 30px;\"><\/div>\n        <\/div>\n            <div class=\"kksr-star\" style=\"padding-right: 5px\">\n            \n\n<div class=\"kksr-icon\" style=\"width: 30px; height: 30px;\"><\/div>\n        <\/div>\n            <div class=\"kksr-star\" style=\"padding-right: 5px\">\n            \n\n<div class=\"kksr-icon\" style=\"width: 30px; height: 30px;\"><\/div>\n        <\/div>\n            <div class=\"kksr-star\" style=\"padding-right: 5px\">\n            \n\n<div class=\"kksr-icon\" style=\"width: 30px; height: 30px;\"><\/div>\n        <\/div>\n    <\/div>\n<\/div>\n                \n\n<div class=\"kksr-legend\" style=\"font-size: 24px;\">\n            <span class=\"kksr-muted\">Rate this page<\/span>\n    <\/div>\n    <\/div>\n<h2 style=\"text-align: left;\"><img loading=\"lazy\" decoding=\"async\" class=\"alignleft wp-image-1091\" src=\"https:\/\/lottomat.com\/wp-content\/uploads\/2025\/03\/play-lotteries-available-in-other-countries-300x300.png\" alt=\"spil lotterier tilg\u00e6ngelige i andre lande\" width=\"130\" height=\"130\" srcset=\"https:\/\/lottomat.com\/wp-content\/uploads\/2025\/03\/play-lotteries-available-in-other-countries-300x300.png 300w, https:\/\/lottomat.com\/wp-content\/uploads\/2025\/03\/play-lotteries-available-in-other-countries-150x150.png 150w, https:\/\/lottomat.com\/wp-content\/uploads\/2025\/03\/play-lotteries-available-in-other-countries-100x100.png 100w, https:\/\/lottomat.com\/wp-content\/uploads\/2025\/03\/play-lotteries-available-in-other-countries.png 400w\" sizes=\"auto, (max-width: 130px) 100vw, 130px\" \/>Kan jeg spille lotterier tilg\u00e6ngelige i andre lande?<\/h2>\n<p>Ja, ja, ja! Svaret p\u00e5 det mest stillede sp\u00f8rgsm\u00e5l fra vores spillere er ja &#8211; du kan spille verdens st\u00f8rste lotterier uanset dit bop\u00e6lsland. P\u00e5 Lottomat-hjemmesiden er de st\u00f8rste lotterier tilg\u00e6ngelige for dig uden behov for at bes\u00f8ge noget lotterikontor, inklusive det n\u00e6rmeste i dit bop\u00e6lsland. Hos Lottomat finder du lotterier, der garanterer de st\u00f8rste gevinster, blandt dem SuperEnalotto, hvor du for at vinde hovedpr\u00e6mien skal matche 6 tal ud af 90 korrekt. Der er ogs\u00e5 Eurojackpot og EuroMillions, som er de mest betydningsfulde europ\u00e6iske lotterier; for at vinde beh\u00f8ver du kun at v\u00e6lge fem tal ud af 50. Hos os kan du ogs\u00e5 spille French Lotto, UK Lotto eller to fantastiske spanske lotterier, El Gordo og La Primitiva, der tilbyder en h\u00f8j chance for at vinde. I vores portef\u00f8lje finder du ogs\u00e5 de st\u00f8rste amerikanske lotterier, herunder Powerball, Mega Millions og mange andre attraktive muligheder, som giver dig mulighed for at \u00f8ge dine chancer for at vinde.<\/p>\n<hr \/>\n<h2><img loading=\"lazy\" decoding=\"async\" class=\"alignleft wp-image-21538 lazy loaded\" src=\"https:\/\/lottomat.net\/wp-content\/uploads\/2020\/06\/euro-jackpot-2.png\" alt=\"euro jackpot\" width=\"130\" height=\"130\" data-src=\"https:\/\/lottomat.net\/wp-content\/uploads\/2020\/06\/euro-jackpot-2.png\" data-was-processed=\"true\" srcset=\"https:\/\/lottomat.com\/wp-content\/uploads\/2020\/06\/euro-jackpot-2.png 400w, https:\/\/lottomat.com\/wp-content\/uploads\/2020\/06\/euro-jackpot-2-300x300.png 300w, https:\/\/lottomat.com\/wp-content\/uploads\/2020\/06\/euro-jackpot-2-150x150.png 150w, https:\/\/lottomat.com\/wp-content\/uploads\/2020\/06\/euro-jackpot-2-100x100.png 100w\" sizes=\"auto, (max-width: 130px) 100vw, 130px\" \/>Hvordan kan jeg k\u00f8be billetterne?<\/h2>\n<p>At k\u00f8be lottokuponner online er ekstremt simpelt, hurtigt og frem for alt sikkert. Alt du skal g\u00f8re er at v\u00e6lge et lotteri, v\u00e6lge tallene, fuldf\u00f8re en simpel registrering, betale kuponen og verificere, at du har valgt korrekt efter lodtr\u00e6kningen.<\/p>\n<hr \/>\n<h2><img loading=\"lazy\" decoding=\"async\" class=\"alignleft wp-image-21566 lazy loaded\" src=\"https:\/\/lottomat.net\/wp-content\/uploads\/2020\/06\/Euro-Million.png\" alt=\"Euro Million\" width=\"130\" height=\"130\" data-src=\"https:\/\/lottomat.net\/wp-content\/uploads\/2020\/06\/Euro-Million.png\" data-was-processed=\"true\" srcset=\"https:\/\/lottomat.com\/wp-content\/uploads\/2020\/06\/Euro-Million.png 400w, https:\/\/lottomat.com\/wp-content\/uploads\/2020\/06\/Euro-Million-300x300.png 300w, https:\/\/lottomat.com\/wp-content\/uploads\/2020\/06\/Euro-Million-150x150.png 150w, https:\/\/lottomat.com\/wp-content\/uploads\/2020\/06\/Euro-Million-100x100.png 100w\" sizes=\"auto, (max-width: 130px) 100vw, 130px\" \/>Hvad sker der, efter jeg har bestilt kuponen online?<\/h2>\n<p>En af vores repr\u00e6sentanter vil k\u00f8be en officiel kupon p\u00e5 dine vegne i henhold til de tal, du har valgt. Din kupon vil blive opbevaret i boksen indtil lodtr\u00e6kningen, og de tal, du har valgt, vil v\u00e6re p\u00e5 din brugerkonto p\u00e5 vores side. Desuden, n\u00e5r du foretager et k\u00f8b, vil Lottomat ogs\u00e5 underrette dig via e-mail om det bel\u00f8b, der er brugt p\u00e5 k\u00f8b af billetter, betalingsmetoden og de tal, du har valgt. Derudover vil en scanning af den k\u00f8bte kupon blive placeret p\u00e5 din konto.<\/p>\n<hr \/>\n<h2><img loading=\"lazy\" decoding=\"async\" class=\"alignleft wp-image-21594 lazy loaded\" src=\"https:\/\/lottomat.net\/wp-content\/uploads\/2020\/06\/Euro-Millions.png\" alt=\"Euro Millions\" width=\"122\" height=\"122\" data-src=\"https:\/\/lottomat.net\/wp-content\/uploads\/2020\/06\/Euro-Millions.png\" data-was-processed=\"true\" srcset=\"https:\/\/lottomat.com\/wp-content\/uploads\/2020\/06\/Euro-Millions.png 400w, https:\/\/lottomat.com\/wp-content\/uploads\/2020\/06\/Euro-Millions-300x300.png 300w, https:\/\/lottomat.com\/wp-content\/uploads\/2020\/06\/Euro-Millions-150x150.png 150w, https:\/\/lottomat.com\/wp-content\/uploads\/2020\/06\/Euro-Millions-100x100.png 100w\" sizes=\"auto, (max-width: 122px) 100vw, 122px\" \/>Hvordan undg\u00e5r jeg at g\u00e5 glip af jackpots?<\/h2>\n<p>Lottomat vil holde dig informeret om kommende jackpots. Du vil modtage en e-mail i forvejen for at minde dig om den kommende lodtr\u00e6kning, og du vil kunne planl\u00e6gge din spilplan ved hj\u00e6lp af abonnementsmuligheden.<\/p>\n<p>&nbsp;<\/p>\n<hr \/>\n<h2><img loading=\"lazy\" decoding=\"async\" class=\"alignleft wp-image-21622 lazy loaded\" src=\"https:\/\/lottomat.net\/wp-content\/uploads\/2020\/06\/mega-millions.png\" alt=\"mega millions\" width=\"130\" height=\"130\" data-src=\"https:\/\/lottomat.net\/wp-content\/uploads\/2020\/06\/mega-millions.png\" data-was-processed=\"true\" srcset=\"https:\/\/lottomat.com\/wp-content\/uploads\/2020\/06\/mega-millions.png 400w, https:\/\/lottomat.com\/wp-content\/uploads\/2020\/06\/mega-millions-300x300.png 300w, https:\/\/lottomat.com\/wp-content\/uploads\/2020\/06\/mega-millions-150x150.png 150w, https:\/\/lottomat.com\/wp-content\/uploads\/2020\/06\/mega-millions-100x100.png 100w\" sizes=\"auto, (max-width: 130px) 100vw, 130px\" \/>Hvad hvis jeg vinder?<\/h2>\n<p>Ogs\u00e5 p\u00e5 dette tidspunkt g\u00f8r Lottomat det lettere for dig at indsamle dine gevinster. Alle dine gevinster, op til EUR 2.500, krediteres automatisk til din konto i vores system umiddelbart efter lodtr\u00e6kningen og kan bruges til dine efterf\u00f8lgende k\u00f8b eller anmodes om som en udbetaling fra din konto. Du g\u00f8r alt dette online &#8211; bekvemt og sikkert. I tilf\u00e6lde af betydelige pr\u00e6mier vil Lottomat hj\u00e6lpe dig med at v\u00e6lge den mest bekvemme form for at modtage pr\u00e6mien. Store pr\u00e6mier inds\u00e6ttes typisk p\u00e5 den bankkonto, du angiver, og kan i nogle tilf\u00e6lde kr\u00e6ve din tilstedev\u00e6relse for at g\u00f8re krav p\u00e5 gevinsterne. Vi vil ogs\u00e5 arrangere dette, s\u00e5 du fuldt ud kan nyde gevinsterne, som mange af vores nuv\u00e6rende vindere har.<\/p>\n<hr \/>\n<h2><img loading=\"lazy\" decoding=\"async\" class=\"alignleft wp-image-21650 lazy loaded\" src=\"https:\/\/lottomat.net\/wp-content\/uploads\/2020\/06\/online-lotto.png\" alt=\"online lotto\" width=\"130\" height=\"130\" data-src=\"https:\/\/lottomat.net\/wp-content\/uploads\/2020\/06\/online-lotto.png\" data-was-processed=\"true\" srcset=\"https:\/\/lottomat.com\/wp-content\/uploads\/2020\/06\/online-lotto.png 400w, https:\/\/lottomat.com\/wp-content\/uploads\/2020\/06\/online-lotto-300x300.png 300w, https:\/\/lottomat.com\/wp-content\/uploads\/2020\/06\/online-lotto-150x150.png 150w, https:\/\/lottomat.com\/wp-content\/uploads\/2020\/06\/online-lotto-100x100.png 100w\" sizes=\"auto, (max-width: 130px) 100vw, 130px\" \/>Er der nogen metoder til at vinde?<\/h2>\n<p>Vi \u00f8nsker at forsikre dig om, at vi ikke kender til s\u00e5danne metoder. Lotterier er ligesom de fleste talspil baseret p\u00e5 tilf\u00e6ldighed. Du har sikkert h\u00f8rt, at nogen har opdaget et system til Lotto-spillet eller et andet hasardspil. P\u00e5 trods af beviser, der tyder p\u00e5, at bestemte tal tr\u00e6kkes oftere end andre, er eksperter enige om, at der ikke er noget bevist system. Dette er Lotto-paradokset. Alle har de samme chancer her, s\u00e5 m\u00e5ske vinder netop dit s\u00e6t af tal i dag. S\u00e5 lad os spille systematisk, fordi sk\u00e6bnen kan smile n\u00e5r som helst. Vores nuv\u00e6rende vindere antyder, at regelm\u00e6ssighed og konsekvent spil er n\u00f8glerne til at vinde.<\/p>\n<hr \/>\n<h2 style=\"text-align: center;\"><span style=\"color: #00b3ff;\">Hos os kan du spille 24\/7, 365 dage om \u00e5ret.<\/span><\/h2>\n","protected":false},"excerpt":{"rendered":"<p>Kan jeg spille lotterier tilg\u00e6ngelige i andre lande? Ja, ja, ja! Svaret p\u00e5 det mest stillede sp\u00f8rgsm\u00e5l fra vores spillere er ja &#8211; du kan spille verdens st\u00f8rste lotterier uanset dit bop\u00e6lsland. P\u00e5 Lottomat-hjemmesiden er de st\u00f8rste lotterier tilg\u00e6ngelige for dig uden behov for at bes\u00f8ge noget lotterikontor, inklusive det n\u00e6rmeste i dit bop\u00e6lsland. Hos [&hellip;]<\/p>\n","protected":false},"author":1,"featured_media":0,"parent":0,"menu_order":1,"comment_status":"closed","ping_status":"closed","template":"lotto.php","meta":{"_et_pb_use_builder":"","_et_pb_old_content":"","_et_gb_content_width":"","exclude_from_search":false,"footnotes":""},"class_list":["post-6390","page","type-page","status-publish","hentry"],"yoast_head":"<!-- This site is optimized with the Yoast SEO plugin v23.8 - https:\/\/yoast.com\/wordpress\/plugins\/seo\/ -->\n<title>Lotto online - k\u00f8b lodder online - Lottomat.com<\/title>\n<meta name=\"description\" content=\"Lottomat tilbyder de st\u00f8rste lotterier i verden med de bedste jackpots. Spil online og vind stort! K\u00f8b lodder og tjek resultaterne.\" \/>\n<meta name=\"robots\" content=\"index, follow, max-snippet:-1, max-image-preview:large, max-video-preview:-1\" \/>\n<link rel=\"canonical\" href=\"https:\/\/lottomat.com\/da\/\" \/>\n<meta property=\"og:locale\" content=\"da_DK\" \/>\n<meta property=\"og:type\" content=\"article\" \/>\n<meta property=\"og:title\" content=\"Lotto online - k\u00f8b lodder online - Lottomat.com\" \/>\n<meta property=\"og:description\" content=\"Lottomat tilbyder de st\u00f8rste lotterier i verden med de bedste jackpots. Spil online og vind stort! K\u00f8b lodder og tjek resultaterne.\" \/>\n<meta property=\"og:url\" content=\"https:\/\/lottomat.com\/da\/\" \/>\n<meta property=\"og:site_name\" content=\"Lottomat\" \/>\n<meta property=\"article:modified_time\" content=\"2026-02-13T11:41:54+00:00\" \/>\n<meta property=\"og:image\" content=\"https:\/\/lottomat.com\/wp-content\/uploads\/2025\/03\/play-lotteries-available-in-other-countries-300x300.png\" \/>\n<meta name=\"twitter:card\" content=\"summary_large_image\" \/>\n<meta name=\"twitter:label1\" content=\"Estimeret l\u00e6setid\" \/>\n\t<meta name=\"twitter:data1\" content=\"4 minutter\" \/>\n<script type=\"application\/ld+json\" class=\"yoast-schema-graph\">{\"@context\":\"https:\/\/schema.org\",\"@graph\":[{\"@type\":\"WebPage\",\"@id\":\"https:\/\/lottomat.com\/da\/\",\"url\":\"https:\/\/lottomat.com\/da\/\",\"name\":\"Lotto online - k\u00f8b lodder online - Lottomat.com\",\"isPartOf\":{\"@id\":\"https:\/\/lottomat.com\/da\/#website\"},\"primaryImageOfPage\":{\"@id\":\"https:\/\/lottomat.com\/da\/#primaryimage\"},\"image\":{\"@id\":\"https:\/\/lottomat.com\/da\/#primaryimage\"},\"thumbnailUrl\":\"https:\/\/lottomat.com\/wp-content\/uploads\/2025\/03\/play-lotteries-available-in-other-countries-300x300.png\",\"datePublished\":\"2025-03-26T07:12:15+00:00\",\"dateModified\":\"2026-02-13T11:41:54+00:00\",\"description\":\"Lottomat tilbyder de st\u00f8rste lotterier i verden med de bedste jackpots. Spil online og vind stort! K\u00f8b lodder og tjek resultaterne.\",\"breadcrumb\":{\"@id\":\"https:\/\/lottomat.com\/da\/#breadcrumb\"},\"inLanguage\":\"da-DK\",\"potentialAction\":[{\"@type\":\"ReadAction\",\"target\":[\"https:\/\/lottomat.com\/da\/\"]}]},{\"@type\":\"ImageObject\",\"inLanguage\":\"da-DK\",\"@id\":\"https:\/\/lottomat.com\/da\/#primaryimage\",\"url\":\"https:\/\/lottomat.com\/wp-content\/uploads\/2025\/03\/play-lotteries-available-in-other-countries-300x300.png\",\"contentUrl\":\"https:\/\/lottomat.com\/wp-content\/uploads\/2025\/03\/play-lotteries-available-in-other-countries-300x300.png\"},{\"@type\":\"BreadcrumbList\",\"@id\":\"https:\/\/lottomat.com\/da\/#breadcrumb\",\"itemListElement\":[{\"@type\":\"ListItem\",\"position\":1,\"name\":\"Home\",\"item\":\"https:\/\/lottomat.com\/da\/\"},{\"@type\":\"ListItem\",\"position\":2,\"name\":\"Lottomat &#8211; verdens st\u00f8rste lotterier p\u00e5 \u00e9t sted\"}]},{\"@type\":\"WebSite\",\"@id\":\"https:\/\/lottomat.com\/da\/#website\",\"url\":\"https:\/\/lottomat.com\/da\/\",\"name\":\"Lottomat\",\"description\":\"\",\"potentialAction\":[{\"@type\":\"SearchAction\",\"target\":{\"@type\":\"EntryPoint\",\"urlTemplate\":\"https:\/\/lottomat.com\/da\/?s={search_term_string}\"},\"query-input\":{\"@type\":\"PropertyValueSpecification\",\"valueRequired\":true,\"valueName\":\"search_term_string\"}}],\"inLanguage\":\"da-DK\"}]}<\/script>\n<!-- \/ Yoast SEO plugin. -->","yoast_head_json":{"title":"Lotto online - k\u00f8b lodder online - Lottomat.com","description":"Lottomat tilbyder de st\u00f8rste lotterier i verden med de bedste jackpots. Spil online og vind stort! K\u00f8b lodder og tjek resultaterne.","robots":{"index":"index","follow":"follow","max-snippet":"max-snippet:-1","max-image-preview":"max-image-preview:large","max-video-preview":"max-video-preview:-1"},"canonical":"https:\/\/lottomat.com\/da\/","og_locale":"da_DK","og_type":"article","og_title":"Lotto online - k\u00f8b lodder online - Lottomat.com","og_description":"Lottomat tilbyder de st\u00f8rste lotterier i verden med de bedste jackpots. Spil online og vind stort! K\u00f8b lodder og tjek resultaterne.","og_url":"https:\/\/lottomat.com\/da\/","og_site_name":"Lottomat","article_modified_time":"2026-02-13T11:41:54+00:00","og_image":[{"url":"https:\/\/lottomat.com\/wp-content\/uploads\/2025\/03\/play-lotteries-available-in-other-countries-300x300.png"}],"twitter_card":"summary_large_image","twitter_misc":{"Estimeret l\u00e6setid":"4 minutter"},"schema":{"@context":"https:\/\/schema.org","@graph":[{"@type":"WebPage","@id":"https:\/\/lottomat.com\/da\/","url":"https:\/\/lottomat.com\/da\/","name":"Lotto online - k\u00f8b lodder online - Lottomat.com","isPartOf":{"@id":"https:\/\/lottomat.com\/da\/#website"},"primaryImageOfPage":{"@id":"https:\/\/lottomat.com\/da\/#primaryimage"},"image":{"@id":"https:\/\/lottomat.com\/da\/#primaryimage"},"thumbnailUrl":"https:\/\/lottomat.com\/wp-content\/uploads\/2025\/03\/play-lotteries-available-in-other-countries-300x300.png","datePublished":"2025-03-26T07:12:15+00:00","dateModified":"2026-02-13T11:41:54+00:00","description":"Lottomat tilbyder de st\u00f8rste lotterier i verden med de bedste jackpots. Spil online og vind stort! K\u00f8b lodder og tjek resultaterne.","breadcrumb":{"@id":"https:\/\/lottomat.com\/da\/#breadcrumb"},"inLanguage":"da-DK","potentialAction":[{"@type":"ReadAction","target":["https:\/\/lottomat.com\/da\/"]}]},{"@type":"ImageObject","inLanguage":"da-DK","@id":"https:\/\/lottomat.com\/da\/#primaryimage","url":"https:\/\/lottomat.com\/wp-content\/uploads\/2025\/03\/play-lotteries-available-in-other-countries-300x300.png","contentUrl":"https:\/\/lottomat.com\/wp-content\/uploads\/2025\/03\/play-lotteries-available-in-other-countries-300x300.png"},{"@type":"BreadcrumbList","@id":"https:\/\/lottomat.com\/da\/#breadcrumb","itemListElement":[{"@type":"ListItem","position":1,"name":"Home","item":"https:\/\/lottomat.com\/da\/"},{"@type":"ListItem","position":2,"name":"Lottomat &#8211; verdens st\u00f8rste lotterier p\u00e5 \u00e9t sted"}]},{"@type":"WebSite","@id":"https:\/\/lottomat.com\/da\/#website","url":"https:\/\/lottomat.com\/da\/","name":"Lottomat","description":"","potentialAction":[{"@type":"SearchAction","target":{"@type":"EntryPoint","urlTemplate":"https:\/\/lottomat.com\/da\/?s={search_term_string}"},"query-input":{"@type":"PropertyValueSpecification","valueRequired":true,"valueName":"search_term_string"}}],"inLanguage":"da-DK"}]}},"_links":{"self":[{"href":"https:\/\/lottomat.com\/da\/wp-json\/wp\/v2\/pages\/6390","targetHints":{"allow":["GET"]}}],"collection":[{"href":"https:\/\/lottomat.com\/da\/wp-json\/wp\/v2\/pages"}],"about":[{"href":"https:\/\/lottomat.com\/da\/wp-json\/wp\/v2\/types\/page"}],"author":[{"embeddable":true,"href":"https:\/\/lottomat.com\/da\/wp-json\/wp\/v2\/users\/1"}],"replies":[{"embeddable":true,"href":"https:\/\/lottomat.com\/da\/wp-json\/wp\/v2\/comments?post=6390"}],"version-history":[{"count":1,"href":"https:\/\/lottomat.com\/da\/wp-json\/wp\/v2\/pages\/6390\/revisions"}],"predecessor-version":[{"id":270987,"href":"https:\/\/lottomat.com\/da\/wp-json\/wp\/v2\/pages\/6390\/revisions\/270987"}],"wp:attachment":[{"href":"https:\/\/lottomat.com\/da\/wp-json\/wp\/v2\/media?parent=6390"}],"curies":[{"name":"wp","href":"https:\/\/api.w.org\/{rel}","templated":true}]}}