{"id":274075,"date":"2025-05-18T16:33:53","date_gmt":"2025-05-18T16:33:53","guid":{"rendered":"https:\/\/lottomat.com\/?page_id=274075"},"modified":"2026-03-18T22:05:53","modified_gmt":"2026-03-18T22:05:53","slug":"euromillions-eu","status":"publish","type":"page","link":"https:\/\/lottomat.com\/da\/lotterier\/euromillions-eu\/","title":{"rendered":"EuroMillions Austria regler: Pr\u00e6mier og jackpot"},"content":{"rendered":"\n\n<div class=\"kk-star-ratings kksr-auto kksr-align-left kksr-valign-top\"\n    data-payload='{&quot;align&quot;:&quot;left&quot;,&quot;id&quot;:&quot;274075&quot;,&quot;slug&quot;:&quot;default&quot;,&quot;valign&quot;:&quot;top&quot;,&quot;ignore&quot;:&quot;&quot;,&quot;reference&quot;:&quot;auto&quot;,&quot;class&quot;:&quot;&quot;,&quot;count&quot;:&quot;0&quot;,&quot;legendonly&quot;:&quot;&quot;,&quot;readonly&quot;:&quot;&quot;,&quot;score&quot;:&quot;0&quot;,&quot;starsonly&quot;:&quot;&quot;,&quot;best&quot;:&quot;5&quot;,&quot;gap&quot;:&quot;5&quot;,&quot;greet&quot;:&quot;Rate this page&quot;,&quot;legend&quot;:&quot;0\\\/5 - (0 votes)&quot;,&quot;size&quot;:&quot;30&quot;,&quot;title&quot;:&quot;EuroMillions Austria regler: Pr\u00e6mier og jackpot&quot;,&quot;width&quot;:&quot;0&quot;,&quot;_legend&quot;:&quot;{score}\\\/{best} - ({count} {votes})&quot;,&quot;font_factor&quot;:&quot;1.25&quot;}'>\n            \n<div class=\"kksr-stars\">\n    \n<div class=\"kksr-stars-inactive\">\n            <div class=\"kksr-star\" data-star=\"1\" style=\"padding-right: 5px\">\n            \n\n<div class=\"kksr-icon\" style=\"width: 30px; height: 30px;\"><\/div>\n        <\/div>\n            <div class=\"kksr-star\" data-star=\"2\" style=\"padding-right: 5px\">\n            \n\n<div class=\"kksr-icon\" style=\"width: 30px; height: 30px;\"><\/div>\n        <\/div>\n            <div class=\"kksr-star\" data-star=\"3\" style=\"padding-right: 5px\">\n            \n\n<div class=\"kksr-icon\" style=\"width: 30px; height: 30px;\"><\/div>\n        <\/div>\n            <div class=\"kksr-star\" data-star=\"4\" style=\"padding-right: 5px\">\n            \n\n<div class=\"kksr-icon\" style=\"width: 30px; height: 30px;\"><\/div>\n        <\/div>\n            <div class=\"kksr-star\" data-star=\"5\" style=\"padding-right: 5px\">\n            \n\n<div class=\"kksr-icon\" style=\"width: 30px; height: 30px;\"><\/div>\n        <\/div>\n    <\/div>\n    \n<div class=\"kksr-stars-active\" style=\"width: 0px;\">\n            <div class=\"kksr-star\" style=\"padding-right: 5px\">\n            \n\n<div class=\"kksr-icon\" style=\"width: 30px; height: 30px;\"><\/div>\n        <\/div>\n            <div class=\"kksr-star\" style=\"padding-right: 5px\">\n            \n\n<div class=\"kksr-icon\" style=\"width: 30px; height: 30px;\"><\/div>\n        <\/div>\n            <div class=\"kksr-star\" style=\"padding-right: 5px\">\n            \n\n<div class=\"kksr-icon\" style=\"width: 30px; height: 30px;\"><\/div>\n        <\/div>\n            <div class=\"kksr-star\" style=\"padding-right: 5px\">\n            \n\n<div class=\"kksr-icon\" style=\"width: 30px; height: 30px;\"><\/div>\n        <\/div>\n            <div class=\"kksr-star\" style=\"padding-right: 5px\">\n            \n\n<div class=\"kksr-icon\" style=\"width: 30px; height: 30px;\"><\/div>\n        <\/div>\n    <\/div>\n<\/div>\n                \n\n<div class=\"kksr-legend\" style=\"font-size: 24px;\">\n            <span class=\"kksr-muted\">Rate this page<\/span>\n    <\/div>\n    <\/div>\n<h2>Oplev sp\u00e6ndingen ved EuroMillions Austria \u2013 din indgang til gevinster, der kan \u00e6ndre dit liv!<\/h2>\n<p><img loading=\"lazy\" decoding=\"async\" class=\"alignleft wp-image-268187\" src=\"https:\/\/lottomat.com\/wp-content\/uploads\/2026\/01\/Austrian-EuroMillions-prizes.webp\" alt=\"EuroMillions Austria pr\u00e6mier\" width=\"200\" height=\"200\" srcset=\"https:\/\/lottomat.com\/wp-content\/uploads\/2026\/01\/Austrian-EuroMillions-prizes.webp 400w, https:\/\/lottomat.com\/wp-content\/uploads\/2026\/01\/Austrian-EuroMillions-prizes-300x300.webp 300w, https:\/\/lottomat.com\/wp-content\/uploads\/2026\/01\/Austrian-EuroMillions-prizes-150x150.webp 150w, https:\/\/lottomat.com\/wp-content\/uploads\/2026\/01\/Austrian-EuroMillions-prizes-100x100.webp 100w\" sizes=\"auto, (max-width: 200px) 100vw, 200px\" \/>Forestil dig at v\u00e5gne i morgen og indse, at dine dr\u00f8mme endelig kan g\u00e5 i opfyldelse \u2013 et luksuri\u00f8st hus, eksotiske ferier, \u00f8konomisk tryghed for dine n\u00e6rmeste og friheden til at leve livet p\u00e5 dine egne pr\u00e6misser. Med EuroMillions Austria, officielt kendt som EuroMillions EU, kan denne dr\u00f8m blive til virkelighed! Som et af Europas mest popul\u00e6re og sp\u00e6ndende lotterier giver EuroMillions Austria dig en unik chance for at vinde imponerende jackpots og blive en del af en sp\u00e6ndende oplevelse, der kan \u00e6ndre dit liv. Lad os dykke ned i alt, hvad du beh\u00f8ver at vide om dette utrolige lotteri, og hvad der adskiller det fra den britiske version. L\u00e6r mere om reglerne for EuroMillions Austria, og derefter&#8230; <a href=\"https:\/\/lottomat.com\/da\/spil\/euromillions-eu\/\">spil EuroMillions Austria online<\/a> hos Lottomat!<\/p>\n<h2>Hvad er EuroMillions Austria (EuroMillions EU)?<\/h2>\n<p>EuroMillions Austria er \u00d8strigs deltagelse i det ber\u00f8mte EuroMillions-lotteri, et europ\u00e6isk, tv\u00e6rnationalt lotteri, der samler spillere fra \u00d8strig, Spanien, Frankrig, Belgien, Irland, Luxembourg, Portugal og Schweiz. Lanceret i 2004 blev EuroMillions hurtigt en sensation i hele Europa takket v\u00e6re sine enorme jackpots og enkle, engagerende spilformat.<\/p>\n<p>For at spille EuroMillions Austria v\u00e6lger deltagerne fem hovedtal fra 1 til 50 og to Lucky Star-tal fra 1 til 12. Tr\u00e6kninger finder sted hver tirsdag og fredag aften i Paris, og sp\u00e6ndingen er til at tage og f\u00f8le p\u00e5, n\u00e5r millioner af europ\u00e6ere holder vejret i h\u00e5b om at se deres tal blive trukket!<\/p>\n<h2>Hvordan fungerer EuroMillions Austria? EuroMillions Austria regler<img loading=\"lazy\" decoding=\"async\" class=\"alignright wp-image-268217\" src=\"https:\/\/lottomat.com\/wp-content\/uploads\/2026\/01\/Austrian-EuroMillions-rules.webp\" alt=\"EuroMillions Austria regler\" width=\"200\" height=\"200\" srcset=\"https:\/\/lottomat.com\/wp-content\/uploads\/2026\/01\/Austrian-EuroMillions-rules.webp 400w, https:\/\/lottomat.com\/wp-content\/uploads\/2026\/01\/Austrian-EuroMillions-rules-300x300.webp 300w, https:\/\/lottomat.com\/wp-content\/uploads\/2026\/01\/Austrian-EuroMillions-rules-150x150.webp 150w, https:\/\/lottomat.com\/wp-content\/uploads\/2026\/01\/Austrian-EuroMillions-rules-100x100.webp 100w\" sizes=\"auto, (max-width: 200px) 100vw, 200px\" \/><\/h2>\n<p>Det er nemt at komme i gang og tilg\u00e6ngeligt for alle. <a href=\"https:\/\/lottomat.com\/da\/spil\/\">Du kan k\u00f8be lotteritickets<\/a> hos autoriserede forhandlere i hele \u00d8strig eller spille online fra komforten i dit eget hjem. Minimumsjackpotten starter ved imponerende 17 millioner \u20ac, men med overf\u00f8rsler kan den stige til hele 240 millioner \u20ac! Der er 13 forskellige pr\u00e6mieniveauer, hvilket betyder, at du har flere chancer for at vinde \u2013 selv hvis du ikke rammer jackpotten.<\/p>\n<p>N\u00e5r du spiller EuroMillions Austria, deltager du ikke bare i et lotteri \u2013 du bliver en del af et f\u00e6llesskab af dr\u00f8mmere, der alle h\u00e5ber p\u00e5 det magiske \u00f8jeblik, hvor deres liv \u00e6ndrer sig for altid. Uanset om du vinder en mindre pr\u00e6mie eller rammer rekordjackpotten, rummer hver ticket l\u00f8ftet om en lysere fremtid.<\/p>\n<h2>EuroMillions Austria vs EuroMillions UK \u2013 Vigtige forskelle<\/h2>\n<p><img loading=\"lazy\" decoding=\"async\" class=\"alignleft wp-image-268247\" src=\"https:\/\/lottomat.com\/wp-content\/uploads\/2026\/01\/EuroMillions-Austria-jackpot.webp\" alt=\"EuroMillions Austria jackpot\" width=\"200\" height=\"200\" srcset=\"https:\/\/lottomat.com\/wp-content\/uploads\/2026\/01\/EuroMillions-Austria-jackpot.webp 400w, https:\/\/lottomat.com\/wp-content\/uploads\/2026\/01\/EuroMillions-Austria-jackpot-300x300.webp 300w, https:\/\/lottomat.com\/wp-content\/uploads\/2026\/01\/EuroMillions-Austria-jackpot-150x150.webp 150w, https:\/\/lottomat.com\/wp-content\/uploads\/2026\/01\/EuroMillions-Austria-jackpot-100x100.webp 100w\" sizes=\"auto, (max-width: 200px) 100vw, 200px\" \/>Selvom b\u00e5de \u00d8strig og Storbritannien deltager i EuroMillions, er der nogle vigtige forskelle, du b\u00f8r kende til:<\/p>\n<ol>\n<li><strong>Ticketpris<\/strong>: I \u00d8strig koster en <a href=\"https:\/\/lottomat.com\/da\/spil\/euromillions-eu\/\">EuroMillions Austria ticket<\/a> i euro. I Storbritannien beregnes ticketprisen i britiske pund og er lidt h\u00f8jere end i \u00d8strig, fordi den inkluderer deltagelse i spillet UK Millionaire Maker, som garanterer mindst \u00e9n britisk million\u00e6r ved hver tr\u00e6kning.<\/li>\n<li><strong>Valuta og pr\u00e6mier<\/strong>: EuroMillions Austria pr\u00e6mier udbetales i euro, mens spillere i UK modtager deres gevinster i britiske pund. V\u00e6rdien af sekund\u00e6re pr\u00e6mier kan variere en smule p\u00e5 grund af valutakurser.<\/li>\n<li><strong>Ekstra spil<\/strong>: \u00d8strigske spillere kan deltage i \u201c\u00d6sterreich Bonus\u201d \u2013 en eksklusiv ekstra tr\u00e6kning, der giver endnu flere chancer for at vinde. Den britiske pendant er Millionaire Maker, som automatisk er inkluderet med hver ticket.<\/li>\n<li><strong>Beskatning<\/strong>: I \u00d8strig er lotterigevinster skattefrie, s\u00e5 du beholder hver eneste cent af din pr\u00e6mie! I Storbritannien er lotterigevinster ogs\u00e5 i \u00f8jeblikket skattefrie, men det er altid en god id\u00e9 at tjekke de nyeste regler.<\/li>\n<\/ol>\n<h2>Hvorfor spille EuroMillions Austria? Magien ved gevinster, der \u00e6ndrer livet<\/h2>\n<p>EuroMillions Austria handler ikke kun om store penge \u2013 det handler om h\u00e5b, sp\u00e6nding og muligheden for noget stort. Hver tr\u00e6kning er en ny chance for at vende dit liv p\u00e5 hovedet, fork\u00e6le din familie, st\u00f8tte velg\u00f8renhed eller tage p\u00e5 de store eventyr, du altid har dr\u00f8mt om. Historierne om almindelige mennesker, der bliver million\u00e6rer fra den ene dag til den anden, er virkelige og inspirerende \u2013 den n\u00e6ste kunne v\u00e6re dig!<img loading=\"lazy\" decoding=\"async\" class=\"alignright wp-image-268278\" src=\"https:\/\/lottomat.com\/wp-content\/uploads\/2026\/01\/EuroMillions-Austria-rules.webp\" alt=\"EuroMillions Austria regler\" width=\"200\" height=\"200\" srcset=\"https:\/\/lottomat.com\/wp-content\/uploads\/2026\/01\/EuroMillions-Austria-rules.webp 400w, https:\/\/lottomat.com\/wp-content\/uploads\/2026\/01\/EuroMillions-Austria-rules-300x300.webp 300w, https:\/\/lottomat.com\/wp-content\/uploads\/2026\/01\/EuroMillions-Austria-rules-150x150.webp 150w, https:\/\/lottomat.com\/wp-content\/uploads\/2026\/01\/EuroMillions-Austria-rules-100x100.webp 100w\" sizes=\"auto, (max-width: 200px) 100vw, 200px\" \/><\/p>\n<p>Hvad venter du p\u00e5? Den n\u00e6ste EuroMillions Austria-tr\u00e6kning kan v\u00e6re din ticket til en fremtid fuld af gl\u00e6de, luksus og uendelige muligheder. K\u00f8b din ticket, dr\u00f8m stort, og m\u00e6rk sp\u00e6ndingen \u2013 for med EuroMillions Austria kan alt ske!<\/p>\n<p><strong>Deltag i sp\u00e6ndingen i dag \u2013 og lad dine dr\u00f8mme tage fart med EuroMillions Austria! Tjek <a href=\"https:\/\/lottomat.com\/da\/resultater\/euromillions-eu\/\">EuroMillions Austria vindertal<\/a>.<\/strong><\/p>\n","protected":false},"excerpt":{"rendered":"<p>Oplev sp\u00e6ndingen ved EuroMillions Austria \u2013 din indgang til gevinster, der kan \u00e6ndre dit liv! Forestil dig at v\u00e5gne i morgen og indse, at dine dr\u00f8mme endelig kan g\u00e5 i opfyldelse \u2013 et luksuri\u00f8st hus, eksotiske ferier, \u00f8konomisk tryghed for dine n\u00e6rmeste og friheden til at leve livet p\u00e5 dine egne pr\u00e6misser. Med EuroMillions Austria, [&hellip;]<\/p>\n","protected":false},"author":11,"featured_media":0,"parent":6859,"menu_order":0,"comment_status":"closed","ping_status":"closed","template":"euromillions-at-info.php","meta":{"_et_pb_use_builder":"","_et_pb_old_content":"","_et_gb_content_width":"","exclude_from_search":false,"footnotes":""},"class_list":["post-274075","page","type-page","status-publish","hentry"],"yoast_head":"<!-- This site is optimized with the Yoast SEO plugin v23.8 - https:\/\/yoast.com\/wordpress\/plugins\/seo\/ -->\n<title>EuroMillions Austria regler: Pr\u00e6mier og jackpot \u2013 Lottomat Danmark<\/title>\n<meta name=\"description\" content=\"L\u00e6r mere om reglerne for EuroMillions Austria. Her kan du tjekke EuroMillions Austria pr\u00e6mier og jackpot. Tjek dine chancer.\" \/>\n<meta name=\"robots\" content=\"index, follow, max-snippet:-1, max-image-preview:large, max-video-preview:-1\" \/>\n<link rel=\"canonical\" href=\"https:\/\/lottomat.com\/da\/lotterier\/euromillions-eu\/\" \/>\n<meta property=\"og:locale\" content=\"da_DK\" \/>\n<meta property=\"og:type\" content=\"article\" \/>\n<meta property=\"og:title\" content=\"EuroMillions Austria regler: Pr\u00e6mier og jackpot \u2013 Lottomat Danmark\" \/>\n<meta property=\"og:description\" content=\"L\u00e6r mere om reglerne for EuroMillions Austria. Her kan du tjekke EuroMillions Austria pr\u00e6mier og jackpot. Tjek dine chancer.\" \/>\n<meta property=\"og:url\" content=\"https:\/\/lottomat.com\/da\/lotterier\/euromillions-eu\/\" \/>\n<meta property=\"og:site_name\" content=\"Lottomat\" \/>\n<meta property=\"article:modified_time\" content=\"2026-03-18T22:05:53+00:00\" \/>\n<meta property=\"og:image\" content=\"https:\/\/lottomat.com\/wp-content\/uploads\/2026\/01\/Austrian-EuroMillions-prizes.webp\" \/>\n\t<meta property=\"og:image:width\" content=\"400\" \/>\n\t<meta property=\"og:image:height\" content=\"400\" \/>\n\t<meta property=\"og:image:type\" content=\"image\/webp\" \/>\n<meta name=\"twitter:card\" content=\"summary_large_image\" \/>\n<meta name=\"twitter:label1\" content=\"Estimeret l\u00e6setid\" \/>\n\t<meta name=\"twitter:data1\" content=\"4 minutter\" \/>\n<script type=\"application\/ld+json\" class=\"yoast-schema-graph\">{\"@context\":\"https:\/\/schema.org\",\"@graph\":[{\"@type\":\"WebPage\",\"@id\":\"https:\/\/lottomat.com\/da\/lotterier\/euromillions-eu\/\",\"url\":\"https:\/\/lottomat.com\/da\/lotterier\/euromillions-eu\/\",\"name\":\"EuroMillions Austria regler: Pr\u00e6mier og jackpot \u2013 Lottomat Danmark\",\"isPartOf\":{\"@id\":\"https:\/\/lottomat.com\/da\/#website\"},\"primaryImageOfPage\":{\"@id\":\"https:\/\/lottomat.com\/da\/lotterier\/euromillions-eu\/#primaryimage\"},\"image\":{\"@id\":\"https:\/\/lottomat.com\/da\/lotterier\/euromillions-eu\/#primaryimage\"},\"thumbnailUrl\":\"https:\/\/lottomat.com\/wp-content\/uploads\/2026\/01\/Austrian-EuroMillions-prizes.webp\",\"datePublished\":\"2025-05-18T16:33:53+00:00\",\"dateModified\":\"2026-03-18T22:05:53+00:00\",\"description\":\"L\u00e6r mere om reglerne for EuroMillions Austria. Her kan du tjekke EuroMillions Austria pr\u00e6mier og jackpot. Tjek dine chancer.\",\"breadcrumb\":{\"@id\":\"https:\/\/lottomat.com\/da\/lotterier\/euromillions-eu\/#breadcrumb\"},\"inLanguage\":\"da-DK\",\"potentialAction\":[{\"@type\":\"ReadAction\",\"target\":[\"https:\/\/lottomat.com\/da\/lotterier\/euromillions-eu\/\"]}]},{\"@type\":\"ImageObject\",\"inLanguage\":\"da-DK\",\"@id\":\"https:\/\/lottomat.com\/da\/lotterier\/euromillions-eu\/#primaryimage\",\"url\":\"https:\/\/lottomat.com\/wp-content\/uploads\/2026\/01\/Austrian-EuroMillions-prizes.webp\",\"contentUrl\":\"https:\/\/lottomat.com\/wp-content\/uploads\/2026\/01\/Austrian-EuroMillions-prizes.webp\"},{\"@type\":\"BreadcrumbList\",\"@id\":\"https:\/\/lottomat.com\/da\/lotterier\/euromillions-eu\/#breadcrumb\",\"itemListElement\":[{\"@type\":\"ListItem\",\"position\":1,\"name\":\"Home\",\"item\":\"https:\/\/lottomat.com\/da\/\"},{\"@type\":\"ListItem\",\"position\":2,\"name\":\"Lotteriregler: Pr\u00e6mier, Jackpot og Odds\",\"item\":\"https:\/\/lottomat.com\/da\/lotterier\/\"},{\"@type\":\"ListItem\",\"position\":3,\"name\":\"EuroMillions Austria regler: Pr\u00e6mier og jackpot\"}]},{\"@type\":\"WebSite\",\"@id\":\"https:\/\/lottomat.com\/da\/#website\",\"url\":\"https:\/\/lottomat.com\/da\/\",\"name\":\"Lottomat\",\"description\":\"\",\"potentialAction\":[{\"@type\":\"SearchAction\",\"target\":{\"@type\":\"EntryPoint\",\"urlTemplate\":\"https:\/\/lottomat.com\/da\/?s={search_term_string}\"},\"query-input\":{\"@type\":\"PropertyValueSpecification\",\"valueRequired\":true,\"valueName\":\"search_term_string\"}}],\"inLanguage\":\"da-DK\"}]}<\/script>\n<!-- \/ Yoast SEO plugin. -->","yoast_head_json":{"title":"EuroMillions Austria regler: Pr\u00e6mier og jackpot \u2013 Lottomat Danmark","description":"L\u00e6r mere om reglerne for EuroMillions Austria. Her kan du tjekke EuroMillions Austria pr\u00e6mier og jackpot. Tjek dine chancer.","robots":{"index":"index","follow":"follow","max-snippet":"max-snippet:-1","max-image-preview":"max-image-preview:large","max-video-preview":"max-video-preview:-1"},"canonical":"https:\/\/lottomat.com\/da\/lotterier\/euromillions-eu\/","og_locale":"da_DK","og_type":"article","og_title":"EuroMillions Austria regler: Pr\u00e6mier og jackpot \u2013 Lottomat Danmark","og_description":"L\u00e6r mere om reglerne for EuroMillions Austria. Her kan du tjekke EuroMillions Austria pr\u00e6mier og jackpot. Tjek dine chancer.","og_url":"https:\/\/lottomat.com\/da\/lotterier\/euromillions-eu\/","og_site_name":"Lottomat","article_modified_time":"2026-03-18T22:05:53+00:00","og_image":[{"width":400,"height":400,"url":"https:\/\/lottomat.com\/wp-content\/uploads\/2026\/01\/Austrian-EuroMillions-prizes.webp","type":"image\/webp"}],"twitter_card":"summary_large_image","twitter_misc":{"Estimeret l\u00e6setid":"4 minutter"},"schema":{"@context":"https:\/\/schema.org","@graph":[{"@type":"WebPage","@id":"https:\/\/lottomat.com\/da\/lotterier\/euromillions-eu\/","url":"https:\/\/lottomat.com\/da\/lotterier\/euromillions-eu\/","name":"EuroMillions Austria regler: Pr\u00e6mier og jackpot \u2013 Lottomat Danmark","isPartOf":{"@id":"https:\/\/lottomat.com\/da\/#website"},"primaryImageOfPage":{"@id":"https:\/\/lottomat.com\/da\/lotterier\/euromillions-eu\/#primaryimage"},"image":{"@id":"https:\/\/lottomat.com\/da\/lotterier\/euromillions-eu\/#primaryimage"},"thumbnailUrl":"https:\/\/lottomat.com\/wp-content\/uploads\/2026\/01\/Austrian-EuroMillions-prizes.webp","datePublished":"2025-05-18T16:33:53+00:00","dateModified":"2026-03-18T22:05:53+00:00","description":"L\u00e6r mere om reglerne for EuroMillions Austria. Her kan du tjekke EuroMillions Austria pr\u00e6mier og jackpot. Tjek dine chancer.","breadcrumb":{"@id":"https:\/\/lottomat.com\/da\/lotterier\/euromillions-eu\/#breadcrumb"},"inLanguage":"da-DK","potentialAction":[{"@type":"ReadAction","target":["https:\/\/lottomat.com\/da\/lotterier\/euromillions-eu\/"]}]},{"@type":"ImageObject","inLanguage":"da-DK","@id":"https:\/\/lottomat.com\/da\/lotterier\/euromillions-eu\/#primaryimage","url":"https:\/\/lottomat.com\/wp-content\/uploads\/2026\/01\/Austrian-EuroMillions-prizes.webp","contentUrl":"https:\/\/lottomat.com\/wp-content\/uploads\/2026\/01\/Austrian-EuroMillions-prizes.webp"},{"@type":"BreadcrumbList","@id":"https:\/\/lottomat.com\/da\/lotterier\/euromillions-eu\/#breadcrumb","itemListElement":[{"@type":"ListItem","position":1,"name":"Home","item":"https:\/\/lottomat.com\/da\/"},{"@type":"ListItem","position":2,"name":"Lotteriregler: Pr\u00e6mier, Jackpot og Odds","item":"https:\/\/lottomat.com\/da\/lotterier\/"},{"@type":"ListItem","position":3,"name":"EuroMillions Austria regler: Pr\u00e6mier og jackpot"}]},{"@type":"WebSite","@id":"https:\/\/lottomat.com\/da\/#website","url":"https:\/\/lottomat.com\/da\/","name":"Lottomat","description":"","potentialAction":[{"@type":"SearchAction","target":{"@type":"EntryPoint","urlTemplate":"https:\/\/lottomat.com\/da\/?s={search_term_string}"},"query-input":{"@type":"PropertyValueSpecification","valueRequired":true,"valueName":"search_term_string"}}],"inLanguage":"da-DK"}]}},"_links":{"self":[{"href":"https:\/\/lottomat.com\/da\/wp-json\/wp\/v2\/pages\/274075","targetHints":{"allow":["GET"]}}],"collection":[{"href":"https:\/\/lottomat.com\/da\/wp-json\/wp\/v2\/pages"}],"about":[{"href":"https:\/\/lottomat.com\/da\/wp-json\/wp\/v2\/types\/page"}],"author":[{"embeddable":true,"href":"https:\/\/lottomat.com\/da\/wp-json\/wp\/v2\/users\/11"}],"replies":[{"embeddable":true,"href":"https:\/\/lottomat.com\/da\/wp-json\/wp\/v2\/comments?post=274075"}],"version-history":[{"count":2,"href":"https:\/\/lottomat.com\/da\/wp-json\/wp\/v2\/pages\/274075\/revisions"}],"predecessor-version":[{"id":274079,"href":"https:\/\/lottomat.com\/da\/wp-json\/wp\/v2\/pages\/274075\/revisions\/274079"}],"up":[{"embeddable":true,"href":"https:\/\/lottomat.com\/da\/wp-json\/wp\/v2\/pages\/6859"}],"wp:attachment":[{"href":"https:\/\/lottomat.com\/da\/wp-json\/wp\/v2\/media?parent=274075"}],"curies":[{"name":"wp","href":"https:\/\/api.w.org\/{rel}","templated":true}]}}