{"id":274074,"date":"2025-05-18T16:34:38","date_gmt":"2025-05-18T16:34:38","guid":{"rendered":"https:\/\/lottomat.com\/?page_id=274074"},"modified":"2026-03-18T22:03:54","modified_gmt":"2026-03-18T22:03:54","slug":"euromillions-eu","status":"publish","type":"page","link":"https:\/\/lottomat.com\/da\/resultater\/euromillions-eu\/","title":{"rendered":"EuroMillions \u00d8strig resultater \u2013 EuroMillions EU vindertal"},"content":{"rendered":"\n\n<div class=\"kk-star-ratings kksr-auto kksr-align-left kksr-valign-top\"\n    data-payload='{&quot;align&quot;:&quot;left&quot;,&quot;id&quot;:&quot;274074&quot;,&quot;slug&quot;:&quot;default&quot;,&quot;valign&quot;:&quot;top&quot;,&quot;ignore&quot;:&quot;&quot;,&quot;reference&quot;:&quot;auto&quot;,&quot;class&quot;:&quot;&quot;,&quot;count&quot;:&quot;0&quot;,&quot;legendonly&quot;:&quot;&quot;,&quot;readonly&quot;:&quot;&quot;,&quot;score&quot;:&quot;0&quot;,&quot;starsonly&quot;:&quot;&quot;,&quot;best&quot;:&quot;5&quot;,&quot;gap&quot;:&quot;5&quot;,&quot;greet&quot;:&quot;Rate this page&quot;,&quot;legend&quot;:&quot;0\\\/5 - (0 votes)&quot;,&quot;size&quot;:&quot;30&quot;,&quot;title&quot;:&quot;EuroMillions \u00d8strig resultater \u2013 EuroMillions EU vindertal&quot;,&quot;width&quot;:&quot;0&quot;,&quot;_legend&quot;:&quot;{score}\\\/{best} - ({count} {votes})&quot;,&quot;font_factor&quot;:&quot;1.25&quot;}'>\n            \n<div class=\"kksr-stars\">\n    \n<div class=\"kksr-stars-inactive\">\n            <div class=\"kksr-star\" data-star=\"1\" style=\"padding-right: 5px\">\n            \n\n<div class=\"kksr-icon\" style=\"width: 30px; height: 30px;\"><\/div>\n        <\/div>\n            <div class=\"kksr-star\" data-star=\"2\" style=\"padding-right: 5px\">\n            \n\n<div class=\"kksr-icon\" style=\"width: 30px; height: 30px;\"><\/div>\n        <\/div>\n            <div class=\"kksr-star\" data-star=\"3\" style=\"padding-right: 5px\">\n            \n\n<div class=\"kksr-icon\" style=\"width: 30px; height: 30px;\"><\/div>\n        <\/div>\n            <div class=\"kksr-star\" data-star=\"4\" style=\"padding-right: 5px\">\n            \n\n<div class=\"kksr-icon\" style=\"width: 30px; height: 30px;\"><\/div>\n        <\/div>\n            <div class=\"kksr-star\" data-star=\"5\" style=\"padding-right: 5px\">\n            \n\n<div class=\"kksr-icon\" style=\"width: 30px; height: 30px;\"><\/div>\n        <\/div>\n    <\/div>\n    \n<div class=\"kksr-stars-active\" style=\"width: 0px;\">\n            <div class=\"kksr-star\" style=\"padding-right: 5px\">\n            \n\n<div class=\"kksr-icon\" style=\"width: 30px; height: 30px;\"><\/div>\n        <\/div>\n            <div class=\"kksr-star\" style=\"padding-right: 5px\">\n            \n\n<div class=\"kksr-icon\" style=\"width: 30px; height: 30px;\"><\/div>\n        <\/div>\n            <div class=\"kksr-star\" style=\"padding-right: 5px\">\n            \n\n<div class=\"kksr-icon\" style=\"width: 30px; height: 30px;\"><\/div>\n        <\/div>\n            <div class=\"kksr-star\" style=\"padding-right: 5px\">\n            \n\n<div class=\"kksr-icon\" style=\"width: 30px; height: 30px;\"><\/div>\n        <\/div>\n            <div class=\"kksr-star\" style=\"padding-right: 5px\">\n            \n\n<div class=\"kksr-icon\" style=\"width: 30px; height: 30px;\"><\/div>\n        <\/div>\n    <\/div>\n<\/div>\n                \n\n<div class=\"kksr-legend\" style=\"font-size: 24px;\">\n            <span class=\"kksr-muted\">Rate this page<\/span>\n    <\/div>\n    <\/div>\n<h2>Oplev sp\u00e6ndingen ved EuroMillions \u00d8strig resultater<img loading=\"lazy\" decoding=\"async\" class=\"alignright wp-image-268309\" src=\"https:\/\/lottomat.com\/wp-content\/uploads\/2026\/01\/Austrian-EuroMillions-draw.webp\" alt=\"EuroMillions tr\u00e6kning i \u00d8strig\" width=\"200\" height=\"200\" srcset=\"https:\/\/lottomat.com\/wp-content\/uploads\/2026\/01\/Austrian-EuroMillions-draw.webp 400w, https:\/\/lottomat.com\/wp-content\/uploads\/2026\/01\/Austrian-EuroMillions-draw-300x300.webp 300w, https:\/\/lottomat.com\/wp-content\/uploads\/2026\/01\/Austrian-EuroMillions-draw-150x150.webp 150w, https:\/\/lottomat.com\/wp-content\/uploads\/2026\/01\/Austrian-EuroMillions-draw-100x100.webp 100w\" sizes=\"auto, (max-width: 200px) 100vw, 200px\" \/><\/h2>\n<p>Hvis du nogensinde har dr\u00f8mt om at \u00e6ndre dit liv fra den ene dag til den anden, er EuroMillions \u00d8strig lotteriet, der g\u00f8r dr\u00f8mme til virkelighed. Med sine sp\u00e6ndende tr\u00e6kninger, livsforandrende jackpots og historier om utrolige vindere fanger EuroMillions \u00d8strig fantasien hos millioner af mennesker over hele Europa hver uge. Uanset om du er en erfaren spiller eller blot overvejer at k\u00f8be din f\u00f8rste billet, kan det at l\u00e6se om resultaterne og mulighederne v\u00e6kke en f\u00f8lelse af sp\u00e6nding og h\u00e5b. Lad os dykke ned i verdenen af EuroMillions \u00d8strig resultater, udforske de st\u00f8rste gevinster og se, hvor ofte heldet smiler til de heldige spillere!<\/p>\n<h2>Rekordstore gevinster: M\u00f8d de st\u00f8rste EuroMillions \u00d8strig vindere<\/h2>\n<p>N\u00e5r det kommer til imponerende jackpots, har EuroMillions \u00d8strig bestemt skrevet historie. Lotteriet, som er en del af det st\u00f8rre EuroMillions-konsortium, tilbyder regelm\u00e6ssigt pr\u00e6mier, der kan n\u00e5 ekstraordin\u00e6re bel\u00f8b, nogle gange over 100 millioner euro. Gennem \u00e5rene har der v\u00e6ret flere bem\u00e6rkelsesv\u00e6rdige gevinster i \u00d8strig, som for altid har \u00e6ndret livet for dem, der havde de heldige billetter.<img loading=\"lazy\" decoding=\"async\" class=\"alignleft wp-image-268340\" src=\"https:\/\/lottomat.com\/wp-content\/uploads\/2026\/01\/Austrian-EuroMillions-numbers.webp\" alt=\"EuroMillions \u00d8strig tal\" width=\"200\" height=\"200\" srcset=\"https:\/\/lottomat.com\/wp-content\/uploads\/2026\/01\/Austrian-EuroMillions-numbers.webp 400w, https:\/\/lottomat.com\/wp-content\/uploads\/2026\/01\/Austrian-EuroMillions-numbers-300x300.webp 300w, https:\/\/lottomat.com\/wp-content\/uploads\/2026\/01\/Austrian-EuroMillions-numbers-150x150.webp 150w, https:\/\/lottomat.com\/wp-content\/uploads\/2026\/01\/Austrian-EuroMillions-numbers-100x100.webp 100w\" sizes=\"auto, (max-width: 200px) 100vw, 200px\" \/><\/p>\n<p>En af de mest ber\u00f8mte gevinster i \u00d8strig fandt sted i august 2020, da en gruppe kolleger fra Wien vandt utrolige 45 millioner euro. Deres historie blev en sensation i hele landet \u2013 venner og familie fejrede det, og vinderne havde sv\u00e6rt ved at tro p\u00e5 deres held. Det var ikke blot en sejr for \u00e9n person, men for et helt team, hvis liv blev forandret sammen.<\/p>\n<p>Et andet uforglemmeligt \u00f8jeblik kom i 2018, da en spiller fra Salzburg ramte alle fem hovedtal samt begge Lucky Stars og sikrede sig en jackpot p\u00e5 30 millioner euro. Vinderen valgte at forblive anonym, men lokale nyheder rapporterede om en b\u00f8lge af begejstring i Salzburg, hvor byen summede af spekulationer og gl\u00e6de over nyheden.<\/p>\n<p>Selvom disse er blandt de st\u00f8rste, er de langt fra de eneste historier om held. Over hele \u00d8strig, fra Graz til Innsbruck, har EuroMillions skabt nye million\u00e6rer, hver med deres egen unikke historie om, hvordan \u00e9n billet \u00e6ndrede alt.<\/p>\n<h2>Hvor ofte sker EuroMillions \u00d8strig gevinster?<\/h2>\n<p>Et af de mest sp\u00e6ndende aspekter ved EuroMillions \u00d8strig er, hvor ofte <a href=\"https:\/\/lottomat.com\/da\/lotterier\/euromillions\/\">livsforandrende EuroMillions \u00d8strig pr\u00e6mier<\/a> bliver vundet. Med to tr\u00e6kninger hver uge \u2013 tirsdag og fredag \u2013 er der mange muligheder for at vinde. Faktisk viser statistikker, at \u00f8strigske spillere regelm\u00e6ssigt vinder store pr\u00e6mier, b\u00e5de p\u00e5 jackpotniveau og i de sekund\u00e6re pr\u00e6miekategorier.<\/p>\n<p>Chancerne for at vinde en pr\u00e6mie i EuroMillions er opmuntrende 1 ud af 13, hvilket betyder, at n\u00e6sten hver tr\u00e6kning bringer en ny b\u00f8lge af vindere. I \u00d8strig modtager hundredtusinder af spillere pr\u00e6mier hvert \u00e5r, fra mindre kontantbel\u00f8b til jackpotter p\u00e5 mange millioner euro.<img loading=\"lazy\" decoding=\"async\" class=\"alignright wp-image-268370\" src=\"https:\/\/lottomat.com\/wp-content\/uploads\/2026\/01\/EuroMillions-Austria-draw.webp\" alt=\"EuroMillions \u00d8strig tr\u00e6kning\" width=\"200\" height=\"200\" srcset=\"https:\/\/lottomat.com\/wp-content\/uploads\/2026\/01\/EuroMillions-Austria-draw.webp 400w, https:\/\/lottomat.com\/wp-content\/uploads\/2026\/01\/EuroMillions-Austria-draw-300x300.webp 300w, https:\/\/lottomat.com\/wp-content\/uploads\/2026\/01\/EuroMillions-Austria-draw-150x150.webp 150w, https:\/\/lottomat.com\/wp-content\/uploads\/2026\/01\/EuroMillions-Austria-draw-100x100.webp 100w\" sizes=\"auto, (max-width: 200px) 100vw, 200px\" \/><\/p>\n<p>Det, der g\u00f8r det endnu mere sp\u00e6ndende, er, at EuroMillions \u00d8strig ofte ruller videre, hvilket \u00f8ger jackpotten ved hver tr\u00e6kning, indtil nogen rammer alle tallene. Det kan f\u00f8re til store stigninger i billetsalget og en m\u00e6rkbar f\u00f8lelse af forventning i hele landet, efterh\u00e5nden som jackpotten vokser h\u00f8jere og h\u00f8jere.<\/p>\n<p>Det er heller ikke kun enkeltpersoner, der vinder. Syndikater \u2013 grupper af venner, familier eller kolleger \u2013 g\u00e5r ofte sammen om at k\u00f8be EuroMillions \u00d8strig billetter, hvilket \u00f8ger deres chancer for at vinde og i mange tilf\u00e6lde deler gl\u00e6den ved en stor gevinst.<\/p>\n<h2>Gl\u00e6den og mulighederne ved en EuroMillions gevinst<\/h2>\n<p>Forestil dig at v\u00e5gne op og opdage, at du er \u00d8strigs nyeste million\u00e6r. Mulighederne er uendelige: rejse verden rundt, k\u00f8be dit dr\u00f8mmehjem, st\u00f8tte dine k\u00e6re eller investere i et passionprojekt, du altid har dr\u00f8mt om. For mange EuroMillions \u00d8strig vindere er virkeligheden af en stor gevinst endnu bedre, end de havde forestillet sig.<\/p>\n<p>Der er mange historier om vindere, der har brugt deres nyvundne formue til at g\u00f8re en forskel \u2013 ikke kun i deres egne liv, men ogs\u00e5 i deres lokalsamfund. Nogle har doneret til lokale velg\u00f8renhedsorganisationer, startet virksomheder der skaber arbejdspladser eller opfyldt livslange dr\u00f8mme. Uanset om det er et spontant eventyr eller en n\u00f8je planlagt pensionering, er friheden, der f\u00f8lger med en EuroMillions gevinst, virkelig bem\u00e6rkelsesv\u00e6rdig.<\/p>\n<p>Hver tirsdag og fredag, n\u00e5r resultaterne annonceres, oplever tusindvis af \u00f8strigere sp\u00e6ndingen ved forventning. At tjekke dine tal, forestille sig hvad du ville g\u00f8re, hvis du vandt, og dele sp\u00e6ndingen med venner og familie \u2013 alt dette er en del af den magi, der g\u00f8r EuroMillions \u00d8strig s\u00e5 specielt.<\/p>\n<h2>Tjek EuroMillions \u00d8strig resultater: Dit f\u00f8rste skridt mod et nyt liv<\/h2>\n<p><img loading=\"lazy\" decoding=\"async\" class=\"alignleft wp-image-268401\" src=\"https:\/\/lottomat.com\/wp-content\/uploads\/2026\/01\/EuroMillions-Austria-results.webp\" alt=\"EuroMillions \u00d8strig resultater\" width=\"200\" height=\"200\" srcset=\"https:\/\/lottomat.com\/wp-content\/uploads\/2026\/01\/EuroMillions-Austria-results.webp 400w, https:\/\/lottomat.com\/wp-content\/uploads\/2026\/01\/EuroMillions-Austria-results-300x300.webp 300w, https:\/\/lottomat.com\/wp-content\/uploads\/2026\/01\/EuroMillions-Austria-results-150x150.webp 150w, https:\/\/lottomat.com\/wp-content\/uploads\/2026\/01\/EuroMillions-Austria-results-100x100.webp 100w\" sizes=\"auto, (max-width: 200px) 100vw, 200px\" \/>At holde sig opdateret med de nyeste EuroMillions \u00d8strig resultater er vigtigt for enhver spiller. <a href=\"https:\/\/lottomat.com\/da\/resultater\/\">De officielle lotteriresultater<\/a> offentligg\u00f8res kort efter hver tr\u00e6kning, og det har aldrig v\u00e6ret lettere at tjekke dem \u2013 hvad enten det er online, via officielle apps eller hos din lokale lotteriforhandler. N\u00e5r vindertallene afsl\u00f8res, banker hjerterne hurtigere, og h\u00e5bet stiger, mens spillere over hele \u00d8strig venter p\u00e5 at se, om de er den n\u00e6ste heldige vinder.<\/p>\n<p>Hvis du finder dig selv med en vindende billet, er processen enkel. Store pr\u00e6mier kan afhentes hos Austrian Lotteries\u2019 hovedkontor, hvor du f\u00e5r fuld st\u00f8tte gennem hele processen. Selv hvis du vinder en mindre pr\u00e6mie, kan du hente din gevinst hos autoriserede forhandlere, hvilket g\u00f8r hver gevinst tilg\u00e6ngelig og sikker.<\/p>\n<p>Husk, at hver EuroMillions \u00d8strig tr\u00e6kning bringer nye muligheder. Selv hvis du ikke vinder jackpotten, findes der tolv forskellige pr\u00e6mietrin, hvilket betyder, at tusindvis af \u00f8strigere nyder gevinster \u2013 store som sm\u00e5 \u2013 hver uge.<\/p>\n<hr \/>\n<p>EuroMillions \u00d8strig er mere end bare et spil \u2013 det er en port til dr\u00f8mme, sp\u00e6nding og chancen for at opleve livet p\u00e5 en helt ny m\u00e5de. Med hver tr\u00e6kning bliver nye historier skrevet, og nye vindere tr\u00e6der frem i rampelyset. Bliver du den n\u00e6ste til at slutte dig til dem? <a href=\"https:\/\/lottomat.com\/da\/spil\/euromillions-eu\/\">Spil EuroMillions \u00d8strig online<\/a>, tjek de nyeste EuroMillions \u00d8strig resultater og tur at dr\u00f8mme stort!<\/p>\n","protected":false},"excerpt":{"rendered":"<p>Oplev sp\u00e6ndingen ved EuroMillions \u00d8strig resultater Hvis du nogensinde har dr\u00f8mt om at \u00e6ndre dit liv fra den ene dag til den anden, er EuroMillions \u00d8strig lotteriet, der g\u00f8r dr\u00f8mme til virkelighed. Med sine sp\u00e6ndende tr\u00e6kninger, livsforandrende jackpots og historier om utrolige vindere fanger EuroMillions \u00d8strig fantasien hos millioner af mennesker over hele Europa hver [&hellip;]<\/p>\n","protected":false},"author":11,"featured_media":0,"parent":7401,"menu_order":0,"comment_status":"closed","ping_status":"closed","template":"euromillions-results.php","meta":{"_et_pb_use_builder":"","_et_pb_old_content":"","_et_gb_content_width":"","exclude_from_search":false,"footnotes":""},"class_list":["post-274074","page","type-page","status-publish","hentry"],"yoast_head":"<!-- This site is optimized with the Yoast SEO plugin v23.8 - https:\/\/yoast.com\/wordpress\/plugins\/seo\/ -->\n<title>EuroMillions \u00d8strig resultater og vindertal - Lottomat Danmark<\/title>\n<meta name=\"description\" content=\"Tjek de seneste EuroMillions \u00d8strig resultater og vindertal. L\u00e6s mere om de officielle tr\u00e6kresultater. Tjek om du har vundet i dette lotteri!\" \/>\n<meta name=\"robots\" content=\"index, follow, max-snippet:-1, max-image-preview:large, max-video-preview:-1\" \/>\n<link rel=\"canonical\" href=\"https:\/\/lottomat.com\/da\/resultater\/euromillions-eu\/\" \/>\n<meta property=\"og:locale\" content=\"da_DK\" \/>\n<meta property=\"og:type\" content=\"article\" \/>\n<meta property=\"og:title\" content=\"EuroMillions \u00d8strig resultater og vindertal - Lottomat Danmark\" \/>\n<meta property=\"og:description\" content=\"Tjek de seneste EuroMillions \u00d8strig resultater og vindertal. L\u00e6s mere om de officielle tr\u00e6kresultater. Tjek om du har vundet i dette lotteri!\" \/>\n<meta property=\"og:url\" content=\"https:\/\/lottomat.com\/da\/resultater\/euromillions-eu\/\" \/>\n<meta property=\"og:site_name\" content=\"Lottomat\" \/>\n<meta property=\"article:modified_time\" content=\"2026-03-18T22:03:54+00:00\" \/>\n<meta property=\"og:image\" content=\"https:\/\/lottomat.com\/wp-content\/uploads\/2026\/01\/Austrian-EuroMillions-draw.webp\" \/>\n\t<meta property=\"og:image:width\" content=\"400\" \/>\n\t<meta property=\"og:image:height\" content=\"400\" \/>\n\t<meta property=\"og:image:type\" content=\"image\/webp\" \/>\n<meta name=\"twitter:card\" content=\"summary_large_image\" \/>\n<meta name=\"twitter:label1\" content=\"Estimeret l\u00e6setid\" \/>\n\t<meta name=\"twitter:data1\" content=\"5 minutter\" \/>\n<script type=\"application\/ld+json\" class=\"yoast-schema-graph\">{\"@context\":\"https:\/\/schema.org\",\"@graph\":[{\"@type\":\"WebPage\",\"@id\":\"https:\/\/lottomat.com\/da\/resultater\/euromillions-eu\/\",\"url\":\"https:\/\/lottomat.com\/da\/resultater\/euromillions-eu\/\",\"name\":\"EuroMillions \u00d8strig resultater og vindertal - Lottomat Danmark\",\"isPartOf\":{\"@id\":\"https:\/\/lottomat.com\/da\/#website\"},\"primaryImageOfPage\":{\"@id\":\"https:\/\/lottomat.com\/da\/resultater\/euromillions-eu\/#primaryimage\"},\"image\":{\"@id\":\"https:\/\/lottomat.com\/da\/resultater\/euromillions-eu\/#primaryimage\"},\"thumbnailUrl\":\"https:\/\/lottomat.com\/wp-content\/uploads\/2026\/01\/Austrian-EuroMillions-draw.webp\",\"datePublished\":\"2025-05-18T16:34:38+00:00\",\"dateModified\":\"2026-03-18T22:03:54+00:00\",\"description\":\"Tjek de seneste EuroMillions \u00d8strig resultater og vindertal. L\u00e6s mere om de officielle tr\u00e6kresultater. Tjek om du har vundet i dette lotteri!\",\"breadcrumb\":{\"@id\":\"https:\/\/lottomat.com\/da\/resultater\/euromillions-eu\/#breadcrumb\"},\"inLanguage\":\"da-DK\",\"potentialAction\":[{\"@type\":\"ReadAction\",\"target\":[\"https:\/\/lottomat.com\/da\/resultater\/euromillions-eu\/\"]}]},{\"@type\":\"ImageObject\",\"inLanguage\":\"da-DK\",\"@id\":\"https:\/\/lottomat.com\/da\/resultater\/euromillions-eu\/#primaryimage\",\"url\":\"https:\/\/lottomat.com\/wp-content\/uploads\/2026\/01\/Austrian-EuroMillions-draw.webp\",\"contentUrl\":\"https:\/\/lottomat.com\/wp-content\/uploads\/2026\/01\/Austrian-EuroMillions-draw.webp\"},{\"@type\":\"BreadcrumbList\",\"@id\":\"https:\/\/lottomat.com\/da\/resultater\/euromillions-eu\/#breadcrumb\",\"itemListElement\":[{\"@type\":\"ListItem\",\"position\":1,\"name\":\"Home\",\"item\":\"https:\/\/lottomat.com\/da\/\"},{\"@type\":\"ListItem\",\"position\":2,\"name\":\"De seneste lotteriresultater og vindertal\",\"item\":\"https:\/\/lottomat.com\/da\/resultater\/\"},{\"@type\":\"ListItem\",\"position\":3,\"name\":\"EuroMillions \u00d8strig resultater \u2013 EuroMillions EU vindertal\"}]},{\"@type\":\"WebSite\",\"@id\":\"https:\/\/lottomat.com\/da\/#website\",\"url\":\"https:\/\/lottomat.com\/da\/\",\"name\":\"Lottomat\",\"description\":\"\",\"potentialAction\":[{\"@type\":\"SearchAction\",\"target\":{\"@type\":\"EntryPoint\",\"urlTemplate\":\"https:\/\/lottomat.com\/da\/?s={search_term_string}\"},\"query-input\":{\"@type\":\"PropertyValueSpecification\",\"valueRequired\":true,\"valueName\":\"search_term_string\"}}],\"inLanguage\":\"da-DK\"}]}<\/script>\n<!-- \/ Yoast SEO plugin. -->","yoast_head_json":{"title":"EuroMillions \u00d8strig resultater og vindertal - Lottomat Danmark","description":"Tjek de seneste EuroMillions \u00d8strig resultater og vindertal. L\u00e6s mere om de officielle tr\u00e6kresultater. Tjek om du har vundet i dette lotteri!","robots":{"index":"index","follow":"follow","max-snippet":"max-snippet:-1","max-image-preview":"max-image-preview:large","max-video-preview":"max-video-preview:-1"},"canonical":"https:\/\/lottomat.com\/da\/resultater\/euromillions-eu\/","og_locale":"da_DK","og_type":"article","og_title":"EuroMillions \u00d8strig resultater og vindertal - Lottomat Danmark","og_description":"Tjek de seneste EuroMillions \u00d8strig resultater og vindertal. L\u00e6s mere om de officielle tr\u00e6kresultater. Tjek om du har vundet i dette lotteri!","og_url":"https:\/\/lottomat.com\/da\/resultater\/euromillions-eu\/","og_site_name":"Lottomat","article_modified_time":"2026-03-18T22:03:54+00:00","og_image":[{"width":400,"height":400,"url":"https:\/\/lottomat.com\/wp-content\/uploads\/2026\/01\/Austrian-EuroMillions-draw.webp","type":"image\/webp"}],"twitter_card":"summary_large_image","twitter_misc":{"Estimeret l\u00e6setid":"5 minutter"},"schema":{"@context":"https:\/\/schema.org","@graph":[{"@type":"WebPage","@id":"https:\/\/lottomat.com\/da\/resultater\/euromillions-eu\/","url":"https:\/\/lottomat.com\/da\/resultater\/euromillions-eu\/","name":"EuroMillions \u00d8strig resultater og vindertal - Lottomat Danmark","isPartOf":{"@id":"https:\/\/lottomat.com\/da\/#website"},"primaryImageOfPage":{"@id":"https:\/\/lottomat.com\/da\/resultater\/euromillions-eu\/#primaryimage"},"image":{"@id":"https:\/\/lottomat.com\/da\/resultater\/euromillions-eu\/#primaryimage"},"thumbnailUrl":"https:\/\/lottomat.com\/wp-content\/uploads\/2026\/01\/Austrian-EuroMillions-draw.webp","datePublished":"2025-05-18T16:34:38+00:00","dateModified":"2026-03-18T22:03:54+00:00","description":"Tjek de seneste EuroMillions \u00d8strig resultater og vindertal. L\u00e6s mere om de officielle tr\u00e6kresultater. Tjek om du har vundet i dette lotteri!","breadcrumb":{"@id":"https:\/\/lottomat.com\/da\/resultater\/euromillions-eu\/#breadcrumb"},"inLanguage":"da-DK","potentialAction":[{"@type":"ReadAction","target":["https:\/\/lottomat.com\/da\/resultater\/euromillions-eu\/"]}]},{"@type":"ImageObject","inLanguage":"da-DK","@id":"https:\/\/lottomat.com\/da\/resultater\/euromillions-eu\/#primaryimage","url":"https:\/\/lottomat.com\/wp-content\/uploads\/2026\/01\/Austrian-EuroMillions-draw.webp","contentUrl":"https:\/\/lottomat.com\/wp-content\/uploads\/2026\/01\/Austrian-EuroMillions-draw.webp"},{"@type":"BreadcrumbList","@id":"https:\/\/lottomat.com\/da\/resultater\/euromillions-eu\/#breadcrumb","itemListElement":[{"@type":"ListItem","position":1,"name":"Home","item":"https:\/\/lottomat.com\/da\/"},{"@type":"ListItem","position":2,"name":"De seneste lotteriresultater og vindertal","item":"https:\/\/lottomat.com\/da\/resultater\/"},{"@type":"ListItem","position":3,"name":"EuroMillions \u00d8strig resultater \u2013 EuroMillions EU vindertal"}]},{"@type":"WebSite","@id":"https:\/\/lottomat.com\/da\/#website","url":"https:\/\/lottomat.com\/da\/","name":"Lottomat","description":"","potentialAction":[{"@type":"SearchAction","target":{"@type":"EntryPoint","urlTemplate":"https:\/\/lottomat.com\/da\/?s={search_term_string}"},"query-input":{"@type":"PropertyValueSpecification","valueRequired":true,"valueName":"search_term_string"}}],"inLanguage":"da-DK"}]}},"_links":{"self":[{"href":"https:\/\/lottomat.com\/da\/wp-json\/wp\/v2\/pages\/274074","targetHints":{"allow":["GET"]}}],"collection":[{"href":"https:\/\/lottomat.com\/da\/wp-json\/wp\/v2\/pages"}],"about":[{"href":"https:\/\/lottomat.com\/da\/wp-json\/wp\/v2\/types\/page"}],"author":[{"embeddable":true,"href":"https:\/\/lottomat.com\/da\/wp-json\/wp\/v2\/users\/11"}],"replies":[{"embeddable":true,"href":"https:\/\/lottomat.com\/da\/wp-json\/wp\/v2\/comments?post=274074"}],"version-history":[{"count":1,"href":"https:\/\/lottomat.com\/da\/wp-json\/wp\/v2\/pages\/274074\/revisions"}],"predecessor-version":[{"id":274077,"href":"https:\/\/lottomat.com\/da\/wp-json\/wp\/v2\/pages\/274074\/revisions\/274077"}],"up":[{"embeddable":true,"href":"https:\/\/lottomat.com\/da\/wp-json\/wp\/v2\/pages\/7401"}],"wp:attachment":[{"href":"https:\/\/lottomat.com\/da\/wp-json\/wp\/v2\/media?parent=274074"}],"curies":[{"name":"wp","href":"https:\/\/api.w.org\/{rel}","templated":true}]}}