{"id":274073,"date":"2025-05-18T16:39:08","date_gmt":"2025-05-18T16:39:08","guid":{"rendered":"https:\/\/lottomat.com\/?page_id=274073"},"modified":"2026-03-18T22:03:02","modified_gmt":"2026-03-18T22:03:02","slug":"euromillions-eu","status":"publish","type":"page","link":"https:\/\/lottomat.com\/da\/spil\/euromillions-eu\/","title":{"rendered":"Euromillions EU Online &#8211; EuroMillions \u00d8strig billetter"},"content":{"rendered":"\n\n<div class=\"kk-star-ratings kksr-auto kksr-align-left kksr-valign-top\"\n    data-payload='{&quot;align&quot;:&quot;left&quot;,&quot;id&quot;:&quot;274073&quot;,&quot;slug&quot;:&quot;default&quot;,&quot;valign&quot;:&quot;top&quot;,&quot;ignore&quot;:&quot;&quot;,&quot;reference&quot;:&quot;auto&quot;,&quot;class&quot;:&quot;&quot;,&quot;count&quot;:&quot;0&quot;,&quot;legendonly&quot;:&quot;&quot;,&quot;readonly&quot;:&quot;&quot;,&quot;score&quot;:&quot;0&quot;,&quot;starsonly&quot;:&quot;&quot;,&quot;best&quot;:&quot;5&quot;,&quot;gap&quot;:&quot;5&quot;,&quot;greet&quot;:&quot;Rate this page&quot;,&quot;legend&quot;:&quot;0\\\/5 - (0 votes)&quot;,&quot;size&quot;:&quot;30&quot;,&quot;title&quot;:&quot;Euromillions EU Online - EuroMillions \u00d8strig billetter&quot;,&quot;width&quot;:&quot;0&quot;,&quot;_legend&quot;:&quot;{score}\\\/{best} - ({count} {votes})&quot;,&quot;font_factor&quot;:&quot;1.25&quot;}'>\n            \n<div class=\"kksr-stars\">\n    \n<div class=\"kksr-stars-inactive\">\n            <div class=\"kksr-star\" data-star=\"1\" style=\"padding-right: 5px\">\n            \n\n<div class=\"kksr-icon\" style=\"width: 30px; height: 30px;\"><\/div>\n        <\/div>\n            <div class=\"kksr-star\" data-star=\"2\" style=\"padding-right: 5px\">\n            \n\n<div class=\"kksr-icon\" style=\"width: 30px; height: 30px;\"><\/div>\n        <\/div>\n            <div class=\"kksr-star\" data-star=\"3\" style=\"padding-right: 5px\">\n            \n\n<div class=\"kksr-icon\" style=\"width: 30px; height: 30px;\"><\/div>\n        <\/div>\n            <div class=\"kksr-star\" data-star=\"4\" style=\"padding-right: 5px\">\n            \n\n<div class=\"kksr-icon\" style=\"width: 30px; height: 30px;\"><\/div>\n        <\/div>\n            <div class=\"kksr-star\" data-star=\"5\" style=\"padding-right: 5px\">\n            \n\n<div class=\"kksr-icon\" style=\"width: 30px; height: 30px;\"><\/div>\n        <\/div>\n    <\/div>\n    \n<div class=\"kksr-stars-active\" style=\"width: 0px;\">\n            <div class=\"kksr-star\" style=\"padding-right: 5px\">\n            \n\n<div class=\"kksr-icon\" style=\"width: 30px; height: 30px;\"><\/div>\n        <\/div>\n            <div class=\"kksr-star\" style=\"padding-right: 5px\">\n            \n\n<div class=\"kksr-icon\" style=\"width: 30px; height: 30px;\"><\/div>\n        <\/div>\n            <div class=\"kksr-star\" style=\"padding-right: 5px\">\n            \n\n<div class=\"kksr-icon\" style=\"width: 30px; height: 30px;\"><\/div>\n        <\/div>\n            <div class=\"kksr-star\" style=\"padding-right: 5px\">\n            \n\n<div class=\"kksr-icon\" style=\"width: 30px; height: 30px;\"><\/div>\n        <\/div>\n            <div class=\"kksr-star\" style=\"padding-right: 5px\">\n            \n\n<div class=\"kksr-icon\" style=\"width: 30px; height: 30px;\"><\/div>\n        <\/div>\n    <\/div>\n<\/div>\n                \n\n<div class=\"kksr-legend\" style=\"font-size: 24px;\">\n            <span class=\"kksr-muted\">Rate this page<\/span>\n    <\/div>\n    <\/div>\n<h2>Oplev sp\u00e6ndingen ved Euromillions EU &#8211; den \u00f8strigske vej til store gevinster<\/h2>\n<p><img loading=\"lazy\" decoding=\"async\" class=\"alignright wp-image-268063\" src=\"https:\/\/lottomat.com\/wp-content\/uploads\/2026\/01\/Austrian-EuroMillions.webp\" alt=\"\u00d8strigsk EuroMillions\" width=\"200\" height=\"200\" srcset=\"https:\/\/lottomat.com\/wp-content\/uploads\/2026\/01\/Austrian-EuroMillions.webp 400w, https:\/\/lottomat.com\/wp-content\/uploads\/2026\/01\/Austrian-EuroMillions-300x300.webp 300w, https:\/\/lottomat.com\/wp-content\/uploads\/2026\/01\/Austrian-EuroMillions-150x150.webp 150w, https:\/\/lottomat.com\/wp-content\/uploads\/2026\/01\/Austrian-EuroMillions-100x100.webp 100w\" sizes=\"auto, (max-width: 200px) 100vw, 200px\" \/><\/p>\n<p>Forestil dig at v\u00e5gne op til et liv, hvor alle dine dr\u00f8mme er inden for r\u00e6kkevidde, hvor tallene du valgte i g\u00e5r aftes, for altid har forvandlet din fremtid. Det er den sp\u00e6nding, der venter hver deltager i <strong>Euromillions EU<\/strong>, ogs\u00e5 kendt som <strong>EuroMillions \u00d8strig<\/strong>. Med jackpots der s\u00e6tter fantasien i gang og sp\u00e6ndingen hos millioner af spillere er dette lotteri din billet til en verden af muligheder.<\/p>\n<p>Euromillions EU er ikke bare endnu et lotteri \u2013 det er en oplevelse, der samler spillere p\u00e5 tv\u00e6rs af kontinentet i det f\u00e6lles h\u00e5b om at ramme den store gevinst. Forventningen, stemningen p\u00e5 tr\u00e6kningens aften og chancen for at slutte sig til Europas st\u00f8rste vindere \u2013 det hele begynder med en enkelt billet.<\/p>\n<h2>Hvad g\u00f8r EuroMillions \u00d8strig unikt?<\/h2>\n<p>Hvis du kender det globale f\u00e6nomen EuroMillions, undrer du dig m\u00e5ske over, hvad der adskiller EU-versionen \u2013 is\u00e6r EuroMillions \u00d8strig \u2013 fra den britiske udgave. Svaret ligger i detaljerne, og for lotterientusiaster betyder disse detaljer noget.<\/p>\n<p><img loading=\"lazy\" decoding=\"async\" class=\"alignleft wp-image-268094\" src=\"https:\/\/lottomat.com\/wp-content\/uploads\/2026\/01\/EuroMillions-Austria-online.webp\" alt=\"EuroMillions \u00d8strig online\" width=\"200\" height=\"200\" srcset=\"https:\/\/lottomat.com\/wp-content\/uploads\/2026\/01\/EuroMillions-Austria-online.webp 400w, https:\/\/lottomat.com\/wp-content\/uploads\/2026\/01\/EuroMillions-Austria-online-300x300.webp 300w, https:\/\/lottomat.com\/wp-content\/uploads\/2026\/01\/EuroMillions-Austria-online-150x150.webp 150w, https:\/\/lottomat.com\/wp-content\/uploads\/2026\/01\/EuroMillions-Austria-online-100x100.webp 100w\" sizes=\"auto, (max-width: 200px) 100vw, 200px\" \/>Euromillions EU f\u00f8lger <a href=\"https:\/\/lottomat.com\/da\/lotterier\/euromillions\/\">det klassiske EuroMillions-format<\/a>, men billetter k\u00f8bes og gevinster udbetales i henhold til \u00f8strigske regler og beskatning. Det betyder ofte forskellige udbetalingsstrukturer og nogle gange mere fordelagtige skatteforhold for vindere, afh\u00e6ngigt af dit bop\u00e6lsland. I mods\u00e6tning til den britiske version, hvor billetter k\u00f8bes i pund og er underlagt britiske lotteriregler, opererer EuroMillions \u00d8strig i euro og f\u00f8lger \u00f8strigsk spillelovgivning. Det kan g\u00f8re en forskel ikke kun i m\u00e5den du spiller p\u00e5, men ogs\u00e5 i hvor meget du i sidste ende tager med hjem, hvis du vinder.<\/p>\n<p>En anden bem\u00e6rkelsesv\u00e6rdig forskel er udvalget af ekstra spil og lodtr\u00e6kninger, der nogle gange ledsager EuroMillions UK-tr\u00e6kninger, s\u00e5som UK Millionaire Maker. Selvom disse er eksklusive for britiske deltagere, betyder det at spille gennem Euromillions EU, at du er en del af en \u00e6gte paneurop\u00e6isk lotterioplevelse, hvor du deler sp\u00e6ndingen med spillere fra \u00d8strig, Spanien, Frankrig, Portugal, Belgien, Irland, Luxembourg og Schweiz. F\u00f8lelsen af f\u00e6llesskab og spillets st\u00f8rrelse g\u00f8r hver tr\u00e6kning til en virkelig international begivenhed.<\/p>\n<h2>Sp\u00e6ndingens rytme \u2013 hvorn\u00e5r finder tr\u00e6kningerne sted?<\/h2>\n<p>Euromillions EU holder sp\u00e6ndingen i live med to tr\u00e6kninger hver uge, som finder sted hver tirsdag og fredag aften. Denne regelm\u00e6ssige rytme betyder, at muligheden for at \u00e6ndre dit liv aldrig er langt v\u00e6k \u2013 kun f\u00e5 dage adskiller hver chance for at blive Europas n\u00e6ste store vinder. Forventningen vokser gennem ugen, og hver tr\u00e6kning er en ny begyndelse, en ny chance for held, der m\u00e5ske er lige rundt om hj\u00f8rnet.<\/p>\n<p>Der er noget s\u00e6rligt magisk ved at vide, at to gange om ugen vil nogen et sted i Europa se deres tal blive trukket. Hvorfor skulle det ikke v\u00e6re dig? Med s\u00e5 hyppige tr\u00e6kninger giver Euromillions EU masser af muligheder for at spille, dr\u00f8mme og vinde.<\/p>\n<h2>Hvorfor spille EuroMillions \u00d8strig? Gl\u00e6den ved at jagte store dr\u00f8mme<\/h2>\n<p>Den virkelige charme ved Euromillions EU ligger i de livsforandrende muligheder, det tilbyder. Jackpots n\u00e5r regelm\u00e6ssigt svimlende h\u00f8jder og kan nogle gange overstige 200 millioner euro. Forestil dig, hvad du kunne g\u00f8re med en s\u00e5dan gevinst \u2013 rejse verden rundt, k\u00f8be dit dr\u00f8mmehjem, sikre din families fremtid eller st\u00f8tte de sager, der st\u00e5r dig n\u00e6rmest. Horisonten udvides, og den eneste gr\u00e6nse er din fantasi.<\/p>\n<p>Men ud over de enorme udbetalinger er der noget dybt tilfredsstillende ved at v\u00e6re en del af et s\u00e5 legendarisk lotteri. Hver billet er et l\u00f8fte om h\u00e5b, en lille investering i troen p\u00e5, at heldet kan smile til dig n\u00e6ste gang. Den rene forventning f\u00f8r tr\u00e6kningen, \u00f8jeblikket hvor dine tal bliver annonceret, og adrenalinsuset der f\u00f8lger \u2013 det er en oplevelse, der bringer sp\u00e6nding ind i hverdagen.<img loading=\"lazy\" decoding=\"async\" class=\"alignright wp-image-268125\" src=\"https:\/\/lottomat.com\/wp-content\/uploads\/2026\/01\/EuroMillions-Austria-tickets.webp\" alt=\"EuroMillions \u00d8strig billetter\" width=\"200\" height=\"200\" srcset=\"https:\/\/lottomat.com\/wp-content\/uploads\/2026\/01\/EuroMillions-Austria-tickets.webp 400w, https:\/\/lottomat.com\/wp-content\/uploads\/2026\/01\/EuroMillions-Austria-tickets-300x300.webp 300w, https:\/\/lottomat.com\/wp-content\/uploads\/2026\/01\/EuroMillions-Austria-tickets-150x150.webp 150w, https:\/\/lottomat.com\/wp-content\/uploads\/2026\/01\/EuroMillions-Austria-tickets-100x100.webp 100w\" sizes=\"auto, (max-width: 200px) 100vw, 200px\" \/><\/p>\n<p>For virkelig at omfavne lotterilivsstilen er konsekvens n\u00f8glen. De mest succesfulde lotterispillere ved, at regelm\u00e6ssigt spil er hemmeligheden bag at \u00f8ge dine chancer. Hver tr\u00e6kning du g\u00e5r glip af er en tabt mulighed, s\u00e5 g\u00f8r det til en vane \u2013 k\u00f8b dine billetter, v\u00e6lg dine tal, vent p\u00e5 <a href=\"https:\/\/lottomat.com\/da\/spil\/euromillions\/\">de officielle EuroMillions \u00d8strig resultater<\/a> og bliv i spillet. N\u00e5r alt kommer til alt kan du ikke vinde, hvis du ikke spiller, og du ved aldrig, hvorn\u00e5r din heldige dag kommer.<\/p>\n<h2>Mere end bare Euromillions \u2013 verden venter p\u00e5 dig hos Lottomat<\/h2>\n<p>Selvom Euromillions EU og den britiske version er blandt <a href=\"https:\/\/lottomat.com\/da\/spil\/\">de mest popul\u00e6re lotterier i Europa<\/a>, er de kun begyndelsen p\u00e5, hvad der er muligt hos Lottomat. Vores platform bringer hele lotteriverdenen til dine fingerspidser \u2013 fra den m\u00e6gtige Powerball og <a href=\"https:\/\/lottomat.com\/da\/spil\/mega-millions\/\">Mega Millions<\/a> i USA til Italiens <a href=\"https:\/\/lottomat.com\/da\/spil\/superenalotto\/\">SuperEnalotto<\/a>, Spaniens El Gordo og mange flere. Hvert lotteri tilbyder sin egen unikke stil, odds og jackpotst\u00f8rrelser, hvilket giver dig uendelige m\u00e5der at spille og vinde p\u00e5.<\/p>\n<p>At spille flere lotterier er en strategi, som mange erfarne spillere benytter. Ved at sprede dine indsatser over forskellige spil udvider du ikke kun dine muligheder, men \u00f8ger ogs\u00e5 markant dine chancer for at ramme en stor gevinst. Hver billet er en ny mulighed, hver tr\u00e6kning er et nyt eventyr. Hos Lottomat har du friheden til at udforske, eksperimentere og finde de spil, der passer bedst til din sp\u00e6nding.<\/p>\n<p>Lotteriverdenen er fuld af historier \u2013 om almindelige mennesker, hvis liv \u00e6ndrede sig p\u00e5 et \u00f8jeblik, om dr\u00f8mme der blev til virkelighed og sk\u00e6bner der blev omskrevet. Med hver billet du k\u00f8ber, bliver du en del af dette globale f\u00e6llesskab af dr\u00f8mmere og vindere. Den n\u00e6ste historie kunne v\u00e6re din.<\/p>\n<h2>Din rejse mod lykken begynder her<\/h2>\n<p><img loading=\"lazy\" decoding=\"async\" class=\"alignleft wp-image-268155\" src=\"https:\/\/lottomat.com\/wp-content\/uploads\/2026\/01\/play-EuroMillions-Austria.webp\" alt=\"spil EuroMillions \u00d8strig\" width=\"200\" height=\"200\" srcset=\"https:\/\/lottomat.com\/wp-content\/uploads\/2026\/01\/play-EuroMillions-Austria.webp 400w, https:\/\/lottomat.com\/wp-content\/uploads\/2026\/01\/play-EuroMillions-Austria-300x300.webp 300w, https:\/\/lottomat.com\/wp-content\/uploads\/2026\/01\/play-EuroMillions-Austria-150x150.webp 150w, https:\/\/lottomat.com\/wp-content\/uploads\/2026\/01\/play-EuroMillions-Austria-100x100.webp 100w\" sizes=\"auto, (max-width: 200px) 100vw, 200px\" \/>Euromillions EU er mere end bare et spil \u2013 det er en port til en lysere fremtid. Sp\u00e6ndingen ved forventningen, gl\u00e6den ved mulighederne og chancen for at blive en af Europas st\u00f8rste vindere er inden for r\u00e6kkevidde. Uanset om du spiller for f\u00f8rste gang eller er en erfaren lotterifan, er der ikke noget bedre tidspunkt at v\u00e6re med p\u00e5.<\/p>\n<p>Husk, at n\u00f8glen til at vinde er deltagelse. Jo mere du spiller, jo st\u00f8rre er dine chancer for at slutte dig til de heldige f\u00e5, hvis liv er blevet forvandlet af en enkelt billet. Lad ikke endnu en tr\u00e6kning g\u00e5 dig forbi \u2013 grib din chance, omfavn sp\u00e6ndingen, og lad Euromillions EU \u00e5bne d\u00f8rene til det liv, du altid har dr\u00f8mt om.<\/p>\n<p>Og hvis du vil \u00f8ge dine chancer endnu mere, s\u00e5 udforsk det rige udvalg af internationale lotterier hos Lottomat. Hvert spil er en ny mulighed, en ny horisont og en ny grund til at tro p\u00e5, at heldet f\u00f8lger de modige. Dit eventyr starter nu \u2013 er du klar til at spille?<\/p>\n","protected":false},"excerpt":{"rendered":"<p>Oplev sp\u00e6ndingen ved Euromillions EU &#8211; den \u00f8strigske vej til store gevinster Forestil dig at v\u00e5gne op til et liv, hvor alle dine dr\u00f8mme er inden for r\u00e6kkevidde, hvor tallene du valgte i g\u00e5r aftes, for altid har forvandlet din fremtid. Det er den sp\u00e6nding, der venter hver deltager i Euromillions EU, ogs\u00e5 kendt som [&hellip;]<\/p>\n","protected":false},"author":11,"featured_media":0,"parent":6765,"menu_order":0,"comment_status":"closed","ping_status":"closed","template":"euromillions-at.php","meta":{"_et_pb_use_builder":"","_et_pb_old_content":"","_et_gb_content_width":"","exclude_from_search":false,"footnotes":""},"class_list":["post-274073","page","type-page","status-publish","hentry"],"yoast_head":"<!-- This site is optimized with the Yoast SEO plugin v23.8 - https:\/\/yoast.com\/wordpress\/plugins\/seo\/ -->\n<title>EuroMillions \u00d8strig Online - K\u00f8b billetter - LottoMat Danmark<\/title>\n<meta name=\"description\" content=\"Spil EuroMillions \u00d8strig online p\u00e5 Lottomat. Her kan du k\u00f8be EuroMillions \u00d8strig billetter online til den kommende tr\u00e6kning. Tilmeld dig nu!\" \/>\n<meta name=\"robots\" content=\"index, follow, max-snippet:-1, max-image-preview:large, max-video-preview:-1\" \/>\n<link rel=\"canonical\" href=\"https:\/\/lottomat.com\/da\/spil\/euromillions-eu\/\" \/>\n<meta property=\"og:locale\" content=\"da_DK\" \/>\n<meta property=\"og:type\" content=\"article\" \/>\n<meta property=\"og:title\" content=\"EuroMillions \u00d8strig Online - K\u00f8b billetter - LottoMat Danmark\" \/>\n<meta property=\"og:description\" content=\"Spil EuroMillions \u00d8strig online p\u00e5 Lottomat. Her kan du k\u00f8be EuroMillions \u00d8strig billetter online til den kommende tr\u00e6kning. Tilmeld dig nu!\" \/>\n<meta property=\"og:url\" content=\"https:\/\/lottomat.com\/da\/spil\/euromillions-eu\/\" \/>\n<meta property=\"og:site_name\" content=\"Lottomat\" \/>\n<meta property=\"article:modified_time\" content=\"2026-03-18T22:03:02+00:00\" \/>\n<meta property=\"og:image\" content=\"https:\/\/lottomat.com\/wp-content\/uploads\/2026\/01\/Austrian-EuroMillions.webp\" \/>\n\t<meta property=\"og:image:width\" content=\"400\" \/>\n\t<meta property=\"og:image:height\" content=\"400\" \/>\n\t<meta property=\"og:image:type\" content=\"image\/webp\" \/>\n<meta name=\"twitter:card\" content=\"summary_large_image\" \/>\n<meta name=\"twitter:label1\" content=\"Estimeret l\u00e6setid\" \/>\n\t<meta name=\"twitter:data1\" content=\"6 minutter\" \/>\n<script type=\"application\/ld+json\" class=\"yoast-schema-graph\">{\"@context\":\"https:\/\/schema.org\",\"@graph\":[{\"@type\":\"WebPage\",\"@id\":\"https:\/\/lottomat.com\/da\/spil\/euromillions-eu\/\",\"url\":\"https:\/\/lottomat.com\/da\/spil\/euromillions-eu\/\",\"name\":\"EuroMillions \u00d8strig Online - K\u00f8b billetter - LottoMat Danmark\",\"isPartOf\":{\"@id\":\"https:\/\/lottomat.com\/da\/#website\"},\"primaryImageOfPage\":{\"@id\":\"https:\/\/lottomat.com\/da\/spil\/euromillions-eu\/#primaryimage\"},\"image\":{\"@id\":\"https:\/\/lottomat.com\/da\/spil\/euromillions-eu\/#primaryimage\"},\"thumbnailUrl\":\"https:\/\/lottomat.com\/wp-content\/uploads\/2026\/01\/Austrian-EuroMillions.webp\",\"datePublished\":\"2025-05-18T16:39:08+00:00\",\"dateModified\":\"2026-03-18T22:03:02+00:00\",\"description\":\"Spil EuroMillions \u00d8strig online p\u00e5 Lottomat. Her kan du k\u00f8be EuroMillions \u00d8strig billetter online til den kommende tr\u00e6kning. Tilmeld dig nu!\",\"breadcrumb\":{\"@id\":\"https:\/\/lottomat.com\/da\/spil\/euromillions-eu\/#breadcrumb\"},\"inLanguage\":\"da-DK\",\"potentialAction\":[{\"@type\":\"ReadAction\",\"target\":[\"https:\/\/lottomat.com\/da\/spil\/euromillions-eu\/\"]}]},{\"@type\":\"ImageObject\",\"inLanguage\":\"da-DK\",\"@id\":\"https:\/\/lottomat.com\/da\/spil\/euromillions-eu\/#primaryimage\",\"url\":\"https:\/\/lottomat.com\/wp-content\/uploads\/2026\/01\/Austrian-EuroMillions.webp\",\"contentUrl\":\"https:\/\/lottomat.com\/wp-content\/uploads\/2026\/01\/Austrian-EuroMillions.webp\"},{\"@type\":\"BreadcrumbList\",\"@id\":\"https:\/\/lottomat.com\/da\/spil\/euromillions-eu\/#breadcrumb\",\"itemListElement\":[{\"@type\":\"ListItem\",\"position\":1,\"name\":\"Home\",\"item\":\"https:\/\/lottomat.com\/da\/\"},{\"@type\":\"ListItem\",\"position\":2,\"name\":\"Spil lotteri\",\"item\":\"https:\/\/lottomat.com\/da\/spil\/\"},{\"@type\":\"ListItem\",\"position\":3,\"name\":\"Euromillions EU Online &#8211; EuroMillions \u00d8strig billetter\"}]},{\"@type\":\"WebSite\",\"@id\":\"https:\/\/lottomat.com\/da\/#website\",\"url\":\"https:\/\/lottomat.com\/da\/\",\"name\":\"Lottomat\",\"description\":\"\",\"potentialAction\":[{\"@type\":\"SearchAction\",\"target\":{\"@type\":\"EntryPoint\",\"urlTemplate\":\"https:\/\/lottomat.com\/da\/?s={search_term_string}\"},\"query-input\":{\"@type\":\"PropertyValueSpecification\",\"valueRequired\":true,\"valueName\":\"search_term_string\"}}],\"inLanguage\":\"da-DK\"}]}<\/script>\n<!-- \/ Yoast SEO plugin. -->","yoast_head_json":{"title":"EuroMillions \u00d8strig Online - K\u00f8b billetter - LottoMat Danmark","description":"Spil EuroMillions \u00d8strig online p\u00e5 Lottomat. Her kan du k\u00f8be EuroMillions \u00d8strig billetter online til den kommende tr\u00e6kning. Tilmeld dig nu!","robots":{"index":"index","follow":"follow","max-snippet":"max-snippet:-1","max-image-preview":"max-image-preview:large","max-video-preview":"max-video-preview:-1"},"canonical":"https:\/\/lottomat.com\/da\/spil\/euromillions-eu\/","og_locale":"da_DK","og_type":"article","og_title":"EuroMillions \u00d8strig Online - K\u00f8b billetter - LottoMat Danmark","og_description":"Spil EuroMillions \u00d8strig online p\u00e5 Lottomat. Her kan du k\u00f8be EuroMillions \u00d8strig billetter online til den kommende tr\u00e6kning. Tilmeld dig nu!","og_url":"https:\/\/lottomat.com\/da\/spil\/euromillions-eu\/","og_site_name":"Lottomat","article_modified_time":"2026-03-18T22:03:02+00:00","og_image":[{"width":400,"height":400,"url":"https:\/\/lottomat.com\/wp-content\/uploads\/2026\/01\/Austrian-EuroMillions.webp","type":"image\/webp"}],"twitter_card":"summary_large_image","twitter_misc":{"Estimeret l\u00e6setid":"6 minutter"},"schema":{"@context":"https:\/\/schema.org","@graph":[{"@type":"WebPage","@id":"https:\/\/lottomat.com\/da\/spil\/euromillions-eu\/","url":"https:\/\/lottomat.com\/da\/spil\/euromillions-eu\/","name":"EuroMillions \u00d8strig Online - K\u00f8b billetter - LottoMat Danmark","isPartOf":{"@id":"https:\/\/lottomat.com\/da\/#website"},"primaryImageOfPage":{"@id":"https:\/\/lottomat.com\/da\/spil\/euromillions-eu\/#primaryimage"},"image":{"@id":"https:\/\/lottomat.com\/da\/spil\/euromillions-eu\/#primaryimage"},"thumbnailUrl":"https:\/\/lottomat.com\/wp-content\/uploads\/2026\/01\/Austrian-EuroMillions.webp","datePublished":"2025-05-18T16:39:08+00:00","dateModified":"2026-03-18T22:03:02+00:00","description":"Spil EuroMillions \u00d8strig online p\u00e5 Lottomat. Her kan du k\u00f8be EuroMillions \u00d8strig billetter online til den kommende tr\u00e6kning. Tilmeld dig nu!","breadcrumb":{"@id":"https:\/\/lottomat.com\/da\/spil\/euromillions-eu\/#breadcrumb"},"inLanguage":"da-DK","potentialAction":[{"@type":"ReadAction","target":["https:\/\/lottomat.com\/da\/spil\/euromillions-eu\/"]}]},{"@type":"ImageObject","inLanguage":"da-DK","@id":"https:\/\/lottomat.com\/da\/spil\/euromillions-eu\/#primaryimage","url":"https:\/\/lottomat.com\/wp-content\/uploads\/2026\/01\/Austrian-EuroMillions.webp","contentUrl":"https:\/\/lottomat.com\/wp-content\/uploads\/2026\/01\/Austrian-EuroMillions.webp"},{"@type":"BreadcrumbList","@id":"https:\/\/lottomat.com\/da\/spil\/euromillions-eu\/#breadcrumb","itemListElement":[{"@type":"ListItem","position":1,"name":"Home","item":"https:\/\/lottomat.com\/da\/"},{"@type":"ListItem","position":2,"name":"Spil lotteri","item":"https:\/\/lottomat.com\/da\/spil\/"},{"@type":"ListItem","position":3,"name":"Euromillions EU Online &#8211; EuroMillions \u00d8strig billetter"}]},{"@type":"WebSite","@id":"https:\/\/lottomat.com\/da\/#website","url":"https:\/\/lottomat.com\/da\/","name":"Lottomat","description":"","potentialAction":[{"@type":"SearchAction","target":{"@type":"EntryPoint","urlTemplate":"https:\/\/lottomat.com\/da\/?s={search_term_string}"},"query-input":{"@type":"PropertyValueSpecification","valueRequired":true,"valueName":"search_term_string"}}],"inLanguage":"da-DK"}]}},"_links":{"self":[{"href":"https:\/\/lottomat.com\/da\/wp-json\/wp\/v2\/pages\/274073","targetHints":{"allow":["GET"]}}],"collection":[{"href":"https:\/\/lottomat.com\/da\/wp-json\/wp\/v2\/pages"}],"about":[{"href":"https:\/\/lottomat.com\/da\/wp-json\/wp\/v2\/types\/page"}],"author":[{"embeddable":true,"href":"https:\/\/lottomat.com\/da\/wp-json\/wp\/v2\/users\/11"}],"replies":[{"embeddable":true,"href":"https:\/\/lottomat.com\/da\/wp-json\/wp\/v2\/comments?post=274073"}],"version-history":[{"count":1,"href":"https:\/\/lottomat.com\/da\/wp-json\/wp\/v2\/pages\/274073\/revisions"}],"predecessor-version":[{"id":274076,"href":"https:\/\/lottomat.com\/da\/wp-json\/wp\/v2\/pages\/274073\/revisions\/274076"}],"up":[{"embeddable":true,"href":"https:\/\/lottomat.com\/da\/wp-json\/wp\/v2\/pages\/6765"}],"wp:attachment":[{"href":"https:\/\/lottomat.com\/da\/wp-json\/wp\/v2\/media?parent=274073"}],"curies":[{"name":"wp","href":"https:\/\/api.w.org\/{rel}","templated":true}]}}