{"id":238091,"date":"2025-04-07T19:25:51","date_gmt":"2025-04-07T19:25:51","guid":{"rendered":"https:\/\/lottomat.net\/lotteri-resultater\/superenalotto-resultater\/"},"modified":"2026-02-15T04:19:05","modified_gmt":"2026-02-15T04:19:05","slug":"superenalotto","status":"publish","type":"page","link":"https:\/\/lottomat.com\/da\/resultater\/superenalotto\/","title":{"rendered":"SuperEnalotto-resultater og Vindertal"},"content":{"rendered":"\n\n<div class=\"kk-star-ratings kksr-auto kksr-align-left kksr-valign-top\"\n    data-payload='{&quot;align&quot;:&quot;left&quot;,&quot;id&quot;:&quot;238091&quot;,&quot;slug&quot;:&quot;default&quot;,&quot;valign&quot;:&quot;top&quot;,&quot;ignore&quot;:&quot;&quot;,&quot;reference&quot;:&quot;auto&quot;,&quot;class&quot;:&quot;&quot;,&quot;count&quot;:&quot;0&quot;,&quot;legendonly&quot;:&quot;&quot;,&quot;readonly&quot;:&quot;&quot;,&quot;score&quot;:&quot;0&quot;,&quot;starsonly&quot;:&quot;&quot;,&quot;best&quot;:&quot;5&quot;,&quot;gap&quot;:&quot;5&quot;,&quot;greet&quot;:&quot;Rate this page&quot;,&quot;legend&quot;:&quot;0\\\/5 - (0 votes)&quot;,&quot;size&quot;:&quot;30&quot;,&quot;title&quot;:&quot;SuperEnalotto-resultater og Vindertal&quot;,&quot;width&quot;:&quot;0&quot;,&quot;_legend&quot;:&quot;{score}\\\/{best} - ({count} {votes})&quot;,&quot;font_factor&quot;:&quot;1.25&quot;}'>\n            \n<div class=\"kksr-stars\">\n    \n<div class=\"kksr-stars-inactive\">\n            <div class=\"kksr-star\" data-star=\"1\" style=\"padding-right: 5px\">\n            \n\n<div class=\"kksr-icon\" style=\"width: 30px; height: 30px;\"><\/div>\n        <\/div>\n            <div class=\"kksr-star\" data-star=\"2\" style=\"padding-right: 5px\">\n            \n\n<div class=\"kksr-icon\" style=\"width: 30px; height: 30px;\"><\/div>\n        <\/div>\n            <div class=\"kksr-star\" data-star=\"3\" style=\"padding-right: 5px\">\n            \n\n<div class=\"kksr-icon\" style=\"width: 30px; height: 30px;\"><\/div>\n        <\/div>\n            <div class=\"kksr-star\" data-star=\"4\" style=\"padding-right: 5px\">\n            \n\n<div class=\"kksr-icon\" style=\"width: 30px; height: 30px;\"><\/div>\n        <\/div>\n            <div class=\"kksr-star\" data-star=\"5\" style=\"padding-right: 5px\">\n            \n\n<div class=\"kksr-icon\" style=\"width: 30px; height: 30px;\"><\/div>\n        <\/div>\n    <\/div>\n    \n<div class=\"kksr-stars-active\" style=\"width: 0px;\">\n            <div class=\"kksr-star\" style=\"padding-right: 5px\">\n            \n\n<div class=\"kksr-icon\" style=\"width: 30px; height: 30px;\"><\/div>\n        <\/div>\n            <div class=\"kksr-star\" style=\"padding-right: 5px\">\n            \n\n<div class=\"kksr-icon\" style=\"width: 30px; height: 30px;\"><\/div>\n        <\/div>\n            <div class=\"kksr-star\" style=\"padding-right: 5px\">\n            \n\n<div class=\"kksr-icon\" style=\"width: 30px; height: 30px;\"><\/div>\n        <\/div>\n            <div class=\"kksr-star\" style=\"padding-right: 5px\">\n            \n\n<div class=\"kksr-icon\" style=\"width: 30px; height: 30px;\"><\/div>\n        <\/div>\n            <div class=\"kksr-star\" style=\"padding-right: 5px\">\n            \n\n<div class=\"kksr-icon\" style=\"width: 30px; height: 30px;\"><\/div>\n        <\/div>\n    <\/div>\n<\/div>\n                \n\n<div class=\"kksr-legend\" style=\"font-size: 24px;\">\n            <span class=\"kksr-muted\">Rate this page<\/span>\n    <\/div>\n    <\/div>\n<p>At l\u00e6re SuperEnalotto-resultaterne for hver tr\u00e6kning, som dine tickets deltager i, er uden tvivl rigtig sp\u00e6ndende \u2013 is\u00e6r n\u00e5r det viser sig, at du har valgt de heldige tal. Tjek hurtigt og nemt p\u00e5 <a href=\"https:\/\/lottomat.com\/da\/\">LottoMat-hjemmesiden<\/a>, om du er blevet en del af million\u00e6rernes r\u00e6kker, da vi offentligg\u00f8r resultaterne umiddelbart efter tr\u00e6kningen, og de stammer fra den officielle meddelelse fra arrang\u00f8ren af SuperEnalotto-lotteriet. Man kan sige, at <a href=\"https:\/\/lottomat.com\/da\/resultater\/\">vores lotteriresultater<\/a> altid er varme som friskbagte boller.<\/p>\n<h2><img loading=\"lazy\" decoding=\"async\" class=\"wp-image-252676 alignleft\" src=\"https:\/\/lottomat.com\/wp-content\/uploads\/2025\/10\/Italian-lottery-numbers-300x300.webp\" alt=\"italienske lotterital\" width=\"200\" height=\"200\" srcset=\"https:\/\/lottomat.com\/wp-content\/uploads\/2025\/10\/Italian-lottery-numbers-300x300.webp 300w, https:\/\/lottomat.com\/wp-content\/uploads\/2025\/10\/Italian-lottery-numbers-150x150.webp 150w, https:\/\/lottomat.com\/wp-content\/uploads\/2025\/10\/Italian-lottery-numbers-100x100.webp 100w, https:\/\/lottomat.com\/wp-content\/uploads\/2025\/10\/Italian-lottery-numbers.webp 400w\" sizes=\"auto, (max-width: 200px) 100vw, 200px\" \/>Hvordan Tjekker Man de Aktuelle SuperEnalotto-resultater?<\/h2>\n<p>Det er virkelig let som en leg og utrolig hurtigt. <strong>Resultaterne fra den seneste tr\u00e6kning er altid placeret \u00f8verst p\u00e5 siden.<\/strong> Du kan dog blive forvirret af bonusnummeret, det s\u00e5kaldte Jolly, som ogs\u00e5 vises i resultaterne, men bare rolig \u2013 vi modtager resultaterne direkte fra arrang\u00f8ren lige efter tr\u00e6kningen, s\u00e5 dette ekstra lille nummer, som kun kan v\u00e6lges af italienere i landets lotteributikker, vises ogs\u00e5. Det betyder, at du kun skal fokusere p\u00e5 hovednumrene, da du ikke deltager i Jolly-tr\u00e6kningen. <strong>Resultaterne p\u00e5 LottoMat-hjemmesiden vises i en brugervenlig tabel, som er meget let at l\u00e6se.<\/strong><\/p>\n<h2>Hvordan Tjekker Man Arkiverede SuperEnalotto-resultater?<\/h2>\n<p>P\u00e5 LottoMat-hjemmesiden giver vi dig mulighed for at gennemse \u00e6ldre resultater. Lige ved siden af de senest udtrukne tal finder du datoen for den sidste tr\u00e6kning. <strong>Hvis du klikker p\u00e5 denne dato, vises en kalender med arkiverede tr\u00e6kninger.<\/strong> Alt, hvad du skal g\u00f8re, er at v\u00e6lge den dato, der interesserer dig, og se resultaterne fra en tidligere SuperEnalotto-tr\u00e6kning. Vi indsamler data for de seneste 12 m\u00e5neder, og du kan stole p\u00e5, at de er korrekt administreret og fuldst\u00e6ndig p\u00e5lidelige.<\/p>\n<h2>Hvordan Bruger Man Arkiverede SuperEnalotto-vindertal?<img loading=\"lazy\" decoding=\"async\" class=\"wp-image-252707 alignright\" src=\"https:\/\/lottomat.com\/wp-content\/uploads\/2025\/10\/Italian-lottery-results-300x300.webp\" alt=\"italienske lotteriresultater\" width=\"200\" height=\"200\" srcset=\"https:\/\/lottomat.com\/wp-content\/uploads\/2025\/10\/Italian-lottery-results-300x300.webp 300w, https:\/\/lottomat.com\/wp-content\/uploads\/2025\/10\/Italian-lottery-results-150x150.webp 150w, https:\/\/lottomat.com\/wp-content\/uploads\/2025\/10\/Italian-lottery-results-100x100.webp 100w, https:\/\/lottomat.com\/wp-content\/uploads\/2025\/10\/Italian-lottery-results.webp 400w\" sizes=\"auto, (max-width: 200px) 100vw, 200px\" \/><\/h2>\n<p>Ved du, hvorfor arkiverede tr\u00e6kninger er nyttige? Der er faktisk tre hovedgrunde. <strong>F\u00f8rst og fremmest g\u00f8r de det muligt for dig at skabe din egen unikke strategi<\/strong>, hvor du analyserer de senest udtrukne tal og vurderer dine vinderchancer. For det andet kan du tjekke, om der har v\u00e6ret en heldig sekser, om der kommer en jackpot, og hvad den seneste st\u00f8rste gevinst var, s\u00e5 du kan beregne det potentielle udbytte. For det tredje kan du se, hvor mange vindere SuperEnalotto har haft, og hvilke pr\u00e6mier de har vundet \u2013 selv hvis de ikke har ramt alle numre \u2013 og der er altid hundredtusindvis af vindere! Alt, hvad du mangler at g\u00f8re, er at k\u00f8be tickets og \u00e6ndre dit liv markant! Og husk, hver ticket bringer dig t\u00e6ttere p\u00e5 en gevinst hos <a href=\"https:\/\/lottomat.com\/da\/spil\/superenalotto\/\">SuperEnalotto online<\/a>.<\/p>\n<h2>Hvilke Numre Tr\u00e6kkes Oftest i SuperEnalotto?<\/h2>\n<p>If\u00f8lge statistiske analyser af SuperEnalotto-tr\u00e6kninger siden 1997 <strong>omfatter de 10 oftest udtrukne numre 90, 85, 77, 86, 82, 55, 88, 80, 87 og 79.<\/strong> Disse numre kaldes ofte \u201cvarme tal\u201d i lotterikredse p\u00e5 grund af deres hyppige forekomst i vindende kombinationer. Nummer 90 indtager f\u00f8rstepladsen og er blevet trukket hundredvis af gange gennem spillets historie. Spillere bruger ofte disse statistiske data til at informere deres talstrategier, men det er vigtigt at huske, at hver tr\u00e6kning er uafh\u00e6ngig, og at tidligere resultater ikke p\u00e5virker fremtidige udfald.<\/p>\n<h2><img loading=\"lazy\" decoding=\"async\" class=\"wp-image-252737 alignleft\" src=\"https:\/\/lottomat.com\/wp-content\/uploads\/2025\/10\/SuperEnalotto-results-300x300.webp\" alt=\"SuperEnalotto-resultater\" width=\"200\" height=\"200\" srcset=\"https:\/\/lottomat.com\/wp-content\/uploads\/2025\/10\/SuperEnalotto-results-300x300.webp 300w, https:\/\/lottomat.com\/wp-content\/uploads\/2025\/10\/SuperEnalotto-results-150x150.webp 150w, https:\/\/lottomat.com\/wp-content\/uploads\/2025\/10\/SuperEnalotto-results-100x100.webp 100w, https:\/\/lottomat.com\/wp-content\/uploads\/2025\/10\/SuperEnalotto-results.webp 400w\" sizes=\"auto, (max-width: 200px) 100vw, 200px\" \/>Hvilke Numre Tr\u00e6kkes Sj\u00e6ldnest i SuperEnalotto?<\/h2>\n<p>I den anden ende af spektret har SuperEnalotto flere \u201ckolde tal\u201d, som sj\u00e6ldent dukker op i tr\u00e6kningerne. <strong>De 10 sj\u00e6ldnest udtrukne numre omfatter typisk lave tal som 1, 2, 3, 4, 5, 6, 7, 8, 9 og 10<\/strong>, selvom dette kan variere afh\u00e6ngigt af den analyserede periode. Disse kolde tal optr\u00e6der sj\u00e6ldnere i vindende kombinationer sammenlignet med de varme tal. Nogle lotterientusiaster mener, at kolde tal \u201csnart m\u00e5 komme\u201d, mens andre foretr\u00e6kker at holde sig til varme tal, der har bevist deres hyppighed. At forst\u00e5 m\u00f8nstrene for b\u00e5de varme og kolde tal kan hj\u00e6lpe spillere med at udvikle deres egne lotteristrategier.<\/p>\n<h2>Kan SuperEnalotto-resultater Forudsiges?<\/h2>\n<p>P\u00e5 trods af de omfattende statistiske analyser, der findes for SuperEnalotto, er det vigtigt at forst\u00e5, at <strong>lotteriresultater ikke kan forudsiges pr\u00e6cist.<\/strong> Hver SuperEnalotto-tr\u00e6kning er fuldst\u00e6ndig tilf\u00e6ldig og uafh\u00e6ngig af tidligere resultater. Selvom det kan v\u00e6re interessant at studere varme og kolde tal, frekvensdiagrammer og historiske m\u00f8nstre, og det kan hj\u00e6lpe med at forme din talstrategi, garanterer disse statistikker ikke fremtidig succes. Lotteriet bruger avancerede systemer til tilf\u00e6ldig talgenerering, som sikrer, at hvert tal fra 1 til 90 har lige stor chance for at blive trukket i hver eneste tr\u00e6kning. Den matematiske sandsynlighed forbliver konstant uanset tidligere resultater \u2013 dette kaldes \u201cspillerens fejlslutning\u201d, n\u00e5r folk fejlagtigt tror, at tidligere udfald p\u00e5virker fremtidige. Professionelle matematikere og statistikere understreger konsekvent, at spil som SuperEnalotto er rene tilf\u00e6ldighedsspil. <strong>Den bedste tilgang er at spille ansvarligt, inden for dine midler og for underholdningens skyld \u2013 ikke som en investeringsstrategi.<\/strong><\/p>\n<h2>Hvordan Tjekker Man G\u00e5rsdagens SuperEnalotto-resultater?<img loading=\"lazy\" decoding=\"async\" class=\"wp-image-252767 alignright\" src=\"https:\/\/lottomat.com\/wp-content\/uploads\/2025\/10\/SuperEnalotto-winning-numbers-300x300.webp\" alt=\"SuperEnalotto-vindertal\" width=\"200\" height=\"200\" srcset=\"https:\/\/lottomat.com\/wp-content\/uploads\/2025\/10\/SuperEnalotto-winning-numbers-300x300.webp 300w, https:\/\/lottomat.com\/wp-content\/uploads\/2025\/10\/SuperEnalotto-winning-numbers-150x150.webp 150w, https:\/\/lottomat.com\/wp-content\/uploads\/2025\/10\/SuperEnalotto-winning-numbers-100x100.webp 100w, https:\/\/lottomat.com\/wp-content\/uploads\/2025\/10\/SuperEnalotto-winning-numbers.webp 400w\" sizes=\"auto, (max-width: 200px) 100vw, 200px\" \/><\/h2>\n<p>Det er nemt og bekvemt at tjekke g\u00e5rsdagens SuperEnalotto-resultater p\u00e5 LottoMat-hjemmesiden. Vores platform opretholder omfattende arkiver over alle nylige lotteritr\u00e6kninger, hvilket g\u00f8r det let at finde resultater fra i g\u00e5r, sidste uge eller endda sidste m\u00e5ned. <strong>Uanset om du leder efter dagens nyeste resultater eller har brug for at verificere numre fra tidligere tr\u00e6kninger, leverer LottoMat p\u00e5lidelige og pr\u00e6cise oplysninger om det italienske lotteri.<\/strong> Du skal blot navigere til vores resultatafsnit, hvor du finder en kronologisk oversigt over alle nylige SuperEnalotto-tr\u00e6kninger. Hver resultatpost indeholder de seks hovedvindertal, Jolly-nummeret og SuperStar-nummeret, hvis det er relevant. Du kan klikke p\u00e5 enhver dato for at se detaljerede oplysninger om den p\u00e5g\u00e6ldende tr\u00e6kning, herunder pr\u00e6mieopdeling og vinderstatistikker. Husk, at hos LottoMat <strong>er det ligegyldigt, om du s\u00f8ger efter dagens resultater, g\u00e5rsdagens tal eller resultater fra uger tilbage \u2013 du vil altid finde autentiske resultater fra det italienske lotteri<\/strong>, som du kan stole fuldt ud p\u00e5.<\/p>\n<h2>Hvor Mange Vandt i den Seneste SuperEnalotto-tr\u00e6kning?<\/h2>\n<p>Hver SuperEnalotto-tr\u00e6kning skaber flere vindere p\u00e5 tv\u00e6rs af forskellige <a href=\"https:\/\/lottomat.com\/da\/lotterier\/superenalotto\/\">SuperEnalotto-pr\u00e6mieniveauer<\/a>, ikke kun jackpotvinderen. <strong>Vores omfattende tabel over pr\u00e6mieopdeling giver detaljerede oplysninger om antallet af vindere p\u00e5 hvert pr\u00e6mieniveau og de bel\u00f8b, de har modtaget.<\/strong> Disse v\u00e6rdifulde data hj\u00e6lper spillere med at forst\u00e5 de mange m\u00e5der, man kan vinde i SuperEnalotto p\u00e5 \u2013 ikke kun ved at ramme alle seks numre. Typisk <strong>vinder tusindvis af spillere pr\u00e6mier i hver SuperEnalotto-tr\u00e6kning p\u00e5 tv\u00e6rs af alle pr\u00e6mieniveauer<\/strong>, hvor de fleste vinder mindre bel\u00f8b for at matche 2\u20133 numre. Disse oplysninger opdateres umiddelbart efter hver tr\u00e6kning og giver gennemsigtighed i lotteriets pr\u00e6miefordeling, hvilket hj\u00e6lper spillere med at forst\u00e5 deres potentielle gevinster p\u00e5 de forskellige matchningsniveauer.<\/p>\n","protected":false},"excerpt":{"rendered":"<p>At l\u00e6re SuperEnalotto-resultaterne for hver tr\u00e6kning, som dine tickets deltager i, er uden tvivl rigtig sp\u00e6ndende \u2013 is\u00e6r n\u00e5r det viser sig, at du har valgt de heldige tal. Tjek hurtigt og nemt p\u00e5 LottoMat-hjemmesiden, om du er blevet en del af million\u00e6rernes r\u00e6kker, da vi offentligg\u00f8r resultaterne umiddelbart efter tr\u00e6kningen, og de stammer fra [&hellip;]<\/p>\n","protected":false},"author":1,"featured_media":0,"parent":7401,"menu_order":5,"comment_status":"closed","ping_status":"closed","template":"superenalotto-results.php","meta":{"_et_pb_use_builder":"","_et_pb_old_content":"","_et_gb_content_width":"","exclude_from_search":false,"footnotes":""},"class_list":["post-238091","page","type-page","status-publish","hentry"],"yoast_head":"<!-- This site is optimized with the Yoast SEO plugin v23.8 - https:\/\/yoast.com\/wordpress\/plugins\/seo\/ -->\n<title>SuperEnalotto-resultater og Vindertal - Lottomat<\/title>\n<meta name=\"description\" content=\"Tjek de nyeste SuperEnalotto-resultater nu! Se dagens vindertal og find ud af, om du har vundet i det italienske lotteri.\" \/>\n<meta name=\"robots\" content=\"index, follow, max-snippet:-1, max-image-preview:large, max-video-preview:-1\" \/>\n<link rel=\"canonical\" href=\"https:\/\/lottomat.com\/da\/resultater\/superenalotto\/\" \/>\n<meta property=\"og:locale\" content=\"da_DK\" \/>\n<meta property=\"og:type\" content=\"article\" \/>\n<meta property=\"og:title\" content=\"SuperEnalotto-resultater og Vindertal - Lottomat\" \/>\n<meta property=\"og:description\" content=\"Tjek de nyeste SuperEnalotto-resultater nu! Se dagens vindertal og find ud af, om du har vundet i det italienske lotteri.\" \/>\n<meta property=\"og:url\" content=\"https:\/\/lottomat.com\/da\/resultater\/superenalotto\/\" \/>\n<meta property=\"og:site_name\" content=\"Lottomat\" \/>\n<meta property=\"article:modified_time\" content=\"2026-02-15T04:19:05+00:00\" \/>\n<meta property=\"og:image\" content=\"https:\/\/lottomat.com\/wp-content\/uploads\/2025\/10\/Italian-lottery-numbers-300x300.webp\" \/>\n<meta name=\"twitter:card\" content=\"summary_large_image\" \/>\n<script type=\"application\/ld+json\" class=\"yoast-schema-graph\">{\"@context\":\"https:\/\/schema.org\",\"@graph\":[{\"@type\":\"WebPage\",\"@id\":\"https:\/\/lottomat.com\/da\/resultater\/superenalotto\/\",\"url\":\"https:\/\/lottomat.com\/da\/resultater\/superenalotto\/\",\"name\":\"SuperEnalotto-resultater og Vindertal - Lottomat\",\"isPartOf\":{\"@id\":\"https:\/\/lottomat.com\/da\/#website\"},\"primaryImageOfPage\":{\"@id\":\"https:\/\/lottomat.com\/da\/resultater\/superenalotto\/#primaryimage\"},\"image\":{\"@id\":\"https:\/\/lottomat.com\/da\/resultater\/superenalotto\/#primaryimage\"},\"thumbnailUrl\":\"https:\/\/lottomat.com\/wp-content\/uploads\/2025\/10\/Italian-lottery-numbers-300x300.webp\",\"datePublished\":\"2025-04-07T19:25:51+00:00\",\"dateModified\":\"2026-02-15T04:19:05+00:00\",\"description\":\"Tjek de nyeste SuperEnalotto-resultater nu! Se dagens vindertal og find ud af, om du har vundet i det italienske lotteri.\",\"breadcrumb\":{\"@id\":\"https:\/\/lottomat.com\/da\/resultater\/superenalotto\/#breadcrumb\"},\"inLanguage\":\"da-DK\",\"potentialAction\":[{\"@type\":\"ReadAction\",\"target\":[\"https:\/\/lottomat.com\/da\/resultater\/superenalotto\/\"]}]},{\"@type\":\"ImageObject\",\"inLanguage\":\"da-DK\",\"@id\":\"https:\/\/lottomat.com\/da\/resultater\/superenalotto\/#primaryimage\",\"url\":\"https:\/\/lottomat.com\/wp-content\/uploads\/2025\/10\/Italian-lottery-numbers-300x300.webp\",\"contentUrl\":\"https:\/\/lottomat.com\/wp-content\/uploads\/2025\/10\/Italian-lottery-numbers-300x300.webp\"},{\"@type\":\"BreadcrumbList\",\"@id\":\"https:\/\/lottomat.com\/da\/resultater\/superenalotto\/#breadcrumb\",\"itemListElement\":[{\"@type\":\"ListItem\",\"position\":1,\"name\":\"Home\",\"item\":\"https:\/\/lottomat.com\/da\/\"},{\"@type\":\"ListItem\",\"position\":2,\"name\":\"De seneste lotteriresultater og vindertal\",\"item\":\"https:\/\/lottomat.com\/da\/resultater\/\"},{\"@type\":\"ListItem\",\"position\":3,\"name\":\"SuperEnalotto-resultater og Vindertal\"}]},{\"@type\":\"WebSite\",\"@id\":\"https:\/\/lottomat.com\/da\/#website\",\"url\":\"https:\/\/lottomat.com\/da\/\",\"name\":\"Lottomat\",\"description\":\"\",\"potentialAction\":[{\"@type\":\"SearchAction\",\"target\":{\"@type\":\"EntryPoint\",\"urlTemplate\":\"https:\/\/lottomat.com\/da\/?s={search_term_string}\"},\"query-input\":{\"@type\":\"PropertyValueSpecification\",\"valueRequired\":true,\"valueName\":\"search_term_string\"}}],\"inLanguage\":\"da-DK\"}]}<\/script>\n<!-- \/ Yoast SEO plugin. -->","yoast_head_json":{"title":"SuperEnalotto-resultater og Vindertal - Lottomat","description":"Tjek de nyeste SuperEnalotto-resultater nu! Se dagens vindertal og find ud af, om du har vundet i det italienske lotteri.","robots":{"index":"index","follow":"follow","max-snippet":"max-snippet:-1","max-image-preview":"max-image-preview:large","max-video-preview":"max-video-preview:-1"},"canonical":"https:\/\/lottomat.com\/da\/resultater\/superenalotto\/","og_locale":"da_DK","og_type":"article","og_title":"SuperEnalotto-resultater og Vindertal - Lottomat","og_description":"Tjek de nyeste SuperEnalotto-resultater nu! Se dagens vindertal og find ud af, om du har vundet i det italienske lotteri.","og_url":"https:\/\/lottomat.com\/da\/resultater\/superenalotto\/","og_site_name":"Lottomat","article_modified_time":"2026-02-15T04:19:05+00:00","og_image":[{"url":"https:\/\/lottomat.com\/wp-content\/uploads\/2025\/10\/Italian-lottery-numbers-300x300.webp"}],"twitter_card":"summary_large_image","schema":{"@context":"https:\/\/schema.org","@graph":[{"@type":"WebPage","@id":"https:\/\/lottomat.com\/da\/resultater\/superenalotto\/","url":"https:\/\/lottomat.com\/da\/resultater\/superenalotto\/","name":"SuperEnalotto-resultater og Vindertal - Lottomat","isPartOf":{"@id":"https:\/\/lottomat.com\/da\/#website"},"primaryImageOfPage":{"@id":"https:\/\/lottomat.com\/da\/resultater\/superenalotto\/#primaryimage"},"image":{"@id":"https:\/\/lottomat.com\/da\/resultater\/superenalotto\/#primaryimage"},"thumbnailUrl":"https:\/\/lottomat.com\/wp-content\/uploads\/2025\/10\/Italian-lottery-numbers-300x300.webp","datePublished":"2025-04-07T19:25:51+00:00","dateModified":"2026-02-15T04:19:05+00:00","description":"Tjek de nyeste SuperEnalotto-resultater nu! Se dagens vindertal og find ud af, om du har vundet i det italienske lotteri.","breadcrumb":{"@id":"https:\/\/lottomat.com\/da\/resultater\/superenalotto\/#breadcrumb"},"inLanguage":"da-DK","potentialAction":[{"@type":"ReadAction","target":["https:\/\/lottomat.com\/da\/resultater\/superenalotto\/"]}]},{"@type":"ImageObject","inLanguage":"da-DK","@id":"https:\/\/lottomat.com\/da\/resultater\/superenalotto\/#primaryimage","url":"https:\/\/lottomat.com\/wp-content\/uploads\/2025\/10\/Italian-lottery-numbers-300x300.webp","contentUrl":"https:\/\/lottomat.com\/wp-content\/uploads\/2025\/10\/Italian-lottery-numbers-300x300.webp"},{"@type":"BreadcrumbList","@id":"https:\/\/lottomat.com\/da\/resultater\/superenalotto\/#breadcrumb","itemListElement":[{"@type":"ListItem","position":1,"name":"Home","item":"https:\/\/lottomat.com\/da\/"},{"@type":"ListItem","position":2,"name":"De seneste lotteriresultater og vindertal","item":"https:\/\/lottomat.com\/da\/resultater\/"},{"@type":"ListItem","position":3,"name":"SuperEnalotto-resultater og Vindertal"}]},{"@type":"WebSite","@id":"https:\/\/lottomat.com\/da\/#website","url":"https:\/\/lottomat.com\/da\/","name":"Lottomat","description":"","potentialAction":[{"@type":"SearchAction","target":{"@type":"EntryPoint","urlTemplate":"https:\/\/lottomat.com\/da\/?s={search_term_string}"},"query-input":{"@type":"PropertyValueSpecification","valueRequired":true,"valueName":"search_term_string"}}],"inLanguage":"da-DK"}]}},"_links":{"self":[{"href":"https:\/\/lottomat.com\/da\/wp-json\/wp\/v2\/pages\/238091","targetHints":{"allow":["GET"]}}],"collection":[{"href":"https:\/\/lottomat.com\/da\/wp-json\/wp\/v2\/pages"}],"about":[{"href":"https:\/\/lottomat.com\/da\/wp-json\/wp\/v2\/types\/page"}],"author":[{"embeddable":true,"href":"https:\/\/lottomat.com\/da\/wp-json\/wp\/v2\/users\/1"}],"replies":[{"embeddable":true,"href":"https:\/\/lottomat.com\/da\/wp-json\/wp\/v2\/comments?post=238091"}],"version-history":[{"count":2,"href":"https:\/\/lottomat.com\/da\/wp-json\/wp\/v2\/pages\/238091\/revisions"}],"predecessor-version":[{"id":271078,"href":"https:\/\/lottomat.com\/da\/wp-json\/wp\/v2\/pages\/238091\/revisions\/271078"}],"up":[{"embeddable":true,"href":"https:\/\/lottomat.com\/da\/wp-json\/wp\/v2\/pages\/7401"}],"wp:attachment":[{"href":"https:\/\/lottomat.com\/da\/wp-json\/wp\/v2\/media?parent=238091"}],"curies":[{"name":"wp","href":"https:\/\/api.w.org\/{rel}","templated":true}]}}