{"id":237796,"date":"2025-04-07T19:24:29","date_gmt":"2025-04-07T19:24:29","guid":{"rendered":"https:\/\/lottomat.net\/lotteri-resultater\/mega-millions-resultater\/"},"modified":"2026-02-12T11:59:43","modified_gmt":"2026-02-12T11:59:43","slug":"megamillions","status":"publish","type":"page","link":"https:\/\/lottomat.com\/da\/resultater\/megamillions\/","title":{"rendered":"Mega Millions-resultater og Vindende Tal"},"content":{"rendered":"\n\n<div class=\"kk-star-ratings kksr-auto kksr-align-left kksr-valign-top\"\n    data-payload='{&quot;align&quot;:&quot;left&quot;,&quot;id&quot;:&quot;237796&quot;,&quot;slug&quot;:&quot;default&quot;,&quot;valign&quot;:&quot;top&quot;,&quot;ignore&quot;:&quot;&quot;,&quot;reference&quot;:&quot;auto&quot;,&quot;class&quot;:&quot;&quot;,&quot;count&quot;:&quot;0&quot;,&quot;legendonly&quot;:&quot;&quot;,&quot;readonly&quot;:&quot;&quot;,&quot;score&quot;:&quot;0&quot;,&quot;starsonly&quot;:&quot;&quot;,&quot;best&quot;:&quot;5&quot;,&quot;gap&quot;:&quot;5&quot;,&quot;greet&quot;:&quot;Rate this page&quot;,&quot;legend&quot;:&quot;0\\\/5 - (0 votes)&quot;,&quot;size&quot;:&quot;30&quot;,&quot;title&quot;:&quot;Mega Millions-resultater og Vindende Tal&quot;,&quot;width&quot;:&quot;0&quot;,&quot;_legend&quot;:&quot;{score}\\\/{best} - ({count} {votes})&quot;,&quot;font_factor&quot;:&quot;1.25&quot;}'>\n            \n<div class=\"kksr-stars\">\n    \n<div class=\"kksr-stars-inactive\">\n            <div class=\"kksr-star\" data-star=\"1\" style=\"padding-right: 5px\">\n            \n\n<div class=\"kksr-icon\" style=\"width: 30px; height: 30px;\"><\/div>\n        <\/div>\n            <div class=\"kksr-star\" data-star=\"2\" style=\"padding-right: 5px\">\n            \n\n<div class=\"kksr-icon\" style=\"width: 30px; height: 30px;\"><\/div>\n        <\/div>\n            <div class=\"kksr-star\" data-star=\"3\" style=\"padding-right: 5px\">\n            \n\n<div class=\"kksr-icon\" style=\"width: 30px; height: 30px;\"><\/div>\n        <\/div>\n            <div class=\"kksr-star\" data-star=\"4\" style=\"padding-right: 5px\">\n            \n\n<div class=\"kksr-icon\" style=\"width: 30px; height: 30px;\"><\/div>\n        <\/div>\n            <div class=\"kksr-star\" data-star=\"5\" style=\"padding-right: 5px\">\n            \n\n<div class=\"kksr-icon\" style=\"width: 30px; height: 30px;\"><\/div>\n        <\/div>\n    <\/div>\n    \n<div class=\"kksr-stars-active\" style=\"width: 0px;\">\n            <div class=\"kksr-star\" style=\"padding-right: 5px\">\n            \n\n<div class=\"kksr-icon\" style=\"width: 30px; height: 30px;\"><\/div>\n        <\/div>\n            <div class=\"kksr-star\" style=\"padding-right: 5px\">\n            \n\n<div class=\"kksr-icon\" style=\"width: 30px; height: 30px;\"><\/div>\n        <\/div>\n            <div class=\"kksr-star\" style=\"padding-right: 5px\">\n            \n\n<div class=\"kksr-icon\" style=\"width: 30px; height: 30px;\"><\/div>\n        <\/div>\n            <div class=\"kksr-star\" style=\"padding-right: 5px\">\n            \n\n<div class=\"kksr-icon\" style=\"width: 30px; height: 30px;\"><\/div>\n        <\/div>\n            <div class=\"kksr-star\" style=\"padding-right: 5px\">\n            \n\n<div class=\"kksr-icon\" style=\"width: 30px; height: 30px;\"><\/div>\n        <\/div>\n    <\/div>\n<\/div>\n                \n\n<div class=\"kksr-legend\" style=\"font-size: 24px;\">\n            <span class=\"kksr-muted\">Rate this page<\/span>\n    <\/div>\n    <\/div>\n<p>Mega Millions-lotterisedler bliver k\u00f8bt, de vindende Mega Millions-tal bliver udvalgt, og du fokuserer blot p\u00e5 lykkelige planer og dr\u00f8mme, som kan g\u00e5 i opfyldelse, hvis du slutter dig til million\u00e6rernes r\u00e6kker. Der er intet galt i det \u2013 vi har alle vores dr\u00f8mme. Det er sandsynligt, at enhver spillers tanker kredser om at vinde, f\u00f8r de finder ud af resultaterne af Mega Millions-tr\u00e6kningen, og <strong>Mega Millions er et spil, der virkelig kan give meget<\/strong>.<\/p>\n<h2>Er det Muligt at Vinde med Mega Millions-tal?<img loading=\"lazy\" decoding=\"async\" class=\"alignright wp-image-251955\" src=\"https:\/\/lottomat.com\/wp-content\/uploads\/2025\/10\/Mega-Millions-winning-numbers.webp\" alt=\"Vindende Mega Millions-tal\" width=\"200\" height=\"200\" srcset=\"https:\/\/lottomat.com\/wp-content\/uploads\/2025\/10\/Mega-Millions-winning-numbers.webp 400w, https:\/\/lottomat.com\/wp-content\/uploads\/2025\/10\/Mega-Millions-winning-numbers-300x300.webp 300w, https:\/\/lottomat.com\/wp-content\/uploads\/2025\/10\/Mega-Millions-winning-numbers-150x150.webp 150w, https:\/\/lottomat.com\/wp-content\/uploads\/2025\/10\/Mega-Millions-winning-numbers-100x100.webp 100w\" sizes=\"auto, (max-width: 200px) 100vw, 200px\" \/><\/h2>\n<p>Indtil du <a href=\"https:\/\/lottomat.com\/da\/resultater\/\">tjekker de aktuelle lotteritr\u00e6kningsresultater<\/a>, kan du dr\u00f8mme, men kun tr\u00e6kningen af de tal, du har valgt, kan g\u00f8re denne smukke dr\u00f8m til virkelighed. Derfor er der ingen grund til at vente \u2013 bare spil og tjek. Alt, hvad du skal g\u00f8re efter tr\u00e6kningen, er at <a href=\"https:\/\/lottomat.com\/da\/\">bes\u00f8ge Lottomat-hjemmesiden<\/a> p\u00e5 resultatsiden for Mega Millions og se, hvilke tal der vandt i netop denne tr\u00e6kning. Hvis de matcher din seddel, betyder det, at du er blandt vinderne af <a href=\"https:\/\/lottomat.com\/da\/lotterier\/megamillions\/\">Mega Millions-pr\u00e6mier og jackpot<\/a>. <strong>Mega Millions-lotteritr\u00e6kningen finder regelm\u00e6ssigt sted to gange om ugen, hver onsdag og l\u00f8rdag kl. 03:00 UTC<\/strong>. Vi offentligg\u00f8r de aktuelle Mega Millions-resultater online lige efter tr\u00e6kningen er afsluttet, og de kommer fra lotteriudbyderens officielle oplysninger, hvilket g\u00f8r dem 100 % kontrollerede og p\u00e5lidelige. Det eneste, du skal huske, er at tilpasse tidspunktet til din lokale tidszone.<\/p>\n<h2>Hvordan Tjekker man Dagens Mega Millions-resultater?<\/h2>\n<p><strong>De aktuelle Mega Millions-resultater er tilg\u00e6ngelige p\u00e5 Lottomat-hjemmesiden umiddelbart efter hver tr\u00e6kning<\/strong>. Alle offentliggjorte resultater kommer direkte fra officielle lotterikilder, hvilket sikrer fuld n\u00f8jagtighed og p\u00e5lidelighed. Du kan f\u00e5 adgang til de nyeste vindende tal ved at bes\u00f8ge vores dedikerede Mega Millions-resultatside. Resultaterne opdateres i realtid efter hver tr\u00e6kning, s\u00e5 du altid har adgang til de mest opdaterede oplysninger. G\u00e5 blot til vores resultatsektion for at finde ud af, om dine tal har gjort dig til den n\u00e6ste Mega Millions-vinder.<\/p>\n<h2><img loading=\"lazy\" decoding=\"async\" class=\"alignleft wp-image-251985\" src=\"https:\/\/lottomat.com\/wp-content\/uploads\/2025\/10\/Mega-Millions-results.webp\" alt=\"Mega Millions-resultater\" width=\"200\" height=\"200\" srcset=\"https:\/\/lottomat.com\/wp-content\/uploads\/2025\/10\/Mega-Millions-results.webp 400w, https:\/\/lottomat.com\/wp-content\/uploads\/2025\/10\/Mega-Millions-results-300x300.webp 300w, https:\/\/lottomat.com\/wp-content\/uploads\/2025\/10\/Mega-Millions-results-150x150.webp 150w, https:\/\/lottomat.com\/wp-content\/uploads\/2025\/10\/Mega-Millions-results-100x100.webp 100w\" sizes=\"auto, (max-width: 200px) 100vw, 200px\" \/>Hvordan Tjekker man Historiske Mega Millions-resultater og Vindende Tal?<\/h2>\n<p>Vi ved, hvor vigtige arkiverede lotteriresul\u00adtater er for mange af os, da nogle af jer bygger jeres strategi for kommende tr\u00e6kninger p\u00e5 dem. Alt, hvad du skal g\u00f8re for at bruge dem, er at g\u00e5 til vores resultatkalender. Den er tilg\u00e6ngelig \u00f8verst til h\u00f8jre. Efter at have klikket p\u00e5 en dato kan du frit skifte til andre perioder. <strong>Der kan du tjekke de Mega Millions-vindende tal, der er blevet trukket i de seneste uger, og se, hvor vigtig en varieret udv\u00e6lgelse af tal p\u00e5 sedler er<\/strong>.<\/p>\n<h2>Hvordan Bruger man Arkivet med Mega Millions\u2019 Vindende Tal?<\/h2>\n<p>Det historiske arkiv over Mega Millions-resultater fungerer som et v\u00e6rdifuldt v\u00e6rkt\u00f8j for spillere, der \u00f8nsker at analysere m\u00f8nstre og udvikle deres spillestrategier. Ved at gennemg\u00e5 tidligere tr\u00e6kninger kan du identificere tendenser i talfrekvensen og tr\u00e6ffe mere informerede beslutninger om dine talvalg. <strong>Arkivet g\u00f8r det muligt at f\u00f8lge, hvilke tal der ofte er dukket op sammen, hvilket hj\u00e6lper dig med at forst\u00e5 spillets m\u00f8nstre over tid<\/strong>. Mange succesfulde spillere bruger disse historiske data til at skabe systematiske tilgange til deres talvalg, selvom det er vigtigt at huske, at hver tr\u00e6kning er uafh\u00e6ngig og tilf\u00e6ldig. Arkivet giver indsigt i talkombinationer, der er blevet trukket flere gange, og giver dig et fundament for at skabe din egen udv\u00e6lgelsesmetode. Tidligere resultater garanterer dog ikke fremtidige gevinster i lotterispil.<\/p>\n<h2>Hvilke Tal Tr\u00e6kkes Oftest i Mega Millions?<img loading=\"lazy\" decoding=\"async\" class=\"alignright wp-image-252015\" src=\"https:\/\/lottomat.com\/wp-content\/uploads\/2025\/10\/drawing-results.webp\" alt=\"tr\u00e6kningsresultater\" width=\"200\" height=\"200\" srcset=\"https:\/\/lottomat.com\/wp-content\/uploads\/2025\/10\/drawing-results.webp 400w, https:\/\/lottomat.com\/wp-content\/uploads\/2025\/10\/drawing-results-300x300.webp 300w, https:\/\/lottomat.com\/wp-content\/uploads\/2025\/10\/drawing-results-150x150.webp 150w, https:\/\/lottomat.com\/wp-content\/uploads\/2025\/10\/drawing-results-100x100.webp 100w\" sizes=\"auto, (max-width: 200px) 100vw, 200px\" \/><\/h2>\n<p>Vi har allerede n\u00e6vnt forberedelsen af en god strategi ved hj\u00e6lp af tidligere trukne tal, men der findes ogs\u00e5 lige s\u00e5 god st\u00f8tte i form af statistik over bestemte tal. Det viser sig, at der er tal, som tr\u00e6kkes langt oftere end andre. P\u00e5 Lottomat-hjemmesiden finder du alle disse oplysninger for hvert lotteri. <strong>De oftest trukne tal i Mega Millions er: 29, 4, 48 og 36<\/strong>. Tallet 48 er allerede blevet trukket 80 gange siden 2005. <strong>Hvad ang\u00e5r Mega Ball, er de oftest trukne tal 35, 9, 36 og 7<\/strong>. Vi \u00f8nsker dig intet andet end de mest indbringende Mega Millions-resultater!<\/p>\n<h2>Hvilke Tal Tr\u00e6kkes Sj\u00e6ldnest i Mega Millions?<\/h2>\n<p>Mens nogle tal ofte forekommer i Mega Millions-tr\u00e6kninger, ser andre ud til at blive trukket sj\u00e6ldnere, hvilket spillere kalder \u201ckolde\u201d tal. <strong>Disse sj\u00e6ldnere trukne tal kan v\u00e6re lige s\u00e5 v\u00e6rdifulde, n\u00e5r man skaber en balanceret lotteristrategi<\/strong>. Nogle spillere foretr\u00e6kker at inkludere disse sj\u00e6ldne tal i deres valg i den tro, at \u201cderes tid er kommet\u201d. <strong>De sj\u00e6ldnest trukne hovedtal i Mega Millions\u2019 historie omfatter 50, 51, 65, 66 og 67<\/strong>. Disse tal er blevet trukket betydeligt f\u00e6rre gange sammenlignet med de mest hyppige, hvor nogle kun er dukket op 66\u201384 gange gennem spillets historie. Blandt Mega Ball-tallene har visse tal som 15 og h\u00f8jere tal en tendens til at forekomme sj\u00e6ldnere i de seneste tr\u00e6kninger. De sj\u00e6ldnest trukne hovedtal omfatter historisk set flere h\u00f8jere tal fra det tilg\u00e6ngelige interval, selvom de specifikke tal \u00e6ndrer sig over tid, efterh\u00e5nden som flere tr\u00e6kninger finder sted. <strong>Tallet 50 skiller sig ud som et af de koldeste tal, idet det kun er blevet trukket 66 gange siden spillets begyndelse<\/strong>. Det er v\u00e6rd at bem\u00e6rke, at i et fuldst\u00e6ndigt tilf\u00e6ldigt system har alle tal samme sandsynlighed for at blive trukket i enhver tr\u00e6kning, uanset deres historiske hyppighed.<\/p>\n<h2><img loading=\"lazy\" decoding=\"async\" class=\"alignleft wp-image-252045\" src=\"https:\/\/lottomat.com\/wp-content\/uploads\/2025\/10\/Mega-Millions-draw.webp\" alt=\"Mega Millions-tr\u00e6kning\" width=\"200\" height=\"200\" srcset=\"https:\/\/lottomat.com\/wp-content\/uploads\/2025\/10\/Mega-Millions-draw.webp 400w, https:\/\/lottomat.com\/wp-content\/uploads\/2025\/10\/Mega-Millions-draw-300x300.webp 300w, https:\/\/lottomat.com\/wp-content\/uploads\/2025\/10\/Mega-Millions-draw-150x150.webp 150w, https:\/\/lottomat.com\/wp-content\/uploads\/2025\/10\/Mega-Millions-draw-100x100.webp 100w\" sizes=\"auto, (max-width: 200px) 100vw, 200px\" \/>Kan Mega Millions-resultater Forudsiges?<\/h2>\n<p>Sp\u00f8rgsm\u00e5let om, hvorvidt lotteriresul\u00adtater kan forudsiges, har fascineret spillere i generationer. <strong>Mega Millions-tr\u00e6kninger gennemf\u00f8res ved hj\u00e6lp af certificerede metoder til generering af tilf\u00e6ldige tal, hvilket g\u00f8r reel forudsigelse matematisk umulig<\/strong>. Hver kugle har samme chance for at blive udvalgt i hver tr\u00e6kning, uanset hvorn\u00e5r den sidst blev trukket. Selvom statistisk analyse af tidligere resultater kan afsl\u00f8re interessante m\u00f8nstre og frekvenser, kan disse m\u00f8nstre ikke p\u00e5lideligt forudsige fremtidige udfald. Den tilf\u00e6ldige karakter af lotteritr\u00e6kninger betyder, at enhver talkombination har samme sandsynlighed for at vinde som enhver anden, uanset om det er en sekvens som 1-2-3-4-5 eller en tilsyneladende tilf\u00e6ldig blanding af tal. <strong>Den bedste tilgang er at <a href=\"https:\/\/lottomat.com\/da\/spil\/mega-millions\/\">spille Mega Millions online<\/a> ansvarligt og huske, at lotterispil er designet som spil baseret p\u00e5 held, ikke f\u00e6rdighed eller forudsigelse<\/strong>.<\/p>\n","protected":false},"excerpt":{"rendered":"<p>Mega Millions-lotterisedler bliver k\u00f8bt, de vindende Mega Millions-tal bliver udvalgt, og du fokuserer blot p\u00e5 lykkelige planer og dr\u00f8mme, som kan g\u00e5 i opfyldelse, hvis du slutter dig til million\u00e6rernes r\u00e6kker. Der er intet galt i det \u2013 vi har alle vores dr\u00f8mme. Det er sandsynligt, at enhver spillers tanker kredser om at vinde, f\u00f8r [&hellip;]<\/p>\n","protected":false},"author":1,"featured_media":0,"parent":7401,"menu_order":2,"comment_status":"closed","ping_status":"closed","template":"megamillion-results.php","meta":{"_et_pb_use_builder":"","_et_pb_old_content":"","_et_gb_content_width":"","exclude_from_search":false,"footnotes":""},"class_list":["post-237796","page","type-page","status-publish","hentry"],"yoast_head":"<!-- This site is optimized with the Yoast SEO plugin v23.8 - https:\/\/yoast.com\/wordpress\/plugins\/seo\/ -->\n<title>Mega Millions-resultater og Vindende Tal - Lottomat<\/title>\n<meta name=\"description\" content=\"Tjek de seneste Mega Millions-resultater og vindende tal her. Se, hvilke tal der blev trukket i den seneste Mega Millions-lotteritr\u00e6kning.\" \/>\n<meta name=\"robots\" content=\"index, follow, max-snippet:-1, max-image-preview:large, max-video-preview:-1\" \/>\n<link rel=\"canonical\" href=\"https:\/\/lottomat.com\/da\/resultater\/megamillions\/\" \/>\n<meta property=\"og:locale\" content=\"da_DK\" \/>\n<meta property=\"og:type\" content=\"article\" \/>\n<meta property=\"og:title\" content=\"Mega Millions-resultater og Vindende Tal - Lottomat\" \/>\n<meta property=\"og:description\" content=\"Tjek de seneste Mega Millions-resultater og vindende tal her. Se, hvilke tal der blev trukket i den seneste Mega Millions-lotteritr\u00e6kning.\" \/>\n<meta property=\"og:url\" content=\"https:\/\/lottomat.com\/da\/resultater\/megamillions\/\" \/>\n<meta property=\"og:site_name\" content=\"Lottomat\" \/>\n<meta property=\"article:modified_time\" content=\"2026-02-12T11:59:43+00:00\" \/>\n<meta property=\"og:image\" content=\"https:\/\/lottomat.com\/wp-content\/uploads\/2025\/10\/Mega-Millions-winning-numbers.webp\" \/>\n<meta name=\"twitter:card\" content=\"summary_large_image\" \/>\n<meta name=\"twitter:label1\" content=\"Estimeret l\u00e6setid\" \/>\n\t<meta name=\"twitter:data1\" content=\"6 minutter\" \/>\n<script type=\"application\/ld+json\" class=\"yoast-schema-graph\">{\"@context\":\"https:\/\/schema.org\",\"@graph\":[{\"@type\":\"WebPage\",\"@id\":\"https:\/\/lottomat.com\/da\/resultater\/megamillions\/\",\"url\":\"https:\/\/lottomat.com\/da\/resultater\/megamillions\/\",\"name\":\"Mega Millions-resultater og Vindende Tal - Lottomat\",\"isPartOf\":{\"@id\":\"https:\/\/lottomat.com\/da\/#website\"},\"primaryImageOfPage\":{\"@id\":\"https:\/\/lottomat.com\/da\/resultater\/megamillions\/#primaryimage\"},\"image\":{\"@id\":\"https:\/\/lottomat.com\/da\/resultater\/megamillions\/#primaryimage\"},\"thumbnailUrl\":\"https:\/\/lottomat.com\/wp-content\/uploads\/2025\/10\/Mega-Millions-winning-numbers.webp\",\"datePublished\":\"2025-04-07T19:24:29+00:00\",\"dateModified\":\"2026-02-12T11:59:43+00:00\",\"description\":\"Tjek de seneste Mega Millions-resultater og vindende tal her. Se, hvilke tal der blev trukket i den seneste Mega Millions-lotteritr\u00e6kning.\",\"breadcrumb\":{\"@id\":\"https:\/\/lottomat.com\/da\/resultater\/megamillions\/#breadcrumb\"},\"inLanguage\":\"da-DK\",\"potentialAction\":[{\"@type\":\"ReadAction\",\"target\":[\"https:\/\/lottomat.com\/da\/resultater\/megamillions\/\"]}]},{\"@type\":\"ImageObject\",\"inLanguage\":\"da-DK\",\"@id\":\"https:\/\/lottomat.com\/da\/resultater\/megamillions\/#primaryimage\",\"url\":\"https:\/\/lottomat.com\/wp-content\/uploads\/2025\/10\/Mega-Millions-winning-numbers.webp\",\"contentUrl\":\"https:\/\/lottomat.com\/wp-content\/uploads\/2025\/10\/Mega-Millions-winning-numbers.webp\"},{\"@type\":\"BreadcrumbList\",\"@id\":\"https:\/\/lottomat.com\/da\/resultater\/megamillions\/#breadcrumb\",\"itemListElement\":[{\"@type\":\"ListItem\",\"position\":1,\"name\":\"Home\",\"item\":\"https:\/\/lottomat.com\/da\/\"},{\"@type\":\"ListItem\",\"position\":2,\"name\":\"De seneste lotteriresultater og vindertal\",\"item\":\"https:\/\/lottomat.com\/da\/resultater\/\"},{\"@type\":\"ListItem\",\"position\":3,\"name\":\"Mega Millions-resultater og Vindende Tal\"}]},{\"@type\":\"WebSite\",\"@id\":\"https:\/\/lottomat.com\/da\/#website\",\"url\":\"https:\/\/lottomat.com\/da\/\",\"name\":\"Lottomat\",\"description\":\"\",\"potentialAction\":[{\"@type\":\"SearchAction\",\"target\":{\"@type\":\"EntryPoint\",\"urlTemplate\":\"https:\/\/lottomat.com\/da\/?s={search_term_string}\"},\"query-input\":{\"@type\":\"PropertyValueSpecification\",\"valueRequired\":true,\"valueName\":\"search_term_string\"}}],\"inLanguage\":\"da-DK\"}]}<\/script>\n<!-- \/ Yoast SEO plugin. -->","yoast_head_json":{"title":"Mega Millions-resultater og Vindende Tal - Lottomat","description":"Tjek de seneste Mega Millions-resultater og vindende tal her. Se, hvilke tal der blev trukket i den seneste Mega Millions-lotteritr\u00e6kning.","robots":{"index":"index","follow":"follow","max-snippet":"max-snippet:-1","max-image-preview":"max-image-preview:large","max-video-preview":"max-video-preview:-1"},"canonical":"https:\/\/lottomat.com\/da\/resultater\/megamillions\/","og_locale":"da_DK","og_type":"article","og_title":"Mega Millions-resultater og Vindende Tal - Lottomat","og_description":"Tjek de seneste Mega Millions-resultater og vindende tal her. Se, hvilke tal der blev trukket i den seneste Mega Millions-lotteritr\u00e6kning.","og_url":"https:\/\/lottomat.com\/da\/resultater\/megamillions\/","og_site_name":"Lottomat","article_modified_time":"2026-02-12T11:59:43+00:00","og_image":[{"url":"https:\/\/lottomat.com\/wp-content\/uploads\/2025\/10\/Mega-Millions-winning-numbers.webp"}],"twitter_card":"summary_large_image","twitter_misc":{"Estimeret l\u00e6setid":"6 minutter"},"schema":{"@context":"https:\/\/schema.org","@graph":[{"@type":"WebPage","@id":"https:\/\/lottomat.com\/da\/resultater\/megamillions\/","url":"https:\/\/lottomat.com\/da\/resultater\/megamillions\/","name":"Mega Millions-resultater og Vindende Tal - Lottomat","isPartOf":{"@id":"https:\/\/lottomat.com\/da\/#website"},"primaryImageOfPage":{"@id":"https:\/\/lottomat.com\/da\/resultater\/megamillions\/#primaryimage"},"image":{"@id":"https:\/\/lottomat.com\/da\/resultater\/megamillions\/#primaryimage"},"thumbnailUrl":"https:\/\/lottomat.com\/wp-content\/uploads\/2025\/10\/Mega-Millions-winning-numbers.webp","datePublished":"2025-04-07T19:24:29+00:00","dateModified":"2026-02-12T11:59:43+00:00","description":"Tjek de seneste Mega Millions-resultater og vindende tal her. Se, hvilke tal der blev trukket i den seneste Mega Millions-lotteritr\u00e6kning.","breadcrumb":{"@id":"https:\/\/lottomat.com\/da\/resultater\/megamillions\/#breadcrumb"},"inLanguage":"da-DK","potentialAction":[{"@type":"ReadAction","target":["https:\/\/lottomat.com\/da\/resultater\/megamillions\/"]}]},{"@type":"ImageObject","inLanguage":"da-DK","@id":"https:\/\/lottomat.com\/da\/resultater\/megamillions\/#primaryimage","url":"https:\/\/lottomat.com\/wp-content\/uploads\/2025\/10\/Mega-Millions-winning-numbers.webp","contentUrl":"https:\/\/lottomat.com\/wp-content\/uploads\/2025\/10\/Mega-Millions-winning-numbers.webp"},{"@type":"BreadcrumbList","@id":"https:\/\/lottomat.com\/da\/resultater\/megamillions\/#breadcrumb","itemListElement":[{"@type":"ListItem","position":1,"name":"Home","item":"https:\/\/lottomat.com\/da\/"},{"@type":"ListItem","position":2,"name":"De seneste lotteriresultater og vindertal","item":"https:\/\/lottomat.com\/da\/resultater\/"},{"@type":"ListItem","position":3,"name":"Mega Millions-resultater og Vindende Tal"}]},{"@type":"WebSite","@id":"https:\/\/lottomat.com\/da\/#website","url":"https:\/\/lottomat.com\/da\/","name":"Lottomat","description":"","potentialAction":[{"@type":"SearchAction","target":{"@type":"EntryPoint","urlTemplate":"https:\/\/lottomat.com\/da\/?s={search_term_string}"},"query-input":{"@type":"PropertyValueSpecification","valueRequired":true,"valueName":"search_term_string"}}],"inLanguage":"da-DK"}]}},"_links":{"self":[{"href":"https:\/\/lottomat.com\/da\/wp-json\/wp\/v2\/pages\/237796","targetHints":{"allow":["GET"]}}],"collection":[{"href":"https:\/\/lottomat.com\/da\/wp-json\/wp\/v2\/pages"}],"about":[{"href":"https:\/\/lottomat.com\/da\/wp-json\/wp\/v2\/types\/page"}],"author":[{"embeddable":true,"href":"https:\/\/lottomat.com\/da\/wp-json\/wp\/v2\/users\/1"}],"replies":[{"embeddable":true,"href":"https:\/\/lottomat.com\/da\/wp-json\/wp\/v2\/comments?post=237796"}],"version-history":[{"count":2,"href":"https:\/\/lottomat.com\/da\/wp-json\/wp\/v2\/pages\/237796\/revisions"}],"predecessor-version":[{"id":270917,"href":"https:\/\/lottomat.com\/da\/wp-json\/wp\/v2\/pages\/237796\/revisions\/270917"}],"up":[{"embeddable":true,"href":"https:\/\/lottomat.com\/da\/wp-json\/wp\/v2\/pages\/7401"}],"wp:attachment":[{"href":"https:\/\/lottomat.com\/da\/wp-json\/wp\/v2\/media?parent=237796"}],"curies":[{"name":"wp","href":"https:\/\/api.w.org\/{rel}","templated":true}]}}