{"id":237775,"date":"2025-04-07T19:23:03","date_gmt":"2025-04-07T19:23:03","guid":{"rendered":"https:\/\/lottomat.net\/lotteri-resultater\/powerball-resultater\/"},"modified":"2026-02-12T12:20:19","modified_gmt":"2026-02-12T12:20:19","slug":"powerball","status":"publish","type":"page","link":"https:\/\/lottomat.com\/da\/resultater\/powerball\/","title":{"rendered":"Powerball-resultater og vindertal"},"content":{"rendered":"\n\n<div class=\"kk-star-ratings kksr-auto kksr-align-left kksr-valign-top\"\n    data-payload='{&quot;align&quot;:&quot;left&quot;,&quot;id&quot;:&quot;237775&quot;,&quot;slug&quot;:&quot;default&quot;,&quot;valign&quot;:&quot;top&quot;,&quot;ignore&quot;:&quot;&quot;,&quot;reference&quot;:&quot;auto&quot;,&quot;class&quot;:&quot;&quot;,&quot;count&quot;:&quot;0&quot;,&quot;legendonly&quot;:&quot;&quot;,&quot;readonly&quot;:&quot;&quot;,&quot;score&quot;:&quot;0&quot;,&quot;starsonly&quot;:&quot;&quot;,&quot;best&quot;:&quot;5&quot;,&quot;gap&quot;:&quot;5&quot;,&quot;greet&quot;:&quot;Rate this page&quot;,&quot;legend&quot;:&quot;0\\\/5 - (0 votes)&quot;,&quot;size&quot;:&quot;30&quot;,&quot;title&quot;:&quot;Powerball-resultater og vindertal&quot;,&quot;width&quot;:&quot;0&quot;,&quot;_legend&quot;:&quot;{score}\\\/{best} - ({count} {votes})&quot;,&quot;font_factor&quot;:&quot;1.25&quot;}'>\n            \n<div class=\"kksr-stars\">\n    \n<div class=\"kksr-stars-inactive\">\n            <div class=\"kksr-star\" data-star=\"1\" style=\"padding-right: 5px\">\n            \n\n<div class=\"kksr-icon\" style=\"width: 30px; height: 30px;\"><\/div>\n        <\/div>\n            <div class=\"kksr-star\" data-star=\"2\" style=\"padding-right: 5px\">\n            \n\n<div class=\"kksr-icon\" style=\"width: 30px; height: 30px;\"><\/div>\n        <\/div>\n            <div class=\"kksr-star\" data-star=\"3\" style=\"padding-right: 5px\">\n            \n\n<div class=\"kksr-icon\" style=\"width: 30px; height: 30px;\"><\/div>\n        <\/div>\n            <div class=\"kksr-star\" data-star=\"4\" style=\"padding-right: 5px\">\n            \n\n<div class=\"kksr-icon\" style=\"width: 30px; height: 30px;\"><\/div>\n        <\/div>\n            <div class=\"kksr-star\" data-star=\"5\" style=\"padding-right: 5px\">\n            \n\n<div class=\"kksr-icon\" style=\"width: 30px; height: 30px;\"><\/div>\n        <\/div>\n    <\/div>\n    \n<div class=\"kksr-stars-active\" style=\"width: 0px;\">\n            <div class=\"kksr-star\" style=\"padding-right: 5px\">\n            \n\n<div class=\"kksr-icon\" style=\"width: 30px; height: 30px;\"><\/div>\n        <\/div>\n            <div class=\"kksr-star\" style=\"padding-right: 5px\">\n            \n\n<div class=\"kksr-icon\" style=\"width: 30px; height: 30px;\"><\/div>\n        <\/div>\n            <div class=\"kksr-star\" style=\"padding-right: 5px\">\n            \n\n<div class=\"kksr-icon\" style=\"width: 30px; height: 30px;\"><\/div>\n        <\/div>\n            <div class=\"kksr-star\" style=\"padding-right: 5px\">\n            \n\n<div class=\"kksr-icon\" style=\"width: 30px; height: 30px;\"><\/div>\n        <\/div>\n            <div class=\"kksr-star\" style=\"padding-right: 5px\">\n            \n\n<div class=\"kksr-icon\" style=\"width: 30px; height: 30px;\"><\/div>\n        <\/div>\n    <\/div>\n<\/div>\n                \n\n<div class=\"kksr-legend\" style=\"font-size: 24px;\">\n            <span class=\"kksr-muted\">Rate this page<\/span>\n    <\/div>\n    <\/div>\n<p>Efter k\u00f8b af billetterne og valg af fem hovedtal samt \u00e9t bonus-Powerball-tal er der kun tilbage at vente t\u00e5lmodigt p\u00e5 tr\u00e6kningsresultaterne, som vil blive offentliggjort med lynets hast p\u00e5 <a href=\"https:\/\/lottomat.com\/da\/\"><strong>LottoMat-hjemmesiden<\/strong><\/a>. Alle oplysninger, vi offentligg\u00f8r om de udtrukne tal, kommer direkte fra tr\u00e6kningens arrang\u00f8r, s\u00e5 du kan v\u00e6re sikker p\u00e5, at <strong>Powerball-resultaterne er 100 % i overensstemmelse med den officielle tr\u00e6kning<\/strong>.<img loading=\"lazy\" decoding=\"async\" class=\"alignleft wp-image-252294\" src=\"https:\/\/lottomat.com\/wp-content\/uploads\/2025\/10\/jackpot-and-prizes-300x300.webp\" alt=\"jackpot og pr\u00e6mier\" width=\"200\" height=\"200\" srcset=\"https:\/\/lottomat.com\/wp-content\/uploads\/2025\/10\/jackpot-and-prizes-300x300.webp 300w, https:\/\/lottomat.com\/wp-content\/uploads\/2025\/10\/jackpot-and-prizes-150x150.webp 150w, https:\/\/lottomat.com\/wp-content\/uploads\/2025\/10\/jackpot-and-prizes-100x100.webp 100w, https:\/\/lottomat.com\/wp-content\/uploads\/2025\/10\/jackpot-and-prizes.webp 400w\" sizes=\"auto, (max-width: 200px) 100vw, 200px\" \/><\/p>\n<h2>Hvordan tjekker du de aktuelle Powerball-resultater?<\/h2>\n<p>P\u00e5 LottoMat-hjemmesiden finder du altid <strong>de nyeste resultater fra Powerball-lotteriet<\/strong>, helt friske. Vi opdaterer Powerball-resultaterne umiddelbart efter tr\u00e6kningen; de stammer fra officielle kilder, nemlig lotteriets arrang\u00f8r, og er derfor <strong>100 % p\u00e5lidelige<\/strong>. N\u00e5r du har \u00e5bnet siden med Powerball-resultater, skal du blot sammenligne tallene p\u00e5 din billet med tallene i resultattabellen. Hvis din billet har alle seks udtrukne tal, tillykke \u2014 <strong>du er lige blevet million\u00e6r!<\/strong> Hvis ikke, er der ingen grund til bekymring, da Powerball har hele <strong>ni niveauer med garanterede gevinster<\/strong>. Det betyder, at du ikke beh\u00f8ver at ramme alle seks tal for at vinde en kontantpr\u00e6mie \u2014 du skal blot <a href=\"https:\/\/lottomat.com\/da\/spil\/spil-powerball\/\">k\u00f8be en Powerball-billet online<\/a>!<\/p>\n<h2>Hvordan tjekker du g\u00e5rsdagens Powerball-resultater?<img loading=\"lazy\" decoding=\"async\" class=\"wp-image-252354 alignright\" src=\"https:\/\/lottomat.com\/wp-content\/uploads\/2025\/10\/Powerball-Numbers-300x300.webp\" alt=\"Powerball-tal\" width=\"200\" height=\"200\" srcset=\"https:\/\/lottomat.com\/wp-content\/uploads\/2025\/10\/Powerball-Numbers-300x300.webp 300w, https:\/\/lottomat.com\/wp-content\/uploads\/2025\/10\/Powerball-Numbers-150x150.webp 150w, https:\/\/lottomat.com\/wp-content\/uploads\/2025\/10\/Powerball-Numbers-100x100.webp 100w, https:\/\/lottomat.com\/wp-content\/uploads\/2025\/10\/Powerball-Numbers.webp 400w\" sizes=\"auto, (max-width: 200px) 100vw, 200px\" \/><\/h2>\n<p>Uanset om du leder efter dagens resultater, g\u00e5rsdagens tal eller tr\u00e6kninger fra sidste uge, kan du <strong>nemt finde alle Powerball-resultater p\u00e5 LottoMat<\/strong>. Vores omfattende resultatdatabase giver dig hurtig og effektiv adgang til oplysninger om enhver tr\u00e6kning. Du skal blot g\u00e5 til resultatsektionen og v\u00e6lge den dato, du vil tjekke. Denne praktiske funktion sikrer, at <strong>du aldrig g\u00e5r glip af at tjekke dine billetter<\/strong>, uanset hvorn\u00e5r tr\u00e6kningen fandt sted.<\/p>\n<h2>Hvordan bruger du arkiverede Powerball-tr\u00e6kningsresultater?<\/h2>\n<p>LottoMat-hjemmesiden giver dig ogs\u00e5 adgang til <strong>arkiverede Powerball-tr\u00e6kningsresultater<\/strong>. Hvis du vil sl\u00e5 dem op, skal du blot bruge vores resultatkalender, som du finder til h\u00f8jre for de aktuelle udtrukne tal. N\u00e5r du udvider listen, kan du se tidligere tr\u00e6kninger helt op til <strong>tolv m\u00e5neder tilbage<\/strong>.<\/p>\n<h3><img loading=\"lazy\" decoding=\"async\" class=\"alignleft wp-image-252324\" src=\"https:\/\/lottomat.com\/wp-content\/uploads\/2025\/10\/Powerball-Draw-300x300.webp\" alt=\"Powerball-tr\u00e6kning\" width=\"200\" height=\"200\" srcset=\"https:\/\/lottomat.com\/wp-content\/uploads\/2025\/10\/Powerball-Draw-300x300.webp 300w, https:\/\/lottomat.com\/wp-content\/uploads\/2025\/10\/Powerball-Draw-150x150.webp 150w, https:\/\/lottomat.com\/wp-content\/uploads\/2025\/10\/Powerball-Draw-100x100.webp 100w, https:\/\/lottomat.com\/wp-content\/uploads\/2025\/10\/Powerball-Draw.webp 400w\" sizes=\"auto, (max-width: 200px) 100vw, 200px\" \/>Hvad er fordelene ved at bruge arkiverede Powerball-resultater?<\/h3>\n<p>Hvad skal du bruge arkiverede lotteritr\u00e6kningsresultater til? Faktisk flere ting. For det f\u00f8rste kan de hj\u00e6lpe dig med at <strong>skabe din egen strategi for valg af tal<\/strong>, n\u00e5r du udfylder nye billetter, s\u00e5 dine kommende spil kan blive mere succesfulde. Du kan ogs\u00e5 <a href=\"https:\/\/lottomat.com\/da\/resultater\/\">bruge arkiverede lotteriresultater<\/a> til at se, hvilke tal der er blevet trukket oftest for nylig, hvilke der ikke er dukket op i ugevis, og hvor vigtigt det er at v\u00e6lge varierede tal fra forskellige intervaller. Det har l\u00e6nge v\u00e6ret kendt, at man ikke b\u00f8r begr\u00e6nse sig, n\u00e5r man udfylder billetter. Hvert tal i den tilg\u00e6ngelige pulje er vigtigt, men mange spillere fastl\u00e6gger et fast s\u00e6t tal baseret p\u00e5 f\u00f8dselsdage, hvilket indsn\u00e6vrer puljen og reducerer chancerne for at vinde i Powerball. Arkiverede resultater indeholder ogs\u00e5 oplysninger om de seneste rollover-jackpots, pr\u00e6miernes v\u00e6rdi og antallet af vindere, der har ramt Powerball-jackpotten.<\/p>\n<h2>Hvilke tal tr\u00e6kkes oftest i Powerball?<\/h2>\n<p>P\u00e5 LottoMat-hjemmesiden finder du alle de vigtigste oplysninger om lotterier. Det er ikke kun resultaterne, men ogs\u00e5 Powerball-regler, interessante fakta, brugsbetingelser og en stor m\u00e6ngde tips, der g\u00f8r det nemmere at vinde i lotterier. Vi har forberedt en <strong>stor og interessant oversigt<\/strong> til dig, hvor vi angiver, hvilke tal der er blevet trukket oftest i Powerball, og hvilke der er blevet trukket sj\u00e6ldnest. Det hj\u00e6lper dig med at planl\u00e6gge valg af tal p\u00e5 nye billetter, da statistikker tydeligt viser, hvilke tal der har tendens til at blive trukket oftere end andre. Brug disse oplysninger, og husk, at Powerball-tallet tr\u00e6kkes fra et separat talomr\u00e5de, s\u00e5 det samme tal kan blive trukket b\u00e5de blandt hovedtallene og som bonus-Powerball. Du beh\u00f8ver ikke l\u00e6ngere at lede efter og notere gamle resultater \u2014 det hele er serveret for dig. <strong>De oftest trukne tal i Powerball-lotteriet er: 8, 26, 22, 23 og 36<\/strong>. Skab din egen strategi ved at v\u00e6lge tal, der taler til dig, men brug ogs\u00e5 dem, vi foresl\u00e5r, for <strong>statistik lyver aldrig<\/strong>.<\/p>\n<h2>Hvilke Powerball-vindertal tr\u00e6kkes sj\u00e6ldnest?<img loading=\"lazy\" decoding=\"async\" class=\"alignright wp-image-252384\" src=\"https:\/\/lottomat.com\/wp-content\/uploads\/2025\/10\/Powerball-Results-300x300.webp\" alt=\"Powerball-resultater\" width=\"200\" height=\"200\" srcset=\"https:\/\/lottomat.com\/wp-content\/uploads\/2025\/10\/Powerball-Results-300x300.webp 300w, https:\/\/lottomat.com\/wp-content\/uploads\/2025\/10\/Powerball-Results-150x150.webp 150w, https:\/\/lottomat.com\/wp-content\/uploads\/2025\/10\/Powerball-Results-100x100.webp 100w, https:\/\/lottomat.com\/wp-content\/uploads\/2025\/10\/Powerball-Results.webp 400w\" sizes=\"auto, (max-width: 200px) 100vw, 200px\" \/><\/h2>\n<p>At forst\u00e5, hvilke tal der optr\u00e6der sj\u00e6ldnere i Powerball-tr\u00e6kninger, kan v\u00e6re lige s\u00e5 v\u00e6rdifuldt som at kende de oftest trukne. Statistiske analyser viser, at visse tal har v\u00e6ret <strong>konsekvent underrepr\u00e6senteret i tidligere tr\u00e6kninger<\/strong>. De sj\u00e6ldnest trukne tal omfatter 15, 51, 37, 47, 12, 4 og 24. Nogle spillere mener, at disse \u201ckolde\u201d tal snart vil g\u00f8re comeback og inkluderer dem i deres strategi for valg af tal. Selvom tidligere resultater ikke garanterer fremtidige udfald, kan analysen af disse m\u00f8nstre hj\u00e6lpe dig med at tr\u00e6ffe mere informerede beslutninger, n\u00e5r du v\u00e6lger dine Powerball-tal til kommende tr\u00e6kninger.<\/p>\n<h2>Hvor mange spillere vandt, og hvor meget, i den seneste Powerball-tr\u00e6kning?<\/h2>\n<p>Hver Powerball-tr\u00e6kning skaber <strong>tusindvis af vindere p\u00e5 tv\u00e6rs af alle pr\u00e6mieniveauer<\/strong>, hvilket g\u00f8r det til et af de mest givende lotterier i verden. Pr\u00e6miefordelingen omfatter typisk \u00e9n jackpotvinder eller flere vindere, der deler hovedpr\u00e6mien, flere million\u00e6rer, som har ramt fem hovedtal, samt hundredtusinder af mindre pr\u00e6mievindere. Pr\u00e6miebel\u00f8bene varierer afh\u00e6ngigt af antallet af vindere i hver kategori og det samlede billetsalg for den p\u00e5g\u00e6ldende tr\u00e6kning. P\u00e5 LottoMat-hjemmesiden kan du finde <strong>detaljerede oversigter over antal vindere og pr\u00e6miebel\u00f8b<\/strong> for hvert niveau umiddelbart efter hver tr\u00e6kning. Disse oplysninger hj\u00e6lper dig med at forst\u00e5 oddsene og de potentielle afkast for forskellige vindende kombinationer. Hvis du vil vide mere om pr\u00e6mierne i den kommende tr\u00e6kning, kan du <a href=\"https:\/\/lottomat.com\/da\/lotterier\/powerball\/\">l\u00e6se om Powerball-pr\u00e6mier og jackpot<\/a>.<\/p>\n<h2><img loading=\"lazy\" decoding=\"async\" class=\"alignleft wp-image-252414\" src=\"https:\/\/lottomat.com\/wp-content\/uploads\/2025\/10\/Powerball-Winning-Numbers-300x300.webp\" alt=\"Powerball-vindertal\" width=\"200\" height=\"200\" srcset=\"https:\/\/lottomat.com\/wp-content\/uploads\/2025\/10\/Powerball-Winning-Numbers-300x300.webp 300w, https:\/\/lottomat.com\/wp-content\/uploads\/2025\/10\/Powerball-Winning-Numbers-150x150.webp 150w, https:\/\/lottomat.com\/wp-content\/uploads\/2025\/10\/Powerball-Winning-Numbers-100x100.webp 100w, https:\/\/lottomat.com\/wp-content\/uploads\/2025\/10\/Powerball-Winning-Numbers.webp 400w\" sizes=\"auto, (max-width: 200px) 100vw, 200px\" \/><\/h2>\n<h2>Hvordan forudsiger man Powerball-resultater og vindertal?<\/h2>\n<p>Selvom Powerball er et hasardspil, og <strong>ingen metode kan garantere vindertal<\/strong>, anvender mange spillere forskellige strategier for at forbedre deres valgproces. Nogle analyserer frekvensdiagrammer for at identificere \u201cvarme\u201d og \u201ckolde\u201d tal, mens andre bruger matematiske systemer som wheeling eller delta-talsanalyse. Tilf\u00e6ldige talsgeneratorer kan hj\u00e6lpe med at eliminere menneskelig bias i talvalget. Husk, at hver tr\u00e6kning er uafh\u00e6ngig, og at hver tal-kombination har samme chance for at blive trukket. N\u00f8glen er at <strong>spille konsekvent med tal, du har tillid til<\/strong>, uanset om de er baseret p\u00e5 statistisk analyse, personlig betydning eller ren intuition. Vigtigst af alt: spil altid ansvarligt inden for dit budget. Nu ved du, om det er muligt at forudsige Powerball-resultater. \u00c9n ting er sikkert \u2014 for at vinde, skal du spille. S\u00e5 <a href=\"https:\/\/lottomat.com\/da\/spil\/\">k\u00f8b en billet til et hvilket som helst lotteri<\/a> og vent p\u00e5 resultaterne, der vil g\u00f8re dig glad.<\/p>\n","protected":false},"excerpt":{"rendered":"<p>Efter k\u00f8b af billetterne og valg af fem hovedtal samt \u00e9t bonus-Powerball-tal er der kun tilbage at vente t\u00e5lmodigt p\u00e5 tr\u00e6kningsresultaterne, som vil blive offentliggjort med lynets hast p\u00e5 LottoMat-hjemmesiden. Alle oplysninger, vi offentligg\u00f8r om de udtrukne tal, kommer direkte fra tr\u00e6kningens arrang\u00f8r, s\u00e5 du kan v\u00e6re sikker p\u00e5, at Powerball-resultaterne er 100 % i [&hellip;]<\/p>\n","protected":false},"author":1,"featured_media":0,"parent":7401,"menu_order":1,"comment_status":"closed","ping_status":"closed","template":"powerball-usa-results.php","meta":{"_et_pb_use_builder":"","_et_pb_old_content":"","_et_gb_content_width":"","exclude_from_search":false,"footnotes":""},"class_list":["post-237775","page","type-page","status-publish","hentry"],"yoast_head":"<!-- This site is optimized with the Yoast SEO plugin v23.8 - https:\/\/yoast.com\/wordpress\/plugins\/seo\/ -->\n<title>Powerball-resultater og vindertal \u2013 LottoMat<\/title>\n<meta name=\"description\" content=\"Tjek de nyeste Powerball-resultater og vindertal p\u00e5 LottoMat. Sammenlign dine tal med de officielle tr\u00e6kningsresultater for at se, om du har vundet!\" \/>\n<meta name=\"robots\" content=\"index, follow, max-snippet:-1, max-image-preview:large, max-video-preview:-1\" \/>\n<link rel=\"canonical\" href=\"https:\/\/lottomat.com\/da\/resultater\/powerball\/\" \/>\n<meta property=\"og:locale\" content=\"da_DK\" \/>\n<meta property=\"og:type\" content=\"article\" \/>\n<meta property=\"og:title\" content=\"Powerball-resultater og vindertal \u2013 LottoMat\" \/>\n<meta property=\"og:description\" content=\"Tjek de nyeste Powerball-resultater og vindertal p\u00e5 LottoMat. Sammenlign dine tal med de officielle tr\u00e6kningsresultater for at se, om du har vundet!\" \/>\n<meta property=\"og:url\" content=\"https:\/\/lottomat.com\/da\/resultater\/powerball\/\" \/>\n<meta property=\"og:site_name\" content=\"Lottomat\" \/>\n<meta property=\"article:modified_time\" content=\"2026-02-12T12:20:19+00:00\" \/>\n<meta property=\"og:image\" content=\"https:\/\/lottomat.com\/wp-content\/uploads\/2025\/10\/jackpot-and-prizes-300x300.webp\" \/>\n<meta name=\"twitter:card\" content=\"summary_large_image\" \/>\n<meta name=\"twitter:label1\" content=\"Estimeret l\u00e6setid\" \/>\n\t<meta name=\"twitter:data1\" content=\"6 minutter\" \/>\n<script type=\"application\/ld+json\" class=\"yoast-schema-graph\">{\"@context\":\"https:\/\/schema.org\",\"@graph\":[{\"@type\":\"WebPage\",\"@id\":\"https:\/\/lottomat.com\/da\/resultater\/powerball\/\",\"url\":\"https:\/\/lottomat.com\/da\/resultater\/powerball\/\",\"name\":\"Powerball-resultater og vindertal \u2013 LottoMat\",\"isPartOf\":{\"@id\":\"https:\/\/lottomat.com\/da\/#website\"},\"primaryImageOfPage\":{\"@id\":\"https:\/\/lottomat.com\/da\/resultater\/powerball\/#primaryimage\"},\"image\":{\"@id\":\"https:\/\/lottomat.com\/da\/resultater\/powerball\/#primaryimage\"},\"thumbnailUrl\":\"https:\/\/lottomat.com\/wp-content\/uploads\/2025\/10\/jackpot-and-prizes-300x300.webp\",\"datePublished\":\"2025-04-07T19:23:03+00:00\",\"dateModified\":\"2026-02-12T12:20:19+00:00\",\"description\":\"Tjek de nyeste Powerball-resultater og vindertal p\u00e5 LottoMat. Sammenlign dine tal med de officielle tr\u00e6kningsresultater for at se, om du har vundet!\",\"breadcrumb\":{\"@id\":\"https:\/\/lottomat.com\/da\/resultater\/powerball\/#breadcrumb\"},\"inLanguage\":\"da-DK\",\"potentialAction\":[{\"@type\":\"ReadAction\",\"target\":[\"https:\/\/lottomat.com\/da\/resultater\/powerball\/\"]}]},{\"@type\":\"ImageObject\",\"inLanguage\":\"da-DK\",\"@id\":\"https:\/\/lottomat.com\/da\/resultater\/powerball\/#primaryimage\",\"url\":\"https:\/\/lottomat.com\/wp-content\/uploads\/2025\/10\/jackpot-and-prizes-300x300.webp\",\"contentUrl\":\"https:\/\/lottomat.com\/wp-content\/uploads\/2025\/10\/jackpot-and-prizes-300x300.webp\"},{\"@type\":\"BreadcrumbList\",\"@id\":\"https:\/\/lottomat.com\/da\/resultater\/powerball\/#breadcrumb\",\"itemListElement\":[{\"@type\":\"ListItem\",\"position\":1,\"name\":\"Home\",\"item\":\"https:\/\/lottomat.com\/da\/\"},{\"@type\":\"ListItem\",\"position\":2,\"name\":\"De seneste lotteriresultater og vindertal\",\"item\":\"https:\/\/lottomat.com\/da\/resultater\/\"},{\"@type\":\"ListItem\",\"position\":3,\"name\":\"Powerball-resultater og vindertal\"}]},{\"@type\":\"WebSite\",\"@id\":\"https:\/\/lottomat.com\/da\/#website\",\"url\":\"https:\/\/lottomat.com\/da\/\",\"name\":\"Lottomat\",\"description\":\"\",\"potentialAction\":[{\"@type\":\"SearchAction\",\"target\":{\"@type\":\"EntryPoint\",\"urlTemplate\":\"https:\/\/lottomat.com\/da\/?s={search_term_string}\"},\"query-input\":{\"@type\":\"PropertyValueSpecification\",\"valueRequired\":true,\"valueName\":\"search_term_string\"}}],\"inLanguage\":\"da-DK\"}]}<\/script>\n<!-- \/ Yoast SEO plugin. -->","yoast_head_json":{"title":"Powerball-resultater og vindertal \u2013 LottoMat","description":"Tjek de nyeste Powerball-resultater og vindertal p\u00e5 LottoMat. Sammenlign dine tal med de officielle tr\u00e6kningsresultater for at se, om du har vundet!","robots":{"index":"index","follow":"follow","max-snippet":"max-snippet:-1","max-image-preview":"max-image-preview:large","max-video-preview":"max-video-preview:-1"},"canonical":"https:\/\/lottomat.com\/da\/resultater\/powerball\/","og_locale":"da_DK","og_type":"article","og_title":"Powerball-resultater og vindertal \u2013 LottoMat","og_description":"Tjek de nyeste Powerball-resultater og vindertal p\u00e5 LottoMat. Sammenlign dine tal med de officielle tr\u00e6kningsresultater for at se, om du har vundet!","og_url":"https:\/\/lottomat.com\/da\/resultater\/powerball\/","og_site_name":"Lottomat","article_modified_time":"2026-02-12T12:20:19+00:00","og_image":[{"url":"https:\/\/lottomat.com\/wp-content\/uploads\/2025\/10\/jackpot-and-prizes-300x300.webp"}],"twitter_card":"summary_large_image","twitter_misc":{"Estimeret l\u00e6setid":"6 minutter"},"schema":{"@context":"https:\/\/schema.org","@graph":[{"@type":"WebPage","@id":"https:\/\/lottomat.com\/da\/resultater\/powerball\/","url":"https:\/\/lottomat.com\/da\/resultater\/powerball\/","name":"Powerball-resultater og vindertal \u2013 LottoMat","isPartOf":{"@id":"https:\/\/lottomat.com\/da\/#website"},"primaryImageOfPage":{"@id":"https:\/\/lottomat.com\/da\/resultater\/powerball\/#primaryimage"},"image":{"@id":"https:\/\/lottomat.com\/da\/resultater\/powerball\/#primaryimage"},"thumbnailUrl":"https:\/\/lottomat.com\/wp-content\/uploads\/2025\/10\/jackpot-and-prizes-300x300.webp","datePublished":"2025-04-07T19:23:03+00:00","dateModified":"2026-02-12T12:20:19+00:00","description":"Tjek de nyeste Powerball-resultater og vindertal p\u00e5 LottoMat. Sammenlign dine tal med de officielle tr\u00e6kningsresultater for at se, om du har vundet!","breadcrumb":{"@id":"https:\/\/lottomat.com\/da\/resultater\/powerball\/#breadcrumb"},"inLanguage":"da-DK","potentialAction":[{"@type":"ReadAction","target":["https:\/\/lottomat.com\/da\/resultater\/powerball\/"]}]},{"@type":"ImageObject","inLanguage":"da-DK","@id":"https:\/\/lottomat.com\/da\/resultater\/powerball\/#primaryimage","url":"https:\/\/lottomat.com\/wp-content\/uploads\/2025\/10\/jackpot-and-prizes-300x300.webp","contentUrl":"https:\/\/lottomat.com\/wp-content\/uploads\/2025\/10\/jackpot-and-prizes-300x300.webp"},{"@type":"BreadcrumbList","@id":"https:\/\/lottomat.com\/da\/resultater\/powerball\/#breadcrumb","itemListElement":[{"@type":"ListItem","position":1,"name":"Home","item":"https:\/\/lottomat.com\/da\/"},{"@type":"ListItem","position":2,"name":"De seneste lotteriresultater og vindertal","item":"https:\/\/lottomat.com\/da\/resultater\/"},{"@type":"ListItem","position":3,"name":"Powerball-resultater og vindertal"}]},{"@type":"WebSite","@id":"https:\/\/lottomat.com\/da\/#website","url":"https:\/\/lottomat.com\/da\/","name":"Lottomat","description":"","potentialAction":[{"@type":"SearchAction","target":{"@type":"EntryPoint","urlTemplate":"https:\/\/lottomat.com\/da\/?s={search_term_string}"},"query-input":{"@type":"PropertyValueSpecification","valueRequired":true,"valueName":"search_term_string"}}],"inLanguage":"da-DK"}]}},"_links":{"self":[{"href":"https:\/\/lottomat.com\/da\/wp-json\/wp\/v2\/pages\/237775","targetHints":{"allow":["GET"]}}],"collection":[{"href":"https:\/\/lottomat.com\/da\/wp-json\/wp\/v2\/pages"}],"about":[{"href":"https:\/\/lottomat.com\/da\/wp-json\/wp\/v2\/types\/page"}],"author":[{"embeddable":true,"href":"https:\/\/lottomat.com\/da\/wp-json\/wp\/v2\/users\/1"}],"replies":[{"embeddable":true,"href":"https:\/\/lottomat.com\/da\/wp-json\/wp\/v2\/comments?post=237775"}],"version-history":[{"count":1,"href":"https:\/\/lottomat.com\/da\/wp-json\/wp\/v2\/pages\/237775\/revisions"}],"predecessor-version":[{"id":270925,"href":"https:\/\/lottomat.com\/da\/wp-json\/wp\/v2\/pages\/237775\/revisions\/270925"}],"up":[{"embeddable":true,"href":"https:\/\/lottomat.com\/da\/wp-json\/wp\/v2\/pages\/7401"}],"wp:attachment":[{"href":"https:\/\/lottomat.com\/da\/wp-json\/wp\/v2\/media?parent=237775"}],"curies":[{"name":"wp","href":"https:\/\/api.w.org\/{rel}","templated":true}]}}