{"id":232593,"date":"2025-03-27T10:35:32","date_gmt":"2025-03-27T10:35:32","guid":{"rendered":"https:\/\/lottomat.net\/lotteri-resultater\/eurojackpot-resultater\/"},"modified":"2026-02-15T04:11:42","modified_gmt":"2026-02-15T04:11:42","slug":"eurojackpot","status":"publish","type":"page","link":"https:\/\/lottomat.com\/da\/resultater\/eurojackpot\/","title":{"rendered":"Eurojackpot-resultater og Vindertal"},"content":{"rendered":"\n\n<div class=\"kk-star-ratings kksr-auto kksr-align-left kksr-valign-top\"\n    data-payload='{&quot;align&quot;:&quot;left&quot;,&quot;id&quot;:&quot;232593&quot;,&quot;slug&quot;:&quot;default&quot;,&quot;valign&quot;:&quot;top&quot;,&quot;ignore&quot;:&quot;&quot;,&quot;reference&quot;:&quot;auto&quot;,&quot;class&quot;:&quot;&quot;,&quot;count&quot;:&quot;0&quot;,&quot;legendonly&quot;:&quot;&quot;,&quot;readonly&quot;:&quot;&quot;,&quot;score&quot;:&quot;0&quot;,&quot;starsonly&quot;:&quot;&quot;,&quot;best&quot;:&quot;5&quot;,&quot;gap&quot;:&quot;5&quot;,&quot;greet&quot;:&quot;Rate this page&quot;,&quot;legend&quot;:&quot;0\\\/5 - (0 votes)&quot;,&quot;size&quot;:&quot;30&quot;,&quot;title&quot;:&quot;Eurojackpot-resultater og Vindertal&quot;,&quot;width&quot;:&quot;0&quot;,&quot;_legend&quot;:&quot;{score}\\\/{best} - ({count} {votes})&quot;,&quot;font_factor&quot;:&quot;1.25&quot;}'>\n            \n<div class=\"kksr-stars\">\n    \n<div class=\"kksr-stars-inactive\">\n            <div class=\"kksr-star\" data-star=\"1\" style=\"padding-right: 5px\">\n            \n\n<div class=\"kksr-icon\" style=\"width: 30px; height: 30px;\"><\/div>\n        <\/div>\n            <div class=\"kksr-star\" data-star=\"2\" style=\"padding-right: 5px\">\n            \n\n<div class=\"kksr-icon\" style=\"width: 30px; height: 30px;\"><\/div>\n        <\/div>\n            <div class=\"kksr-star\" data-star=\"3\" style=\"padding-right: 5px\">\n            \n\n<div class=\"kksr-icon\" style=\"width: 30px; height: 30px;\"><\/div>\n        <\/div>\n            <div class=\"kksr-star\" data-star=\"4\" style=\"padding-right: 5px\">\n            \n\n<div class=\"kksr-icon\" style=\"width: 30px; height: 30px;\"><\/div>\n        <\/div>\n            <div class=\"kksr-star\" data-star=\"5\" style=\"padding-right: 5px\">\n            \n\n<div class=\"kksr-icon\" style=\"width: 30px; height: 30px;\"><\/div>\n        <\/div>\n    <\/div>\n    \n<div class=\"kksr-stars-active\" style=\"width: 0px;\">\n            <div class=\"kksr-star\" style=\"padding-right: 5px\">\n            \n\n<div class=\"kksr-icon\" style=\"width: 30px; height: 30px;\"><\/div>\n        <\/div>\n            <div class=\"kksr-star\" style=\"padding-right: 5px\">\n            \n\n<div class=\"kksr-icon\" style=\"width: 30px; height: 30px;\"><\/div>\n        <\/div>\n            <div class=\"kksr-star\" style=\"padding-right: 5px\">\n            \n\n<div class=\"kksr-icon\" style=\"width: 30px; height: 30px;\"><\/div>\n        <\/div>\n            <div class=\"kksr-star\" style=\"padding-right: 5px\">\n            \n\n<div class=\"kksr-icon\" style=\"width: 30px; height: 30px;\"><\/div>\n        <\/div>\n            <div class=\"kksr-star\" style=\"padding-right: 5px\">\n            \n\n<div class=\"kksr-icon\" style=\"width: 30px; height: 30px;\"><\/div>\n        <\/div>\n    <\/div>\n<\/div>\n                \n\n<div class=\"kksr-legend\" style=\"font-size: 24px;\">\n            <span class=\"kksr-muted\">Rate this page<\/span>\n    <\/div>\n    <\/div>\n<p>Har du k\u00f8bt Tickets til Eurojackpot og spekulerer p\u00e5, om du har vundet? Indtil du kender de udtrukne tal, kan alt ske, og du kan se <a href=\"https:\/\/lottomat.com\/da\/resultater\/\">lotteriets resultater p\u00e5 denne hjemmeside<\/a>. Vi offentligg\u00f8r dem ultrahurtigt, s\u00e5 snart vi modtager information fra Eurojackpot-v\u00e6rtens hjemmeside, s\u00e5 du er garanteret, at de er p\u00e5lideligt bekr\u00e6ftet og 100 % \u00e6gte. Analyser Eurojackpot-resultater og vindertal lige nu!<\/p>\n<h2>Hvordan tjekker man dagens Eurojackpot-resultater?<img loading=\"lazy\" decoding=\"async\" class=\"alignright wp-image-257716\" src=\"https:\/\/lottomat.com\/wp-content\/uploads\/2025\/11\/Eurojackpot-online-1.webp\" alt=\"Eurojackpot online\" width=\"200\" height=\"200\" srcset=\"https:\/\/lottomat.com\/wp-content\/uploads\/2025\/11\/Eurojackpot-online-1.webp 400w, https:\/\/lottomat.com\/wp-content\/uploads\/2025\/11\/Eurojackpot-online-1-300x300.webp 300w, https:\/\/lottomat.com\/wp-content\/uploads\/2025\/11\/Eurojackpot-online-1-150x150.webp 150w, https:\/\/lottomat.com\/wp-content\/uploads\/2025\/11\/Eurojackpot-online-1-100x100.webp 100w\" sizes=\"auto, (max-width: 200px) 100vw, 200px\" \/><\/h2>\n<p>Den nemmeste m\u00e5de at tjekke de nyeste Eurojackpot-resultater p\u00e5 er via vores hjemmeside. Vi leverer <strong>100 % p\u00e5lidelige resultater fra lodtr\u00e6kninger<\/strong>, som du kan stole fuldt ud p\u00e5. Vores platform sikrer, at alle vindertal i Eurojackpot bliver <strong>opdateret umiddelbart efter hver officiel lodtr\u00e6kning<\/strong>. Uanset om du tjekker vinderkombinationer, pr\u00e6miefordeling eller jackpotbel\u00f8b, finder du her pr\u00e6cise og opdaterede oplysninger. Vi forst\u00e5r, hvor vigtigt det er for lotterispillere hurtigt at f\u00e5 verificerede resultater, og derfor prioriterer vi <strong>hastighed og n\u00f8jagtighed<\/strong> i leveringen af Eurojackpot-resultater.<\/p>\n<h2>Hvordan tjekker man g\u00e5rsdagens Eurojackpot-resultater?<\/h2>\n<p>Du kan ogs\u00e5 tjekke g\u00e5rsdagens Eurojackpot-resultater p\u00e5 <a href=\"https:\/\/lottomat.com\/da\/\">vores Lottomat-hjemmeside<\/a>, da vi ikke kun pr\u00e6senterer aktuelle resultater, men ogs\u00e5 <strong>historiske data fra tidligere lodtr\u00e6kninger<\/strong>. Vores omfattende database indeholder <strong>dagens resultater, g\u00e5rsdagens lodtr\u00e6kninger samt resultater fra uger, m\u00e5neder eller endda \u00e5r tilbage<\/strong>. Dette store arkiv giver dig mulighed for at spore m\u00f8nstre, analysere tendenser og gennemg\u00e5 enhver lodtr\u00e6kning, der interesserer dig. Uanset om du glemte at tjekke dine Tickets i g\u00e5r, eller du vil bekr\u00e6fte tidligere vindertal, giver vores platform nem adgang til alle historiske Eurojackpot-resultater med <strong>fuld n\u00f8jagtighed og p\u00e5lidelighed<\/strong>.<\/p>\n<h2>Hvordan tjekker man arkiverede Eurojackpot-resultater?<\/h2>\n<p>For at se arkiverede Eurojackpot-resultater skal du blot bruge resultatkalenderen p\u00e5 Lottomat-hjemmesiden. Den er placeret under datoen for den seneste lodtr\u00e6kning. Alt, hvad du skal g\u00f8re, er at v\u00e6lge den dato, der interesserer dig mest, og se spillets resultater indtil videre.<\/p>\n<h2><img loading=\"lazy\" decoding=\"async\" class=\"alignleft wp-image-257746\" src=\"https:\/\/lottomat.com\/wp-content\/uploads\/2025\/11\/Eurojackpot-tickets-1.webp\" alt=\"Eurojackpot tickets\" width=\"200\" height=\"200\" srcset=\"https:\/\/lottomat.com\/wp-content\/uploads\/2025\/11\/Eurojackpot-tickets-1.webp 400w, https:\/\/lottomat.com\/wp-content\/uploads\/2025\/11\/Eurojackpot-tickets-1-300x300.webp 300w, https:\/\/lottomat.com\/wp-content\/uploads\/2025\/11\/Eurojackpot-tickets-1-150x150.webp 150w, https:\/\/lottomat.com\/wp-content\/uploads\/2025\/11\/Eurojackpot-tickets-1-100x100.webp 100w\" sizes=\"auto, (max-width: 200px) 100vw, 200px\" \/>Hvordan bruger man arkiverede lodtr\u00e6kningsresultater og vindertal i Eurojackpot?<\/h2>\n<p>De nyeste og arkiverede lottoresultater giver dig mulighed for at tjekke, hvilke tal der blev trukket i tidligere lodtr\u00e6kninger, hvor ofte der sker overf\u00f8rsel i et bestemt lotteri, antallet af vindere og rekordgevinster. Alt dette hj\u00e6lper dig med at opbygge en strategi for at spille Eurojackpot og udvikle din egen metode til valg af tal. Hvis du derimod \u00f8nsker at v\u00e6lge tal hurtigere, men stadig bruge statistik, kan du benytte vores tips om de mest og mindst trukne tal i Eurojackpot-lotterier. Alle n\u00f8dvendige data og oplysninger kan findes p\u00e5 Lottomat-hjemmesiden. Husk ikke at begr\u00e6nse dig til tidligere lodtr\u00e6kninger. Derfor er det en god id\u00e9 at v\u00e6lge fra hele puljen af tilg\u00e6ngelige tal, n\u00e5r du placerer et spil, da det \u00f8ger dine chancer for at vinde hovedpr\u00e6mien.<\/p>\n<h2>Hvilke tal tr\u00e6kkes oftest i Eurojackpot?<\/h2>\n<p>Baseret p\u00e5 statistisk analyse af Eurojackpot-lodtr\u00e6kninger siden lotteriets start i 2012 omfatter de hyppigst trukne hovedtal <strong>14, 16, 18, 19, 25, 33 og 40<\/strong>. Disse \u201cvarme tal\u201d er dukket op oftere end andre gennem lotteriets historie. Ser man p\u00e5 bonus-Eurotal, er <strong>5 og 8 blevet trukket oftest: 83 gange hver<\/strong>. Mange lotterispillere bruger disse statistikker over varme tal til at informere deres strategi for valg af tal. Selvom hvert tal teoretisk set har samme chance for at blive trukket, foretr\u00e6kker nogle spillere at v\u00e6lge blandt disse ofte forekommende tal, n\u00e5r de laver deres Eurojackpot-valg. Det er v\u00e6rd at bem\u00e6rke, at <strong>tidligere hyppighed ikke garanterer fremtidige resultater<\/strong>, men disse statistikker kan give interessante indsigter for lotterientusiaster.<\/p>\n<h2>Hvilke tal tr\u00e6kkes sj\u00e6ldnest i Eurojackpot?<\/h2>\n<p>I den modsatte ende af spektret findes tal, der optr\u00e6der sj\u00e6ldnere i Eurojackpot-lodtr\u00e6kninger og betegnes som \u201ckolde tal\u201d. De sj\u00e6ldnest trukne Eurojackpot-tal er: <strong>48, 2, 36, 50 samt uafgjort mellem 24, 27 og 31<\/strong>. De mindst trukne Eurotal er <strong>9 og 10<\/strong>. Nogle spillere mener, at disse kolde tal \u201cst\u00e5r for tur\u201d til snart at dukke op, men det er vigtigt at forst\u00e5, at <strong>hver lodtr\u00e6kning er fuldst\u00e6ndig tilf\u00e6ldig og uafh\u00e6ngig<\/strong>. Selvom lotterier ikke fungerer p\u00e5 denne m\u00e5de \u2013 hver lodtr\u00e6kning er helt tilf\u00e6ldig og ikke forbundet med den forrige \u2013 er det stadig sjovt at finde ud af, hvilke tal der er dukket op mindst ofte. Uanset om du v\u00e6lger varme tal, kolde tal eller en blanding af begge, skal du huske, at <strong>lottoresultater i sidste ende er baseret p\u00e5 tilf\u00e6ldighed<\/strong>.<\/p>\n<h2>Hvor mange mennesker vandt i den seneste Eurojackpot-lodtr\u00e6kning?<img loading=\"lazy\" decoding=\"async\" class=\"alignright wp-image-257777\" src=\"https:\/\/lottomat.com\/wp-content\/uploads\/2025\/11\/play-Eurojackpot-1.webp\" alt=\"spil Eurojackpot\" width=\"200\" height=\"200\" srcset=\"https:\/\/lottomat.com\/wp-content\/uploads\/2025\/11\/play-Eurojackpot-1.webp 400w, https:\/\/lottomat.com\/wp-content\/uploads\/2025\/11\/play-Eurojackpot-1-300x300.webp 300w, https:\/\/lottomat.com\/wp-content\/uploads\/2025\/11\/play-Eurojackpot-1-150x150.webp 150w, https:\/\/lottomat.com\/wp-content\/uploads\/2025\/11\/play-Eurojackpot-1-100x100.webp 100w\" sizes=\"auto, (max-width: 200px) 100vw, 200px\" \/><\/h2>\n<p>P\u00e5 vores hjemmeside finder du en detaljeret tabel med omfattende information om resultaterne af den seneste Eurojackpot-lodtr\u00e6kning, herunder <strong>antallet af personer, der vandt pr\u00e6mier i hver pr\u00e6miekategori<\/strong> og <strong>det pr\u00e6cise bel\u00f8b for hver pr\u00e6mie i euro<\/strong>. Denne opdeling viser vindere i alle <strong>tolv pr\u00e6miekategorier<\/strong>, fra jackpotvinderen til dem, der ramte den mindste vindende kombination. Ved at gennemg\u00e5 disse oplysninger kan du se, at <strong>spillere faktisk vinder i Eurojackpot regelm\u00e6ssigt<\/strong> p\u00e5 alle pr\u00e6mieniveauer. Pr\u00e6miefordelingen demonstrerer lotteriets tiltr\u00e6kningskraft med <strong>flere m\u00e5der at vinde p\u00e5 og betydelige pr\u00e6mier<\/strong>, selv i de lavere kategorier. Denne gennemsigtighed hj\u00e6lper spillere med at forst\u00e5 deres chancer og se den reelle effekt af Eurojackpot-lodtr\u00e6kninger p\u00e5 vindere i de deltagende lande. Er du klar til at v\u00e6re med p\u00e5 den bedste underholdning? <a href=\"https:\/\/lottomat.com\/da\/spil\/eurojackpot\/\">Spil Eurojackpot online<\/a> hos Lottomat og vind stort.<\/p>\n<h2>Hvad sker der, n\u00e5r ingen vinder jackpotten?<\/h2>\n<p>N\u00e5r ingen spiller matcher alle fem hovedtal plus begge Eurotal, <strong>overf\u00f8res jackpotbel\u00f8bet til den n\u00e6ste lodtr\u00e6kning<\/strong>, hvilket skaber det, der kaldes en rollover eller akkumulering. Denne proces betyder, at <strong>pr\u00e6miepuljen forts\u00e6tter med at vokse<\/strong>, indtil nogen vinder hovedpr\u00e6mien, hvilket g\u00f8r de efterf\u00f8lgende lodtr\u00e6kninger endnu mere sp\u00e6ndende for spillerne. Rollover-mekanismen g\u00f8r det muligt for jackpots at n\u00e5 meget h\u00f8je bel\u00f8b, med <strong>et maksimalt jackpotloft fastsat til 120 millioner \u20ac<\/strong>. N\u00e5r dette maksimum er n\u00e5et, fordeles eventuelle ekstra midler, der ellers ville v\u00e6re blevet lagt til jackpotten, blandt vinderne i den n\u00e6ste pr\u00e6miekategori. Dette system sikrer, at enorme pr\u00e6mier kan opbygges over tid, hvilket skaber potentiale for livsforandrende gevinster og tiltr\u00e6kker millioner af spillere over hele Europa. L\u00e6s mere om <a href=\"https:\/\/lottomat.com\/da\/lotterier\/eurojackpot\/\">Eurojackpot-pr\u00e6mier og jackpot<\/a> p\u00e5 vores hjemmeside.<\/p>\n<h2><img loading=\"lazy\" decoding=\"async\" class=\"alignleft wp-image-257807\" src=\"https:\/\/lottomat.com\/wp-content\/uploads\/2025\/11\/tickets-online.webp\" alt=\"tickets online\" width=\"200\" height=\"200\" srcset=\"https:\/\/lottomat.com\/wp-content\/uploads\/2025\/11\/tickets-online.webp 400w, https:\/\/lottomat.com\/wp-content\/uploads\/2025\/11\/tickets-online-300x300.webp 300w, https:\/\/lottomat.com\/wp-content\/uploads\/2025\/11\/tickets-online-150x150.webp 150w, https:\/\/lottomat.com\/wp-content\/uploads\/2025\/11\/tickets-online-100x100.webp 100w\" sizes=\"auto, (max-width: 200px) 100vw, 200px\" \/>Kan Eurojackpot-lodtr\u00e6kningsresultater forudsiges?<\/h2>\n<p><strong>Nej, Eurojackpot-lodtr\u00e6kningsresultater kan ikke forudsiges<\/strong> med nogen grad af sikkerhed. Lotteriet bruger et <strong>fuldst\u00e6ndigt tilf\u00e6ldigt lodtr\u00e6kningssystem<\/strong>, hvor hver talkombination har pr\u00e6cis samme matematiske sandsynlighed for at blive udvalgt i hver eneste lodtr\u00e6kning. Selvom statistisk analyse kan vise, hvilke tal der er blevet trukket oftere eller sj\u00e6ldnere tidligere, har disse historiske data <strong>ingen indflydelse p\u00e5 fremtidige lodtr\u00e6kninger<\/strong>. Hver Eurojackpot-lodtr\u00e6kning er en <strong>uafh\u00e6ngig begivenhed<\/strong>, hvilket betyder, at tidligere resultater ikke p\u00e5virker kommende lodtr\u00e6kninger. Ethvert system eller enhver strategi, der h\u00e6vder at kunne forudsige lotterital, er grundl\u00e6ggende fejlagtig, da <strong>\u00e6gte tilf\u00e6ldighed ikke kan forudsiges<\/strong> eller manipuleres gennem analyse eller m\u00f8nstre. Hvad venter du p\u00e5? Tickets er billige, og chancerne er store, s\u00e5 g\u00f8r dig klar til at v\u00e6lge dine tal og se, hvad der sker n\u00e6ste gang. <strong>Du kan ogs\u00e5 <a href=\"https:\/\/lottomat.com\/da\/spil\/\">tjekke den fulde liste over vores online lotterier<\/a> med de st\u00f8rste jackpots!<\/strong><\/p>\n","protected":false},"excerpt":{"rendered":"<p>Har du k\u00f8bt Tickets til Eurojackpot og spekulerer p\u00e5, om du har vundet? Indtil du kender de udtrukne tal, kan alt ske, og du kan se lotteriets resultater p\u00e5 denne hjemmeside. Vi offentligg\u00f8r dem ultrahurtigt, s\u00e5 snart vi modtager information fra Eurojackpot-v\u00e6rtens hjemmeside, s\u00e5 du er garanteret, at de er p\u00e5lideligt bekr\u00e6ftet og 100 % [&hellip;]<\/p>\n","protected":false},"author":1,"featured_media":0,"parent":7401,"menu_order":4,"comment_status":"closed","ping_status":"closed","template":"eurojackpot-results.php","meta":{"_et_pb_use_builder":"","_et_pb_old_content":"","_et_gb_content_width":"","exclude_from_search":false,"footnotes":""},"class_list":["post-232593","page","type-page","status-publish","hentry"],"yoast_head":"<!-- This site is optimized with the Yoast SEO plugin v23.8 - https:\/\/yoast.com\/wordpress\/plugins\/seo\/ -->\n<title>Eurojackpot-resultater \u2013 Vindertal i Eurojackpot \u2013 LottoMat<\/title>\n<meta name=\"description\" content=\"Tjek de nyeste Eurojackpot-resultater. Her kan du sammenligne dine tal med de officielle vindertal i Eurojackpot. G\u00e5 ikke glip af lodtr\u00e6kningen!\" \/>\n<meta name=\"robots\" content=\"index, follow, max-snippet:-1, max-image-preview:large, max-video-preview:-1\" \/>\n<link rel=\"canonical\" href=\"https:\/\/lottomat.com\/da\/resultater\/eurojackpot\/\" \/>\n<meta property=\"og:locale\" content=\"da_DK\" \/>\n<meta property=\"og:type\" content=\"article\" \/>\n<meta property=\"og:title\" content=\"Eurojackpot-resultater \u2013 Vindertal i Eurojackpot \u2013 LottoMat\" \/>\n<meta property=\"og:description\" content=\"Tjek de nyeste Eurojackpot-resultater. Her kan du sammenligne dine tal med de officielle vindertal i Eurojackpot. G\u00e5 ikke glip af lodtr\u00e6kningen!\" \/>\n<meta property=\"og:url\" content=\"https:\/\/lottomat.com\/da\/resultater\/eurojackpot\/\" \/>\n<meta property=\"og:site_name\" content=\"Lottomat\" \/>\n<meta property=\"article:modified_time\" content=\"2026-02-15T04:11:42+00:00\" \/>\n<meta property=\"og:image\" content=\"https:\/\/lottomat.com\/wp-content\/uploads\/2025\/11\/Eurojackpot-online-1.webp\" \/>\n<meta name=\"twitter:card\" content=\"summary_large_image\" \/>\n<meta name=\"twitter:label1\" content=\"Estimeret l\u00e6setid\" \/>\n\t<meta name=\"twitter:data1\" content=\"6 minutter\" \/>\n<script type=\"application\/ld+json\" class=\"yoast-schema-graph\">{\"@context\":\"https:\/\/schema.org\",\"@graph\":[{\"@type\":\"WebPage\",\"@id\":\"https:\/\/lottomat.com\/da\/resultater\/eurojackpot\/\",\"url\":\"https:\/\/lottomat.com\/da\/resultater\/eurojackpot\/\",\"name\":\"Eurojackpot-resultater \u2013 Vindertal i Eurojackpot \u2013 LottoMat\",\"isPartOf\":{\"@id\":\"https:\/\/lottomat.com\/da\/#website\"},\"primaryImageOfPage\":{\"@id\":\"https:\/\/lottomat.com\/da\/resultater\/eurojackpot\/#primaryimage\"},\"image\":{\"@id\":\"https:\/\/lottomat.com\/da\/resultater\/eurojackpot\/#primaryimage\"},\"thumbnailUrl\":\"https:\/\/lottomat.com\/wp-content\/uploads\/2025\/11\/Eurojackpot-online-1.webp\",\"datePublished\":\"2025-03-27T10:35:32+00:00\",\"dateModified\":\"2026-02-15T04:11:42+00:00\",\"description\":\"Tjek de nyeste Eurojackpot-resultater. Her kan du sammenligne dine tal med de officielle vindertal i Eurojackpot. G\u00e5 ikke glip af lodtr\u00e6kningen!\",\"breadcrumb\":{\"@id\":\"https:\/\/lottomat.com\/da\/resultater\/eurojackpot\/#breadcrumb\"},\"inLanguage\":\"da-DK\",\"potentialAction\":[{\"@type\":\"ReadAction\",\"target\":[\"https:\/\/lottomat.com\/da\/resultater\/eurojackpot\/\"]}]},{\"@type\":\"ImageObject\",\"inLanguage\":\"da-DK\",\"@id\":\"https:\/\/lottomat.com\/da\/resultater\/eurojackpot\/#primaryimage\",\"url\":\"https:\/\/lottomat.com\/wp-content\/uploads\/2025\/11\/Eurojackpot-online-1.webp\",\"contentUrl\":\"https:\/\/lottomat.com\/wp-content\/uploads\/2025\/11\/Eurojackpot-online-1.webp\"},{\"@type\":\"BreadcrumbList\",\"@id\":\"https:\/\/lottomat.com\/da\/resultater\/eurojackpot\/#breadcrumb\",\"itemListElement\":[{\"@type\":\"ListItem\",\"position\":1,\"name\":\"Home\",\"item\":\"https:\/\/lottomat.com\/da\/\"},{\"@type\":\"ListItem\",\"position\":2,\"name\":\"De seneste lotteriresultater og vindertal\",\"item\":\"https:\/\/lottomat.com\/da\/resultater\/\"},{\"@type\":\"ListItem\",\"position\":3,\"name\":\"Eurojackpot-resultater og Vindertal\"}]},{\"@type\":\"WebSite\",\"@id\":\"https:\/\/lottomat.com\/da\/#website\",\"url\":\"https:\/\/lottomat.com\/da\/\",\"name\":\"Lottomat\",\"description\":\"\",\"potentialAction\":[{\"@type\":\"SearchAction\",\"target\":{\"@type\":\"EntryPoint\",\"urlTemplate\":\"https:\/\/lottomat.com\/da\/?s={search_term_string}\"},\"query-input\":{\"@type\":\"PropertyValueSpecification\",\"valueRequired\":true,\"valueName\":\"search_term_string\"}}],\"inLanguage\":\"da-DK\"}]}<\/script>\n<!-- \/ Yoast SEO plugin. -->","yoast_head_json":{"title":"Eurojackpot-resultater \u2013 Vindertal i Eurojackpot \u2013 LottoMat","description":"Tjek de nyeste Eurojackpot-resultater. Her kan du sammenligne dine tal med de officielle vindertal i Eurojackpot. G\u00e5 ikke glip af lodtr\u00e6kningen!","robots":{"index":"index","follow":"follow","max-snippet":"max-snippet:-1","max-image-preview":"max-image-preview:large","max-video-preview":"max-video-preview:-1"},"canonical":"https:\/\/lottomat.com\/da\/resultater\/eurojackpot\/","og_locale":"da_DK","og_type":"article","og_title":"Eurojackpot-resultater \u2013 Vindertal i Eurojackpot \u2013 LottoMat","og_description":"Tjek de nyeste Eurojackpot-resultater. Her kan du sammenligne dine tal med de officielle vindertal i Eurojackpot. G\u00e5 ikke glip af lodtr\u00e6kningen!","og_url":"https:\/\/lottomat.com\/da\/resultater\/eurojackpot\/","og_site_name":"Lottomat","article_modified_time":"2026-02-15T04:11:42+00:00","og_image":[{"url":"https:\/\/lottomat.com\/wp-content\/uploads\/2025\/11\/Eurojackpot-online-1.webp"}],"twitter_card":"summary_large_image","twitter_misc":{"Estimeret l\u00e6setid":"6 minutter"},"schema":{"@context":"https:\/\/schema.org","@graph":[{"@type":"WebPage","@id":"https:\/\/lottomat.com\/da\/resultater\/eurojackpot\/","url":"https:\/\/lottomat.com\/da\/resultater\/eurojackpot\/","name":"Eurojackpot-resultater \u2013 Vindertal i Eurojackpot \u2013 LottoMat","isPartOf":{"@id":"https:\/\/lottomat.com\/da\/#website"},"primaryImageOfPage":{"@id":"https:\/\/lottomat.com\/da\/resultater\/eurojackpot\/#primaryimage"},"image":{"@id":"https:\/\/lottomat.com\/da\/resultater\/eurojackpot\/#primaryimage"},"thumbnailUrl":"https:\/\/lottomat.com\/wp-content\/uploads\/2025\/11\/Eurojackpot-online-1.webp","datePublished":"2025-03-27T10:35:32+00:00","dateModified":"2026-02-15T04:11:42+00:00","description":"Tjek de nyeste Eurojackpot-resultater. Her kan du sammenligne dine tal med de officielle vindertal i Eurojackpot. G\u00e5 ikke glip af lodtr\u00e6kningen!","breadcrumb":{"@id":"https:\/\/lottomat.com\/da\/resultater\/eurojackpot\/#breadcrumb"},"inLanguage":"da-DK","potentialAction":[{"@type":"ReadAction","target":["https:\/\/lottomat.com\/da\/resultater\/eurojackpot\/"]}]},{"@type":"ImageObject","inLanguage":"da-DK","@id":"https:\/\/lottomat.com\/da\/resultater\/eurojackpot\/#primaryimage","url":"https:\/\/lottomat.com\/wp-content\/uploads\/2025\/11\/Eurojackpot-online-1.webp","contentUrl":"https:\/\/lottomat.com\/wp-content\/uploads\/2025\/11\/Eurojackpot-online-1.webp"},{"@type":"BreadcrumbList","@id":"https:\/\/lottomat.com\/da\/resultater\/eurojackpot\/#breadcrumb","itemListElement":[{"@type":"ListItem","position":1,"name":"Home","item":"https:\/\/lottomat.com\/da\/"},{"@type":"ListItem","position":2,"name":"De seneste lotteriresultater og vindertal","item":"https:\/\/lottomat.com\/da\/resultater\/"},{"@type":"ListItem","position":3,"name":"Eurojackpot-resultater og Vindertal"}]},{"@type":"WebSite","@id":"https:\/\/lottomat.com\/da\/#website","url":"https:\/\/lottomat.com\/da\/","name":"Lottomat","description":"","potentialAction":[{"@type":"SearchAction","target":{"@type":"EntryPoint","urlTemplate":"https:\/\/lottomat.com\/da\/?s={search_term_string}"},"query-input":{"@type":"PropertyValueSpecification","valueRequired":true,"valueName":"search_term_string"}}],"inLanguage":"da-DK"}]}},"_links":{"self":[{"href":"https:\/\/lottomat.com\/da\/wp-json\/wp\/v2\/pages\/232593","targetHints":{"allow":["GET"]}}],"collection":[{"href":"https:\/\/lottomat.com\/da\/wp-json\/wp\/v2\/pages"}],"about":[{"href":"https:\/\/lottomat.com\/da\/wp-json\/wp\/v2\/types\/page"}],"author":[{"embeddable":true,"href":"https:\/\/lottomat.com\/da\/wp-json\/wp\/v2\/users\/1"}],"replies":[{"embeddable":true,"href":"https:\/\/lottomat.com\/da\/wp-json\/wp\/v2\/comments?post=232593"}],"version-history":[{"count":2,"href":"https:\/\/lottomat.com\/da\/wp-json\/wp\/v2\/pages\/232593\/revisions"}],"predecessor-version":[{"id":271072,"href":"https:\/\/lottomat.com\/da\/wp-json\/wp\/v2\/pages\/232593\/revisions\/271072"}],"up":[{"embeddable":true,"href":"https:\/\/lottomat.com\/da\/wp-json\/wp\/v2\/pages\/7401"}],"wp:attachment":[{"href":"https:\/\/lottomat.com\/da\/wp-json\/wp\/v2\/media?parent=232593"}],"curies":[{"name":"wp","href":"https:\/\/api.w.org\/{rel}","templated":true}]}}