{"id":10612,"date":"2025-03-26T10:16:37","date_gmt":"2025-03-26T10:16:37","guid":{"rendered":"https:\/\/lottomat.net\/information-om-lotteri\/information-om-powerball\/"},"modified":"2026-02-12T12:32:06","modified_gmt":"2026-02-12T12:32:06","slug":"powerball","status":"publish","type":"page","link":"https:\/\/lottomat.com\/da\/lotterier\/powerball\/","title":{"rendered":"Powerball Pr\u00e6mier, Regler og Jackpot"},"content":{"rendered":"\n\n<div class=\"kk-star-ratings kksr-auto kksr-align-left kksr-valign-top\"\n    data-payload='{&quot;align&quot;:&quot;left&quot;,&quot;id&quot;:&quot;10612&quot;,&quot;slug&quot;:&quot;default&quot;,&quot;valign&quot;:&quot;top&quot;,&quot;ignore&quot;:&quot;&quot;,&quot;reference&quot;:&quot;auto&quot;,&quot;class&quot;:&quot;&quot;,&quot;count&quot;:&quot;0&quot;,&quot;legendonly&quot;:&quot;&quot;,&quot;readonly&quot;:&quot;&quot;,&quot;score&quot;:&quot;0&quot;,&quot;starsonly&quot;:&quot;&quot;,&quot;best&quot;:&quot;5&quot;,&quot;gap&quot;:&quot;5&quot;,&quot;greet&quot;:&quot;Rate this page&quot;,&quot;legend&quot;:&quot;0\\\/5 - (0 votes)&quot;,&quot;size&quot;:&quot;30&quot;,&quot;title&quot;:&quot;Powerball Pr\u00e6mier, Regler og Jackpot&quot;,&quot;width&quot;:&quot;0&quot;,&quot;_legend&quot;:&quot;{score}\\\/{best} - ({count} {votes})&quot;,&quot;font_factor&quot;:&quot;1.25&quot;}'>\n            \n<div class=\"kksr-stars\">\n    \n<div class=\"kksr-stars-inactive\">\n            <div class=\"kksr-star\" data-star=\"1\" style=\"padding-right: 5px\">\n            \n\n<div class=\"kksr-icon\" style=\"width: 30px; height: 30px;\"><\/div>\n        <\/div>\n            <div class=\"kksr-star\" data-star=\"2\" style=\"padding-right: 5px\">\n            \n\n<div class=\"kksr-icon\" style=\"width: 30px; height: 30px;\"><\/div>\n        <\/div>\n            <div class=\"kksr-star\" data-star=\"3\" style=\"padding-right: 5px\">\n            \n\n<div class=\"kksr-icon\" style=\"width: 30px; height: 30px;\"><\/div>\n        <\/div>\n            <div class=\"kksr-star\" data-star=\"4\" style=\"padding-right: 5px\">\n            \n\n<div class=\"kksr-icon\" style=\"width: 30px; height: 30px;\"><\/div>\n        <\/div>\n            <div class=\"kksr-star\" data-star=\"5\" style=\"padding-right: 5px\">\n            \n\n<div class=\"kksr-icon\" style=\"width: 30px; height: 30px;\"><\/div>\n        <\/div>\n    <\/div>\n    \n<div class=\"kksr-stars-active\" style=\"width: 0px;\">\n            <div class=\"kksr-star\" style=\"padding-right: 5px\">\n            \n\n<div class=\"kksr-icon\" style=\"width: 30px; height: 30px;\"><\/div>\n        <\/div>\n            <div class=\"kksr-star\" style=\"padding-right: 5px\">\n            \n\n<div class=\"kksr-icon\" style=\"width: 30px; height: 30px;\"><\/div>\n        <\/div>\n            <div class=\"kksr-star\" style=\"padding-right: 5px\">\n            \n\n<div class=\"kksr-icon\" style=\"width: 30px; height: 30px;\"><\/div>\n        <\/div>\n            <div class=\"kksr-star\" style=\"padding-right: 5px\">\n            \n\n<div class=\"kksr-icon\" style=\"width: 30px; height: 30px;\"><\/div>\n        <\/div>\n            <div class=\"kksr-star\" style=\"padding-right: 5px\">\n            \n\n<div class=\"kksr-icon\" style=\"width: 30px; height: 30px;\"><\/div>\n        <\/div>\n    <\/div>\n<\/div>\n                \n\n<div class=\"kksr-legend\" style=\"font-size: 24px;\">\n            <span class=\"kksr-muted\">Rate this page<\/span>\n    <\/div>\n    <\/div>\n<p>F\u00e5 mere at vide om Powerball-pr\u00e6mier, jackpot og spilleregler. Powerball Lotto \u2013 et hasardspil eller et lotteri \u2013 er en af de mest popul\u00e6re former for spilunderholdning p\u00e5 verdensplan. De fleste af os har deltaget i en lodtr\u00e6kning mindst \u00e9n gang. Lotterier er meget enkle og sp\u00e6ndende spil med klare regler. Der er absolut intet kompliceret ved dem, og alle kan hurtigt l\u00e6re reglerne for ethvert lotteri. Hvis du er entusiastisk omkring talspil og stadig leder efter et nyt og interessant lotteri at pr\u00f8ve, b\u00f8r du l\u00e6se videre i denne artikel. Vi vil fort\u00e6lle dig, hvad verdens mest ber\u00f8mte Powerball lotto er, hvordan spillet fungerer, hvilke chancer og risici der er, og hvor meget man kan vinde (Powerball-pr\u00e6mier og jackpot).<\/p>\n<h2><img loading=\"lazy\" decoding=\"async\" class=\"alignleft wp-image-252449\" src=\"https:\/\/lottomat.com\/wp-content\/uploads\/2025\/10\/Powerball-jackpot-300x300.webp\" alt=\"Powerball jackpot\" width=\"200\" height=\"200\" srcset=\"https:\/\/lottomat.com\/wp-content\/uploads\/2025\/10\/Powerball-jackpot-300x300.webp 300w, https:\/\/lottomat.com\/wp-content\/uploads\/2025\/10\/Powerball-jackpot-150x150.webp 150w, https:\/\/lottomat.com\/wp-content\/uploads\/2025\/10\/Powerball-jackpot-100x100.webp 100w, https:\/\/lottomat.com\/wp-content\/uploads\/2025\/10\/Powerball-jackpot.webp 400w\" sizes=\"auto, (max-width: 200px) 100vw, 200px\" \/>Hvad er Powerball-lotteriet?<\/h2>\n<p>Powerball er et amerikansk lotteri, som har eksisteret siden <strong>1988<\/strong>. Det var tidligere kendt som Lotto America, men i <strong>1992<\/strong> blev navnet \u00e6ndret til det nuv\u00e6rende Powerball. Det amerikanske Powerball er et af <a href=\"https:\/\/lottomat.com\/da\/\">de mest popul\u00e6re lotterier i verden<\/a>; det har lotterikontorer i USA i hele <strong>45 stater<\/strong>, samt i District of Columbia, Puerto Rico og De Amerikanske Jomfru\u00f8er. Det er v\u00e6rd at bem\u00e6rke, at lotteriet var en forl\u00f8ber for lodtr\u00e6kning fra to tromler, hvilket gjorde det muligt at opn\u00e5 h\u00f8jere gevinster. Powerball lotto-tr\u00e6kninger finder sted hver <strong>mandag, onsdag og l\u00f8rdag kl. 22:59 EST<\/strong>. Florida Lottery-studiet er normalt stedet for lodtr\u00e6kningen. Hvis du ikke bor eller opholder dig i USA og ikke har mulighed for at <a href=\"https:\/\/lottomat.com\/da\/spil\/spil-powerball\/\">k\u00f8be en Powerball lotto ticket online<\/a>, skal du blot bruge vores <strong>LottoMat-hjemmeside<\/strong>. Her kan du spille Powerball lotto online, l\u00e6se interessante artikler og <a href=\"https:\/\/lottomat.com\/da\/resultater\/powerball\/\">tjekke de seneste Powerball-resultater<\/a>.<\/p>\n<h2>Hvad er reglerne for at spille Powerball?<\/h2>\n<p>Siden lotteriets oprettelse er reglerne blevet \u00e6ndret flere gange; de er som regel blevet moderniseret for at give spillerne mulighed for at vinde h\u00f8jere Powerball-pr\u00e6mier. Oprindeligt skulle man v\u00e6lge syv tal ud af 40. Senere blev der tilf\u00f8jet et ekstra bonusnummer fra en mindre pulje. Puljens st\u00f8rrelse blev \u00e6ndret flere gange, indtil det endeligt blev fastlagt, at man skal v\u00e6lge <strong>fem tal ud af 69 og \u00e9t ud af 26<\/strong>, de s\u00e5kaldte Powerballs. Disse regler g\u00e6lder stadig i dag. Et tal fra hovedtr\u00e6kningen kan v\u00e6re identisk med det andet.<\/p>\n<h2>Hvad er risiciene og chancerne for at vinde Powerball-pr\u00e6mier?<\/h2>\n<p>Kort sagt er de sm\u00e5. Sandsynligheden for at vinde f\u00f8rstepremien er <strong>1:292 millioner<\/strong>. Chancerne for at vinde andenpr\u00e6mien er kun <strong>1:11,5 millioner<\/strong>, hvilket er en enorm forskel, og derefter bliver chancerne endnu mindre. Til sammenligning er chancen for at vinde hovedpr\u00e6mien i det polske Lotto 1:14 millioner. I Powerball lotto <strong>vinder 1 ud af hver 25 indsendte tickets<\/strong>. Risikoen er alts\u00e5 ikke lav, men gevinsterne er det heller ikke; faktisk er de blandt de h\u00f8jeste i verden. Derfor falder interessen for Powerball ikke, p\u00e5 trods af de lave chancer \u2013 den vokser derimod st\u00f8t hvert \u00e5r. Minimumsindsatsen i Powerball er <strong>5 dollars<\/strong>, hvilket er meget attraktivt for de fleste spillere, is\u00e6r i betragtning af de h\u00f8je gevinster.<\/p>\n<h2><img loading=\"lazy\" decoding=\"async\" class=\"wp-image-252479 alignright\" src=\"https:\/\/lottomat.com\/wp-content\/uploads\/2025\/10\/Powerball-prizes-300x300.webp\" alt=\"Powerball pr\u00e6mier\" width=\"200\" height=\"200\" srcset=\"https:\/\/lottomat.com\/wp-content\/uploads\/2025\/10\/Powerball-prizes-300x300.webp 300w, https:\/\/lottomat.com\/wp-content\/uploads\/2025\/10\/Powerball-prizes-150x150.webp 150w, https:\/\/lottomat.com\/wp-content\/uploads\/2025\/10\/Powerball-prizes-100x100.webp 100w, https:\/\/lottomat.com\/wp-content\/uploads\/2025\/10\/Powerball-prizes.webp 400w\" sizes=\"auto, (max-width: 200px) 100vw, 200px\" \/><\/h2>\n<h2>Hvad er Powerball-pr\u00e6mier \u2013 hvor meget kan man vinde?<\/h2>\n<p>At sige, at Powerball tilbyder meget h\u00f8je gevinster, er en underdrivelse. Vi taler om enorme bel\u00f8b; det er sv\u00e6rt at forestille sig, hvad man skulle g\u00f8re med s\u00e5 stor en pr\u00e6mie. Hvis du vinder, vil dine b\u00f8rn, b\u00f8rneb\u00f8rn, oldeb\u00f8rn og tipoldeb\u00f8rn aldrig beh\u00f8ve at arbejde igen. Den laveste garanterede gevinst i Powerball er <strong>20 millioner dollars<\/strong>. Dertil kommer, at de gennemsnitlige gevinster ligger omkring 110\u2013120 millioner dollars. Andenpr\u00e6mierne virker mindre tiltalende \u2013 det er \u201ckun\u201d <strong>\u00e9n million dollars<\/strong>. Det er dog nok blot at ramme fem rigtige tal for at blive en heldig vinder. Alt \u00e6ndrer sig dog, n\u00e5r der sker en rollover. \u00c5h ja! En rollover-jackpot i Powerball er ren og sk\u00e6r vanvid.<\/p>\n<h2>Hvordan fungerer Powerball-rollovers?<\/h2>\n<p>Det, der is\u00e6r adskiller Powerball fra for eksempel det polske Lotto, er de massive rollovers, som f\u00e5r hjertet til at banke hurtigere, og de jackpots, der f\u00f8lger med, er chokerende h\u00f8je. Hvordan skulle f\u00f8lelserne ikke n\u00e5 nye h\u00f8jder, n\u00e5r Powerball <strong>ikke har nogen \u00f8vre gr\u00e6nse for rollover<\/strong>? Det betyder, at hvis spillerne er heldige, og der er flere tr\u00e6kninger i tr\u00e6k uden en vinder af hovedpr\u00e6mien, akkumuleres puljen, indtil de rigtige tal bliver trukket. En rollover-jackpot deles normalt mellem flere spillere, hvilket betyder, at pr\u00e6mien fordeles forholdsm\u00e6ssigt. Men det er sket mere end \u00e9n gang i Powerballs historie, at kun \u00e9n person har ramt de udtrukne tal og vundet hele jackpotten alene.<\/p>\n<h2>Hvad var den st\u00f8rste gevinst i Powerball-lotteriet?<img loading=\"lazy\" decoding=\"async\" class=\"wp-image-252509 alignleft\" src=\"https:\/\/lottomat.com\/wp-content\/uploads\/2025\/10\/Powerball-rules-300x300.webp\" alt=\"Powerball regler\" width=\"200\" height=\"200\" srcset=\"https:\/\/lottomat.com\/wp-content\/uploads\/2025\/10\/Powerball-rules-300x300.webp 300w, https:\/\/lottomat.com\/wp-content\/uploads\/2025\/10\/Powerball-rules-150x150.webp 150w, https:\/\/lottomat.com\/wp-content\/uploads\/2025\/10\/Powerball-rules-100x100.webp 100w, https:\/\/lottomat.com\/wp-content\/uploads\/2025\/10\/Powerball-rules.webp 400w\" sizes=\"auto, (max-width: 200px) 100vw, 200px\" \/><\/h2>\n<p>Den rekordstore jackpot i Powerballs historie blev vundet den <strong>7. november 2022<\/strong> og n\u00e5ede imponerende <strong>2,04 milliarder dollars<\/strong> med en kontantv\u00e6rdi p\u00e5 <strong>997,6 millioner dollars<\/strong>. Dette er fortsat den st\u00f8rste lotterijackpot, der nogensinde er vundet i verden. Den vindende ticket blev solgt i Californien og blev indl\u00f8st af \u00e9n enkelt vinder. Den n\u00e6stst\u00f8rste Powerball-jackpot var p\u00e5 <strong>1,787 milliarder dollars<\/strong>, vundet i september 2025 med tickets solgt i Missouri og Texas.<\/p>\n<h2>Hvem kan spille Powerball og vinde Powerball-pr\u00e6mier?<\/h2>\n<p>Alle har mulighed for at spille, s\u00e5 l\u00e6nge de er myndige. For ikke s\u00e5 l\u00e6nge siden var Powerball kun tilg\u00e6ngelig for amerikanere eller personer i USA, der kunne benytte et lotterikontor. Nu er alt anderledes. Og det er alt sammen takket v\u00e6re online-lotterier og vores <a href=\"https:\/\/lottomat.com\/da\/\"><strong>LottoMat-hjemmeside<\/strong><\/a>. Det er ligegyldigt, om du bor i Afrika, Asien eller Europa. Om du sidder ved skrivebordet, ligger i sengen, l\u00f8ber en tur eller slapper af i haven. Du kan spille Powerball og vinde Powerball-jackpotten hvor som helst. Online-lotterier er blevet utrolig popul\u00e6re; de fleste spillere bruger denne l\u00f8sning, fordi den er bekvem. Alt, hvad du beh\u00f8ver, er <strong>internetadgang<\/strong>. Det giver spillere stor frihed over hele verden.<\/p>\n<h2>Hvordan spiller man Powerball online?<\/h2>\n<p>Alt, hvad du skal g\u00f8re, er at logge ind p\u00e5 <strong>LottoMat-hjemmesiden<\/strong> og udfylde en ticket med dine yndlingstal. Det er det hele. Derefter venter du p\u00e5 lodtr\u00e6kningen og tjekker Powerball-resultaterne. De er ogs\u00e5 nemme at finde p\u00e5 vores hjemmeside. At spille Powerball online er utrolig nemt og giver masser af sp\u00e6nding.<\/p>\n<h2>Hvorn\u00e5r finder Powerball Lotto-tr\u00e6kninger sted?<\/h2>\n<p>Powerball-tr\u00e6kninger finder sted <strong>tre gange om ugen \u2013 mandag, onsdag og l\u00f8rdag<\/strong>. Leder du efter st\u00e6rke f\u00f8lelser og fantastiske gevinster? Spil Powerball lotto online \u2013 hurtigt, bekvemt og uden at forlade hjemmet. Held og lykke!<\/p>\n<h2>Tabel over Powerball-pr\u00e6mier og vinderchancer<\/h2>\n","protected":false},"excerpt":{"rendered":"<p>F\u00e5 mere at vide om Powerball-pr\u00e6mier, jackpot og spilleregler. Powerball Lotto \u2013 et hasardspil eller et lotteri \u2013 er en af de mest popul\u00e6re former for spilunderholdning p\u00e5 verdensplan. De fleste af os har deltaget i en lodtr\u00e6kning mindst \u00e9n gang. Lotterier er meget enkle og sp\u00e6ndende spil med klare regler. Der er absolut intet [&hellip;]<\/p>\n","protected":false},"author":1,"featured_media":0,"parent":6859,"menu_order":1,"comment_status":"closed","ping_status":"closed","template":"powerball-usa-info.php","meta":{"_et_pb_use_builder":"","_et_pb_old_content":"","_et_gb_content_width":"","exclude_from_search":false,"footnotes":""},"class_list":["post-10612","page","type-page","status-publish","hentry"],"yoast_head":"<!-- This site is optimized with the Yoast SEO plugin v23.8 - https:\/\/yoast.com\/wordpress\/plugins\/seo\/ -->\n<title>Powerball Pr\u00e6mier, Regler og Jackpot - Lottomat<\/title>\n<meta name=\"description\" content=\"Tjek Powerball-pr\u00e6mier, jackpot og Powerball-spilleregler. Find ud af mere om dine chancer for at vinde i dette amerikanske lotteri.\" \/>\n<meta name=\"robots\" content=\"index, follow, max-snippet:-1, max-image-preview:large, max-video-preview:-1\" \/>\n<link rel=\"canonical\" href=\"https:\/\/lottomat.com\/da\/lotterier\/powerball\/\" \/>\n<meta property=\"og:locale\" content=\"da_DK\" \/>\n<meta property=\"og:type\" content=\"article\" \/>\n<meta property=\"og:title\" content=\"Powerball Pr\u00e6mier, Regler og Jackpot - Lottomat\" \/>\n<meta property=\"og:description\" content=\"Tjek Powerball-pr\u00e6mier, jackpot og Powerball-spilleregler. Find ud af mere om dine chancer for at vinde i dette amerikanske lotteri.\" \/>\n<meta property=\"og:url\" content=\"https:\/\/lottomat.com\/da\/lotterier\/powerball\/\" \/>\n<meta property=\"og:site_name\" content=\"Lottomat\" \/>\n<meta property=\"article:modified_time\" content=\"2026-02-12T12:32:06+00:00\" \/>\n<meta property=\"og:image\" content=\"https:\/\/lottomat.com\/wp-content\/uploads\/2025\/10\/Powerball-jackpot-300x300.webp\" \/>\n<meta name=\"twitter:card\" content=\"summary_large_image\" \/>\n<meta name=\"twitter:label1\" content=\"Estimeret l\u00e6setid\" \/>\n\t<meta name=\"twitter:data1\" content=\"6 minutter\" \/>\n<script type=\"application\/ld+json\" class=\"yoast-schema-graph\">{\"@context\":\"https:\/\/schema.org\",\"@graph\":[{\"@type\":\"WebPage\",\"@id\":\"https:\/\/lottomat.com\/da\/lotterier\/powerball\/\",\"url\":\"https:\/\/lottomat.com\/da\/lotterier\/powerball\/\",\"name\":\"Powerball Pr\u00e6mier, Regler og Jackpot - Lottomat\",\"isPartOf\":{\"@id\":\"https:\/\/lottomat.com\/da\/#website\"},\"primaryImageOfPage\":{\"@id\":\"https:\/\/lottomat.com\/da\/lotterier\/powerball\/#primaryimage\"},\"image\":{\"@id\":\"https:\/\/lottomat.com\/da\/lotterier\/powerball\/#primaryimage\"},\"thumbnailUrl\":\"https:\/\/lottomat.com\/wp-content\/uploads\/2025\/10\/Powerball-jackpot-300x300.webp\",\"datePublished\":\"2025-03-26T10:16:37+00:00\",\"dateModified\":\"2026-02-12T12:32:06+00:00\",\"description\":\"Tjek Powerball-pr\u00e6mier, jackpot og Powerball-spilleregler. Find ud af mere om dine chancer for at vinde i dette amerikanske lotteri.\",\"breadcrumb\":{\"@id\":\"https:\/\/lottomat.com\/da\/lotterier\/powerball\/#breadcrumb\"},\"inLanguage\":\"da-DK\",\"potentialAction\":[{\"@type\":\"ReadAction\",\"target\":[\"https:\/\/lottomat.com\/da\/lotterier\/powerball\/\"]}]},{\"@type\":\"ImageObject\",\"inLanguage\":\"da-DK\",\"@id\":\"https:\/\/lottomat.com\/da\/lotterier\/powerball\/#primaryimage\",\"url\":\"https:\/\/lottomat.com\/wp-content\/uploads\/2025\/10\/Powerball-jackpot-300x300.webp\",\"contentUrl\":\"https:\/\/lottomat.com\/wp-content\/uploads\/2025\/10\/Powerball-jackpot-300x300.webp\"},{\"@type\":\"BreadcrumbList\",\"@id\":\"https:\/\/lottomat.com\/da\/lotterier\/powerball\/#breadcrumb\",\"itemListElement\":[{\"@type\":\"ListItem\",\"position\":1,\"name\":\"Home\",\"item\":\"https:\/\/lottomat.com\/da\/\"},{\"@type\":\"ListItem\",\"position\":2,\"name\":\"Lotteriregler: Pr\u00e6mier, Jackpot og Odds\",\"item\":\"https:\/\/lottomat.com\/da\/lotterier\/\"},{\"@type\":\"ListItem\",\"position\":3,\"name\":\"Powerball Pr\u00e6mier, Regler og Jackpot\"}]},{\"@type\":\"WebSite\",\"@id\":\"https:\/\/lottomat.com\/da\/#website\",\"url\":\"https:\/\/lottomat.com\/da\/\",\"name\":\"Lottomat\",\"description\":\"\",\"potentialAction\":[{\"@type\":\"SearchAction\",\"target\":{\"@type\":\"EntryPoint\",\"urlTemplate\":\"https:\/\/lottomat.com\/da\/?s={search_term_string}\"},\"query-input\":{\"@type\":\"PropertyValueSpecification\",\"valueRequired\":true,\"valueName\":\"search_term_string\"}}],\"inLanguage\":\"da-DK\"}]}<\/script>\n<!-- \/ Yoast SEO plugin. -->","yoast_head_json":{"title":"Powerball Pr\u00e6mier, Regler og Jackpot - Lottomat","description":"Tjek Powerball-pr\u00e6mier, jackpot og Powerball-spilleregler. Find ud af mere om dine chancer for at vinde i dette amerikanske lotteri.","robots":{"index":"index","follow":"follow","max-snippet":"max-snippet:-1","max-image-preview":"max-image-preview:large","max-video-preview":"max-video-preview:-1"},"canonical":"https:\/\/lottomat.com\/da\/lotterier\/powerball\/","og_locale":"da_DK","og_type":"article","og_title":"Powerball Pr\u00e6mier, Regler og Jackpot - Lottomat","og_description":"Tjek Powerball-pr\u00e6mier, jackpot og Powerball-spilleregler. Find ud af mere om dine chancer for at vinde i dette amerikanske lotteri.","og_url":"https:\/\/lottomat.com\/da\/lotterier\/powerball\/","og_site_name":"Lottomat","article_modified_time":"2026-02-12T12:32:06+00:00","og_image":[{"url":"https:\/\/lottomat.com\/wp-content\/uploads\/2025\/10\/Powerball-jackpot-300x300.webp"}],"twitter_card":"summary_large_image","twitter_misc":{"Estimeret l\u00e6setid":"6 minutter"},"schema":{"@context":"https:\/\/schema.org","@graph":[{"@type":"WebPage","@id":"https:\/\/lottomat.com\/da\/lotterier\/powerball\/","url":"https:\/\/lottomat.com\/da\/lotterier\/powerball\/","name":"Powerball Pr\u00e6mier, Regler og Jackpot - Lottomat","isPartOf":{"@id":"https:\/\/lottomat.com\/da\/#website"},"primaryImageOfPage":{"@id":"https:\/\/lottomat.com\/da\/lotterier\/powerball\/#primaryimage"},"image":{"@id":"https:\/\/lottomat.com\/da\/lotterier\/powerball\/#primaryimage"},"thumbnailUrl":"https:\/\/lottomat.com\/wp-content\/uploads\/2025\/10\/Powerball-jackpot-300x300.webp","datePublished":"2025-03-26T10:16:37+00:00","dateModified":"2026-02-12T12:32:06+00:00","description":"Tjek Powerball-pr\u00e6mier, jackpot og Powerball-spilleregler. Find ud af mere om dine chancer for at vinde i dette amerikanske lotteri.","breadcrumb":{"@id":"https:\/\/lottomat.com\/da\/lotterier\/powerball\/#breadcrumb"},"inLanguage":"da-DK","potentialAction":[{"@type":"ReadAction","target":["https:\/\/lottomat.com\/da\/lotterier\/powerball\/"]}]},{"@type":"ImageObject","inLanguage":"da-DK","@id":"https:\/\/lottomat.com\/da\/lotterier\/powerball\/#primaryimage","url":"https:\/\/lottomat.com\/wp-content\/uploads\/2025\/10\/Powerball-jackpot-300x300.webp","contentUrl":"https:\/\/lottomat.com\/wp-content\/uploads\/2025\/10\/Powerball-jackpot-300x300.webp"},{"@type":"BreadcrumbList","@id":"https:\/\/lottomat.com\/da\/lotterier\/powerball\/#breadcrumb","itemListElement":[{"@type":"ListItem","position":1,"name":"Home","item":"https:\/\/lottomat.com\/da\/"},{"@type":"ListItem","position":2,"name":"Lotteriregler: Pr\u00e6mier, Jackpot og Odds","item":"https:\/\/lottomat.com\/da\/lotterier\/"},{"@type":"ListItem","position":3,"name":"Powerball Pr\u00e6mier, Regler og Jackpot"}]},{"@type":"WebSite","@id":"https:\/\/lottomat.com\/da\/#website","url":"https:\/\/lottomat.com\/da\/","name":"Lottomat","description":"","potentialAction":[{"@type":"SearchAction","target":{"@type":"EntryPoint","urlTemplate":"https:\/\/lottomat.com\/da\/?s={search_term_string}"},"query-input":{"@type":"PropertyValueSpecification","valueRequired":true,"valueName":"search_term_string"}}],"inLanguage":"da-DK"}]}},"_links":{"self":[{"href":"https:\/\/lottomat.com\/da\/wp-json\/wp\/v2\/pages\/10612","targetHints":{"allow":["GET"]}}],"collection":[{"href":"https:\/\/lottomat.com\/da\/wp-json\/wp\/v2\/pages"}],"about":[{"href":"https:\/\/lottomat.com\/da\/wp-json\/wp\/v2\/types\/page"}],"author":[{"embeddable":true,"href":"https:\/\/lottomat.com\/da\/wp-json\/wp\/v2\/users\/1"}],"replies":[{"embeddable":true,"href":"https:\/\/lottomat.com\/da\/wp-json\/wp\/v2\/comments?post=10612"}],"version-history":[{"count":2,"href":"https:\/\/lottomat.com\/da\/wp-json\/wp\/v2\/pages\/10612\/revisions"}],"predecessor-version":[{"id":270927,"href":"https:\/\/lottomat.com\/da\/wp-json\/wp\/v2\/pages\/10612\/revisions\/270927"}],"up":[{"embeddable":true,"href":"https:\/\/lottomat.com\/da\/wp-json\/wp\/v2\/pages\/6859"}],"wp:attachment":[{"href":"https:\/\/lottomat.com\/da\/wp-json\/wp\/v2\/media?parent=10612"}],"curies":[{"name":"wp","href":"https:\/\/api.w.org\/{rel}","templated":true}]}}