{"id":9445,"date":"2025-03-26T08:35:10","date_gmt":"2025-03-26T08:35:10","guid":{"rendered":"https:\/\/lottomat.net\/hrat-loterii\/hrat-superenalotto-online\/"},"modified":"2026-02-05T10:24:43","modified_gmt":"2026-02-05T10:24:43","slug":"superenalotto","status":"publish","type":"page","link":"https:\/\/lottomat.com\/cs\/hrat\/superenalotto\/","title":{"rendered":"SuperEnalotto Online &#8211; SuperEnalotto Tipy"},"content":{"rendered":"\n\n<div class=\"kk-star-ratings kksr-auto kksr-align-left kksr-valign-top\"\n    data-payload='{&quot;align&quot;:&quot;left&quot;,&quot;id&quot;:&quot;9445&quot;,&quot;slug&quot;:&quot;default&quot;,&quot;valign&quot;:&quot;top&quot;,&quot;ignore&quot;:&quot;&quot;,&quot;reference&quot;:&quot;auto&quot;,&quot;class&quot;:&quot;&quot;,&quot;count&quot;:&quot;0&quot;,&quot;legendonly&quot;:&quot;&quot;,&quot;readonly&quot;:&quot;&quot;,&quot;score&quot;:&quot;0&quot;,&quot;starsonly&quot;:&quot;&quot;,&quot;best&quot;:&quot;5&quot;,&quot;gap&quot;:&quot;5&quot;,&quot;greet&quot;:&quot;Rate this page&quot;,&quot;legend&quot;:&quot;0\\\/5 - (0 votes)&quot;,&quot;size&quot;:&quot;30&quot;,&quot;title&quot;:&quot;SuperEnalotto Online - SuperEnalotto Tipy&quot;,&quot;width&quot;:&quot;0&quot;,&quot;_legend&quot;:&quot;{score}\\\/{best} - ({count} {votes})&quot;,&quot;font_factor&quot;:&quot;1.25&quot;}'>\n            \n<div class=\"kksr-stars\">\n    \n<div class=\"kksr-stars-inactive\">\n            <div class=\"kksr-star\" data-star=\"1\" style=\"padding-right: 5px\">\n            \n\n<div class=\"kksr-icon\" style=\"width: 30px; height: 30px;\"><\/div>\n        <\/div>\n            <div class=\"kksr-star\" data-star=\"2\" style=\"padding-right: 5px\">\n            \n\n<div class=\"kksr-icon\" style=\"width: 30px; height: 30px;\"><\/div>\n        <\/div>\n            <div class=\"kksr-star\" data-star=\"3\" style=\"padding-right: 5px\">\n            \n\n<div class=\"kksr-icon\" style=\"width: 30px; height: 30px;\"><\/div>\n        <\/div>\n            <div class=\"kksr-star\" data-star=\"4\" style=\"padding-right: 5px\">\n            \n\n<div class=\"kksr-icon\" style=\"width: 30px; height: 30px;\"><\/div>\n        <\/div>\n            <div class=\"kksr-star\" data-star=\"5\" style=\"padding-right: 5px\">\n            \n\n<div class=\"kksr-icon\" style=\"width: 30px; height: 30px;\"><\/div>\n        <\/div>\n    <\/div>\n    \n<div class=\"kksr-stars-active\" style=\"width: 0px;\">\n            <div class=\"kksr-star\" style=\"padding-right: 5px\">\n            \n\n<div class=\"kksr-icon\" style=\"width: 30px; height: 30px;\"><\/div>\n        <\/div>\n            <div class=\"kksr-star\" style=\"padding-right: 5px\">\n            \n\n<div class=\"kksr-icon\" style=\"width: 30px; height: 30px;\"><\/div>\n        <\/div>\n            <div class=\"kksr-star\" style=\"padding-right: 5px\">\n            \n\n<div class=\"kksr-icon\" style=\"width: 30px; height: 30px;\"><\/div>\n        <\/div>\n            <div class=\"kksr-star\" style=\"padding-right: 5px\">\n            \n\n<div class=\"kksr-icon\" style=\"width: 30px; height: 30px;\"><\/div>\n        <\/div>\n            <div class=\"kksr-star\" style=\"padding-right: 5px\">\n            \n\n<div class=\"kksr-icon\" style=\"width: 30px; height: 30px;\"><\/div>\n        <\/div>\n    <\/div>\n<\/div>\n                \n\n<div class=\"kksr-legend\" style=\"font-size: 24px;\">\n            <span class=\"kksr-muted\">Rate this page<\/span>\n    <\/div>\n    <\/div>\n<h2><img loading=\"lazy\" decoding=\"async\" class=\"alignleft wp-image-252554\" src=\"https:\/\/lottomat.com\/wp-content\/uploads\/2025\/10\/Italian-lottery-online-300x300.webp\" alt=\"Italsk\u00e1 loterie online\" width=\"200\" height=\"200\" srcset=\"https:\/\/lottomat.com\/wp-content\/uploads\/2025\/10\/Italian-lottery-online-300x300.webp 300w, https:\/\/lottomat.com\/wp-content\/uploads\/2025\/10\/Italian-lottery-online-150x150.webp 150w, https:\/\/lottomat.com\/wp-content\/uploads\/2025\/10\/Italian-lottery-online-100x100.webp 100w, https:\/\/lottomat.com\/wp-content\/uploads\/2025\/10\/Italian-lottery-online.webp 400w\" sizes=\"auto, (max-width: 200px) 100vw, 200px\" \/>Co je SuperEnalotto?<\/h2>\n<p><strong>SuperEnalotto je nejobl\u00edben\u011bj\u0161\u00ed a nejpresti\u017en\u011bj\u0161\u00ed loterijn\u00ed hra It\u00e1lie<\/strong>, proslul\u00e1 nab\u00eddkou n\u011bkter\u00fdch z nejv\u011bt\u0161\u00edch jackpot\u016f v evropsk\u00e9 loterijn\u00ed historii. Tato ikonick\u00e1 italsk\u00e1 loterie fascinuje hr\u00e1\u010de od roku 1997 sv\u00fdm jedine\u010dn\u00fdm form\u00e1tem a v\u00fdjime\u010dn\u00fdm potenci\u00e1lem v\u00fdher. <strong>Losov\u00e1n\u00ed SuperEnalotto se konaj\u00ed t\u0159ikr\u00e1t t\u00fddn\u011b<\/strong> &#8211; v \u00fater\u00fd, ve \u010dtvrtek a v sobotu &#8211; co\u017e d\u00e1v\u00e1 hr\u00e1\u010d\u016fm v\u00edce p\u0159\u00edle\u017eitost\u00ed vyhr\u00e1t \u010d\u00e1stky m\u011bn\u00edc\u00ed \u017eivot. To, co odli\u0161uje tuto italskou loterii, je absence stropu jackpotu, co\u017e znamen\u00e1, \u017ee ceny se mohou p\u0159evalovat donekone\u010dna, dokud n\u011bkdo nevyhraje, \u010dasto dosahuj\u00ed astronomick\u00fdch \u010d\u00e1stek, kter\u00e9 p\u0159itahuj\u00ed mezin\u00e1rodn\u00ed pozornost. Chcete hr\u00e1t SuperEnalotto online? Poj\u010fme se dozv\u011bd\u011bt v\u00edce!<\/p>\n<h2><img loading=\"lazy\" decoding=\"async\" class=\"alignright wp-image-252584\" src=\"https:\/\/lottomat.com\/wp-content\/uploads\/2025\/10\/play-SuperEnalotto-300x300.webp\" alt=\"hrajte SuperEnalotto\" width=\"200\" height=\"200\" srcset=\"https:\/\/lottomat.com\/wp-content\/uploads\/2025\/10\/play-SuperEnalotto-300x300.webp 300w, https:\/\/lottomat.com\/wp-content\/uploads\/2025\/10\/play-SuperEnalotto-150x150.webp 150w, https:\/\/lottomat.com\/wp-content\/uploads\/2025\/10\/play-SuperEnalotto-100x100.webp 100w, https:\/\/lottomat.com\/wp-content\/uploads\/2025\/10\/play-SuperEnalotto.webp 400w\" sizes=\"auto, (max-width: 200px) 100vw, 200px\" \/>Jak hr\u00e1t SuperEnalotto online?<\/h2>\n<p><strong>Hran\u00ed SuperEnalotto online prost\u0159ednictv\u00edm LottoMat je neuv\u011b\u0159iteln\u011b pohodln\u00e9 a p\u0159\u00edstupn\u00e9 odkudkoli na sv\u011bt\u011b, kdykoli<\/strong>. Proces je p\u0159\u00edmo\u010dar\u00fd a u\u017eivatelsky p\u0159\u00edv\u011btiv\u00fd &#8211; jednodu\u0161e se zaregistrujte na <a href=\"https:\/\/lottomat.com\/cs\/\">webov\u00e9 str\u00e1nce LottoMat<\/a>, vyberte si sv\u00e1 \u0161\u0165astn\u00e1 \u010d\u00edsla a kupte si sv\u00e9 tipy online, ani\u017e byste kdy opustili sv\u016fj domov. <strong>M\u016f\u017eete si vybrat sv\u00e1 \u010d\u00edsla ru\u010dn\u011b na z\u00e1klad\u011b sv\u00e9 osobn\u00ed strategie nebo pou\u017e\u00edt mo\u017enost Rychl\u00e9ho v\u00fdb\u011bru pro n\u00e1hodn\u00fd v\u00fdb\u011br \u010d\u00edsel<\/strong>. Tato flexibilita umo\u017e\u0148uje jak strategick\u00fdm hr\u00e1\u010d\u016fm, tak t\u011bm, kte\u0159\u00ed rad\u011bji nech\u00e1vaj\u00ed sv\u016fj osud n\u00e1hod\u011b, u\u017e\u00edt si vzru\u0161en\u00ed z p\u0159edn\u00ed italsk\u00e9 loterie. Online hran\u00ed eliminuje geografick\u00e9 bari\u00e9ry, co\u017e umo\u017e\u0148uje mezin\u00e1rodn\u00edm hr\u00e1\u010d\u016fm \u00fa\u010dastnit se jedn\u00e9 z nejvzru\u0161iv\u011bj\u0161\u00edch loterijn\u00edch her v Evrop\u011b.<\/p>\n<h2>Jak koupit tipy SuperEnalotto online?<\/h2>\n<p><strong>N\u00e1kup tip\u016f SuperEnalotto online vy\u017eaduje pou\u017eit\u00ed va\u0161\u00ed preferovan\u00e9 online platebn\u00ed metody prost\u0159ednictv\u00edm bezpe\u010dn\u00e9 platformy LottoMat<\/strong>. V\u0161echny tipy jsou snadno dostupn\u00e9 na webov\u00e9 str\u00e1nce LottoMat, co\u017e zaji\u0161\u0165uje, \u017ee nikdy neprop\u00e1snete p\u0159\u00edle\u017eitost k losov\u00e1n\u00ed. <strong>Garantujeme autenticitu va\u0161ich z\u00e1pis\u016f skenov\u00e1n\u00edm origin\u00e1ln\u00edch tip\u016f zakoupen\u00fdch na\u0161imi licencovan\u00fdmi agenty p\u0159\u00edmo v It\u00e1lii<\/strong>. Tento proces zaji\u0161\u0165uje, \u017ee va\u0161e <a href=\"https:\/\/lottomat.com\/cs\/hrat\/\">online loterijn\u00ed tipy<\/a> jsou podlo\u017eeny skute\u010dn\u00fdmi, fyzick\u00fdmi loterijn\u00edmi tipy zakoupen\u00fdmi od autorizovan\u00fdch italsk\u00fdch prodejc\u016f. Digit\u00e1ln\u00ed kopie va\u0161ich tip\u016f jsou bezpe\u010dn\u011b ulo\u017eeny na va\u0161em \u00fa\u010dtu, co\u017e poskytuje \u00faplnou transparentnost a bezpe\u010dnost pro va\u0161e loterijn\u00ed investice. Tento syst\u00e9m kombinuje pohodl\u00ed online hran\u00ed se spolehlivost\u00ed tradi\u010dn\u00edho n\u00e1kupu tip\u016f.<\/p>\n<h2><img loading=\"lazy\" decoding=\"async\" class=\"wp-image-252614 alignleft\" src=\"https:\/\/lottomat.com\/wp-content\/uploads\/2025\/10\/SuperEnalotto-online-300x300.webp\" alt=\"SuperEnalotto online\" width=\"200\" height=\"200\" srcset=\"https:\/\/lottomat.com\/wp-content\/uploads\/2025\/10\/SuperEnalotto-online-300x300.webp 300w, https:\/\/lottomat.com\/wp-content\/uploads\/2025\/10\/SuperEnalotto-online-150x150.webp 150w, https:\/\/lottomat.com\/wp-content\/uploads\/2025\/10\/SuperEnalotto-online-100x100.webp 100w, https:\/\/lottomat.com\/wp-content\/uploads\/2025\/10\/SuperEnalotto-online.webp 400w\" sizes=\"auto, (max-width: 200px) 100vw, 200px\" \/>M\u016f\u017eete koupit v\u00edce tip\u016f SuperEnalotto?<\/h2>\n<p><strong>Ano, m\u016f\u017eete v\u00fdrazn\u011b zv\u00fd\u0161it sv\u00e9 \u0161ance na v\u00fdhru n\u00e1kupem v\u00edce tip\u016f SuperEnalotto v jedn\u00e9 transakci<\/strong>. LottoMat nab\u00edz\u00ed pohodlnou mo\u017enost &#8222;v\u00edce \u0159\u00e1dk\u016f&#8220;, kter\u00e1 v\u00e1m umo\u017e\u0148uje koupit a\u017e 20 tip\u016f SuperEnalotto najednou. Tato funkce je ide\u00e1ln\u00ed pro hr\u00e1\u010de, kte\u0159\u00ed cht\u011bj\u00ed maximalizovat sv\u016fj v\u00fdhern\u00ed potenci\u00e1l, nebo pro loterijn\u00ed syndik\u00e1ty hledaj\u00edc\u00ed sdru\u017een\u00ed sv\u00fdch zdroj\u016f. <strong>N\u00e1kup v\u00edce tip\u016f nejen zvy\u0161uje va\u0161e \u0161ance, ale tak\u00e9 usnad\u0148uje spr\u00e1vu va\u0161ich loterijn\u00edch z\u00e1pis\u016f<\/strong> v jedn\u00e9 jednoduch\u00e9 transakci.<\/p>\n<h2>M\u016f\u017eete koupit tipy SuperEnalotto na v\u00edce losov\u00e1n\u00ed?<\/h2>\n<p><strong>Samoz\u0159ejm\u011b! LottoMat v\u00e1m umo\u017e\u0148uje zakoupit tipy SuperEnalotto a\u017e na 8 po sob\u011b jdouc\u00edch losov\u00e1n\u00ed<\/strong>, co\u017e zaji\u0161\u0165uje, \u017ee nikdy neprop\u00e1snete p\u0159\u00edle\u017eitost vyhr\u00e1t. Tato mo\u017enost n\u00e1kupu dop\u0159edu je ide\u00e1ln\u00ed pro zanepr\u00e1zdn\u011bn\u00e9 hr\u00e1\u010de, kte\u0159\u00ed cht\u011bj\u00ed udr\u017eovat konzistentn\u00ed \u00fa\u010dast, ani\u017e by si museli pamatovat na n\u00e1kup tip\u016f p\u0159ed ka\u017ed\u00fdm losov\u00e1n\u00edm. <strong>Hran\u00ed v\u00edce losov\u00e1n\u00ed se stejn\u00fdmi \u010d\u00edsly m\u016f\u017ee b\u00fdt sou\u010d\u00e1st\u00ed dlouhodob\u00e9 loterijn\u00ed strategie<\/strong> a mnoho hr\u00e1\u010d\u016f d\u00e1v\u00e1 p\u0159ednost tomuto p\u0159\u00edstupu kv\u016fli pohodl\u00ed a konzistenci.<\/p>\n<h2>Jak\u00e1 je cena tip\u016f SuperEnalotto online?<img loading=\"lazy\" decoding=\"async\" class=\"alignright wp-image-252644\" src=\"https:\/\/lottomat.com\/wp-content\/uploads\/2025\/10\/SuperEnalotto-tickets-300x300.webp\" alt=\"SuperEnalotto tipy\" width=\"200\" height=\"200\" srcset=\"https:\/\/lottomat.com\/wp-content\/uploads\/2025\/10\/SuperEnalotto-tickets-300x300.webp 300w, https:\/\/lottomat.com\/wp-content\/uploads\/2025\/10\/SuperEnalotto-tickets-150x150.webp 150w, https:\/\/lottomat.com\/wp-content\/uploads\/2025\/10\/SuperEnalotto-tickets-100x100.webp 100w, https:\/\/lottomat.com\/wp-content\/uploads\/2025\/10\/SuperEnalotto-tickets.webp 400w\" sizes=\"auto, (max-width: 200px) 100vw, 200px\" \/><\/h2>\n<p><strong>Po v\u00fdb\u011bru po\u017eadovan\u00e9ho po\u010dtu \u0159\u00e1dk\u016f na LottoMat n\u00e1\u0161 automatizovan\u00fd kalkul\u00e1tor okam\u017eit\u011b vypo\u010d\u00edt\u00e1 celkov\u00e9 n\u00e1klady va\u0161ich tip\u016f SuperEnalotto<\/strong>. Ceny jsou transparentn\u00ed a jasn\u011b zobrazen\u00e9 p\u0159ed dokon\u010den\u00edm n\u00e1kupu, co\u017e zaji\u0161\u0165uje, \u017ee neexistuj\u00ed \u017e\u00e1dn\u00e9 skryt\u00e9 poplatky nebo p\u0159ekvapen\u00ed. <strong>N\u00e1\u0161 cenov\u00fd syst\u00e9m bere v \u00favahu po\u010det \u0159\u00e1dk\u016f, losov\u00e1n\u00ed a jak\u00e9koli dal\u0161\u00ed mo\u017enosti, kter\u00e9 jste vybrali<\/strong>, a poskytuje v\u00e1m komplexn\u00ed rozpis va\u0161\u00ed loterijn\u00ed investice. Tato funkce automatick\u00e9ho v\u00fdpo\u010dtu \u010din\u00ed rozpo\u010dtov\u00e1n\u00ed pro va\u0161e hran\u00ed loterie jednoduch\u00e9 a p\u0159\u00edmo\u010dar\u00e9.<\/p>\n<h2>Jak\u00e9 jsou nejlep\u0161\u00ed tipy pro hran\u00ed SuperEnalotto online?<\/h2>\n<p><strong>\u00dasp\u011b\u0161n\u00e9 hran\u00ed SuperEnalotto kombinuje strategii s odpov\u011bdn\u00fdmi hern\u00edmi praktikami<\/strong>. Zva\u017ete pou\u017eit\u00ed sm\u011bsi \u010dasto losovan\u00fdch &#8222;hork\u00fdch&#8220; \u010d\u00edsel a m\u00e9n\u011b b\u011b\u017en\u00fdch &#8222;studen\u00fdch&#8220; \u010d\u00edsel, i kdy\u017e pamatujte, \u017ee ka\u017ed\u00e9 losov\u00e1n\u00ed je nez\u00e1visl\u00e9 a n\u00e1hodn\u00e9. <strong>Syst\u00e9mov\u00e9 z\u00e1znamy mohou zv\u00fd\u0161it va\u0161e \u0161ance na v\u00fdhru pokryt\u00edm v\u00edce \u010d\u00edseln\u00fdch kombinac\u00ed<\/strong>, zat\u00edmco konzistentn\u00ed hran\u00ed se stejn\u00fdmi \u010d\u00edsly oslovuje mnoho oddan\u00fdch hr\u00e1\u010d\u016f. Stanovte si pohodln\u00fd rozpo\u010det a dr\u017ete se ho, pova\u017eujte hran\u00ed loterie sp\u00ed\u0161e za z\u00e1bavu ne\u017e za investi\u010dn\u00ed strategii. <strong>Vyu\u017eijte mo\u017enosti v\u00edce losov\u00e1n\u00ed k udr\u017een\u00ed konzistence<\/strong> a zva\u017ete p\u0159ipojen\u00ed nebo zalo\u017een\u00ed syndik\u00e1tu ke sdru\u017een\u00ed zdroj\u016f a zv\u00fd\u0161en\u00ed kolektivn\u00edch \u0161anc\u00ed va\u0161\u00ed skupiny. Mnoho \u00fasp\u011b\u0161n\u00fdch hr\u00e1\u010d\u016f sleduje <a href=\"https:\/\/lottomat.com\/cs\/vysledky\/superenalotto\/\">v\u00fdsledky losov\u00e1n\u00ed SuperEnalotto<\/a> a vzorce, i kdy\u017e je d\u016fle\u017eit\u00e9 pamatovat, \u017ee loterijn\u00ed hry jsou nakonec zalo\u017eeny na n\u00e1hod\u011b. <strong>Kl\u00ed\u010dem je hr\u00e1t zodpov\u011bdn\u011b a z\u00e1rove\u0148 maximalizovat sv\u00e9 pot\u011b\u0161en\u00ed z t\u00e9to vzru\u0161uj\u00edc\u00ed italsk\u00e9 loterie<\/strong>.<\/p>\n<h2>Stoj\u00ed za to hr\u00e1t SuperEnalotto online?<\/h2>\n<p><strong>Hran\u00ed SuperEnalotto online nab\u00edz\u00ed v\u00fdjime\u010dnou hodnotu pro nad\u0161ence loter\u00ed\u00ed hledaj\u00edc\u00ed co nejv\u011bt\u0161\u00ed jackpoty v Evrop\u011b<\/strong>. Pohodl\u00ed online hran\u00ed v kombinaci s neomezen\u00fdm potenci\u00e1lem jackpotu SuperEnalotto z n\u011bj \u010din\u00ed atraktivn\u00ed mo\u017enost pro v\u00e1\u017en\u00e9 hr\u00e1\u010de loter\u00ed\u00ed. <strong>Mo\u017enost \u00fa\u010dastnit se odkudkoli na sv\u011bt\u011b, kdykoli, bez geografick\u00fdch omezen\u00ed p\u0159id\u00e1v\u00e1 obrovskou hodnotu<\/strong>. Se t\u0159emi losov\u00e1n\u00edmi t\u00fddn\u011b a n\u011bkter\u00fdmi z nejv\u011bt\u0161\u00edch cen v loterijn\u00ed historii poskytuje SuperEnalotto v\u00edce p\u0159\u00edle\u017eitost\u00ed a v\u011bt\u0161\u00ed potenci\u00e1ln\u00ed odm\u011bny ne\u017e mnoho jin\u00fdch evropsk\u00fdch loter\u00ed\u00ed. <strong>Kombinace dostupnosti, bezpe\u010dnosti a masivn\u00edho potenci\u00e1lu v\u00fdher \u010din\u00ed online hran\u00ed SuperEnalotto hodnotnou volbou pro oddan\u00e9 hr\u00e1\u010de loter\u00ed\u00ed<\/strong>. P\u0159e\u010dt\u011bte si v\u00edce o <a href=\"https:\/\/lottomat.com\/cs\/loterie\/superenalotto\/\">cen\u00e1ch a jackpotu SuperEnalotto<\/a> na na\u0161\u00ed webov\u00e9 str\u00e1nce.<\/p>\n<h2>Jsou tipy SuperEnalotto zakoupen\u00e9 online prost\u0159ednictv\u00edm LottoMat bezpe\u010dn\u00e9?<\/h2>\n<p><strong>Ano, tipy SuperEnalotto zakoupen\u00e9 prost\u0159ednictv\u00edm LottoMat jsou zcela bezpe\u010dn\u00e9<\/strong>. Garantujeme bezpe\u010dn\u00e9 ulo\u017een\u00ed a spr\u00e1vu v\u0161ech va\u0161ich loterijn\u00edch tip\u016f prost\u0159ednictv\u00edm na\u0161eho pokro\u010dil\u00e9ho digit\u00e1ln\u00edho syst\u00e9mu. <strong>Ka\u017ed\u00fd tip je profesion\u00e1ln\u011b naskenov\u00e1n a ulo\u017een na va\u0161em osobn\u00edm \u00fa\u010dtu<\/strong>, co\u017e v\u00e1m poskytuje trval\u00fd p\u0159\u00edstup k va\u0161im z\u00e1pis\u016fm a eliminuje jak\u00e9koli riziko ztracen\u00fdch nebo po\u0161kozen\u00fdch fyzick\u00fdch tip\u016f. Na\u0161i licencovan\u00ed agenti nakupuj\u00ed origin\u00e1ln\u00ed tipy p\u0159\u00edmo od autorizovan\u00fdch italsk\u00fdch prodejc\u016f, co\u017e zaji\u0161\u0165uje \u00faplnou autenticitu a legitimitu. <strong>Bezpe\u010dnostn\u00ed opat\u0159en\u00ed LottoMat zahrnuj\u00ed \u0161ifrovan\u00e9 transakce, bezpe\u010dn\u00e9 ulo\u017een\u00ed dat a pln\u00e9 dodr\u017eov\u00e1n\u00ed p\u0159edpis\u016f<\/strong>, co\u017e v\u00e1m poskytuje klid, \u017ee va\u0161e loterijn\u00ed investice jsou chr\u00e1n\u011bny. Va\u0161e v\u00fdhry jsou zaru\u010deny a automaticky p\u0159ips\u00e1ny na v\u00e1\u0161 \u00fa\u010det, co\u017e \u010din\u00ed cel\u00fd proces transparentn\u00edm a d\u016fv\u011bryhodn\u00fdm.<\/p>\n","protected":false},"excerpt":{"rendered":"<p>Co je SuperEnalotto? SuperEnalotto je nejobl\u00edben\u011bj\u0161\u00ed a nejpresti\u017en\u011bj\u0161\u00ed loterijn\u00ed hra It\u00e1lie, proslul\u00e1 nab\u00eddkou n\u011bkter\u00fdch z nejv\u011bt\u0161\u00edch jackpot\u016f v evropsk\u00e9 loterijn\u00ed historii. Tato ikonick\u00e1 italsk\u00e1 loterie fascinuje hr\u00e1\u010de od roku 1997 sv\u00fdm jedine\u010dn\u00fdm form\u00e1tem a v\u00fdjime\u010dn\u00fdm potenci\u00e1lem v\u00fdher. Losov\u00e1n\u00ed SuperEnalotto se konaj\u00ed t\u0159ikr\u00e1t t\u00fddn\u011b &#8211; v \u00fater\u00fd, ve \u010dtvrtek a v sobotu &#8211; co\u017e d\u00e1v\u00e1 hr\u00e1\u010d\u016fm [&hellip;]<\/p>\n","protected":false},"author":1,"featured_media":0,"parent":6763,"menu_order":5,"comment_status":"closed","ping_status":"closed","template":"superenalotto.php","meta":{"_et_pb_use_builder":"","_et_pb_old_content":"","_et_gb_content_width":"","exclude_from_search":false,"footnotes":""},"class_list":["post-9445","page","type-page","status-publish","hentry"],"yoast_head":"<!-- This site is optimized with the Yoast SEO plugin v23.8 - https:\/\/yoast.com\/wordpress\/plugins\/seo\/ -->\n<title>SuperEnalotto Online - SuperEnalotto Tipy - LottoMat<\/title>\n<meta name=\"description\" content=\"Hrajte italsk\u00fd SuperEnalotto online a vyhrajte jm\u011bn\u00ed! Kupte si SuperEnalotto tipy na LottoMat a \u00fa\u010dastn\u011bte se p\u0159\u00ed\u0161t\u00edho losov\u00e1n\u00ed italsk\u00e9ho lota.\" \/>\n<meta name=\"robots\" content=\"index, follow, max-snippet:-1, max-image-preview:large, max-video-preview:-1\" \/>\n<link rel=\"canonical\" href=\"https:\/\/lottomat.com\/cs\/hrat\/superenalotto\/\" \/>\n<meta property=\"og:locale\" content=\"cs_CZ\" \/>\n<meta property=\"og:type\" content=\"article\" \/>\n<meta property=\"og:title\" content=\"SuperEnalotto Online - SuperEnalotto Tipy - LottoMat\" \/>\n<meta property=\"og:description\" content=\"Hrajte italsk\u00fd SuperEnalotto online a vyhrajte jm\u011bn\u00ed! Kupte si SuperEnalotto tipy na LottoMat a \u00fa\u010dastn\u011bte se p\u0159\u00ed\u0161t\u00edho losov\u00e1n\u00ed italsk\u00e9ho lota.\" \/>\n<meta property=\"og:url\" content=\"https:\/\/lottomat.com\/cs\/hrat\/superenalotto\/\" \/>\n<meta property=\"og:site_name\" content=\"Lottomat\" \/>\n<meta property=\"article:modified_time\" content=\"2026-02-05T10:24:43+00:00\" \/>\n<meta property=\"og:image\" content=\"https:\/\/lottomat.com\/wp-content\/uploads\/2025\/10\/Italian-lottery-online-300x300.webp\" \/>\n<meta name=\"twitter:card\" content=\"summary_large_image\" \/>\n<meta name=\"twitter:label1\" content=\"Odhadovan\u00e1 doba \u010dten\u00ed\" \/>\n\t<meta name=\"twitter:data1\" content=\"5 minut\" \/>\n<script type=\"application\/ld+json\" class=\"yoast-schema-graph\">{\"@context\":\"https:\/\/schema.org\",\"@graph\":[{\"@type\":\"WebPage\",\"@id\":\"https:\/\/lottomat.com\/cs\/hrat\/superenalotto\/\",\"url\":\"https:\/\/lottomat.com\/cs\/hrat\/superenalotto\/\",\"name\":\"SuperEnalotto Online - SuperEnalotto Tipy - LottoMat\",\"isPartOf\":{\"@id\":\"https:\/\/lottomat.com\/cs\/#website\"},\"primaryImageOfPage\":{\"@id\":\"https:\/\/lottomat.com\/cs\/hrat\/superenalotto\/#primaryimage\"},\"image\":{\"@id\":\"https:\/\/lottomat.com\/cs\/hrat\/superenalotto\/#primaryimage\"},\"thumbnailUrl\":\"https:\/\/lottomat.com\/wp-content\/uploads\/2025\/10\/Italian-lottery-online-300x300.webp\",\"datePublished\":\"2025-03-26T08:35:10+00:00\",\"dateModified\":\"2026-02-05T10:24:43+00:00\",\"description\":\"Hrajte italsk\u00fd SuperEnalotto online a vyhrajte jm\u011bn\u00ed! Kupte si SuperEnalotto tipy na LottoMat a \u00fa\u010dastn\u011bte se p\u0159\u00ed\u0161t\u00edho losov\u00e1n\u00ed italsk\u00e9ho lota.\",\"breadcrumb\":{\"@id\":\"https:\/\/lottomat.com\/cs\/hrat\/superenalotto\/#breadcrumb\"},\"inLanguage\":\"cs\",\"potentialAction\":[{\"@type\":\"ReadAction\",\"target\":[\"https:\/\/lottomat.com\/cs\/hrat\/superenalotto\/\"]}]},{\"@type\":\"ImageObject\",\"inLanguage\":\"cs\",\"@id\":\"https:\/\/lottomat.com\/cs\/hrat\/superenalotto\/#primaryimage\",\"url\":\"https:\/\/lottomat.com\/wp-content\/uploads\/2025\/10\/Italian-lottery-online-300x300.webp\",\"contentUrl\":\"https:\/\/lottomat.com\/wp-content\/uploads\/2025\/10\/Italian-lottery-online-300x300.webp\"},{\"@type\":\"BreadcrumbList\",\"@id\":\"https:\/\/lottomat.com\/cs\/hrat\/superenalotto\/#breadcrumb\",\"itemListElement\":[{\"@type\":\"ListItem\",\"position\":1,\"name\":\"Home\",\"item\":\"https:\/\/lottomat.com\/cs\/\"},{\"@type\":\"ListItem\",\"position\":2,\"name\":\"Hr\u00e1t loterii\",\"item\":\"https:\/\/lottomat.com\/cs\/hrat\/\"},{\"@type\":\"ListItem\",\"position\":3,\"name\":\"SuperEnalotto Online &#8211; SuperEnalotto Tipy\"}]},{\"@type\":\"WebSite\",\"@id\":\"https:\/\/lottomat.com\/cs\/#website\",\"url\":\"https:\/\/lottomat.com\/cs\/\",\"name\":\"Lottomat\",\"description\":\"\",\"potentialAction\":[{\"@type\":\"SearchAction\",\"target\":{\"@type\":\"EntryPoint\",\"urlTemplate\":\"https:\/\/lottomat.com\/cs\/?s={search_term_string}\"},\"query-input\":{\"@type\":\"PropertyValueSpecification\",\"valueRequired\":true,\"valueName\":\"search_term_string\"}}],\"inLanguage\":\"cs\"}]}<\/script>\n<!-- \/ Yoast SEO plugin. -->","yoast_head_json":{"title":"SuperEnalotto Online - SuperEnalotto Tipy - LottoMat","description":"Hrajte italsk\u00fd SuperEnalotto online a vyhrajte jm\u011bn\u00ed! Kupte si SuperEnalotto tipy na LottoMat a \u00fa\u010dastn\u011bte se p\u0159\u00ed\u0161t\u00edho losov\u00e1n\u00ed italsk\u00e9ho lota.","robots":{"index":"index","follow":"follow","max-snippet":"max-snippet:-1","max-image-preview":"max-image-preview:large","max-video-preview":"max-video-preview:-1"},"canonical":"https:\/\/lottomat.com\/cs\/hrat\/superenalotto\/","og_locale":"cs_CZ","og_type":"article","og_title":"SuperEnalotto Online - SuperEnalotto Tipy - LottoMat","og_description":"Hrajte italsk\u00fd SuperEnalotto online a vyhrajte jm\u011bn\u00ed! Kupte si SuperEnalotto tipy na LottoMat a \u00fa\u010dastn\u011bte se p\u0159\u00ed\u0161t\u00edho losov\u00e1n\u00ed italsk\u00e9ho lota.","og_url":"https:\/\/lottomat.com\/cs\/hrat\/superenalotto\/","og_site_name":"Lottomat","article_modified_time":"2026-02-05T10:24:43+00:00","og_image":[{"url":"https:\/\/lottomat.com\/wp-content\/uploads\/2025\/10\/Italian-lottery-online-300x300.webp"}],"twitter_card":"summary_large_image","twitter_misc":{"Odhadovan\u00e1 doba \u010dten\u00ed":"5 minut"},"schema":{"@context":"https:\/\/schema.org","@graph":[{"@type":"WebPage","@id":"https:\/\/lottomat.com\/cs\/hrat\/superenalotto\/","url":"https:\/\/lottomat.com\/cs\/hrat\/superenalotto\/","name":"SuperEnalotto Online - SuperEnalotto Tipy - LottoMat","isPartOf":{"@id":"https:\/\/lottomat.com\/cs\/#website"},"primaryImageOfPage":{"@id":"https:\/\/lottomat.com\/cs\/hrat\/superenalotto\/#primaryimage"},"image":{"@id":"https:\/\/lottomat.com\/cs\/hrat\/superenalotto\/#primaryimage"},"thumbnailUrl":"https:\/\/lottomat.com\/wp-content\/uploads\/2025\/10\/Italian-lottery-online-300x300.webp","datePublished":"2025-03-26T08:35:10+00:00","dateModified":"2026-02-05T10:24:43+00:00","description":"Hrajte italsk\u00fd SuperEnalotto online a vyhrajte jm\u011bn\u00ed! Kupte si SuperEnalotto tipy na LottoMat a \u00fa\u010dastn\u011bte se p\u0159\u00ed\u0161t\u00edho losov\u00e1n\u00ed italsk\u00e9ho lota.","breadcrumb":{"@id":"https:\/\/lottomat.com\/cs\/hrat\/superenalotto\/#breadcrumb"},"inLanguage":"cs","potentialAction":[{"@type":"ReadAction","target":["https:\/\/lottomat.com\/cs\/hrat\/superenalotto\/"]}]},{"@type":"ImageObject","inLanguage":"cs","@id":"https:\/\/lottomat.com\/cs\/hrat\/superenalotto\/#primaryimage","url":"https:\/\/lottomat.com\/wp-content\/uploads\/2025\/10\/Italian-lottery-online-300x300.webp","contentUrl":"https:\/\/lottomat.com\/wp-content\/uploads\/2025\/10\/Italian-lottery-online-300x300.webp"},{"@type":"BreadcrumbList","@id":"https:\/\/lottomat.com\/cs\/hrat\/superenalotto\/#breadcrumb","itemListElement":[{"@type":"ListItem","position":1,"name":"Home","item":"https:\/\/lottomat.com\/cs\/"},{"@type":"ListItem","position":2,"name":"Hr\u00e1t loterii","item":"https:\/\/lottomat.com\/cs\/hrat\/"},{"@type":"ListItem","position":3,"name":"SuperEnalotto Online &#8211; SuperEnalotto Tipy"}]},{"@type":"WebSite","@id":"https:\/\/lottomat.com\/cs\/#website","url":"https:\/\/lottomat.com\/cs\/","name":"Lottomat","description":"","potentialAction":[{"@type":"SearchAction","target":{"@type":"EntryPoint","urlTemplate":"https:\/\/lottomat.com\/cs\/?s={search_term_string}"},"query-input":{"@type":"PropertyValueSpecification","valueRequired":true,"valueName":"search_term_string"}}],"inLanguage":"cs"}]}},"_links":{"self":[{"href":"https:\/\/lottomat.com\/cs\/wp-json\/wp\/v2\/pages\/9445","targetHints":{"allow":["GET"]}}],"collection":[{"href":"https:\/\/lottomat.com\/cs\/wp-json\/wp\/v2\/pages"}],"about":[{"href":"https:\/\/lottomat.com\/cs\/wp-json\/wp\/v2\/types\/page"}],"author":[{"embeddable":true,"href":"https:\/\/lottomat.com\/cs\/wp-json\/wp\/v2\/users\/1"}],"replies":[{"embeddable":true,"href":"https:\/\/lottomat.com\/cs\/wp-json\/wp\/v2\/comments?post=9445"}],"version-history":[{"count":3,"href":"https:\/\/lottomat.com\/cs\/wp-json\/wp\/v2\/pages\/9445\/revisions"}],"predecessor-version":[{"id":270412,"href":"https:\/\/lottomat.com\/cs\/wp-json\/wp\/v2\/pages\/9445\/revisions\/270412"}],"up":[{"embeddable":true,"href":"https:\/\/lottomat.com\/cs\/wp-json\/wp\/v2\/pages\/6763"}],"wp:attachment":[{"href":"https:\/\/lottomat.com\/cs\/wp-json\/wp\/v2\/media?parent=9445"}],"curies":[{"name":"wp","href":"https:\/\/api.w.org\/{rel}","templated":true}]}}