{"id":8578,"date":"2025-03-26T07:54:05","date_gmt":"2025-03-26T07:54:05","guid":{"rendered":"https:\/\/lottomat.net\/hrat-loterii\/hrat-mega-millions-online\/"},"modified":"2026-02-04T17:02:12","modified_gmt":"2026-02-04T17:02:12","slug":"megamillions","status":"publish","type":"page","link":"https:\/\/lottomat.com\/cs\/hrat\/megamillions\/","title":{"rendered":"Hr\u00e1t Mega Millions online \u2013 Mega Millions tikety"},"content":{"rendered":"\n\n<div class=\"kk-star-ratings kksr-auto kksr-align-left kksr-valign-top\"\n    data-payload='{&quot;align&quot;:&quot;left&quot;,&quot;id&quot;:&quot;8578&quot;,&quot;slug&quot;:&quot;default&quot;,&quot;valign&quot;:&quot;top&quot;,&quot;ignore&quot;:&quot;&quot;,&quot;reference&quot;:&quot;auto&quot;,&quot;class&quot;:&quot;&quot;,&quot;count&quot;:&quot;0&quot;,&quot;legendonly&quot;:&quot;&quot;,&quot;readonly&quot;:&quot;&quot;,&quot;score&quot;:&quot;0&quot;,&quot;starsonly&quot;:&quot;&quot;,&quot;best&quot;:&quot;5&quot;,&quot;gap&quot;:&quot;5&quot;,&quot;greet&quot;:&quot;Rate this page&quot;,&quot;legend&quot;:&quot;0\\\/5 - (0 votes)&quot;,&quot;size&quot;:&quot;30&quot;,&quot;title&quot;:&quot;Hr\u00e1t Mega Millions online \u2013 Mega Millions tikety&quot;,&quot;width&quot;:&quot;0&quot;,&quot;_legend&quot;:&quot;{score}\\\/{best} - ({count} {votes})&quot;,&quot;font_factor&quot;:&quot;1.25&quot;}'>\n            \n<div class=\"kksr-stars\">\n    \n<div class=\"kksr-stars-inactive\">\n            <div class=\"kksr-star\" data-star=\"1\" style=\"padding-right: 5px\">\n            \n\n<div class=\"kksr-icon\" style=\"width: 30px; height: 30px;\"><\/div>\n        <\/div>\n            <div class=\"kksr-star\" data-star=\"2\" style=\"padding-right: 5px\">\n            \n\n<div class=\"kksr-icon\" style=\"width: 30px; height: 30px;\"><\/div>\n        <\/div>\n            <div class=\"kksr-star\" data-star=\"3\" style=\"padding-right: 5px\">\n            \n\n<div class=\"kksr-icon\" style=\"width: 30px; height: 30px;\"><\/div>\n        <\/div>\n            <div class=\"kksr-star\" data-star=\"4\" style=\"padding-right: 5px\">\n            \n\n<div class=\"kksr-icon\" style=\"width: 30px; height: 30px;\"><\/div>\n        <\/div>\n            <div class=\"kksr-star\" data-star=\"5\" style=\"padding-right: 5px\">\n            \n\n<div class=\"kksr-icon\" style=\"width: 30px; height: 30px;\"><\/div>\n        <\/div>\n    <\/div>\n    \n<div class=\"kksr-stars-active\" style=\"width: 0px;\">\n            <div class=\"kksr-star\" style=\"padding-right: 5px\">\n            \n\n<div class=\"kksr-icon\" style=\"width: 30px; height: 30px;\"><\/div>\n        <\/div>\n            <div class=\"kksr-star\" style=\"padding-right: 5px\">\n            \n\n<div class=\"kksr-icon\" style=\"width: 30px; height: 30px;\"><\/div>\n        <\/div>\n            <div class=\"kksr-star\" style=\"padding-right: 5px\">\n            \n\n<div class=\"kksr-icon\" style=\"width: 30px; height: 30px;\"><\/div>\n        <\/div>\n            <div class=\"kksr-star\" style=\"padding-right: 5px\">\n            \n\n<div class=\"kksr-icon\" style=\"width: 30px; height: 30px;\"><\/div>\n        <\/div>\n            <div class=\"kksr-star\" style=\"padding-right: 5px\">\n            \n\n<div class=\"kksr-icon\" style=\"width: 30px; height: 30px;\"><\/div>\n        <\/div>\n    <\/div>\n<\/div>\n                \n\n<div class=\"kksr-legend\" style=\"font-size: 24px;\">\n            <span class=\"kksr-muted\">Rate this page<\/span>\n    <\/div>\n    <\/div>\n<h2>Jak funguje loterie Mega Millions?<\/h2>\n<p>Online loterie Mega Millions je jednoduch\u00e1 \u010d\u00edseln\u00e1 hra s jednoduch\u00fdmi pravidly, kter\u00e1 se snadno pamatuj\u00ed. \u00dakolem ka\u017ed\u00e9ho hr\u00e1\u010de je vybrat p\u011bt hlavn\u00edch \u010d\u00edsel v rozsahu od 1 do 70 a zvolit Mega Ball, co\u017e je unik\u00e1tn\u00ed bonusov\u00e9 \u010d\u00edslo v rozsahu od 1 do 24. Hlavn\u00ed cena je ur\u010dena pro v\u00fdherce, jeho\u017e tiket obsahuje v\u0161ech \u0161est vylosovan\u00fdch \u010d\u00edsel, kter\u00e1 se skl\u00e1daj\u00ed z p\u011bti hlavn\u00edch \u010d\u00edsel a jednoho bonusov\u00e9ho \u010d\u00edsla. Stoj\u00ed za zm\u00ednku, \u017ee <strong>Mega Millions je loterie, kter\u00e1 m\u00e1 a\u017e dev\u011bt cenov\u00fdch \u00farovn\u00ed<\/strong>, na kter\u00fdch m\u016f\u017ee ka\u017ed\u00fd hr\u00e1\u010d z\u00edskat pen\u011b\u017en\u00ed odm\u011bnu. Co je d\u016fle\u017eit\u011bj\u0161\u00ed, tiket Mega Millions se spr\u00e1vn\u011b zvolen\u00fdm pouze Mega Ball tak\u00e9 vyhr\u00e1v\u00e1. Jak jsme popsali v\u00fd\u0161e, Mega Millions je loterie, kter\u00e1 d\u00e1v\u00e1 skute\u010dn\u011b skv\u011bl\u00e9 \u0161ance vyhr\u00e1t miliony dolar\u016f. P\u0159e\u010dt\u011bte si <a href=\"https:\/\/lottomat.com\/cs\/loterie\/megamillions\/\">v\u00edce o pravidlech Mega Millions<\/a> na na\u0161ich webov\u00fdch str\u00e1nk\u00e1ch a dozv\u00edte se v\u00edce.<\/p>\n<h2><img loading=\"lazy\" decoding=\"async\" class=\"alignleft wp-image-251833\" src=\"https:\/\/lottomat.com\/wp-content\/uploads\/2025\/10\/play-Mega-Millions.webp\" alt=\"hr\u00e1t Mega Millions\" width=\"200\" height=\"200\" srcset=\"https:\/\/lottomat.com\/wp-content\/uploads\/2025\/10\/play-Mega-Millions.webp 400w, https:\/\/lottomat.com\/wp-content\/uploads\/2025\/10\/play-Mega-Millions-300x300.webp 300w, https:\/\/lottomat.com\/wp-content\/uploads\/2025\/10\/play-Mega-Millions-150x150.webp 150w, https:\/\/lottomat.com\/wp-content\/uploads\/2025\/10\/play-Mega-Millions-100x100.webp 100w\" sizes=\"auto, (max-width: 200px) 100vw, 200px\" \/>Kolik m\u016f\u017eete vyhr\u00e1t d\u00edky Mega Millions online?<\/h2>\n<p>Spr\u00e1vn\u00e9 zvolen\u00ed v\u0161ech \u010d\u00edsel, kter\u00e1 jsou vylosov\u00e1na, zaru\u010duje v\u00fdhru hlavn\u00ed ceny nebo jej\u00ed pod\u00edl, pokud je v\u00edce ne\u017e jeden v\u00fdherce. Pokud n\u011bkolik hr\u00e1\u010d\u016f vybere v\u0161echna vylosovan\u00e1 loteriov\u00e1 \u010d\u00edsla, pak je hlavn\u00ed pen\u011b\u017en\u00ed cena rozd\u011blena pom\u011brn\u011b mezi v\u0161echny sout\u011b\u017e\u00edc\u00ed. Pokud tref\u00edte p\u011bt hlavn\u00edch \u010d\u00edsel, ale netref\u00edte Mega Ball, obdr\u017e\u00edte <strong>zaru\u010denou cenu 1 000 000 $<\/strong> (to je spr\u00e1vn\u011b, nem\u00e1te halucinace; mluv\u00edme o jednom milionu dolar\u016f za p\u011bt spr\u00e1vn\u011b uhodnut\u00fdch \u010d\u00edsel!). Mega Millions je loterie s \u010dast\u00fdmi jackpoty, kter\u00e9 mohou nar\u016fst na nep\u0159edstaviteln\u00e9 sumy pen\u011bz, tak\u017ee v\u00fdhern\u00ed tikety t\u00e9to loterie poskytuj\u00ed v\u00fdherc\u016fm velmi zna\u010dn\u00e9 v\u00fdd\u011blky. Mega Millions nab\u00edz\u00ed hr\u00e1\u010d\u016fm dv\u011b zaj\u00edmav\u00e9 mo\u017enosti. Bohu\u017eel tyto extra mo\u017enosti, v\u010detn\u011b mo\u017enosti zakoupit levn\u011bj\u0161\u00ed tiket pouze na jackpot a n\u00e1sobit v\u00fdhry z ni\u017e\u0161\u00edch \u00farovn\u00ed hry, jsou dostupn\u00e9 pouze ob\u010dan\u016fm konkr\u00e9tn\u00edch americk\u00fdch st\u00e1t\u016f; hlavn\u00ed cena a jej\u00ed ni\u017e\u0161\u00ed \u00farovn\u011b jsou v\u0161ak dostupn\u00e9 v\u0161em ostatn\u00edm hr\u00e1\u010d\u016fm.<\/p>\n<h2>Jak\u00e1 je cena tiketu online loterie Mega Millions?<\/h2>\n<p>Pro kontrolu ceny jednoho tiketu nebo v\u011bt\u0161\u00edho mno\u017estv\u00ed pou\u017eijte webov\u00e9 str\u00e1nky LottoMat a pou\u017eijte mo\u017enost v\u00fdb\u011bru v\u00fdhern\u00edch \u010d\u00edsel. Po vypln\u011bn\u00ed tiketu se jeho cena zobraz\u00ed pod tikety. <strong>Kalkula\u010dka automaticky vypo\u010d\u00edt\u00e1 hodnotu platby<\/strong> na z\u00e1klad\u011b po\u010dtu vybran\u00fdch online tiket\u016f Mega Millions. Cena tiketu zahrnuje n\u00e1klady na tiket, stejn\u011b jako v\u0161echny p\u0159\u00edslu\u0161n\u00e9 provizn\u00ed poplatky, a je kone\u010dn\u00e1. Nemus\u00edte se starat o nic jin\u00e9ho; jen \u010dekejte na <a href=\"https:\/\/lottomat.com\/cs\/vysledky\/megamillions\/\">aktu\u00e1ln\u00ed v\u00fdsledky losov\u00e1n\u00ed Mega Millions<\/a>.<\/p>\n<h2>Jak zakoupit online tiket Mega Millions?<img loading=\"lazy\" decoding=\"async\" class=\"alignright wp-image-251863\" src=\"https:\/\/lottomat.com\/wp-content\/uploads\/2025\/10\/Mega-Millions-tickets.webp\" alt=\"Mega Millions tikety\" width=\"200\" height=\"200\" srcset=\"https:\/\/lottomat.com\/wp-content\/uploads\/2025\/10\/Mega-Millions-tickets.webp 400w, https:\/\/lottomat.com\/wp-content\/uploads\/2025\/10\/Mega-Millions-tickets-300x300.webp 300w, https:\/\/lottomat.com\/wp-content\/uploads\/2025\/10\/Mega-Millions-tickets-150x150.webp 150w, https:\/\/lottomat.com\/wp-content\/uploads\/2025\/10\/Mega-Millions-tickets-100x100.webp 100w\" sizes=\"auto, (max-width: 200px) 100vw, 200px\" \/><\/h2>\n<p>V losov\u00e1n\u00ed cen Mega Millions nen\u00ed povinn\u00e9 \u017e\u00edt ve Spojen\u00fdch st\u00e1tech, ale <strong>jedinou mo\u017enost\u00ed je zakoupit tiket Mega Millions online<\/strong>. Stacion\u00e1rn\u00ed loteriov\u00e9 kancel\u00e1\u0159e jsou dostupn\u00e9 pouze v USA. Jedin\u00e9, co mus\u00edte ud\u011blat, je vyplnit tiket na webov\u00fdch str\u00e1nk\u00e1ch LottoMat a pot\u00e9 za n\u011bj zaplatit (k dispozici je n\u011bkolik preferovan\u00fdch platebn\u00edch metod). Miliony dolar\u016f jsou na dosah, bez opu\u0161t\u011bn\u00ed domova, 24 hodin denn\u011b, 7 dn\u00ed v t\u00fddnu. V dne\u0161n\u00ed dob\u011b m\u016f\u017eete hr\u00e1t loterii Mega Millions online z pohodl\u00ed sv\u00e9ho k\u0159esla. Online loterie jsou v dne\u0161n\u00ed dob\u011b prim\u00e1rn\u00edm z\u00e1kladem tohoto podnik\u00e1n\u00ed.<\/p>\n<h3>Harmonogram losov\u00e1n\u00ed a v\u00fdsledky<\/h3>\n<p>V\u00e1\u0161 tiket se bude \u00fa\u010dastnit americk\u00e9 loterie, a pokud vyhrajete, cena bude odesl\u00e1na cel\u00e1 nebo ve spl\u00e1tk\u00e1ch, v z\u00e1vislosti na mo\u017enosti, kterou jste zvolili. <strong>Losov\u00e1n\u00ed prob\u00edhaj\u00ed ve st\u0159edu a v sobotu<\/strong> a <a href=\"https:\/\/lottomat.com\/cs\/vysledky\/\">aktu\u00e1ln\u00ed v\u00fdsledky losov\u00e1n\u00ed loterie<\/a> lze vyhledat na webov\u00fdch str\u00e1nk\u00e1ch LottoMat. Vstupte do mo\u017enosti Hr\u00e1t a uvid\u00edte, jak snadn\u00e9 je zakoupit loteriov\u00fd tiket online. V\u0161e, co pot\u0159ebujete k v\u00fdh\u0159e, je \u0161t\u011bst\u00ed!<\/p>\n<h2>Jak hr\u00e1t loterii Mega Millions online?<\/h2>\n<p>D\u00edky na\u0161im webov\u00fdm str\u00e1nk\u00e1m nemus\u00edte jet do USA, abyste zakoupili loteriov\u00fd tiket Mega Millions. Jedin\u00e9, co mus\u00edte ud\u011blat, je vybrat p\u011bt hlavn\u00edch \u010d\u00edsel v rozsahu od 1 do 70 a dal\u0161\u00ed \u010d\u00edslo Mega Ball v rozsahu od 1 do 24. M\u016f\u017eete tak\u00e9 pou\u017e\u00edt mo\u017enost n\u00e1hodn\u00e9ho v\u00fdb\u011bru, kde jsou \u010d\u00edsla vybr\u00e1na n\u00e1hodn\u011b. Abyste vyhr\u00e1li hlavn\u00ed cenu, mus\u00edte spr\u00e1vn\u011b tipnout v\u0161echna \u010d\u00edsla, kter\u00e1 se objev\u00ed. \u010c\u00edm m\u00e9n\u011b \u010d\u00edsel tref\u00edte, t\u00edm ni\u017e\u0161\u00ed bude va\u0161e v\u00fdhra. <strong>Vyberte p\u011bt hlavn\u00edch \u010d\u00edsel v rozsahu od 1 do 70 a jedno unik\u00e1tn\u00ed \u010d\u00edslo nazvan\u00e9 Mega Ball od 1 do 24.<\/strong> Vyberte si sv\u00e1 \u010d\u00edsla a hrajte dnes o miliony!<\/p>\n<h2><img loading=\"lazy\" decoding=\"async\" class=\"alignleft wp-image-251893\" src=\"https:\/\/lottomat.com\/wp-content\/uploads\/2025\/10\/buy-Mega-Millions-tickets.webp\" alt=\"koupit Mega Millions tikety\" width=\"200\" height=\"200\" srcset=\"https:\/\/lottomat.com\/wp-content\/uploads\/2025\/10\/buy-Mega-Millions-tickets.webp 400w, https:\/\/lottomat.com\/wp-content\/uploads\/2025\/10\/buy-Mega-Millions-tickets-300x300.webp 300w, https:\/\/lottomat.com\/wp-content\/uploads\/2025\/10\/buy-Mega-Millions-tickets-150x150.webp 150w, https:\/\/lottomat.com\/wp-content\/uploads\/2025\/10\/buy-Mega-Millions-tickets-100x100.webp 100w\" sizes=\"auto, (max-width: 200px) 100vw, 200px\" \/>Jak\u00e9 jsou nejlep\u0161\u00ed tipy pro hran\u00ed Mega Millions online a v\u00fdhru?<\/h2>\n<p>Chytr\u00e9 hran\u00ed je kl\u00ed\u010dem k maximalizaci va\u0161eho loteriov\u00e9ho z\u00e1\u017eitku p\u0159i efektivn\u00edm \u0159\u00edzen\u00ed rozpo\u010dtu. Zde je n\u011bkolik osv\u011bd\u010den\u00fdch strategi\u00ed, kter\u00e9 mohou zv\u00fd\u0161it va\u0161e \u0161ance na v\u00fdhru.<\/p>\n<h3>Strategie skupinov\u00e9ho hran\u00ed<\/h3>\n<p>Co lze ud\u011blat, abyste neutratili majetek za hru a p\u0159itom se st\u00e1le mohli \u00fa\u010dastnit loterie s v\u00fdznamn\u00fdm po\u010dtem tiket\u016f? To je jednoduch\u00e9 \u2013 <strong>hrajte pouze tehdy, kdy\u017e dojde k p\u0159evodu jackpotu, a pozv\u011bte sv\u00e9 p\u0159\u00e1tele nebo rodinu, aby hr\u00e1li<\/strong>. Je to nejlep\u0161\u00ed zp\u016fsob, jak vyhr\u00e1t, rozd\u011blen\u00edm n\u00e1klad\u016f na tikety Mega Millions mezi \u00fa\u010dastn\u00edky rodinn\u00e9 hry. Pamatujte, \u017ee \u0161ance na v\u00fdhru ceny se zvy\u0161uj\u00ed s po\u010dtem tiket\u016f, kter\u00e9 si koup\u00edte.<\/p>\n<h3>Metody v\u00fdb\u011bru \u010d\u00edsel<\/h3>\n<p>Zp\u016fsob, jak\u00fdm si vyberete \u010d\u00edsla, z\u00e1vis\u00ed pouze na v\u00e1s. M\u016f\u017eete pou\u017e\u00edt mo\u017enost n\u00e1hodn\u00e9ho v\u00fdb\u011bru k vypln\u011bn\u00ed tiketu Mega Millions n\u00e1hodn\u00fdmi \u010d\u00edsly nebo pou\u017e\u00edt sv\u00e1 \u0161\u0165astn\u00e1 \u010d\u00edsla. Pokud chcete &#8211; m\u016f\u017eete tak\u00e9 zkontrolovat v\u00fdsledky p\u0159edchoz\u00edch losov\u00e1n\u00ed loterie, abyste identifikovali nej\u010dast\u011bji a nejm\u00e9n\u011b \u010dasto losovan\u00e1 \u010d\u00edsla v Mega Millions a vyvinuli svou strategii pro \u010d\u00edseln\u00e9 hry. Vy si <a href=\"https:\/\/lottomat.com\/cs\/hrat\/\">koup\u00edte loteriov\u00fd tiket<\/a> a my v\u00e1m p\u0159ejeme hodn\u011b \u0161t\u011bst\u00ed!<\/p>\n<h2>M\u016f\u017eete si koupit v\u00edce tiket\u016f Mega Millions online?<\/h2>\n<p>Ano, vyu\u017eijte mo\u017enosti <strong>&#8222;V\u00edce \u0159\u00e1dk\u016f&#8220; a vyberte si tolik \u0159\u00e1dk\u016f, kolik pot\u0159ebujete<\/strong>. Tato funkce v\u00e1m umo\u017e\u0148uje zv\u00fd\u0161it sv\u00e9 \u0161ance na v\u00fdhru n\u00e1kupem v\u00edce tiket\u016f v jedn\u00e9 transakci. \u010c\u00edm v\u00edce \u0159\u00e1dk\u016f hrajete, t\u00edm lep\u0161\u00ed jsou va\u0161e \u0161ance na trefen\u00ed v\u00fdhern\u00ed kombinace.<\/p>\n<h2>M\u016f\u017eete si koupit tikety Mega Millions online pro v\u00edce losov\u00e1n\u00ed?<img loading=\"lazy\" decoding=\"async\" class=\"alignright wp-image-251923\" src=\"https:\/\/lottomat.com\/wp-content\/uploads\/2025\/10\/Mega-Millions-online.webp\" alt=\"Mega Millions online\" width=\"200\" height=\"200\" srcset=\"https:\/\/lottomat.com\/wp-content\/uploads\/2025\/10\/Mega-Millions-online.webp 400w, https:\/\/lottomat.com\/wp-content\/uploads\/2025\/10\/Mega-Millions-online-300x300.webp 300w, https:\/\/lottomat.com\/wp-content\/uploads\/2025\/10\/Mega-Millions-online-150x150.webp 150w, https:\/\/lottomat.com\/wp-content\/uploads\/2025\/10\/Mega-Millions-online-100x100.webp 100w\" sizes=\"auto, (max-width: 200px) 100vw, 200px\" \/><\/h2>\n<p>Ano, na LottoMat si m\u016f\u017eete <strong>koupit tikety a\u017e pro 8 losov\u00e1n\u00ed p\u0159edem<\/strong>. Tato pohodln\u00e1 funkce znamen\u00e1, \u017ee si nemus\u00edte pamatovat kupovat tikety pro ka\u017ed\u00e9 jednotliv\u00e9 losov\u00e1n\u00ed. M\u016f\u017eete nastavit sv\u00e1 \u010d\u00edsla jednou a nechat je hr\u00e1t automaticky pro po sob\u011b jdouc\u00ed losov\u00e1n\u00ed. Tato mo\u017enost n\u00e1kupu p\u0159edem je ide\u00e1ln\u00ed pro hr\u00e1\u010de, kte\u0159\u00ed maj\u00ed sv\u00e1 obl\u00edben\u00e1 \u010d\u00edsla a cht\u011bj\u00ed zajistit, aby nikdy neprop\u00e1sli losov\u00e1n\u00ed.<\/p>\n<h2>Je hran\u00ed Mega Millions online bezpe\u010dn\u00e9?<\/h2>\n<p>Hran\u00ed na webov\u00fdch str\u00e1nk\u00e1ch LottoMat je <strong>zcela bezpe\u010dn\u00e9<\/strong>. Skenujeme v\u0161echny tikety a pe\u010dliv\u011b se star\u00e1me o na\u0161e z\u00e1kazn\u00edky, zaji\u0161\u0165ujeme, \u017ee va\u0161e osobn\u00ed a finan\u010dn\u00ed informace jsou chr\u00e1n\u011bny nejvy\u0161\u0161\u00edmi bezpe\u010dnostn\u00edmi standardy. Na\u0161e platforma pou\u017e\u00edv\u00e1 pokro\u010dilou \u0161ifrovac\u00ed technologii k ochran\u011b v\u0161ech transakc\u00ed a n\u00e1kup\u016f tiket\u016f. Je v\u0161ak d\u016fle\u017eit\u00e9 si pamatovat, \u017ee <strong>hran\u00ed Mega Millions by m\u011blo b\u00fdt pova\u017eov\u00e1no za z\u00e1bavu<\/strong>. Nikdy byste nem\u011bli riskovat pen\u00edze, kter\u00e9 si nem\u016f\u017eete dovolit ztratit. V\u017edy hrajte zodpov\u011bdn\u011b a v mez\u00edch sv\u00fdch mo\u017enost\u00ed, pova\u017eujte loteriov\u00e9 tikety za formu z\u00e1bavy sp\u00ed\u0161e ne\u017e za investi\u010dn\u00ed strategii.<\/p>\n","protected":false},"excerpt":{"rendered":"<p>Jak funguje loterie Mega Millions? Online loterie Mega Millions je jednoduch\u00e1 \u010d\u00edseln\u00e1 hra s jednoduch\u00fdmi pravidly, kter\u00e1 se snadno pamatuj\u00ed. \u00dakolem ka\u017ed\u00e9ho hr\u00e1\u010de je vybrat p\u011bt hlavn\u00edch \u010d\u00edsel v rozsahu od 1 do 70 a zvolit Mega Ball, co\u017e je unik\u00e1tn\u00ed bonusov\u00e9 \u010d\u00edslo v rozsahu od 1 do 24. Hlavn\u00ed cena je ur\u010dena pro v\u00fdherce, [&hellip;]<\/p>\n","protected":false},"author":1,"featured_media":0,"parent":6763,"menu_order":2,"comment_status":"closed","ping_status":"closed","template":"megamillion.php","meta":{"_et_pb_use_builder":"","_et_pb_old_content":"","_et_gb_content_width":"","exclude_from_search":false,"footnotes":""},"class_list":["post-8578","page","type-page","status-publish","hentry"],"yoast_head":"<!-- This site is optimized with the Yoast SEO plugin v23.8 - https:\/\/yoast.com\/wordpress\/plugins\/seo\/ -->\n<title>Mega Millions loteriov\u00e9 tikety - Hr\u00e1t Mega Millions online - LottoMat<\/title>\n<meta name=\"description\" content=\"Hrajte online loterii Mega Millions na LottoMat a vyhrajte majetek! Kupte si tikety Mega Millions online je\u0161t\u011b dnes - zapojte se do z\u00e1bavy!\" \/>\n<meta name=\"robots\" content=\"index, follow, max-snippet:-1, max-image-preview:large, max-video-preview:-1\" \/>\n<link rel=\"canonical\" href=\"https:\/\/lottomat.com\/cs\/hrat\/megamillions\/\" \/>\n<meta property=\"og:locale\" content=\"cs_CZ\" \/>\n<meta property=\"og:type\" content=\"article\" \/>\n<meta property=\"og:title\" content=\"Mega Millions loteriov\u00e9 tikety - Hr\u00e1t Mega Millions online - LottoMat\" \/>\n<meta property=\"og:description\" content=\"Hrajte online loterii Mega Millions na LottoMat a vyhrajte majetek! Kupte si tikety Mega Millions online je\u0161t\u011b dnes - zapojte se do z\u00e1bavy!\" \/>\n<meta property=\"og:url\" content=\"https:\/\/lottomat.com\/cs\/hrat\/megamillions\/\" \/>\n<meta property=\"og:site_name\" content=\"Lottomat\" \/>\n<meta property=\"article:modified_time\" content=\"2026-02-04T17:02:12+00:00\" \/>\n<meta property=\"og:image\" content=\"https:\/\/lottomat.com\/wp-content\/uploads\/2025\/10\/play-Mega-Millions.webp\" \/>\n<meta name=\"twitter:card\" content=\"summary_large_image\" \/>\n<meta name=\"twitter:label1\" content=\"Odhadovan\u00e1 doba \u010dten\u00ed\" \/>\n\t<meta name=\"twitter:data1\" content=\"6 minut\" \/>\n<script type=\"application\/ld+json\" class=\"yoast-schema-graph\">{\"@context\":\"https:\/\/schema.org\",\"@graph\":[{\"@type\":\"WebPage\",\"@id\":\"https:\/\/lottomat.com\/cs\/hrat\/megamillions\/\",\"url\":\"https:\/\/lottomat.com\/cs\/hrat\/megamillions\/\",\"name\":\"Mega Millions loteriov\u00e9 tikety - Hr\u00e1t Mega Millions online - LottoMat\",\"isPartOf\":{\"@id\":\"https:\/\/lottomat.com\/cs\/#website\"},\"primaryImageOfPage\":{\"@id\":\"https:\/\/lottomat.com\/cs\/hrat\/megamillions\/#primaryimage\"},\"image\":{\"@id\":\"https:\/\/lottomat.com\/cs\/hrat\/megamillions\/#primaryimage\"},\"thumbnailUrl\":\"https:\/\/lottomat.com\/wp-content\/uploads\/2025\/10\/play-Mega-Millions.webp\",\"datePublished\":\"2025-03-26T07:54:05+00:00\",\"dateModified\":\"2026-02-04T17:02:12+00:00\",\"description\":\"Hrajte online loterii Mega Millions na LottoMat a vyhrajte majetek! Kupte si tikety Mega Millions online je\u0161t\u011b dnes - zapojte se do z\u00e1bavy!\",\"breadcrumb\":{\"@id\":\"https:\/\/lottomat.com\/cs\/hrat\/megamillions\/#breadcrumb\"},\"inLanguage\":\"cs\",\"potentialAction\":[{\"@type\":\"ReadAction\",\"target\":[\"https:\/\/lottomat.com\/cs\/hrat\/megamillions\/\"]}]},{\"@type\":\"ImageObject\",\"inLanguage\":\"cs\",\"@id\":\"https:\/\/lottomat.com\/cs\/hrat\/megamillions\/#primaryimage\",\"url\":\"https:\/\/lottomat.com\/wp-content\/uploads\/2025\/10\/play-Mega-Millions.webp\",\"contentUrl\":\"https:\/\/lottomat.com\/wp-content\/uploads\/2025\/10\/play-Mega-Millions.webp\"},{\"@type\":\"BreadcrumbList\",\"@id\":\"https:\/\/lottomat.com\/cs\/hrat\/megamillions\/#breadcrumb\",\"itemListElement\":[{\"@type\":\"ListItem\",\"position\":1,\"name\":\"Home\",\"item\":\"https:\/\/lottomat.com\/cs\/\"},{\"@type\":\"ListItem\",\"position\":2,\"name\":\"Hr\u00e1t loterii\",\"item\":\"https:\/\/lottomat.com\/cs\/hrat\/\"},{\"@type\":\"ListItem\",\"position\":3,\"name\":\"Hr\u00e1t Mega Millions online \u2013 Mega Millions tikety\"}]},{\"@type\":\"WebSite\",\"@id\":\"https:\/\/lottomat.com\/cs\/#website\",\"url\":\"https:\/\/lottomat.com\/cs\/\",\"name\":\"Lottomat\",\"description\":\"\",\"potentialAction\":[{\"@type\":\"SearchAction\",\"target\":{\"@type\":\"EntryPoint\",\"urlTemplate\":\"https:\/\/lottomat.com\/cs\/?s={search_term_string}\"},\"query-input\":{\"@type\":\"PropertyValueSpecification\",\"valueRequired\":true,\"valueName\":\"search_term_string\"}}],\"inLanguage\":\"cs\"}]}<\/script>\n<!-- \/ Yoast SEO plugin. -->","yoast_head_json":{"title":"Mega Millions loteriov\u00e9 tikety - Hr\u00e1t Mega Millions online - LottoMat","description":"Hrajte online loterii Mega Millions na LottoMat a vyhrajte majetek! Kupte si tikety Mega Millions online je\u0161t\u011b dnes - zapojte se do z\u00e1bavy!","robots":{"index":"index","follow":"follow","max-snippet":"max-snippet:-1","max-image-preview":"max-image-preview:large","max-video-preview":"max-video-preview:-1"},"canonical":"https:\/\/lottomat.com\/cs\/hrat\/megamillions\/","og_locale":"cs_CZ","og_type":"article","og_title":"Mega Millions loteriov\u00e9 tikety - Hr\u00e1t Mega Millions online - LottoMat","og_description":"Hrajte online loterii Mega Millions na LottoMat a vyhrajte majetek! Kupte si tikety Mega Millions online je\u0161t\u011b dnes - zapojte se do z\u00e1bavy!","og_url":"https:\/\/lottomat.com\/cs\/hrat\/megamillions\/","og_site_name":"Lottomat","article_modified_time":"2026-02-04T17:02:12+00:00","og_image":[{"url":"https:\/\/lottomat.com\/wp-content\/uploads\/2025\/10\/play-Mega-Millions.webp"}],"twitter_card":"summary_large_image","twitter_misc":{"Odhadovan\u00e1 doba \u010dten\u00ed":"6 minut"},"schema":{"@context":"https:\/\/schema.org","@graph":[{"@type":"WebPage","@id":"https:\/\/lottomat.com\/cs\/hrat\/megamillions\/","url":"https:\/\/lottomat.com\/cs\/hrat\/megamillions\/","name":"Mega Millions loteriov\u00e9 tikety - Hr\u00e1t Mega Millions online - LottoMat","isPartOf":{"@id":"https:\/\/lottomat.com\/cs\/#website"},"primaryImageOfPage":{"@id":"https:\/\/lottomat.com\/cs\/hrat\/megamillions\/#primaryimage"},"image":{"@id":"https:\/\/lottomat.com\/cs\/hrat\/megamillions\/#primaryimage"},"thumbnailUrl":"https:\/\/lottomat.com\/wp-content\/uploads\/2025\/10\/play-Mega-Millions.webp","datePublished":"2025-03-26T07:54:05+00:00","dateModified":"2026-02-04T17:02:12+00:00","description":"Hrajte online loterii Mega Millions na LottoMat a vyhrajte majetek! Kupte si tikety Mega Millions online je\u0161t\u011b dnes - zapojte se do z\u00e1bavy!","breadcrumb":{"@id":"https:\/\/lottomat.com\/cs\/hrat\/megamillions\/#breadcrumb"},"inLanguage":"cs","potentialAction":[{"@type":"ReadAction","target":["https:\/\/lottomat.com\/cs\/hrat\/megamillions\/"]}]},{"@type":"ImageObject","inLanguage":"cs","@id":"https:\/\/lottomat.com\/cs\/hrat\/megamillions\/#primaryimage","url":"https:\/\/lottomat.com\/wp-content\/uploads\/2025\/10\/play-Mega-Millions.webp","contentUrl":"https:\/\/lottomat.com\/wp-content\/uploads\/2025\/10\/play-Mega-Millions.webp"},{"@type":"BreadcrumbList","@id":"https:\/\/lottomat.com\/cs\/hrat\/megamillions\/#breadcrumb","itemListElement":[{"@type":"ListItem","position":1,"name":"Home","item":"https:\/\/lottomat.com\/cs\/"},{"@type":"ListItem","position":2,"name":"Hr\u00e1t loterii","item":"https:\/\/lottomat.com\/cs\/hrat\/"},{"@type":"ListItem","position":3,"name":"Hr\u00e1t Mega Millions online \u2013 Mega Millions tikety"}]},{"@type":"WebSite","@id":"https:\/\/lottomat.com\/cs\/#website","url":"https:\/\/lottomat.com\/cs\/","name":"Lottomat","description":"","potentialAction":[{"@type":"SearchAction","target":{"@type":"EntryPoint","urlTemplate":"https:\/\/lottomat.com\/cs\/?s={search_term_string}"},"query-input":{"@type":"PropertyValueSpecification","valueRequired":true,"valueName":"search_term_string"}}],"inLanguage":"cs"}]}},"_links":{"self":[{"href":"https:\/\/lottomat.com\/cs\/wp-json\/wp\/v2\/pages\/8578","targetHints":{"allow":["GET"]}}],"collection":[{"href":"https:\/\/lottomat.com\/cs\/wp-json\/wp\/v2\/pages"}],"about":[{"href":"https:\/\/lottomat.com\/cs\/wp-json\/wp\/v2\/types\/page"}],"author":[{"embeddable":true,"href":"https:\/\/lottomat.com\/cs\/wp-json\/wp\/v2\/users\/1"}],"replies":[{"embeddable":true,"href":"https:\/\/lottomat.com\/cs\/wp-json\/wp\/v2\/comments?post=8578"}],"version-history":[{"count":3,"href":"https:\/\/lottomat.com\/cs\/wp-json\/wp\/v2\/pages\/8578\/revisions"}],"predecessor-version":[{"id":270357,"href":"https:\/\/lottomat.com\/cs\/wp-json\/wp\/v2\/pages\/8578\/revisions\/270357"}],"up":[{"embeddable":true,"href":"https:\/\/lottomat.com\/cs\/wp-json\/wp\/v2\/pages\/6763"}],"wp:attachment":[{"href":"https:\/\/lottomat.com\/cs\/wp-json\/wp\/v2\/media?parent=8578"}],"curies":[{"name":"wp","href":"https:\/\/api.w.org\/{rel}","templated":true}]}}