{"id":8379,"date":"2025-03-26T07:52:23","date_gmt":"2025-03-26T07:52:23","guid":{"rendered":"https:\/\/lottomat.net\/hrat-loterii\/hrat-powerball-online\/"},"modified":"2026-02-04T17:14:20","modified_gmt":"2026-02-04T17:14:20","slug":"powerball","status":"publish","type":"page","link":"https:\/\/lottomat.com\/cs\/hrat\/powerball\/","title":{"rendered":"Hrajte Powerball online &#8211; Powerball tikety"},"content":{"rendered":"\n\n<div class=\"kk-star-ratings kksr-auto kksr-align-left kksr-valign-top\"\n    data-payload='{&quot;align&quot;:&quot;left&quot;,&quot;id&quot;:&quot;8379&quot;,&quot;slug&quot;:&quot;default&quot;,&quot;valign&quot;:&quot;top&quot;,&quot;ignore&quot;:&quot;&quot;,&quot;reference&quot;:&quot;auto&quot;,&quot;class&quot;:&quot;&quot;,&quot;count&quot;:&quot;0&quot;,&quot;legendonly&quot;:&quot;&quot;,&quot;readonly&quot;:&quot;&quot;,&quot;score&quot;:&quot;0&quot;,&quot;starsonly&quot;:&quot;&quot;,&quot;best&quot;:&quot;5&quot;,&quot;gap&quot;:&quot;5&quot;,&quot;greet&quot;:&quot;Rate this page&quot;,&quot;legend&quot;:&quot;0\\\/5 - (0 votes)&quot;,&quot;size&quot;:&quot;30&quot;,&quot;title&quot;:&quot;Hrajte Powerball online - Powerball tikety&quot;,&quot;width&quot;:&quot;0&quot;,&quot;_legend&quot;:&quot;{score}\\\/{best} - ({count} {votes})&quot;,&quot;font_factor&quot;:&quot;1.25&quot;}'>\n            \n<div class=\"kksr-stars\">\n    \n<div class=\"kksr-stars-inactive\">\n            <div class=\"kksr-star\" data-star=\"1\" style=\"padding-right: 5px\">\n            \n\n<div class=\"kksr-icon\" style=\"width: 30px; height: 30px;\"><\/div>\n        <\/div>\n            <div class=\"kksr-star\" data-star=\"2\" style=\"padding-right: 5px\">\n            \n\n<div class=\"kksr-icon\" style=\"width: 30px; height: 30px;\"><\/div>\n        <\/div>\n            <div class=\"kksr-star\" data-star=\"3\" style=\"padding-right: 5px\">\n            \n\n<div class=\"kksr-icon\" style=\"width: 30px; height: 30px;\"><\/div>\n        <\/div>\n            <div class=\"kksr-star\" data-star=\"4\" style=\"padding-right: 5px\">\n            \n\n<div class=\"kksr-icon\" style=\"width: 30px; height: 30px;\"><\/div>\n        <\/div>\n            <div class=\"kksr-star\" data-star=\"5\" style=\"padding-right: 5px\">\n            \n\n<div class=\"kksr-icon\" style=\"width: 30px; height: 30px;\"><\/div>\n        <\/div>\n    <\/div>\n    \n<div class=\"kksr-stars-active\" style=\"width: 0px;\">\n            <div class=\"kksr-star\" style=\"padding-right: 5px\">\n            \n\n<div class=\"kksr-icon\" style=\"width: 30px; height: 30px;\"><\/div>\n        <\/div>\n            <div class=\"kksr-star\" style=\"padding-right: 5px\">\n            \n\n<div class=\"kksr-icon\" style=\"width: 30px; height: 30px;\"><\/div>\n        <\/div>\n            <div class=\"kksr-star\" style=\"padding-right: 5px\">\n            \n\n<div class=\"kksr-icon\" style=\"width: 30px; height: 30px;\"><\/div>\n        <\/div>\n            <div class=\"kksr-star\" style=\"padding-right: 5px\">\n            \n\n<div class=\"kksr-icon\" style=\"width: 30px; height: 30px;\"><\/div>\n        <\/div>\n            <div class=\"kksr-star\" style=\"padding-right: 5px\">\n            \n\n<div class=\"kksr-icon\" style=\"width: 30px; height: 30px;\"><\/div>\n        <\/div>\n    <\/div>\n<\/div>\n                \n\n<div class=\"kksr-legend\" style=\"font-size: 24px;\">\n            <span class=\"kksr-muted\">Rate this page<\/span>\n    <\/div>\n    <\/div>\n<h2><img loading=\"lazy\" decoding=\"async\" class=\"alignleft wp-image-252142\" src=\"https:\/\/lottomat.com\/wp-content\/uploads\/2025\/10\/play-Powerball-150x150.webp\" alt=\"hr\u00e1t Powerball\" width=\"200\" height=\"200\" srcset=\"https:\/\/lottomat.com\/wp-content\/uploads\/2025\/10\/play-Powerball-150x150.webp 150w, https:\/\/lottomat.com\/wp-content\/uploads\/2025\/10\/play-Powerball-300x300.webp 300w, https:\/\/lottomat.com\/wp-content\/uploads\/2025\/10\/play-Powerball-100x100.webp 100w, https:\/\/lottomat.com\/wp-content\/uploads\/2025\/10\/play-Powerball.webp 400w\" sizes=\"auto, (max-width: 200px) 100vw, 200px\" \/>Co je loterie Powerball?<\/h2>\n<p>Za\u010dn\u011bme pravidly t\u00e9to slavn\u00e9 loterie, kter\u00e1 jsou velmi jednoduch\u00e1 a bezpochyby se rychle nau\u010d\u00edte, jak hr\u00e1t Powerball online. Hra spo\u010d\u00edv\u00e1 ve v\u00fdb\u011bru p\u011bti \u010d\u00edsel z rozsahu 1 a\u017e 69 a 1 dodate\u010dn\u00e9ho \u010d\u00edsla, naz\u00fdvan\u00e9ho Power Ball, z \u010d\u00edseln\u00e9ho pole 1 a\u017e 26. Pokud jsou vybr\u00e1na v\u0161echna v\u00fdhern\u00ed loteriov\u00e1 \u010d\u00edsla, hr\u00e1\u010d vyhr\u00e1v\u00e1 zaru\u010denou hlavn\u00ed cenu, ale pamatujte, \u017ee existuje <strong>9 v\u00fdhern\u00edch \u00farovn\u00ed<\/strong>. Cenu vyhr\u00e1v\u00e1 tak\u00e9 hr\u00e1\u010d, kter\u00fd spr\u00e1vn\u011b vybere pouze dodate\u010dn\u00e9 \u010d\u00edslo Power Ball, co\u017e je bonusov\u00e9 \u010d\u00edslo. V online loterii Powerball existuje tak\u00e9 zaj\u00edmav\u00e9 \u0159e\u0161en\u00ed pro hr\u00e1\u010de. Naz\u00fdv\u00e1 se <strong>Power Play<\/strong> a je to dopl\u0148kov\u00e1 mo\u017enost, kter\u00e1 umo\u017e\u0148uje n\u00e1sobit v\u00fdhry mimo hlavn\u00ed cenu. Je v\u0161ak dostupn\u00e1 pouze na \u00fazem\u00ed Spojen\u00fdch st\u00e1t\u016f p\u0159i n\u00e1kupu tiketu osobn\u011b v pobo\u010dce Powerball. Hr\u00e1\u010d, kter\u00fd tipne v\u0161echna vyta\u017een\u00e1 loteriov\u00e1 \u010d\u00edsla, vyhr\u00e1v\u00e1 hlavn\u00ed cenu, ale pokud nevybere spr\u00e1vn\u00e9 bonusov\u00e9 \u010d\u00edslo Powerball, z\u00edsk\u00e1v\u00e1 zaru\u010denou cenu <strong>1 000 000 dolar\u016f<\/strong>. Jin\u00fdmi slovy, ten, kdo uhodne 5 hlavn\u00edch \u010d\u00edsel, dost\u00e1v\u00e1 jeden milion dolar\u016f. Klikn\u011bte a p\u0159e\u010dt\u011bte si <a href=\"https:\/\/lottomat.com\/cs\/loterie\/powerball\/\">v\u00edce o pravidlech a cen\u00e1ch Powerball<\/a> na na\u0161ich webov\u00fdch str\u00e1nk\u00e1ch. Samoz\u0159ejm\u011b, stejn\u011b jako v jin\u00fdch <a href=\"https:\/\/lottomat.com\/cs\/\">nejlep\u0161\u00edch loteri\u00edch sv\u011bta<\/a>, doch\u00e1z\u00ed k p\u0159evodu jackpotu v p\u0159\u00edpad\u011b absence v\u00fdherce, co\u017e m\u00e1 za n\u00e1sledek mo\u017enost vyhr\u00e1t obrovsk\u00e9 \u010d\u00e1stky pen\u011bz a to v dolarech. Powerball se proslavil v\u00fdhern\u00edmi tikety, kter\u00e9 se zm\u011bnily na miliony dolar\u016f. Nejv\u011bt\u0161\u00ed p\u0159eveden\u00e1 v\u00fdhra v americk\u00e9 loterii nastala <strong>7. listopadu 2022<\/strong> a \u010dinila <strong>2,04 miliardy dolar\u016f<\/strong> s hotovostn\u00ed hodnotou <strong>997,6 milionu dolar\u016f<\/strong>.<\/p>\n<h2>Jak koupit Powerball tikety?<img loading=\"lazy\" decoding=\"async\" class=\"alignright wp-image-252172\" src=\"https:\/\/lottomat.com\/wp-content\/uploads\/2025\/10\/Powerball-lottery-tickets-300x300.webp\" alt=\"Powerball loteriov\u00e9 tikety\" width=\"200\" height=\"200\" srcset=\"https:\/\/lottomat.com\/wp-content\/uploads\/2025\/10\/Powerball-lottery-tickets-300x300.webp 300w, https:\/\/lottomat.com\/wp-content\/uploads\/2025\/10\/Powerball-lottery-tickets-150x150.webp 150w, https:\/\/lottomat.com\/wp-content\/uploads\/2025\/10\/Powerball-lottery-tickets-100x100.webp 100w, https:\/\/lottomat.com\/wp-content\/uploads\/2025\/10\/Powerball-lottery-tickets.webp 400w\" sizes=\"auto, (max-width: 200px) 100vw, 200px\" \/><\/h2>\n<p>D\u00edky zm\u011bn\u00e1m v pravidlech pro hran\u00ed Powerball nemus\u00edte b\u00fdt ob\u010danem Spojen\u00fdch st\u00e1t\u016f ani pob\u00fdvat na jejich \u00fazem\u00ed. M\u016f\u017eete se z\u00fa\u010dastnit <strong>online loterie Powerball prost\u0159ednictv\u00edm webov\u00fdch str\u00e1nek LottoMat<\/strong>. Je to velmi pohodln\u00e9 a nav\u00edc si m\u016f\u017eete zakoupit Powerball tikety kdykoliv ve dne i v noci, sedm dn\u00ed v t\u00fddnu. Sta\u010d\u00ed vybrat mo\u017enost Hr\u00e1t na webov\u00fdch str\u00e1nk\u00e1ch LottoMat a vyplnit odpov\u00eddaj\u00edc\u00ed po\u010det tiket\u016f. Pot\u00e9 mus\u00edte b\u00fdt trp\u011bliv\u00ed a \u010dekat na losov\u00e1n\u00ed, kter\u00e9 prob\u00edh\u00e1 ka\u017ed\u00e9 <strong>\u00fater\u00fd, \u010dtvrtek a ned\u011bli v 02:59 UTC<\/strong>. Webov\u00e9 str\u00e1nky LottoMat zaru\u010duj\u00ed, \u017ee loteriov\u00fd tiket je platn\u00fd a \u00fa\u010dastn\u00ed se losov\u00e1n\u00ed cen Powerball. N\u00e1kup m\u016f\u017eete prov\u00e9st pomoc\u00ed po\u010d\u00edta\u010de nebo mobiln\u00edho telefonu <strong>odkudkoliv na sv\u011bt\u011b a kdykoliv<\/strong>. Sta\u010d\u00ed si vytvo\u0159it bezpe\u010dn\u00fd u\u017eivatelsk\u00fd \u00fa\u010det, zakoupit tiket a \u010dekat na v\u00fdhru!<\/p>\n<h2>Jak\u00e1 je cena Powerball online loteriov\u00e9ho tiketu?<\/h2>\n<p>Pro v\u00fdpo\u010det ceny tiketu sta\u010d\u00ed vyplnit jeden nebo n\u011bkolik tiket\u016f na webov\u00fdch str\u00e1nk\u00e1ch LottoMat. Po v\u00fdb\u011bru \u010d\u00edsel <strong>bude cena viditeln\u00e1 pod v\u0161emi tikety<\/strong>. Po vypln\u011bn\u00ed v\u00edce ne\u017e jedn\u00e9ho tiketu kalkula\u010dka vypo\u010d\u00edt\u00e1 splatnou \u010d\u00e1stku, co\u017e je kone\u010dn\u00e1 cena. Obsahuje cenu v\u0161ech Powerball tiket\u016f a provizn\u00ed poplatky.<\/p>\n<h2><img loading=\"lazy\" decoding=\"async\" class=\"alignleft wp-image-252202\" src=\"https:\/\/lottomat.com\/wp-content\/uploads\/2025\/10\/Powerball-online-tickets-300x300.webp\" alt=\"Powerball online tikety\" width=\"200\" height=\"200\" srcset=\"https:\/\/lottomat.com\/wp-content\/uploads\/2025\/10\/Powerball-online-tickets-300x300.webp 300w, https:\/\/lottomat.com\/wp-content\/uploads\/2025\/10\/Powerball-online-tickets-150x150.webp 150w, https:\/\/lottomat.com\/wp-content\/uploads\/2025\/10\/Powerball-online-tickets-100x100.webp 100w, https:\/\/lottomat.com\/wp-content\/uploads\/2025\/10\/Powerball-online-tickets.webp 400w\" sizes=\"auto, (max-width: 200px) 100vw, 200px\" \/><\/h2>\n<h2>Jak hr\u00e1t Powerball online?<\/h2>\n<p>D\u00edky na\u0161im webov\u00fdm str\u00e1nk\u00e1m je nyn\u00ed nejobl\u00edben\u011bj\u0161\u00ed loterie na sv\u011bt\u011b dostupn\u00e1 bez nutnosti opustit domov. Pro hran\u00ed Powerball online vyberte <strong>p\u011bt hlavn\u00edch \u010d\u00edsel od 1 do 69 plus dodate\u010dn\u00e9 \u010d\u00edslo Power Ball od 1 do 26<\/strong>. Sv\u00e1 \u010d\u00edsla m\u016f\u017eete vybrat ru\u010dn\u011b nebo pou\u017e\u00edt <strong>mo\u017enost Rychl\u00fd v\u00fdb\u011br pro n\u00e1hodn\u00fd v\u00fdb\u011br<\/strong>. Je to tak jednoduch\u00e9! Hran\u00ed s LottoMat je zcela bezpe\u010dn\u00e9. <strong>Skenujeme v\u0161echny zakoupen\u00e9 tikety, abychom zajistili jejich platnost a v\u00e1\u0161 klid.<\/strong> S LottoMat m\u016f\u017eete hr\u00e1t Powerball online odkudkoliv na sv\u011bt\u011b \u2013 v\u0161e, co pot\u0159ebujete, je <strong>p\u0159\u00edstup k internetu a mo\u017enost online platby.<\/strong> Tato glob\u00e1ln\u00ed dostupnost usnad\u0148uje \u00fa\u010dast v jedn\u00e9 z nejzaj\u00edmav\u011bj\u0161\u00edch loteri\u00ed na sv\u011bt\u011b v\u00edc ne\u017e kdy p\u0159edt\u00edm.<\/p>\n<h2>Mohu koupit v\u00edce Powerball tiket\u016f online?<\/h2>\n<p><strong>Ano, ur\u010dit\u011b m\u016f\u017eete zakoupit v\u00edce Powerball tiket\u016f online<\/strong>, abyste zv\u00fd\u0161ili sv\u00e9 \u0161ance na v\u00fdhru. Jednodu\u0161e vyberte <strong>mo\u017enost \u201ev\u00edce \u0159\u00e1dk\u016f&#8220;<\/strong> p\u0159i hran\u00ed a zvolte tolik \u0159\u00e1dk\u016f, kolik chcete hr\u00e1t. Ka\u017ed\u00fd dal\u0161\u00ed \u0159\u00e1dek p\u0159edstavuje dal\u0161\u00ed \u0161anci vyhr\u00e1t jackpot nebo n\u011bkterou z vedlej\u0161\u00edch cen. \u010c\u00edm v\u00edce tiket\u016f si koup\u00edte, t\u00edm lep\u0161\u00ed jsou va\u0161e \u0161ance na shodu s v\u00fdhern\u00edmi \u010d\u00edsly.<\/p>\n<h2>Mohu koupit Powerball tikety online pro v\u00edce losov\u00e1n\u00ed?<\/h2>\n<h2><img loading=\"lazy\" decoding=\"async\" class=\"alignright wp-image-252232\" src=\"https:\/\/lottomat.com\/wp-content\/uploads\/2025\/10\/Powerball-online-300x300.webp\" alt=\"Powerball online\" width=\"200\" height=\"200\" srcset=\"https:\/\/lottomat.com\/wp-content\/uploads\/2025\/10\/Powerball-online-300x300.webp 300w, https:\/\/lottomat.com\/wp-content\/uploads\/2025\/10\/Powerball-online-150x150.webp 150w, https:\/\/lottomat.com\/wp-content\/uploads\/2025\/10\/Powerball-online-100x100.webp 100w, https:\/\/lottomat.com\/wp-content\/uploads\/2025\/10\/Powerball-online.webp 400w\" sizes=\"auto, (max-width: 200px) 100vw, 200px\" \/><\/h2>\n<p>Samoz\u0159ejm\u011b! Na LottoMat m\u016f\u017eete <strong>zakoupit Powerball tikety a\u017e na 8 po sob\u011b jdouc\u00edch losov\u00e1n\u00ed<\/strong> p\u0159edem. Tato pohodln\u00e1 funkce znamen\u00e1, \u017ee si nemus\u00edte pamatovat kupovat tikety na ka\u017ed\u00e9 jednotliv\u00e9 losov\u00e1n\u00ed \u2013 va\u0161e \u010d\u00edsla budou automaticky za\u0159azena do v\u00edce budouc\u00edch losov\u00e1n\u00ed. Tato mo\u017enost p\u0159edb\u011b\u017en\u00e9ho n\u00e1kupu zaji\u0161\u0165uje, \u017ee <strong>v\u00e1m neunikne \u017e\u00e1dn\u00e9 losov\u00e1n\u00ed<\/strong> a poskytuje v\u00e1m trvalou \u00fa\u010dast v loterii po n\u011bkolik t\u00fddn\u016f.<\/p>\n<h2>Jak zkontrolovat v\u00fdsledky online loterie Powerball?<\/h2>\n<p>M\u016f\u017eete snadno zkontrolovat jak <a href=\"https:\/\/lottomat.com\/cs\/vysledky\/powerball\/\">nejnov\u011bj\u0161\u00ed, tak archivovan\u00e9 v\u00fdsledky Powerball<\/a> p\u0159\u00edmo na webov\u00fdch str\u00e1nk\u00e1ch LottoMat. Na\u0161e str\u00e1nka s v\u00fdsledky je aktualizov\u00e1na ihned po ka\u017ed\u00e9m losov\u00e1n\u00ed a poskytuje v\u00e1m <strong>p\u0159esn\u00e1 a aktu\u00e1ln\u00ed v\u00fdhern\u00ed \u010d\u00edsla.<\/strong> A\u0165 u\u017e chcete zkontrolovat ned\u00e1vn\u00e1 losov\u00e1n\u00ed nebo se pod\u00edvat na historick\u00e9 v\u00fdsledky, v\u0161echny informace m\u00e1te na dosah ruky. Tato pohodln\u00e1 funkce v\u00e1m umo\u017e\u0148uje rychle ov\u011b\u0159it, zda va\u0161e \u010d\u00edsla vyhr\u00e1la, ani\u017e byste museli prohled\u00e1vat v\u00edce zdroj\u016f.<\/p>\n<h2><img loading=\"lazy\" decoding=\"async\" class=\"alignleft wp-image-252262\" src=\"https:\/\/lottomat.com\/wp-content\/uploads\/2025\/10\/Powerball-tickets-300x300.webp\" alt=\"Powerball tikety\" width=\"200\" height=\"200\" srcset=\"https:\/\/lottomat.com\/wp-content\/uploads\/2025\/10\/Powerball-tickets-300x300.webp 300w, https:\/\/lottomat.com\/wp-content\/uploads\/2025\/10\/Powerball-tickets-150x150.webp 150w, https:\/\/lottomat.com\/wp-content\/uploads\/2025\/10\/Powerball-tickets-100x100.webp 100w, https:\/\/lottomat.com\/wp-content\/uploads\/2025\/10\/Powerball-tickets.webp 400w\" sizes=\"auto, (max-width: 200px) 100vw, 200px\" \/>Skenuje LottoMat Powerball tikety online?<\/h2>\n<p><strong>Ano, rozhodn\u011b!<\/strong> Na\u0161i autorizovan\u00ed z\u00e1stupci fyzicky nakupuj\u00ed Powerball tikety v ofici\u00e1ln\u00edch licencovan\u00fdch maloobchodn\u00edch prodejn\u00e1ch va\u0161\u00edm jm\u00e9nem. <strong>Skenujeme a bezpe\u010dn\u011b ukl\u00e1d\u00e1me p\u016fvodn\u00ed tikety<\/strong>, abychom zajistili naprostou transparentnost a bezpe\u010dnost pro na\u0161e hr\u00e1\u010de. To znamen\u00e1, \u017ee m\u00e1te d\u016fkaz o n\u00e1kupu tiketu a m\u016f\u017eete si b\u00fdt jisti, \u017ee v\u00e1\u0161 tiket je platn\u00fd pro ofici\u00e1ln\u00ed losov\u00e1n\u00ed Powerball. P\u016fvodn\u00ed tikety jsou bezpe\u010dn\u011b ulo\u017eeny v na\u0161ich zabezpe\u010den\u00fdch za\u0159\u00edzen\u00edch, co\u017e v\u00e1m poskytuje klid ohledn\u011b va\u0161\u00ed investice.<\/p>\n<h2>Jak\u00e9 jsou nejlep\u0161\u00ed tipy pro online Powerball?<\/h2>\n<p>Hrajte, zejm\u00e9na kdy\u017e do\u0161lo k p\u0159evodu jackpotu. <strong>Powerball m\u00e1 nejv\u011bt\u0161\u00ed p\u0159evody jackpot\u016f na sv\u011bt\u011b,<\/strong> a dokonce i s jedin\u00fdm tiketem m\u00e1te \u0161anci vyhr\u00e1t. Nejv\u011bt\u0161\u00ed jackpot dos\u00e1hl cel\u00fdch <strong>2,04 miliardy dolar\u016f!<\/strong> M\u016f\u017eete tak\u00e9 pou\u017e\u00edt nej\u010dast\u011bji ta\u017een\u00e1 \u010d\u00edsla, kter\u00e1 najdete na <a href=\"https:\/\/lottomat.com\/cs\/vysledky\/\">str\u00e1nce s v\u00fdsledky losov\u00e1n\u00ed loterie<\/a>. Obsahuje jak aktu\u00e1ln\u00ed v\u00fdsledky losov\u00e1n\u00ed, tak archivovan\u00e9. Pamatujte, \u017ee <strong>hran\u00ed Powerball online by m\u011blo b\u00fdt formou z\u00e1bavy,<\/strong> proto je d\u016fle\u017eit\u00e9 hr\u00e1t zodpov\u011bdn\u011b a zachovat si zdrav\u00fd \u00fasudek. Stanovte si rozpo\u010det a dr\u017ete se ho, pova\u017eujte loteriov\u00e9 tikety za z\u00e1bavnou aktivitu sp\u00ed\u0161e ne\u017e investi\u010dn\u00ed strategii.<\/p>\n<h3>Tipy, kter\u00e9 mohou pomoci zv\u00fd\u0161it va\u0161e \u0161ance na v\u00fdhru<\/h3>\n<p>N\u00e1kup v\u00edce ne\u017e jednoho Powerball tiketu znamen\u00e1, \u017ee ka\u017ed\u00fd dal\u0161\u00ed tiket poskytuje v\u011bt\u0161\u00ed \u0161ance na z\u00edsk\u00e1n\u00ed ta\u017een\u00fdch \u010d\u00edsel. Ujist\u011bte se, \u017ee \u010d\u00edsla, kter\u00e1 si vyberete, jsou rozmanit\u00e1, proto\u017ee \u010d\u00edseln\u00e9 pole je velk\u00e9, tak\u017ee se neomezujte na v\u011bci jako data narozen\u00ed, kter\u00e1 v\u00fdrazn\u011b zu\u017euj\u00ed v\u00e1\u0161 rozsah. Abyste sn\u00ed\u017eili n\u00e1klady na <a href=\"https:\/\/lottomat.com\/cs\/hrat\/\">n\u00e1kup loteriov\u00fdch tiket\u016f online<\/a>, m\u016f\u017eete pozvat sv\u00e9 bl\u00edzk\u00e9 ke h\u0159e, co\u017e zaru\u010duje zv\u00fd\u0161en\u00e9 \u0161ance na v\u00fdhru. N\u00e1klady na tikety mohou b\u00fdt rozd\u011bleny mezi v\u011bt\u0161\u00ed po\u010det lid\u00ed, co\u017e je \u010din\u00ed dostupn\u011bj\u0161\u00edmi pro v\u0161echny z\u00fa\u010dastn\u011bn\u00e9. Hrajte, kdy\u017e jsou <a href=\"https:\/\/lottomat.com\/cs\/loterie\/\">nejv\u011bt\u0161\u00ed loteriov\u00e9 p\u0159evody jackpot\u016f,<\/a> proto\u017ee cel\u00e1 hra Powerball je o \u0161anci vyhr\u00e1t! <strong>M\u016f\u017eete zakoupit v\u00fdhern\u00ed tiket kdykoliv a st\u00e1t se milion\u00e1\u0159em!<\/strong><\/p>\n","protected":false},"excerpt":{"rendered":"<p>Co je loterie Powerball? Za\u010dn\u011bme pravidly t\u00e9to slavn\u00e9 loterie, kter\u00e1 jsou velmi jednoduch\u00e1 a bezpochyby se rychle nau\u010d\u00edte, jak hr\u00e1t Powerball online. Hra spo\u010d\u00edv\u00e1 ve v\u00fdb\u011bru p\u011bti \u010d\u00edsel z rozsahu 1 a\u017e 69 a 1 dodate\u010dn\u00e9ho \u010d\u00edsla, naz\u00fdvan\u00e9ho Power Ball, z \u010d\u00edseln\u00e9ho pole 1 a\u017e 26. Pokud jsou vybr\u00e1na v\u0161echna v\u00fdhern\u00ed loteriov\u00e1 \u010d\u00edsla, hr\u00e1\u010d vyhr\u00e1v\u00e1 [&hellip;]<\/p>\n","protected":false},"author":1,"featured_media":0,"parent":6763,"menu_order":1,"comment_status":"closed","ping_status":"closed","template":"powerball-usa.php","meta":{"_et_pb_use_builder":"","_et_pb_old_content":"","_et_gb_content_width":"","exclude_from_search":false,"footnotes":""},"class_list":["post-8379","page","type-page","status-publish","hentry"],"yoast_head":"<!-- This site is optimized with the Yoast SEO plugin v23.8 - https:\/\/yoast.com\/wordpress\/plugins\/seo\/ -->\n<title>Hrajte Powerball online - Powerball tikety - LottoMat<\/title>\n<meta name=\"description\" content=\"Chcete hr\u00e1t online loterii Powerball? Nau\u010dte se, jak hr\u00e1t Powerball a sta\u0148te se milion\u00e1\u0159em! Kupujte Powerball tikety online kdykoliv!\" \/>\n<meta name=\"robots\" content=\"index, follow, max-snippet:-1, max-image-preview:large, max-video-preview:-1\" \/>\n<link rel=\"canonical\" href=\"https:\/\/lottomat.com\/cs\/hrat\/powerball\/\" \/>\n<meta property=\"og:locale\" content=\"cs_CZ\" \/>\n<meta property=\"og:type\" content=\"article\" \/>\n<meta property=\"og:title\" content=\"Hrajte Powerball online - Powerball tikety - LottoMat\" \/>\n<meta property=\"og:description\" content=\"Chcete hr\u00e1t online loterii Powerball? Nau\u010dte se, jak hr\u00e1t Powerball a sta\u0148te se milion\u00e1\u0159em! Kupujte Powerball tikety online kdykoliv!\" \/>\n<meta property=\"og:url\" content=\"https:\/\/lottomat.com\/cs\/hrat\/powerball\/\" \/>\n<meta property=\"og:site_name\" content=\"Lottomat\" \/>\n<meta property=\"article:modified_time\" content=\"2026-02-04T17:14:20+00:00\" \/>\n<meta property=\"og:image\" content=\"https:\/\/lottomat.com\/wp-content\/uploads\/2025\/10\/play-Powerball-150x150.webp\" \/>\n<meta name=\"twitter:card\" content=\"summary_large_image\" \/>\n<meta name=\"twitter:label1\" content=\"Odhadovan\u00e1 doba \u010dten\u00ed\" \/>\n\t<meta name=\"twitter:data1\" content=\"6 minut\" \/>\n<script type=\"application\/ld+json\" class=\"yoast-schema-graph\">{\"@context\":\"https:\/\/schema.org\",\"@graph\":[{\"@type\":\"WebPage\",\"@id\":\"https:\/\/lottomat.com\/cs\/hrat\/powerball\/\",\"url\":\"https:\/\/lottomat.com\/cs\/hrat\/powerball\/\",\"name\":\"Hrajte Powerball online - Powerball tikety - LottoMat\",\"isPartOf\":{\"@id\":\"https:\/\/lottomat.com\/cs\/#website\"},\"primaryImageOfPage\":{\"@id\":\"https:\/\/lottomat.com\/cs\/hrat\/powerball\/#primaryimage\"},\"image\":{\"@id\":\"https:\/\/lottomat.com\/cs\/hrat\/powerball\/#primaryimage\"},\"thumbnailUrl\":\"https:\/\/lottomat.com\/wp-content\/uploads\/2025\/10\/play-Powerball-150x150.webp\",\"datePublished\":\"2025-03-26T07:52:23+00:00\",\"dateModified\":\"2026-02-04T17:14:20+00:00\",\"description\":\"Chcete hr\u00e1t online loterii Powerball? Nau\u010dte se, jak hr\u00e1t Powerball a sta\u0148te se milion\u00e1\u0159em! Kupujte Powerball tikety online kdykoliv!\",\"breadcrumb\":{\"@id\":\"https:\/\/lottomat.com\/cs\/hrat\/powerball\/#breadcrumb\"},\"inLanguage\":\"cs\",\"potentialAction\":[{\"@type\":\"ReadAction\",\"target\":[\"https:\/\/lottomat.com\/cs\/hrat\/powerball\/\"]}]},{\"@type\":\"ImageObject\",\"inLanguage\":\"cs\",\"@id\":\"https:\/\/lottomat.com\/cs\/hrat\/powerball\/#primaryimage\",\"url\":\"https:\/\/lottomat.com\/wp-content\/uploads\/2025\/10\/play-Powerball-150x150.webp\",\"contentUrl\":\"https:\/\/lottomat.com\/wp-content\/uploads\/2025\/10\/play-Powerball-150x150.webp\"},{\"@type\":\"BreadcrumbList\",\"@id\":\"https:\/\/lottomat.com\/cs\/hrat\/powerball\/#breadcrumb\",\"itemListElement\":[{\"@type\":\"ListItem\",\"position\":1,\"name\":\"Home\",\"item\":\"https:\/\/lottomat.com\/cs\/\"},{\"@type\":\"ListItem\",\"position\":2,\"name\":\"Hr\u00e1t loterii\",\"item\":\"https:\/\/lottomat.com\/cs\/hrat\/\"},{\"@type\":\"ListItem\",\"position\":3,\"name\":\"Hrajte Powerball online &#8211; Powerball tikety\"}]},{\"@type\":\"WebSite\",\"@id\":\"https:\/\/lottomat.com\/cs\/#website\",\"url\":\"https:\/\/lottomat.com\/cs\/\",\"name\":\"Lottomat\",\"description\":\"\",\"potentialAction\":[{\"@type\":\"SearchAction\",\"target\":{\"@type\":\"EntryPoint\",\"urlTemplate\":\"https:\/\/lottomat.com\/cs\/?s={search_term_string}\"},\"query-input\":{\"@type\":\"PropertyValueSpecification\",\"valueRequired\":true,\"valueName\":\"search_term_string\"}}],\"inLanguage\":\"cs\"}]}<\/script>\n<!-- \/ Yoast SEO plugin. -->","yoast_head_json":{"title":"Hrajte Powerball online - Powerball tikety - LottoMat","description":"Chcete hr\u00e1t online loterii Powerball? Nau\u010dte se, jak hr\u00e1t Powerball a sta\u0148te se milion\u00e1\u0159em! Kupujte Powerball tikety online kdykoliv!","robots":{"index":"index","follow":"follow","max-snippet":"max-snippet:-1","max-image-preview":"max-image-preview:large","max-video-preview":"max-video-preview:-1"},"canonical":"https:\/\/lottomat.com\/cs\/hrat\/powerball\/","og_locale":"cs_CZ","og_type":"article","og_title":"Hrajte Powerball online - Powerball tikety - LottoMat","og_description":"Chcete hr\u00e1t online loterii Powerball? Nau\u010dte se, jak hr\u00e1t Powerball a sta\u0148te se milion\u00e1\u0159em! Kupujte Powerball tikety online kdykoliv!","og_url":"https:\/\/lottomat.com\/cs\/hrat\/powerball\/","og_site_name":"Lottomat","article_modified_time":"2026-02-04T17:14:20+00:00","og_image":[{"url":"https:\/\/lottomat.com\/wp-content\/uploads\/2025\/10\/play-Powerball-150x150.webp"}],"twitter_card":"summary_large_image","twitter_misc":{"Odhadovan\u00e1 doba \u010dten\u00ed":"6 minut"},"schema":{"@context":"https:\/\/schema.org","@graph":[{"@type":"WebPage","@id":"https:\/\/lottomat.com\/cs\/hrat\/powerball\/","url":"https:\/\/lottomat.com\/cs\/hrat\/powerball\/","name":"Hrajte Powerball online - Powerball tikety - LottoMat","isPartOf":{"@id":"https:\/\/lottomat.com\/cs\/#website"},"primaryImageOfPage":{"@id":"https:\/\/lottomat.com\/cs\/hrat\/powerball\/#primaryimage"},"image":{"@id":"https:\/\/lottomat.com\/cs\/hrat\/powerball\/#primaryimage"},"thumbnailUrl":"https:\/\/lottomat.com\/wp-content\/uploads\/2025\/10\/play-Powerball-150x150.webp","datePublished":"2025-03-26T07:52:23+00:00","dateModified":"2026-02-04T17:14:20+00:00","description":"Chcete hr\u00e1t online loterii Powerball? Nau\u010dte se, jak hr\u00e1t Powerball a sta\u0148te se milion\u00e1\u0159em! Kupujte Powerball tikety online kdykoliv!","breadcrumb":{"@id":"https:\/\/lottomat.com\/cs\/hrat\/powerball\/#breadcrumb"},"inLanguage":"cs","potentialAction":[{"@type":"ReadAction","target":["https:\/\/lottomat.com\/cs\/hrat\/powerball\/"]}]},{"@type":"ImageObject","inLanguage":"cs","@id":"https:\/\/lottomat.com\/cs\/hrat\/powerball\/#primaryimage","url":"https:\/\/lottomat.com\/wp-content\/uploads\/2025\/10\/play-Powerball-150x150.webp","contentUrl":"https:\/\/lottomat.com\/wp-content\/uploads\/2025\/10\/play-Powerball-150x150.webp"},{"@type":"BreadcrumbList","@id":"https:\/\/lottomat.com\/cs\/hrat\/powerball\/#breadcrumb","itemListElement":[{"@type":"ListItem","position":1,"name":"Home","item":"https:\/\/lottomat.com\/cs\/"},{"@type":"ListItem","position":2,"name":"Hr\u00e1t loterii","item":"https:\/\/lottomat.com\/cs\/hrat\/"},{"@type":"ListItem","position":3,"name":"Hrajte Powerball online &#8211; Powerball tikety"}]},{"@type":"WebSite","@id":"https:\/\/lottomat.com\/cs\/#website","url":"https:\/\/lottomat.com\/cs\/","name":"Lottomat","description":"","potentialAction":[{"@type":"SearchAction","target":{"@type":"EntryPoint","urlTemplate":"https:\/\/lottomat.com\/cs\/?s={search_term_string}"},"query-input":{"@type":"PropertyValueSpecification","valueRequired":true,"valueName":"search_term_string"}}],"inLanguage":"cs"}]}},"_links":{"self":[{"href":"https:\/\/lottomat.com\/cs\/wp-json\/wp\/v2\/pages\/8379","targetHints":{"allow":["GET"]}}],"collection":[{"href":"https:\/\/lottomat.com\/cs\/wp-json\/wp\/v2\/pages"}],"about":[{"href":"https:\/\/lottomat.com\/cs\/wp-json\/wp\/v2\/types\/page"}],"author":[{"embeddable":true,"href":"https:\/\/lottomat.com\/cs\/wp-json\/wp\/v2\/users\/1"}],"replies":[{"embeddable":true,"href":"https:\/\/lottomat.com\/cs\/wp-json\/wp\/v2\/comments?post=8379"}],"version-history":[{"count":4,"href":"https:\/\/lottomat.com\/cs\/wp-json\/wp\/v2\/pages\/8379\/revisions"}],"predecessor-version":[{"id":270365,"href":"https:\/\/lottomat.com\/cs\/wp-json\/wp\/v2\/pages\/8379\/revisions\/270365"}],"up":[{"embeddable":true,"href":"https:\/\/lottomat.com\/cs\/wp-json\/wp\/v2\/pages\/6763"}],"wp:attachment":[{"href":"https:\/\/lottomat.com\/cs\/wp-json\/wp\/v2\/media?parent=8379"}],"curies":[{"name":"wp","href":"https:\/\/api.w.org\/{rel}","templated":true}]}}