{"id":6389,"date":"2025-03-26T07:12:15","date_gmt":"2025-03-26T07:12:15","guid":{"rendered":"https:\/\/lottomat.net\/domu-nejvetsi-svetove-loterie-na-jednom-miste\/"},"modified":"2026-02-13T11:15:14","modified_gmt":"2026-02-13T11:15:14","slug":"domu-nejvetsi-svetove-loterie-na-jednom-miste","status":"publish","type":"page","link":"https:\/\/lottomat.com\/cs\/","title":{"rendered":"Lottomat &#8211; nejv\u011bt\u0161\u00ed sv\u011btov\u00e9 loterie na jednom m\u00edst\u011b"},"content":{"rendered":"\n\n<div class=\"kk-star-ratings kksr-auto kksr-align-left kksr-valign-top\"\n    data-payload='{&quot;align&quot;:&quot;left&quot;,&quot;id&quot;:&quot;6389&quot;,&quot;slug&quot;:&quot;default&quot;,&quot;valign&quot;:&quot;top&quot;,&quot;ignore&quot;:&quot;&quot;,&quot;reference&quot;:&quot;auto&quot;,&quot;class&quot;:&quot;&quot;,&quot;count&quot;:&quot;0&quot;,&quot;legendonly&quot;:&quot;&quot;,&quot;readonly&quot;:&quot;&quot;,&quot;score&quot;:&quot;0&quot;,&quot;starsonly&quot;:&quot;&quot;,&quot;best&quot;:&quot;5&quot;,&quot;gap&quot;:&quot;5&quot;,&quot;greet&quot;:&quot;Rate this page&quot;,&quot;legend&quot;:&quot;0\\\/5 - (0 votes)&quot;,&quot;size&quot;:&quot;30&quot;,&quot;title&quot;:&quot;Lottomat - nejv\u011bt\u0161\u00ed sv\u011btov\u00e9 loterie na jednom m\u00edst\u011b&quot;,&quot;width&quot;:&quot;0&quot;,&quot;_legend&quot;:&quot;{score}\\\/{best} - ({count} {votes})&quot;,&quot;font_factor&quot;:&quot;1.25&quot;}'>\n            \n<div class=\"kksr-stars\">\n    \n<div class=\"kksr-stars-inactive\">\n            <div class=\"kksr-star\" data-star=\"1\" style=\"padding-right: 5px\">\n            \n\n<div class=\"kksr-icon\" style=\"width: 30px; height: 30px;\"><\/div>\n        <\/div>\n            <div class=\"kksr-star\" data-star=\"2\" style=\"padding-right: 5px\">\n            \n\n<div class=\"kksr-icon\" style=\"width: 30px; height: 30px;\"><\/div>\n        <\/div>\n            <div class=\"kksr-star\" data-star=\"3\" style=\"padding-right: 5px\">\n            \n\n<div class=\"kksr-icon\" style=\"width: 30px; height: 30px;\"><\/div>\n        <\/div>\n            <div class=\"kksr-star\" data-star=\"4\" style=\"padding-right: 5px\">\n            \n\n<div class=\"kksr-icon\" style=\"width: 30px; height: 30px;\"><\/div>\n        <\/div>\n            <div class=\"kksr-star\" data-star=\"5\" style=\"padding-right: 5px\">\n            \n\n<div class=\"kksr-icon\" style=\"width: 30px; height: 30px;\"><\/div>\n        <\/div>\n    <\/div>\n    \n<div class=\"kksr-stars-active\" style=\"width: 0px;\">\n            <div class=\"kksr-star\" style=\"padding-right: 5px\">\n            \n\n<div class=\"kksr-icon\" style=\"width: 30px; height: 30px;\"><\/div>\n        <\/div>\n            <div class=\"kksr-star\" style=\"padding-right: 5px\">\n            \n\n<div class=\"kksr-icon\" style=\"width: 30px; height: 30px;\"><\/div>\n        <\/div>\n            <div class=\"kksr-star\" style=\"padding-right: 5px\">\n            \n\n<div class=\"kksr-icon\" style=\"width: 30px; height: 30px;\"><\/div>\n        <\/div>\n            <div class=\"kksr-star\" style=\"padding-right: 5px\">\n            \n\n<div class=\"kksr-icon\" style=\"width: 30px; height: 30px;\"><\/div>\n        <\/div>\n            <div class=\"kksr-star\" style=\"padding-right: 5px\">\n            \n\n<div class=\"kksr-icon\" style=\"width: 30px; height: 30px;\"><\/div>\n        <\/div>\n    <\/div>\n<\/div>\n                \n\n<div class=\"kksr-legend\" style=\"font-size: 24px;\">\n            <span class=\"kksr-muted\">Rate this page<\/span>\n    <\/div>\n    <\/div>\n<h2 style=\"text-align: left;\"><img loading=\"lazy\" decoding=\"async\" class=\"alignleft wp-image-1091\" src=\"https:\/\/lottomat.com\/wp-content\/uploads\/2025\/03\/play-lotteries-available-in-other-countries-300x300.png\" alt=\"hrajte loterie dostupn\u00e9 v jin\u00fdch zem\u00edch\" width=\"130\" height=\"130\" srcset=\"https:\/\/lottomat.com\/wp-content\/uploads\/2025\/03\/play-lotteries-available-in-other-countries-300x300.png 300w, https:\/\/lottomat.com\/wp-content\/uploads\/2025\/03\/play-lotteries-available-in-other-countries-150x150.png 150w, https:\/\/lottomat.com\/wp-content\/uploads\/2025\/03\/play-lotteries-available-in-other-countries-100x100.png 100w, https:\/\/lottomat.com\/wp-content\/uploads\/2025\/03\/play-lotteries-available-in-other-countries.png 400w\" sizes=\"auto, (max-width: 130px) 100vw, 130px\" \/>Mohu hr\u00e1t loterie dostupn\u00e9 v jin\u00fdch zem\u00edch?<\/h2>\n<p>Ano, Ano, Ano! Odpov\u011b\u010f na nej\u010dast\u011bji kladenou ot\u00e1zku na\u0161ich hr\u00e1\u010d\u016f zn\u00ed ano &#8211; m\u016f\u017eete hr\u00e1t nejv\u011bt\u0161\u00ed sv\u011btov\u00e9 loterie bez ohledu na zemi va\u0161eho bydli\u0161t\u011b. Na webov\u00fdch str\u00e1nk\u00e1ch Lottomat m\u00e1te k dispozici nejv\u011bt\u0161\u00ed loterie, ani\u017e byste museli nav\u0161t\u00edvit jakoukoli kancel\u00e1\u0159 loterie, v\u010detn\u011b t\u00e9 nejbli\u017e\u0161\u00ed ve va\u0161\u00ed zemi bydli\u0161t\u011b. V Lottomat najdete loterie, kter\u00e9 zaru\u010duj\u00ed nejv\u011bt\u0161\u00ed v\u00fdhry, mezi nimi SuperEnalotto, ve kter\u00e9 mus\u00edte pro v\u00fdhru hlavn\u00ed ceny spr\u00e1vn\u011b uhodnout 6 \u010d\u00edsel z 90. K dispozici je tak\u00e9 Eurojackpot a EuroMillions, co\u017e jsou nejv\u00fdznamn\u011bj\u0161\u00ed evropsk\u00e9 loterie; pro v\u00fdhru sta\u010d\u00ed vybrat p\u011bt \u010d\u00edsel z 50. S n\u00e1mi m\u016f\u017eete tak\u00e9 hr\u00e1t French Lotto, UK Lotto nebo dv\u011b fantastick\u00e9 \u0161pan\u011blsk\u00e9 loterie, El Gordo a La Primitiva, nab\u00edzej\u00edc\u00ed vysokou \u0161anci na v\u00fdhru. V na\u0161em portfoliu najdete tak\u00e9 nejv\u011bt\u0161\u00ed americk\u00e9 loterie, v\u010detn\u011b Powerball, Mega Millions a mnoho dal\u0161\u00edch atraktivn\u00edch mo\u017enost\u00ed, kter\u00e9 v\u00e1m poskytuj\u00ed p\u0159\u00edle\u017eitost zv\u00fd\u0161it sv\u00e9 \u0161ance na v\u00fdhru.<\/p>\n<hr \/>\n<h2><img loading=\"lazy\" decoding=\"async\" class=\"alignleft wp-image-21538 lazy loaded\" src=\"https:\/\/lottomat.net\/wp-content\/uploads\/2020\/06\/euro-jackpot-2.png\" alt=\"euro jackpot\" width=\"130\" height=\"130\" data-src=\"https:\/\/lottomat.net\/wp-content\/uploads\/2020\/06\/euro-jackpot-2.png\" data-was-processed=\"true\" srcset=\"https:\/\/lottomat.com\/wp-content\/uploads\/2020\/06\/euro-jackpot-2.png 400w, https:\/\/lottomat.com\/wp-content\/uploads\/2020\/06\/euro-jackpot-2-300x300.png 300w, https:\/\/lottomat.com\/wp-content\/uploads\/2020\/06\/euro-jackpot-2-150x150.png 150w, https:\/\/lottomat.com\/wp-content\/uploads\/2020\/06\/euro-jackpot-2-100x100.png 100w\" sizes=\"auto, (max-width: 130px) 100vw, 130px\" \/>Jak mohu koupit tikety?<\/h2>\n<p>N\u00e1kup lotern\u00edch tiket\u016f online je mimo\u0159\u00e1dn\u011b jednoduch\u00fd, rychl\u00fd a p\u0159edev\u0161\u00edm bezpe\u010dn\u00fd. Sta\u010d\u00ed vybrat loterii, zvolit \u010d\u00edsla, dokon\u010dit jednoduchou registraci, zaplatit s\u00e1zenku a po losov\u00e1n\u00ed ov\u011b\u0159it, \u017ee jste spr\u00e1vn\u011b vybrali.<\/p>\n<hr \/>\n<h2><img loading=\"lazy\" decoding=\"async\" class=\"alignleft wp-image-21566 lazy loaded\" src=\"https:\/\/lottomat.net\/wp-content\/uploads\/2020\/06\/Euro-Million.png\" alt=\"Euro Million\" width=\"130\" height=\"130\" data-src=\"https:\/\/lottomat.net\/wp-content\/uploads\/2020\/06\/Euro-Million.png\" data-was-processed=\"true\" srcset=\"https:\/\/lottomat.com\/wp-content\/uploads\/2020\/06\/Euro-Million.png 400w, https:\/\/lottomat.com\/wp-content\/uploads\/2020\/06\/Euro-Million-300x300.png 300w, https:\/\/lottomat.com\/wp-content\/uploads\/2020\/06\/Euro-Million-150x150.png 150w, https:\/\/lottomat.com\/wp-content\/uploads\/2020\/06\/Euro-Million-100x100.png 100w\" sizes=\"auto, (max-width: 130px) 100vw, 130px\" \/>Co se stane pot\u00e9, co si objedn\u00e1m s\u00e1zenku online?<\/h2>\n<p>Jeden z na\u0161ich z\u00e1stupc\u016f za v\u00e1s zakoup\u00ed ofici\u00e1ln\u00ed s\u00e1zenku podle v\u00e1mi vybran\u00fdch \u010d\u00edsel. Va\u0161e s\u00e1zenka bude ulo\u017eena v sejfu a\u017e do losov\u00e1n\u00ed a \u010d\u00edsla, kter\u00e1 jste vybrali, budou na va\u0161em u\u017eivatelsk\u00e9m \u00fa\u010dtu na na\u0161ich str\u00e1nk\u00e1ch. Krom\u011b toho v\u00e1s Lottomat p\u0159i n\u00e1kupu upozorn\u00ed tak\u00e9 e-mailem na \u010d\u00e1stku vynalo\u017eenou na n\u00e1kup tiket\u016f, zp\u016fsob platby a \u010d\u00edsla, kter\u00e1 jste si vybrali. Nav\u00edc bude na v\u00e1\u0161 \u00fa\u010det um\u00edst\u011bn sken zakoupen\u00e9 s\u00e1zenky.<\/p>\n<hr \/>\n<h2><img loading=\"lazy\" decoding=\"async\" class=\"alignleft wp-image-21594 lazy loaded\" src=\"https:\/\/lottomat.net\/wp-content\/uploads\/2020\/06\/Euro-Millions.png\" alt=\"Euro Millions\" width=\"122\" height=\"122\" data-src=\"https:\/\/lottomat.net\/wp-content\/uploads\/2020\/06\/Euro-Millions.png\" data-was-processed=\"true\" srcset=\"https:\/\/lottomat.com\/wp-content\/uploads\/2020\/06\/Euro-Millions.png 400w, https:\/\/lottomat.com\/wp-content\/uploads\/2020\/06\/Euro-Millions-300x300.png 300w, https:\/\/lottomat.com\/wp-content\/uploads\/2020\/06\/Euro-Millions-150x150.png 150w, https:\/\/lottomat.com\/wp-content\/uploads\/2020\/06\/Euro-Millions-100x100.png 100w\" sizes=\"auto, (max-width: 122px) 100vw, 122px\" \/>Jak nep\u0159ehl\u00e9dnout jackpoty?<\/h2>\n<p>Lottomat v\u00e1s bude informovat o nadch\u00e1zej\u00edc\u00edch jackpotech. P\u0159edem obdr\u017e\u00edte e-mail, kter\u00fd v\u00e1m p\u0159ipomene nadch\u00e1zej\u00edc\u00ed losov\u00e1n\u00ed, a budete moci napl\u00e1novat sv\u016fj hern\u00ed rozvrh pomoc\u00ed mo\u017enosti p\u0159edplatn\u00e9ho.<\/p>\n<p>&nbsp;<\/p>\n<hr \/>\n<h2><img loading=\"lazy\" decoding=\"async\" class=\"alignleft wp-image-21622 lazy loaded\" src=\"https:\/\/lottomat.net\/wp-content\/uploads\/2020\/06\/mega-millions.png\" alt=\"mega millions\" width=\"130\" height=\"130\" data-src=\"https:\/\/lottomat.net\/wp-content\/uploads\/2020\/06\/mega-millions.png\" data-was-processed=\"true\" srcset=\"https:\/\/lottomat.com\/wp-content\/uploads\/2020\/06\/mega-millions.png 400w, https:\/\/lottomat.com\/wp-content\/uploads\/2020\/06\/mega-millions-300x300.png 300w, https:\/\/lottomat.com\/wp-content\/uploads\/2020\/06\/mega-millions-150x150.png 150w, https:\/\/lottomat.com\/wp-content\/uploads\/2020\/06\/mega-millions-100x100.png 100w\" sizes=\"auto, (max-width: 130px) 100vw, 130px\" \/>Co kdy\u017e vyhraji?<\/h2>\n<p>I v tuto chv\u00edli v\u00e1m Lottomat usnad\u0148uje vyzvednut\u00ed va\u0161ich v\u00fdher. V\u0161echny va\u0161e v\u00fdhry a\u017e do v\u00fd\u0161e 2 500 EUR jsou automaticky p\u0159ips\u00e1ny na v\u00e1\u0161 \u00fa\u010det v na\u0161em syst\u00e9mu ihned po losov\u00e1n\u00ed a mohou b\u00fdt pou\u017eity pro va\u0161e n\u00e1sleduj\u00edc\u00ed n\u00e1kupy nebo vy\u017e\u00e1d\u00e1ny jako v\u00fdb\u011br z va\u0161eho \u00fa\u010dtu. To v\u0161e d\u011bl\u00e1te online &#8211; pohodln\u011b a bezpe\u010dn\u011b. V p\u0159\u00edpad\u011b v\u00fdznamn\u00fdch cen v\u00e1m Lottomat pom\u016f\u017ee vybrat nejvhodn\u011bj\u0161\u00ed formu p\u0159evzet\u00ed odm\u011bny. Velk\u00e9 ceny jsou obvykle vlo\u017eeny na bankovn\u00ed \u00fa\u010det, kter\u00fd ur\u010d\u00edte, a v n\u011bkter\u00fdch p\u0159\u00edpadech m\u016f\u017ee b\u00fdt vy\u017eadov\u00e1na va\u0161e p\u0159\u00edtomnost k vyzvednut\u00ed v\u00fdhry. I toto za\u0159\u00edd\u00edme tak, abyste si mohli pln\u011b u\u017e\u00edt v\u00fdhry, stejn\u011b jako mnoho na\u0161ich sou\u010dasn\u00fdch v\u00fdherc\u016f.<\/p>\n<hr \/>\n<h2><img loading=\"lazy\" decoding=\"async\" class=\"alignleft wp-image-21650 lazy loaded\" src=\"https:\/\/lottomat.net\/wp-content\/uploads\/2020\/06\/online-lotto.png\" alt=\"online lotto\" width=\"130\" height=\"130\" data-src=\"https:\/\/lottomat.net\/wp-content\/uploads\/2020\/06\/online-lotto.png\" data-was-processed=\"true\" srcset=\"https:\/\/lottomat.com\/wp-content\/uploads\/2020\/06\/online-lotto.png 400w, https:\/\/lottomat.com\/wp-content\/uploads\/2020\/06\/online-lotto-300x300.png 300w, https:\/\/lottomat.com\/wp-content\/uploads\/2020\/06\/online-lotto-150x150.png 150w, https:\/\/lottomat.com\/wp-content\/uploads\/2020\/06\/online-lotto-100x100.png 100w\" sizes=\"auto, (max-width: 130px) 100vw, 130px\" \/>Existuj\u00ed n\u011bjak\u00e9 metody k v\u00fdh\u0159e?<\/h2>\n<p>Chceme v\u00e1s ujistit, \u017ee o takov\u00fdch metod\u00e1ch nev\u00edme. Loterie, stejn\u011b jako v\u011bt\u0161ina \u010d\u00edseln\u00fdch her, jsou zalo\u017eeny na n\u00e1hodnosti. Pravd\u011bpodobn\u011b jste sly\u0161eli, \u017ee n\u011bkdo objevil syst\u00e9m pro hru Lotto nebo jinou hazardn\u00ed hru. Navzdory d\u016fkaz\u016fm nazna\u010duj\u00edc\u00edm, \u017ee ur\u010dit\u00e1 \u010d\u00edsla jsou ta\u017eena \u010dast\u011bji ne\u017e jin\u00e1, odborn\u00edci se shoduj\u00ed, \u017ee neexistuje \u017e\u00e1dn\u00fd prok\u00e1zan\u00fd syst\u00e9m. To je paradox Lotta. Ka\u017ed\u00fd m\u00e1 zde stejn\u00e9 \u0161ance, tak\u017ee mo\u017en\u00e1 pr\u00e1v\u011b dnes va\u0161e sada \u010d\u00edsel vyhraje. Poj\u010fme tedy hr\u00e1t systematicky, proto\u017ee \u0161t\u011bst\u00ed se m\u016f\u017ee usm\u00e1t kdykoli. Na\u0161i sou\u010dasn\u00ed v\u00fdherci nazna\u010duj\u00ed, \u017ee pravidelnost a d\u016fsledn\u00e1 hra jsou kl\u00ed\u010dem k v\u00fdh\u0159e.<\/p>\n<hr \/>\n<h2 style=\"text-align: center;\"><span style=\"color: #00b3ff;\">S n\u00e1mi m\u016f\u017eete hr\u00e1t 24\/7, 365 dn\u00ed v roce.<\/span><\/h2>\n","protected":false},"excerpt":{"rendered":"<p>Mohu hr\u00e1t loterie dostupn\u00e9 v jin\u00fdch zem\u00edch? Ano, Ano, Ano! Odpov\u011b\u010f na nej\u010dast\u011bji kladenou ot\u00e1zku na\u0161ich hr\u00e1\u010d\u016f zn\u00ed ano &#8211; m\u016f\u017eete hr\u00e1t nejv\u011bt\u0161\u00ed sv\u011btov\u00e9 loterie bez ohledu na zemi va\u0161eho bydli\u0161t\u011b. Na webov\u00fdch str\u00e1nk\u00e1ch Lottomat m\u00e1te k dispozici nejv\u011bt\u0161\u00ed loterie, ani\u017e byste museli nav\u0161t\u00edvit jakoukoli kancel\u00e1\u0159 loterie, v\u010detn\u011b t\u00e9 nejbli\u017e\u0161\u00ed ve va\u0161\u00ed zemi bydli\u0161t\u011b. V [&hellip;]<\/p>\n","protected":false},"author":1,"featured_media":0,"parent":0,"menu_order":1,"comment_status":"closed","ping_status":"closed","template":"lotto.php","meta":{"_et_pb_use_builder":"","_et_pb_old_content":"","_et_gb_content_width":"","exclude_from_search":false,"footnotes":""},"class_list":["post-6389","page","type-page","status-publish","hentry"],"yoast_head":"<!-- This site is optimized with the Yoast SEO plugin v23.8 - https:\/\/yoast.com\/wordpress\/plugins\/seo\/ -->\n<title>Lotto online - n\u00e1kup los\u016f online - Lottomat.com<\/title>\n<meta name=\"description\" content=\"Lottomat nab\u00edz\u00ed nejv\u011bt\u0161\u00ed loterie na sv\u011bt\u011b s nejlep\u0161\u00edmi jackpoty. Hrajte online a vyhrajte velk\u00e9 \u010d\u00e1stky! Kupte si losy a pod\u00edvejte se na v\u00fdsledky.\" \/>\n<meta name=\"robots\" content=\"index, follow, max-snippet:-1, max-image-preview:large, max-video-preview:-1\" \/>\n<link rel=\"canonical\" href=\"https:\/\/lottomat.com\/cs\/\" \/>\n<meta property=\"og:locale\" content=\"cs_CZ\" \/>\n<meta property=\"og:type\" content=\"article\" \/>\n<meta property=\"og:title\" content=\"Lotto online - n\u00e1kup los\u016f online - Lottomat.com\" \/>\n<meta property=\"og:description\" content=\"Lottomat nab\u00edz\u00ed nejv\u011bt\u0161\u00ed loterie na sv\u011bt\u011b s nejlep\u0161\u00edmi jackpoty. Hrajte online a vyhrajte velk\u00e9 \u010d\u00e1stky! Kupte si losy a pod\u00edvejte se na v\u00fdsledky.\" \/>\n<meta property=\"og:url\" content=\"https:\/\/lottomat.com\/cs\/\" \/>\n<meta property=\"og:site_name\" content=\"Lottomat\" \/>\n<meta property=\"article:modified_time\" content=\"2026-02-13T11:15:14+00:00\" \/>\n<meta property=\"og:image\" content=\"https:\/\/lottomat.com\/wp-content\/uploads\/2025\/03\/play-lotteries-available-in-other-countries-300x300.png\" \/>\n<meta name=\"twitter:card\" content=\"summary_large_image\" \/>\n<meta name=\"twitter:label1\" content=\"Odhadovan\u00e1 doba \u010dten\u00ed\" \/>\n\t<meta name=\"twitter:data1\" content=\"4 minuty\" \/>\n<script type=\"application\/ld+json\" class=\"yoast-schema-graph\">{\"@context\":\"https:\/\/schema.org\",\"@graph\":[{\"@type\":\"WebPage\",\"@id\":\"https:\/\/lottomat.com\/cs\/\",\"url\":\"https:\/\/lottomat.com\/cs\/\",\"name\":\"Lotto online - n\u00e1kup los\u016f online - Lottomat.com\",\"isPartOf\":{\"@id\":\"https:\/\/lottomat.com\/cs\/#website\"},\"primaryImageOfPage\":{\"@id\":\"https:\/\/lottomat.com\/cs\/#primaryimage\"},\"image\":{\"@id\":\"https:\/\/lottomat.com\/cs\/#primaryimage\"},\"thumbnailUrl\":\"https:\/\/lottomat.com\/wp-content\/uploads\/2025\/03\/play-lotteries-available-in-other-countries-300x300.png\",\"datePublished\":\"2025-03-26T07:12:15+00:00\",\"dateModified\":\"2026-02-13T11:15:14+00:00\",\"description\":\"Lottomat nab\u00edz\u00ed nejv\u011bt\u0161\u00ed loterie na sv\u011bt\u011b s nejlep\u0161\u00edmi jackpoty. Hrajte online a vyhrajte velk\u00e9 \u010d\u00e1stky! Kupte si losy a pod\u00edvejte se na v\u00fdsledky.\",\"breadcrumb\":{\"@id\":\"https:\/\/lottomat.com\/cs\/#breadcrumb\"},\"inLanguage\":\"cs\",\"potentialAction\":[{\"@type\":\"ReadAction\",\"target\":[\"https:\/\/lottomat.com\/cs\/\"]}]},{\"@type\":\"ImageObject\",\"inLanguage\":\"cs\",\"@id\":\"https:\/\/lottomat.com\/cs\/#primaryimage\",\"url\":\"https:\/\/lottomat.com\/wp-content\/uploads\/2025\/03\/play-lotteries-available-in-other-countries-300x300.png\",\"contentUrl\":\"https:\/\/lottomat.com\/wp-content\/uploads\/2025\/03\/play-lotteries-available-in-other-countries-300x300.png\"},{\"@type\":\"BreadcrumbList\",\"@id\":\"https:\/\/lottomat.com\/cs\/#breadcrumb\",\"itemListElement\":[{\"@type\":\"ListItem\",\"position\":1,\"name\":\"Home\",\"item\":\"https:\/\/lottomat.com\/cs\/\"},{\"@type\":\"ListItem\",\"position\":2,\"name\":\"Lottomat &#8211; nejv\u011bt\u0161\u00ed sv\u011btov\u00e9 loterie na jednom m\u00edst\u011b\"}]},{\"@type\":\"WebSite\",\"@id\":\"https:\/\/lottomat.com\/cs\/#website\",\"url\":\"https:\/\/lottomat.com\/cs\/\",\"name\":\"Lottomat\",\"description\":\"\",\"potentialAction\":[{\"@type\":\"SearchAction\",\"target\":{\"@type\":\"EntryPoint\",\"urlTemplate\":\"https:\/\/lottomat.com\/cs\/?s={search_term_string}\"},\"query-input\":{\"@type\":\"PropertyValueSpecification\",\"valueRequired\":true,\"valueName\":\"search_term_string\"}}],\"inLanguage\":\"cs\"}]}<\/script>\n<!-- \/ Yoast SEO plugin. -->","yoast_head_json":{"title":"Lotto online - n\u00e1kup los\u016f online - Lottomat.com","description":"Lottomat nab\u00edz\u00ed nejv\u011bt\u0161\u00ed loterie na sv\u011bt\u011b s nejlep\u0161\u00edmi jackpoty. Hrajte online a vyhrajte velk\u00e9 \u010d\u00e1stky! Kupte si losy a pod\u00edvejte se na v\u00fdsledky.","robots":{"index":"index","follow":"follow","max-snippet":"max-snippet:-1","max-image-preview":"max-image-preview:large","max-video-preview":"max-video-preview:-1"},"canonical":"https:\/\/lottomat.com\/cs\/","og_locale":"cs_CZ","og_type":"article","og_title":"Lotto online - n\u00e1kup los\u016f online - Lottomat.com","og_description":"Lottomat nab\u00edz\u00ed nejv\u011bt\u0161\u00ed loterie na sv\u011bt\u011b s nejlep\u0161\u00edmi jackpoty. Hrajte online a vyhrajte velk\u00e9 \u010d\u00e1stky! Kupte si losy a pod\u00edvejte se na v\u00fdsledky.","og_url":"https:\/\/lottomat.com\/cs\/","og_site_name":"Lottomat","article_modified_time":"2026-02-13T11:15:14+00:00","og_image":[{"url":"https:\/\/lottomat.com\/wp-content\/uploads\/2025\/03\/play-lotteries-available-in-other-countries-300x300.png"}],"twitter_card":"summary_large_image","twitter_misc":{"Odhadovan\u00e1 doba \u010dten\u00ed":"4 minuty"},"schema":{"@context":"https:\/\/schema.org","@graph":[{"@type":"WebPage","@id":"https:\/\/lottomat.com\/cs\/","url":"https:\/\/lottomat.com\/cs\/","name":"Lotto online - n\u00e1kup los\u016f online - Lottomat.com","isPartOf":{"@id":"https:\/\/lottomat.com\/cs\/#website"},"primaryImageOfPage":{"@id":"https:\/\/lottomat.com\/cs\/#primaryimage"},"image":{"@id":"https:\/\/lottomat.com\/cs\/#primaryimage"},"thumbnailUrl":"https:\/\/lottomat.com\/wp-content\/uploads\/2025\/03\/play-lotteries-available-in-other-countries-300x300.png","datePublished":"2025-03-26T07:12:15+00:00","dateModified":"2026-02-13T11:15:14+00:00","description":"Lottomat nab\u00edz\u00ed nejv\u011bt\u0161\u00ed loterie na sv\u011bt\u011b s nejlep\u0161\u00edmi jackpoty. Hrajte online a vyhrajte velk\u00e9 \u010d\u00e1stky! Kupte si losy a pod\u00edvejte se na v\u00fdsledky.","breadcrumb":{"@id":"https:\/\/lottomat.com\/cs\/#breadcrumb"},"inLanguage":"cs","potentialAction":[{"@type":"ReadAction","target":["https:\/\/lottomat.com\/cs\/"]}]},{"@type":"ImageObject","inLanguage":"cs","@id":"https:\/\/lottomat.com\/cs\/#primaryimage","url":"https:\/\/lottomat.com\/wp-content\/uploads\/2025\/03\/play-lotteries-available-in-other-countries-300x300.png","contentUrl":"https:\/\/lottomat.com\/wp-content\/uploads\/2025\/03\/play-lotteries-available-in-other-countries-300x300.png"},{"@type":"BreadcrumbList","@id":"https:\/\/lottomat.com\/cs\/#breadcrumb","itemListElement":[{"@type":"ListItem","position":1,"name":"Home","item":"https:\/\/lottomat.com\/cs\/"},{"@type":"ListItem","position":2,"name":"Lottomat &#8211; nejv\u011bt\u0161\u00ed sv\u011btov\u00e9 loterie na jednom m\u00edst\u011b"}]},{"@type":"WebSite","@id":"https:\/\/lottomat.com\/cs\/#website","url":"https:\/\/lottomat.com\/cs\/","name":"Lottomat","description":"","potentialAction":[{"@type":"SearchAction","target":{"@type":"EntryPoint","urlTemplate":"https:\/\/lottomat.com\/cs\/?s={search_term_string}"},"query-input":{"@type":"PropertyValueSpecification","valueRequired":true,"valueName":"search_term_string"}}],"inLanguage":"cs"}]}},"_links":{"self":[{"href":"https:\/\/lottomat.com\/cs\/wp-json\/wp\/v2\/pages\/6389","targetHints":{"allow":["GET"]}}],"collection":[{"href":"https:\/\/lottomat.com\/cs\/wp-json\/wp\/v2\/pages"}],"about":[{"href":"https:\/\/lottomat.com\/cs\/wp-json\/wp\/v2\/types\/page"}],"author":[{"embeddable":true,"href":"https:\/\/lottomat.com\/cs\/wp-json\/wp\/v2\/users\/1"}],"replies":[{"embeddable":true,"href":"https:\/\/lottomat.com\/cs\/wp-json\/wp\/v2\/comments?post=6389"}],"version-history":[{"count":1,"href":"https:\/\/lottomat.com\/cs\/wp-json\/wp\/v2\/pages\/6389\/revisions"}],"predecessor-version":[{"id":270976,"href":"https:\/\/lottomat.com\/cs\/wp-json\/wp\/v2\/pages\/6389\/revisions\/270976"}],"wp:attachment":[{"href":"https:\/\/lottomat.com\/cs\/wp-json\/wp\/v2\/media?parent=6389"}],"curies":[{"name":"wp","href":"https:\/\/api.w.org\/{rel}","templated":true}]}}