{"id":270489,"date":"2025-05-18T16:33:53","date_gmt":"2025-05-18T16:33:53","guid":{"rendered":"https:\/\/lottomat.com\/?page_id=270489"},"modified":"2026-02-05T13:09:23","modified_gmt":"2026-02-05T13:09:23","slug":"euromillions-rakousko-pravidla-ceny-a-jackpot","status":"publish","type":"page","link":"https:\/\/lottomat.com\/cs\/loterie\/euromillions-rakousko-pravidla-ceny-a-jackpot\/","title":{"rendered":"Euromillions Rakousko Pravidla: Ceny a Jackpot"},"content":{"rendered":"\n\n<div class=\"kk-star-ratings kksr-auto kksr-align-left kksr-valign-top\"\n    data-payload='{&quot;align&quot;:&quot;left&quot;,&quot;id&quot;:&quot;270489&quot;,&quot;slug&quot;:&quot;default&quot;,&quot;valign&quot;:&quot;top&quot;,&quot;ignore&quot;:&quot;&quot;,&quot;reference&quot;:&quot;auto&quot;,&quot;class&quot;:&quot;&quot;,&quot;count&quot;:&quot;0&quot;,&quot;legendonly&quot;:&quot;&quot;,&quot;readonly&quot;:&quot;&quot;,&quot;score&quot;:&quot;0&quot;,&quot;starsonly&quot;:&quot;&quot;,&quot;best&quot;:&quot;5&quot;,&quot;gap&quot;:&quot;5&quot;,&quot;greet&quot;:&quot;Rate this page&quot;,&quot;legend&quot;:&quot;0\\\/5 - (0 votes)&quot;,&quot;size&quot;:&quot;30&quot;,&quot;title&quot;:&quot;Euromillions Rakousko Pravidla: Ceny a Jackpot&quot;,&quot;width&quot;:&quot;0&quot;,&quot;_legend&quot;:&quot;{score}\\\/{best} - ({count} {votes})&quot;,&quot;font_factor&quot;:&quot;1.25&quot;}'>\n            \n<div class=\"kksr-stars\">\n    \n<div class=\"kksr-stars-inactive\">\n            <div class=\"kksr-star\" data-star=\"1\" style=\"padding-right: 5px\">\n            \n\n<div class=\"kksr-icon\" style=\"width: 30px; height: 30px;\"><\/div>\n        <\/div>\n            <div class=\"kksr-star\" data-star=\"2\" style=\"padding-right: 5px\">\n            \n\n<div class=\"kksr-icon\" style=\"width: 30px; height: 30px;\"><\/div>\n        <\/div>\n            <div class=\"kksr-star\" data-star=\"3\" style=\"padding-right: 5px\">\n            \n\n<div class=\"kksr-icon\" style=\"width: 30px; height: 30px;\"><\/div>\n        <\/div>\n            <div class=\"kksr-star\" data-star=\"4\" style=\"padding-right: 5px\">\n            \n\n<div class=\"kksr-icon\" style=\"width: 30px; height: 30px;\"><\/div>\n        <\/div>\n            <div class=\"kksr-star\" data-star=\"5\" style=\"padding-right: 5px\">\n            \n\n<div class=\"kksr-icon\" style=\"width: 30px; height: 30px;\"><\/div>\n        <\/div>\n    <\/div>\n    \n<div class=\"kksr-stars-active\" style=\"width: 0px;\">\n            <div class=\"kksr-star\" style=\"padding-right: 5px\">\n            \n\n<div class=\"kksr-icon\" style=\"width: 30px; height: 30px;\"><\/div>\n        <\/div>\n            <div class=\"kksr-star\" style=\"padding-right: 5px\">\n            \n\n<div class=\"kksr-icon\" style=\"width: 30px; height: 30px;\"><\/div>\n        <\/div>\n            <div class=\"kksr-star\" style=\"padding-right: 5px\">\n            \n\n<div class=\"kksr-icon\" style=\"width: 30px; height: 30px;\"><\/div>\n        <\/div>\n            <div class=\"kksr-star\" style=\"padding-right: 5px\">\n            \n\n<div class=\"kksr-icon\" style=\"width: 30px; height: 30px;\"><\/div>\n        <\/div>\n            <div class=\"kksr-star\" style=\"padding-right: 5px\">\n            \n\n<div class=\"kksr-icon\" style=\"width: 30px; height: 30px;\"><\/div>\n        <\/div>\n    <\/div>\n<\/div>\n                \n\n<div class=\"kksr-legend\" style=\"font-size: 24px;\">\n            <span class=\"kksr-muted\">Rate this page<\/span>\n    <\/div>\n    <\/div>\n<h2>Objevte vzru\u0161en\u00ed z EuroMillions Rakousko \u2013 Va\u0161e br\u00e1na k \u017eivotn\u011b m\u011bn\u00edc\u00edm v\u00fdhr\u00e1m!<\/h2>\n<p><img loading=\"lazy\" decoding=\"async\" class=\"alignleft wp-image-268187\" src=\"https:\/\/lottomat.com\/wp-content\/uploads\/2026\/01\/Austrian-EuroMillions-prizes.webp\" alt=\"Ceny rakousk\u00e9ho EuroMillions\" width=\"200\" height=\"200\" srcset=\"https:\/\/lottomat.com\/wp-content\/uploads\/2026\/01\/Austrian-EuroMillions-prizes.webp 400w, https:\/\/lottomat.com\/wp-content\/uploads\/2026\/01\/Austrian-EuroMillions-prizes-300x300.webp 300w, https:\/\/lottomat.com\/wp-content\/uploads\/2026\/01\/Austrian-EuroMillions-prizes-150x150.webp 150w, https:\/\/lottomat.com\/wp-content\/uploads\/2026\/01\/Austrian-EuroMillions-prizes-100x100.webp 100w\" sizes=\"auto, (max-width: 200px) 100vw, 200px\" \/>P\u0159edstavte si, \u017ee se z\u00edtra probud\u00edte a uv\u011bdom\u00edte si, \u017ee se va\u0161e sny kone\u010dn\u011b mohou splnit \u2013 luxusn\u00ed d\u016fm, exotick\u00e9 dovolen\u00e9, finan\u010dn\u00ed zaji\u0161t\u011bn\u00ed pro va\u0161e bl\u00edzk\u00e9 a svoboda \u017e\u00edt \u017eivot podle vlastn\u00edch p\u0159edstav. S EuroMillions Rakousko, ofici\u00e1ln\u011b zn\u00e1m\u00fdm jako EuroMillions EU, by se tento sen mohl st\u00e1t va\u0161\u00ed realitou! Jako jedna z nejpopul\u00e1rn\u011bj\u0161\u00edch a nejv\u00edce vzru\u0161uj\u00edc\u00edch loteri\u00ed v Evrop\u011b v\u00e1m EuroMillions Rakousko nab\u00edz\u00ed jedine\u010dnou \u0161anci vyhr\u00e1t ohromuj\u00edc\u00ed jackpoty a b\u00fdt sou\u010d\u00e1st\u00ed vzru\u0161uj\u00edc\u00edho, \u017eivotn\u011b m\u011bn\u00edc\u00edho z\u00e1\u017eitku. Poj\u010fme se pono\u0159it do v\u0161eho, co pot\u0159ebujete v\u011bd\u011bt o t\u00e9to neuv\u011b\u0159iteln\u00e9 loterii a co ji odli\u0161uje od jej\u00edho britsk\u00e9ho prot\u011bj\u0161ku. Dozv\u00edte se v\u00edce o pravidlech EuroMillions Rakousko, a pak&#8230; <a href=\"https:\/\/lottomat.com\/cs\/hrat\/euromillions-eu-online-euromillions-rakousko-vstupenky\/\">hrajte EuroMillions Rakousko online<\/a> na LottoMat!<\/p>\n<h2>Co je EuroMillions Rakousko (EuroMillions EU)?<\/h2>\n<p>EuroMillions Rakousko je rakousk\u00e1 \u00fa\u010dast na slavn\u00e9 loterii EuroMillions, nadn\u00e1rodn\u00ed evropsk\u00e9 loterii, kter\u00e1 spojuje hr\u00e1\u010de z Rakouska, \u0160pan\u011blska, Francie, Belgie, Irska, Lucemburska, Portugalska a \u0160v\u00fdcarska. EuroMillions byla spu\u0161t\u011bna v roce 2004 a rychle se stala senzac\u00ed po cel\u00e9m kontinentu d\u00edky sv\u00fdm obrovsk\u00fdm jackpot\u016fm a jednoduch\u00e9, poutav\u00e9 hratelnosti.<\/p>\n<p>Pro hru EuroMillions Rakousko \u00fa\u010dastn\u00edci vyberou p\u011bt hlavn\u00edch \u010d\u00edsel od 1 do 50 a dv\u011b \u010d\u00edsla \u0160\u0165astn\u00e9 hv\u011bzdy od 1 do 12. Losov\u00e1n\u00ed prob\u00edhaj\u00ed ka\u017ed\u00e9 \u00fater\u00fd a p\u00e1tek ve\u010der v Pa\u0159\u00ed\u017ei a vzru\u0161en\u00ed je hmatateln\u00e9, kdy\u017e miliony Evropan\u016f zataj\u00ed dech v nad\u011bji, \u017ee uvid\u00ed sv\u00e1 \u010d\u00edsla padnout!<\/p>\n<h2>Jak funguje EuroMillions Rakousko? Pravidla EuroMillions Rakousko<img loading=\"lazy\" decoding=\"async\" class=\"alignright wp-image-268217\" src=\"https:\/\/lottomat.com\/wp-content\/uploads\/2026\/01\/Austrian-EuroMillions-rules.webp\" alt=\"Pravidla rakousk\u00e9ho EuroMillions\" width=\"200\" height=\"200\" srcset=\"https:\/\/lottomat.com\/wp-content\/uploads\/2026\/01\/Austrian-EuroMillions-rules.webp 400w, https:\/\/lottomat.com\/wp-content\/uploads\/2026\/01\/Austrian-EuroMillions-rules-300x300.webp 300w, https:\/\/lottomat.com\/wp-content\/uploads\/2026\/01\/Austrian-EuroMillions-rules-150x150.webp 150w, https:\/\/lottomat.com\/wp-content\/uploads\/2026\/01\/Austrian-EuroMillions-rules-100x100.webp 100w\" sizes=\"auto, (max-width: 200px) 100vw, 200px\" \/><\/h2>\n<p>Za\u010d\u00edt je snadn\u00e9 a dostupn\u00e9 pro ka\u017ed\u00e9ho. <a href=\"https:\/\/lottomat.com\/cs\/hrat\/\">M\u016f\u017eete si koupit losy<\/a> na autorizovan\u00fdch prodejn\u00edch m\u00edstech po cel\u00e9m Rakousku nebo hr\u00e1t online z pohodl\u00ed vlastn\u00edho domova. Minim\u00e1ln\u00ed jackpot za\u010d\u00edn\u00e1 na ohromuj\u00edc\u00edch 17 milionech eur, ale s p\u0159eklopen\u00edm m\u016f\u017ee vylet\u011bt a\u017e na \u00fa\u017easn\u00fdch 240 milion\u016f eur! Existuje 13 r\u016fzn\u00fdch cenov\u00fdch \u00farovn\u00ed, co\u017e znamen\u00e1, \u017ee m\u00e1te n\u011bkolik \u0161anc\u00ed vyhr\u00e1t, i kdy\u017e netref\u00edte jackpot.<\/p>\n<p>Kdy\u017e hrajete EuroMillions Rakousko, nep\u0159ipojujete se jen k loterii \u2013 p\u0159ipojujete se ke komunit\u011b sn\u00edlk\u016f, kte\u0159\u00ed v\u0161ichni doufaj\u00ed v ten kouzeln\u00fd okam\u017eik, kdy se jejich \u017eivoty nav\u017edy zm\u011bn\u00ed. A\u0165 u\u017e vyhrajete men\u0161\u00ed cenu nebo tref\u00edte rekordn\u00ed jackpot, ka\u017ed\u00fd los v sob\u011b skr\u00fdv\u00e1 slib sv\u011btlej\u0161\u00edho z\u00edt\u0159ka.<\/p>\n<h2>EuroMillions Rakousko vs EuroMillions UK \u2013 Kl\u00ed\u010dov\u00e9 rozd\u00edly<\/h2>\n<p><img loading=\"lazy\" decoding=\"async\" class=\"alignleft wp-image-268247\" src=\"https:\/\/lottomat.com\/wp-content\/uploads\/2026\/01\/EuroMillions-Austria-jackpot.webp\" alt=\"Jackpot EuroMillions Rakousko\" width=\"200\" height=\"200\" srcset=\"https:\/\/lottomat.com\/wp-content\/uploads\/2026\/01\/EuroMillions-Austria-jackpot.webp 400w, https:\/\/lottomat.com\/wp-content\/uploads\/2026\/01\/EuroMillions-Austria-jackpot-300x300.webp 300w, https:\/\/lottomat.com\/wp-content\/uploads\/2026\/01\/EuroMillions-Austria-jackpot-150x150.webp 150w, https:\/\/lottomat.com\/wp-content\/uploads\/2026\/01\/EuroMillions-Austria-jackpot-100x100.webp 100w\" sizes=\"auto, (max-width: 200px) 100vw, 200px\" \/>I kdy\u017e se Rakousko i Velk\u00e1 Brit\u00e1nie \u00fa\u010dastn\u00ed EuroMillions, existuj\u00ed n\u011bkter\u00e9 d\u016fle\u017eit\u00e9 rozd\u00edly, o kter\u00fdch byste m\u011bli v\u011bd\u011bt:<\/p>\n<ol>\n<li><strong>Cena losu<\/strong>: V Rakousku je cena jednoho <a href=\"https:\/\/lottomat.com\/cs\/hrat\/euromillions-eu-online-euromillions-rakousko-vstupenky\/\">losu EuroMillions Rakousko<\/a> stanovena v eurech. Ve Velk\u00e9 Brit\u00e1nii je cena losu vypo\u010d\u00edt\u00e1na v libr\u00e1ch \u0161terlink\u016f a je m\u00edrn\u011b vy\u0161\u0161\u00ed ne\u017e v Rakousku, proto\u017ee zahrnuje \u00fa\u010dast ve h\u0159e UK Millionaire Maker, kter\u00e1 zaru\u010duje alespo\u0148 jednoho britsk\u00e9ho milion\u00e1\u0159e v ka\u017ed\u00e9m losov\u00e1n\u00ed.<\/li>\n<li><strong>M\u011bna a ceny<\/strong>: Ceny EuroMillions Rakousko jsou vypl\u00e1ceny v eurech, zat\u00edmco brit\u0161t\u00ed hr\u00e1\u010di dost\u00e1vaj\u00ed sv\u00e9 v\u00fdhry v libr\u00e1ch \u0161terlink\u016f. Hodnota vedlej\u0161\u00edch cen se m\u016f\u017ee m\u00edrn\u011b li\u0161it kv\u016fli sm\u011bnn\u00fdm kurz\u016fm.<\/li>\n<li><strong>Dopl\u0148kov\u00e9 hry<\/strong>: Rakou\u0161t\u00ed hr\u00e1\u010di se mohou \u00fa\u010dastnit &#8222;\u00d6sterreich Bonus&#8220; \u2013 exkluzivn\u00edho dopl\u0148kov\u00e9ho losov\u00e1n\u00ed, kter\u00e9 v\u00e1m d\u00e1v\u00e1 je\u0161t\u011b v\u00edce \u0161anc\u00ed vyhr\u00e1t. Britsk\u00fdm ekvivalentem je Millionaire Maker, kter\u00fd je automaticky zahrnut v ka\u017ed\u00e9m losu.<\/li>\n<li><strong>Zdan\u011bn\u00ed<\/strong>: V Rakousku jsou v\u00fdhry z loterie osvobozeny od dan\u011b, tak\u017ee si ponech\u00e1te ka\u017edou korunu ze sv\u00e9 v\u00fdhry! Ve Velk\u00e9 Brit\u00e1nii jsou v\u00fdhry z loterie tak\u00e9 v sou\u010dasnosti osvobozeny od dan\u011b, ale v\u017edy zkontrolujte nejnov\u011bj\u0161\u00ed p\u0159edpisy.<\/li>\n<\/ol>\n<h2>Pro\u010d hr\u00e1t EuroMillions Rakousko? Kouzlo \u017eivotn\u011b m\u011bn\u00edc\u00edch v\u00fdher<\/h2>\n<p>EuroMillions Rakousko nen\u00ed jen o velk\u00fdch pen\u011bz\u00edch \u2013 jde o nad\u011bji, vzru\u0161en\u00ed a pocit mo\u017enost\u00ed. Ka\u017ed\u00e9 losov\u00e1n\u00ed je novou p\u0159\u00edle\u017eitost\u00ed zm\u011bnit v\u00e1\u0161 \u017eivot, pot\u011b\u0161it va\u0161i rodinu, podpo\u0159it charity nebo se vydat na velk\u00e1 dobrodru\u017estv\u00ed, o kter\u00fdch jste v\u017edy snili. P\u0159\u00edb\u011bhy oby\u010dejn\u00fdch lid\u00ed, kte\u0159\u00ed se stali milion\u00e1\u0159i p\u0159es noc, jsou skute\u010dn\u00e9 a inspiruj\u00edc\u00ed \u2013 m\u016f\u017eete b\u00fdt dal\u0161\u00edm!<img loading=\"lazy\" decoding=\"async\" class=\"alignright wp-image-268278\" src=\"https:\/\/lottomat.com\/wp-content\/uploads\/2026\/01\/EuroMillions-Austria-rules.webp\" alt=\"Pravidla EuroMillions Rakousko\" width=\"200\" height=\"200\" srcset=\"https:\/\/lottomat.com\/wp-content\/uploads\/2026\/01\/EuroMillions-Austria-rules.webp 400w, https:\/\/lottomat.com\/wp-content\/uploads\/2026\/01\/EuroMillions-Austria-rules-300x300.webp 300w, https:\/\/lottomat.com\/wp-content\/uploads\/2026\/01\/EuroMillions-Austria-rules-150x150.webp 150w, https:\/\/lottomat.com\/wp-content\/uploads\/2026\/01\/EuroMillions-Austria-rules-100x100.webp 100w\" sizes=\"auto, (max-width: 200px) 100vw, 200px\" \/><\/p>\n<p>Na co \u010dek\u00e1te? P\u0159\u00ed\u0161t\u00ed losov\u00e1n\u00ed EuroMillions Rakousko by mohlo b\u00fdt va\u0161\u00ed vstupenkou do budoucnosti pln\u00e9 sm\u00edchu, luxusu a neomezen\u00fdch mo\u017enost\u00ed. Kupte si sv\u016fj los, sn\u011bte ve velk\u00e9m a p\u0159ijm\u011bte vzru\u0161en\u00ed \u2013 proto\u017ee s EuroMillions Rakousko se m\u016f\u017ee st\u00e1t cokoli!<\/p>\n<p><strong>P\u0159ipojte se k vzru\u0161en\u00ed je\u0161t\u011b dnes \u2013 a nechte sv\u00e9 sny vzl\u00e9tnout s EuroMillions Rakousko! Zkontrolujte <a href=\"https:\/\/lottomat.com\/cs\/vysledky\/euromillions-rakousko-vysledky-euromillions-eu-vyherni-cisla\/\">v\u00fdhern\u00ed \u010d\u00edsla EuroMillions Rakousko<\/a>.<\/strong><\/p>\n","protected":false},"excerpt":{"rendered":"<p>Objevte vzru\u0161en\u00ed z EuroMillions Rakousko \u2013 Va\u0161e br\u00e1na k \u017eivotn\u011b m\u011bn\u00edc\u00edm v\u00fdhr\u00e1m! P\u0159edstavte si, \u017ee se z\u00edtra probud\u00edte a uv\u011bdom\u00edte si, \u017ee se va\u0161e sny kone\u010dn\u011b mohou splnit \u2013 luxusn\u00ed d\u016fm, exotick\u00e9 dovolen\u00e9, finan\u010dn\u00ed zaji\u0161t\u011bn\u00ed pro va\u0161e bl\u00edzk\u00e9 a svoboda \u017e\u00edt \u017eivot podle vlastn\u00edch p\u0159edstav. S EuroMillions Rakousko, ofici\u00e1ln\u011b zn\u00e1m\u00fdm jako EuroMillions EU, by se [&hellip;]<\/p>\n","protected":false},"author":2,"featured_media":0,"parent":6857,"menu_order":0,"comment_status":"closed","ping_status":"closed","template":"euromillions-at-info.php","meta":{"_et_pb_use_builder":"","_et_pb_old_content":"","_et_gb_content_width":"","exclude_from_search":false,"footnotes":""},"class_list":["post-270489","page","type-page","status-publish","hentry"],"yoast_head":"<!-- This site is optimized with the Yoast SEO plugin v23.8 - https:\/\/yoast.com\/wordpress\/plugins\/seo\/ -->\n<title>Euromillions Rakousko Pravidla: Ceny a Jackpot \u2013 LottoMat<\/title>\n<meta name=\"description\" content=\"Dozv\u00edte se v\u00edce o pravidlech hry EuroMillions Rakousko. Zde m\u016f\u017eete zkontrolovat ceny a jackpot EuroMillions Rakousko. Zkontrolujte sv\u00e9 \u0161ance.\" \/>\n<meta name=\"robots\" content=\"index, follow, max-snippet:-1, max-image-preview:large, max-video-preview:-1\" \/>\n<link rel=\"canonical\" href=\"https:\/\/lottomat.com\/cs\/loterie\/euromillions-rakousko-pravidla-ceny-a-jackpot\/\" \/>\n<meta property=\"og:locale\" content=\"cs_CZ\" \/>\n<meta property=\"og:type\" content=\"article\" \/>\n<meta property=\"og:title\" content=\"Euromillions Rakousko Pravidla: Ceny a Jackpot \u2013 LottoMat\" \/>\n<meta property=\"og:description\" content=\"Dozv\u00edte se v\u00edce o pravidlech hry EuroMillions Rakousko. Zde m\u016f\u017eete zkontrolovat ceny a jackpot EuroMillions Rakousko. Zkontrolujte sv\u00e9 \u0161ance.\" \/>\n<meta property=\"og:url\" content=\"https:\/\/lottomat.com\/cs\/loterie\/euromillions-rakousko-pravidla-ceny-a-jackpot\/\" \/>\n<meta property=\"og:site_name\" content=\"Lottomat\" \/>\n<meta property=\"article:modified_time\" content=\"2026-02-05T13:09:23+00:00\" \/>\n<meta property=\"og:image\" content=\"https:\/\/lottomat.com\/wp-content\/uploads\/2026\/01\/Austrian-EuroMillions-prizes.webp\" \/>\n<meta name=\"twitter:card\" content=\"summary_large_image\" \/>\n<meta name=\"twitter:label1\" content=\"Odhadovan\u00e1 doba \u010dten\u00ed\" \/>\n\t<meta name=\"twitter:data1\" content=\"4 minuty\" \/>\n<script type=\"application\/ld+json\" class=\"yoast-schema-graph\">{\"@context\":\"https:\/\/schema.org\",\"@graph\":[{\"@type\":\"WebPage\",\"@id\":\"https:\/\/lottomat.com\/cs\/loterie\/euromillions-rakousko-pravidla-ceny-a-jackpot\/\",\"url\":\"https:\/\/lottomat.com\/cs\/loterie\/euromillions-rakousko-pravidla-ceny-a-jackpot\/\",\"name\":\"Euromillions Rakousko Pravidla: Ceny a Jackpot \u2013 LottoMat\",\"isPartOf\":{\"@id\":\"https:\/\/lottomat.com\/cs\/#website\"},\"primaryImageOfPage\":{\"@id\":\"https:\/\/lottomat.com\/cs\/loterie\/euromillions-rakousko-pravidla-ceny-a-jackpot\/#primaryimage\"},\"image\":{\"@id\":\"https:\/\/lottomat.com\/cs\/loterie\/euromillions-rakousko-pravidla-ceny-a-jackpot\/#primaryimage\"},\"thumbnailUrl\":\"https:\/\/lottomat.com\/wp-content\/uploads\/2026\/01\/Austrian-EuroMillions-prizes.webp\",\"datePublished\":\"2025-05-18T16:33:53+00:00\",\"dateModified\":\"2026-02-05T13:09:23+00:00\",\"description\":\"Dozv\u00edte se v\u00edce o pravidlech hry EuroMillions Rakousko. Zde m\u016f\u017eete zkontrolovat ceny a jackpot EuroMillions Rakousko. Zkontrolujte sv\u00e9 \u0161ance.\",\"breadcrumb\":{\"@id\":\"https:\/\/lottomat.com\/cs\/loterie\/euromillions-rakousko-pravidla-ceny-a-jackpot\/#breadcrumb\"},\"inLanguage\":\"cs\",\"potentialAction\":[{\"@type\":\"ReadAction\",\"target\":[\"https:\/\/lottomat.com\/cs\/loterie\/euromillions-rakousko-pravidla-ceny-a-jackpot\/\"]}]},{\"@type\":\"ImageObject\",\"inLanguage\":\"cs\",\"@id\":\"https:\/\/lottomat.com\/cs\/loterie\/euromillions-rakousko-pravidla-ceny-a-jackpot\/#primaryimage\",\"url\":\"https:\/\/lottomat.com\/wp-content\/uploads\/2026\/01\/Austrian-EuroMillions-prizes.webp\",\"contentUrl\":\"https:\/\/lottomat.com\/wp-content\/uploads\/2026\/01\/Austrian-EuroMillions-prizes.webp\"},{\"@type\":\"BreadcrumbList\",\"@id\":\"https:\/\/lottomat.com\/cs\/loterie\/euromillions-rakousko-pravidla-ceny-a-jackpot\/#breadcrumb\",\"itemListElement\":[{\"@type\":\"ListItem\",\"position\":1,\"name\":\"Home\",\"item\":\"https:\/\/lottomat.com\/cs\/\"},{\"@type\":\"ListItem\",\"position\":2,\"name\":\"Pravidla loteri\u00ed: V\u00fdhry, jackpot a \u0161ance\",\"item\":\"https:\/\/lottomat.com\/cs\/loterie\/\"},{\"@type\":\"ListItem\",\"position\":3,\"name\":\"Euromillions Rakousko Pravidla: Ceny a Jackpot\"}]},{\"@type\":\"WebSite\",\"@id\":\"https:\/\/lottomat.com\/cs\/#website\",\"url\":\"https:\/\/lottomat.com\/cs\/\",\"name\":\"Lottomat\",\"description\":\"\",\"potentialAction\":[{\"@type\":\"SearchAction\",\"target\":{\"@type\":\"EntryPoint\",\"urlTemplate\":\"https:\/\/lottomat.com\/cs\/?s={search_term_string}\"},\"query-input\":{\"@type\":\"PropertyValueSpecification\",\"valueRequired\":true,\"valueName\":\"search_term_string\"}}],\"inLanguage\":\"cs\"}]}<\/script>\n<!-- \/ Yoast SEO plugin. -->","yoast_head_json":{"title":"Euromillions Rakousko Pravidla: Ceny a Jackpot \u2013 LottoMat","description":"Dozv\u00edte se v\u00edce o pravidlech hry EuroMillions Rakousko. Zde m\u016f\u017eete zkontrolovat ceny a jackpot EuroMillions Rakousko. Zkontrolujte sv\u00e9 \u0161ance.","robots":{"index":"index","follow":"follow","max-snippet":"max-snippet:-1","max-image-preview":"max-image-preview:large","max-video-preview":"max-video-preview:-1"},"canonical":"https:\/\/lottomat.com\/cs\/loterie\/euromillions-rakousko-pravidla-ceny-a-jackpot\/","og_locale":"cs_CZ","og_type":"article","og_title":"Euromillions Rakousko Pravidla: Ceny a Jackpot \u2013 LottoMat","og_description":"Dozv\u00edte se v\u00edce o pravidlech hry EuroMillions Rakousko. Zde m\u016f\u017eete zkontrolovat ceny a jackpot EuroMillions Rakousko. Zkontrolujte sv\u00e9 \u0161ance.","og_url":"https:\/\/lottomat.com\/cs\/loterie\/euromillions-rakousko-pravidla-ceny-a-jackpot\/","og_site_name":"Lottomat","article_modified_time":"2026-02-05T13:09:23+00:00","og_image":[{"url":"https:\/\/lottomat.com\/wp-content\/uploads\/2026\/01\/Austrian-EuroMillions-prizes.webp"}],"twitter_card":"summary_large_image","twitter_misc":{"Odhadovan\u00e1 doba \u010dten\u00ed":"4 minuty"},"schema":{"@context":"https:\/\/schema.org","@graph":[{"@type":"WebPage","@id":"https:\/\/lottomat.com\/cs\/loterie\/euromillions-rakousko-pravidla-ceny-a-jackpot\/","url":"https:\/\/lottomat.com\/cs\/loterie\/euromillions-rakousko-pravidla-ceny-a-jackpot\/","name":"Euromillions Rakousko Pravidla: Ceny a Jackpot \u2013 LottoMat","isPartOf":{"@id":"https:\/\/lottomat.com\/cs\/#website"},"primaryImageOfPage":{"@id":"https:\/\/lottomat.com\/cs\/loterie\/euromillions-rakousko-pravidla-ceny-a-jackpot\/#primaryimage"},"image":{"@id":"https:\/\/lottomat.com\/cs\/loterie\/euromillions-rakousko-pravidla-ceny-a-jackpot\/#primaryimage"},"thumbnailUrl":"https:\/\/lottomat.com\/wp-content\/uploads\/2026\/01\/Austrian-EuroMillions-prizes.webp","datePublished":"2025-05-18T16:33:53+00:00","dateModified":"2026-02-05T13:09:23+00:00","description":"Dozv\u00edte se v\u00edce o pravidlech hry EuroMillions Rakousko. Zde m\u016f\u017eete zkontrolovat ceny a jackpot EuroMillions Rakousko. Zkontrolujte sv\u00e9 \u0161ance.","breadcrumb":{"@id":"https:\/\/lottomat.com\/cs\/loterie\/euromillions-rakousko-pravidla-ceny-a-jackpot\/#breadcrumb"},"inLanguage":"cs","potentialAction":[{"@type":"ReadAction","target":["https:\/\/lottomat.com\/cs\/loterie\/euromillions-rakousko-pravidla-ceny-a-jackpot\/"]}]},{"@type":"ImageObject","inLanguage":"cs","@id":"https:\/\/lottomat.com\/cs\/loterie\/euromillions-rakousko-pravidla-ceny-a-jackpot\/#primaryimage","url":"https:\/\/lottomat.com\/wp-content\/uploads\/2026\/01\/Austrian-EuroMillions-prizes.webp","contentUrl":"https:\/\/lottomat.com\/wp-content\/uploads\/2026\/01\/Austrian-EuroMillions-prizes.webp"},{"@type":"BreadcrumbList","@id":"https:\/\/lottomat.com\/cs\/loterie\/euromillions-rakousko-pravidla-ceny-a-jackpot\/#breadcrumb","itemListElement":[{"@type":"ListItem","position":1,"name":"Home","item":"https:\/\/lottomat.com\/cs\/"},{"@type":"ListItem","position":2,"name":"Pravidla loteri\u00ed: V\u00fdhry, jackpot a \u0161ance","item":"https:\/\/lottomat.com\/cs\/loterie\/"},{"@type":"ListItem","position":3,"name":"Euromillions Rakousko Pravidla: Ceny a Jackpot"}]},{"@type":"WebSite","@id":"https:\/\/lottomat.com\/cs\/#website","url":"https:\/\/lottomat.com\/cs\/","name":"Lottomat","description":"","potentialAction":[{"@type":"SearchAction","target":{"@type":"EntryPoint","urlTemplate":"https:\/\/lottomat.com\/cs\/?s={search_term_string}"},"query-input":{"@type":"PropertyValueSpecification","valueRequired":true,"valueName":"search_term_string"}}],"inLanguage":"cs"}]}},"_links":{"self":[{"href":"https:\/\/lottomat.com\/cs\/wp-json\/wp\/v2\/pages\/270489","targetHints":{"allow":["GET"]}}],"collection":[{"href":"https:\/\/lottomat.com\/cs\/wp-json\/wp\/v2\/pages"}],"about":[{"href":"https:\/\/lottomat.com\/cs\/wp-json\/wp\/v2\/types\/page"}],"author":[{"embeddable":true,"href":"https:\/\/lottomat.com\/cs\/wp-json\/wp\/v2\/users\/2"}],"replies":[{"embeddable":true,"href":"https:\/\/lottomat.com\/cs\/wp-json\/wp\/v2\/comments?post=270489"}],"version-history":[{"count":2,"href":"https:\/\/lottomat.com\/cs\/wp-json\/wp\/v2\/pages\/270489\/revisions"}],"predecessor-version":[{"id":270491,"href":"https:\/\/lottomat.com\/cs\/wp-json\/wp\/v2\/pages\/270489\/revisions\/270491"}],"up":[{"embeddable":true,"href":"https:\/\/lottomat.com\/cs\/wp-json\/wp\/v2\/pages\/6857"}],"wp:attachment":[{"href":"https:\/\/lottomat.com\/cs\/wp-json\/wp\/v2\/media?parent=270489"}],"curies":[{"name":"wp","href":"https:\/\/api.w.org\/{rel}","templated":true}]}}