{"id":270486,"date":"2025-05-18T16:34:38","date_gmt":"2025-05-18T16:34:38","guid":{"rendered":"https:\/\/lottomat.com\/?page_id=270486"},"modified":"2026-02-05T13:05:44","modified_gmt":"2026-02-05T13:05:44","slug":"euromillions-rakousko-vysledky-euromillions-eu-vyherni-cisla","status":"publish","type":"page","link":"https:\/\/lottomat.com\/cs\/vysledky\/euromillions-rakousko-vysledky-euromillions-eu-vyherni-cisla\/","title":{"rendered":"Euromillions Rakousko V\u00fdsledky &#8211; Euromillions EU V\u00fdhern\u00ed \u010c\u00edsla"},"content":{"rendered":"\n\n<div class=\"kk-star-ratings kksr-auto kksr-align-left kksr-valign-top\"\n    data-payload='{&quot;align&quot;:&quot;left&quot;,&quot;id&quot;:&quot;270486&quot;,&quot;slug&quot;:&quot;default&quot;,&quot;valign&quot;:&quot;top&quot;,&quot;ignore&quot;:&quot;&quot;,&quot;reference&quot;:&quot;auto&quot;,&quot;class&quot;:&quot;&quot;,&quot;count&quot;:&quot;0&quot;,&quot;legendonly&quot;:&quot;&quot;,&quot;readonly&quot;:&quot;&quot;,&quot;score&quot;:&quot;0&quot;,&quot;starsonly&quot;:&quot;&quot;,&quot;best&quot;:&quot;5&quot;,&quot;gap&quot;:&quot;5&quot;,&quot;greet&quot;:&quot;Rate this page&quot;,&quot;legend&quot;:&quot;0\\\/5 - (0 votes)&quot;,&quot;size&quot;:&quot;30&quot;,&quot;title&quot;:&quot;Euromillions Rakousko V\u00fdsledky - Euromillions EU V\u00fdhern\u00ed \u010c\u00edsla&quot;,&quot;width&quot;:&quot;0&quot;,&quot;_legend&quot;:&quot;{score}\\\/{best} - ({count} {votes})&quot;,&quot;font_factor&quot;:&quot;1.25&quot;}'>\n            \n<div class=\"kksr-stars\">\n    \n<div class=\"kksr-stars-inactive\">\n            <div class=\"kksr-star\" data-star=\"1\" style=\"padding-right: 5px\">\n            \n\n<div class=\"kksr-icon\" style=\"width: 30px; height: 30px;\"><\/div>\n        <\/div>\n            <div class=\"kksr-star\" data-star=\"2\" style=\"padding-right: 5px\">\n            \n\n<div class=\"kksr-icon\" style=\"width: 30px; height: 30px;\"><\/div>\n        <\/div>\n            <div class=\"kksr-star\" data-star=\"3\" style=\"padding-right: 5px\">\n            \n\n<div class=\"kksr-icon\" style=\"width: 30px; height: 30px;\"><\/div>\n        <\/div>\n            <div class=\"kksr-star\" data-star=\"4\" style=\"padding-right: 5px\">\n            \n\n<div class=\"kksr-icon\" style=\"width: 30px; height: 30px;\"><\/div>\n        <\/div>\n            <div class=\"kksr-star\" data-star=\"5\" style=\"padding-right: 5px\">\n            \n\n<div class=\"kksr-icon\" style=\"width: 30px; height: 30px;\"><\/div>\n        <\/div>\n    <\/div>\n    \n<div class=\"kksr-stars-active\" style=\"width: 0px;\">\n            <div class=\"kksr-star\" style=\"padding-right: 5px\">\n            \n\n<div class=\"kksr-icon\" style=\"width: 30px; height: 30px;\"><\/div>\n        <\/div>\n            <div class=\"kksr-star\" style=\"padding-right: 5px\">\n            \n\n<div class=\"kksr-icon\" style=\"width: 30px; height: 30px;\"><\/div>\n        <\/div>\n            <div class=\"kksr-star\" style=\"padding-right: 5px\">\n            \n\n<div class=\"kksr-icon\" style=\"width: 30px; height: 30px;\"><\/div>\n        <\/div>\n            <div class=\"kksr-star\" style=\"padding-right: 5px\">\n            \n\n<div class=\"kksr-icon\" style=\"width: 30px; height: 30px;\"><\/div>\n        <\/div>\n            <div class=\"kksr-star\" style=\"padding-right: 5px\">\n            \n\n<div class=\"kksr-icon\" style=\"width: 30px; height: 30px;\"><\/div>\n        <\/div>\n    <\/div>\n<\/div>\n                \n\n<div class=\"kksr-legend\" style=\"font-size: 24px;\">\n            <span class=\"kksr-muted\">Rate this page<\/span>\n    <\/div>\n    <\/div>\n<h2>Objevte vzru\u0161en\u00ed z v\u00fdsledk\u016f EuroMillions Rakousko<img loading=\"lazy\" decoding=\"async\" class=\"alignright wp-image-268309\" src=\"https:\/\/lottomat.com\/wp-content\/uploads\/2026\/01\/Austrian-EuroMillions-draw.webp\" alt=\"Losov\u00e1n\u00ed rakousk\u00e9ho EuroMillions\" width=\"200\" height=\"200\" srcset=\"https:\/\/lottomat.com\/wp-content\/uploads\/2026\/01\/Austrian-EuroMillions-draw.webp 400w, https:\/\/lottomat.com\/wp-content\/uploads\/2026\/01\/Austrian-EuroMillions-draw-300x300.webp 300w, https:\/\/lottomat.com\/wp-content\/uploads\/2026\/01\/Austrian-EuroMillions-draw-150x150.webp 150w, https:\/\/lottomat.com\/wp-content\/uploads\/2026\/01\/Austrian-EuroMillions-draw-100x100.webp 100w\" sizes=\"auto, (max-width: 200px) 100vw, 200px\" \/><\/h2>\n<p>Pokud jste n\u011bkdy snili o tom, \u017ee p\u0159es noc zm\u011bn\u00edte sv\u016fj \u017eivot, EuroMillions Rakousko je loterie, kter\u00e1 m\u011bn\u00ed sny ve skute\u010dnost. Se sv\u00fdmi vzru\u0161uj\u00edc\u00edmi losov\u00e1n\u00edmi, \u017eivotn\u011b m\u011bn\u00edc\u00edmi jackpoty a p\u0159\u00edb\u011bhy neuv\u011b\u0159iteln\u00fdch v\u00fdherc\u016f, EuroMillions Rakousko ka\u017ed\u00fd t\u00fdden uchvacuje p\u0159edstavivost mili\u00f3n\u016f lid\u00ed po cel\u00e9 Evrop\u011b. A\u0165 u\u017e jste zku\u0161en\u00fd hr\u00e1\u010d nebo teprve p\u0159em\u00fd\u0161l\u00edte o koupi sv\u00e9ho prvn\u00edho losu, \u010dten\u00ed o v\u00fdsledc\u00edch a mo\u017enostech m\u016f\u017ee za\u017eehnout pocit vzru\u0161en\u00ed a nad\u011bje. Poj\u010fme se pono\u0159it do sv\u011bta v\u00fdsledk\u016f EuroMillions Rakousko, prozkoumejte nejv\u011bt\u0161\u00ed v\u00fdhry a pod\u00edvejte se, jak \u010dasto \u0161t\u011bst\u00ed p\u0159eje \u0161\u0165astn\u00fdm hr\u00e1\u010d\u016fm!<\/p>\n<h2>Rekordn\u00ed v\u00fdhry: Poznejte nejv\u011bt\u0161\u00ed v\u00fdherce EuroMillions Rakousko<\/h2>\n<p>Pokud jde o \u00fa\u017easn\u00e9 jackpoty, EuroMillions Rakousko rozhodn\u011b tvo\u0159ilo historii. Loterie, jako sou\u010d\u00e1st v\u011bt\u0161\u00edho konsorcia EuroMillions, pravideln\u011b nab\u00edz\u00ed ceny, kter\u00e9 mohou dos\u00e1hnout mimo\u0159\u00e1dn\u00fdch \u010d\u00e1stek, n\u011bkdy p\u0159esahuj\u00edc\u00edch 100 milion\u016f eur. V pr\u016fb\u011bhu let se v Rakousku uskute\u010dnily pozoruhodn\u00e9 v\u00fdhry, kter\u00e9 nav\u017edy zm\u011bnily \u017eivoty t\u011bch, kte\u0159\u00ed dr\u017eeli \u0161\u0165astn\u00e9 losy.<img loading=\"lazy\" decoding=\"async\" class=\"alignleft wp-image-268340\" src=\"https:\/\/lottomat.com\/wp-content\/uploads\/2026\/01\/Austrian-EuroMillions-numbers.webp\" alt=\"\u010c\u00edsla rakousk\u00e9ho EuroMillions\" width=\"200\" height=\"200\" srcset=\"https:\/\/lottomat.com\/wp-content\/uploads\/2026\/01\/Austrian-EuroMillions-numbers.webp 400w, https:\/\/lottomat.com\/wp-content\/uploads\/2026\/01\/Austrian-EuroMillions-numbers-300x300.webp 300w, https:\/\/lottomat.com\/wp-content\/uploads\/2026\/01\/Austrian-EuroMillions-numbers-150x150.webp 150w, https:\/\/lottomat.com\/wp-content\/uploads\/2026\/01\/Austrian-EuroMillions-numbers-100x100.webp 100w\" sizes=\"auto, (max-width: 200px) 100vw, 200px\" \/><\/p>\n<p>Jedna z nejslavn\u011bj\u0161\u00edch v\u00fdher v Rakousku se uskute\u010dnila v srpnu 2020, kdy skupina koleg\u016f z V\u00eddn\u011b z\u00edskala neuv\u011b\u0159iteln\u00fdch 45 milion\u016f eur. Jejich p\u0159\u00edb\u011bh se stal senzac\u00ed v cel\u00e9 zemi &#8211; p\u0159\u00e1tel\u00e9 a rodina oslavovali a v\u00fdherci nemohli uv\u011b\u0159it sv\u00e9mu \u0161t\u011bst\u00ed. Nebyla to jen v\u00fdhra pro jednoho jednotlivce, ale pro t\u00fdm, jeho\u017e \u017eivoty byly spole\u010dn\u011b prom\u011bn\u011bny.<\/p>\n<p>Dal\u0161\u00ed nezapomenuteln\u00fd okam\u017eik p\u0159i\u0161el v roce 2018, kdy hr\u00e1\u010d ze Salzburku spr\u00e1vn\u011b tipnul v\u0161ech p\u011bt hlavn\u00edch \u010d\u00edsel a ob\u011b \u0160\u0165astn\u00e9 hv\u011bzdy, \u010d\u00edm\u017e si zajistil jackpot 30 milion\u016f eur. V\u00fdherce se rozhodl z\u016fstat v anonymit\u011b, ale m\u00edstn\u00ed zpr\u00e1vy informovaly o vln\u011b vzru\u0161en\u00ed v Salzburku, proto\u017ee m\u011bsto hu\u010delo spekulacemi a radost\u00ed z t\u00e9to zpr\u00e1vy.<\/p>\n<p>I kdy\u017e tyto pat\u0159\u00ed mezi nejv\u011bt\u0161\u00ed, zdaleka nejsou jedin\u00fdmi p\u0159\u00edb\u011bhy \u0161t\u011bst\u00ed. Po cel\u00e9m Rakousku, od Grazu po Innsbruck, EuroMillions vytvo\u0159ilo nov\u00e9 milion\u00e1\u0159e, ka\u017ed\u00e9ho s jejich vlastn\u00edm jedine\u010dn\u00fdm p\u0159\u00edb\u011bhem o tom, jak jeden los zm\u011bnil v\u0161echno.<\/p>\n<h2>Jak \u010dasto doch\u00e1z\u00ed k v\u00fdhr\u00e1m v EuroMillions Rakousko?<\/h2>\n<p>Jedn\u00edm z nejv\u00edce vzru\u0161uj\u00edc\u00edch aspekt\u016f EuroMillions Rakousko je frekvence, s jakou jsou <a href=\"https:\/\/lottomat.com\/cs\/loterie\/euromillions\/\">\u017eivotn\u011b m\u011bn\u00edc\u00ed ceny EuroMillions Rakousko<\/a> vyhrav\u00e1ny. Se dv\u011bma losov\u00e1n\u00edmi ka\u017ed\u00fd t\u00fdden &#8211; v \u00fater\u00fd a p\u00e1tek &#8211; je p\u0159\u00edle\u017eitost\u00ed k v\u00fdh\u0159e mnoho. Ve skute\u010dnosti statistiky ukazuj\u00ed, \u017ee rakou\u0161t\u00ed hr\u00e1\u010di pravideln\u011b z\u00edsk\u00e1vaj\u00ed hlavn\u00ed ceny, jak na \u00farovni jackpotu, tak v sekund\u00e1rn\u00edch cenov\u00fdch \u00farovn\u00edch.<\/p>\n<p>\u0160ance na v\u00fdhru jak\u00e9koli ceny v EuroMillions je povzbudiv\u00fdch 1 ku 13, co\u017e znamen\u00e1, \u017ee t\u00e9m\u011b\u0159 ka\u017ed\u00e9 losov\u00e1n\u00ed p\u0159in\u00e1\u0161\u00ed novou vlnu v\u00fdherc\u016f. V Rakousku stovky tis\u00edc hr\u00e1\u010d\u016f ro\u010dn\u011b z\u00edsk\u00e1vaj\u00ed ceny, od men\u0161\u00edch pen\u011b\u017en\u00edch \u010d\u00e1stek a\u017e po mnohamilionov\u00e9 jackpoty v eurech.<img loading=\"lazy\" decoding=\"async\" class=\"alignright wp-image-268370\" src=\"https:\/\/lottomat.com\/wp-content\/uploads\/2026\/01\/EuroMillions-Austria-draw.webp\" alt=\"Losov\u00e1n\u00ed EuroMillions Rakousko\" width=\"200\" height=\"200\" srcset=\"https:\/\/lottomat.com\/wp-content\/uploads\/2026\/01\/EuroMillions-Austria-draw.webp 400w, https:\/\/lottomat.com\/wp-content\/uploads\/2026\/01\/EuroMillions-Austria-draw-300x300.webp 300w, https:\/\/lottomat.com\/wp-content\/uploads\/2026\/01\/EuroMillions-Austria-draw-150x150.webp 150w, https:\/\/lottomat.com\/wp-content\/uploads\/2026\/01\/EuroMillions-Austria-draw-100x100.webp 100w\" sizes=\"auto, (max-width: 200px) 100vw, 200px\" \/><\/p>\n<p>Co je je\u0161t\u011b vzru\u0161uj\u00edc\u011bj\u0161\u00ed je, \u017ee EuroMillions Rakousko se \u010dasto p\u0159ekl\u00e1p\u00ed, \u010d\u00edm\u017e se jackpot s ka\u017ed\u00fdm losov\u00e1n\u00edm zvy\u0161uje, dokud n\u011bkdo netref\u00ed v\u0161echna \u010d\u00edsla. To m\u016f\u017ee v\u00e9st k obrovsk\u00fdm n\u00e1r\u016fst\u016fm prodeje los\u016f a hmatateln\u00e9ho pocitu o\u010dek\u00e1v\u00e1n\u00ed v cel\u00e9 zemi, jak jackpot st\u00e1le roste.<\/p>\n<p>Nevyhr\u00e1vaj\u00ed jen jednotlivci. Syndik\u00e1ty &#8211; skupiny p\u0159\u00e1tel, rodin nebo koleg\u016f &#8211; se pravideln\u011b spojuj\u00ed, aby spole\u010dn\u011b koupili losy EuroMillions Rakousko, \u010d\u00edm\u017e zvy\u0161uj\u00ed sv\u00e9 \u0161ance na v\u00fdhru a v mnoha p\u0159\u00edpadech sd\u00edl\u00ed radost z velk\u00e9 v\u00fdplaty.<\/p>\n<h2>Radost a mo\u017enost v\u00fdhry v EuroMillions<\/h2>\n<p>P\u0159edstavte si, \u017ee se probouz\u00edte s v\u011bdom\u00edm, \u017ee jste nejnov\u011bj\u0161\u00ed rakousk\u00fd milion\u00e1\u0159. Mo\u017enosti jsou nekone\u010dn\u00e9: cestovat po cel\u00e9m sv\u011bt\u011b, koupit si sv\u016fj vysn\u011bn\u00fd domov, podpo\u0159it sv\u00e9 bl\u00edzk\u00e9 nebo investovat do v\u00e1\u0161niv\u00e9ho projektu, o kter\u00e9m jste v\u017edy snili. Pro mnoho v\u00fdherc\u016f EuroMillions Rakousko je realita velk\u00e9 v\u00fdhry je\u0161t\u011b lep\u0161\u00ed, ne\u017e si p\u0159edstavovali.<\/p>\n<p>P\u0159\u00edb\u011bhy o v\u00fdherc\u00edch, kte\u0159\u00ed pou\u017eili sv\u00e9 nov\u011b nabyt\u00e9 bohatstv\u00ed k tomu, aby zm\u011bnili situaci &#8211; nejen ve sv\u00fdch vlastn\u00edch \u017eivotech, ale i ve sv\u00fdch komunit\u00e1ch, jsou hojn\u00e9. N\u011bkte\u0159\u00ed darovali m\u00edstn\u00edm charitativn\u00edm organizac\u00edm, zalo\u017eili podniky, kter\u00e9 vytvo\u0159ily pracovn\u00ed m\u00edsta, nebo splnili celo\u017eivotn\u00ed sny. A\u0165 u\u017e je to spont\u00e1nn\u00ed dobrodru\u017estv\u00ed nebo pe\u010dliv\u011b napl\u00e1novan\u00fd d\u016fchod, svoboda, kter\u00e1 p\u0159ich\u00e1z\u00ed s v\u00fdhrou v EuroMillions, je skute\u010dn\u011b pozoruhodn\u00e1.<\/p>\n<p>Ka\u017ed\u00e9 \u00fater\u00fd a p\u00e1tek, kdy\u017e jsou ozn\u00e1meny v\u00fdsledky, tis\u00edce Raku\u0161an\u016f za\u017e\u00edvaj\u00ed vzru\u0161en\u00ed z o\u010dek\u00e1v\u00e1n\u00ed. Kontrola va\u0161ich \u010d\u00edsel, p\u0159edstavov\u00e1n\u00ed si, co byste ud\u011blali, kdybyste vyhr\u00e1li, a sd\u00edlen\u00ed vzru\u0161en\u00ed s p\u0159\u00e1teli a rodinou &#8211; to v\u0161e je sou\u010d\u00e1st\u00ed kouzla, kter\u00e9 d\u011bl\u00e1 EuroMillions Rakousko tak v\u00fdjime\u010dn\u00fdm.<\/p>\n<h2>Kontrola v\u00fdsledk\u016f EuroMillions Rakousko: V\u00e1\u0161 prvn\u00ed krok k nov\u00e9mu \u017eivotu<\/h2>\n<p><img loading=\"lazy\" decoding=\"async\" class=\"alignleft wp-image-268401\" src=\"https:\/\/lottomat.com\/wp-content\/uploads\/2026\/01\/EuroMillions-Austria-results.webp\" alt=\"V\u00fdsledky EuroMillions Rakousko\" width=\"200\" height=\"200\" srcset=\"https:\/\/lottomat.com\/wp-content\/uploads\/2026\/01\/EuroMillions-Austria-results.webp 400w, https:\/\/lottomat.com\/wp-content\/uploads\/2026\/01\/EuroMillions-Austria-results-300x300.webp 300w, https:\/\/lottomat.com\/wp-content\/uploads\/2026\/01\/EuroMillions-Austria-results-150x150.webp 150w, https:\/\/lottomat.com\/wp-content\/uploads\/2026\/01\/EuroMillions-Austria-results-100x100.webp 100w\" sizes=\"auto, (max-width: 200px) 100vw, 200px\" \/>Sledov\u00e1n\u00ed nejnov\u011bj\u0161\u00edch v\u00fdsledk\u016f EuroMillions Rakousko je pro ka\u017ed\u00e9ho hr\u00e1\u010de z\u00e1sadn\u00ed. <a href=\"https:\/\/lottomat.com\/cs\/vysledky\/\">Ofici\u00e1ln\u00ed v\u00fdsledky loterie<\/a> jsou zve\u0159ejn\u011bny kr\u00e1tce po ka\u017ed\u00e9m losov\u00e1n\u00ed a kontrola nikdy nebyla jednodu\u0161\u0161\u00ed &#8211; a\u0165 u\u017e online, prost\u0159ednictv\u00edm ofici\u00e1ln\u00edch aplikac\u00ed nebo u va\u0161eho m\u00edstn\u00edho prodejce los\u016f. Kdy\u017e jsou odhalena v\u00fdhern\u00ed \u010d\u00edsla, srdce tlukou rychleji a nad\u011bje stoupaj\u00ed, proto\u017ee hr\u00e1\u010di po cel\u00e9m Rakousku \u010dekaj\u00ed, zda jsou dal\u0161\u00edm \u0161\u0165astn\u00fdm v\u00fdhercem.<\/p>\n<p>Pokud zjist\u00edte, \u017ee dr\u017e\u00edte v\u00fdhern\u00ed los, proces je jednoduch\u00fd. Hlavn\u00ed ceny lze vyzvednout v centr\u00e1le Austrian Lotteries, s plnou podporou, kter\u00e1 v\u00e1s provede ka\u017ed\u00fdm krokem. I kdy\u017e vyhrajete men\u0161\u00ed cenu, m\u016f\u017eete si svou v\u00fdhru vyzvednout u autorizovan\u00fdch prodejc\u016f, co\u017e ka\u017edou v\u00fdhru \u010din\u00ed dostupnou a bezpe\u010dnou.<\/p>\n<p>Pamatujte, \u017ee ka\u017ed\u00e9 losov\u00e1n\u00ed EuroMillions Rakousko p\u0159in\u00e1\u0161\u00ed nov\u00e9 mo\u017enosti. I kdy\u017e nevyhrajete jackpot, existuje dvan\u00e1ct r\u016fzn\u00fdch cenov\u00fdch \u00farovn\u00ed, co\u017e znamen\u00e1, \u017ee tis\u00edce Raku\u0161an\u016f si u\u017e\u00edvaj\u00ed v\u00fdhry &#8211; velk\u00e9 i mal\u00e9 &#8211; ka\u017ed\u00fd t\u00fdden.<\/p>\n<hr \/>\n<p>EuroMillions Rakousko je v\u00edce ne\u017e jen hra &#8211; je to br\u00e1na ke sn\u016fm, vzru\u0161en\u00ed a \u0161anci za\u017e\u00edt \u017eivot \u00fapln\u011b nov\u00fdm zp\u016fsobem. S ka\u017ed\u00fdm losov\u00e1n\u00edm jsou ps\u00e1ny nov\u00e9 p\u0159\u00edb\u011bhy a nov\u00ed v\u00fdherci vstupuj\u00ed do centra pozornosti. Budete dal\u0161\u00edm, kdo se p\u0159ipoj\u00ed k jejich \u0159ad\u00e1m? <a href=\"https:\/\/lottomat.com\/cs\/hrat\/euromillions-eu-online-euromillions-rakousko-vstupenky\/\">Hrajte EuroMillions Rakousko online<\/a>, zkontrolujte nejnov\u011bj\u0161\u00ed v\u00fdsledky EuroMillions Rakousko a odva\u017ete se sn\u00edt ve velk\u00e9m!<\/p>\n","protected":false},"excerpt":{"rendered":"<p>Objevte vzru\u0161en\u00ed z v\u00fdsledk\u016f EuroMillions Rakousko Pokud jste n\u011bkdy snili o tom, \u017ee p\u0159es noc zm\u011bn\u00edte sv\u016fj \u017eivot, EuroMillions Rakousko je loterie, kter\u00e1 m\u011bn\u00ed sny ve skute\u010dnost. Se sv\u00fdmi vzru\u0161uj\u00edc\u00edmi losov\u00e1n\u00edmi, \u017eivotn\u011b m\u011bn\u00edc\u00edmi jackpoty a p\u0159\u00edb\u011bhy neuv\u011b\u0159iteln\u00fdch v\u00fdherc\u016f, EuroMillions Rakousko ka\u017ed\u00fd t\u00fdden uchvacuje p\u0159edstavivost mili\u00f3n\u016f lid\u00ed po cel\u00e9 Evrop\u011b. A\u0165 u\u017e jste zku\u0161en\u00fd hr\u00e1\u010d nebo [&hellip;]<\/p>\n","protected":false},"author":2,"featured_media":0,"parent":7367,"menu_order":0,"comment_status":"closed","ping_status":"closed","template":"euromillions-results.php","meta":{"_et_pb_use_builder":"","_et_pb_old_content":"","_et_gb_content_width":"","exclude_from_search":false,"footnotes":""},"class_list":["post-270486","page","type-page","status-publish","hentry"],"yoast_head":"<!-- This site is optimized with the Yoast SEO plugin v23.8 - https:\/\/yoast.com\/wordpress\/plugins\/seo\/ -->\n<title>EuroMillions Rakousko V\u00fdsledky a V\u00fdhern\u00ed \u010c\u00edsla \u2013 LottoMat<\/title>\n<meta name=\"description\" content=\"Zkontrolujte nejnov\u011bj\u0161\u00ed v\u00fdsledky EuroMillions Rakousko a v\u00fdhern\u00ed \u010d\u00edsla. Dozv\u00edte se v\u00edce o ofici\u00e1ln\u00edch v\u00fdsledc\u00edch losov\u00e1n\u00ed. Zjist\u011bte, zda jste vyhr\u00e1li!\" \/>\n<meta name=\"robots\" content=\"index, follow, max-snippet:-1, max-image-preview:large, max-video-preview:-1\" \/>\n<link rel=\"canonical\" href=\"https:\/\/lottomat.com\/cs\/vysledky\/euromillions-rakousko-vysledky-euromillions-eu-vyherni-cisla\/\" \/>\n<meta property=\"og:locale\" content=\"cs_CZ\" \/>\n<meta property=\"og:type\" content=\"article\" \/>\n<meta property=\"og:title\" content=\"EuroMillions Rakousko V\u00fdsledky a V\u00fdhern\u00ed \u010c\u00edsla \u2013 LottoMat\" \/>\n<meta property=\"og:description\" content=\"Zkontrolujte nejnov\u011bj\u0161\u00ed v\u00fdsledky EuroMillions Rakousko a v\u00fdhern\u00ed \u010d\u00edsla. Dozv\u00edte se v\u00edce o ofici\u00e1ln\u00edch v\u00fdsledc\u00edch losov\u00e1n\u00ed. Zjist\u011bte, zda jste vyhr\u00e1li!\" \/>\n<meta property=\"og:url\" content=\"https:\/\/lottomat.com\/cs\/vysledky\/euromillions-rakousko-vysledky-euromillions-eu-vyherni-cisla\/\" \/>\n<meta property=\"og:site_name\" content=\"Lottomat\" \/>\n<meta property=\"article:modified_time\" content=\"2026-02-05T13:05:44+00:00\" \/>\n<meta property=\"og:image\" content=\"https:\/\/lottomat.com\/wp-content\/uploads\/2026\/01\/Austrian-EuroMillions-draw.webp\" \/>\n<meta name=\"twitter:card\" content=\"summary_large_image\" \/>\n<meta name=\"twitter:label1\" content=\"Odhadovan\u00e1 doba \u010dten\u00ed\" \/>\n\t<meta name=\"twitter:data1\" content=\"5 minut\" \/>\n<script type=\"application\/ld+json\" class=\"yoast-schema-graph\">{\"@context\":\"https:\/\/schema.org\",\"@graph\":[{\"@type\":\"WebPage\",\"@id\":\"https:\/\/lottomat.com\/cs\/vysledky\/euromillions-rakousko-vysledky-euromillions-eu-vyherni-cisla\/\",\"url\":\"https:\/\/lottomat.com\/cs\/vysledky\/euromillions-rakousko-vysledky-euromillions-eu-vyherni-cisla\/\",\"name\":\"EuroMillions Rakousko V\u00fdsledky a V\u00fdhern\u00ed \u010c\u00edsla \u2013 LottoMat\",\"isPartOf\":{\"@id\":\"https:\/\/lottomat.com\/cs\/#website\"},\"primaryImageOfPage\":{\"@id\":\"https:\/\/lottomat.com\/cs\/vysledky\/euromillions-rakousko-vysledky-euromillions-eu-vyherni-cisla\/#primaryimage\"},\"image\":{\"@id\":\"https:\/\/lottomat.com\/cs\/vysledky\/euromillions-rakousko-vysledky-euromillions-eu-vyherni-cisla\/#primaryimage\"},\"thumbnailUrl\":\"https:\/\/lottomat.com\/wp-content\/uploads\/2026\/01\/Austrian-EuroMillions-draw.webp\",\"datePublished\":\"2025-05-18T16:34:38+00:00\",\"dateModified\":\"2026-02-05T13:05:44+00:00\",\"description\":\"Zkontrolujte nejnov\u011bj\u0161\u00ed v\u00fdsledky EuroMillions Rakousko a v\u00fdhern\u00ed \u010d\u00edsla. Dozv\u00edte se v\u00edce o ofici\u00e1ln\u00edch v\u00fdsledc\u00edch losov\u00e1n\u00ed. Zjist\u011bte, zda jste vyhr\u00e1li!\",\"breadcrumb\":{\"@id\":\"https:\/\/lottomat.com\/cs\/vysledky\/euromillions-rakousko-vysledky-euromillions-eu-vyherni-cisla\/#breadcrumb\"},\"inLanguage\":\"cs\",\"potentialAction\":[{\"@type\":\"ReadAction\",\"target\":[\"https:\/\/lottomat.com\/cs\/vysledky\/euromillions-rakousko-vysledky-euromillions-eu-vyherni-cisla\/\"]}]},{\"@type\":\"ImageObject\",\"inLanguage\":\"cs\",\"@id\":\"https:\/\/lottomat.com\/cs\/vysledky\/euromillions-rakousko-vysledky-euromillions-eu-vyherni-cisla\/#primaryimage\",\"url\":\"https:\/\/lottomat.com\/wp-content\/uploads\/2026\/01\/Austrian-EuroMillions-draw.webp\",\"contentUrl\":\"https:\/\/lottomat.com\/wp-content\/uploads\/2026\/01\/Austrian-EuroMillions-draw.webp\"},{\"@type\":\"BreadcrumbList\",\"@id\":\"https:\/\/lottomat.com\/cs\/vysledky\/euromillions-rakousko-vysledky-euromillions-eu-vyherni-cisla\/#breadcrumb\",\"itemListElement\":[{\"@type\":\"ListItem\",\"position\":1,\"name\":\"Home\",\"item\":\"https:\/\/lottomat.com\/cs\/\"},{\"@type\":\"ListItem\",\"position\":2,\"name\":\"Nejnov\u011bj\u0161\u00ed v\u00fdsledky loteri\u00ed a v\u00fdhern\u00ed \u010d\u00edsla\",\"item\":\"https:\/\/lottomat.com\/cs\/vysledky\/\"},{\"@type\":\"ListItem\",\"position\":3,\"name\":\"Euromillions Rakousko V\u00fdsledky &#8211; Euromillions EU V\u00fdhern\u00ed \u010c\u00edsla\"}]},{\"@type\":\"WebSite\",\"@id\":\"https:\/\/lottomat.com\/cs\/#website\",\"url\":\"https:\/\/lottomat.com\/cs\/\",\"name\":\"Lottomat\",\"description\":\"\",\"potentialAction\":[{\"@type\":\"SearchAction\",\"target\":{\"@type\":\"EntryPoint\",\"urlTemplate\":\"https:\/\/lottomat.com\/cs\/?s={search_term_string}\"},\"query-input\":{\"@type\":\"PropertyValueSpecification\",\"valueRequired\":true,\"valueName\":\"search_term_string\"}}],\"inLanguage\":\"cs\"}]}<\/script>\n<!-- \/ Yoast SEO plugin. -->","yoast_head_json":{"title":"EuroMillions Rakousko V\u00fdsledky a V\u00fdhern\u00ed \u010c\u00edsla \u2013 LottoMat","description":"Zkontrolujte nejnov\u011bj\u0161\u00ed v\u00fdsledky EuroMillions Rakousko a v\u00fdhern\u00ed \u010d\u00edsla. Dozv\u00edte se v\u00edce o ofici\u00e1ln\u00edch v\u00fdsledc\u00edch losov\u00e1n\u00ed. Zjist\u011bte, zda jste vyhr\u00e1li!","robots":{"index":"index","follow":"follow","max-snippet":"max-snippet:-1","max-image-preview":"max-image-preview:large","max-video-preview":"max-video-preview:-1"},"canonical":"https:\/\/lottomat.com\/cs\/vysledky\/euromillions-rakousko-vysledky-euromillions-eu-vyherni-cisla\/","og_locale":"cs_CZ","og_type":"article","og_title":"EuroMillions Rakousko V\u00fdsledky a V\u00fdhern\u00ed \u010c\u00edsla \u2013 LottoMat","og_description":"Zkontrolujte nejnov\u011bj\u0161\u00ed v\u00fdsledky EuroMillions Rakousko a v\u00fdhern\u00ed \u010d\u00edsla. Dozv\u00edte se v\u00edce o ofici\u00e1ln\u00edch v\u00fdsledc\u00edch losov\u00e1n\u00ed. Zjist\u011bte, zda jste vyhr\u00e1li!","og_url":"https:\/\/lottomat.com\/cs\/vysledky\/euromillions-rakousko-vysledky-euromillions-eu-vyherni-cisla\/","og_site_name":"Lottomat","article_modified_time":"2026-02-05T13:05:44+00:00","og_image":[{"url":"https:\/\/lottomat.com\/wp-content\/uploads\/2026\/01\/Austrian-EuroMillions-draw.webp"}],"twitter_card":"summary_large_image","twitter_misc":{"Odhadovan\u00e1 doba \u010dten\u00ed":"5 minut"},"schema":{"@context":"https:\/\/schema.org","@graph":[{"@type":"WebPage","@id":"https:\/\/lottomat.com\/cs\/vysledky\/euromillions-rakousko-vysledky-euromillions-eu-vyherni-cisla\/","url":"https:\/\/lottomat.com\/cs\/vysledky\/euromillions-rakousko-vysledky-euromillions-eu-vyherni-cisla\/","name":"EuroMillions Rakousko V\u00fdsledky a V\u00fdhern\u00ed \u010c\u00edsla \u2013 LottoMat","isPartOf":{"@id":"https:\/\/lottomat.com\/cs\/#website"},"primaryImageOfPage":{"@id":"https:\/\/lottomat.com\/cs\/vysledky\/euromillions-rakousko-vysledky-euromillions-eu-vyherni-cisla\/#primaryimage"},"image":{"@id":"https:\/\/lottomat.com\/cs\/vysledky\/euromillions-rakousko-vysledky-euromillions-eu-vyherni-cisla\/#primaryimage"},"thumbnailUrl":"https:\/\/lottomat.com\/wp-content\/uploads\/2026\/01\/Austrian-EuroMillions-draw.webp","datePublished":"2025-05-18T16:34:38+00:00","dateModified":"2026-02-05T13:05:44+00:00","description":"Zkontrolujte nejnov\u011bj\u0161\u00ed v\u00fdsledky EuroMillions Rakousko a v\u00fdhern\u00ed \u010d\u00edsla. Dozv\u00edte se v\u00edce o ofici\u00e1ln\u00edch v\u00fdsledc\u00edch losov\u00e1n\u00ed. Zjist\u011bte, zda jste vyhr\u00e1li!","breadcrumb":{"@id":"https:\/\/lottomat.com\/cs\/vysledky\/euromillions-rakousko-vysledky-euromillions-eu-vyherni-cisla\/#breadcrumb"},"inLanguage":"cs","potentialAction":[{"@type":"ReadAction","target":["https:\/\/lottomat.com\/cs\/vysledky\/euromillions-rakousko-vysledky-euromillions-eu-vyherni-cisla\/"]}]},{"@type":"ImageObject","inLanguage":"cs","@id":"https:\/\/lottomat.com\/cs\/vysledky\/euromillions-rakousko-vysledky-euromillions-eu-vyherni-cisla\/#primaryimage","url":"https:\/\/lottomat.com\/wp-content\/uploads\/2026\/01\/Austrian-EuroMillions-draw.webp","contentUrl":"https:\/\/lottomat.com\/wp-content\/uploads\/2026\/01\/Austrian-EuroMillions-draw.webp"},{"@type":"BreadcrumbList","@id":"https:\/\/lottomat.com\/cs\/vysledky\/euromillions-rakousko-vysledky-euromillions-eu-vyherni-cisla\/#breadcrumb","itemListElement":[{"@type":"ListItem","position":1,"name":"Home","item":"https:\/\/lottomat.com\/cs\/"},{"@type":"ListItem","position":2,"name":"Nejnov\u011bj\u0161\u00ed v\u00fdsledky loteri\u00ed a v\u00fdhern\u00ed \u010d\u00edsla","item":"https:\/\/lottomat.com\/cs\/vysledky\/"},{"@type":"ListItem","position":3,"name":"Euromillions Rakousko V\u00fdsledky &#8211; Euromillions EU V\u00fdhern\u00ed \u010c\u00edsla"}]},{"@type":"WebSite","@id":"https:\/\/lottomat.com\/cs\/#website","url":"https:\/\/lottomat.com\/cs\/","name":"Lottomat","description":"","potentialAction":[{"@type":"SearchAction","target":{"@type":"EntryPoint","urlTemplate":"https:\/\/lottomat.com\/cs\/?s={search_term_string}"},"query-input":{"@type":"PropertyValueSpecification","valueRequired":true,"valueName":"search_term_string"}}],"inLanguage":"cs"}]}},"_links":{"self":[{"href":"https:\/\/lottomat.com\/cs\/wp-json\/wp\/v2\/pages\/270486","targetHints":{"allow":["GET"]}}],"collection":[{"href":"https:\/\/lottomat.com\/cs\/wp-json\/wp\/v2\/pages"}],"about":[{"href":"https:\/\/lottomat.com\/cs\/wp-json\/wp\/v2\/types\/page"}],"author":[{"embeddable":true,"href":"https:\/\/lottomat.com\/cs\/wp-json\/wp\/v2\/users\/2"}],"replies":[{"embeddable":true,"href":"https:\/\/lottomat.com\/cs\/wp-json\/wp\/v2\/comments?post=270486"}],"version-history":[{"count":2,"href":"https:\/\/lottomat.com\/cs\/wp-json\/wp\/v2\/pages\/270486\/revisions"}],"predecessor-version":[{"id":270488,"href":"https:\/\/lottomat.com\/cs\/wp-json\/wp\/v2\/pages\/270486\/revisions\/270488"}],"up":[{"embeddable":true,"href":"https:\/\/lottomat.com\/cs\/wp-json\/wp\/v2\/pages\/7367"}],"wp:attachment":[{"href":"https:\/\/lottomat.com\/cs\/wp-json\/wp\/v2\/media?parent=270486"}],"curies":[{"name":"wp","href":"https:\/\/api.w.org\/{rel}","templated":true}]}}