{"id":270483,"date":"2025-05-18T16:39:08","date_gmt":"2025-05-18T16:39:08","guid":{"rendered":"https:\/\/lottomat.com\/?page_id=270483"},"modified":"2026-02-05T13:00:05","modified_gmt":"2026-02-05T13:00:05","slug":"euromillions-eu-online-euromillions-rakousko-vstupenky","status":"publish","type":"page","link":"https:\/\/lottomat.com\/cs\/hrat\/euromillions-eu-online-euromillions-rakousko-vstupenky\/","title":{"rendered":"Euromillions EU Online &#8211; Euromillions Rakousko Vstupenky"},"content":{"rendered":"\n\n<div class=\"kk-star-ratings kksr-auto kksr-align-left kksr-valign-top\"\n    data-payload='{&quot;align&quot;:&quot;left&quot;,&quot;id&quot;:&quot;270483&quot;,&quot;slug&quot;:&quot;default&quot;,&quot;valign&quot;:&quot;top&quot;,&quot;ignore&quot;:&quot;&quot;,&quot;reference&quot;:&quot;auto&quot;,&quot;class&quot;:&quot;&quot;,&quot;count&quot;:&quot;0&quot;,&quot;legendonly&quot;:&quot;&quot;,&quot;readonly&quot;:&quot;&quot;,&quot;score&quot;:&quot;0&quot;,&quot;starsonly&quot;:&quot;&quot;,&quot;best&quot;:&quot;5&quot;,&quot;gap&quot;:&quot;5&quot;,&quot;greet&quot;:&quot;Rate this page&quot;,&quot;legend&quot;:&quot;0\\\/5 - (0 votes)&quot;,&quot;size&quot;:&quot;30&quot;,&quot;title&quot;:&quot;Euromillions EU Online - Euromillions Rakousko Vstupenky&quot;,&quot;width&quot;:&quot;0&quot;,&quot;_legend&quot;:&quot;{score}\\\/{best} - ({count} {votes})&quot;,&quot;font_factor&quot;:&quot;1.25&quot;}'>\n            \n<div class=\"kksr-stars\">\n    \n<div class=\"kksr-stars-inactive\">\n            <div class=\"kksr-star\" data-star=\"1\" style=\"padding-right: 5px\">\n            \n\n<div class=\"kksr-icon\" style=\"width: 30px; height: 30px;\"><\/div>\n        <\/div>\n            <div class=\"kksr-star\" data-star=\"2\" style=\"padding-right: 5px\">\n            \n\n<div class=\"kksr-icon\" style=\"width: 30px; height: 30px;\"><\/div>\n        <\/div>\n            <div class=\"kksr-star\" data-star=\"3\" style=\"padding-right: 5px\">\n            \n\n<div class=\"kksr-icon\" style=\"width: 30px; height: 30px;\"><\/div>\n        <\/div>\n            <div class=\"kksr-star\" data-star=\"4\" style=\"padding-right: 5px\">\n            \n\n<div class=\"kksr-icon\" style=\"width: 30px; height: 30px;\"><\/div>\n        <\/div>\n            <div class=\"kksr-star\" data-star=\"5\" style=\"padding-right: 5px\">\n            \n\n<div class=\"kksr-icon\" style=\"width: 30px; height: 30px;\"><\/div>\n        <\/div>\n    <\/div>\n    \n<div class=\"kksr-stars-active\" style=\"width: 0px;\">\n            <div class=\"kksr-star\" style=\"padding-right: 5px\">\n            \n\n<div class=\"kksr-icon\" style=\"width: 30px; height: 30px;\"><\/div>\n        <\/div>\n            <div class=\"kksr-star\" style=\"padding-right: 5px\">\n            \n\n<div class=\"kksr-icon\" style=\"width: 30px; height: 30px;\"><\/div>\n        <\/div>\n            <div class=\"kksr-star\" style=\"padding-right: 5px\">\n            \n\n<div class=\"kksr-icon\" style=\"width: 30px; height: 30px;\"><\/div>\n        <\/div>\n            <div class=\"kksr-star\" style=\"padding-right: 5px\">\n            \n\n<div class=\"kksr-icon\" style=\"width: 30px; height: 30px;\"><\/div>\n        <\/div>\n            <div class=\"kksr-star\" style=\"padding-right: 5px\">\n            \n\n<div class=\"kksr-icon\" style=\"width: 30px; height: 30px;\"><\/div>\n        <\/div>\n    <\/div>\n<\/div>\n                \n\n<div class=\"kksr-legend\" style=\"font-size: 24px;\">\n            <span class=\"kksr-muted\">Rate this page<\/span>\n    <\/div>\n    <\/div>\n<h2>Objevte vzru\u0161en\u00ed z Euromillions EU \u2013 Rakousk\u00e1 cesta k velk\u00fdm v\u00fdhr\u00e1m<\/h2>\n<p><img loading=\"lazy\" decoding=\"async\" class=\"alignright wp-image-268063\" src=\"https:\/\/lottomat.com\/wp-content\/uploads\/2026\/01\/Austrian-EuroMillions.webp\" alt=\"Rakousk\u00e9 EuroMillions\" width=\"200\" height=\"200\" srcset=\"https:\/\/lottomat.com\/wp-content\/uploads\/2026\/01\/Austrian-EuroMillions.webp 400w, https:\/\/lottomat.com\/wp-content\/uploads\/2026\/01\/Austrian-EuroMillions-300x300.webp 300w, https:\/\/lottomat.com\/wp-content\/uploads\/2026\/01\/Austrian-EuroMillions-150x150.webp 150w, https:\/\/lottomat.com\/wp-content\/uploads\/2026\/01\/Austrian-EuroMillions-100x100.webp 100w\" sizes=\"auto, (max-width: 200px) 100vw, 200px\" \/><\/p>\n<p>P\u0159edstavte si, \u017ee se probouz\u00edte do \u017eivota, kde jsou v\u0161echny va\u0161e sny na dosah ruky, kde \u010d\u00edsla, kter\u00e1 jste si vybrali v\u010dera ve\u010der, nav\u017edy zm\u011bnila va\u0161i budoucnost. To je vzru\u0161en\u00ed, kter\u00e9 \u010dek\u00e1 na ka\u017ed\u00e9ho \u00fa\u010dastn\u00edka <strong>Euromillions EU<\/strong>, zn\u00e1m\u00e9 tak\u00e9 jako <strong>Euromillions Rakousko<\/strong>. S jackpoty, kter\u00e9 uchvacuj\u00ed p\u0159edstavivost a nad\u0161en\u00ed mili\u00f3n\u016f lid\u00ed, je tato loterie va\u0161\u00ed vstupenkou do sv\u011bta mo\u017enost\u00ed.<\/p>\n<p>Euromillions EU nen\u00ed jen dal\u0161\u00ed loterie \u2013 je to z\u00e1\u017eitek, kter\u00fd spojuje hr\u00e1\u010de z cel\u00e9ho kontinentu ve sd\u00edlen\u00e9 nad\u011bji na velk\u00e9 bohatstv\u00ed. Nap\u011bt\u00ed, vzru\u0161en\u00ed z ve\u010dera losov\u00e1n\u00ed a \u0161ance st\u00e1t se jedn\u00edm z nejv\u011bt\u0161\u00edch evropsk\u00fdch v\u00fdherc\u016f \u2013 to v\u0161e za\u010d\u00edn\u00e1 jedin\u00fdm losem.<\/p>\n<h2>\u010c\u00edm je Euromillions Rakousko jedine\u010dn\u00e9?<\/h2>\n<p>Pokud zn\u00e1te glob\u00e1ln\u00ed fenom\u00e9n Euromillions, mo\u017en\u00e1 se pt\u00e1te, \u010d\u00edm se li\u0161\u00ed verze EU \u2013 zejm\u00e9na Euromillions Rakousko \u2013 od britsk\u00e9 verze. Odpov\u011b\u010f tkv\u00ed v detailech a pro nad\u0161ence do loteri\u00ed tyto detaily z\u00e1le\u017e\u00ed.<\/p>\n<p><img loading=\"lazy\" decoding=\"async\" class=\"alignleft wp-image-268094\" src=\"https:\/\/lottomat.com\/wp-content\/uploads\/2026\/01\/EuroMillions-Austria-online.webp\" alt=\"EuroMillions Rakousko online\" width=\"200\" height=\"200\" srcset=\"https:\/\/lottomat.com\/wp-content\/uploads\/2026\/01\/EuroMillions-Austria-online.webp 400w, https:\/\/lottomat.com\/wp-content\/uploads\/2026\/01\/EuroMillions-Austria-online-300x300.webp 300w, https:\/\/lottomat.com\/wp-content\/uploads\/2026\/01\/EuroMillions-Austria-online-150x150.webp 150w, https:\/\/lottomat.com\/wp-content\/uploads\/2026\/01\/EuroMillions-Austria-online-100x100.webp 100w\" sizes=\"auto, (max-width: 200px) 100vw, 200px\" \/>Euromillions EU n\u00e1sleduje <a href=\"https:\/\/lottomat.com\/cs\/loterie\/euromillions\/\">klasick\u00fd form\u00e1t Euromillions<\/a>, ale vstupenky jsou nakupov\u00e1ny a v\u00fdhry jsou vypl\u00e1ceny podle rakousk\u00fdch pravidel a zdan\u011bn\u00ed. To \u010dasto znamen\u00e1 odli\u0161n\u00e9 struktury v\u00fdplat a n\u011bkdy p\u0159\u00edzniv\u011bj\u0161\u00ed da\u0148ov\u00e9 podm\u00ednky pro v\u00fdherce, v z\u00e1vislosti na va\u0161\u00ed zemi bydli\u0161t\u011b. Na rozd\u00edl od britsk\u00e9 verze, kde se vstupenky nakupuj\u00ed v libr\u00e1ch a podl\u00e9haj\u00ed britsk\u00fdm loterijn\u00edm p\u0159edpis\u016fm, Euromillions Rakousko funguje v eurech a \u0159\u00edd\u00ed se rakousk\u00fdmi hern\u00edmi z\u00e1kony. To m\u016f\u017ee znamenat rozd\u00edl nejen v tom, jak hrajete, ale tak\u00e9 v tom, kolik si nakonec odnesete dom\u016f, pokud vyhrajete.<\/p>\n<p>Dal\u0161\u00edm pozoruhodn\u00fdm rozd\u00edlem je nab\u00eddka dopl\u0148kov\u00fdch her a tomboly, kter\u00e9 n\u011bkdy doprov\u00e1zej\u00ed losov\u00e1n\u00ed Euromillions UK, jako nap\u0159\u00edklad UK Millionaire Maker. Zat\u00edmco tyto hry jsou v\u00fdhradn\u011b pro \u00fa\u010dastn\u00edky z Velk\u00e9 Brit\u00e1nie, hra prost\u0159ednictv\u00edm Euromillions EU znamen\u00e1, \u017ee jste sou\u010d\u00e1st\u00ed skute\u010dn\u011b celoevropsk\u00e9 loterijn\u00ed zku\u0161enosti a sd\u00edl\u00edte vzru\u0161en\u00ed s hr\u00e1\u010di z Rakouska, \u0160pan\u011blska, Francie, Portugalska, Belgie, Irska, Lucemburska a \u0160v\u00fdcarska. Pocit soun\u00e1le\u017eitosti a rozm\u011br hry d\u011blaj\u00ed z ka\u017ed\u00e9ho losov\u00e1n\u00ed skute\u010dn\u011b mezin\u00e1rodn\u00ed ud\u00e1lost.<\/p>\n<h2>Rytmus vzru\u0161en\u00ed \u2013 Kdy prob\u00edhaj\u00ed losov\u00e1n\u00ed?<\/h2>\n<p>Euromillions EU udr\u017euje vzru\u0161en\u00ed \u017eiv\u00e9 dv\u011bma losov\u00e1n\u00edmi ka\u017ed\u00fd t\u00fdden, kter\u00e1 se konaj\u00ed ka\u017ed\u00e9 \u00fater\u00fd a p\u00e1tek ve\u010der. Tento pravideln\u00fd rytmus znamen\u00e1, \u017ee p\u0159\u00edle\u017eitost zm\u011bnit v\u00e1\u0161 \u017eivot nen\u00ed nikdy daleko \u2013 jen n\u011bkolik dn\u00ed d\u011bl\u00ed ka\u017edou \u0161anci st\u00e1t se dal\u0161\u00edm velk\u00fdm evropsk\u00fdm v\u00fdhercem. Nap\u011bt\u00ed nar\u016fst\u00e1 po cel\u00fd t\u00fdden a ka\u017ed\u00e9 losov\u00e1n\u00ed je nov\u00fd za\u010d\u00e1tek, nov\u00e1 \u0161ance na \u0161t\u011bst\u00ed, kter\u00e1 m\u016f\u017ee b\u00fdt hned za rohem.<\/p>\n<p>Je v tom zvl\u00e1\u0161tn\u00ed kouzlo, kdy\u017e v\u00edte, \u017ee dvakr\u00e1t t\u00fddn\u011b n\u011bkdo, n\u011bkde v Evrop\u011b, uvid\u00ed sv\u00e1 \u010d\u00edsla padnout. Pro\u010d byste to nemohli b\u00fdt vy? S tak \u010dast\u00fdmi losov\u00e1n\u00edmi nab\u00edz\u00ed Euromillions EU spoustu p\u0159\u00edle\u017eitost\u00ed hr\u00e1t, sn\u00edt a vyhr\u00e1vat.<\/p>\n<h2>Pro\u010d hr\u00e1t Euromillions Rakousko? Radost z honby za velk\u00fdmi sny<\/h2>\n<p>Skute\u010dn\u00e9 kouzlo Euromillions EU spo\u010d\u00edv\u00e1 v \u017eivotn\u011b m\u011bn\u00edc\u00edch mo\u017enostech, kter\u00e9 nab\u00edz\u00ed. Jackpoty pravideln\u011b dosahuj\u00ed z\u00e1vratn\u00fdch v\u00fd\u0161ek, n\u011bkdy vylet\u00ed a\u017e p\u0159es 200 milion\u016f eur. P\u0159edstavte si, co byste mohli ud\u011blat s takovou v\u00fdhrou \u2013 a\u0165 u\u017e je to cestov\u00e1n\u00ed po cel\u00e9m sv\u011bt\u011b, koup\u011b va\u0161eho vysn\u011bn\u00e9ho domova, zaji\u0161t\u011bn\u00ed budoucnosti va\u0161\u00ed rodiny nebo podpora v\u011bc\u00ed, kter\u00e9 m\u00e1te nejbl\u00ed\u017ee k srdci. Horizont se roz\u0161i\u0159uje a jedin\u00fdm limitem je va\u0161e fantazie.<\/p>\n<p>Ale krom\u011b obrovsk\u00fdch v\u00fdplat je na tom, \u017ee jste sou\u010d\u00e1st\u00ed tak legend\u00e1rn\u00ed loterie, n\u011bco hluboce uspokojiv\u00e9ho. Ka\u017ed\u00fd los je slibem nad\u011bje, malou investic\u00ed do v\u00edry, \u017ee \u0161t\u011bst\u00ed by v\u00e1m p\u0159\u00ed\u0161t\u011b mohlo p\u0159\u00e1t. Naprost\u00e9 o\u010dek\u00e1v\u00e1n\u00ed losov\u00e1n\u00ed, okam\u017eik, kdy zazn\u00ed va\u0161e \u010d\u00edsla, a p\u0159\u00edval adrenalinu, kter\u00fd n\u00e1sleduje \u2013 je to z\u00e1\u017eitek, kter\u00fd p\u0159in\u00e1\u0161\u00ed vzru\u0161en\u00ed do ka\u017edodenn\u00edho \u017eivota.<img loading=\"lazy\" decoding=\"async\" class=\"alignright wp-image-268125\" src=\"https:\/\/lottomat.com\/wp-content\/uploads\/2026\/01\/EuroMillions-Austria-tickets.webp\" alt=\"Vstupenky na EuroMillions Rakousko\" width=\"200\" height=\"200\" srcset=\"https:\/\/lottomat.com\/wp-content\/uploads\/2026\/01\/EuroMillions-Austria-tickets.webp 400w, https:\/\/lottomat.com\/wp-content\/uploads\/2026\/01\/EuroMillions-Austria-tickets-300x300.webp 300w, https:\/\/lottomat.com\/wp-content\/uploads\/2026\/01\/EuroMillions-Austria-tickets-150x150.webp 150w, https:\/\/lottomat.com\/wp-content\/uploads\/2026\/01\/EuroMillions-Austria-tickets-100x100.webp 100w\" sizes=\"auto, (max-width: 200px) 100vw, 200px\" \/><\/p>\n<p>Pro skute\u010dn\u00e9 p\u0159ijet\u00ed loterijn\u00edho \u017eivotn\u00edho stylu je kl\u00ed\u010dov\u00e1 pravidelnost. Nej\u00fasp\u011b\u0161n\u011bj\u0161\u00ed loterijov\u00ed hr\u00e1\u010di v\u011bd\u00ed, \u017ee pravideln\u00e1 hra je tajemstv\u00edm ke zv\u00fd\u0161en\u00ed va\u0161ich \u0161anc\u00ed. Ka\u017ed\u00e9 losov\u00e1n\u00ed, kter\u00e9 vynech\u00e1te, je ztracenou p\u0159\u00edle\u017eitost\u00ed, proto si z toho ud\u011blejte zvyk \u2013 kupte si vstupenky, vyberte si \u010d\u00edsla, \u010dekejte na <a href=\"https:\/\/lottomat.com\/cs\/hrat\/euromillions\/\">ofici\u00e1ln\u00ed v\u00fdsledky EuroMillions Rakousko<\/a> a z\u016fsta\u0148te ve h\u0159e. Koneckonc\u016f nem\u016f\u017eete vyhr\u00e1t, pokud nehrajete, a nikdy nev\u00edte, kdy p\u0159ijde v\u00e1\u0161 \u0161\u0165astn\u00fd den.<\/p>\n<h2>V\u00edce ne\u017e jen Euromillions \u2013 Sv\u011bt \u010dek\u00e1 na LottoMat<\/h2>\n<p>Zat\u00edmco Euromillions EU a jeho britsk\u00fd prot\u011bj\u0161ek pat\u0159\u00ed mezi <a href=\"https:\/\/lottomat.com\/cs\/hrat\/\">nejobl\u00edben\u011bj\u0161\u00ed loterie v Evrop\u011b<\/a>, jsou to jen za\u010d\u00e1tek toho, co je mo\u017en\u00e9 na LottoMat. Na\u0161e platforma v\u00e1m p\u0159in\u00e1\u0161\u00ed cel\u00fd sv\u011bt loterie na dosah ruky \u2013 od mocn\u00e9ho Powerball a <a href=\"https:\/\/lottomat.com\/cs\/hrat\/megamillions\/\">Mega Millions<\/a> ve Spojen\u00fdch st\u00e1tech, p\u0159es italsk\u00fd <a href=\"https:\/\/lottomat.com\/cs\/hrat\/superenalotto\/\">SuperEnalotto<\/a>, \u0161pan\u011blsk\u00fd El Gordo a mnoho dal\u0161\u00edch. Ka\u017ed\u00e1 loterie nab\u00edz\u00ed svou vlastn\u00ed jedine\u010dnou p\u0159\u00edchu\u0165, kurzy a velikosti jackpot\u016f, \u010d\u00edm\u017e v\u00e1m d\u00e1v\u00e1 nekone\u010dn\u00e9 zp\u016fsoby, jak hr\u00e1t a vyhr\u00e1vat.<\/p>\n<p>Hra na v\u00edce loteri\u00ed je strategie, kterou p\u0159ij\u00edm\u00e1 mnoho zku\u0161en\u00fdch hr\u00e1\u010d\u016f. Rozlo\u017een\u00edm va\u0161ich s\u00e1zek mezi r\u016fzn\u00e9 hry nejen roz\u0161i\u0159ujete sv\u00e9 obzory, ale tak\u00e9 v\u00fdrazn\u011b zvy\u0161ujete sv\u00e9 \u0161ance na velkou v\u00fdhru. Ka\u017ed\u00fd los je novou p\u0159\u00edle\u017eitost\u00ed, ka\u017ed\u00e9 losov\u00e1n\u00ed je nov\u00fdm dobrodru\u017estv\u00edm. Na LottoMat m\u00e1te svobodu prozkoum\u00e1vat, experimentovat a naj\u00edt hry, kter\u00e9 oslovuj\u00ed v\u00e1\u0161 smysl pro vzru\u0161en\u00ed.<\/p>\n<p>Sv\u011bt loteri\u00ed je pln\u00fd p\u0159\u00edb\u011bh\u016f \u2013 oby\u010dejn\u00fdch lid\u00ed, jejich\u017e \u017eivoty se zm\u011bnily v m\u017eiku, sn\u016f uskute\u010dn\u011bn\u00fdch a osud\u016f p\u0159epsan\u00fdch. S ka\u017ed\u00fdm losem, kter\u00fd si koup\u00edte, se p\u0159ipojujete k t\u00e9to glob\u00e1ln\u00ed komunit\u011b sn\u00edlk\u016f a v\u00fdherc\u016f. P\u0159\u00ed\u0161t\u00ed p\u0159\u00edb\u011bh m\u016f\u017ee b\u00fdt v\u00e1\u0161.<\/p>\n<h2>Va\u0161e cesta ke \u0161t\u011bst\u00ed za\u010d\u00edn\u00e1 zde<\/h2>\n<p><img loading=\"lazy\" decoding=\"async\" class=\"alignleft wp-image-268155\" src=\"https:\/\/lottomat.com\/wp-content\/uploads\/2026\/01\/play-EuroMillions-Austria.webp\" alt=\"hrajte EuroMillions Rakousko\" width=\"200\" height=\"200\" srcset=\"https:\/\/lottomat.com\/wp-content\/uploads\/2026\/01\/play-EuroMillions-Austria.webp 400w, https:\/\/lottomat.com\/wp-content\/uploads\/2026\/01\/play-EuroMillions-Austria-300x300.webp 300w, https:\/\/lottomat.com\/wp-content\/uploads\/2026\/01\/play-EuroMillions-Austria-150x150.webp 150w, https:\/\/lottomat.com\/wp-content\/uploads\/2026\/01\/play-EuroMillions-Austria-100x100.webp 100w\" sizes=\"auto, (max-width: 200px) 100vw, 200px\" \/>Euromillions EU je v\u00edce ne\u017e jen hra \u2013 je to br\u00e1na ke sv\u011btlej\u0161\u00ed budoucnosti. Vzru\u0161en\u00ed z o\u010dek\u00e1v\u00e1n\u00ed, radost z mo\u017enost\u00ed a \u0161ance st\u00e1t se jedn\u00edm z nejv\u011bt\u0161\u00edch evropsk\u00fdch v\u00fdherc\u016f jsou na dosah. A\u0165 u\u017e hrajete poprv\u00e9, nebo jste ost\u0159\u00edlen\u00fd fanou\u0161ek loteri\u00ed, neexistuje lep\u0161\u00ed \u010das se zapojit.<\/p>\n<p>Pamatujte, kl\u00ed\u010dem k v\u00fdh\u0159e je \u00fa\u010dast. \u010c\u00edm v\u00edce hrajete, t\u00edm v\u011bt\u0161\u00ed m\u00e1te \u0161anci p\u0159ipojit se k \u0159ad\u00e1m t\u011bch \u0161\u0165astlivc\u016f, kte\u0159\u00ed vid\u011bli sv\u00e9 \u017eivoty prom\u011bn\u011bn\u00e9 jedin\u00fdm losem. Nenechte proj\u00edt dal\u0161\u00ed losov\u00e1n\u00ed \u2013 vyu\u017eijte svou \u0161anci, p\u0159ijm\u011bte vzru\u0161en\u00ed a nechte Euromillions EU otev\u0159\u00edt dve\u0159e k \u017eivotu, o kter\u00e9m jste v\u017edy snili.<\/p>\n<p>A pokud chcete svou \u0161anci je\u0161t\u011b v\u00edce zv\u00fd\u0161it, prozkoumejte bohat\u00fd v\u00fdb\u011br mezin\u00e1rodn\u00edch loteri\u00ed na LottoMat. Ka\u017ed\u00e1 hra je novou mo\u017enost\u00ed, nov\u00fdm horizontem a nov\u00fdm d\u016fvodem v\u011b\u0159it, \u017ee \u0161t\u011bst\u00ed p\u0159eje odv\u00e1\u017en\u00fdm. Va\u0161e dobrodru\u017estv\u00ed za\u010d\u00edn\u00e1 te\u010f \u2013 jste p\u0159ipraveni hr\u00e1t?<\/p>\n","protected":false},"excerpt":{"rendered":"<p>Objevte vzru\u0161en\u00ed z Euromillions EU \u2013 Rakousk\u00e1 cesta k velk\u00fdm v\u00fdhr\u00e1m P\u0159edstavte si, \u017ee se probouz\u00edte do \u017eivota, kde jsou v\u0161echny va\u0161e sny na dosah ruky, kde \u010d\u00edsla, kter\u00e1 jste si vybrali v\u010dera ve\u010der, nav\u017edy zm\u011bnila va\u0161i budoucnost. To je vzru\u0161en\u00ed, kter\u00e9 \u010dek\u00e1 na ka\u017ed\u00e9ho \u00fa\u010dastn\u00edka Euromillions EU, zn\u00e1m\u00e9 tak\u00e9 jako Euromillions Rakousko. S jackpoty, [&hellip;]<\/p>\n","protected":false},"author":2,"featured_media":0,"parent":6763,"menu_order":0,"comment_status":"closed","ping_status":"closed","template":"euromillions-at.php","meta":{"_et_pb_use_builder":"","_et_pb_old_content":"","_et_gb_content_width":"","exclude_from_search":false,"footnotes":""},"class_list":["post-270483","page","type-page","status-publish","hentry"],"yoast_head":"<!-- This site is optimized with the Yoast SEO plugin v23.8 - https:\/\/yoast.com\/wordpress\/plugins\/seo\/ -->\n<title>EuroMillions Rakousko Online \u2013 Koupit Vstupenky \u2013 LottoMat<\/title>\n<meta name=\"description\" content=\"Hrajte EuroMillions Rakousko online na LottoMat. Zde si m\u016f\u017eete koupit vstupenky na EuroMillions Rakousko pro nadch\u00e1zej\u00edc\u00ed losov\u00e1n\u00ed. P\u0159ipojte se nyn\u00ed!\" \/>\n<meta name=\"robots\" content=\"index, follow, max-snippet:-1, max-image-preview:large, max-video-preview:-1\" \/>\n<link rel=\"canonical\" href=\"https:\/\/lottomat.com\/cs\/hrat\/euromillions-eu-online-euromillions-rakousko-vstupenky\/\" \/>\n<meta property=\"og:locale\" content=\"cs_CZ\" \/>\n<meta property=\"og:type\" content=\"article\" \/>\n<meta property=\"og:title\" content=\"EuroMillions Rakousko Online \u2013 Koupit Vstupenky \u2013 LottoMat\" \/>\n<meta property=\"og:description\" content=\"Hrajte EuroMillions Rakousko online na LottoMat. Zde si m\u016f\u017eete koupit vstupenky na EuroMillions Rakousko pro nadch\u00e1zej\u00edc\u00ed losov\u00e1n\u00ed. P\u0159ipojte se nyn\u00ed!\" \/>\n<meta property=\"og:url\" content=\"https:\/\/lottomat.com\/cs\/hrat\/euromillions-eu-online-euromillions-rakousko-vstupenky\/\" \/>\n<meta property=\"og:site_name\" content=\"Lottomat\" \/>\n<meta property=\"article:modified_time\" content=\"2026-02-05T13:00:05+00:00\" \/>\n<meta property=\"og:image\" content=\"https:\/\/lottomat.com\/wp-content\/uploads\/2026\/01\/Austrian-EuroMillions.webp\" \/>\n<meta name=\"twitter:card\" content=\"summary_large_image\" \/>\n<meta name=\"twitter:label1\" content=\"Odhadovan\u00e1 doba \u010dten\u00ed\" \/>\n\t<meta name=\"twitter:data1\" content=\"5 minut\" \/>\n<script type=\"application\/ld+json\" class=\"yoast-schema-graph\">{\"@context\":\"https:\/\/schema.org\",\"@graph\":[{\"@type\":\"WebPage\",\"@id\":\"https:\/\/lottomat.com\/cs\/hrat\/euromillions-eu-online-euromillions-rakousko-vstupenky\/\",\"url\":\"https:\/\/lottomat.com\/cs\/hrat\/euromillions-eu-online-euromillions-rakousko-vstupenky\/\",\"name\":\"EuroMillions Rakousko Online \u2013 Koupit Vstupenky \u2013 LottoMat\",\"isPartOf\":{\"@id\":\"https:\/\/lottomat.com\/cs\/#website\"},\"primaryImageOfPage\":{\"@id\":\"https:\/\/lottomat.com\/cs\/hrat\/euromillions-eu-online-euromillions-rakousko-vstupenky\/#primaryimage\"},\"image\":{\"@id\":\"https:\/\/lottomat.com\/cs\/hrat\/euromillions-eu-online-euromillions-rakousko-vstupenky\/#primaryimage\"},\"thumbnailUrl\":\"https:\/\/lottomat.com\/wp-content\/uploads\/2026\/01\/Austrian-EuroMillions.webp\",\"datePublished\":\"2025-05-18T16:39:08+00:00\",\"dateModified\":\"2026-02-05T13:00:05+00:00\",\"description\":\"Hrajte EuroMillions Rakousko online na LottoMat. Zde si m\u016f\u017eete koupit vstupenky na EuroMillions Rakousko pro nadch\u00e1zej\u00edc\u00ed losov\u00e1n\u00ed. P\u0159ipojte se nyn\u00ed!\",\"breadcrumb\":{\"@id\":\"https:\/\/lottomat.com\/cs\/hrat\/euromillions-eu-online-euromillions-rakousko-vstupenky\/#breadcrumb\"},\"inLanguage\":\"cs\",\"potentialAction\":[{\"@type\":\"ReadAction\",\"target\":[\"https:\/\/lottomat.com\/cs\/hrat\/euromillions-eu-online-euromillions-rakousko-vstupenky\/\"]}]},{\"@type\":\"ImageObject\",\"inLanguage\":\"cs\",\"@id\":\"https:\/\/lottomat.com\/cs\/hrat\/euromillions-eu-online-euromillions-rakousko-vstupenky\/#primaryimage\",\"url\":\"https:\/\/lottomat.com\/wp-content\/uploads\/2026\/01\/Austrian-EuroMillions.webp\",\"contentUrl\":\"https:\/\/lottomat.com\/wp-content\/uploads\/2026\/01\/Austrian-EuroMillions.webp\"},{\"@type\":\"BreadcrumbList\",\"@id\":\"https:\/\/lottomat.com\/cs\/hrat\/euromillions-eu-online-euromillions-rakousko-vstupenky\/#breadcrumb\",\"itemListElement\":[{\"@type\":\"ListItem\",\"position\":1,\"name\":\"Home\",\"item\":\"https:\/\/lottomat.com\/cs\/\"},{\"@type\":\"ListItem\",\"position\":2,\"name\":\"Hr\u00e1t loterii\",\"item\":\"https:\/\/lottomat.com\/cs\/hrat\/\"},{\"@type\":\"ListItem\",\"position\":3,\"name\":\"Euromillions EU Online &#8211; Euromillions Rakousko Vstupenky\"}]},{\"@type\":\"WebSite\",\"@id\":\"https:\/\/lottomat.com\/cs\/#website\",\"url\":\"https:\/\/lottomat.com\/cs\/\",\"name\":\"Lottomat\",\"description\":\"\",\"potentialAction\":[{\"@type\":\"SearchAction\",\"target\":{\"@type\":\"EntryPoint\",\"urlTemplate\":\"https:\/\/lottomat.com\/cs\/?s={search_term_string}\"},\"query-input\":{\"@type\":\"PropertyValueSpecification\",\"valueRequired\":true,\"valueName\":\"search_term_string\"}}],\"inLanguage\":\"cs\"}]}<\/script>\n<!-- \/ Yoast SEO plugin. -->","yoast_head_json":{"title":"EuroMillions Rakousko Online \u2013 Koupit Vstupenky \u2013 LottoMat","description":"Hrajte EuroMillions Rakousko online na LottoMat. Zde si m\u016f\u017eete koupit vstupenky na EuroMillions Rakousko pro nadch\u00e1zej\u00edc\u00ed losov\u00e1n\u00ed. P\u0159ipojte se nyn\u00ed!","robots":{"index":"index","follow":"follow","max-snippet":"max-snippet:-1","max-image-preview":"max-image-preview:large","max-video-preview":"max-video-preview:-1"},"canonical":"https:\/\/lottomat.com\/cs\/hrat\/euromillions-eu-online-euromillions-rakousko-vstupenky\/","og_locale":"cs_CZ","og_type":"article","og_title":"EuroMillions Rakousko Online \u2013 Koupit Vstupenky \u2013 LottoMat","og_description":"Hrajte EuroMillions Rakousko online na LottoMat. Zde si m\u016f\u017eete koupit vstupenky na EuroMillions Rakousko pro nadch\u00e1zej\u00edc\u00ed losov\u00e1n\u00ed. P\u0159ipojte se nyn\u00ed!","og_url":"https:\/\/lottomat.com\/cs\/hrat\/euromillions-eu-online-euromillions-rakousko-vstupenky\/","og_site_name":"Lottomat","article_modified_time":"2026-02-05T13:00:05+00:00","og_image":[{"url":"https:\/\/lottomat.com\/wp-content\/uploads\/2026\/01\/Austrian-EuroMillions.webp"}],"twitter_card":"summary_large_image","twitter_misc":{"Odhadovan\u00e1 doba \u010dten\u00ed":"5 minut"},"schema":{"@context":"https:\/\/schema.org","@graph":[{"@type":"WebPage","@id":"https:\/\/lottomat.com\/cs\/hrat\/euromillions-eu-online-euromillions-rakousko-vstupenky\/","url":"https:\/\/lottomat.com\/cs\/hrat\/euromillions-eu-online-euromillions-rakousko-vstupenky\/","name":"EuroMillions Rakousko Online \u2013 Koupit Vstupenky \u2013 LottoMat","isPartOf":{"@id":"https:\/\/lottomat.com\/cs\/#website"},"primaryImageOfPage":{"@id":"https:\/\/lottomat.com\/cs\/hrat\/euromillions-eu-online-euromillions-rakousko-vstupenky\/#primaryimage"},"image":{"@id":"https:\/\/lottomat.com\/cs\/hrat\/euromillions-eu-online-euromillions-rakousko-vstupenky\/#primaryimage"},"thumbnailUrl":"https:\/\/lottomat.com\/wp-content\/uploads\/2026\/01\/Austrian-EuroMillions.webp","datePublished":"2025-05-18T16:39:08+00:00","dateModified":"2026-02-05T13:00:05+00:00","description":"Hrajte EuroMillions Rakousko online na LottoMat. Zde si m\u016f\u017eete koupit vstupenky na EuroMillions Rakousko pro nadch\u00e1zej\u00edc\u00ed losov\u00e1n\u00ed. P\u0159ipojte se nyn\u00ed!","breadcrumb":{"@id":"https:\/\/lottomat.com\/cs\/hrat\/euromillions-eu-online-euromillions-rakousko-vstupenky\/#breadcrumb"},"inLanguage":"cs","potentialAction":[{"@type":"ReadAction","target":["https:\/\/lottomat.com\/cs\/hrat\/euromillions-eu-online-euromillions-rakousko-vstupenky\/"]}]},{"@type":"ImageObject","inLanguage":"cs","@id":"https:\/\/lottomat.com\/cs\/hrat\/euromillions-eu-online-euromillions-rakousko-vstupenky\/#primaryimage","url":"https:\/\/lottomat.com\/wp-content\/uploads\/2026\/01\/Austrian-EuroMillions.webp","contentUrl":"https:\/\/lottomat.com\/wp-content\/uploads\/2026\/01\/Austrian-EuroMillions.webp"},{"@type":"BreadcrumbList","@id":"https:\/\/lottomat.com\/cs\/hrat\/euromillions-eu-online-euromillions-rakousko-vstupenky\/#breadcrumb","itemListElement":[{"@type":"ListItem","position":1,"name":"Home","item":"https:\/\/lottomat.com\/cs\/"},{"@type":"ListItem","position":2,"name":"Hr\u00e1t loterii","item":"https:\/\/lottomat.com\/cs\/hrat\/"},{"@type":"ListItem","position":3,"name":"Euromillions EU Online &#8211; Euromillions Rakousko Vstupenky"}]},{"@type":"WebSite","@id":"https:\/\/lottomat.com\/cs\/#website","url":"https:\/\/lottomat.com\/cs\/","name":"Lottomat","description":"","potentialAction":[{"@type":"SearchAction","target":{"@type":"EntryPoint","urlTemplate":"https:\/\/lottomat.com\/cs\/?s={search_term_string}"},"query-input":{"@type":"PropertyValueSpecification","valueRequired":true,"valueName":"search_term_string"}}],"inLanguage":"cs"}]}},"_links":{"self":[{"href":"https:\/\/lottomat.com\/cs\/wp-json\/wp\/v2\/pages\/270483","targetHints":{"allow":["GET"]}}],"collection":[{"href":"https:\/\/lottomat.com\/cs\/wp-json\/wp\/v2\/pages"}],"about":[{"href":"https:\/\/lottomat.com\/cs\/wp-json\/wp\/v2\/types\/page"}],"author":[{"embeddable":true,"href":"https:\/\/lottomat.com\/cs\/wp-json\/wp\/v2\/users\/2"}],"replies":[{"embeddable":true,"href":"https:\/\/lottomat.com\/cs\/wp-json\/wp\/v2\/comments?post=270483"}],"version-history":[{"count":2,"href":"https:\/\/lottomat.com\/cs\/wp-json\/wp\/v2\/pages\/270483\/revisions"}],"predecessor-version":[{"id":270485,"href":"https:\/\/lottomat.com\/cs\/wp-json\/wp\/v2\/pages\/270483\/revisions\/270485"}],"up":[{"embeddable":true,"href":"https:\/\/lottomat.com\/cs\/wp-json\/wp\/v2\/pages\/6763"}],"wp:attachment":[{"href":"https:\/\/lottomat.com\/cs\/wp-json\/wp\/v2\/media?parent=270483"}],"curies":[{"name":"wp","href":"https:\/\/api.w.org\/{rel}","templated":true}]}}