{"id":237795,"date":"2025-04-07T19:24:29","date_gmt":"2025-04-07T19:24:29","guid":{"rendered":"https:\/\/lottomat.net\/vysledky-loterie\/vysledky-souteze-mega-millions\/"},"modified":"2026-02-04T17:07:03","modified_gmt":"2026-02-04T17:07:03","slug":"megamillions","status":"publish","type":"page","link":"https:\/\/lottomat.com\/cs\/vysledky\/megamillions\/","title":{"rendered":"Mega Millions v\u00fdsledky a v\u00fdhern\u00ed \u010d\u00edsla"},"content":{"rendered":"\n\n<div class=\"kk-star-ratings kksr-auto kksr-align-left kksr-valign-top\"\n    data-payload='{&quot;align&quot;:&quot;left&quot;,&quot;id&quot;:&quot;237795&quot;,&quot;slug&quot;:&quot;default&quot;,&quot;valign&quot;:&quot;top&quot;,&quot;ignore&quot;:&quot;&quot;,&quot;reference&quot;:&quot;auto&quot;,&quot;class&quot;:&quot;&quot;,&quot;count&quot;:&quot;0&quot;,&quot;legendonly&quot;:&quot;&quot;,&quot;readonly&quot;:&quot;&quot;,&quot;score&quot;:&quot;0&quot;,&quot;starsonly&quot;:&quot;&quot;,&quot;best&quot;:&quot;5&quot;,&quot;gap&quot;:&quot;5&quot;,&quot;greet&quot;:&quot;Rate this page&quot;,&quot;legend&quot;:&quot;0\\\/5 - (0 votes)&quot;,&quot;size&quot;:&quot;30&quot;,&quot;title&quot;:&quot;Mega Millions v\u00fdsledky a v\u00fdhern\u00ed \u010d\u00edsla&quot;,&quot;width&quot;:&quot;0&quot;,&quot;_legend&quot;:&quot;{score}\\\/{best} - ({count} {votes})&quot;,&quot;font_factor&quot;:&quot;1.25&quot;}'>\n            \n<div class=\"kksr-stars\">\n    \n<div class=\"kksr-stars-inactive\">\n            <div class=\"kksr-star\" data-star=\"1\" style=\"padding-right: 5px\">\n            \n\n<div class=\"kksr-icon\" style=\"width: 30px; height: 30px;\"><\/div>\n        <\/div>\n            <div class=\"kksr-star\" data-star=\"2\" style=\"padding-right: 5px\">\n            \n\n<div class=\"kksr-icon\" style=\"width: 30px; height: 30px;\"><\/div>\n        <\/div>\n            <div class=\"kksr-star\" data-star=\"3\" style=\"padding-right: 5px\">\n            \n\n<div class=\"kksr-icon\" style=\"width: 30px; height: 30px;\"><\/div>\n        <\/div>\n            <div class=\"kksr-star\" data-star=\"4\" style=\"padding-right: 5px\">\n            \n\n<div class=\"kksr-icon\" style=\"width: 30px; height: 30px;\"><\/div>\n        <\/div>\n            <div class=\"kksr-star\" data-star=\"5\" style=\"padding-right: 5px\">\n            \n\n<div class=\"kksr-icon\" style=\"width: 30px; height: 30px;\"><\/div>\n        <\/div>\n    <\/div>\n    \n<div class=\"kksr-stars-active\" style=\"width: 0px;\">\n            <div class=\"kksr-star\" style=\"padding-right: 5px\">\n            \n\n<div class=\"kksr-icon\" style=\"width: 30px; height: 30px;\"><\/div>\n        <\/div>\n            <div class=\"kksr-star\" style=\"padding-right: 5px\">\n            \n\n<div class=\"kksr-icon\" style=\"width: 30px; height: 30px;\"><\/div>\n        <\/div>\n            <div class=\"kksr-star\" style=\"padding-right: 5px\">\n            \n\n<div class=\"kksr-icon\" style=\"width: 30px; height: 30px;\"><\/div>\n        <\/div>\n            <div class=\"kksr-star\" style=\"padding-right: 5px\">\n            \n\n<div class=\"kksr-icon\" style=\"width: 30px; height: 30px;\"><\/div>\n        <\/div>\n            <div class=\"kksr-star\" style=\"padding-right: 5px\">\n            \n\n<div class=\"kksr-icon\" style=\"width: 30px; height: 30px;\"><\/div>\n        <\/div>\n    <\/div>\n<\/div>\n                \n\n<div class=\"kksr-legend\" style=\"font-size: 24px;\">\n            <span class=\"kksr-muted\">Rate this page<\/span>\n    <\/div>\n    <\/div>\n<p>Loteriov\u00e9 tikety Mega Millions jsou koupeny, v\u00fdhern\u00ed \u010d\u00edsla Mega Millions jsou vybr\u00e1na a vy se jen soust\u0159ed\u00edte na bla\u017een\u00e9 pl\u00e1ny a sny, kter\u00e9 se stanou skute\u010dnost\u00ed, pokud se pouze p\u0159ipoj\u00edte ke skupin\u011b milion\u00e1\u0159\u016f. Na tom nen\u00ed nic \u0161patn\u00e9ho, v\u0161ichni m\u00e1me sv\u00e9 sny. Je pravd\u011bpodobn\u00e9, \u017ee my\u0161lenky ka\u017ed\u00e9ho hr\u00e1\u010de se to\u010d\u00ed kolem v\u00fdhry p\u0159ed zji\u0161t\u011bn\u00edm v\u00fdsledk\u016f losov\u00e1n\u00ed Mega Millions a <strong>Mega Millions je hra, kter\u00e1 m\u016f\u017ee opravdu hodn\u011b d\u00e1t<\/strong>.<\/p>\n<h2>Je mo\u017en\u00e9 vyhr\u00e1t s \u010d\u00edsly Mega Millions?<img loading=\"lazy\" decoding=\"async\" class=\"alignright wp-image-251955\" src=\"https:\/\/lottomat.com\/wp-content\/uploads\/2025\/10\/Mega-Millions-winning-numbers.webp\" alt=\"Mega Millions v\u00fdhern\u00ed \u010d\u00edsla\" width=\"200\" height=\"200\" srcset=\"https:\/\/lottomat.com\/wp-content\/uploads\/2025\/10\/Mega-Millions-winning-numbers.webp 400w, https:\/\/lottomat.com\/wp-content\/uploads\/2025\/10\/Mega-Millions-winning-numbers-300x300.webp 300w, https:\/\/lottomat.com\/wp-content\/uploads\/2025\/10\/Mega-Millions-winning-numbers-150x150.webp 150w, https:\/\/lottomat.com\/wp-content\/uploads\/2025\/10\/Mega-Millions-winning-numbers-100x100.webp 100w\" sizes=\"auto, (max-width: 200px) 100vw, 200px\" \/><\/h2>\n<p>Dokud <a href=\"https:\/\/lottomat.com\/cs\/vysledky\/\">nezkontrolujete aktu\u00e1ln\u00ed v\u00fdsledky losov\u00e1n\u00ed lota<\/a>, m\u016f\u017eete sn\u00edt, ale pouze vylosov\u00e1n\u00ed \u010d\u00edsel, kter\u00e1 jste si vybrali, m\u016f\u017ee tento kr\u00e1sn\u00fd sen uskute\u010dnit, a proto nem\u00e1 smysl \u010dekat \u2013 jen hrajte a kontrolujte. V\u0161e, co mus\u00edte ud\u011blat po losov\u00e1n\u00ed, je <a href=\"https:\/\/lottomat.com\/cs\/\">nav\u0161t\u00edvit webov\u00e9 str\u00e1nky LottoMat<\/a> se str\u00e1nkou v\u00fdsledk\u016f pro Mega Millions a pod\u00edvat se, kter\u00e1 \u010d\u00edsla vyhr\u00e1la v tomto konkr\u00e9tn\u00edm losov\u00e1n\u00ed, pokud se shoduj\u00ed s va\u0161\u00edm tiketem, znamen\u00e1 to, \u017ee jste mezi v\u00fdherci <a href=\"https:\/\/lottomat.com\/cs\/loterie\/megamillions\/\">cen a jackpotu Mega Millions<\/a>. <strong>Losov\u00e1n\u00ed loterie Mega Millions prob\u00edh\u00e1 pravideln\u011b dvakr\u00e1t t\u00fddn\u011b, ka\u017edou st\u0159edu a sobotu v 03:00 UTC<\/strong>. Zve\u0159ej\u0148ujeme aktu\u00e1ln\u00ed v\u00fdsledky Mega Millions online hned po skon\u010den\u00ed losov\u00e1n\u00ed a poch\u00e1zej\u00ed z ofici\u00e1ln\u00edch informac\u00ed hostitele loterie, co\u017e je \u010din\u00ed 100% ov\u011b\u0159en\u00fdmi a spolehliv\u00fdmi. Jedin\u00e9, na co je t\u0159eba pamatovat, je zm\u011bnit \u010dasov\u00e9 p\u00e1smo na va\u0161e m\u00edstn\u00ed \u010dasov\u00e9 p\u00e1smo.<\/p>\n<h2>Jak zkontrolovat dne\u0161n\u00ed v\u00fdsledky Mega Millions?<\/h2>\n<p><strong>Aktu\u00e1ln\u00ed v\u00fdsledky Mega Millions jsou snadno dostupn\u00e9 na webov\u00fdch str\u00e1nk\u00e1ch LottoMat okam\u017eit\u011b po skon\u010den\u00ed ka\u017ed\u00e9ho losov\u00e1n\u00ed<\/strong>. V\u0161echny zve\u0159ejn\u011bn\u00e9 v\u00fdsledky poch\u00e1zej\u00ed p\u0159\u00edmo z ofici\u00e1ln\u00edch loteriov\u00fdch zdroj\u016f, co\u017e zaji\u0161\u0165uje \u00faplnou p\u0159esnost a spolehlivost. Nejnov\u011bj\u0161\u00ed v\u00fdhern\u00ed \u010d\u00edsla m\u016f\u017eete z\u00edskat n\u00e1v\u0161t\u011bvou na\u0161\u00ed vyhrazen\u00e9 str\u00e1nky s v\u00fdsledky Mega Millions. V\u00fdsledky jsou aktualizov\u00e1ny v re\u00e1ln\u00e9m \u010dase po ka\u017ed\u00e9m losov\u00e1n\u00ed, tak\u017ee budete m\u00edt v\u017edy p\u0159\u00edstup k nejnov\u011bj\u0161\u00edm informac\u00edm. Jednodu\u0161e p\u0159ejd\u011bte do na\u0161\u00ed sekce v\u00fdsledk\u016f a zjist\u011bte, zda z v\u00e1s va\u0161e \u010d\u00edsla ud\u011blala dal\u0161\u00edho v\u00fdherce Mega Millions.<\/p>\n<h2><img loading=\"lazy\" decoding=\"async\" class=\"alignleft wp-image-251985\" src=\"https:\/\/lottomat.com\/wp-content\/uploads\/2025\/10\/Mega-Millions-results.webp\" alt=\"Mega Millions v\u00fdsledky\" width=\"200\" height=\"200\" srcset=\"https:\/\/lottomat.com\/wp-content\/uploads\/2025\/10\/Mega-Millions-results.webp 400w, https:\/\/lottomat.com\/wp-content\/uploads\/2025\/10\/Mega-Millions-results-300x300.webp 300w, https:\/\/lottomat.com\/wp-content\/uploads\/2025\/10\/Mega-Millions-results-150x150.webp 150w, https:\/\/lottomat.com\/wp-content\/uploads\/2025\/10\/Mega-Millions-results-100x100.webp 100w\" sizes=\"auto, (max-width: 200px) 100vw, 200px\" \/>Jak zkontrolovat historick\u00e9 v\u00fdsledky Mega Millions a v\u00fdhern\u00ed \u010d\u00edsla?<\/h2>\n<p>V\u00edme, jak d\u016fle\u017eit\u00e9 jsou archivovan\u00e9 v\u00fdsledky lota pro mnoho z n\u00e1s, proto\u017ee n\u011bkte\u0159\u00ed z v\u00e1s na nich stav\u00edte svou strategii pro n\u00e1sleduj\u00edc\u00ed losov\u00e1n\u00ed. V\u0161e, co mus\u00edte ud\u011blat pro jejich pou\u017eit\u00ed, je p\u0159ej\u00edt do na\u0161eho kalend\u00e1\u0159e v\u00fdsledk\u016f. Je dostupn\u00fd na prav\u00e9 stran\u011b naho\u0159e. Po kliknut\u00ed na datum se m\u016f\u017eete voln\u011b p\u0159ep\u00ednat na jin\u00e1 obdob\u00ed. <strong>M\u016f\u017eete si tam zkontrolovat v\u00fdhern\u00ed \u010d\u00edsla Mega Millions vylosovan\u00e1 v posledn\u00edch t\u00fddnech a vid\u011bt, jak d\u016fle\u017eit\u00fd je r\u016fznorod\u00fd v\u00fdb\u011br \u010d\u00edsel na tiketech<\/strong>.<\/p>\n<h2>Jak pou\u017e\u00edvat archiv v\u00fdhern\u00edch \u010d\u00edsel Mega Millions?<\/h2>\n<p>Historick\u00fd archiv v\u00fdsledk\u016f Mega Millions slou\u017e\u00ed jako cenn\u00fd n\u00e1stroj pro hr\u00e1\u010de, kte\u0159\u00ed cht\u011bj\u00ed analyzovat vzorce a rozv\u00edjet sv\u00e9 hern\u00ed strategie. Zkoum\u00e1n\u00edm minul\u00fdch losov\u00e1n\u00ed m\u016f\u017eete identifikovat trendy ve frekvenci \u010d\u00edsel a \u010dinit informovan\u011bj\u0161\u00ed rozhodnut\u00ed o v\u00fdb\u011bru sv\u00fdch \u010d\u00edsel. <strong>Archiv v\u00e1m umo\u017e\u0148uje sledovat, kter\u00e1 \u010d\u00edsla se objevovala \u010dasto spole\u010dn\u011b, co\u017e v\u00e1m pom\u00e1h\u00e1 pochopit vzorce hry v \u010dase<\/strong>. Mnoho \u00fasp\u011b\u0161n\u00fdch hr\u00e1\u010d\u016f pou\u017e\u00edv\u00e1 tato historick\u00e1 data k vytvo\u0159en\u00ed systematick\u00fdch p\u0159\u00edstup\u016f k v\u00fdb\u011bru \u010d\u00edsel, i kdy\u017e je d\u016fle\u017eit\u00e9 si pamatovat, \u017ee ka\u017ed\u00e9 losov\u00e1n\u00ed je nez\u00e1visl\u00e9 a n\u00e1hodn\u00e9. Archiv poskytuje vhledy do kombinac\u00ed \u010d\u00edsel, kter\u00e1 byla vylosov\u00e1na v\u00edcekr\u00e1t, co\u017e v\u00e1m d\u00e1v\u00e1 z\u00e1klad pro vytvo\u0159en\u00ed vlastn\u00ed metodiky v\u00fdb\u011bru. Minul\u00e1 v\u00fdkonnost v\u0161ak nezaru\u010duje budouc\u00ed v\u00fdsledky v loteriov\u00fdch hr\u00e1ch.<\/p>\n<h2>Jak\u00e1 jsou nej\u010dast\u011bji losovan\u00e1 \u010d\u00edsla v Mega Millions?<img loading=\"lazy\" decoding=\"async\" class=\"alignright wp-image-252015\" src=\"https:\/\/lottomat.com\/wp-content\/uploads\/2025\/10\/drawing-results.webp\" alt=\"v\u00fdsledky losov\u00e1n\u00ed\" width=\"200\" height=\"200\" srcset=\"https:\/\/lottomat.com\/wp-content\/uploads\/2025\/10\/drawing-results.webp 400w, https:\/\/lottomat.com\/wp-content\/uploads\/2025\/10\/drawing-results-300x300.webp 300w, https:\/\/lottomat.com\/wp-content\/uploads\/2025\/10\/drawing-results-150x150.webp 150w, https:\/\/lottomat.com\/wp-content\/uploads\/2025\/10\/drawing-results-100x100.webp 100w\" sizes=\"auto, (max-width: 200px) 100vw, 200px\" \/><\/h2>\n<p>Ji\u017e jsme zm\u00ednili p\u0159\u00edpravu dobr\u00e9 strategie pomoc\u00ed d\u0159\u00edve vylosovan\u00fdch \u010d\u00edsel, ale existuje stejn\u011b dobr\u00e1 podpora ve form\u011b statistik pro losov\u00e1n\u00ed konkr\u00e9tn\u00edch \u010d\u00edsel. Ukazuje se, \u017ee existuj\u00ed \u010d\u00edsla, kter\u00e1 jsou losov\u00e1na mnohem \u010dast\u011bji ne\u017e jin\u00e1. Na webov\u00fdch str\u00e1nk\u00e1ch LottoMat najdete v\u0161echny tyto informace pro ka\u017edou loterii. <strong>Nej\u010dast\u011bji losovan\u00e1 \u010d\u00edsla pro Mega Millions jsou: 29, 4, 48 a 36<\/strong>. \u010c\u00edslo 48 bylo ji\u017e od roku 2005 vylosov\u00e1no 80kr\u00e1t. <strong>Pokud jde o Mega Ball, nej\u010dast\u011bji losovan\u00e1 \u010d\u00edsla jsou 35, 9, 36 a 7<\/strong>. P\u0159ejeme v\u00e1m jen ty nejv\u00fdnosn\u011bj\u0161\u00ed v\u00fdsledky Mega Millions!<\/p>\n<h2>Jak\u00e1 jsou nejm\u00e9n\u011b losovan\u00e1 \u010d\u00edsla v Mega Millions?<\/h2>\n<p>Zat\u00edmco n\u011bkter\u00e1 \u010d\u00edsla se objevuj\u00ed v losov\u00e1n\u00ed Mega Millions \u010dasto, jin\u00e1 se zdaj\u00ed b\u00fdt losov\u00e1na m\u00e9n\u011b \u010dasto, \u010d\u00edm\u017e vytv\u00e1\u0159ej\u00ed to, \u010demu hr\u00e1\u010di \u0159\u00edkaj\u00ed &#8222;studen\u00e1&#8220; \u010d\u00edsla. <strong>Tato m\u00e9n\u011b \u010dasto losovan\u00e1 \u010d\u00edsla mohou b\u00fdt stejn\u011b cenn\u00e1 p\u0159i vytv\u00e1\u0159en\u00ed vyv\u00e1\u017een\u00e9 loteriov\u00e9 strategie<\/strong>. N\u011bkte\u0159\u00ed hr\u00e1\u010di rad\u011bji zahrnuj\u00ed tato vz\u00e1cn\u011b losovan\u00e1 \u010d\u00edsla do sv\u00fdch v\u00fdb\u011br\u016f s v\u00edrou, \u017ee jsou &#8222;na \u0159ad\u011b&#8220; se objevit. <strong>Nejm\u00e9n\u011b losovan\u00e1 hlavn\u00ed \u010d\u00edsla v historii Mega Millions zahrnuj\u00ed 50, 51, 65, 66 a 67<\/strong>. Tato \u010d\u00edsla byla vylosov\u00e1na v\u00fdrazn\u011b m\u00e9n\u011bkr\u00e1t ve srovn\u00e1n\u00ed s nej\u010dast\u011bj\u0161\u00edmi \u010d\u00edsly, n\u011bkter\u00e1 se objevila pouze 66-84kr\u00e1t b\u011bhem cel\u00e9 historie hry. Mezi \u010d\u00edsly Mega Ball se ur\u010dit\u00e1 \u010d\u00edsla jako 15 a v\u00fd\u0161e \u010d\u00edslovan\u00e9 koule objevuj\u00ed v posledn\u00edch losov\u00e1n\u00edch m\u00e9n\u011b \u010dasto. Nejm\u00e9n\u011b losovan\u00e1 hlavn\u00ed \u010d\u00edsla historicky zahrnuj\u00ed n\u011bkolik vy\u0161\u0161\u00edch \u010d\u00edsel z dostupn\u00e9ho rozsahu, i kdy\u017e konkr\u00e9tn\u00ed \u010d\u00edsla se m\u011bn\u00ed v \u010dase s t\u00edm, jak doch\u00e1z\u00ed k v\u00edce losov\u00e1n\u00edm. <strong>\u010c\u00edslo 50 vynik\u00e1 jako jedno z nejstuden\u011bj\u0161\u00edch \u010d\u00edsel, bylo vylosov\u00e1no pouze 66kr\u00e1t od za\u010d\u00e1tku hry<\/strong>. Stoj\u00ed za zm\u00ednku, \u017ee v opravdu n\u00e1hodn\u00e9m syst\u00e9mu maj\u00ed v\u0161echna \u010d\u00edsla stejnou pravd\u011bpodobnost vylosov\u00e1n\u00ed v jak\u00e9mkoli losov\u00e1n\u00ed, bez ohledu na jejich historickou frekvenci.<\/p>\n<h2><img loading=\"lazy\" decoding=\"async\" class=\"alignleft wp-image-252045\" src=\"https:\/\/lottomat.com\/wp-content\/uploads\/2025\/10\/Mega-Millions-draw.webp\" alt=\"Mega Millions losov\u00e1n\u00ed\" width=\"200\" height=\"200\" srcset=\"https:\/\/lottomat.com\/wp-content\/uploads\/2025\/10\/Mega-Millions-draw.webp 400w, https:\/\/lottomat.com\/wp-content\/uploads\/2025\/10\/Mega-Millions-draw-300x300.webp 300w, https:\/\/lottomat.com\/wp-content\/uploads\/2025\/10\/Mega-Millions-draw-150x150.webp 150w, https:\/\/lottomat.com\/wp-content\/uploads\/2025\/10\/Mega-Millions-draw-100x100.webp 100w\" sizes=\"auto, (max-width: 200px) 100vw, 200px\" \/>Lze p\u0159edpov\u011bd\u011bt v\u00fdsledky Mega Millions?<\/h2>\n<p>Ot\u00e1zka, zda lze p\u0159edpov\u011bd\u011bt loteriov\u00e9 v\u00fdsledky, je ta, kter\u00e1 fascinuje hr\u00e1\u010de po generace. <strong>Losov\u00e1n\u00ed Mega Millions je prov\u00e1d\u011bno pomoc\u00ed certifikovan\u00fdch metod generov\u00e1n\u00ed n\u00e1hodn\u00fdch \u010d\u00edsel, co\u017e \u010din\u00ed skute\u010dnou p\u0159edpov\u011b\u010f matematicky nemo\u017enou<\/strong>. Ka\u017ed\u00e1 koule m\u00e1 stejnou \u0161anci b\u00fdt vybr\u00e1na v ka\u017ed\u00e9m losov\u00e1n\u00ed, bez ohledu na to, kdy byla naposledy vylosov\u00e1na. Zat\u00edmco statistick\u00e1 anal\u00fdza minul\u00fdch v\u00fdsledk\u016f m\u016f\u017ee odhalit zaj\u00edmav\u00e9 vzorce a frekvence, tyto vzorce nemohou spolehliv\u011b p\u0159edpov\u011bd\u011bt budouc\u00ed v\u00fdsledky. N\u00e1hodn\u00e1 povaha loteriov\u00fdch losov\u00e1n\u00ed znamen\u00e1, \u017ee jak\u00e1koli kombinace \u010d\u00edsel m\u00e1 stejnou pravd\u011bpodobnost v\u00fdhry jako jak\u00e1koli jin\u00e1, a\u0165 u\u017e je to posloupnost jako 1-2-3-4-5 nebo zd\u00e1nliv\u011b n\u00e1hodn\u00e1 sm\u011bs \u010d\u00edsel. <strong>Nejlep\u0161\u00edm p\u0159\u00edstupem je <a href=\"https:\/\/lottomat.com\/cs\/hrat\/megamillions\/\">hr\u00e1t Mega Millions online<\/a> zodpov\u011bdn\u011b a pamatovat si, \u017ee loteriov\u00e9 hry jsou navr\u017eeny jako hry n\u00e1hody, ne dovednosti nebo p\u0159edpov\u011bdi<\/strong>.<\/p>\n","protected":false},"excerpt":{"rendered":"<p>Loteriov\u00e9 tikety Mega Millions jsou koupeny, v\u00fdhern\u00ed \u010d\u00edsla Mega Millions jsou vybr\u00e1na a vy se jen soust\u0159ed\u00edte na bla\u017een\u00e9 pl\u00e1ny a sny, kter\u00e9 se stanou skute\u010dnost\u00ed, pokud se pouze p\u0159ipoj\u00edte ke skupin\u011b milion\u00e1\u0159\u016f. Na tom nen\u00ed nic \u0161patn\u00e9ho, v\u0161ichni m\u00e1me sv\u00e9 sny. Je pravd\u011bpodobn\u00e9, \u017ee my\u0161lenky ka\u017ed\u00e9ho hr\u00e1\u010de se to\u010d\u00ed kolem v\u00fdhry p\u0159ed zji\u0161t\u011bn\u00edm v\u00fdsledk\u016f [&hellip;]<\/p>\n","protected":false},"author":1,"featured_media":0,"parent":7367,"menu_order":2,"comment_status":"closed","ping_status":"closed","template":"megamillion-results.php","meta":{"_et_pb_use_builder":"","_et_pb_old_content":"","_et_gb_content_width":"","exclude_from_search":false,"footnotes":""},"class_list":["post-237795","page","type-page","status-publish","hentry"],"yoast_head":"<!-- This site is optimized with the Yoast SEO plugin v23.8 - https:\/\/yoast.com\/wordpress\/plugins\/seo\/ -->\n<title>Mega Millions v\u00fdsledky a v\u00fdhern\u00ed \u010d\u00edsla - LottoMat<\/title>\n<meta name=\"description\" content=\"Zkontrolujte si zde nejnov\u011bj\u0161\u00ed v\u00fdsledky Mega Millions a v\u00fdhern\u00ed \u010d\u00edsla. Ov\u011b\u0159te, kter\u00e1 \u010d\u00edsla byla vylosov\u00e1na v ned\u00e1vn\u00e9m losov\u00e1n\u00ed loterie Mega Millions.\" \/>\n<meta name=\"robots\" content=\"index, follow, max-snippet:-1, max-image-preview:large, max-video-preview:-1\" \/>\n<link rel=\"canonical\" href=\"https:\/\/lottomat.com\/cs\/vysledky\/megamillions\/\" \/>\n<meta property=\"og:locale\" content=\"cs_CZ\" \/>\n<meta property=\"og:type\" content=\"article\" \/>\n<meta property=\"og:title\" content=\"Mega Millions v\u00fdsledky a v\u00fdhern\u00ed \u010d\u00edsla - LottoMat\" \/>\n<meta property=\"og:description\" content=\"Zkontrolujte si zde nejnov\u011bj\u0161\u00ed v\u00fdsledky Mega Millions a v\u00fdhern\u00ed \u010d\u00edsla. Ov\u011b\u0159te, kter\u00e1 \u010d\u00edsla byla vylosov\u00e1na v ned\u00e1vn\u00e9m losov\u00e1n\u00ed loterie Mega Millions.\" \/>\n<meta property=\"og:url\" content=\"https:\/\/lottomat.com\/cs\/vysledky\/megamillions\/\" \/>\n<meta property=\"og:site_name\" content=\"Lottomat\" \/>\n<meta property=\"article:modified_time\" content=\"2026-02-04T17:07:03+00:00\" \/>\n<meta property=\"og:image\" content=\"https:\/\/lottomat.com\/wp-content\/uploads\/2025\/10\/Mega-Millions-winning-numbers.webp\" \/>\n<meta name=\"twitter:card\" content=\"summary_large_image\" \/>\n<meta name=\"twitter:label1\" content=\"Odhadovan\u00e1 doba \u010dten\u00ed\" \/>\n\t<meta name=\"twitter:data1\" content=\"5 minut\" \/>\n<script type=\"application\/ld+json\" class=\"yoast-schema-graph\">{\"@context\":\"https:\/\/schema.org\",\"@graph\":[{\"@type\":\"WebPage\",\"@id\":\"https:\/\/lottomat.com\/cs\/vysledky\/megamillions\/\",\"url\":\"https:\/\/lottomat.com\/cs\/vysledky\/megamillions\/\",\"name\":\"Mega Millions v\u00fdsledky a v\u00fdhern\u00ed \u010d\u00edsla - LottoMat\",\"isPartOf\":{\"@id\":\"https:\/\/lottomat.com\/cs\/#website\"},\"primaryImageOfPage\":{\"@id\":\"https:\/\/lottomat.com\/cs\/vysledky\/megamillions\/#primaryimage\"},\"image\":{\"@id\":\"https:\/\/lottomat.com\/cs\/vysledky\/megamillions\/#primaryimage\"},\"thumbnailUrl\":\"https:\/\/lottomat.com\/wp-content\/uploads\/2025\/10\/Mega-Millions-winning-numbers.webp\",\"datePublished\":\"2025-04-07T19:24:29+00:00\",\"dateModified\":\"2026-02-04T17:07:03+00:00\",\"description\":\"Zkontrolujte si zde nejnov\u011bj\u0161\u00ed v\u00fdsledky Mega Millions a v\u00fdhern\u00ed \u010d\u00edsla. Ov\u011b\u0159te, kter\u00e1 \u010d\u00edsla byla vylosov\u00e1na v ned\u00e1vn\u00e9m losov\u00e1n\u00ed loterie Mega Millions.\",\"breadcrumb\":{\"@id\":\"https:\/\/lottomat.com\/cs\/vysledky\/megamillions\/#breadcrumb\"},\"inLanguage\":\"cs\",\"potentialAction\":[{\"@type\":\"ReadAction\",\"target\":[\"https:\/\/lottomat.com\/cs\/vysledky\/megamillions\/\"]}]},{\"@type\":\"ImageObject\",\"inLanguage\":\"cs\",\"@id\":\"https:\/\/lottomat.com\/cs\/vysledky\/megamillions\/#primaryimage\",\"url\":\"https:\/\/lottomat.com\/wp-content\/uploads\/2025\/10\/Mega-Millions-winning-numbers.webp\",\"contentUrl\":\"https:\/\/lottomat.com\/wp-content\/uploads\/2025\/10\/Mega-Millions-winning-numbers.webp\"},{\"@type\":\"BreadcrumbList\",\"@id\":\"https:\/\/lottomat.com\/cs\/vysledky\/megamillions\/#breadcrumb\",\"itemListElement\":[{\"@type\":\"ListItem\",\"position\":1,\"name\":\"Home\",\"item\":\"https:\/\/lottomat.com\/cs\/\"},{\"@type\":\"ListItem\",\"position\":2,\"name\":\"Nejnov\u011bj\u0161\u00ed v\u00fdsledky loteri\u00ed a v\u00fdhern\u00ed \u010d\u00edsla\",\"item\":\"https:\/\/lottomat.com\/cs\/vysledky\/\"},{\"@type\":\"ListItem\",\"position\":3,\"name\":\"Mega Millions v\u00fdsledky a v\u00fdhern\u00ed \u010d\u00edsla\"}]},{\"@type\":\"WebSite\",\"@id\":\"https:\/\/lottomat.com\/cs\/#website\",\"url\":\"https:\/\/lottomat.com\/cs\/\",\"name\":\"Lottomat\",\"description\":\"\",\"potentialAction\":[{\"@type\":\"SearchAction\",\"target\":{\"@type\":\"EntryPoint\",\"urlTemplate\":\"https:\/\/lottomat.com\/cs\/?s={search_term_string}\"},\"query-input\":{\"@type\":\"PropertyValueSpecification\",\"valueRequired\":true,\"valueName\":\"search_term_string\"}}],\"inLanguage\":\"cs\"}]}<\/script>\n<!-- \/ Yoast SEO plugin. -->","yoast_head_json":{"title":"Mega Millions v\u00fdsledky a v\u00fdhern\u00ed \u010d\u00edsla - LottoMat","description":"Zkontrolujte si zde nejnov\u011bj\u0161\u00ed v\u00fdsledky Mega Millions a v\u00fdhern\u00ed \u010d\u00edsla. Ov\u011b\u0159te, kter\u00e1 \u010d\u00edsla byla vylosov\u00e1na v ned\u00e1vn\u00e9m losov\u00e1n\u00ed loterie Mega Millions.","robots":{"index":"index","follow":"follow","max-snippet":"max-snippet:-1","max-image-preview":"max-image-preview:large","max-video-preview":"max-video-preview:-1"},"canonical":"https:\/\/lottomat.com\/cs\/vysledky\/megamillions\/","og_locale":"cs_CZ","og_type":"article","og_title":"Mega Millions v\u00fdsledky a v\u00fdhern\u00ed \u010d\u00edsla - LottoMat","og_description":"Zkontrolujte si zde nejnov\u011bj\u0161\u00ed v\u00fdsledky Mega Millions a v\u00fdhern\u00ed \u010d\u00edsla. Ov\u011b\u0159te, kter\u00e1 \u010d\u00edsla byla vylosov\u00e1na v ned\u00e1vn\u00e9m losov\u00e1n\u00ed loterie Mega Millions.","og_url":"https:\/\/lottomat.com\/cs\/vysledky\/megamillions\/","og_site_name":"Lottomat","article_modified_time":"2026-02-04T17:07:03+00:00","og_image":[{"url":"https:\/\/lottomat.com\/wp-content\/uploads\/2025\/10\/Mega-Millions-winning-numbers.webp"}],"twitter_card":"summary_large_image","twitter_misc":{"Odhadovan\u00e1 doba \u010dten\u00ed":"5 minut"},"schema":{"@context":"https:\/\/schema.org","@graph":[{"@type":"WebPage","@id":"https:\/\/lottomat.com\/cs\/vysledky\/megamillions\/","url":"https:\/\/lottomat.com\/cs\/vysledky\/megamillions\/","name":"Mega Millions v\u00fdsledky a v\u00fdhern\u00ed \u010d\u00edsla - LottoMat","isPartOf":{"@id":"https:\/\/lottomat.com\/cs\/#website"},"primaryImageOfPage":{"@id":"https:\/\/lottomat.com\/cs\/vysledky\/megamillions\/#primaryimage"},"image":{"@id":"https:\/\/lottomat.com\/cs\/vysledky\/megamillions\/#primaryimage"},"thumbnailUrl":"https:\/\/lottomat.com\/wp-content\/uploads\/2025\/10\/Mega-Millions-winning-numbers.webp","datePublished":"2025-04-07T19:24:29+00:00","dateModified":"2026-02-04T17:07:03+00:00","description":"Zkontrolujte si zde nejnov\u011bj\u0161\u00ed v\u00fdsledky Mega Millions a v\u00fdhern\u00ed \u010d\u00edsla. Ov\u011b\u0159te, kter\u00e1 \u010d\u00edsla byla vylosov\u00e1na v ned\u00e1vn\u00e9m losov\u00e1n\u00ed loterie Mega Millions.","breadcrumb":{"@id":"https:\/\/lottomat.com\/cs\/vysledky\/megamillions\/#breadcrumb"},"inLanguage":"cs","potentialAction":[{"@type":"ReadAction","target":["https:\/\/lottomat.com\/cs\/vysledky\/megamillions\/"]}]},{"@type":"ImageObject","inLanguage":"cs","@id":"https:\/\/lottomat.com\/cs\/vysledky\/megamillions\/#primaryimage","url":"https:\/\/lottomat.com\/wp-content\/uploads\/2025\/10\/Mega-Millions-winning-numbers.webp","contentUrl":"https:\/\/lottomat.com\/wp-content\/uploads\/2025\/10\/Mega-Millions-winning-numbers.webp"},{"@type":"BreadcrumbList","@id":"https:\/\/lottomat.com\/cs\/vysledky\/megamillions\/#breadcrumb","itemListElement":[{"@type":"ListItem","position":1,"name":"Home","item":"https:\/\/lottomat.com\/cs\/"},{"@type":"ListItem","position":2,"name":"Nejnov\u011bj\u0161\u00ed v\u00fdsledky loteri\u00ed a v\u00fdhern\u00ed \u010d\u00edsla","item":"https:\/\/lottomat.com\/cs\/vysledky\/"},{"@type":"ListItem","position":3,"name":"Mega Millions v\u00fdsledky a v\u00fdhern\u00ed \u010d\u00edsla"}]},{"@type":"WebSite","@id":"https:\/\/lottomat.com\/cs\/#website","url":"https:\/\/lottomat.com\/cs\/","name":"Lottomat","description":"","potentialAction":[{"@type":"SearchAction","target":{"@type":"EntryPoint","urlTemplate":"https:\/\/lottomat.com\/cs\/?s={search_term_string}"},"query-input":{"@type":"PropertyValueSpecification","valueRequired":true,"valueName":"search_term_string"}}],"inLanguage":"cs"}]}},"_links":{"self":[{"href":"https:\/\/lottomat.com\/cs\/wp-json\/wp\/v2\/pages\/237795","targetHints":{"allow":["GET"]}}],"collection":[{"href":"https:\/\/lottomat.com\/cs\/wp-json\/wp\/v2\/pages"}],"about":[{"href":"https:\/\/lottomat.com\/cs\/wp-json\/wp\/v2\/types\/page"}],"author":[{"embeddable":true,"href":"https:\/\/lottomat.com\/cs\/wp-json\/wp\/v2\/users\/1"}],"replies":[{"embeddable":true,"href":"https:\/\/lottomat.com\/cs\/wp-json\/wp\/v2\/comments?post=237795"}],"version-history":[{"count":3,"href":"https:\/\/lottomat.com\/cs\/wp-json\/wp\/v2\/pages\/237795\/revisions"}],"predecessor-version":[{"id":270360,"href":"https:\/\/lottomat.com\/cs\/wp-json\/wp\/v2\/pages\/237795\/revisions\/270360"}],"up":[{"embeddable":true,"href":"https:\/\/lottomat.com\/cs\/wp-json\/wp\/v2\/pages\/7367"}],"wp:attachment":[{"href":"https:\/\/lottomat.com\/cs\/wp-json\/wp\/v2\/media?parent=237795"}],"curies":[{"name":"wp","href":"https:\/\/api.w.org\/{rel}","templated":true}]}}