{"id":10611,"date":"2025-03-26T10:16:37","date_gmt":"2025-03-26T10:16:37","guid":{"rendered":"https:\/\/lottomat.net\/informace-o-loterii\/powerball-informace\/"},"modified":"2026-02-04T17:22:02","modified_gmt":"2026-02-04T17:22:02","slug":"powerball","status":"publish","type":"page","link":"https:\/\/lottomat.com\/cs\/loterie\/powerball\/","title":{"rendered":"Powerball ceny, pravidla a jackpot"},"content":{"rendered":"\n\n<div class=\"kk-star-ratings kksr-auto kksr-align-left kksr-valign-top\"\n    data-payload='{&quot;align&quot;:&quot;left&quot;,&quot;id&quot;:&quot;10611&quot;,&quot;slug&quot;:&quot;default&quot;,&quot;valign&quot;:&quot;top&quot;,&quot;ignore&quot;:&quot;&quot;,&quot;reference&quot;:&quot;auto&quot;,&quot;class&quot;:&quot;&quot;,&quot;count&quot;:&quot;0&quot;,&quot;legendonly&quot;:&quot;&quot;,&quot;readonly&quot;:&quot;&quot;,&quot;score&quot;:&quot;0&quot;,&quot;starsonly&quot;:&quot;&quot;,&quot;best&quot;:&quot;5&quot;,&quot;gap&quot;:&quot;5&quot;,&quot;greet&quot;:&quot;Rate this page&quot;,&quot;legend&quot;:&quot;0\\\/5 - (0 votes)&quot;,&quot;size&quot;:&quot;30&quot;,&quot;title&quot;:&quot;Powerball ceny, pravidla a jackpot&quot;,&quot;width&quot;:&quot;0&quot;,&quot;_legend&quot;:&quot;{score}\\\/{best} - ({count} {votes})&quot;,&quot;font_factor&quot;:&quot;1.25&quot;}'>\n            \n<div class=\"kksr-stars\">\n    \n<div class=\"kksr-stars-inactive\">\n            <div class=\"kksr-star\" data-star=\"1\" style=\"padding-right: 5px\">\n            \n\n<div class=\"kksr-icon\" style=\"width: 30px; height: 30px;\"><\/div>\n        <\/div>\n            <div class=\"kksr-star\" data-star=\"2\" style=\"padding-right: 5px\">\n            \n\n<div class=\"kksr-icon\" style=\"width: 30px; height: 30px;\"><\/div>\n        <\/div>\n            <div class=\"kksr-star\" data-star=\"3\" style=\"padding-right: 5px\">\n            \n\n<div class=\"kksr-icon\" style=\"width: 30px; height: 30px;\"><\/div>\n        <\/div>\n            <div class=\"kksr-star\" data-star=\"4\" style=\"padding-right: 5px\">\n            \n\n<div class=\"kksr-icon\" style=\"width: 30px; height: 30px;\"><\/div>\n        <\/div>\n            <div class=\"kksr-star\" data-star=\"5\" style=\"padding-right: 5px\">\n            \n\n<div class=\"kksr-icon\" style=\"width: 30px; height: 30px;\"><\/div>\n        <\/div>\n    <\/div>\n    \n<div class=\"kksr-stars-active\" style=\"width: 0px;\">\n            <div class=\"kksr-star\" style=\"padding-right: 5px\">\n            \n\n<div class=\"kksr-icon\" style=\"width: 30px; height: 30px;\"><\/div>\n        <\/div>\n            <div class=\"kksr-star\" style=\"padding-right: 5px\">\n            \n\n<div class=\"kksr-icon\" style=\"width: 30px; height: 30px;\"><\/div>\n        <\/div>\n            <div class=\"kksr-star\" style=\"padding-right: 5px\">\n            \n\n<div class=\"kksr-icon\" style=\"width: 30px; height: 30px;\"><\/div>\n        <\/div>\n            <div class=\"kksr-star\" style=\"padding-right: 5px\">\n            \n\n<div class=\"kksr-icon\" style=\"width: 30px; height: 30px;\"><\/div>\n        <\/div>\n            <div class=\"kksr-star\" style=\"padding-right: 5px\">\n            \n\n<div class=\"kksr-icon\" style=\"width: 30px; height: 30px;\"><\/div>\n        <\/div>\n    <\/div>\n<\/div>\n                \n\n<div class=\"kksr-legend\" style=\"font-size: 24px;\">\n            <span class=\"kksr-muted\">Rate this page<\/span>\n    <\/div>\n    <\/div>\n<p>Dozv\u00edte se v\u00edce o Powerball cen\u00e1ch, jackpotu a hern\u00edch pravidlech. Powerball Lotto \u2013 Hra n\u00e1hody neboli loterie je jednou z nejobl\u00edben\u011bj\u0161\u00edch forem hazardn\u00ed z\u00e1bavy na cel\u00e9m sv\u011bt\u011b. V\u011bt\u0161ina z n\u00e1s se z\u00fa\u010dastnila losov\u00e1n\u00ed loterie alespo\u0148 jednou. Loterie jsou velmi jednoduch\u00e9 a vzru\u0161uj\u00edc\u00ed hry s jasn\u00fdmi pravidly. Nen\u00ed na nich absolutn\u011b nic slo\u017eit\u00e9ho a ka\u017ed\u00fd se m\u016f\u017ee pravidla jak\u00e9koli loterie nau\u010dit velmi rychle. Pokud jste nad\u0161encem \u010d\u00edseln\u00fdch her a st\u00e1le hled\u00e1te novou a zaj\u00edmavou loterii k vyzkou\u0161en\u00ed, m\u011bli byste si p\u0159e\u010d\u00edst zbytek \u010dl\u00e1nku. \u0158ekneme v\u00e1m, co je nejslavn\u011bj\u0161\u00ed Powerball loto na sv\u011bt\u011b, jak hra funguje, jak\u00e9 jsou \u0161ance a rizika a kolik lze vyhr\u00e1t (Powerball ceny a jackpot).<\/p>\n<h2><img loading=\"lazy\" decoding=\"async\" class=\"alignleft wp-image-252449\" src=\"https:\/\/lottomat.com\/wp-content\/uploads\/2025\/10\/Powerball-jackpot-300x300.webp\" alt=\"Powerball jackpot\" width=\"200\" height=\"200\" srcset=\"https:\/\/lottomat.com\/wp-content\/uploads\/2025\/10\/Powerball-jackpot-300x300.webp 300w, https:\/\/lottomat.com\/wp-content\/uploads\/2025\/10\/Powerball-jackpot-150x150.webp 150w, https:\/\/lottomat.com\/wp-content\/uploads\/2025\/10\/Powerball-jackpot-100x100.webp 100w, https:\/\/lottomat.com\/wp-content\/uploads\/2025\/10\/Powerball-jackpot.webp 400w\" sizes=\"auto, (max-width: 200px) 100vw, 200px\" \/>Co je loterie Powerball?<\/h2>\n<p>Powerball je americk\u00e1 loterie, kter\u00e1 funguje od roku <strong>1988<\/strong>. D\u0159\u00edve byla zn\u00e1m\u00e1 jako Lotto America, ale v roce <strong>1992<\/strong> byl n\u00e1zev zm\u011bn\u011bn na dne\u0161n\u00ed Powerball. Americk\u00fd Powerball je jednou z <a href=\"https:\/\/lottomat.com\/cs\/\">nejobl\u00edben\u011bj\u0161\u00edch loteri\u00ed na sv\u011bt\u011b<\/a>; m\u00e1 loteriov\u00e9 pobo\u010dky v USA a\u017e ve <strong>45 st\u00e1tech<\/strong>, stejn\u011b jako v District of Columbia, Portoriku a na Panensk\u00fdch ostrovech. Stoj\u00ed za zm\u00ednku, \u017ee loterie byla p\u0159edch\u016fdcem losov\u00e1n\u00ed ze dvou bubn\u016f, co\u017e umo\u017e\u0148uje vyhr\u00e1t v\u00edce. Losov\u00e1n\u00ed Powerball lota prob\u00edhaj\u00ed ka\u017ed\u00e9 <strong>pond\u011bl\u00ed, st\u0159edu a sobotu v 10:59 PM EST<\/strong>. Florida Lottery studio je obvykle m\u00edstem losov\u00e1n\u00ed. Pokud ne\u017eijete ani nepob\u00fdv\u00e1te ve Spojen\u00fdch st\u00e1tech a nem\u00e1te mo\u017enost <a href=\"https:\/\/lottomat.com\/cs\/hrat\/powerball\/\">zakoupit Powerball loto tiket online<\/a>, pak sta\u010d\u00ed pou\u017e\u00edt na\u0161e <strong>webov\u00e9 str\u00e1nky LottoMat<\/strong>. Zde m\u016f\u017eete hr\u00e1t Powerball loto p\u0159es internet, \u010d\u00edst zaj\u00edmav\u00e9 \u010dl\u00e1nky a <a href=\"https:\/\/lottomat.com\/cs\/vysledky\/powerball\/\">kontrolovat nejnov\u011bj\u0161\u00ed v\u00fdsledky losov\u00e1n\u00ed Powerball<\/a>.<\/p>\n<h2>Jak\u00e1 jsou pravidla hran\u00ed loterie Powerball?<\/h2>\n<p>Od vytvo\u0159en\u00ed loterie se pravidla n\u011bkolikr\u00e1t zm\u011bnila; obvykle byla modernizov\u00e1na, aby hr\u00e1\u010d\u016fm umo\u017enila vyhr\u00e1t vysok\u00e9 pen\u011b\u017en\u00ed Powerball ceny. Zpo\u010d\u00e1tku bylo t\u0159eba vybrat sedm \u010d\u00edsel z pole 40. Pot\u00e9 byl p\u0159id\u00e1n v\u00fdb\u011br druh\u00e9ho bonusov\u00e9ho \u010d\u00edsla z men\u0161\u00edho pole. Velikost pole se n\u011bkolikr\u00e1t zm\u011bnila, dokud se nakonec nedohodlo na v\u00fdb\u011bru <strong>p\u011bti \u010d\u00edsel ze 69 a jednoho z 26<\/strong> takzvan\u00fdch Powerball\u016f. Tato pravidla funguj\u00ed dodnes. \u010c\u00edslo z hlavn\u00edho losov\u00e1n\u00ed m\u016f\u017ee b\u00fdt toto\u017en\u00e9 s druh\u00fdm.<\/p>\n<h2>Jak\u00e1 jsou rizika a \u0161ance na v\u00fdhru Powerball cen?<\/h2>\n<p>Jedn\u00edm slovem, jsou vysok\u00e9. Pravd\u011bpodobnost v\u00fdhry prvn\u00ed \u00farovn\u011b je <strong>1:292 milion\u016f<\/strong>. \u0160ance na v\u00fdhru druh\u00e9 \u00farovn\u011b jsou pouze <strong>1:11,5 milionu<\/strong>, co\u017e je obrovsk\u00fd rozd\u00edl a \u0161ance se neuv\u011b\u0159iteln\u011b zvy\u0161uj\u00ed. Pro srovn\u00e1n\u00ed, \u0161ance na v\u00fdhru v polsk\u00e9m Lottu jsou 1:14 milion\u016f pro hlavn\u00ed cenu. V Powerball lotu <strong>vyhr\u00e1v\u00e1 1 z ka\u017ed\u00fdch 25 odeslan\u00fdch tiket\u016f<\/strong>. Tak\u017ee riziko nen\u00ed n\u00edzk\u00e9, ale nejsou ani v\u00fdhry; ve skute\u010dnosti pat\u0159\u00ed k nejvy\u0161\u0161\u00edm na sv\u011bt\u011b. Proto p\u0159es tak n\u00edzkou pravd\u011bpodobnost nejen \u017ee po\u010det lid\u00ed se z\u00e1jmem o Powerball nekles\u00e1, ale ka\u017edoro\u010dn\u011b nep\u0159etr\u017eit\u011b roste. Minim\u00e1ln\u00ed Powerball s\u00e1zka je <strong>5 dolar\u016f<\/strong>, co\u017e je velmi atraktivn\u00ed pro v\u011bt\u0161inu hr\u00e1\u010d\u016f, zejm\u00e9na vzhledem k vysok\u00fdm v\u00fdhr\u00e1m.<\/p>\n<h2><img loading=\"lazy\" decoding=\"async\" class=\"wp-image-252479 alignright\" src=\"https:\/\/lottomat.com\/wp-content\/uploads\/2025\/10\/Powerball-prizes-300x300.webp\" alt=\"Powerball ceny\" width=\"200\" height=\"200\" srcset=\"https:\/\/lottomat.com\/wp-content\/uploads\/2025\/10\/Powerball-prizes-300x300.webp 300w, https:\/\/lottomat.com\/wp-content\/uploads\/2025\/10\/Powerball-prizes-150x150.webp 150w, https:\/\/lottomat.com\/wp-content\/uploads\/2025\/10\/Powerball-prizes-100x100.webp 100w, https:\/\/lottomat.com\/wp-content\/uploads\/2025\/10\/Powerball-prizes.webp 400w\" sizes=\"auto, (max-width: 200px) 100vw, 200px\" \/><\/h2>\n<h2>Jak\u00e9 jsou Powerball ceny \u2013 kolik lze vyhr\u00e1t?<\/h2>\n<p>\u0158\u00edct, \u017ee Powerball nab\u00edz\u00ed velmi vysok\u00e9 v\u00fdhry, je jako ne\u0159\u00edct nic. Mluv\u00edme o enormn\u00edch \u010d\u00e1stk\u00e1ch; je t\u011b\u017ek\u00e9 si p\u0159edstavit, co d\u011blat s tak obrovskou cenou. Pokud vyhrajete, va\u0161e d\u011bti, vnou\u010data, pravnou\u010data a prapravnou\u010data u\u017e nikdy nebudou muset pracovat. Nejni\u017e\u0161\u00ed zaru\u010den\u00e1 v\u00fdhra v Powerball je <strong>20 milion\u016f dolar\u016f<\/strong>. Nemluv\u011b o tom, \u017ee pr\u016fm\u011brn\u00e9 v\u00fdhry jsou kolem 110-120 milion\u016f dolar\u016f. V\u00fdhry druh\u00e9 \u00farovn\u011b vypadaj\u00ed m\u00e9n\u011b l\u00e1kav\u011b. Je to &#8222;skromn\u00fd&#8220; <strong>jeden milion dolar\u016f<\/strong>. Sta\u010d\u00ed v\u0161ak vybrat p\u011bt spr\u00e1vn\u00fdch \u010d\u00edsel, abyste se stali \u0161\u0165astn\u00fdm majitelem. V\u0161echno se ale m\u011bn\u00ed, kdy\u017e dojde k p\u0159evodu. Ale ano! P\u0159eveden\u00fd jackpot v Powerball je \u010dist\u00fd a nefal\u0161ovan\u00fd \u0161\u00edlenstv\u00ed.<\/p>\n<h2>Jak\u00e9 jsou p\u0159evody v Powerball?<\/h2>\n<p>To, co prim\u00e1rn\u011b odli\u0161uje Powerball nap\u0159\u00edklad od loterie polsk\u00e9ho Lotta, jsou masivn\u00ed p\u0159evody, kter\u00e9 nut\u00ed srdce b\u00edt rychleji, a jackpoty, kter\u00e9 s nimi p\u0159ich\u00e1zej\u00ed, jsou \u0161okuj\u00edc\u00ed vysok\u00e9. Jak nemaj\u00ed emoce stoupat, kdy\u017e Powerball <strong>nezn\u00e1 nic takov\u00e9ho jako horn\u00ed hranici p\u0159evodu<\/strong>? To znamen\u00e1, \u017ee pokud maj\u00ed hr\u00e1\u010di \u0161t\u011bst\u00ed a je n\u011bkolikr\u00e1t za sebou, \u017ee nikdo nevyhraje hlavn\u00ed cenu, fond se hromad\u00ed, dokud nejsou vybr\u00e1na spr\u00e1vn\u00e1 \u010d\u00edsla. P\u0159eveden\u00fd loto jackpot je obvykle rozd\u011blen mezi n\u011bkolik hr\u00e1\u010d\u016f, co\u017e znamen\u00e1, \u017ee cena je mezi n\u011b rozd\u011blena proporcion\u00e1ln\u011b. Ale stalo se v\u00edce ne\u017e jednou v historii Powerball, \u017ee pouze jedin\u00e1 osoba vybrala vyta\u017een\u00e1 \u010d\u00edsla a vyhr\u00e1la cel\u00fd jackpot jen pro sebe.<\/p>\n<h2>Jak\u00e1 byla rekordn\u00ed v\u00fdhra v loterii Powerball?<img loading=\"lazy\" decoding=\"async\" class=\"wp-image-252509 alignleft\" src=\"https:\/\/lottomat.com\/wp-content\/uploads\/2025\/10\/Powerball-rules-300x300.webp\" alt=\"Powerball pravidla\" width=\"200\" height=\"200\" srcset=\"https:\/\/lottomat.com\/wp-content\/uploads\/2025\/10\/Powerball-rules-300x300.webp 300w, https:\/\/lottomat.com\/wp-content\/uploads\/2025\/10\/Powerball-rules-150x150.webp 150w, https:\/\/lottomat.com\/wp-content\/uploads\/2025\/10\/Powerball-rules-100x100.webp 100w, https:\/\/lottomat.com\/wp-content\/uploads\/2025\/10\/Powerball-rules.webp 400w\" sizes=\"auto, (max-width: 200px) 100vw, 200px\" \/><\/h2>\n<p>Rekordn\u00ed jackpot v historii Powerball byl vyhr\u00e1n <strong>7. listopadu 2022<\/strong> a dos\u00e1hl neuv\u011b\u0159iteln\u00fdch <strong>2,04 miliardy dolar\u016f<\/strong> s hotovostn\u00ed hodnotou <strong>997,6 milionu dolar\u016f<\/strong>. Toto z\u016fst\u00e1v\u00e1 nejv\u011bt\u0161\u00edm loterijn\u00edm jackpotem, kter\u00fd byl kdy vyhr\u00e1n na cel\u00e9m sv\u011bt\u011b. V\u00fdhern\u00ed tiket byl prod\u00e1n v Kalifornii a n\u00e1rokoval si ho jedin\u00fd v\u00fdherce. Druh\u00fd nejv\u011bt\u0161\u00ed Powerball jackpot byl <strong>1,787 miliardy dolar\u016f<\/strong>, vyhr\u00e1n v z\u00e1\u0159\u00ed 2025 tikety prodan\u00fdmi v Missouri a Texasu.<\/p>\n<h2>Kdo m\u016f\u017ee hr\u00e1t Powerball a vyhr\u00e1t Powerball ceny?<\/h2>\n<p>Ka\u017ed\u00fd dost\u00e1v\u00e1 \u0161anci hr\u00e1t, pokud je dosp\u011bl\u00fd. Je\u0161t\u011b ned\u00e1vno byl Powerball dostupn\u00fd pouze Ameri\u010dan\u016fm nebo komukoli na \u00fazem\u00ed Spojen\u00fdch st\u00e1t\u016f, kdo mohl vyu\u017e\u00edt loteriovou pobo\u010dku. Nyn\u00ed je to v\u0161echno jin\u00e9. A to v\u0161e d\u00edky internetov\u00fdm loteri\u00edm a na\u0161im <a href=\"https:\/\/lottomat.com\/cs\/\"><strong>webov\u00fdm str\u00e1nk\u00e1m LottoMat<\/strong><\/a>. Nez\u00e1le\u017e\u00ed na tom, zda \u017eijete v Africe, Asii nebo Evrop\u011b. Nebo zda sed\u00edte za stolem, le\u017e\u00edte v posteli, b\u011bh\u00e1te nebo relaxujete na zahrad\u011b. M\u016f\u017eete hr\u00e1t Powerball a vyhr\u00e1t Powerball jackpot kdekoli. Online loterie se staly neuv\u011b\u0159iteln\u011b popul\u00e1rn\u00edmi; v\u011bt\u0161ina hr\u00e1\u010d\u016f pou\u017e\u00edv\u00e1 tento druh \u0159e\u0161en\u00ed, proto\u017ee je pohodln\u00e9. V\u0161e, co pot\u0159ebujete, je <strong>p\u0159\u00edstup k internetu<\/strong>. D\u00e1v\u00e1 to hr\u00e1\u010d\u016fm velkou svobodu po cel\u00e9m sv\u011bt\u011b.<\/p>\n<h2>Jak hr\u00e1t Powerball p\u0159es internet?<\/h2>\n<p>Sta\u010d\u00ed se p\u0159ihl\u00e1sit na <strong>webov\u00e9 str\u00e1nky LottoMat<\/strong> a vyplnit tiket se sv\u00fdmi obl\u00edben\u00fdmi \u010d\u00edsly. To je v\u0161e. Pot\u00e9 \u010dek\u00e1te na losov\u00e1n\u00ed a kontrolujete v\u00fdsledky Powerball. Ty lze snadno vyhledat tak\u00e9 na na\u0161ich webov\u00fdch str\u00e1nk\u00e1ch. Hran\u00ed Powerball p\u0159es internet je neuv\u011b\u0159iteln\u011b jednoduch\u00e9 a poskytuje tolik vzru\u0161en\u00ed.<\/p>\n<h2>Kdy prob\u00edhaj\u00ed losov\u00e1n\u00ed Powerball lota?<\/h2>\n<p>Losov\u00e1n\u00ed Powerball prob\u00edhaj\u00ed <strong>t\u0159ikr\u00e1t t\u00fddn\u011b \u2013 v pond\u011bl\u00ed, st\u0159edu a sobotu<\/strong>. Hled\u00e1te siln\u00e9 emoce a fantastick\u00e9 v\u00fdhry? Hrajte Powerball loto online \u2013 rychle, pohodln\u011b a bez nutnosti opustit domov. Hodn\u011b \u0161t\u011bst\u00ed!<\/p>\n<h2>Tabulka Powerball cen a \u0161anc\u00ed na v\u00fdhru<\/h2>\n","protected":false},"excerpt":{"rendered":"<p>Dozv\u00edte se v\u00edce o Powerball cen\u00e1ch, jackpotu a hern\u00edch pravidlech. Powerball Lotto \u2013 Hra n\u00e1hody neboli loterie je jednou z nejobl\u00edben\u011bj\u0161\u00edch forem hazardn\u00ed z\u00e1bavy na cel\u00e9m sv\u011bt\u011b. V\u011bt\u0161ina z n\u00e1s se z\u00fa\u010dastnila losov\u00e1n\u00ed loterie alespo\u0148 jednou. Loterie jsou velmi jednoduch\u00e9 a vzru\u0161uj\u00edc\u00ed hry s jasn\u00fdmi pravidly. Nen\u00ed na nich absolutn\u011b nic slo\u017eit\u00e9ho a ka\u017ed\u00fd se [&hellip;]<\/p>\n","protected":false},"author":1,"featured_media":0,"parent":6857,"menu_order":1,"comment_status":"closed","ping_status":"closed","template":"powerball-usa-info.php","meta":{"_et_pb_use_builder":"","_et_pb_old_content":"","_et_gb_content_width":"","exclude_from_search":false,"footnotes":""},"class_list":["post-10611","page","type-page","status-publish","hentry"],"yoast_head":"<!-- This site is optimized with the Yoast SEO plugin v23.8 - https:\/\/yoast.com\/wordpress\/plugins\/seo\/ -->\n<title>Powerball ceny, pravidla a jackpot - Lottomat<\/title>\n<meta name=\"description\" content=\"Zkontrolujte Powerball ceny, jackpot a pravidla hran\u00ed Powerball. Zjist\u011bte v\u00edce o sv\u00fdch \u0161anc\u00edch na v\u00fdhru v t\u00e9to americk\u00e9 loterii.\" \/>\n<meta name=\"robots\" content=\"index, follow, max-snippet:-1, max-image-preview:large, max-video-preview:-1\" \/>\n<link rel=\"canonical\" href=\"https:\/\/lottomat.com\/cs\/loterie\/powerball\/\" \/>\n<meta property=\"og:locale\" content=\"cs_CZ\" \/>\n<meta property=\"og:type\" content=\"article\" \/>\n<meta property=\"og:title\" content=\"Powerball ceny, pravidla a jackpot - Lottomat\" \/>\n<meta property=\"og:description\" content=\"Zkontrolujte Powerball ceny, jackpot a pravidla hran\u00ed Powerball. Zjist\u011bte v\u00edce o sv\u00fdch \u0161anc\u00edch na v\u00fdhru v t\u00e9to americk\u00e9 loterii.\" \/>\n<meta property=\"og:url\" content=\"https:\/\/lottomat.com\/cs\/loterie\/powerball\/\" \/>\n<meta property=\"og:site_name\" content=\"Lottomat\" \/>\n<meta property=\"article:modified_time\" content=\"2026-02-04T17:22:02+00:00\" \/>\n<meta property=\"og:image\" content=\"https:\/\/lottomat.com\/wp-content\/uploads\/2025\/10\/Powerball-jackpot-300x300.webp\" \/>\n<meta name=\"twitter:card\" content=\"summary_large_image\" \/>\n<meta name=\"twitter:label1\" content=\"Odhadovan\u00e1 doba \u010dten\u00ed\" \/>\n\t<meta name=\"twitter:data1\" content=\"5 minut\" \/>\n<script type=\"application\/ld+json\" class=\"yoast-schema-graph\">{\"@context\":\"https:\/\/schema.org\",\"@graph\":[{\"@type\":\"WebPage\",\"@id\":\"https:\/\/lottomat.com\/cs\/loterie\/powerball\/\",\"url\":\"https:\/\/lottomat.com\/cs\/loterie\/powerball\/\",\"name\":\"Powerball ceny, pravidla a jackpot - Lottomat\",\"isPartOf\":{\"@id\":\"https:\/\/lottomat.com\/cs\/#website\"},\"primaryImageOfPage\":{\"@id\":\"https:\/\/lottomat.com\/cs\/loterie\/powerball\/#primaryimage\"},\"image\":{\"@id\":\"https:\/\/lottomat.com\/cs\/loterie\/powerball\/#primaryimage\"},\"thumbnailUrl\":\"https:\/\/lottomat.com\/wp-content\/uploads\/2025\/10\/Powerball-jackpot-300x300.webp\",\"datePublished\":\"2025-03-26T10:16:37+00:00\",\"dateModified\":\"2026-02-04T17:22:02+00:00\",\"description\":\"Zkontrolujte Powerball ceny, jackpot a pravidla hran\u00ed Powerball. Zjist\u011bte v\u00edce o sv\u00fdch \u0161anc\u00edch na v\u00fdhru v t\u00e9to americk\u00e9 loterii.\",\"breadcrumb\":{\"@id\":\"https:\/\/lottomat.com\/cs\/loterie\/powerball\/#breadcrumb\"},\"inLanguage\":\"cs\",\"potentialAction\":[{\"@type\":\"ReadAction\",\"target\":[\"https:\/\/lottomat.com\/cs\/loterie\/powerball\/\"]}]},{\"@type\":\"ImageObject\",\"inLanguage\":\"cs\",\"@id\":\"https:\/\/lottomat.com\/cs\/loterie\/powerball\/#primaryimage\",\"url\":\"https:\/\/lottomat.com\/wp-content\/uploads\/2025\/10\/Powerball-jackpot-300x300.webp\",\"contentUrl\":\"https:\/\/lottomat.com\/wp-content\/uploads\/2025\/10\/Powerball-jackpot-300x300.webp\"},{\"@type\":\"BreadcrumbList\",\"@id\":\"https:\/\/lottomat.com\/cs\/loterie\/powerball\/#breadcrumb\",\"itemListElement\":[{\"@type\":\"ListItem\",\"position\":1,\"name\":\"Home\",\"item\":\"https:\/\/lottomat.com\/cs\/\"},{\"@type\":\"ListItem\",\"position\":2,\"name\":\"Pravidla loteri\u00ed: V\u00fdhry, jackpot a \u0161ance\",\"item\":\"https:\/\/lottomat.com\/cs\/loterie\/\"},{\"@type\":\"ListItem\",\"position\":3,\"name\":\"Powerball ceny, pravidla a jackpot\"}]},{\"@type\":\"WebSite\",\"@id\":\"https:\/\/lottomat.com\/cs\/#website\",\"url\":\"https:\/\/lottomat.com\/cs\/\",\"name\":\"Lottomat\",\"description\":\"\",\"potentialAction\":[{\"@type\":\"SearchAction\",\"target\":{\"@type\":\"EntryPoint\",\"urlTemplate\":\"https:\/\/lottomat.com\/cs\/?s={search_term_string}\"},\"query-input\":{\"@type\":\"PropertyValueSpecification\",\"valueRequired\":true,\"valueName\":\"search_term_string\"}}],\"inLanguage\":\"cs\"}]}<\/script>\n<!-- \/ Yoast SEO plugin. -->","yoast_head_json":{"title":"Powerball ceny, pravidla a jackpot - Lottomat","description":"Zkontrolujte Powerball ceny, jackpot a pravidla hran\u00ed Powerball. Zjist\u011bte v\u00edce o sv\u00fdch \u0161anc\u00edch na v\u00fdhru v t\u00e9to americk\u00e9 loterii.","robots":{"index":"index","follow":"follow","max-snippet":"max-snippet:-1","max-image-preview":"max-image-preview:large","max-video-preview":"max-video-preview:-1"},"canonical":"https:\/\/lottomat.com\/cs\/loterie\/powerball\/","og_locale":"cs_CZ","og_type":"article","og_title":"Powerball ceny, pravidla a jackpot - Lottomat","og_description":"Zkontrolujte Powerball ceny, jackpot a pravidla hran\u00ed Powerball. Zjist\u011bte v\u00edce o sv\u00fdch \u0161anc\u00edch na v\u00fdhru v t\u00e9to americk\u00e9 loterii.","og_url":"https:\/\/lottomat.com\/cs\/loterie\/powerball\/","og_site_name":"Lottomat","article_modified_time":"2026-02-04T17:22:02+00:00","og_image":[{"url":"https:\/\/lottomat.com\/wp-content\/uploads\/2025\/10\/Powerball-jackpot-300x300.webp"}],"twitter_card":"summary_large_image","twitter_misc":{"Odhadovan\u00e1 doba \u010dten\u00ed":"5 minut"},"schema":{"@context":"https:\/\/schema.org","@graph":[{"@type":"WebPage","@id":"https:\/\/lottomat.com\/cs\/loterie\/powerball\/","url":"https:\/\/lottomat.com\/cs\/loterie\/powerball\/","name":"Powerball ceny, pravidla a jackpot - Lottomat","isPartOf":{"@id":"https:\/\/lottomat.com\/cs\/#website"},"primaryImageOfPage":{"@id":"https:\/\/lottomat.com\/cs\/loterie\/powerball\/#primaryimage"},"image":{"@id":"https:\/\/lottomat.com\/cs\/loterie\/powerball\/#primaryimage"},"thumbnailUrl":"https:\/\/lottomat.com\/wp-content\/uploads\/2025\/10\/Powerball-jackpot-300x300.webp","datePublished":"2025-03-26T10:16:37+00:00","dateModified":"2026-02-04T17:22:02+00:00","description":"Zkontrolujte Powerball ceny, jackpot a pravidla hran\u00ed Powerball. Zjist\u011bte v\u00edce o sv\u00fdch \u0161anc\u00edch na v\u00fdhru v t\u00e9to americk\u00e9 loterii.","breadcrumb":{"@id":"https:\/\/lottomat.com\/cs\/loterie\/powerball\/#breadcrumb"},"inLanguage":"cs","potentialAction":[{"@type":"ReadAction","target":["https:\/\/lottomat.com\/cs\/loterie\/powerball\/"]}]},{"@type":"ImageObject","inLanguage":"cs","@id":"https:\/\/lottomat.com\/cs\/loterie\/powerball\/#primaryimage","url":"https:\/\/lottomat.com\/wp-content\/uploads\/2025\/10\/Powerball-jackpot-300x300.webp","contentUrl":"https:\/\/lottomat.com\/wp-content\/uploads\/2025\/10\/Powerball-jackpot-300x300.webp"},{"@type":"BreadcrumbList","@id":"https:\/\/lottomat.com\/cs\/loterie\/powerball\/#breadcrumb","itemListElement":[{"@type":"ListItem","position":1,"name":"Home","item":"https:\/\/lottomat.com\/cs\/"},{"@type":"ListItem","position":2,"name":"Pravidla loteri\u00ed: V\u00fdhry, jackpot a \u0161ance","item":"https:\/\/lottomat.com\/cs\/loterie\/"},{"@type":"ListItem","position":3,"name":"Powerball ceny, pravidla a jackpot"}]},{"@type":"WebSite","@id":"https:\/\/lottomat.com\/cs\/#website","url":"https:\/\/lottomat.com\/cs\/","name":"Lottomat","description":"","potentialAction":[{"@type":"SearchAction","target":{"@type":"EntryPoint","urlTemplate":"https:\/\/lottomat.com\/cs\/?s={search_term_string}"},"query-input":{"@type":"PropertyValueSpecification","valueRequired":true,"valueName":"search_term_string"}}],"inLanguage":"cs"}]}},"_links":{"self":[{"href":"https:\/\/lottomat.com\/cs\/wp-json\/wp\/v2\/pages\/10611","targetHints":{"allow":["GET"]}}],"collection":[{"href":"https:\/\/lottomat.com\/cs\/wp-json\/wp\/v2\/pages"}],"about":[{"href":"https:\/\/lottomat.com\/cs\/wp-json\/wp\/v2\/types\/page"}],"author":[{"embeddable":true,"href":"https:\/\/lottomat.com\/cs\/wp-json\/wp\/v2\/users\/1"}],"replies":[{"embeddable":true,"href":"https:\/\/lottomat.com\/cs\/wp-json\/wp\/v2\/comments?post=10611"}],"version-history":[{"count":2,"href":"https:\/\/lottomat.com\/cs\/wp-json\/wp\/v2\/pages\/10611\/revisions"}],"predecessor-version":[{"id":270370,"href":"https:\/\/lottomat.com\/cs\/wp-json\/wp\/v2\/pages\/10611\/revisions\/270370"}],"up":[{"embeddable":true,"href":"https:\/\/lottomat.com\/cs\/wp-json\/wp\/v2\/pages\/6857"}],"wp:attachment":[{"href":"https:\/\/lottomat.com\/cs\/wp-json\/wp\/v2\/media?parent=10611"}],"curies":[{"name":"wp","href":"https:\/\/api.w.org\/{rel}","templated":true}]}}